{"id":6507,"date":"2025-02-21T10:09:05","date_gmt":"2025-02-21T02:09:05","guid":{"rendered":"https:\/\/www.qualitester.com\/?page_id=6507"},"modified":"2025-02-21T10:22:48","modified_gmt":"2025-02-21T02:22:48","slug":"packaging-leak-testing-equipment","status":"publish","type":"page","link":"https:\/\/www.qualitester.com\/lv\/packaging-leak-testing-equipment\/","title":{"rendered":"Packaging Leak Testing Equipment"},"content":{"rendered":"<div data-elementor-type=\"wp-page\" data-elementor-id=\"6507\" class=\"elementor elementor-6507\" data-elementor-post-type=\"page\">\n\t\t\t\t<div class=\"elementor-element elementor-element-581e39c e-con-full e-flex e-con e-parent\" data-id=\"581e39c\" data-element_type=\"container\">\n\t\t\t\t<div class=\"elementor-element elementor-element-f027200 elementor-widget elementor-widget-heading\" data-id=\"f027200\" data-element_type=\"widget\" data-widget_type=\"heading.default\">\n\t\t\t\t<div class=\"elementor-widget-container\">\n\t\t\t<h2 class=\"elementor-heading-title elementor-size-default\">Packaging Leak Testing Equipment<\/h2>\t\t<\/div>\n\t\t\t\t<\/div>\n\t\t\t\t<div class=\"elementor-element elementor-element-a717355 elementor-widget elementor-widget-text-editor\" data-id=\"a717355\" data-element_type=\"widget\" data-widget_type=\"text-editor.default\">\n\t\t\t\t<div class=\"elementor-widget-container\">\n\t\t\t\t\t\t\t<p data-start=\"127\" data-end=\"518\"><strong data-start=\"127\" data-end=\"260\">Packaging integrity is critical to safeguarding the quality, safety, and performance of your products throughout their lifecycle.<\/strong> At Qualitester, we specialize in providing a comprehensive range of <strong data-start=\"329\" data-end=\"365\">packaging leak testing equipment<\/strong> that is engineered to detect even the smallest leaks, ensuring your packaging not only meets but exceeds industry standards and regulatory requirements.<\/p><p data-start=\"520\" data-end=\"995\">Whether you&#8217;re in <strong data-start=\"538\" data-end=\"560\">food and beverages<\/strong>, <strong data-start=\"562\" data-end=\"581\">pharmaceuticals<\/strong>, <strong data-start=\"583\" data-end=\"596\">cosmetics<\/strong>, vai <strong data-start=\"601\" data-end=\"616\">elektronika<\/strong>, our <strong data-start=\"622\" data-end=\"648\">leak testing solutions<\/strong> are designed to optimize your production processes and protect your products from potential failure or contamination. <strong data-start=\"767\" data-end=\"802\">Reliable packaging leak testing<\/strong> helps you maintain the integrity of your products, preventing costly recalls and enhancing customer satisfaction by ensuring that each package performs as expected under real-world conditions.<\/p><p data-start=\"997\" data-end=\"1532\">Our diverse lineup of <strong data-start=\"1019\" data-end=\"1045\"><a href=\"https:\/\/www.qualitester.com\/lv\/produkta-kategorija\/test-items\/leak-tester\/\" target=\"_blank\" rel=\"noopener\">packaging leak tester<\/a>s<\/strong> is suitable for a wide variety of packaging materials, from rigid containers to flexible pouches and sealed medical devices. Each piece of equipment is tailored to specific needs, including <strong data-start=\"1236\" data-end=\"1265\">gross leak test equipment<\/strong> for detecting larger defects, and <strong data-start=\"1300\" data-end=\"1334\">leak and seal strength testers<\/strong> to evaluate the strength and durability of seals. With our advanced <strong data-start=\"1403\" data-end=\"1432\">leak detection technology<\/strong>, you can achieve quick, precise results and gain deeper insights into your packaging&#8217;s performance.<\/p>\t\t\t\t\t\t<\/div>\n\t\t\t\t<\/div>\n\t\t\t\t<\/div>\n\t\t<div class=\"elementor-element elementor-element-68d7531 e-con-full e-flex e-con e-parent\" data-id=\"68d7531\" data-element_type=\"container\">\n\t\t<div class=\"elementor-element elementor-element-6750cfd e-grid e-con-full e-con e-child\" data-id=\"6750cfd\" data-element_type=\"container\">\n\t\t\t\t<div class=\"elementor-element elementor-element-c33982b elementor-position-top elementor-widget elementor-widget-image-box\" data-id=\"c33982b\" data-element_type=\"widget\" data-widget_type=\"image-box.default\">\n\t\t\t\t<div class=\"elementor-widget-container\">\n\t\t\t<div class=\"elementor-image-box-wrapper\"><figure class=\"elementor-image-box-img\"><a href=\"https:\/\/www.qualitester.com\/lv\/products-2\/best-balloon-burst-tester-for-sale\/\" tabindex=\"-1\"><img fetchpriority=\"high\" decoding=\"async\" width=\"750\" height=\"750\" src=\"https:\/\/www.qualitester.com\/wp-content\/uploads\/2023\/06\/LSST-01-Leak-and-seal-strength-tester-for-closed-package-5.jpg\" class=\"attachment-full size-full wp-image-3864\" alt=\"packaging leak and seal strength testing equipment\" srcset=\"https:\/\/www.qualitester.com\/wp-content\/uploads\/2023\/06\/LSST-01-Leak-and-seal-strength-tester-for-closed-package-5.jpg 750w, https:\/\/www.qualitester.com\/wp-content\/uploads\/2023\/06\/LSST-01-Leak-and-seal-strength-tester-for-closed-package-5-300x300.jpg 300w, https:\/\/www.qualitester.com\/wp-content\/uploads\/2023\/06\/LSST-01-Leak-and-seal-strength-tester-for-closed-package-5-150x150.jpg 150w, https:\/\/www.qualitester.com\/wp-content\/uploads\/2023\/06\/LSST-01-Leak-and-seal-strength-tester-for-closed-package-5-600x600.jpg 600w, https:\/\/www.qualitester.com\/wp-content\/uploads\/2023\/06\/LSST-01-Leak-and-seal-strength-tester-for-closed-package-5-100x100.jpg 100w\" sizes=\"(max-width: 750px) 100vw, 750px\" \/><\/a><\/figure><div class=\"elementor-image-box-content\"><h3 class=\"elementor-image-box-title\"><a href=\"https:\/\/www.qualitester.com\/lv\/products-2\/best-balloon-burst-tester-for-sale\/\">Packaging Leak and Seal Strength Tester<\/a><\/h3><\/div><\/div>\t\t<\/div>\n\t\t\t\t<\/div>\n\t\t\t\t<div class=\"elementor-element elementor-element-3a62933 elementor-position-top elementor-widget elementor-widget-image-box\" data-id=\"3a62933\" data-element_type=\"widget\" data-widget_type=\"image-box.default\">\n\t\t\t\t<div class=\"elementor-widget-container\">\n\t\t\t<div class=\"elementor-image-box-wrapper\"><figure class=\"elementor-image-box-img\"><a href=\"https:\/\/www.qualitester.com\/lv\/products-2\/sale-gross-bubble-leak-test-equipment\/\" tabindex=\"-1\"><img decoding=\"async\" width=\"1000\" height=\"1000\" src=\"https:\/\/www.qualitester.com\/wp-content\/uploads\/2024\/10\/Bubble-Leak-Test-Equipment-ASTM-F2096-Gross-Leak-Testing.jpg\" class=\"attachment-full size-full wp-image-6150\" alt=\"Burbu\u013cu nopl\u016bdes testa apr\u012bkojums ASTM F2096 Bruto nopl\u016bdes test\u0113\u0161ana\" srcset=\"https:\/\/www.qualitester.com\/wp-content\/uploads\/2024\/10\/Bubble-Leak-Test-Equipment-ASTM-F2096-Gross-Leak-Testing.jpg 1000w, https:\/\/www.qualitester.com\/wp-content\/uploads\/2024\/10\/Bubble-Leak-Test-Equipment-ASTM-F2096-Gross-Leak-Testing-300x300.jpg 300w, https:\/\/www.qualitester.com\/wp-content\/uploads\/2024\/10\/Bubble-Leak-Test-Equipment-ASTM-F2096-Gross-Leak-Testing-150x150.jpg 150w, https:\/\/www.qualitester.com\/wp-content\/uploads\/2024\/10\/Bubble-Leak-Test-Equipment-ASTM-F2096-Gross-Leak-Testing-768x768.jpg 768w, https:\/\/www.qualitester.com\/wp-content\/uploads\/2024\/10\/Bubble-Leak-Test-Equipment-ASTM-F2096-Gross-Leak-Testing-600x600.jpg 600w, https:\/\/www.qualitester.com\/wp-content\/uploads\/2024\/10\/Bubble-Leak-Test-Equipment-ASTM-F2096-Gross-Leak-Testing-100x100.jpg 100w\" sizes=\"(max-width: 1000px) 100vw, 1000px\" \/><\/a><\/figure><div class=\"elementor-image-box-content\"><h3 class=\"elementor-image-box-title\"><a href=\"https:\/\/www.qualitester.com\/lv\/products-2\/sale-gross-bubble-leak-test-equipment\/\">Packaging Gross Leak Tester<\/a><\/h3><\/div><\/div>\t\t<\/div>\n\t\t\t\t<\/div>\n\t\t\t\t<div class=\"elementor-element elementor-element-5c37e09 elementor-position-top elementor-widget elementor-widget-image-box\" data-id=\"5c37e09\" data-element_type=\"widget\" data-widget_type=\"image-box.default\">\n\t\t\t\t<div class=\"elementor-widget-container\">\n\t\t\t<div class=\"elementor-image-box-wrapper\"><figure class=\"elementor-image-box-img\"><a href=\"https:\/\/www.qualitester.com\/lv\/products-2\/lt-01-leak-tester\/\" tabindex=\"-1\"><img decoding=\"async\" width=\"750\" height=\"750\" src=\"https:\/\/www.qualitester.com\/wp-content\/uploads\/2023\/07\/LT-01-Leak-Tester-2.jpg\" class=\"attachment-full size-full wp-image-4059\" alt=\"ASTM D3078 Leak Tester\" srcset=\"https:\/\/www.qualitester.com\/wp-content\/uploads\/2023\/07\/LT-01-Leak-Tester-2.jpg 750w, https:\/\/www.qualitester.com\/wp-content\/uploads\/2023\/07\/LT-01-Leak-Tester-2-300x300.jpg 300w, https:\/\/www.qualitester.com\/wp-content\/uploads\/2023\/07\/LT-01-Leak-Tester-2-150x150.jpg 150w, https:\/\/www.qualitester.com\/wp-content\/uploads\/2023\/07\/LT-01-Leak-Tester-2-600x600.jpg 600w, https:\/\/www.qualitester.com\/wp-content\/uploads\/2023\/07\/LT-01-Leak-Tester-2-100x100.jpg 100w\" sizes=\"(max-width: 750px) 100vw, 750px\" \/><\/a><\/figure><div class=\"elementor-image-box-content\"><h3 class=\"elementor-image-box-title\"><a href=\"https:\/\/www.qualitester.com\/lv\/products-2\/lt-01-leak-tester\/\">LT-01 Packaging Leak Tester<\/a><\/h3><\/div><\/div>\t\t<\/div>\n\t\t\t\t<\/div>\n\t\t\t\t<div class=\"elementor-element elementor-element-1d03207 elementor-position-top elementor-widget elementor-widget-image-box\" data-id=\"1d03207\" data-element_type=\"widget\" data-widget_type=\"image-box.default\">\n\t\t\t\t<div class=\"elementor-widget-container\">\n\t\t\t<div class=\"elementor-image-box-wrapper\"><figure class=\"elementor-image-box-img\"><a href=\"https:\/\/www.qualitester.com\/lv\/products-2\/leak-tester-lt-02\/\" tabindex=\"-1\"><img loading=\"lazy\" decoding=\"async\" width=\"750\" height=\"750\" src=\"https:\/\/www.qualitester.com\/wp-content\/uploads\/2023\/04\/LT-02-Leak-Tester-01.jpg\" class=\"attachment-full size-full wp-image-3905\" alt=\"ASTM D3078 Leak Tester\" srcset=\"https:\/\/www.qualitester.com\/wp-content\/uploads\/2023\/04\/LT-02-Leak-Tester-01.jpg 750w, https:\/\/www.qualitester.com\/wp-content\/uploads\/2023\/04\/LT-02-Leak-Tester-01-300x300.jpg 300w, https:\/\/www.qualitester.com\/wp-content\/uploads\/2023\/04\/LT-02-Leak-Tester-01-150x150.jpg 150w, https:\/\/www.qualitester.com\/wp-content\/uploads\/2023\/04\/LT-02-Leak-Tester-01-600x600.jpg 600w, https:\/\/www.qualitester.com\/wp-content\/uploads\/2023\/04\/LT-02-Leak-Tester-01-100x100.jpg 100w\" sizes=\"(max-width: 750px) 100vw, 750px\" \/><\/a><\/figure><div class=\"elementor-image-box-content\"><h3 class=\"elementor-image-box-title\"><a href=\"https:\/\/www.qualitester.com\/lv\/products-2\/leak-tester-lt-02\/\">LT-02 Packaging Leak Tester<\/a><\/h3><\/div><\/div>\t\t<\/div>\n\t\t\t\t<\/div>\n\t\t\t\t<div class=\"elementor-element elementor-element-d1c6f95 elementor-position-top elementor-widget elementor-widget-image-box\" data-id=\"d1c6f95\" data-element_type=\"widget\" data-widget_type=\"image-box.default\">\n\t\t\t\t<div class=\"elementor-widget-container\">\n\t\t\t<div class=\"elementor-image-box-wrapper\"><figure class=\"elementor-image-box-img\"><a href=\"https:\/\/www.qualitester.com\/lv\/products-2\/lt-03-seal-strength-testing-machine\/\" tabindex=\"-1\"><img loading=\"lazy\" decoding=\"async\" width=\"750\" height=\"750\" src=\"https:\/\/www.qualitester.com\/wp-content\/uploads\/2023\/04\/LT-03-Leak-Tester-04-1.jpg\" class=\"attachment-full size-full wp-image-3886\" alt=\"\" srcset=\"https:\/\/www.qualitester.com\/wp-content\/uploads\/2023\/04\/LT-03-Leak-Tester-04-1.jpg 750w, https:\/\/www.qualitester.com\/wp-content\/uploads\/2023\/04\/LT-03-Leak-Tester-04-1-300x300.jpg 300w, https:\/\/www.qualitester.com\/wp-content\/uploads\/2023\/04\/LT-03-Leak-Tester-04-1-150x150.jpg 150w, https:\/\/www.qualitester.com\/wp-content\/uploads\/2023\/04\/LT-03-Leak-Tester-04-1-600x600.jpg 600w, https:\/\/www.qualitester.com\/wp-content\/uploads\/2023\/04\/LT-03-Leak-Tester-04-1-100x100.jpg 100w\" sizes=\"(max-width: 750px) 100vw, 750px\" \/><\/a><\/figure><div class=\"elementor-image-box-content\"><h3 class=\"elementor-image-box-title\"><a href=\"https:\/\/www.qualitester.com\/lv\/products-2\/lt-03-seal-strength-testing-machine\/\">LT-03 Packaging Leak Tester<\/a><\/h3><\/div><\/div>\t\t<\/div>\n\t\t\t\t<\/div>\n\t\t\t\t<\/div>\n\t\t\t\t<\/div>\n\t\t\t\t<\/div>","protected":false},"excerpt":{"rendered":"<p>Packaging Leak Testing Equipment Packaging integrity is critical to safeguarding the quality, safety, and performance of your products throughout their lifecycle. At Qualitester, we specialize in providing a comprehensive range of packaging leak testing equipment that is engineered to detect even the smallest leaks, ensuring your packaging not only meets but exceeds industry standards and &hellip;<\/p>\n<p class=\"read-more\"> <a class=\"\" href=\"https:\/\/www.qualitester.com\/lv\/packaging-leak-testing-equipment\/\"> <span class=\"screen-reader-text\">Packaging Leak Testing Equipment<\/span> Las\u012bt vair\u0101k \"<\/a><\/p>","protected":false},"author":4,"featured_media":0,"parent":0,"menu_order":0,"comment_status":"closed","ping_status":"closed","template":"","meta":{"site-sidebar-layout":"no-sidebar","site-content-layout":"page-builder","ast-global-header-display":"","ast-main-header-display":"","ast-hfb-above-header-display":"","ast-hfb-below-header-display":"","ast-hfb-mobile-header-display":"","site-post-title":"disabled","ast-breadcrumbs-content":"","ast-featured-img":"disabled","footer-sml-layout":"","theme-transparent-header-meta":"default","adv-header-id-meta":"","stick-header-meta":"","header-above-stick-meta":"","header-main-stick-meta":"","header-below-stick-meta":"","footnotes":""},"class_list":["post-6507","page","type-page","status-publish","hentry"],"_links":{"self":[{"href":"https:\/\/www.qualitester.com\/lv\/wp-json\/wp\/v2\/pages\/6507","targetHints":{"allow":["GET"]}}],"collection":[{"href":"https:\/\/www.qualitester.com\/lv\/wp-json\/wp\/v2\/pages"}],"about":[{"href":"https:\/\/www.qualitester.com\/lv\/wp-json\/wp\/v2\/types\/page"}],"author":[{"embeddable":true,"href":"https:\/\/www.qualitester.com\/lv\/wp-json\/wp\/v2\/users\/4"}],"replies":[{"embeddable":true,"href":"https:\/\/www.qualitester.com\/lv\/wp-json\/wp\/v2\/comments?post=6507"}],"version-history":[{"count":0,"href":"https:\/\/www.qualitester.com\/lv\/wp-json\/wp\/v2\/pages\/6507\/revisions"}],"wp:attachment":[{"href":"https:\/\/www.qualitester.com\/lv\/wp-json\/wp\/v2\/media?parent=6507"}],"curies":[{"name":"wp","href":"https:\/\/api.w.org\/{rel}","templated":true}]}}