{"id":7508,"date":"2025-10-10T16:06:20","date_gmt":"2025-10-10T08:06:20","guid":{"rendered":"https:\/\/www.qualitester.com\/?post_type=product&#038;p=7508"},"modified":"2025-10-10T16:06:21","modified_gmt":"2025-10-10T08:06:21","slug":"tennis-ball-compression-tester","status":"publish","type":"product","link":"https:\/\/www.qualitester.com\/lt\/produktas-2\/tennis-ball-compression-tester\/","title":{"rendered":"TBCT-01 Teniso kamuoliuk\u0173 suspaudimo testeris"},"content":{"rendered":"<p data-start=\"459\" data-end=\"877\">Profesionalaus ir pramoginio teniso pasaulyje, <strong data-start=\"513\" data-end=\"533\">kamuolio konsistencija<\/strong> atlieka svarb\u0173 vaidmen\u012f u\u017etikrinant s\u0105\u017eining\u0105 \u017eaidim\u0105 ir sportinink\u0173 rezultatus. Kad tai pasiekt\u0173, gamintojai ir kokyb\u0117s inspektoriai pasikliauja tikslia testavimo \u012franga, pvz. <strong data-start=\"699\" data-end=\"733\">Teniso kamuoliuk\u0173 suspaudimo testeris<\/strong>. \u0160is prietaisas \u012fvertina, kiek teniso kamuoliukas deformuojasi veikiamas tam tikros j\u0117gos, atspind\u0117damas jo <strong data-start=\"831\" data-end=\"874\">elastingumas, atsparumas ir \u017eaismingumas<\/strong>.<\/p>\n<p data-start=\"879\" data-end=\"1156\">Pagal <strong data-start=\"896\" data-end=\"937\">Tarptautin\u0117 teniso federacija (ITF)<\/strong> ir <strong data-start=\"942\" data-end=\"955\">GBT 20045<\/strong>, suspaudimo bandymas yra vienas svarbiausi\u0173 teniso kamuoliuk\u0173 kokyb\u0117s rodikli\u0173. Per mink\u0161tas arba per kietas kamuoliukas gali tur\u0117ti didel\u0117s \u012ftakos \u017eaidimui ir neatitinka sertifikavimo standart\u0173.<\/p>\n<hr data-start=\"1158\" data-end=\"1161\" \/>\n<h2 data-start=\"3930\" data-end=\"4003\">\"Cell Instruments\" TBCT-01 teniso kamuoliuk\u0173 suspaudimo testeris<\/h2>\n<p data-start=\"4005\" data-end=\"4202\">Laboratorijoms ir gamintojams, ie\u0161kantiems profesionalaus ir reikalavimus atitinkan\u010dio sprendimo, skirtas <strong data-start=\"4091\" data-end=\"4150\">\"Cell Instruments\" TBCT-01 teniso kamuoliuk\u0173 suspaudimo testeris<\/strong> si\u016blo patikim\u0105 ir automatizuot\u0105 testavimo platform\u0105.<img fetchpriority=\"high\" decoding=\"async\" class=\"size-medium wp-image-7510 alignright\" src=\"https:\/\/www.qualitester.com\/wp-content\/uploads\/2025\/10\/TBCT-01-Tennis-Ball-Compression-Tester-300x300.jpg\" alt=\"TBCT-01 Teniso kamuoliuk\u0173 suspaudimo testeris\" width=\"300\" height=\"300\" srcset=\"https:\/\/www.qualitester.com\/wp-content\/uploads\/2025\/10\/TBCT-01-Tennis-Ball-Compression-Tester-300x300.jpg 300w, https:\/\/www.qualitester.com\/wp-content\/uploads\/2025\/10\/TBCT-01-Tennis-Ball-Compression-Tester-150x150.jpg 150w, https:\/\/www.qualitester.com\/wp-content\/uploads\/2025\/10\/TBCT-01-Tennis-Ball-Compression-Tester-12x12.jpg 12w, https:\/\/www.qualitester.com\/wp-content\/uploads\/2025\/10\/TBCT-01-Tennis-Ball-Compression-Tester-100x100.jpg 100w, https:\/\/www.qualitester.com\/wp-content\/uploads\/2025\/10\/TBCT-01-Tennis-Ball-Compression-Tester.jpg 600w\" sizes=\"(max-width: 300px) 100vw, 300px\" \/><\/p>\n<p data-start=\"4204\" data-end=\"4233\"><strong data-start=\"4204\" data-end=\"4231\">Pagrindiniai privalumai:<\/strong><\/p>\n<ul>\n<li data-start=\"4236\" data-end=\"4298\"><strong data-start=\"4236\" data-end=\"4255\">Visi\u0161kas atitikimas<\/strong> su <strong data-start=\"4261\" data-end=\"4274\">GBT 20045<\/strong> ir <strong data-start=\"4279\" data-end=\"4295\">ITF TB 03\/01<\/strong>.<\/li>\n<li data-start=\"4301\" data-end=\"4364\"><strong data-start=\"4301\" data-end=\"4333\">Didelio tikslumo j\u0117gos jutikliai<\/strong> deformacijai matuoti.<\/li>\n<li data-start=\"4367\" data-end=\"4459\"><strong data-start=\"4367\" data-end=\"4403\">Patogi programin\u0117s \u012frangos s\u0105saja<\/strong> automatiniam duomen\u0173 rinkimui ir ataskait\u0173 generavimui.<\/li>\n<li data-start=\"4462\" data-end=\"4537\"><strong data-start=\"4462\" data-end=\"4500\">Nuosekli kontrol\u0117 prie\u0161 suspaudim\u0105<\/strong>, pa\u0161alinant operatoriaus kintamum\u0105.<\/li>\n<li data-start=\"4540\" data-end=\"4611\"><strong data-start=\"4540\" data-end=\"4558\">Patvarus dizainas<\/strong> tinka nuolatiniam naudojimui laboratorijoje arba gamykloje.<\/li>\n<\/ul>\n<p><strong>Pagrindinis parametras:<\/strong><\/p>\n<table style=\"height: 396px;\" width=\"361\">\n<tbody>\n<tr>\n<td width=\"167\">Bandym\u0173 diapazonas<\/td>\n<td width=\"337\">20 kg<\/td>\n<\/tr>\n<tr>\n<td width=\"167\">Insultas<\/td>\n<td width=\"337\">250 mm (be plok\u0161\u010di\u0173)<\/td>\n<\/tr>\n<tr>\n<td width=\"167\">Greitis<\/td>\n<td width=\"337\">1-500 mm\/min (reguliuojamas)<\/td>\n<\/tr>\n<tr>\n<td width=\"167\">I\u0161st\u016bmimo tikslumas<\/td>\n<td width=\"337\">+\/-0,01 mm<\/td>\n<\/tr>\n<tr>\n<td width=\"167\">J\u0117gos tikslumas<\/td>\n<td width=\"337\">\u00b10,5 % F.S.<\/td>\n<\/tr>\n<tr>\n<td width=\"167\">Plok\u0161t\u0117s skersmuo<\/td>\n<td width=\"337\">70 mm (iki 100 mm)<\/td>\n<\/tr>\n<tr>\n<td width=\"167\">Valdymas ir vartotojo s\u0105saja<\/td>\n<td width=\"337\">PLC + 7\u2033 HMI jutiklinis ekranas<\/td>\n<\/tr>\n<tr>\n<td width=\"167\">Duomen\u0173 i\u0161vestis<\/td>\n<td width=\"337\">Ekranas, mikroprinteris (pasirinktinai), RS-232 (pasirinktinai, PDF eksportas)<\/td>\n<\/tr>\n<tr>\n<td width=\"167\">Maitinimas<\/td>\n<td width=\"337\">110~220 V kintamosios srov\u0117s 50\/60 Hz<\/td>\n<\/tr>\n<\/tbody>\n<\/table>\n<p data-start=\"4613\" data-end=\"4810\">Integruodami TBCT-01 \u012f gamybos ar tikrinimo procesus, naudotojai gali u\u017etikrinti, kad kiekvienas rutuliukas atitikt\u0173 <strong data-start=\"4715\" data-end=\"4754\">tarptautiniai tinkamumo \u017eaisti standartai<\/strong>, taip padidinant gaminio patikimum\u0105 ir prek\u0117s \u017eenklo patikimum\u0105.<\/p>\n<hr data-start=\"4812\" data-end=\"4815\" \/>\n<h2 data-start=\"1163\" data-end=\"1217\">Teniso kamuoliuko suspaudimo testerio svarba<\/h2>\n<p data-start=\"1219\" data-end=\"1516\">A <strong data-start=\"1221\" data-end=\"1255\">Teniso kamuoliuk\u0173 suspaudimo testeris<\/strong> u\u017etikrina, kad kiekvienas rutuliukas atitikt\u0173 standartines deformacijos specifikacijas kontroliuojamomis s\u0105lygomis. Deformacija atspindi pusiausvyr\u0105 tarp vidinio sl\u0117gio ir gumos elastingumo, kuris tiesiogiai veikia <strong data-start=\"1464\" data-end=\"1501\">greitis, at\u0161okimo auk\u0161tis ir valdymas<\/strong> \u017eaidimo metu.<\/p>\n<p data-start=\"1518\" data-end=\"1914\">Pavyzd\u017eiui, profesionaliuose teniso turnyruose pripa\u017e\u012fstami tik tie kamuoliukai, kurie atitinka <strong data-start=\"1596\" data-end=\"1619\">ITF teniso taisykl\u0117s<\/strong> suspaudimui ir at\u0161okimui. Neatitinkantys reikalavim\u0173 kamuoliukai gali pakeisti rung\u010di\u0173 greit\u012f arba sukurti nes\u0105\u017eining\u0105 prana\u0161um\u0105 aik\u0161tel\u0117je. Tod\u0117l tiksl\u016bs bandymai b\u016btini ne tik gamintojams, bet ir <strong data-start=\"1818\" data-end=\"1872\">turnyr\u0173 organizatoriai, kokyb\u0117s kontrol\u0117s agent\u016bros<\/strong>, ir <strong data-start=\"1878\" data-end=\"1911\">sporto \u012frangos laboratorijos<\/strong>.<\/p>\n<hr data-start=\"1916\" data-end=\"1919\" \/>\n<h2 data-start=\"1921\" data-end=\"1958\">Bandymo principas ir proced\u016bra<\/h2>\n<p data-start=\"1960\" data-end=\"2144\">Testavimo principas yra i\u0161vestas i\u0161 <strong data-start=\"2002\" data-end=\"2042\">Deformacijos bandymo metodas ITF TB 03\/01<\/strong>, taip pat nurodyta <strong data-start=\"2062\" data-end=\"2075\">GBT 20045<\/strong>, kuriame apibr\u0117\u017eiamas mechaninis teniso kamuoliuk\u0173 suspaudimo procesas.<\/p>\n<p data-start=\"2146\" data-end=\"2392\">Prie\u0161 matuojant kamuoliukas <strong data-start=\"2178\" data-end=\"2196\">i\u0161 anksto suspaustas<\/strong> per atstum\u0105 <strong data-start=\"2219\" data-end=\"2239\">2,54 cm (1 colis)<\/strong> tris kartus i\u0161ilgai kiekvienos i\u0161 trij\u0173 statmen\u0173 a\u0161i\u0173. \u0160is pirminio paruo\u0161imo procesas pa\u0161alina kamuoliuko \u201cset\u0105\u201d ir u\u017etikrina nuoseklius bandymo rezultatus.<\/p>\n<p data-start=\"2394\" data-end=\"2430\">Baigus paruo\u0161iamuosius darbus:<\/p>\n<ol>\n<li data-start=\"2435\" data-end=\"2515\">Kamuolys yra tarp <strong data-start=\"2462\" data-end=\"2486\">dvi lygiagre\u010dios plok\u0161t\u0117s<\/strong> kompresijos testerio.<\/li>\n<li data-start=\"2519\" data-end=\"2589\">A <strong data-start=\"2521\" data-end=\"2544\">i\u0161 anksto nustatyta j\u0117ga<\/strong> veikia i\u0161ilgai rutulio skersmens.<\/li>\n<li data-start=\"2593\" data-end=\"2668\">Gautas <strong data-start=\"2607\" data-end=\"2641\">priekin\u0117 ir atgalin\u0117 deformacija<\/strong> matuojami tiksliai.<\/li>\n<li data-start=\"2672\" data-end=\"2746\">Vert\u0117s lyginamos su ITF ir GBT 20045 nustatytais standartiniais intervalais.<\/li>\n<\/ol>\n<p data-start=\"2748\" data-end=\"2908\">Kad kamuoliukas gal\u0117t\u0173 b\u016bti naudojamas turnyre, jis taip pat turi praeiti pro kamuoliuk\u0105 arba b\u016bti apribotas <strong data-start=\"2829\" data-end=\"2853\">specifiniai \u017eied\u0173 matuokliai<\/strong> nuo savo svorio, u\u017etikrinant matmen\u0173 tikslum\u0105:<\/p>\n<ul>\n<li data-start=\"2912\" data-end=\"2985\"><strong data-start=\"2912\" data-end=\"2932\">1 ir 2 tipo rutuliukas:<\/strong> Turi praeiti pro 6,86 cm, bet ne pro 6,54 cm.<\/li>\n<li data-start=\"2988\" data-end=\"3057\"><strong data-start=\"2988\" data-end=\"3004\">Kamuolio tipas 3:<\/strong> Turi praeiti pro 7,30 cm, bet ne pro 7,00 cm.<\/li>\n<li data-start=\"3060\" data-end=\"3138\"><strong data-start=\"3060\" data-end=\"3085\">1 etapas (\u017ealiasis kamuolys):<\/strong> Turi praeiti pro 6,86 cm, bet ne pro 6,30 cm.<\/li>\n<\/ul>\n<p data-start=\"3140\" data-end=\"3247\">\u0160ie tiksl\u016bs leistini nuokrypiai u\u017etikrina vienodas skersmens ir deformacijos savybes visose gamybos partijose.<\/p>\n<hr data-start=\"3249\" data-end=\"3252\" \/>\n<h2 data-start=\"3254\" data-end=\"3295\">Ry\u0161ys su ITF taisykl\u0117mis ir GBT 20045<\/h2>\n<p data-start=\"3297\" data-end=\"3524\">Tiek <strong data-start=\"3306\" data-end=\"3329\">ITF teniso taisykl\u0117s<\/strong> ir <strong data-start=\"3334\" data-end=\"3347\">GBT 20045<\/strong> pabr\u0117\u017eia, kad rutulio deformacija turi b\u016bti bandoma naudojant patvirtint\u0105 suspaudimo prietais\u0105, pvz. <strong data-start=\"3442\" data-end=\"3470\">modifikuota Stevens ma\u0161ina<\/strong> arba lygiavertis. Kompresijos testeris turi tur\u0117ti:<\/p>\n<ul>\n<li data-start=\"3528\" data-end=\"3585\">Du <strong data-start=\"3532\" data-end=\"3553\">vienodos plok\u0161t\u0117s<\/strong> i\u0161lyginti a\u0161ine kryptimi ir lygiagre\u010diai.<\/li>\n<li data-start=\"3588\" data-end=\"3671\">A <strong data-start=\"3590\" data-end=\"3616\">j\u0117gos matavimo prietaisas<\/strong> galintys registruoti deformacij\u0105 veikiant apkrovai.<\/li>\n<li data-start=\"3674\" data-end=\"3744\">Tvirta ir kalibruota konstrukcija, u\u017etikrinanti matavimo pakartojamum\u0105.<\/li>\n<\/ul>\n<p data-start=\"3746\" data-end=\"3923\">Svetain\u0117 <strong data-start=\"3750\" data-end=\"3784\">Teniso kamuoliuk\u0173 deformacijos testeris<\/strong> Remiantis \u0161iais principais, gaunami tiksl\u016bs, atkuriami duomenys, kurie yra labai svarb\u016bs tikrinant kamuolio atitikt\u012f <strong data-start=\"3891\" data-end=\"3920\">ITF patvirtinimo reikalavimai<\/strong>.<\/p>\n<hr data-start=\"3925\" data-end=\"3928\" \/>\n<h2 data-start=\"4817\" data-end=\"4854\">Kod\u0117l svarbus suspaudimo bandymas<\/h2>\n<p data-start=\"4856\" data-end=\"5149\">Atliekant suspaudimo bandymus gaunami objektyv\u016bs duomenys apie <strong data-start=\"4907\" data-end=\"4928\">poj\u016btis ir reakcija<\/strong> teniso kamuoliuko. Per didel\u0117 deformacija rei\u0161kia, kad kamuoliukas <strong data-start=\"4986\" data-end=\"4998\">per mink\u0161tas<\/strong>, tod\u0117l greitis yra ma\u017eesnis ir atoveiksmis ma\u017eesnis. Per ma\u017ea deformacija rodo, kad <strong data-start=\"5075\" data-end=\"5092\">per didelis kietumas<\/strong>, tod\u0117l gali padid\u0117ti \u017eaid\u0117j\u0173 nuovargis ir suma\u017e\u0117ti kontrol\u0117.<\/p>\n<p data-start=\"5151\" data-end=\"5446\">Per <strong data-start=\"5163\" data-end=\"5197\">Teniso kamuoliuk\u0173 suspaudimo testeris<\/strong>, \u0161iuos subtilius skirtumus galima kiekybi\u0161kai \u012fvertinti ir i\u0161taisyti gamybos prad\u017eioje. \u0160is bandym\u0173 metodas padeda gamintojams i\u0161laikyti stabil\u0173 eksploatacini\u0173 savybi\u0173 profil\u012f visose partijose, o tai yra esminis ITF sertifikavimo ir klient\u0173 pasitenkinimo reikalavimas.<\/p>\n<hr data-start=\"5448\" data-end=\"5451\" \/>\n<p data-start=\"5471\" data-end=\"5769\">Svetain\u0117 <strong data-start=\"5475\" data-end=\"5509\">Teniso kamuoliuk\u0173 suspaudimo testeris<\/strong> yra b\u016btinas teniso kamuoliuk\u0173 strukt\u016briniam vientisumui ir vienodoms eksploatacin\u0117ms savyb\u0117ms u\u017etikrinti. Laikydamiesi <strong data-start=\"5624\" data-end=\"5647\">ITF teniso taisykl\u0117s<\/strong> ir <strong data-start=\"5652\" data-end=\"5665\">GBT 20045<\/strong>, gamintojai gali dr\u0105siai gaminti tarptautinius standartus atitinkan\u010dius kamuolius, skirtus profesionaliam \u017eaidimui.<\/p>\n<p data-start=\"5771\" data-end=\"5961\">Organizacijoms, ie\u0161kan\u010dioms patikim\u0173, tiksli\u0173 ir reikalavimus atitinkan\u010di\u0173 testavimo sprendim\u0173, skirtas <strong data-start=\"5856\" data-end=\"5884\">\"Cell Instruments\" TBCT-01<\/strong> yra idealus pasirinkimas, nes suderina tikslum\u0105, efektyvum\u0105 ir patikimum\u0105.<\/p>","protected":false},"excerpt":{"rendered":"<p>Profesionalaus ir pramoginio teniso pasaulyje kamuoliuko pastovumas yra labai svarbus u\u017etikrinant s\u0105\u017eining\u0105 \u017eaidim\u0105 ir sportinink\u0173 rezultatus. Kad tai pasiekt\u0173, gamintojai ir kokyb\u0117s inspektoriai pasikliauja tikslia testavimo \u012franga, pavyzd\u017eiui, teniso kamuoliuk\u0173 suspaudimo testeriu. \u0160is prietaisas \u012fvertina, kiek teniso kamuoliukas deformuojasi veikiamas tam tikros j\u0117gos, atspind\u0117damas jo elastingum\u0105, ...<\/p>\n<p class=\"read-more\"> <a class=\"\" href=\"https:\/\/www.qualitester.com\/lt\/produktas-2\/tennis-ball-compression-tester\/\"> <span class=\"screen-reader-text\">TBCT-01 Teniso kamuoliuk\u0173 suspaudimo testeris<\/span> Skaityti daugiau \"<\/a><\/p>","protected":false},"featured_media":7510,"comment_status":"closed","ping_status":"closed","template":"","meta":{"site-sidebar-layout":"default","site-content-layout":"default","ast-global-header-display":"","ast-main-header-display":"","ast-hfb-above-header-display":"","ast-hfb-below-header-display":"","ast-hfb-mobile-header-display":"","site-post-title":"","ast-breadcrumbs-content":"","ast-featured-img":"","footer-sml-layout":"","theme-transparent-header-meta":"default","adv-header-id-meta":"","stick-header-meta":"","header-above-stick-meta":"","header-main-stick-meta":"","header-below-stick-meta":""},"product_cat":[1186],"product_tag":[],"class_list":{"0":"post-7508","1":"product","2":"type-product","3":"status-publish","4":"has-post-thumbnail","6":"product_cat-compression-tester","7":"desktop-align-left","8":"tablet-align-left","9":"mobile-align-left","11":"first","12":"instock","13":"shipping-taxable","14":"product-type-simple"},"_links":{"self":[{"href":"https:\/\/www.qualitester.com\/lt\/wp-json\/wp\/v2\/product\/7508","targetHints":{"allow":["GET"]}}],"collection":[{"href":"https:\/\/www.qualitester.com\/lt\/wp-json\/wp\/v2\/product"}],"about":[{"href":"https:\/\/www.qualitester.com\/lt\/wp-json\/wp\/v2\/types\/product"}],"replies":[{"embeddable":true,"href":"https:\/\/www.qualitester.com\/lt\/wp-json\/wp\/v2\/comments?post=7508"}],"version-history":[{"count":0,"href":"https:\/\/www.qualitester.com\/lt\/wp-json\/wp\/v2\/product\/7508\/revisions"}],"wp:featuredmedia":[{"embeddable":true,"href":"https:\/\/www.qualitester.com\/lt\/wp-json\/wp\/v2\/media\/7510"}],"wp:attachment":[{"href":"https:\/\/www.qualitester.com\/lt\/wp-json\/wp\/v2\/media?parent=7508"}],"wp:term":[{"taxonomy":"product_cat","embeddable":true,"href":"https:\/\/www.qualitester.com\/lt\/wp-json\/wp\/v2\/product_cat?post=7508"},{"taxonomy":"product_tag","embeddable":true,"href":"https:\/\/www.qualitester.com\/lt\/wp-json\/wp\/v2\/product_tag?post=7508"}],"curies":[{"name":"wp","href":"https:\/\/api.w.org\/{rel}","templated":true}]}}