{"id":6887,"date":"2025-07-14T16:04:43","date_gmt":"2025-07-14T08:04:43","guid":{"rendered":"https:\/\/www.qualitester.com\/?post_type=product&#038;p=6887"},"modified":"2025-07-14T16:04:44","modified_gmt":"2025-07-14T08:04:44","slug":"lamination-factor-tester","status":"publish","type":"product","link":"https:\/\/www.qualitester.com\/lt\/produktas-2\/lamination-factor-tester\/","title":{"rendered":"FTT-02 laminavimo faktoriaus testeris"},"content":{"rendered":"<p data-start=\"898\" data-end=\"1494\">Gaminant magnetines med\u017eiagas, pavyzd\u017eiui, elektrin\u012f plien\u0105 ir amorfines juostas, <strong data-start=\"985\" data-end=\"1006\">laminavimo koeficientas<\/strong> atlieka svarb\u0173 vaidmen\u012f nustatant med\u017eiagos kokyb\u0119. Ji turi \u012ftakos varikli\u0173, transformatori\u0173 ir kit\u0173 elektromagnetini\u0173 komponent\u0173 efektyvumui. Norint \u012fvertinti \u0161\u012f svarb\u0173 parametr\u0105, reikia <strong data-start=\"1185\" data-end=\"1213\">laminavimo faktoriaus testeris<\/strong> si\u016blo tiksl\u0173, standartizuot\u0105 matavimo metod\u0105.<\/p>\n<h2 data-start=\"1501\" data-end=\"1555\">Kas yra laminavimo koeficientas ir kod\u0117l jis svarbus?<\/h2>\n<p data-start=\"1557\" data-end=\"1870\"><strong data-start=\"1557\" data-end=\"1578\">Laminavimo koeficientas<\/strong>-taip pat \u017einomas kaip <strong data-start=\"1593\" data-end=\"1623\">laminavimo krovimo koeficientas<\/strong> arba <strong data-start=\"1627\" data-end=\"1643\">erdv\u0117s faktorius<\/strong>-tai tikrojo metalo t\u016brio santykis su tariamuoju sukraut\u0173 metalo juosteli\u0173 rinkinio t\u016briu. Jis parodo, kaip efektyviai med\u017eiaga supakuota, atsi\u017evelgiant \u012f pavir\u0161iaus \u0161iurk\u0161tumo, dang\u0173 ir tu\u0161tum\u0173 tarp sluoksni\u0173 poveik\u012f.<\/p>\n<p data-start=\"1872\" data-end=\"2095\">Naudojant magnetines \u0161erdis, auk\u0161tas sluoksniavimo koeficientas suma\u017eina energijos nuostolius ir pagerina eksploatacines savybes. Tod\u0117l tai yra labai svarbus kokyb\u0117s u\u017etikrinimo parametras. <strong data-start=\"2045\" data-end=\"2094\">elektrotechnikos, elektronikos ir varikli\u0173 pramon\u0117<\/strong>.<\/p>\n<h2 data-start=\"2102\" data-end=\"2153\">Laminavimo faktoriaus testerio veikimo principas<\/h2>\n<p data-start=\"2155\" data-end=\"2349\">A <strong data-start=\"2157\" data-end=\"2185\">laminavimo faktoriaus testeris<\/strong> nustatomas krovimo \u012f kr\u016bv\u0105 efektyvumas, lyginant i\u0161matuot\u0105 kr\u016bvos t\u016br\u012f veikiant sl\u0117giui su apskai\u010diuotu kietuoju t\u016briu pagal med\u017eiagos mas\u0119 ir tank\u012f.<\/p>\n<p data-start=\"2351\" data-end=\"2378\"><strong data-start=\"2351\" data-end=\"2378\">Pagrindiniai bandymo etapai:<\/strong><\/p>\n<ul>\n<li data-start=\"2382\" data-end=\"2433\">Magnetin\u0117s med\u017eiagos pjaustymas vienodomis juostel\u0117mis<\/li>\n<li data-start=\"2436\" data-end=\"2470\">Juosteli\u0173 sud\u0117jimas \u012f vien\u0105 eil\u0119<\/li>\n<li data-start=\"2473\" data-end=\"2520\">Standartinio sl\u0117gio taikymas naudojant tester\u012f<\/li>\n<li data-start=\"2523\" data-end=\"2562\">Suspausto kamino auk\u0161\u010dio matavimas<\/li>\n<li data-start=\"2565\" data-end=\"2619\">Laminavimo koeficiento apskai\u010diavimas pagal formul\u0119:<\/li>\n<\/ul>\n<blockquote data-start=\"2622\" data-end=\"2862\">\n<p data-start=\"2624\" data-end=\"2862\"><strong data-start=\"2624\" data-end=\"2655\">S = m \/ (l - w - \u03b4 - h - k)<\/strong><br data-start=\"2655\" data-end=\"2658\" \/><em data-start=\"2662\" data-end=\"2670\">Kur:<\/em><br data-start=\"2670\" data-end=\"2673\" \/><em data-start=\"2677\" data-end=\"2680\">S<\/em> = laminavimo koeficientas (%)<br data-start=\"2704\" data-end=\"2707\" \/><em data-start=\"2711\" data-end=\"2714\">m<\/em> = kamino mas\u0117<br data-start=\"2734\" data-end=\"2737\" \/><em data-start=\"2741\" data-end=\"2747\">l, w<\/em> = ilgis ir plotis<br data-start=\"2766\" data-end=\"2769\" \/><em data-start=\"2773\" data-end=\"2776\">\u03b4<\/em> = med\u017eiagos tankis<br data-start=\"2795\" data-end=\"2798\" \/><em data-start=\"2802\" data-end=\"2805\">h<\/em> = suspaustas auk\u0161tis<br data-start=\"2825\" data-end=\"2828\" \/><em data-start=\"2832\" data-end=\"2835\">k<\/em> = vieneto konvertavimo konstanta<\/p>\n<\/blockquote>\n<p data-start=\"2864\" data-end=\"2978\">\u0160iam procesui reikalingas didelis matavimo tikslumas, kad b\u016bt\u0173 atspind\u0117ti ma\u017ei svyravimai, galintys tur\u0117ti \u012ftakos krovimo koeficientui.<\/p>\n<h2 data-start=\"2985\" data-end=\"3038\">Standartai, kuriais remiamasi atliekant laminavimo faktoriaus bandymus<\/h2>\n<p data-start=\"3040\" data-end=\"3181\">U\u017etikrinti visuotin\u0119 atitikt\u012f ir nuoseklum\u0105, <strong data-start=\"3085\" data-end=\"3114\">laminavimo faktoriaus testeriai<\/strong> turi atitikti pripa\u017eintus standartus. Da\u017eniausiai minimi \u0161ie standartai:<\/p>\n<h3 data-start=\"3183\" data-end=\"3217\"><a href=\"https:\/\/www.qualitester.com\/lt\/standards\/astm-a719\/\" target=\"_blank\" rel=\"noopener\">ASTM A719<\/a> - Magnetin\u0117s med\u017eiagos<\/h3>\n<p data-start=\"3219\" data-end=\"3436\">Apibr\u0117\u017eia <strong data-start=\"3231\" data-end=\"3250\">standartinis metodas<\/strong> feromagnetini\u0173 med\u017eiag\u0173 sluoksniavimo faktoriui matuoti. Jame akcentuojamas vienodas sl\u0117gis (paprastai 50 psi), tikslus kr\u016bvos auk\u0161\u010dio matavimas ir teisingi mas\u0117s ir t\u016brio skai\u010diavimai.<\/p>\n<h3 data-start=\"3438\" data-end=\"3479\">ASTM A900 - Amorfin\u0117s magnetin\u0117s juostel\u0117s<\/h3>\n<p data-start=\"3481\" data-end=\"3668\">Specialiai sukurtas <strong data-start=\"3505\" data-end=\"3540\">plonos amorfin\u0117s magnetin\u0117s juostel\u0117s.<\/strong>, \u0161iam metodui d\u0117l med\u017eiagos jautrumo reikalingi derinimo \u012ftaisai, mikrometriniai matavimai ir kruop\u0161tus krovimas.<\/p>\n<h3 data-start=\"3670\" data-end=\"3716\">ASTM A683 - Pusiau apdorotas elektrinis plienas<\/h3>\n<p data-start=\"3718\" data-end=\"3903\">Nuorodos \u012f <strong data-start=\"3732\" data-end=\"3752\">ASTM A719 naudojimas<\/strong> kaip paskirtasis bandymo metodas. Jame pabr\u0117\u017eiama, kad didesnis sluoksniavimo koeficientas rodo geresn\u0119 kokyb\u0119, ypa\u010d lygesni\u0173 ir storesni\u0173 med\u017eiag\u0173.<\/p>\n<h3 data-start=\"3905\" data-end=\"3956\">IEC 60404-13 - Pasaulinis elektrotechninio plieno standartas<\/h3>\n<p data-start=\"3958\" data-end=\"4167\">Pateikiama <strong data-start=\"3967\" data-end=\"3995\">tarptautin\u0117s gair\u0117s<\/strong> krovimo koeficientui matuoti visuose elektrinio plieno tipuose. Reikia tiksliai pasverti, tiksliai i\u0161matuoti matmenis ir taikyti sl\u0117g\u012f. <strong data-start=\"4145\" data-end=\"4166\">1,00 \u00b1 0,05 N\/mm\u00b2<\/strong>.<\/p>\n<h2 data-start=\"4174\" data-end=\"4245\">Pristatome \"Cell Instruments\" laminavimo faktoriaus tester\u012f FTT-02<\/h2>\n<p data-start=\"4247\" data-end=\"4437\">Laboratorijose ir gamybos aplinkoje, kur reikia patikimo laminavimo faktoriaus bandymo, galima naudoti <strong data-start=\"4342\" data-end=\"4377\">FTT-02 laminavimo faktoriaus testeris<\/strong> i\u0161 <strong data-start=\"4383\" data-end=\"4403\">\"Cell Instruments<\/strong> yra profesionalaus lygio sprendimas.<\/p>\n<h3>Pagrindin\u0117s savyb\u0117s:<\/h3>\n<ul>\n<li data-start=\"4459\" data-end=\"4498\"><strong data-start=\"4459\" data-end=\"4474\">Bandym\u0173 diapazonas:<\/strong> 0-2 mm (pritaikoma)<\/li>\n<li data-start=\"4501\" data-end=\"4563\"><strong data-start=\"4501\" data-end=\"4516\">Rezoliucija:<\/strong> 0,1 \u03bcm tiksliam kamino auk\u0161\u010dio matavimui<\/li>\n<li data-start=\"4566\" data-end=\"4625\"><strong data-start=\"4566\" data-end=\"4584\">Bandomasis sl\u0117gis:<\/strong> 50 \u00b1 0,5 kPa (standartinis, pagal ASTM A719)<\/li>\n<li data-start=\"4628\" data-end=\"4692\"><strong data-start=\"4628\" data-end=\"4646\">Indentoriaus dydis:<\/strong> \u00d814-17 mm (galima reguliuoti pagal m\u0117gini\u0173 tipus)<\/li>\n<li data-start=\"4695\" data-end=\"4766\"><strong data-start=\"4695\" data-end=\"4714\">Kompakti\u0161kas dizainas:<\/strong> 461 \u00d7 334 \u00d7 357 mm, tinka \u012fvairioms laboratorin\u0117ms sistemoms<\/li>\n<\/ul>\n<p data-start=\"4768\" data-end=\"4944\">FTT-02 skirtas <strong data-start=\"4797\" data-end=\"4824\">paprastas bandini\u0173 lyginimas<\/strong>, <strong data-start=\"4826\" data-end=\"4858\">automatinis auk\u0161\u010dio matavimas<\/strong>, ir <strong data-start=\"4864\" data-end=\"4891\">stabilus sl\u0117gio valdymas<\/strong>, u\u017etikrinant labai tikslius laminavimo faktoriaus rezultatus.<\/p>\n<h3 data-start=\"4946\" data-end=\"4971\">Taikomos med\u017eiagos:<\/h3>\n<ul>\n<li data-start=\"4974\" data-end=\"5028\"><strong data-start=\"4974\" data-end=\"5026\">Neorientuoti ir orientuoto gr\u016bd\u0117tumo elektrotechniniai plienai<\/strong><\/li>\n<li data-start=\"5031\" data-end=\"5082\"><strong data-start=\"5031\" data-end=\"5080\">Amorfin\u0117s ir nanokristalin\u0117s magnetin\u0117s juostel\u0117s<\/strong><\/li>\n<li data-start=\"5085\" data-end=\"5141\"><strong data-start=\"5085\" data-end=\"5141\">Plonai dengtos elektrin\u0117s med\u017eiagos, naudojamos varikli\u0173 \u0161erdims<\/strong><\/li>\n<\/ul>\n<p data-start=\"5143\" data-end=\"5256\">Laikantis ASTM ir IEC bandym\u0173 proced\u016br\u0173, FTT-02 suma\u017eina \u017emogi\u0161k\u0105j\u0105 klaid\u0105 ir padidina rezultat\u0173 pakartojamum\u0105.<\/p>\n<h2 data-start=\"5263\" data-end=\"5321\">Laminavimo faktoriaus bandymo taikymas ir nauda<\/h2>\n<p data-start=\"5323\" data-end=\"5366\">Sluoksniavimo faktoriaus tyrimas yra labai svarbus:<\/p>\n<ul>\n<li data-start=\"5370\" data-end=\"5413\"><strong data-start=\"5370\" data-end=\"5411\">Transformatori\u0173 ir varikli\u0173 \u0161erd\u017ei\u0173 gamyba<\/strong><\/li>\n<li data-start=\"5416\" data-end=\"5455\"><strong data-start=\"5416\" data-end=\"5453\">Magnetini\u0173 med\u017eiag\u0173 kokyb\u0117s kontrol\u0117<\/strong><\/li>\n<li data-start=\"5458\" data-end=\"5507\"><strong data-start=\"5458\" data-end=\"5505\">Mokslini\u0173 tyrim\u0173 ir pl\u0117tros laboratorijos, kuriose vertinami nauji lydiniai ir dangos.<\/strong><\/li>\n<li data-start=\"5510\" data-end=\"5579\"><strong data-start=\"5510\" data-end=\"5579\">Atitikties vertinimas tarptautiniam ve\u017eimui arba sertifikavimui<\/strong><\/li>\n<\/ul>\n<h3 data-start=\"5581\" data-end=\"5598\">Pagrindiniai privalumai:<\/h3>\n<ul>\n<li>Aptikti tu\u0161tumas, nelygumus ir dangos poveik\u012f<\/li>\n<li>U\u017etikrina med\u017eiag\u0173 kokyb\u0119 ir nuoseklum\u0105.<\/li>\n<li>Padeda optimizuoti laminavimo dizain\u0105 ir proceso parametrus<\/li>\n<li>Palaiko atitikt\u012f <strong data-start=\"5781\" data-end=\"5794\">ASTM A719<\/strong>, <strong data-start=\"5796\" data-end=\"5804\">A900<\/strong>, ir <strong data-start=\"5810\" data-end=\"5826\">IEC 60404-13<\/strong><\/li>\n<\/ul>\n<p data-start=\"5849\" data-end=\"6157\">Supratimas ir kontrol\u0117 <strong data-start=\"5883\" data-end=\"5904\">laminavimo koeficientas<\/strong> magnetin\u0117s med\u017eiagos yra labai svarbios siekiant efektyviai naudoti energij\u0105 projektuojant ir gaminant gaminius. Norint atlikti tikslius matavimus, reikia tikslios \u012frangos, atitinkan\u010dios tarptautinius standartus, pvz. <strong data-start=\"6091\" data-end=\"6104\">ASTM A719<\/strong>, <strong data-start=\"6106\" data-end=\"6119\">ASTM A900<\/strong>, <strong data-start=\"6121\" data-end=\"6134\">ASTM A683<\/strong>, ir <strong data-start=\"6140\" data-end=\"6156\">IEC 60404-13<\/strong>.<\/p>\n<p data-start=\"6159\" data-end=\"6527\">Svetain\u0117 <strong data-start=\"6163\" data-end=\"6198\">FTT-02 laminavimo faktoriaus testeris<\/strong> pagal <strong data-start=\"6202\" data-end=\"6222\">\"Cell Instruments<\/strong> pasi\u017eymi geriausiu pramon\u0117je tikslumu, patogiu valdymu ir visi\u0161ku atitikimu pasauliniams bandym\u0173 protokolams. Nesvarbu, ar esate med\u017eiag\u0173 in\u017einierius, kokyb\u0117s u\u017etikrinimo vadovas, ar magnetini\u0173 komponent\u0173 gamintojas, \u0161is prietaisas u\u017etikrina, kad j\u016bs\u0173 laminavimo faktoriaus rezultatai b\u016bt\u0173 <strong data-start=\"6485\" data-end=\"6526\">patikimas, atsekamas ir profesionalus.<\/strong>.<\/p>\n<hr data-start=\"6529\" data-end=\"6532\" \/>\n<h2 data-start=\"6534\" data-end=\"6542\">DUK<\/h2>\n<p data-start=\"6544\" data-end=\"6758\"><strong data-start=\"6544\" data-end=\"6601\">1. Kokia yra laminavimo faktoriaus testerio paskirtis?<\/strong><br data-start=\"6601\" data-end=\"6604\" \/>Jis nustato, kaip efektyviai sud\u0117tos magnetin\u0117s juostel\u0117s, apskai\u010diuodamas kietojo metalo t\u016brio ir viso t\u016brio santyk\u012f, rodant\u012f med\u017eiagos kokyb\u0119.<\/p>\n<p data-start=\"6760\" data-end=\"6960\"><strong data-start=\"6760\" data-end=\"6832\">2. Kokiais standartais reik\u0117t\u0173 vadovautis atliekant laminavimo faktoriaus bandymus?<\/strong><br data-start=\"6832\" data-end=\"6835\" \/>Atitinkami standartai <a href=\"https:\/\/www.astm.org\/a0719_a0719m-14r19.html\" target=\"_blank\" rel=\"noopener nofollow\"><strong data-start=\"6862\" data-end=\"6875\">ASTM A719<\/strong><\/a>, <a href=\"https:\/\/www.astm.org\/a0900_a0900m-01r18.html\" target=\"_blank\" rel=\"noopener nofollow\"><strong data-start=\"6877\" data-end=\"6890\">ASTM A900<\/strong><\/a>, <a href=\"https:\/\/www.astm.org\/a0683-16.html\" target=\"_blank\" rel=\"noopener nofollow\"><strong data-start=\"6892\" data-end=\"6905\">ASTM A683<\/strong><\/a>, ir <strong data-start=\"6911\" data-end=\"6927\">IEC 60404-13<\/strong>, priklausomai nuo med\u017eiagos tipo.<\/p>\n<p data-start=\"6962\" data-end=\"7176\"><strong data-start=\"6962\" data-end=\"7018\">3. Ar FTT-02 galima naudoti plonoms amorfin\u0117ms juostel\u0117ms?<\/strong><br data-start=\"7018\" data-end=\"7021\" \/>Taip, FTT-02 palaiko \u012fvairias med\u017eiagas, \u012fskaitant <strong data-start=\"7074\" data-end=\"7108\">plonos amorfin\u0117s magnetin\u0117s juostel\u0117s<\/strong>, d\u0117l reguliuojamo sl\u0117gio ir didel\u0117s skiriamosios gebos matavimo.<\/p>\n<p data-start=\"7178\" data-end=\"7342\"><strong data-start=\"7178\" data-end=\"7227\">4. Kokie veiksniai turi \u012ftakos laminavimo koeficientui?<\/strong><br data-start=\"7227\" data-end=\"7230\" \/>Pavir\u0161iaus dangos, med\u017eiagos \u0161iurk\u0161tumas, oksid\u0173 sluoksniai ir oro tarpai tarp juosteli\u0173 gali suma\u017einti laminavimo koeficient\u0105.<\/p>\n<p data-start=\"7344\" data-end=\"7555\"><strong data-start=\"7344\" data-end=\"7408\">5. Kaip laminavimo faktorius veikia elektrines charakteristikas?<\/strong><br data-start=\"7408\" data-end=\"7411\" \/>Didesnis sluoksniavimo koeficientas rei\u0161kia geresn\u0119 magnetin\u0119 jungt\u012f ir ma\u017eesnius energijos nuostolius, tod\u0117l pager\u0117ja varikli\u0173, transformatori\u0173 ir induktori\u0173 efektyvumas.<\/p>","protected":false},"excerpt":{"rendered":"<p>In the manufacturing of magnetic materials like electrical steel and amorphous strips, lamination factor plays a vital role in determining material quality. It affects the efficiency of motors, transformers, and other electromagnetic components. To assess this critical parameter, a lamination factor tester offers a precise, standardized method for measurement. What Is Lamination Factor and Why &hellip;<\/p>\n<p class=\"read-more\"> <a class=\"\" href=\"https:\/\/www.qualitester.com\/lt\/produktas-2\/lamination-factor-tester\/\"> <span class=\"screen-reader-text\">FTT-02 laminavimo faktoriaus testeris<\/span> Skaityti daugiau \"<\/a><\/p>","protected":false},"featured_media":6912,"comment_status":"closed","ping_status":"closed","template":"","meta":{"site-sidebar-layout":"default","site-content-layout":"default","ast-global-header-display":"","ast-main-header-display":"","ast-hfb-above-header-display":"","ast-hfb-below-header-display":"","ast-hfb-mobile-header-display":"","site-post-title":"","ast-breadcrumbs-content":"","ast-featured-img":"","footer-sml-layout":"","theme-transparent-header-meta":"default","adv-header-id-meta":"","stick-header-meta":"","header-above-stick-meta":"","header-main-stick-meta":"","header-below-stick-meta":""},"product_cat":[845,1184,1182,1183,937,1185,962,674,672],"product_tag":[],"class_list":{"0":"post-6887","1":"product","2":"type-product","3":"status-publish","4":"has-post-thumbnail","6":"product_cat-customization","7":"product_cat-astm-a683","8":"product_cat-astm-a719","9":"product_cat-astm-a900","10":"product_cat-electronic-product-tester","11":"product_cat-iec-60404-13","12":"product_cat-thickness-gauges","13":"product_cat-test-items","14":"product_cat-applied-materials","15":"desktop-align-left","16":"tablet-align-left","17":"mobile-align-left","19":"first","20":"instock","21":"shipping-taxable","22":"product-type-simple"},"_links":{"self":[{"href":"https:\/\/www.qualitester.com\/lt\/wp-json\/wp\/v2\/product\/6887","targetHints":{"allow":["GET"]}}],"collection":[{"href":"https:\/\/www.qualitester.com\/lt\/wp-json\/wp\/v2\/product"}],"about":[{"href":"https:\/\/www.qualitester.com\/lt\/wp-json\/wp\/v2\/types\/product"}],"replies":[{"embeddable":true,"href":"https:\/\/www.qualitester.com\/lt\/wp-json\/wp\/v2\/comments?post=6887"}],"version-history":[{"count":0,"href":"https:\/\/www.qualitester.com\/lt\/wp-json\/wp\/v2\/product\/6887\/revisions"}],"wp:featuredmedia":[{"embeddable":true,"href":"https:\/\/www.qualitester.com\/lt\/wp-json\/wp\/v2\/media\/6912"}],"wp:attachment":[{"href":"https:\/\/www.qualitester.com\/lt\/wp-json\/wp\/v2\/media?parent=6887"}],"wp:term":[{"taxonomy":"product_cat","embeddable":true,"href":"https:\/\/www.qualitester.com\/lt\/wp-json\/wp\/v2\/product_cat?post=6887"},{"taxonomy":"product_tag","embeddable":true,"href":"https:\/\/www.qualitester.com\/lt\/wp-json\/wp\/v2\/product_tag?post=6887"}],"curies":[{"name":"wp","href":"https:\/\/api.w.org\/{rel}","templated":true}]}}