{"id":6683,"date":"2025-06-03T15:41:39","date_gmt":"2025-06-03T07:41:39","guid":{"rendered":"https:\/\/www.qualitester.com\/?post_type=product&#038;p=6683"},"modified":"2025-06-03T15:51:24","modified_gmt":"2025-06-03T07:51:24","slug":"box-compression-test-machine","status":"publish","type":"product","link":"https:\/\/www.qualitester.com\/lt\/produktas-2\/box-compression-test-machine\/","title":{"rendered":"BCT-600 d\u0117\u017e\u0117s suspaudimo bandymo ma\u0161ina"},"content":{"rendered":"<article class=\"text-token-text-primary w-full\" dir=\"auto\" data-testid=\"conversation-turn-2\" data-scroll-anchor=\"true\">\n<div class=\"text-base my-auto mx-auto py-5 [--thread-content-margin:--spacing(4)] @[37rem]:[--thread-content-margin:--spacing(6)] @[72rem]:[--thread-content-margin:--spacing(16)] px-(--thread-content-margin)\">\n<div class=\"[--thread-content-max-width:32rem] @[34rem]:[--thread-content-max-width:40rem] @[64rem]:[--thread-content-max-width:48rem] mx-auto flex max-w-(--thread-content-max-width) flex-1 text-base gap-4 md:gap-5 lg:gap-6 group\/turn-messages focus-visible:outline-hidden\" tabindex=\"-1\">\n<div class=\"group\/conversation-turn relative flex w-full min-w-0 flex-col agent-turn\">\n<div class=\"relative flex-col gap-1 md:gap-3\">\n<div class=\"flex max-w-full flex-col grow\">\n<div class=\"min-h-8 text-message relative flex w-full flex-col items-end gap-2 text-start break-words whitespace-normal [.text-message+&amp;]:mt-5\" dir=\"auto\" data-message-author-role=\"assistant\" data-message-id=\"08f376dd-ec5f-4b94-bf17-6fe7cdf85fc2\" data-message-model-slug=\"gpt-4o\">\n<div class=\"flex w-full flex-col gap-1 empty:hidden first:pt-[3px]\">\n<div class=\"markdown prose dark:prose-invert w-full break-words light\">\n<h2 data-start=\"430\" data-end=\"957\">Suprasti d\u0117\u017e\u0117s suspaudimo bandymo ma\u0161inos vaidmen\u012f<\/h2>\n<p data-start=\"430\" data-end=\"957\">Svetain\u0117 <a href=\"https:\/\/www.qualitester.com\/lt\/produktas-2\/box-compression-test-machine\/\"><strong data-start=\"497\" data-end=\"529\">d\u0117\u017e\u0117s suspaudimo bandymo ma\u0161ina<\/strong><\/a> vaidina svarb\u0173 vaidmen\u012f u\u017etikrinant pakuo\u010di\u0173 med\u017eiag\u0173 tvirtum\u0105 ir patikimum\u0105 \u012fvairiose pramon\u0117s \u0161akose. Logistikos, sand\u0117liavimo ir e. prekybos sektoriuose pakuo\u010di\u0173 atsparumas turi tiesiogin\u0117s \u012ftakos produkt\u0173 saugai ir veiklos efektyvumui. Naudojant <strong data-start=\"784\" data-end=\"816\">d\u0117\u017e\u0117s suspaudimo bandymo ma\u0161ina<\/strong> leid\u017eia gamintojams \u012fvertinti pakuo\u010di\u0173 gniu\u017edymo stipr\u012f, padeda suma\u017einti pa\u017eeidim\u0173 rizik\u0105 ir atitikti tarptautinius standartus.<\/p>\n<h2 data-start=\"959\" data-end=\"1228\">D\u0117\u017e\u0117s suspaudimo bandymo ma\u0161inos taikymas<\/h2>\n<p data-start=\"959\" data-end=\"1228\">A <strong data-start=\"1016\" data-end=\"1048\">d\u0117\u017e\u0117s suspaudimo bandymo ma\u0161ina<\/strong> vertinama, kaip pakavimo med\u017eiagos, pavyzd\u017eiui, gofruoto kartono d\u0117\u017e\u0117s, plastikiniai konteineriai ir medin\u0117s d\u0117\u017e\u0117s, veikia gniu\u017edom\u0105sias apkrovas arba krovimo spaudim\u0105. Pagrindin\u0117s taikymo sritys:<\/p>\n<ul data-start=\"1230\" data-end=\"1646\">\n<li data-start=\"1230\" data-end=\"1323\">\n<p data-start=\"1232\" data-end=\"1323\"><strong data-start=\"1232\" data-end=\"1267\">Gofruoto kartono d\u0117\u017e\u0117s ir medienos plau\u0161o plok\u0161t\u0117s<\/strong> - Da\u017enai naudojami elektronin\u0117s prekybos, maisto ir g\u0117rim\u0173 pakuot\u0117se.<\/p>\n<\/li>\n<li data-start=\"1324\" data-end=\"1432\">\n<p data-start=\"1326\" data-end=\"1432\"><strong data-start=\"1326\" data-end=\"1358\">Plastikiniai konteineriai ir statin\u0117s<\/strong> - B\u016btinas farmacijos, chemijos ir kasdien\u0117s chemijos pramon\u0117je.<\/p>\n<\/li>\n<li data-start=\"1433\" data-end=\"1537\">\n<p data-start=\"1435\" data-end=\"1537\"><strong data-start=\"1435\" data-end=\"1476\">Medin\u0117s d\u0117\u017e\u0117s ir sud\u0117tin\u0117s med\u017eiagos<\/strong> - Pla\u010diai naudojamas sunkiosios technikos ir automobili\u0173 pakuot\u0117se.<\/p>\n<\/li>\n<li data-start=\"1538\" data-end=\"1646\">\n<p data-start=\"1540\" data-end=\"1646\"><strong data-start=\"1540\" data-end=\"1567\">Moksliniai tyrimai ir pl\u0117tra bei kokyb\u0117s kontrol\u0117<\/strong> - Optimizuoti med\u017eiagos stor\u012f, patvirtinti dizain\u0105 ir patvirtinti veikim\u0105.<\/p>\n<\/li>\n<\/ul>\n<p data-start=\"1648\" data-end=\"1814\">\u0160ios ma\u0161inos tarnauja <strong data-start=\"1669\" data-end=\"1696\">pakuo\u010di\u0173 gamintojai<\/strong>, <strong data-start=\"1698\" data-end=\"1729\">kokyb\u0117s kontrol\u0117s agent\u016bros<\/strong>, ir <strong data-start=\"1735\" data-end=\"1771\">tre\u010diosios \u0161alies bandym\u0173 laboratorijos<\/strong>, u\u017etikrinant patikimus ir nuoseklius rezultatus.<\/p>\n<h2 data-start=\"1816\" data-end=\"1978\">D\u0117\u017ei\u0173 suspaudimo bandym\u0173 metodai ir j\u0173 svarba<\/h2>\n<p data-start=\"1816\" data-end=\"1978\">Svetain\u0117 <strong data-start=\"1876\" data-end=\"1908\">d\u0117\u017e\u0117s suspaudimo bandymo ma\u0161ina<\/strong> atliekami keli svarb\u016bs bandym\u0173 re\u017eimai, kuriais vertinamas pakuot\u0117s vientisumas:<\/p>\n<ul>\n<li data-start=\"1982\" data-end=\"2262\"><strong data-start=\"1982\" data-end=\"2033\">Sutrai\u0161kyti Tes<\/strong>t (did\u017eiausios apkrovos \/ gniu\u017edymo stiprumo bandymas)<br data-start=\"2033\" data-end=\"2036\" \/>Atliekant gniu\u017edymo bandym\u0105 j\u0117ga nuolat did\u0117ja, kol d\u0117\u017e\u0117 sugenda arba labai deformuojasi. Juo matuojama did\u017eiausia apkrova ir deformacija, taip u\u017etikrinant, kad d\u0117\u017e\u0117s atlaikyt\u0173 krovimo ir k\u0117limo apkrovas ve\u017eimo metu.<\/li>\n<li data-start=\"2266\" data-end=\"2535\">Sukrovimo bandymas (pastovi apkrova per tam tikr\u0105 laik\u0105)<br data-start=\"2309\" data-end=\"2312\" \/>Atliekant \u0161\u012f bandym\u0105 nustatyt\u0105 laik\u0105 i\u0161laikoma tam tikra gniu\u017edymo apkrova, kad b\u016bt\u0173 imituojamos realios sand\u0117lio krovimo s\u0105lygos. Juo matuojamos ilgalaik\u0117s eksploatacin\u0117s savyb\u0117s, i\u0161ry\u0161kinant med\u017eiagos \u0161liau\u017eimo ir laipsni\u0161kos deformacijos poveik\u012f.<\/li>\n<li data-start=\"2539\" data-end=\"2833\">Fiksuotos deformacijos bandymas<br data-start=\"2565\" data-end=\"2568\" \/>D\u0117\u017eut\u0117 suspaud\u017eiama iki i\u0161 anksto nustatyto deformacijos ta\u0161ko ir u\u017era\u0161oma j\u0117ga, kurios reikia \u0161iai deformacijai pasiekti arba i\u0161laikyti. \u0160iuo bandymu nustatoma, kaip pakuot\u0117s med\u017eiagos elgiasi esant tam tikram \u012ftempimo lygiui, ir taip galima nustatyti j\u0173 standum\u0105 ir laikom\u0105j\u0105 gali\u0105.<\/li>\n<li data-start=\"2837\" data-end=\"3086\">Fiksuota apkrova (\u0161liau\u017eimas)<strong data-start=\"2837\" data-end=\"2864\"> Testas<\/strong><br data-start=\"2864\" data-end=\"2867\" \/>Atliekant \u0161\u012f bandym\u0105, kai laikui b\u0117gant veikiama pastovia apkrova, nustatoma, kaip d\u0117\u017e\u0117 deformuojasi veikiant nuolatiniam svoriui. Taip \u012fvertinamas ilgalaikis patvarumas ir u\u017etikrinama, kad pakuot\u0117 i\u0161laikyt\u0173 savo matmenis ilgesn\u012f laik\u0105 sand\u0117liuojant.<\/li>\n<\/ul>\n<p data-start=\"3088\" data-end=\"3277\">\u0160ie bandymai kartu suteikia i\u0161sam\u0173 pakuo\u010di\u0173 eksploatacini\u0173 savybi\u0173 vaizd\u0105 esant \u012fvairiems streso scenarijams, kurie yra labai svarb\u016bs norint i\u0161laikyti <strong data-start=\"3227\" data-end=\"3246\">produkto kokyb\u0117<\/strong> ir <strong data-start=\"3251\" data-end=\"3276\">logistikos patikimumas<\/strong>.<\/p>\n<h2 data-start=\"3279\" data-end=\"3502\">D\u0117\u017ei\u0173 suspaudimo bandymo ma\u0161inos savyb\u0117s ir privalumai<\/h2>\n<p data-start=\"3279\" data-end=\"3502\">\u0160iuolaikinis <strong data-start=\"3350\" data-end=\"3383\">d\u0117\u017e\u0117s suspaudimo bandymo ma\u0161inos<\/strong> kaip BCT-600, turi pa\u017eangias funkcijas, u\u017etikrinan\u010dias tikslius ir nuoseklius rezultatus. Pagrindin\u0117s funkcijos:<\/p>\n<ul data-start=\"3504\" data-end=\"4190\">\n<li data-start=\"3504\" data-end=\"3580\">\n<p data-start=\"3506\" data-end=\"3580\"><strong data-start=\"3506\" data-end=\"3532\">7 coli\u0173 jutiklinis HMI ekranas<\/strong> su vadovaujamomis darbo eigomis ir tiesioginiu kreivi\u0173 rodymu.<\/p>\n<\/li>\n<li data-start=\"3581\" data-end=\"3654\">\n<p data-start=\"3583\" data-end=\"3654\"><strong data-start=\"3583\" data-end=\"3615\">Trys nepriklausomi bandym\u0173 re\u017eimai<\/strong>-stiprumo, fiksuotos vert\u0117s ir krovimo.<\/p>\n<\/li>\n<li data-start=\"3655\" data-end=\"3740\">\n<p data-start=\"3657\" data-end=\"3740\"><strong data-start=\"3657\" data-end=\"3689\">Servo cilindru varomas judesys<\/strong> tiksliam plok\u0161t\u0117s jud\u0117jimui kintamu grei\u010diu.<\/p>\n<\/li>\n<li data-start=\"3741\" data-end=\"3802\">\n<p data-start=\"3743\" data-end=\"3802\"><strong data-start=\"3743\" data-end=\"3769\">\u012eterptinis mikrospausdintuvas<\/strong> kad i\u0161 karto gautum\u0117te spausdintin\u0117s kopijos rezultatus.<\/p>\n<\/li>\n<li data-start=\"3803\" data-end=\"3877\">\n<p data-start=\"3805\" data-end=\"3877\"><strong data-start=\"3805\" data-end=\"3826\">Automatinis duomen\u0173 fiksavimas<\/strong> realiuoju laiku rodoma j\u0117ga ir deformacija.<\/p>\n<\/li>\n<li data-start=\"3878\" data-end=\"3962\">\n<p data-start=\"3880\" data-end=\"3962\"><strong data-start=\"3880\" data-end=\"3901\">Saugos blokatoriai<\/strong> ir mechaniniai galiniai ribotuvai, apsaugantys operatorius ir jutiklius.<\/p>\n<\/li>\n<li data-start=\"3963\" data-end=\"4049\">\n<p data-start=\"3965\" data-end=\"4049\"><strong data-start=\"3965\" data-end=\"3988\">Didelio standumo r\u0117mas<\/strong> su keturi\u0173 stulpeli\u0173 kreipian\u010di\u0105ja, u\u017etikrinan\u010dia nuosekl\u0173 plok\u0161tel\u0117s i\u0161lyginim\u0105.<\/p>\n<\/li>\n<li data-start=\"4050\" data-end=\"4118\">\n<p data-start=\"4052\" data-end=\"4118\"><strong data-start=\"4052\" data-end=\"4082\">Tikslus apkrovos matavimas<\/strong> naudojant pa\u017eangius apkrovos jutiklius.<\/p>\n<\/li>\n<li data-start=\"4119\" data-end=\"4190\">\n<p data-start=\"4121\" data-end=\"4190\"><strong data-start=\"4121\" data-end=\"4145\">Papildoma kompiuterio programin\u0117 \u012franga<\/strong> duomen\u0173 eksportui ir i\u0161samioms ataskaitoms.<\/p>\n<\/li>\n<\/ul>\n<p data-start=\"4192\" data-end=\"4298\">\u0160ios funkcijos u\u017etikrina, kad <strong data-start=\"4214\" data-end=\"4231\">patikimi duomenys<\/strong>, <strong data-start=\"4233\" data-end=\"4255\">pakartojami rezultatai<\/strong>, ir <strong data-start=\"4261\" data-end=\"4275\">atitiktis<\/strong> su pasauliniais standartais.<\/p>\n<h2 data-start=\"4300\" data-end=\"4712\">Atitiktis pasauliniams standartams<\/h2>\n<p data-start=\"4300\" data-end=\"4712\">A <strong data-start=\"4341\" data-end=\"4373\">d\u0117\u017e\u0117s suspaudimo bandymo ma\u0161ina<\/strong> sukurtas taip, kad atitikt\u0173 \u012fvairias <strong data-start=\"4405\" data-end=\"4440\">tarptautiniai bandym\u0173 standartai<\/strong>, \u012fskaitant:<br data-start=\"4452\" data-end=\"4455\" \/><a href=\"https:\/\/www.iso.org\/standard\/32410.html\" target=\"_blank\" rel=\"noopener nofollow\">ISO 2234<\/a>, ISO 12048, ISO 2874, ISO 2872, ASTM D642, ASTM D4169, TAPPI T804, JIS Z0212, GB\/T 4857.3, GB\/T 4857.4 ir QB\/T 1047.<br data-start=\"4582\" data-end=\"4585\" \/>Taip u\u017etikrinama, kad j\u016bs\u0173 testavimo procesai atitikt\u0173 <strong data-start=\"4641\" data-end=\"4671\">auk\u0161\u010diausios kokyb\u0117s kriterijai<\/strong>, ir taip u\u017etikrinti konkurencingum\u0105 pasaulin\u0117je rinkoje.<\/p>\n<h2 style=\"text-align: center;\" data-start=\"4714\" data-end=\"5431\">Tinkamos d\u0117\u017e\u0117s suspaudimo bandymo ma\u0161inos pasirinkimas<\/h2>\n<p style=\"text-align: center;\" data-start=\"4714\" data-end=\"5431\">Pramon\u0117s \u0161akoms, kurioms svarbus saugus ir patikimas pakavimas, <strong data-start=\"4839\" data-end=\"4871\">d\u0117\u017e\u0117s suspaudimo bandymo ma\u0161ina<\/strong> yra nepakei\u010diama priemon\u0117. Ji ne tik patvirtina <strong data-start=\"4924\" data-end=\"4948\">gniu\u017edymo stipris<\/strong> pakuo\u010di\u0173 med\u017eiag\u0173, bet taip pat suteikia svarbi\u0173 \u012f\u017evalg\u0173 apie j\u0173 elgsen\u0105 krovimo ir ilgalaikio sand\u0117liavimo metu.<br data-start=\"5065\" data-end=\"5068\" \/>Svetain\u0117je <strong data-start=\"5071\" data-end=\"5101\">Cell Instruments Co., Ltd.<\/strong>, mes specializuojam\u0117s gamyboje <strong data-start=\"5134\" data-end=\"5184\">didelio na\u0161umo d\u0117\u017e\u0117s suspaudimo bandymo ma\u0161inos<\/strong> pritaikytas j\u016bs\u0173 unikaliems testavimo poreikiams. D\u0117l pa\u017eangios automatikos ir tvirtos konstrukcijos m\u016bs\u0173 prietaisai u\u017etikrina tiksl\u0173 ir veiksming\u0105 pakuo\u010di\u0173 patvirtinim\u0105 \u012fvairiose pramon\u0117s \u0161akose nuo <strong data-start=\"5363\" data-end=\"5385\">maistas ir g\u0117rimai<\/strong> \u012f <strong data-start=\"5389\" data-end=\"5408\">farmacijos produktai<\/strong> ir <strong data-start=\"5413\" data-end=\"5428\">elektronika<\/strong>.<\/p>\n<p style=\"text-align: center;\" data-start=\"5433\" data-end=\"5591\" data-is-last-node=\"\" data-is-only-node=\"\"><strong data-start=\"5433\" data-end=\"5591\" data-is-last-node=\"\">Su\u017einokite, kaip m\u016bs\u0173 d\u0117\u017eu\u010di\u0173 suspaudimo bandymo ma\u0161inos gali pagerinti j\u016bs\u0173 pakuo\u010di\u0173 standartus ir apsaugoti j\u016bs\u0173 produktus nuo pa\u017eeidim\u0173. Susisiekite su mumis \u0161iandien ir su\u017einokite daugiau.<\/strong><\/p>\n<\/div>\n<\/div>\n<\/div>\n<\/div>\n<\/div>\n<\/div>\n<\/div>\n<\/div>\n<\/article>","protected":false},"excerpt":{"rendered":"<p>Understanding the Role of a Box Compression Test Machine The box compression test machine plays a vital role in ensuring the strength and reliability of packaging materials across various industries. In the logistics, warehousing, and e-commerce sectors, packaging resilience directly impacts product safety and operational efficiency. Using a box compression test machine allows manufacturers to &hellip;<\/p>\n<p class=\"read-more\"> <a class=\"\" href=\"https:\/\/www.qualitester.com\/lt\/produktas-2\/box-compression-test-machine\/\"> <span class=\"screen-reader-text\">BCT-600 d\u0117\u017e\u0117s suspaudimo bandymo ma\u0161ina<\/span> Skaityti daugiau \"<\/a><\/p>","protected":false},"featured_media":6686,"comment_status":"closed","ping_status":"closed","template":"","meta":{"site-sidebar-layout":"default","site-content-layout":"default","ast-global-header-display":"","ast-main-header-display":"","ast-hfb-above-header-display":"","ast-hfb-below-header-display":"","ast-hfb-mobile-header-display":"","site-post-title":"","ast-breadcrumbs-content":"","ast-featured-img":"","footer-sml-layout":"","theme-transparent-header-meta":"default","adv-header-id-meta":"","stick-header-meta":"","header-above-stick-meta":"","header-main-stick-meta":"","header-below-stick-meta":""},"product_cat":[845,964,17,44],"product_tag":[],"class_list":{"0":"post-6683","1":"product","2":"type-product","3":"status-publish","4":"has-post-thumbnail","6":"product_cat-customization","7":"product_cat-box-compression-tester","8":"product_cat-package-container-testers","9":"product_cat-paper-and-board-testers","10":"desktop-align-left","11":"tablet-align-left","12":"mobile-align-left","14":"first","15":"instock","16":"shipping-taxable","17":"product-type-simple"},"_links":{"self":[{"href":"https:\/\/www.qualitester.com\/lt\/wp-json\/wp\/v2\/product\/6683","targetHints":{"allow":["GET"]}}],"collection":[{"href":"https:\/\/www.qualitester.com\/lt\/wp-json\/wp\/v2\/product"}],"about":[{"href":"https:\/\/www.qualitester.com\/lt\/wp-json\/wp\/v2\/types\/product"}],"replies":[{"embeddable":true,"href":"https:\/\/www.qualitester.com\/lt\/wp-json\/wp\/v2\/comments?post=6683"}],"version-history":[{"count":0,"href":"https:\/\/www.qualitester.com\/lt\/wp-json\/wp\/v2\/product\/6683\/revisions"}],"wp:featuredmedia":[{"embeddable":true,"href":"https:\/\/www.qualitester.com\/lt\/wp-json\/wp\/v2\/media\/6686"}],"wp:attachment":[{"href":"https:\/\/www.qualitester.com\/lt\/wp-json\/wp\/v2\/media?parent=6683"}],"wp:term":[{"taxonomy":"product_cat","embeddable":true,"href":"https:\/\/www.qualitester.com\/lt\/wp-json\/wp\/v2\/product_cat?post=6683"},{"taxonomy":"product_tag","embeddable":true,"href":"https:\/\/www.qualitester.com\/lt\/wp-json\/wp\/v2\/product_tag?post=6683"}],"curies":[{"name":"wp","href":"https:\/\/api.w.org\/{rel}","templated":true}]}}