{"id":6644,"date":"2025-05-07T11:30:19","date_gmt":"2025-05-07T03:30:19","guid":{"rendered":"https:\/\/www.qualitester.com\/?post_type=product&#038;p=6644"},"modified":"2025-05-07T11:30:19","modified_gmt":"2025-05-07T03:30:19","slug":"medical-needle-tubing-stiffness-tester","status":"publish","type":"product","link":"https:\/\/www.qualitester.com\/lt\/produktas-2\/medical-needle-tubing-stiffness-tester\/","title":{"rendered":"TS-01 vamzd\u017ei\u0173 standumo testeris"},"content":{"rendered":"<h2 data-start=\"393\" data-end=\"1063\">\u012evadas \u012f medicinini\u0173 adat\u0173 vamzdeli\u0173 standumo tester\u012f<\/h2>\n<p class=\"\" data-start=\"393\" data-end=\"1063\">Medicinos srityje labai svarbu u\u017etikrinti mechanin\u012f poodini\u0173 adat\u0173 vientisum\u0105. Viena i\u0161 esmini\u0173 savybi\u0173, daran\u010di\u0173 \u012ftak\u0105 veikimui, saugai ir tinkamumui naudoti, yra <em data-start=\"621\" data-end=\"639\">vamzd\u017ei\u0173 standumas<\/em>. . <strong data-start=\"645\" data-end=\"687\">medicinini\u0173 adat\u0173 vamzdeli\u0173 standumo testeris<\/strong> pateikiamas standartizuotas ir tikslus ner\u016bdijan\u010dio plieno vamzd\u017ei\u0173, naudojam\u0173 adat\u0173 gamyboje, standumo vertinimo metodas. Did\u0117jant pasaulini\u0173 medicinos standart\u0173, ypa\u010d atitikties <a href=\"https:\/\/www.qualitester.com\/lt\/standards\/iso-9626\/\"><strong data-start=\"880\" data-end=\"892\">ISO 9626<\/strong><\/a> ir <strong data-start=\"897\" data-end=\"917\">ISO 9626 B priedas<\/strong>, patikimi tyrim\u0173 sprendimai tapo b\u016btini medicinos prietais\u0173 gamintojams, kokyb\u0117s kontrol\u0117s specialistams ir mokslini\u0173 tyrim\u0173 institucijoms.<\/p>\n<hr class=\"\" data-start=\"1065\" data-end=\"1068\" \/>\n<h2 data-start=\"1070\" data-end=\"1624\">Adat\u0173 vamzdeli\u0173 standumo svarba medicinos reikm\u0117ms<\/h2>\n<p class=\"\" data-start=\"1070\" data-end=\"1624\">Standumas tiesiogiai veikia adatos <strong data-start=\"1176\" data-end=\"1219\">geb\u0117jimas \u012fterpti, strukt\u016brinis vientisumas<\/strong>, ir <strong data-start=\"1225\" data-end=\"1241\">naudotojo valdymas<\/strong>. Per mink\u0161tas adatos vamzdelis gali sulinkti arba sul\u016b\u017eti, tod\u0117l kyla pavojus, kad pacientas gali susi\u017eeisti arba netinkamai suleisti vaistus. Ir atvirk\u0161\u010diai, pernelyg standi adata gali sul\u016b\u017eti arba be reikalo traumuoti \u012fvedimo metu. Tod\u0117l labai svarbu pasiekti optimali\u0105 pusiausvyr\u0105. . <strong data-start=\"1497\" data-end=\"1539\">medicinini\u0173 adat\u0173 vamzdeli\u0173 standumo testeris<\/strong> atlieka svarb\u0173 vaidmen\u012f nustatant kiekybin\u0119 pusiausvyr\u0105 ir palaikant gamybos standartus.<\/p>\n<hr class=\"\" data-start=\"1626\" data-end=\"1629\" \/>\n<h2 data-start=\"1631\" data-end=\"1921\"><strong data-start=\"1631\" data-end=\"1697\">ISO 9626 bandymai - <\/strong><strong data-start=\"1631\" data-end=\"1697\">ISO 9626 B priedas<\/strong><\/h2>\n<p class=\"\" data-start=\"1631\" data-end=\"1921\">Tarptautinis standartas <strong data-start=\"1727\" data-end=\"1744\">ISO 9626:2016<\/strong> apra\u0161omi mechaniniai ir matmen\u0173 reikalavimai, keliami ner\u016bdijan\u010dio plieno vamzdeliams, skirtiems poodin\u0117ms adatoms. <strong data-start=\"1858\" data-end=\"1869\">B priedas<\/strong> pateikiamas konkretus standumo matavimo metodas:<\/p>\n<ul data-start=\"1923\" data-end=\"2213\">\n<li class=\"\" data-start=\"1923\" data-end=\"2014\">\n<p class=\"\" data-start=\"1925\" data-end=\"2014\">A <strong data-start=\"1927\" data-end=\"1955\">\u017einoma j\u0117ga (iki 60 N)<\/strong> vamzd\u017eiai, paremti abiejuose galuose, tvirtinami centre.<\/p>\n<\/li>\n<li class=\"\" data-start=\"2015\" data-end=\"2085\">\n<p class=\"\" data-start=\"2017\" data-end=\"2085\">Gautas <strong data-start=\"2031\" data-end=\"2045\">deformacija<\/strong> matuojamas naudojant <strong data-start=\"2063\" data-end=\"2084\">0,01 mm tikslumu<\/strong>.<\/p>\n<\/li>\n<li class=\"\" data-start=\"2086\" data-end=\"2213\">\n<p class=\"\" data-start=\"2088\" data-end=\"2213\">Aparatas turi b\u016bti su bukos plei\u0161to formos <strong data-start=\"2136\" data-end=\"2147\">st\u016bmoklis<\/strong>, pasvir\u0119s ties <strong data-start=\"2161\" data-end=\"2168\">60\u00b0<\/strong>, su <strong data-start=\"2177\" data-end=\"2212\">1 mm spindulio cilindrinis pavir\u0161ius<\/strong>.<\/p>\n<\/li>\n<\/ul>\n<p class=\"\" data-start=\"2215\" data-end=\"2371\">Svetain\u0117 <strong data-start=\"2219\" data-end=\"2267\">TS-01 Medicinini\u0173 adat\u0173 vamzdeli\u0173 standumo testeris<\/strong> sukurta specialiai \u0161iam bandym\u0173 metodui atlikti, u\u017etikrinant grie\u017et\u0105 ISO standart\u0173 laikym\u0105si.<\/p>\n<hr class=\"\" data-start=\"2373\" data-end=\"2376\" \/>\n<h2 data-start=\"2378\" data-end=\"2515\"><strong data-start=\"2378\" data-end=\"2418\">Bandymo principas ir veikimo mechanizmas<\/strong><\/h2>\n<p class=\"\" data-start=\"2378\" data-end=\"2515\">Svetain\u0117 <strong data-start=\"2425\" data-end=\"2467\">medicinini\u0173 adat\u0173 vamzdeli\u0173 standumo testeris<\/strong> veikia paprastu, ta\u010diau veiksmingu principu:<\/p>\n<p class=\"\" data-start=\"2517\" data-end=\"2702\"><em data-start=\"2517\" data-end=\"2702\">\u012e simetri\u0161kai paremto vamzd\u017eio vidurio ta\u0161k\u0105 nukreipiama tiksli j\u0117ga. Tada prietaisas fiksuoja vertikali\u0105j\u0105 deformacij\u0105 ir pateikia kiekybinius standumo duomenis.<\/em><\/p>\n<p class=\"\" data-start=\"2704\" data-end=\"2753\">Svetain\u0117 <strong data-start=\"2708\" data-end=\"2723\">TS-01 modelis<\/strong> \"Cell Instruments\" funkcijos:<\/p>\n<ul data-start=\"2754\" data-end=\"3112\">\n<li class=\"\" data-start=\"2754\" data-end=\"2864\">\n<p class=\"\" data-start=\"2756\" data-end=\"2864\">Tupo plei\u0161to formos <strong data-start=\"2777\" data-end=\"2788\">st\u016bmoklis<\/strong> prijungtas prie <strong data-start=\"2804\" data-end=\"2817\">apkrovos elementas<\/strong>, u\u017etikrinant didel\u012f matavimo tikslum\u0105 (\u00b10,01 N).<\/p>\n<\/li>\n<li class=\"\" data-start=\"2865\" data-end=\"2930\">\n<p class=\"\" data-start=\"2867\" data-end=\"2930\">Judanti kry\u017emin\u0117 galvut\u0117, varoma <strong data-start=\"2900\" data-end=\"2929\">precizinis rutulinis sraigtas<\/strong>.<\/p>\n<\/li>\n<li class=\"\" data-start=\"2931\" data-end=\"3018\">\n<p class=\"\" data-start=\"2933\" data-end=\"3018\">Vamzdeli\u0173 laikiklis (indas), kuris tiksliai i\u0161lygina bandin\u012f po j\u0117gos st\u016bmokliu.<\/p>\n<\/li>\n<li class=\"\" data-start=\"3019\" data-end=\"3112\">\n<p class=\"\" data-start=\"3021\" data-end=\"3112\">Kintamas <strong data-start=\"3030\" data-end=\"3044\">bandymo greitis<\/strong> (1-500 mm\/min), kad b\u016bt\u0173 galima pritaikyti \u012fvairi\u0173 dyd\u017ei\u0173 ir med\u017eiag\u0173 vamzd\u017eius.<\/p>\n<\/li>\n<\/ul>\n<hr class=\"\" data-start=\"3114\" data-end=\"3117\" \/>\n<h2 data-start=\"3119\" data-end=\"3349\">Kod\u0117l verta rinktis TS-01 medicinini\u0173 adat\u0173 vamzdeli\u0173 standumo tester\u012f<\/h2>\n<p class=\"\" data-start=\"3119\" data-end=\"3349\">Kaip tiksli\u0173j\u0173 bandymo prietais\u0173 gamintojas, <strong data-start=\"3237\" data-end=\"3257\">\"Cell Instruments<\/strong> suk\u016br\u0117 <strong data-start=\"3271\" data-end=\"3280\">TS-01<\/strong> specialiai medicinini\u0173 adat\u0173 gamintojams. Pagrindiniai privalumai:<\/p>\n<ul data-start=\"3351\" data-end=\"3682\">\n<li class=\"\" data-start=\"3351\" data-end=\"3408\">\n<p class=\"\" data-start=\"3353\" data-end=\"3408\"><strong data-start=\"3353\" data-end=\"3407\">Visi\u0161ka atitiktis ISO 9626 ir ISO 9626 B priedo reikalavimams<\/strong>.<\/p>\n<\/li>\n<li class=\"\" data-start=\"3409\" data-end=\"3468\">\n<p class=\"\" data-start=\"3411\" data-end=\"3468\">Didel\u0117s skiriamosios gebos <strong data-start=\"3427\" data-end=\"3453\">deformacijos matavimas<\/strong> iki 0,01 mm.<\/p>\n<\/li>\n<li class=\"\" data-start=\"3469\" data-end=\"3549\">\n<p class=\"\" data-start=\"3471\" data-end=\"3549\">Tvirtas dizainas su <strong data-start=\"3490\" data-end=\"3513\">apsauga nuo perkrovos<\/strong> ir <strong data-start=\"3518\" data-end=\"3538\">automatinis gr\u012f\u017eimas<\/strong> funkcijos.<\/p>\n<\/li>\n<li class=\"\" data-start=\"3550\" data-end=\"3627\">\n<p class=\"\" data-start=\"3552\" data-end=\"3627\">Patogus naudoti <strong data-start=\"3566\" data-end=\"3593\">7 coli\u0173 jutiklinis ekranas HMI<\/strong> bandym\u0173 kontrolei ir duomen\u0173 per\u017ei\u016brai.<\/p>\n<\/li>\n<li class=\"\" data-start=\"3628\" data-end=\"3682\">\n<p class=\"\" data-start=\"3630\" data-end=\"3682\">\u012emontuotas <strong data-start=\"3639\" data-end=\"3655\">Mikroprinteris<\/strong> kad i\u0161 karto b\u016bt\u0173 i\u0161vesta ataskaita.<\/p>\n<\/li>\n<\/ul>\n<p class=\"\" data-start=\"3684\" data-end=\"3857\">\u0160ios funkcijos ne tik supaprastina testavim\u0105, bet ir pagerina <strong data-start=\"3748\" data-end=\"3794\">tikslumas, pakartojamumas ir dokumentavimas.<\/strong> reikalingi medicinos produkt\u0173 patvirtinimui ir reguliavimo auditams atlikti.<\/p>\n<hr class=\"\" data-start=\"3859\" data-end=\"3862\" \/>\n<h2 data-start=\"3864\" data-end=\"3996\">Taikomosios programos medicinos gamyboje ir moksliniuose tyrimuose<\/h2>\n<p class=\"\" data-start=\"3864\" data-end=\"3996\">Svetain\u0117 <strong data-start=\"3929\" data-end=\"3971\">medicinini\u0173 adat\u0173 vamzdeli\u0173 standumo testeris<\/strong> pla\u010diai taikomas:<\/p>\n<ul data-start=\"3997\" data-end=\"4271\">\n<li class=\"\" data-start=\"3997\" data-end=\"4038\">\n<p class=\"\" data-start=\"3999\" data-end=\"4038\">Hipodermini\u0173 ir ra\u0161iklini\u0173 adat\u0173 gamyba<\/p>\n<\/li>\n<li class=\"\" data-start=\"4039\" data-end=\"4097\">\n<p class=\"\" data-start=\"4041\" data-end=\"4097\">Kokyb\u0117s kontrol\u0117s skyriai medicinos prietais\u0173 gamyboje<\/p>\n<\/li>\n<li class=\"\" data-start=\"4098\" data-end=\"4166\">\n<p class=\"\" data-start=\"4100\" data-end=\"4166\">Mokslini\u0173 tyrim\u0173 ir taikomosios veiklos laboratorijose kuriamos naujovi\u0161kos adat\u0173 konstrukcijos<\/p>\n<\/li>\n<li class=\"\" data-start=\"4167\" data-end=\"4218\">\n<p class=\"\" data-start=\"4169\" data-end=\"4218\">Reguliavimo bandym\u0173 agent\u016bros ir kontrol\u0117s \u012fstaigos<\/p>\n<\/li>\n<li class=\"\" data-start=\"4219\" data-end=\"4271\">\n<p class=\"\" data-start=\"4221\" data-end=\"4271\">OEM gamintojai ir priva\u010di\u0173 medicinini\u0173 komponent\u0173 tiek\u0117jai<\/p>\n<\/li>\n<\/ul>\n<p class=\"\" data-start=\"4273\" data-end=\"4388\">Jame pateikiami svarb\u016bs mechaniniai duomenys, u\u017etikrinantys, kad kiekvienas adatos vamzdelis patikimai veikt\u0173 klinikin\u0117mis s\u0105lygomis.<\/p>\n<hr class=\"\" data-start=\"4390\" data-end=\"4393\" \/>\n<h2 data-start=\"4395\" data-end=\"4437\">Trumpa technin\u0117 specifikacija<\/h2>\n<div class=\"_tableContainer_16hzy_1\">\n<div class=\"_tableWrapper_16hzy_14 group flex w-fit flex-col-reverse\" tabindex=\"-1\">\n<table class=\"w-fit min-w-(--thread-content-width)\" data-start=\"4438\" data-end=\"4972\">\n<thead data-start=\"4438\" data-end=\"4503\">\n<tr data-start=\"4438\" data-end=\"4503\">\n<th data-start=\"4438\" data-end=\"4466\" data-col-size=\"sm\"><strong data-start=\"4440\" data-end=\"4453\">Parametras<\/strong><\/th>\n<th data-start=\"4466\" data-end=\"4503\" data-col-size=\"sm\"><strong data-start=\"4468\" data-end=\"4485\">Specifikacija<\/strong><\/th>\n<\/tr>\n<\/thead>\n<tbody data-start=\"4570\" data-end=\"4972\">\n<tr data-start=\"4570\" data-end=\"4635\">\n<td data-start=\"4570\" data-end=\"4598\" data-col-size=\"sm\">Did\u017eiausia bandymo j\u0117ga<\/td>\n<td data-col-size=\"sm\" data-start=\"4598\" data-end=\"4635\">60 N (pritaikoma)<\/td>\n<\/tr>\n<tr data-start=\"4636\" data-end=\"4701\">\n<td data-start=\"4636\" data-end=\"4664\" data-col-size=\"sm\">Grei\u010dio diapazonas<\/td>\n<td data-col-size=\"sm\" data-start=\"4664\" data-end=\"4701\">1-500 mm\/min<\/td>\n<\/tr>\n<tr data-start=\"4702\" data-end=\"4767\">\n<td data-start=\"4702\" data-end=\"4730\" data-col-size=\"sm\">Matavimo tikslumas<\/td>\n<td data-col-size=\"sm\" data-start=\"4730\" data-end=\"4767\">\u00b10,01 mm<\/td>\n<\/tr>\n<tr data-start=\"4768\" data-end=\"4833\">\n<td data-start=\"4768\" data-end=\"4796\" data-col-size=\"sm\">Maitinimo \u0161altinis<\/td>\n<td data-col-size=\"sm\" data-start=\"4796\" data-end=\"4833\">110~220V<\/td>\n<\/tr>\n<tr data-start=\"4834\" data-end=\"4899\">\n<td data-start=\"4834\" data-end=\"4862\" data-col-size=\"sm\">Valdymo s\u0105saja<\/td>\n<td data-col-size=\"sm\" data-start=\"4862\" data-end=\"4899\">PLC su 7 coli\u0173 HMI jutikliniu ekranu<\/td>\n<\/tr>\n<tr data-start=\"4900\" data-end=\"4972\">\n<td data-start=\"4900\" data-end=\"4928\" data-col-size=\"sm\">\u012etraukti priedai<\/td>\n<td data-col-size=\"sm\" data-start=\"4928\" data-end=\"4972\">St\u016bmoklis, vamzdeli\u0173 laikiklis, maitinimo laidas, saugiklis<\/td>\n<\/tr>\n<\/tbody>\n<\/table>\n<div class=\"sticky end-(--thread-content-margin) h-0 self-end select-none\">\n<div class=\"absolute end-0 flex items-end\"><span style=\"font-size: 16px;\">Standumo bandymai yra labai svarb\u016bs siekiant u\u017etikrinti, kad <\/span><strong style=\"font-size: 16px;\" data-start=\"5044\" data-end=\"5090\">mechaninis patikimumas ir klinikin\u0117 sauga<\/strong><span style=\"font-size: 16px;\"> poodini\u0173 adat\u0173. Laikydamiesi <\/span><strong style=\"font-size: 16px;\" data-start=\"5132\" data-end=\"5152\"><a href=\"https:\/\/www.iso.org\/standard\/60480.html\" target=\"_blank\" rel=\"noopener nofollow\">ISO 9626<\/a> testavimas<\/strong><span style=\"font-size: 16px;\"> protokolus, gamintojai gali u\u017etikrinti, kad j\u0173 vamzd\u017eiai atitinka pasaulinius eksploatacini\u0173 savybi\u0173 standartus. . <\/span><strong style=\"font-size: 16px;\" data-start=\"5247\" data-end=\"5295\">TS-01 medicinini\u0173 adatini\u0173 vamzdeli\u0173 standumo testeris<\/strong><span style=\"font-size: 16px;\"> i\u0161 <\/span><strong style=\"font-size: 16px;\" data-start=\"5301\" data-end=\"5321\">\"Cell Instruments<\/strong><span style=\"font-size: 16px;\"> si\u016blo profesional\u0173, tiksl\u0173 ir lengvai valdom\u0105 standumo matavimo sprendim\u0105. Nesvarbu, ar tai b\u016bt\u0173 atitikties, mokslini\u0173 tyrim\u0173 ir pl\u0117tros, ar kokyb\u0117s u\u017etikrinimo tikslais, TS-01 yra patikimas pasirinkimas adatini\u0173 vamzdeli\u0173 vertinimui.<\/span><\/div>\n<\/div>\n<\/div>\n<\/div>\n<hr class=\"\" data-start=\"5520\" data-end=\"5523\" \/>\n<h2 data-start=\"5525\" data-end=\"5572\">DUK: Medicinini\u0173 adat\u0173 vamzdeli\u0173 standumo testeris<\/h2>\n<p class=\"\" data-start=\"5755\" data-end=\"5933\"><strong data-start=\"5755\" data-end=\"5829\">1 klausimas: Kokio tipo adatas ar vamzdelius galima i\u0161bandyti \u0161iuo prietaisu?<\/strong><br data-start=\"5829\" data-end=\"5832\" \/>A1: Tinka ner\u016bdijan\u010dio plieno adat\u0173 vamzdeliams, naudojamiems poodin\u0117se, plunksnin\u0117se ar intravenin\u0117se adatose.<\/p>\n<p class=\"\" data-start=\"6096\" data-end=\"6253\"><strong data-start=\"6096\" data-end=\"6138\">2 klausimas: Ar galiu i\u0161bandyti skirting\u0173 dyd\u017ei\u0173 vamzd\u017eius?<\/strong><br data-start=\"6138\" data-end=\"6141\" \/>A2: Taip, testeris turi reguliuojamus laikiklius ir palaiko skirtingus tarpatramius pagal ISO 2 lentel\u0117s specifikacijas.<\/p>","protected":false},"excerpt":{"rendered":"<p>Introduction to Medical Needle Tubing Stiffness Tester Ensuring the mechanical integrity of hypodermic needles is critical in the medical field. One essential property that influences performance, safety, and usability is tubing stiffness. The medical needle tubing stiffness tester provides a standardized, precise method to evaluate the stiffness of stainless steel tubing used in needle manufacturing. &hellip;<\/p>\n<p class=\"read-more\"> <a class=\"\" href=\"https:\/\/www.qualitester.com\/lt\/produktas-2\/medical-needle-tubing-stiffness-tester\/\"> <span class=\"screen-reader-text\">TS-01 vamzd\u017ei\u0173 standumo testeris<\/span> Skaityti daugiau \"<\/a><\/p>","protected":false},"featured_media":6646,"comment_status":"closed","ping_status":"closed","template":"","meta":{"site-sidebar-layout":"default","site-content-layout":"default","ast-global-header-display":"","ast-main-header-display":"","ast-hfb-above-header-display":"","ast-hfb-below-header-display":"","ast-hfb-mobile-header-display":"","site-post-title":"","ast-breadcrumbs-content":"","ast-featured-img":"","footer-sml-layout":"","theme-transparent-header-meta":"default","adv-header-id-meta":"","stick-header-meta":"","header-above-stick-meta":"","header-main-stick-meta":"","header-below-stick-meta":""},"product_cat":[1180,845,934,149],"product_tag":[],"class_list":{"0":"post-6644","1":"product","2":"type-product","3":"status-publish","4":"has-post-thumbnail","6":"product_cat-iso-9626","7":"product_cat-customization","8":"product_cat-medical-packaging-tester","9":"product_cat-pharma-and-medical-testers","10":"desktop-align-left","11":"tablet-align-left","12":"mobile-align-left","14":"first","15":"instock","16":"shipping-taxable","17":"product-type-simple"},"_links":{"self":[{"href":"https:\/\/www.qualitester.com\/lt\/wp-json\/wp\/v2\/product\/6644","targetHints":{"allow":["GET"]}}],"collection":[{"href":"https:\/\/www.qualitester.com\/lt\/wp-json\/wp\/v2\/product"}],"about":[{"href":"https:\/\/www.qualitester.com\/lt\/wp-json\/wp\/v2\/types\/product"}],"replies":[{"embeddable":true,"href":"https:\/\/www.qualitester.com\/lt\/wp-json\/wp\/v2\/comments?post=6644"}],"version-history":[{"count":0,"href":"https:\/\/www.qualitester.com\/lt\/wp-json\/wp\/v2\/product\/6644\/revisions"}],"wp:featuredmedia":[{"embeddable":true,"href":"https:\/\/www.qualitester.com\/lt\/wp-json\/wp\/v2\/media\/6646"}],"wp:attachment":[{"href":"https:\/\/www.qualitester.com\/lt\/wp-json\/wp\/v2\/media?parent=6644"}],"wp:term":[{"taxonomy":"product_cat","embeddable":true,"href":"https:\/\/www.qualitester.com\/lt\/wp-json\/wp\/v2\/product_cat?post=6644"},{"taxonomy":"product_tag","embeddable":true,"href":"https:\/\/www.qualitester.com\/lt\/wp-json\/wp\/v2\/product_tag?post=6644"}],"curies":[{"name":"wp","href":"https:\/\/api.w.org\/{rel}","templated":true}]}}