{"id":6640,"date":"2025-05-07T10:25:05","date_gmt":"2025-05-07T02:25:05","guid":{"rendered":"https:\/\/www.qualitester.com\/?post_type=product&#038;p=6640"},"modified":"2025-05-07T10:25:05","modified_gmt":"2025-05-07T02:25:05","slug":"syringe-piston-glide-force-tester","status":"publish","type":"product","link":"https:\/\/www.qualitester.com\/lt\/produktas-2\/syringe-piston-glide-force-tester\/","title":{"rendered":"SSR-01 \u0160virk\u0161to slankiojo pasiprie\u0161inimo testeris"},"content":{"rendered":"<h2 data-start=\"378\" data-end=\"1083\">Slydimo j\u0117gos svarba \u0161virk\u0161to veikimui<\/h2>\n<p class=\"\" data-start=\"378\" data-end=\"1083\">\u0160virk\u0161t\u0173 gamyboje ir kokyb\u0117s kontrol\u0117je, <em data-start=\"497\" data-end=\"510\">slydimo j\u0117ga<\/em> vaidina lemiam\u0105 vaidmen\u012f nustatant, kaip skland\u017eiai ir tolygiai jud\u0117s \u0161virk\u0161to st\u016bmoklis suleid\u017eiant vaist\u0105. Tai turi tiesiogin\u0117s \u012ftakos patogumui, pacient\u0173 komfortui ir dozavimo tikslumui. \u0160iame straipsnyje pristatomas <strong data-start=\"727\" data-end=\"764\">\u0160virk\u0161to st\u016bmoklio slydimo j\u0117gos testeris<\/strong>, specialus prietaisas, skirtas \u0161iam svarbiam parametrui kiekybi\u0161kai nustatyti pagal <strong data-start=\"854\" data-end=\"876\">ISO 7886-1 E priedas<\/strong>. I\u0161samiau aptarsime jo testavimo metod\u0105, technines galimybes ir kaip jis padeda u\u017etikrinti atitikt\u012f <strong data-start=\"977\" data-end=\"997\"><a href=\"https:\/\/www.qualitester.com\/lt\/standards\/iso-7886-1\/\" target=\"_blank\" rel=\"noopener\">ISO 7886<\/a> testavimas<\/strong> reikalavimai - labai svarb\u016bs \u0161virk\u0161t\u0173 gamintojams ir kokyb\u0117s u\u017etikrinimo specialistams.<\/p>\n<hr class=\"\" data-start=\"1085\" data-end=\"1088\" \/>\n<h2 data-start=\"1090\" data-end=\"1367\">\u0160virk\u0161to st\u016bmoklio slydimo j\u0117gos testeris ir ISO 7886 bandym\u0173 paai\u0161kinimas<\/h2>\n<p class=\"\" data-start=\"1090\" data-end=\"1367\">Svetain\u0117 <strong data-start=\"1165\" data-end=\"1202\">\u0160virk\u0161to st\u016bmoklio slydimo j\u0117gos testeris<\/strong>-taip pat vadinama <strong data-start=\"1227\" data-end=\"1271\">SSR-01 \u0160virk\u0161to slankiojo pasiprie\u0161inimo testeris<\/strong>-skirtas atlikti tikslius poodini\u0173 \u0161virk\u0161t\u0173 bandymus. Pagrindin\u0117 jo funkcija - matuoti:<\/p>\n<ul data-start=\"1369\" data-end=\"1537\">\n<li class=\"\" data-start=\"1369\" data-end=\"1431\">\n<p class=\"\" data-start=\"1371\" data-end=\"1431\">Svetain\u0117 <strong data-start=\"1375\" data-end=\"1395\">inicijuojanti j\u0117ga<\/strong> reikalingas st\u016bmoklio jud\u0117jimui prad\u0117ti<\/p>\n<\/li>\n<li class=\"\" data-start=\"1432\" data-end=\"1481\">\n<p class=\"\" data-start=\"1434\" data-end=\"1481\">Svetain\u0117 <strong data-start=\"1438\" data-end=\"1452\">vidutin\u0117 j\u0117ga<\/strong> nepertraukiamo jud\u0117jimo metu<\/p>\n<\/li>\n<li class=\"\" data-start=\"1482\" data-end=\"1537\">\n<p class=\"\" data-start=\"1484\" data-end=\"1537\">Svetain\u0117 <strong data-start=\"1488\" data-end=\"1505\">did\u017eiausia j\u0117ga<\/strong> su kuriais susiduriama atliekant bandym\u0105.<\/p>\n<\/li>\n<\/ul>\n<p class=\"\" data-start=\"1539\" data-end=\"1878\">\u0160ie parametrai yra svarbiausi slydimo j\u0117gos profiliui, apra\u0161ytam <strong data-start=\"1607\" data-end=\"1629\">ISO 7886-1 E priedas<\/strong>, tarptautinis standartas, reglamentuojantis rankomis naudojamus sterilius poodinius \u0161virk\u0161tus. E priede i\u0161samiai apra\u0161ytas metodas, skirtas \u012fvertinti, kok\u012f pasiprie\u0161inim\u0105 kelia st\u016bmoklis, kai skystis i\u0161stumiamas pastoviu grei\u010diu, naudojant distiliuot\u0105 vanden\u012f ir standartizuot\u0105 s\u0105rank\u0105.<\/p>\n<p class=\"\" data-start=\"1880\" data-end=\"2117\">Prisitaik\u0119 prie ISO 7886 standarto, gamintojai gali u\u017etikrinti, kad j\u0173 gaminiai atitikt\u0173 pasaulinius saugos ir eksploatacini\u0173 savybi\u0173 l\u016bkes\u010dius. Tai labai svarbu steriliems medicinos prietaisams, skirtiems pla\u010diai naudoti ligonin\u0117se, klinikose ir sveikatos prie\u017ei\u016bros namuose.<\/p>\n<hr class=\"\" data-start=\"2119\" data-end=\"2122\" \/>\n<h2 data-start=\"2124\" data-end=\"2358\">Kaip matuojama slydimo j\u0117ga: ISO 7886-1 priedo E proced\u016bra<\/h2>\n<p class=\"\" data-start=\"2124\" data-end=\"2358\">Norint tiksliai nustatyti slydimo j\u0117g\u0105, reikia <strong data-start=\"2233\" data-end=\"2277\">SSR-01 \u0160virk\u0161to st\u016bmoklio slydimo j\u0117gos testeris<\/strong> taiko proced\u016br\u0105, numatyt\u0105 <strong data-start=\"2311\" data-end=\"2333\">ISO 7886-1 E priedas<\/strong>. Pagrindiniai \u017eingsniai yra \u0161ie:<\/p>\n<ul data-start=\"2360\" data-end=\"2688\">\n<li class=\"\" data-start=\"2360\" data-end=\"2438\">\n<p class=\"\" data-start=\"2362\" data-end=\"2438\">\u0160virk\u0161to u\u017epildymas <strong data-start=\"2387\" data-end=\"2406\">distiliuotas vanduo<\/strong> vir\u0161ija savo vardin\u0119 talp\u0105.<\/p>\n<\/li>\n<li class=\"\" data-start=\"2439\" data-end=\"2547\">\n<p class=\"\" data-start=\"2441\" data-end=\"2547\">Pritvirtinkite j\u012f prie bandym\u0173 laikiklio, o rezervuaro vandens lyg\u012f sulygiuokite su \u0161virk\u0161to cilindro viduriu.<\/p>\n<\/li>\n<li class=\"\" data-start=\"2548\" data-end=\"2591\">\n<p class=\"\" data-start=\"2550\" data-end=\"2591\">Nustatymas <strong data-start=\"2562\" data-end=\"2590\">bandymo greitis 100 mm\/min<\/strong>.<\/p>\n<\/li>\n<li class=\"\" data-start=\"2592\" data-end=\"2688\">\n<p class=\"\" data-start=\"2594\" data-end=\"2688\">Mechanin\u0117s pavaros \u012fjungimas st\u016bmokliui nuspausti, nuolat registruojant j\u0117gos duomenis.<\/p>\n<\/li>\n<\/ul>\n<p class=\"\" data-start=\"2690\" data-end=\"2710\">Sistema fiksuoja:<\/p>\n<ul data-start=\"2712\" data-end=\"2929\">\n<li class=\"\" data-start=\"2712\" data-end=\"2784\">\n<p class=\"\" data-start=\"2714\" data-end=\"2784\"><strong data-start=\"2714\" data-end=\"2740\">Pradin\u0117 j\u0117ga (fs):<\/strong> j\u0117ga, reikalinga st\u016bmoklio jud\u0117jimui prad\u0117ti.<\/p>\n<\/li>\n<li class=\"\" data-start=\"2785\" data-end=\"2855\">\n<p class=\"\" data-start=\"2787\" data-end=\"2855\"><strong data-start=\"2787\" data-end=\"2812\">Vidutin\u0117 slydimo j\u0117ga (F):<\/strong> vidutin\u0119 j\u0117g\u0105 per vis\u0105 st\u016bmoklio jud\u0117jimo laik\u0105.<\/p>\n<\/li>\n<li class=\"\" data-start=\"2856\" data-end=\"2929\">\n<p class=\"\" data-start=\"2858\" data-end=\"2929\"><strong data-start=\"2858\" data-end=\"2883\">Did\u017eiausia j\u0117ga (Fmax):<\/strong> did\u017eiausia j\u0117ga, kurios reikia st\u016bmokliui judant.<\/p>\n<\/li>\n<\/ul>\n<p class=\"\" data-start=\"2931\" data-end=\"3036\">\u0160is standartizuotas procesas u\u017etikrina tiksl\u0173 pakartojamum\u0105 ir duomen\u0173 vientisum\u0105 kokyb\u0117s kontrol\u0117s ataskaitose.<\/p>\n<hr class=\"\" data-start=\"3038\" data-end=\"3041\" \/>\n<h2 data-start=\"3043\" data-end=\"3268\">Pagrindin\u0117s SSR-01 \u0161virk\u0161to slydimo var\u017eos testerio savyb\u0117s<\/h2>\n<p class=\"\" data-start=\"3043\" data-end=\"3268\">\u2019Cell Instruments\u2019 <strong data-start=\"3124\" data-end=\"3134\">SSR-01<\/strong> modelis suteikia \u0161virk\u0161to slydimo j\u0117gos bandymams automatizavimo, patikimumo ir didel\u0117s skiriamosios gebos duomen\u0173. Kai kurios i\u0161 i\u0161skirtini\u0173 jo savybi\u0173 yra \u0161ios:<\/p>\n<ul data-start=\"3270\" data-end=\"3842\">\n<li class=\"\" data-start=\"3270\" data-end=\"3340\">\n<p class=\"\" data-start=\"3272\" data-end=\"3340\"><strong data-start=\"3272\" data-end=\"3290\">Didelis tikslumas:<\/strong> \u00b10,5% visos skal\u0117s rodmenys j\u0117gos matavimams<\/p>\n<\/li>\n<li class=\"\" data-start=\"3341\" data-end=\"3420\">\n<p class=\"\" data-start=\"3343\" data-end=\"3420\"><strong data-start=\"3343\" data-end=\"3371\">Patogi vartotojui s\u0105saja:<\/strong> 7 coli\u0173 HMI jutiklinis ekranas su intuityviu valdymu<\/p>\n<\/li>\n<li class=\"\" data-start=\"3421\" data-end=\"3502\">\n<p class=\"\" data-start=\"3423\" data-end=\"3502\"><strong data-start=\"3423\" data-end=\"3450\">Tiksliosios pavaros sistema:<\/strong> Rutulinis \u0161vino sraigto mechanizmas ir kintamas bandymo greitis<\/p>\n<\/li>\n<li class=\"\" data-start=\"3503\" data-end=\"3595\">\n<p class=\"\" data-start=\"3505\" data-end=\"3595\"><strong data-start=\"3505\" data-end=\"3526\">Turtingas duomen\u0173 i\u0161vestis:<\/strong> Vienu metu fiksuojamos pradin\u0117, vidutin\u0117 ir did\u017eiausia slydimo j\u0117gos<\/p>\n<\/li>\n<li class=\"\" data-start=\"3596\" data-end=\"3673\">\n<p class=\"\" data-start=\"3598\" data-end=\"3673\"><strong data-start=\"3598\" data-end=\"3624\">Pritaikomi \u0161viestuvai:<\/strong> Pritaikomas \u012fvairi\u0173 tip\u0173 ir dyd\u017ei\u0173 \u0161virk\u0161tams<\/p>\n<\/li>\n<li class=\"\" data-start=\"3674\" data-end=\"3733\">\n<p class=\"\" data-start=\"3676\" data-end=\"3733\"><strong data-start=\"3676\" data-end=\"3700\">Apsauga nuo perkrovos:<\/strong> Didina saugum\u0105 atliekant bandymus<\/p>\n<\/li>\n<li class=\"\" data-start=\"3734\" data-end=\"3842\">\n<p class=\"\" data-start=\"3736\" data-end=\"3842\"><strong data-start=\"3736\" data-end=\"3763\">Automatinis gr\u0105\u017einimas ir spausdinimas:<\/strong> Gr\u012f\u017eta \u012f pradin\u0119 pad\u0117t\u012f ir atspausdina testo rezultatus integruotu mikrospausdintuvu<\/p>\n<\/li>\n<\/ul>\n<p class=\"\" data-start=\"3844\" data-end=\"3975\">\u0160ios galimyb\u0117s ne tik supaprastina atitikt\u012f <strong data-start=\"3897\" data-end=\"3911\">ISO 7886-1<\/strong> bet taip pat optimizuoti darbo eigos efektyvum\u0105 ir suma\u017einti rankini\u0173 klaid\u0173 skai\u010di\u0173.<\/p>\n<hr class=\"\" data-start=\"3977\" data-end=\"3980\" \/>\n<h2 data-start=\"3982\" data-end=\"4120\">\u012evairi\u0173 pramon\u0117s \u0161ak\u0173 taikomosios programos<\/h2>\n<p class=\"\" data-start=\"3982\" data-end=\"4120\">Slydimo j\u0117gos bandymai yra labai svarb\u016bs \u012fvairiuose sektoriuose, kuriuose \u0161virk\u0161tai yra svarb\u016bs komponentai:<\/p>\n<ul data-start=\"4122\" data-end=\"4446\">\n<li class=\"\" data-start=\"4122\" data-end=\"4205\">\n<p class=\"\" data-start=\"4124\" data-end=\"4205\"><strong data-start=\"4124\" data-end=\"4157\">Medicinos prietais\u0173 gamyba:<\/strong> U\u017etikrina skland\u0173 darb\u0105 ir pacient\u0173 saug\u0105<\/p>\n<\/li>\n<li class=\"\" data-start=\"4206\" data-end=\"4275\">\n<p class=\"\" data-start=\"4208\" data-end=\"4275\"><strong data-start=\"4208\" data-end=\"4237\">Vaist\u0173 pakuot\u0117s:<\/strong> Patikrina tinkamus pristatymo mechanizmus.<\/p>\n<\/li>\n<li class=\"\" data-start=\"4276\" data-end=\"4365\">\n<p class=\"\" data-start=\"4278\" data-end=\"4365\"><strong data-start=\"4278\" data-end=\"4314\">Reguliavimo bandym\u0173 laboratorijos:<\/strong> Patvirtina atitikt\u012f tarptautiniams standartams<\/p>\n<\/li>\n<li class=\"\" data-start=\"4366\" data-end=\"4446\">\n<p class=\"\" data-start=\"4368\" data-end=\"4446\"><strong data-start=\"4368\" data-end=\"4394\">Kokyb\u0117s kontrol\u0117s padaliniai:<\/strong> defektini\u0173 \u0161virk\u0161t\u0173 nustatymas gamybos prad\u017eioje<\/p>\n<\/li>\n<\/ul>\n<p class=\"\" data-start=\"4448\" data-end=\"4583\">SSR-01 naudojamas ligonin\u0117se, laboratorijose ir pramonin\u0117se gamybos linijose, tod\u0117l \u012frodo savo universalum\u0105 ir patikimum\u0105.<\/p>\n<hr class=\"\" data-start=\"4585\" data-end=\"4588\" \/>\n<h2 data-start=\"4590\" data-end=\"5050\">Kod\u0117l verta rinktis \u2019Cell Instruments\" SSR-01 slydimo j\u0117gai tikrinti?<\/h2>\n<p class=\"\" data-start=\"4590\" data-end=\"5050\">\"Cell Instruments\" turi daug patirties <strong data-start=\"4702\" data-end=\"4736\">med\u017eiag\u0173 ir pakuo\u010di\u0173 bandymai<\/strong> ir si\u016blo visi\u0161k\u0105 pritaikym\u0105, kad atitikt\u0173 specializuotus testavimo reikalavimus. SSR-01 - tai m\u016bs\u0173 \u012fsipareigojimas <strong data-start=\"4849\" data-end=\"4909\">inovacijos, kokyb\u0117s u\u017etikrinimas ir atitiktis teis\u0117s akt\u0173 reikalavimams.<\/strong>. Pasirink\u0119 m\u016bs\u0173 sprendim\u0105, \u0161virk\u0161t\u0173 gamintojai \u012fgyja patikim\u0105 partner\u012f, padedant\u012f laikytis ISO 7886-1 ir nuolat tobulinti gaminius.<\/p>\n<p class=\"\" data-start=\"5057\" data-end=\"5513\">Supratimas ir kontrol\u0117 <em data-start=\"5104\" data-end=\"5117\">slydimo j\u0117ga<\/em> tai ne tik standart\u0173 laikymasis - tai kokyb\u0117s ir saugos u\u017etikrinimas galutiniams vartotojams. Su \u2019Cell Instruments\u2019 <strong data-start=\"5232\" data-end=\"5269\">\u0160virk\u0161to st\u016bmoklio slydimo j\u0117gos testeris<\/strong>, atitiktis <strong data-start=\"5287\" data-end=\"5309\"><a href=\"https:\/\/www.iso.org\/standard\/64790.html\" target=\"_blank\" rel=\"noopener nofollow\">ISO 7886-1<\/a> E priedas<\/strong> tampa paprasta ir patikima. Nesvarbu, ar dirbate farmacijos gamyboje, medicinos prietais\u0173 kokyb\u0117s u\u017etikrinimo srityje, ar laboratorijoje. <strong data-start=\"5447\" data-end=\"5457\">SSR-01<\/strong> yra j\u016bs\u0173 sprendimas, u\u017etikrinantis tikslum\u0105, nuoseklum\u0105 ir pasitik\u0117jim\u0105.<\/p>\n<hr class=\"\" data-start=\"5515\" data-end=\"5518\" \/>\n<h2 data-start=\"5520\" data-end=\"5530\">DUK<\/h2>\n<p class=\"\" data-start=\"5532\" data-end=\"5765\"><strong data-start=\"5532\" data-end=\"5603\">1. Kas yra slydimo j\u0117ga ir kod\u0117l ji svarbi atliekant \u0161virk\u0161to bandymus?<\/strong><br data-start=\"5603\" data-end=\"5606\" \/>Slydimo j\u0117ga - tai pasiprie\u0161inimas, su kuriuo susiduriama judinant \u0161virk\u0161to st\u016bmokl\u012f. Ji labai svarbi siekiant u\u017etikrinti skland\u0173 vaist\u0173 tiekim\u0105 ir i\u0161vengti naudotojo diskomforto.<\/p>\n<p class=\"\" data-start=\"5962\" data-end=\"6133\"><strong data-start=\"5962\" data-end=\"6018\">2. Kokios j\u0117gos matuojamos naudojant SSR-01 tester\u012f?<\/strong><br data-start=\"6018\" data-end=\"6021\" \/>SSR-01 matuoja <strong data-start=\"6045\" data-end=\"6065\">inicijuojanti j\u0117ga<\/strong>, <strong data-start=\"6067\" data-end=\"6087\">vidurkis<\/strong>, ir <strong data-start=\"6093\" data-end=\"6116\">did\u017eiausia slydimo j\u0117ga<\/strong> bandymo metu.<\/p>\n<p class=\"\" data-start=\"6135\" data-end=\"6287\"><strong data-start=\"6135\" data-end=\"6190\">3. Ar SSR-01 gali tikrinti skirting\u0173 dyd\u017ei\u0173 \u0161virk\u0161tus?<\/strong><br data-start=\"6190\" data-end=\"6193\" \/>Taip, sistemoje yra kelios tvirtinimo detal\u0117s, kurios tinka \u012fvairi\u0173 dyd\u017ei\u0173 ir t\u016bri\u0173 \u0161virk\u0161tams.<\/p>\n<p class=\"\" data-start=\"6289\" data-end=\"6506\"><strong data-start=\"6289\" data-end=\"6351\">4. Kaip \"Cell Instruments\" palaiko u\u017esakom\u0173j\u0173 bandym\u0173 poreikius?<\/strong><br data-start=\"6351\" data-end=\"6354\" \/>Teikiame <strong data-start=\"6365\" data-end=\"6442\">pasirinktini\u0173 laikikli\u0173 k\u016brimas, automatikos atnaujinimas ir programin\u0117s \u012frangos integravimas.<\/strong> kad atitikt\u0173 konkre\u010dius klient\u0173 reikalavimus \u012fvairiose pramon\u0117s \u0161akose.<\/p>","protected":false},"excerpt":{"rendered":"<p>The Importance of Glide Force in Syringe Performance In syringe manufacturing and quality control, glide force plays a pivotal role in determining how smoothly and consistently a syringe\u2019s piston moves during drug administration. It directly impacts usability, patient comfort, and dosing accuracy. This article introduces the Syringe Piston Glide Force Tester, a specialized instrument designed &hellip;<\/p>\n<p class=\"read-more\"> <a class=\"\" href=\"https:\/\/www.qualitester.com\/lt\/produktas-2\/syringe-piston-glide-force-tester\/\"> <span class=\"screen-reader-text\">SSR-01 \u0160virk\u0161to slankiojo pasiprie\u0161inimo testeris<\/span> Skaityti daugiau \"<\/a><\/p>","protected":false},"featured_media":6642,"comment_status":"closed","ping_status":"closed","template":"","meta":{"site-sidebar-layout":"default","site-content-layout":"default","ast-global-header-display":"","ast-main-header-display":"","ast-hfb-above-header-display":"","ast-hfb-below-header-display":"","ast-hfb-mobile-header-display":"","site-post-title":"","ast-breadcrumbs-content":"","ast-featured-img":"","footer-sml-layout":"","theme-transparent-header-meta":"default","adv-header-id-meta":"","stick-header-meta":"","header-above-stick-meta":"","header-main-stick-meta":"","header-below-stick-meta":""},"product_cat":[1053,934,149],"product_tag":[],"class_list":{"0":"post-6640","1":"product","2":"type-product","3":"status-publish","4":"has-post-thumbnail","6":"product_cat-iso-7886-1","7":"product_cat-medical-packaging-tester","8":"product_cat-pharma-and-medical-testers","9":"desktop-align-left","10":"tablet-align-left","11":"mobile-align-left","13":"first","14":"instock","15":"shipping-taxable","16":"product-type-simple"},"_links":{"self":[{"href":"https:\/\/www.qualitester.com\/lt\/wp-json\/wp\/v2\/product\/6640","targetHints":{"allow":["GET"]}}],"collection":[{"href":"https:\/\/www.qualitester.com\/lt\/wp-json\/wp\/v2\/product"}],"about":[{"href":"https:\/\/www.qualitester.com\/lt\/wp-json\/wp\/v2\/types\/product"}],"replies":[{"embeddable":true,"href":"https:\/\/www.qualitester.com\/lt\/wp-json\/wp\/v2\/comments?post=6640"}],"version-history":[{"count":0,"href":"https:\/\/www.qualitester.com\/lt\/wp-json\/wp\/v2\/product\/6640\/revisions"}],"wp:featuredmedia":[{"embeddable":true,"href":"https:\/\/www.qualitester.com\/lt\/wp-json\/wp\/v2\/media\/6642"}],"wp:attachment":[{"href":"https:\/\/www.qualitester.com\/lt\/wp-json\/wp\/v2\/media?parent=6640"}],"wp:term":[{"taxonomy":"product_cat","embeddable":true,"href":"https:\/\/www.qualitester.com\/lt\/wp-json\/wp\/v2\/product_cat?post=6640"},{"taxonomy":"product_tag","embeddable":true,"href":"https:\/\/www.qualitester.com\/lt\/wp-json\/wp\/v2\/product_tag?post=6640"}],"curies":[{"name":"wp","href":"https:\/\/api.w.org\/{rel}","templated":true}]}}