{"id":6632,"date":"2025-04-27T15:48:37","date_gmt":"2025-04-27T07:48:37","guid":{"rendered":"https:\/\/www.qualitester.com\/?post_type=product&#038;p=6632"},"modified":"2025-04-27T15:49:57","modified_gmt":"2025-04-27T07:49:57","slug":"syringe-liquid-leakage-tester","status":"publish","type":"product","link":"https:\/\/www.qualitester.com\/lt\/produktas-2\/syringe-liquid-leakage-tester\/","title":{"rendered":"SPPT-01 \u0160virk\u0161to skys\u010di\u0173 nuot\u0117kio testeris"},"content":{"rendered":"<p class=\"\" data-start=\"314\" data-end=\"826\">\u0160virk\u0161t\u0173 skys\u010dio nuot\u0117kio testeriai yra svarb\u016bs \u012frankiai, u\u017etikrinantys \u0161virk\u0161t\u0173, naudojam\u0173 medicinoje, saugum\u0105 ir patikimum\u0105. \u0160ie prietaisai padeda gamintojams aptikti bet kok\u012f nuot\u0117k\u012f i\u0161 \u0161virk\u0161t\u0173, veikiant sl\u0117giui, ir u\u017etikrina, kad \u0161virk\u0161tai atitikt\u0173 grie\u017etus funkcionalumo ir saugos standartus, ypa\u010d sveikatos prie\u017ei\u016bros ir farmacijos pramon\u0117je.<\/p>\n<h3 class=\"\" data-start=\"4972\" data-end=\"5027\"><strong data-start=\"4976\" data-end=\"5027\">\u2019Cell Instruments\" \u0161virk\u0161t\u0173 nuot\u0117kio testavimo sprendimas<\/strong><\/h3>\n<p class=\"\" data-start=\"5029\" data-end=\"5331\">Svetain\u0117je <strong data-start=\"5032\" data-end=\"5052\">\"Cell Instruments<\/strong>, si\u016blome <strong data-start=\"5067\" data-end=\"5121\">SPPT-01 \u0160virk\u0161to skys\u010di\u0173 nuot\u0117kio testeris<\/strong>, sud\u0117tingas sprendimas, skirtas pad\u0117ti gamintojams tiksliai ir efektyviai atlikti \u0161virk\u0161t\u0173 skys\u010di\u0173 nuot\u0117kio bandymus. \u0160is testeris atitinka<a href=\"https:\/\/www.qualitester.com\/lt\/produkto-kategorija-2\/iso\/iso-7886-1\/\"> ISO 7886-1<\/a> ir turi tokias pa\u017eangias funkcijas kaip:<\/p>\n<ul data-start=\"5333\" data-end=\"5767\">\n<li class=\"\" data-start=\"5333\" data-end=\"5435\">\n<p class=\"\" data-start=\"5335\" data-end=\"5435\"><strong data-start=\"5335\" data-end=\"5375\">PLC valdymas ir 7 coli\u0173 HMI jutiklinis ekranas<\/strong>: Lengvas valdymas ir tiksli bandym\u0173 proceso kontrol\u0117.<\/p>\n<\/li>\n<li class=\"\" data-start=\"5436\" data-end=\"5517\">\n<p class=\"\" data-start=\"5438\" data-end=\"5517\"><strong data-start=\"5438\" data-end=\"5463\">Reguliuojamas bandymo greitis<\/strong>: Leid\u017eia lanks\u010diai i\u0161bandyti \u012fvairi\u0173 tip\u0173 \u0161virk\u0161tus.<\/p>\n<\/li>\n<li class=\"\" data-start=\"5518\" data-end=\"5640\">\n<p class=\"\" data-start=\"5520\" data-end=\"5640\"><strong data-start=\"5520\" data-end=\"5537\">Didelis tikslumas<\/strong>: M\u016bs\u0173 testeris, kurio apkrovos jutiklis gali veikti iki 200 N, o tikslumas - 0,01 mm, u\u017etikrina labai patikimus rezultatus.<\/p>\n<\/li>\n<li class=\"\" data-start=\"5641\" data-end=\"5767\">\n<p class=\"\" data-start=\"5643\" data-end=\"5767\"><strong data-start=\"5643\" data-end=\"5664\">Keli \u0161viestuvai<\/strong>: Tinka \u012fvairi\u0173 dyd\u017ei\u0173 ir tip\u0173 \u0161virk\u0161tams, tod\u0117l j\u012f galima naudoti \u012fvairiems bandymams.<\/p>\n<\/li>\n<\/ul>\n<p class=\"\" data-start=\"5769\" data-end=\"5933\">Naudodami <strong data-start=\"5778\" data-end=\"5830\">\u2019Cell Instruments\" \u0161virk\u0161t\u0173 sandarumo testavimo \u012franga<\/strong>, galite u\u017etikrinti, kad j\u016bs\u0173 \u0161virk\u0161tai atitikt\u0173 auk\u0161\u010diausius kokyb\u0117s standartus ir i\u0161laikyt\u0173 kritinius sandarumo bandymus.<\/p>\n<h3 class=\"\" data-start=\"828\" data-end=\"880\"><strong data-start=\"832\" data-end=\"880\">Supratimas apie \u0161virk\u0161t\u0173 skys\u010di\u0173 nuot\u0117kio bandymus<\/strong><\/h3>\n<p class=\"\" data-start=\"882\" data-end=\"1282\">\u0160virk\u0161t\u0173 skys\u010dio nuot\u0117kio testeriai skirti \u0161virk\u0161t\u0173 vientisumui tikrinti imituojant s\u0105lygas, su kuriomis jie susiduria naudojimo metu. Pagrindinis \u0161i\u0173 bandym\u0173 tikslas - u\u017etikrinti, kad \u0161virk\u0161tai neb\u016bt\u0173 nesandar\u016bs veikiant sl\u0117giui, o tai gal\u0117t\u0173 pakenkti j\u0173 veikimui ir pacient\u0173 saugai. Nuot\u0117kio bandymas apima \u0161virk\u0161to spaudim\u0105 ir tikrinim\u0105, ar n\u0117ra nuot\u0117kio u\u017e st\u016bmoklio kam\u0161\u010dio sandariklio.<\/p>\n<p class=\"\" data-start=\"1284\" data-end=\"1701\">Svetain\u0117 <strong data-start=\"1288\" data-end=\"1310\">ISO 7886-1 bandymai<\/strong> standartas labai svarbus gamintojams, kai reikia \u012fvertinti \u0161virk\u0161t\u0173 sandarum\u0105. Jame apra\u0161ytos tinkamos \u0161virk\u0161t\u0173 bandymo proced\u016bros, kuriomis siekiama nustatyti bet kok\u012f nuot\u0117k\u012f, galint\u012f atsirasti d\u0117l gamybos defekt\u0173, pa\u017eeidim\u0173 ar netinkamo sandarinimo. . <strong data-start=\"1559\" data-end=\"1573\">ISO 7886-1<\/strong> standarte nurodomi \u0161virk\u0161to geb\u0117jimo i\u0161laikyti sl\u0117g\u012f ir u\u017etikrinti, kad naudojimo metu nei\u0161b\u0117gt\u0173 skystis, bandymo metodai.<\/p>\n<h3 class=\"\" data-start=\"1703\" data-end=\"1767\"><strong data-start=\"1707\" data-end=\"1767\">\u0160virk\u0161t\u0173 nuot\u0117kio testavimo metodika: \u017dingsnis po \u017eingsnio procesas<\/strong><\/h3>\n<p class=\"\" data-start=\"1769\" data-end=\"1947\">Procesas <strong data-start=\"1785\" data-end=\"1809\">\u0161virk\u0161t\u0173 sandarumo testavimas<\/strong> yra gana paprastas, ta\u010diau norint u\u017etikrinti tikslius rezultatus, reikia tikslios \u012frangos. \u010cia ap\u017evelgiami pagrindiniai etapai:<\/p>\n<ol data-start=\"1949\" data-end=\"3006\">\n<li class=\"\" data-start=\"1949\" data-end=\"2136\">\n<p class=\"\" data-start=\"1952\" data-end=\"2136\"><strong data-start=\"1952\" data-end=\"1975\">\u0160virk\u0161to pildymas<\/strong>: \u0160virk\u0161tas pripildomas distiliuotu vandeniu iki vardin\u0117s talpos. Vandens temperat\u016bra turi b\u016bti nuo 18 \u00b0C iki 28 \u00b0C, kad b\u016bt\u0173 i\u0161vengta tyrimo neatitikim\u0173.<\/p>\n<\/li>\n<li class=\"\" data-start=\"2138\" data-end=\"2275\">\n<p class=\"\" data-start=\"2141\" data-end=\"2275\"><strong data-start=\"2141\" data-end=\"2163\">Antgalio sandarinimas<\/strong>: Pripildytas \u0161virk\u0161to antgalis u\u017esandarinamas tinkamu \u012ftaisu, u\u017etikrinan\u010diu, kad bandymo metu nei\u0161eit\u0173 oro.<\/p>\n<\/li>\n<li class=\"\" data-start=\"2277\" data-end=\"2545\">\n<p class=\"\" data-start=\"2280\" data-end=\"2545\"><strong data-start=\"2280\" data-end=\"2307\">\u0160onin\u0117s j\u0117gos taikymas<\/strong>: \u0160virk\u0161to st\u016bmokl\u012f veikia \u0161onin\u0117 j\u0117ga, nukreipta sta\u010diu kampu \u012f st\u016bmoklio jud\u0117jim\u0105. \u0160i j\u0117ga veikia taip, kad st\u016bmoklis svyruot\u0173 radialiai apie st\u016bmoklio sandarikl\u012f, ir taip sukuriamos s\u0105lygos, imituojan\u010dios realaus naudojimo s\u0105lygas.<\/p>\n<\/li>\n<li class=\"\" data-start=\"2547\" data-end=\"2782\">\n<p class=\"\" data-start=\"2550\" data-end=\"2782\"><strong data-start=\"2550\" data-end=\"2573\">Sl\u0117gio generavimas<\/strong>: \u0160virk\u0161tas veikiamas 200-300 kPa sl\u0117gio, kad b\u016bt\u0173 patikrintas jo atsparumas nuot\u0117kiui. \u0160virk\u0161tas turi atlaikyti sl\u0117g\u012f, kad skystis nei\u0161siver\u017et\u0173 pro kam\u0161\u010dio sandarikl\u012f.<\/p>\n<\/li>\n<li class=\"\" data-start=\"2784\" data-end=\"3006\">\n<p class=\"\" data-start=\"2787\" data-end=\"3006\"><strong data-start=\"2787\" data-end=\"2813\">Patikrinimas d\u0117l nuot\u0117kio<\/strong>: Palaikius sl\u0117g\u012f 30-35 sekundes, \u0161virk\u0161tas atid\u017eiai ap\u017ei\u016brimas, ar n\u0117ra nuot\u0117kio po\u017eymi\u0173. Jei pastebima, kad pro kam\u0161t\u012f prasisunkia vanduo, \u0161virk\u0161tas nei\u0161laiko bandymo.<\/p>\n<\/li>\n<\/ol>\n<p class=\"\" data-start=\"3008\" data-end=\"3185\">\u0160is bandym\u0173 metodas u\u017etikrina, kad pagaminti \u0161virk\u0161tai atitikt\u0173 b\u016btinus saugos standartus ir b\u016bt\u0173 patikimi atliekant medicinines proced\u016bras, kai nuot\u0117kis gali sukelti rimt\u0173 problem\u0173.<\/p>\n<h3 class=\"\" data-start=\"3187\" data-end=\"3233\"><strong data-start=\"3191\" data-end=\"3233\">Atitinkami standartai: ISO 7886-1 Bandymai<\/strong><\/h3>\n<p class=\"\" data-start=\"3235\" data-end=\"3664\">ISO 7886-1 nustato reikalavimus steriliems poodiniams \u0161virk\u0161tams, skirtiems naudoti rankomis. \u0160iame standarte pateikiama i\u0161sami \u0161virk\u0161t\u0173 veikimo \u012fvairiomis s\u0105lygomis bandymo proced\u016bra, \u012fskaitant skys\u010dio pratek\u0117jimo ties \u0161virk\u0161to st\u016bmoklio kam\u0161\u010diu bandym\u0105 suspaud\u017eiant. Laikydamiesi \u0161i\u0173 standart\u0173, gamintojai gali u\u017etikrinti, kad j\u0173 gaminiai atitinka visuotinius saugos reikalavimus ir yra tinkami naudoti medicinoje.<\/p>\n<p class=\"\" data-start=\"3666\" data-end=\"3704\"><strong data-start=\"3666\" data-end=\"3703\">Pagrindiniai ISO 7886-1 bandym\u0173 aspektai<\/strong>:<\/p>\n<ul data-start=\"3705\" data-end=\"4076\">\n<li class=\"\" data-start=\"3705\" data-end=\"3830\">\n<p class=\"\" data-start=\"3707\" data-end=\"3830\"><strong data-start=\"3707\" data-end=\"3727\">Bandomoji aplinka<\/strong>: Bandymas turi b\u016bti atliekamas kontroliuojamomis s\u0105lygomis, \u0161virk\u0161t\u0105 pripild\u017eius distiliuotu vandeniu.<\/p>\n<\/li>\n<li class=\"\" data-start=\"3831\" data-end=\"3948\">\n<p class=\"\" data-start=\"3833\" data-end=\"3948\"><strong data-start=\"3833\" data-end=\"3854\">Nuot\u0117kio aptikimas<\/strong>: Bet koks nuot\u0117kis pro st\u016bmoklio kam\u0161t\u012f nurodytomis bandymo s\u0105lygomis rei\u0161kia gedim\u0105.<\/p>\n<\/li>\n<li class=\"\" data-start=\"3949\" data-end=\"4076\">\n<p class=\"\" data-start=\"3951\" data-end=\"4076\"><strong data-start=\"3951\" data-end=\"3964\">Prane\u0161im\u0173 teikimas<\/strong>: Bandymo rezultatuose turi b\u016bti nurodyta tokia informacija kaip \u0161virk\u0161to tapatyb\u0117, vardin\u0117 talpa ir nuot\u0117kio buvimas.<\/p>\n<\/li>\n<\/ul>\n<p class=\"\" data-start=\"4078\" data-end=\"4249\">ISO 7886-1 standartas padeda u\u017etikrinti \u0161virk\u0161t\u0173 gamybos vienodum\u0105 ir nuoseklum\u0105, o tai labai svarbu tiek gamintojams, tiek galutiniams vartotojams medicinos srityje.<\/p>\n<h3 class=\"\" data-start=\"4251\" data-end=\"4308\"><strong data-start=\"4255\" data-end=\"4308\">\u0160virk\u0161tinio skys\u010di\u0173 nuot\u0117kio testerio naudojimo privalumai<\/strong><\/h3>\n<p class=\"\" data-start=\"4310\" data-end=\"4374\">Naudojant \u0161virk\u0161to skys\u010di\u0173 nuot\u0117kio tester\u012f, galima \u012fgyti kelet\u0105 privalum\u0173:<\/p>\n<ul data-start=\"4376\" data-end=\"4970\">\n<li class=\"\" data-start=\"4376\" data-end=\"4592\">\n<p class=\"\" data-start=\"4378\" data-end=\"4592\"><strong data-start=\"4378\" data-end=\"4404\">U\u017etikrinama pacient\u0173 sauga<\/strong>: Aptikdami bet kok\u012f galim\u0105 nuot\u0117k\u012f, gamintojai gali garantuoti, kad j\u0173 \u0161virk\u0161tai medicinini\u0173 proced\u016br\u0173 metu veiks taip, kaip numatyta, ir taip u\u017ekirsti keli\u0105 nelaimingiems atsitikimams bei u\u017etikrinti pacient\u0173 saug\u0105.<\/p>\n<\/li>\n<li class=\"\" data-start=\"4593\" data-end=\"4805\">\n<p class=\"\" data-start=\"4595\" data-end=\"4805\"><strong data-start=\"4595\" data-end=\"4633\">Atitiktis pramon\u0117s standartams<\/strong>: ISO 7886-1 standarto laikymasis u\u017etikrina, kad \u0161virk\u0161tai atitikt\u0173 tarptautinius saugos ir kokyb\u0117s standartus, o tai labai svarbu norint gauti reguliavimo institucij\u0173 patvirtinimus ir patekti \u012f rink\u0105.<\/p>\n<\/li>\n<li class=\"\" data-start=\"4806\" data-end=\"4970\">\n<p class=\"\" data-start=\"4808\" data-end=\"4970\"><strong data-start=\"4808\" data-end=\"4841\">Brangiai kainuojan\u010di\u0173 gedim\u0173 prevencija<\/strong>: \u0160virk\u0161t\u0173 sandarumo tikrinimas prie\u0161 jiems patenkant \u012f rink\u0105 padeda i\u0161vengti brangiai kainuojan\u010di\u0173 at\u0161aukim\u0173 ir \u017ealos gamintojo reputacijai.<\/p>\n<\/li>\n<\/ul>\n<p class=\"\" data-start=\"5955\" data-end=\"6512\">\u0160virk\u0161t\u0173 skys\u010dio nuot\u0117kio bandymas yra labai svarbi dalis u\u017etikrinant saug\u0173 ir patikim\u0105 medicinini\u0173 \u0161virk\u0161t\u0173 veikim\u0105. Naudojant pa\u017eangi\u0105 bandym\u0173 \u012frang\u0105, pvz. <strong data-start=\"6114\" data-end=\"6168\">SPPT-01 \u0160virk\u0161to skys\u010di\u0173 nuot\u0117kio testeris<\/strong>\u00a0i\u0161 <strong data-start=\"6174\" data-end=\"6194\">\"Cell Instruments<\/strong> padeda gamintojams atitikti grie\u017etus standart\u0173 reikalavimus, pvz. <a href=\"https:\/\/www.iso.org\/standard\/64790.html\" target=\"_blank\" rel=\"noopener nofollow\"><strong data-start=\"6268\" data-end=\"6282\">ISO 7886-1<\/strong><\/a>, u\u017etikrinant, kad j\u0173 \u0161virk\u0161tai b\u016bt\u0173 tinkami naudoti medicinin\u0117ms proced\u016broms. Investuodami \u012f kokyb\u0117s tyrim\u0173 \u012frang\u0105, gamintojai gali pagerinti gamini\u0173 kokyb\u0119, padidinti pacient\u0173 saug\u0105 ir i\u0161laikyti atitikt\u012f tarptautiniams standartams.<\/p>","protected":false},"excerpt":{"rendered":"<p>\u0160virk\u0161t\u0173 skys\u010dio nuot\u0117kio testeriai yra svarb\u016bs \u012frankiai, u\u017etikrinantys \u0161virk\u0161t\u0173, naudojam\u0173 medicinoje, saugum\u0105 ir patikimum\u0105. \u0160ie prietaisai padeda gamintojams aptikti bet kok\u012f nuot\u0117k\u012f i\u0161 \u0161virk\u0161t\u0173, veikiant sl\u0117giui, ir u\u017etikrina, kad \u0161virk\u0161tai atitikt\u0173 grie\u017etus funkcionalumo ir saugos standartus, ypa\u010d sveikatos prie\u017ei\u016bros ir farmacijos pramon\u0117je.<\/p>","protected":false},"featured_media":6634,"comment_status":"closed","ping_status":"closed","template":"","meta":{"site-sidebar-layout":"default","site-content-layout":"default","ast-global-header-display":"","ast-main-header-display":"","ast-hfb-above-header-display":"","ast-hfb-below-header-display":"","ast-hfb-mobile-header-display":"","site-post-title":"","ast-breadcrumbs-content":"","ast-featured-img":"","footer-sml-layout":"","theme-transparent-header-meta":"default","adv-header-id-meta":"","stick-header-meta":"","header-above-stick-meta":"","header-main-stick-meta":"","header-below-stick-meta":""},"product_cat":[1053,845,675,95],"product_tag":[],"class_list":{"0":"post-6632","1":"product","2":"type-product","3":"status-publish","4":"has-post-thumbnail","6":"product_cat-iso-7886-1","7":"product_cat-customization","8":"product_cat-leak-tester","9":"product_cat-products","10":"desktop-align-left","11":"tablet-align-left","12":"mobile-align-left","14":"first","15":"instock","16":"shipping-taxable","17":"product-type-simple"},"_links":{"self":[{"href":"https:\/\/www.qualitester.com\/lt\/wp-json\/wp\/v2\/product\/6632","targetHints":{"allow":["GET"]}}],"collection":[{"href":"https:\/\/www.qualitester.com\/lt\/wp-json\/wp\/v2\/product"}],"about":[{"href":"https:\/\/www.qualitester.com\/lt\/wp-json\/wp\/v2\/types\/product"}],"replies":[{"embeddable":true,"href":"https:\/\/www.qualitester.com\/lt\/wp-json\/wp\/v2\/comments?post=6632"}],"version-history":[{"count":0,"href":"https:\/\/www.qualitester.com\/lt\/wp-json\/wp\/v2\/product\/6632\/revisions"}],"wp:featuredmedia":[{"embeddable":true,"href":"https:\/\/www.qualitester.com\/lt\/wp-json\/wp\/v2\/media\/6634"}],"wp:attachment":[{"href":"https:\/\/www.qualitester.com\/lt\/wp-json\/wp\/v2\/media?parent=6632"}],"wp:term":[{"taxonomy":"product_cat","embeddable":true,"href":"https:\/\/www.qualitester.com\/lt\/wp-json\/wp\/v2\/product_cat?post=6632"},{"taxonomy":"product_tag","embeddable":true,"href":"https:\/\/www.qualitester.com\/lt\/wp-json\/wp\/v2\/product_tag?post=6632"}],"curies":[{"name":"wp","href":"https:\/\/api.w.org\/{rel}","templated":true}]}}