{"id":6624,"date":"2025-04-23T10:13:39","date_gmt":"2025-04-23T02:13:39","guid":{"rendered":"https:\/\/www.qualitester.com\/?post_type=product&#038;p=6624"},"modified":"2025-04-23T10:16:05","modified_gmt":"2025-04-23T02:16:05","slug":"syringe-air-leakage-tester-iso-7886-1","status":"publish","type":"product","link":"https:\/\/www.qualitester.com\/lt\/produktas-2\/syringe-air-leakage-tester-iso-7886-1\/","title":{"rendered":"SLT-02 \u0161virk\u0161to oro nuot\u0117kio testeris"},"content":{"rendered":"<p class=\"\" data-start=\"489\" data-end=\"995\">Siekiant u\u017etikrinti medicinini\u0173 \u0161virk\u0161t\u0173 saug\u0105 ir veikim\u0105, labai svarbu taikyti grie\u017etus bandym\u0173 metodus. Tarp j\u0173 <strong data-start=\"602\" data-end=\"632\">\u0161virk\u0161to oro nuot\u0117kio testeris<\/strong> yra labai svarbi priemon\u0117, atliekanti pagrindin\u012f vaidmen\u012f nustatant galimus nuot\u0117kius ir st\u016bmoklio atsiskyrim\u0105 aspiracijos metu. Sukurtas taip, kad atitikt\u0173 <em data-start=\"778\" data-end=\"790\">ISO 7886-1<\/em> ir ypa\u010d <em data-start=\"808\" data-end=\"817\">B priedas<\/em>, . <strong data-start=\"823\" data-end=\"853\">SLT-02 \u0161virk\u0161t\u0173 nuot\u0117kio testeris<\/strong> i\u0161 <strong data-start=\"859\" data-end=\"879\">\"Cell Instruments<\/strong> teikia labai patikimus rezultatus specialistams, dirbantiems su <strong data-start=\"943\" data-end=\"969\">\u0161virk\u0161t\u0173 nuot\u0117kio aptikimas<\/strong> ir <strong data-start=\"974\" data-end=\"994\">ISO 7886 bandymai<\/strong>.<\/p>\n<h2 data-start=\"1002\" data-end=\"1065\">ISO 7886-1 B priedo ir \u0161virk\u0161t\u0173 nuot\u0117kio aptikimo supratimas<\/h2>\n<p class=\"\" data-start=\"1067\" data-end=\"1442\"><a href=\"https:\/\/www.qualitester.com\/lt\/produkto-kategorija-2\/iso\/iso-7886-1\/\" target=\"_blank\" rel=\"noopener\"><strong><em data-start=\"1067\" data-end=\"1079\">ISO 7886-1<\/em><\/strong><\/a>, \u201cSteril\u016bs vienkartiniai poodiniai \u0161virk\u0161tai. 1 dalis. Rankinio naudojimo \u0161virk\u0161tai\u201d yra pasaulinis standartas, kuriame i\u0161d\u0117styti medicinini\u0173 \u0161virk\u0161t\u0173 veikimo ir saugos reikalavimai. \u0160iame standarte, <strong data-start=\"1281\" data-end=\"1292\">B priedas<\/strong> apib\u016bdina <strong data-start=\"1307\" data-end=\"1371\">oro nuot\u0117kio pro \u0161virk\u0161to st\u016bmoklio kam\u0161t\u012f bandymo metodas<\/strong> aspiracijos metu, taip pat <strong data-start=\"1406\" data-end=\"1441\">st\u016bmoklio atsiskyrimo aptikimas<\/strong>.<\/p>\n<p class=\"\" data-start=\"1444\" data-end=\"1588\">\u0160is metodas yra labai svarbus, nes oro nuot\u0117kis \u0161virk\u0161te gali pakenkti sterilumui, dozavimo tikslumui ir paciento saugumui. Proced\u016bra apima:<\/p>\n<ul data-start=\"1590\" data-end=\"1809\">\n<li class=\"\" data-start=\"1590\" data-end=\"1675\">\n<p class=\"\" data-start=\"1592\" data-end=\"1675\">Pripildykite \u0161virk\u0161t\u0105 vandeniu (18-28 \u00b0C), kad jo vardin\u0117 talpa b\u016bt\u0173 ne ma\u017eesn\u0117 kaip 25%,<\/p>\n<\/li>\n<li class=\"\" data-start=\"1676\" data-end=\"1742\">\n<p class=\"\" data-start=\"1678\" data-end=\"1742\">Kurti <strong data-start=\"1689\" data-end=\"1718\">88 kPa vakuuminis sl\u0117gis<\/strong> ma\u017eesnis u\u017e aplinkos sl\u0117g\u012f,<\/p>\n<\/li>\n<li class=\"\" data-start=\"1743\" data-end=\"1809\">\n<p class=\"\" data-start=\"1745\" data-end=\"1809\">Steb\u0117ti, ar n\u0117ra oro nuot\u0117kio arba <strong data-start=\"1778\" data-end=\"1808\">st\u016bmoklio kam\u0161\u010dio atjungimas<\/strong>.<\/p>\n<\/li>\n<\/ul>\n<p class=\"\" data-start=\"1811\" data-end=\"1926\">SLT-02 yra tiksliai suprojektuotas taip, kad \u0161ias s\u0105lygas b\u016bt\u0173 galima kontroliuoti, automatizuoti ir pakartoti.<\/p>\n<h2 data-start=\"1933\" data-end=\"1985\">SLT-02 \u0161virk\u0161to oro nuot\u0117kio testeris<\/h2>\n<p class=\"\" data-start=\"1987\" data-end=\"2247\">Svetain\u0117 <strong data-start=\"1991\" data-end=\"2028\">SLT-02 \u0161virk\u0161to oro nuot\u0117kio testeris<\/strong> integruota sud\u0117tinga vakuumo generavimo sistema ir stabilus valdymo mechanizmas, tod\u0117l operatoriai gali efektyviai, tiksliai ir nuosekliai atlikti \u0161virk\u0161t\u0173 sandarumo bandymus. \u0160tai kuo \u0161is sprendimas i\u0161siskiria i\u0161 kit\u0173:<\/p>\n<h3 data-start=\"2249\" data-end=\"2266\">Pagrindin\u0117s savyb\u0117s:<\/h3>\n<ol data-start=\"2267\" data-end=\"2625\">\n<li class=\"\" data-start=\"2267\" data-end=\"2319\">\n<p class=\"\" data-start=\"2269\" data-end=\"2319\"><strong data-start=\"2269\" data-end=\"2294\">Stabilus vakuumo laikymas<\/strong> tiksliam matavimui.<\/p>\n<\/li>\n<li class=\"\" data-start=\"2320\" data-end=\"2393\">\n<p class=\"\" data-start=\"2322\" data-end=\"2393\"><strong data-start=\"2322\" data-end=\"2349\">Venturi vamzd\u017eio technologija<\/strong> efektyviam neigiamo sl\u0117gio susidarymui.<\/p>\n<\/li>\n<li class=\"\" data-start=\"2394\" data-end=\"2464\">\n<p class=\"\" data-start=\"2396\" data-end=\"2464\"><strong data-start=\"2396\" data-end=\"2426\">Reguliuojama prispaudimo sistema<\/strong> pritaikytas \u012fvairiems \u0161virk\u0161t\u0173 t\u016briams.<\/p>\n<\/li>\n<li class=\"\" data-start=\"2465\" data-end=\"2548\">\n<p class=\"\" data-start=\"2467\" data-end=\"2548\"><strong data-start=\"2467\" data-end=\"2490\">Automatinis veikimas<\/strong> prad\u0117jus bandym\u0105 - reikia minimalaus naudotojo \u012fsiki\u0161imo.<\/p>\n<\/li>\n<li class=\"\" data-start=\"2549\" data-end=\"2625\">\n<p class=\"\" data-start=\"2551\" data-end=\"2625\"><strong data-start=\"2551\" data-end=\"2575\">Patvari konstrukcija<\/strong> u\u017etikrina ilg\u0105 tarnavimo laik\u0105 didel\u0117s apimties kokyb\u0117s kontrol\u0117s laboratorijose.<\/p>\n<\/li>\n<\/ol>\n<h3 data-start=\"2627\" data-end=\"2656\">Technin\u0117s specifikacijos:<\/h3>\n<table style=\"height: 167px;\" width=\"1088\">\n<tbody>\n<tr>\n<td style=\"text-align: center;\" width=\"83\"><strong data-start=\"2659\" data-end=\"2674\">Bandym\u0173 diapazonas<\/strong><\/td>\n<td style=\"text-align: center;\" width=\"91\">0 ~ 90KPa<\/td>\n<\/tr>\n<tr>\n<td style=\"text-align: center;\" width=\"83\"><strong data-start=\"2691\" data-end=\"2714\">\u012evesties oro sl\u0117gis<\/strong><\/td>\n<td style=\"text-align: center;\" width=\"91\">0,6 ~ 0,7 Mpa<\/td>\n<\/tr>\n<tr>\n<td style=\"text-align: center;\" width=\"83\"><strong data-start=\"2760\" data-end=\"2778\">Bandymo trukm\u0117<\/strong><\/td>\n<td style=\"text-align: center;\" width=\"91\">Iki 9999 valand\u0173 (programuojama)<\/td>\n<\/tr>\n<tr>\n<td style=\"text-align: center;\" width=\"83\"><strong data-start=\"2733\" data-end=\"2750\">Maitinimo \u0161altinis<\/strong><\/td>\n<td style=\"text-align: center;\" width=\"91\">220V<\/td>\n<\/tr>\n<\/tbody>\n<\/table>\n<p class=\"\" data-start=\"2812\" data-end=\"3018\">\u012e tester\u012f \u012feina nuot\u0117kio testerio valdymo blokas, \u0161virk\u0161to stovas, jungiamieji vamzdeliai ir reikalingi priedai, kurie sukurti taip, kad atitikt\u0173 grie\u017etus atitikties reikalavimus. <strong data-start=\"2978\" data-end=\"2990\">GB 15810<\/strong> ir <strong data-start=\"2995\" data-end=\"3017\">ISO 7886-1 B priedas<\/strong>.<\/p>\n<h2 data-start=\"3025\" data-end=\"3087\">Medicinos ir farmacijos kokyb\u0117s kontrol\u0117s taikymas<\/h2>\n<p class=\"\" data-start=\"3089\" data-end=\"3176\">Svetain\u0117 <strong data-start=\"3093\" data-end=\"3123\">\u0161virk\u0161to oro nuot\u0117kio testeris<\/strong> yra nepakei\u010diamas \u012fvairiuose sektoriuose, \u012fskaitant:<\/p>\n<ul data-start=\"3178\" data-end=\"3478\">\n<li class=\"\" data-start=\"3178\" data-end=\"3261\">\n<p class=\"\" data-start=\"3180\" data-end=\"3261\"><strong data-start=\"3180\" data-end=\"3212\">Medicinos prietais\u0173 gamyba<\/strong>, u\u017etikrinant atitikt\u012f reguliavimo standartams,<\/p>\n<\/li>\n<li class=\"\" data-start=\"3262\" data-end=\"3329\">\n<p class=\"\" data-start=\"3264\" data-end=\"3329\"><strong data-start=\"3264\" data-end=\"3297\">Farmacijos pakavimo laboratorijos<\/strong>, steriliam produktui u\u017etikrinti,<\/p>\n<\/li>\n<li class=\"\" data-start=\"3330\" data-end=\"3407\">\n<p class=\"\" data-start=\"3332\" data-end=\"3407\"><strong data-start=\"3332\" data-end=\"3364\">Tre\u010di\u0173j\u0173 \u0161ali\u0173 bandym\u0173 agent\u016bros<\/strong>, tikrinant produkto saug\u0105 ir nuoseklum\u0105,<\/p>\n<\/li>\n<li class=\"\" data-start=\"3408\" data-end=\"3478\">\n<p class=\"\" data-start=\"3410\" data-end=\"3478\"><strong data-start=\"3410\" data-end=\"3422\">Mokslini\u0173 tyrim\u0173 ir pl\u0117tros laboratorijos<\/strong>, skirti \u0161virk\u0161t\u0173 prototip\u0173 dizainui ar med\u017eiagoms \u012fvertinti.<\/p>\n<\/li>\n<\/ul>\n<p class=\"\" data-start=\"3480\" data-end=\"3711\">Specialistai, dalyvaujantys kokyb\u0117s u\u017etikrinimo ir <strong data-start=\"3528\" data-end=\"3554\">\u0161virk\u0161t\u0173 nuot\u0117kio aptikimas<\/strong> pasikliauti tokiomis priemon\u0117mis kaip SLT-02, kad ne tik atitikt\u0173 atitikties reikalavimus, bet ir padidint\u0173 savo patikimum\u0105 bei suma\u017eint\u0173 gamini\u0173 gedimo rizik\u0105 rinkoje.<\/p>\n<h2 data-start=\"3718\" data-end=\"3778\">Kod\u0117l verta rinktis \u2019Cell Instruments\" SLT-02 ISO 7886 bandymams<\/h2>\n<p class=\"\" data-start=\"3780\" data-end=\"3941\">Esame med\u017eiag\u0173 ir pakuo\u010di\u0173 bandym\u0173 sprendim\u0173 lyder\u0117, <strong data-start=\"3838\" data-end=\"3868\">Cell Instruments Co., Ltd.<\/strong> si\u016blo ne tik patikim\u0105 technin\u0119 \u012frang\u0105, bet ir i\u0161skirtines paslaugas, \u012fskaitant:<\/p>\n<ul data-start=\"3943\" data-end=\"4174\">\n<li class=\"\" data-start=\"3943\" data-end=\"4013\">\n<p class=\"\" data-start=\"3945\" data-end=\"4013\">Pritaikomi \u012frenginiai <strong data-start=\"3971\" data-end=\"4012\">special\u016bs \u0161virk\u0161t\u0173 dyd\u017eiai arba reikalavimai<\/strong>,<\/p>\n<\/li>\n<li class=\"\" data-start=\"4014\" data-end=\"4076\">\n<p class=\"\" data-start=\"4016\" data-end=\"4076\"><strong data-start=\"4016\" data-end=\"4045\">Automatikos transformacija<\/strong> gamybos linij\u0173 paslaugos,<\/p>\n<\/li>\n<li class=\"\" data-start=\"4077\" data-end=\"4174\">\n<p class=\"\" data-start=\"4079\" data-end=\"4174\">Technin\u0117 pagalba, pagr\u012fsta i\u0161samiomis \u017einiomis apie <strong data-start=\"4125\" data-end=\"4139\">ISO 7886-1<\/strong> ir kitus tarptautinius standartus.<\/p>\n<\/li>\n<\/ul>\n<p class=\"\" data-start=\"4176\" data-end=\"4300\">M\u016bs\u0173 \u012fsipareigojimas u\u017etikrinti kokyb\u0119, tikslum\u0105 ir klient\u0173 pasitenkinim\u0105 u\u017etikrina, kad j\u016bs\u0173 \u0161virk\u0161t\u0173 bandymai atitikt\u0173 auk\u0161\u010diausius l\u016bkes\u010dius.<\/p>\n<p class=\"\" data-start=\"4323\" data-end=\"4624\">Svetain\u0117 <strong data-start=\"4327\" data-end=\"4364\">SLT-02 \u0161virk\u0161to oro nuot\u0117kio testeris<\/strong> tai daugiau nei prietaisas - tai visapusi\u0161kas sprendimas, pritaikytas medicininiam tikslumui ir patikimumui. Visi\u0161ka atitiktis <strong data-start=\"4494\" data-end=\"4516\">ISO 7886-1 B priedas<\/strong>, ji padeda specialistams atlikti veiksmingus, atsekamus ir standartizuotus <strong data-start=\"4597\" data-end=\"4623\">\u0161virk\u0161t\u0173 nuot\u0117kio aptikimas<\/strong>.<\/p>\n<p class=\"\" data-start=\"4626\" data-end=\"4734\">Apr\u016bpinkite savo laboratorij\u0105 SLT-02 i\u0161 <strong data-start=\"4662\" data-end=\"4682\">\"Cell Instruments<\/strong>-nes \u0161virk\u0161t\u0173 sauga niekada netur\u0117t\u0173 b\u016bti pa\u017eeid\u017eiama.<\/p>\n<p class=\"\" data-start=\"4741\" data-end=\"4749\"><strong data-start=\"4741\" data-end=\"4749\">DUK<\/strong><\/p>\n<p class=\"\" data-start=\"4751\" data-end=\"4949\"><strong data-start=\"4751\" data-end=\"4812\">1. Kokia yra \u0161virk\u0161to oro nuot\u0117kio testerio paskirtis?<\/strong><br data-start=\"4812\" data-end=\"4815\" \/>Jis naudojamas oro nuot\u0117kiui pro \u0161virk\u0161to st\u016bmoklio kam\u0161t\u012f nustatyti ir patikrinti, ar st\u016bmoklio kam\u0161tis neatsiskiria aspiravimo metu.<\/p>\n<p class=\"\" data-start=\"4951\" data-end=\"5145\"><strong data-start=\"4951\" data-end=\"5015\">2. Kuris standartas reglamentuoja \u0161virk\u0161t\u0173 oro nuot\u0117kio bandym\u0105?<\/strong><br data-start=\"5015\" data-end=\"5018\" \/>Testas apibr\u0117\u017etas <strong data-start=\"5041\" data-end=\"5063\">ISO 7886-1 B priedas<\/strong>, kuriame pateikiamas i\u0161samus oro nuot\u0117kio ir st\u016bmoklio atskyrimo bandymo metodas.<\/p>\n<p class=\"\" data-start=\"5147\" data-end=\"5321\"><strong data-start=\"5147\" data-end=\"5207\">3. Kokio tipo \u0161virk\u0161tai gali b\u016bti tikrinami naudojant SLT-02?<\/strong><br data-start=\"5207\" data-end=\"5210\" \/>SLT-02 palaiko \u012fvairi\u0173 dyd\u017ei\u0173 ir tip\u0173 \u0161virk\u0161tus, skirtus naudoti rankiniu b\u016bdu, kaip nurodyta <a href=\"https:\/\/www.iso.org\/standard\/64790.html\" target=\"_blank\" rel=\"noopener nofollow\">ISO 7886-1<\/a>.<\/p>\n<p class=\"\" data-start=\"5323\" data-end=\"5476\"><strong data-start=\"5323\" data-end=\"5375\">4. Kaip SLT-02 sukuriamas vakuuminis sl\u0117gis?<\/strong><br data-start=\"5375\" data-end=\"5378\" \/>Naudojant susl\u0117gt\u0105 or\u0105 ir Venturi vamzdelio technologij\u0105 sukuriamas kontroliuojamas iki -90 kPa vakuumas.<\/p>\n<p class=\"\" data-start=\"5478\" data-end=\"5692\"><strong data-start=\"5478\" data-end=\"5549\">5. Ar galima tester\u012f pritaikyti specialioms \u0161virk\u0161t\u0173 konfig\u016bracijoms?<\/strong><br data-start=\"5549\" data-end=\"5552\" \/>Taip, \"Cell Instruments\" specializuojasi <strong data-start=\"5589\" data-end=\"5617\">u\u017esakomieji testavimo sprendimai<\/strong> ir gali pritaikyti prietais\u0105 unikaliam \u0161virk\u0161t\u0173 dizainui ar bandym\u0173 reikalavimams.<\/p>","protected":false},"excerpt":{"rendered":"<p>Svetain\u0117 <strong data-start=\"1991\" data-end=\"2028\">SLT-02 \u0161virk\u0161to oro nuot\u0117kio testeris<\/strong> integruota sud\u0117tinga vakuumo generavimo sistema ir stabilus valdymo mechanizmas, tod\u0117l operatoriai gali efektyviai, tiksliai ir nuosekliai atlikti \u0161virk\u0161t\u0173 sandarumo bandymus.<\/p>","protected":false},"featured_media":6628,"comment_status":"closed","ping_status":"closed","template":"","meta":{"site-sidebar-layout":"default","site-content-layout":"default","ast-global-header-display":"","ast-main-header-display":"","ast-hfb-above-header-display":"","ast-hfb-below-header-display":"","ast-hfb-mobile-header-display":"","site-post-title":"","ast-breadcrumbs-content":"","ast-featured-img":"","footer-sml-layout":"","theme-transparent-header-meta":"default","adv-header-id-meta":"","stick-header-meta":"","header-above-stick-meta":"","header-main-stick-meta":"","header-below-stick-meta":""},"product_cat":[845,1053,675,149,95],"product_tag":[],"class_list":{"0":"post-6624","1":"product","2":"type-product","3":"status-publish","4":"has-post-thumbnail","6":"product_cat-customization","7":"product_cat-iso-7886-1","8":"product_cat-leak-tester","9":"product_cat-pharma-and-medical-testers","10":"product_cat-products","11":"desktop-align-left","12":"tablet-align-left","13":"mobile-align-left","15":"first","16":"instock","17":"shipping-taxable","18":"product-type-simple"},"_links":{"self":[{"href":"https:\/\/www.qualitester.com\/lt\/wp-json\/wp\/v2\/product\/6624","targetHints":{"allow":["GET"]}}],"collection":[{"href":"https:\/\/www.qualitester.com\/lt\/wp-json\/wp\/v2\/product"}],"about":[{"href":"https:\/\/www.qualitester.com\/lt\/wp-json\/wp\/v2\/types\/product"}],"replies":[{"embeddable":true,"href":"https:\/\/www.qualitester.com\/lt\/wp-json\/wp\/v2\/comments?post=6624"}],"version-history":[{"count":0,"href":"https:\/\/www.qualitester.com\/lt\/wp-json\/wp\/v2\/product\/6624\/revisions"}],"wp:featuredmedia":[{"embeddable":true,"href":"https:\/\/www.qualitester.com\/lt\/wp-json\/wp\/v2\/media\/6628"}],"wp:attachment":[{"href":"https:\/\/www.qualitester.com\/lt\/wp-json\/wp\/v2\/media?parent=6624"}],"wp:term":[{"taxonomy":"product_cat","embeddable":true,"href":"https:\/\/www.qualitester.com\/lt\/wp-json\/wp\/v2\/product_cat?post=6624"},{"taxonomy":"product_tag","embeddable":true,"href":"https:\/\/www.qualitester.com\/lt\/wp-json\/wp\/v2\/product_tag?post=6624"}],"curies":[{"name":"wp","href":"https:\/\/api.w.org\/{rel}","templated":true}]}}