{"id":6452,"date":"2025-02-08T15:47:12","date_gmt":"2025-02-08T07:47:12","guid":{"rendered":"https:\/\/www.qualitester.com\/?post_type=product&#038;p=6452"},"modified":"2025-05-12T11:05:55","modified_gmt":"2025-05-12T03:05:55","slug":"syringe-needle-break-resistance-testing","status":"publish","type":"product","link":"https:\/\/www.qualitester.com\/lt\/produktas-2\/syringe-needle-break-resistance-testing\/","title":{"rendered":"NTT-01 \u0160virk\u0161to adatos atsparumo pertraukimui bandymo \u012franga"},"content":{"rendered":"<h2><strong>\u012evadas \u012f \u0161virk\u0161to adatos atsparumo l\u016b\u017eiui bandym\u0105<\/strong><\/h2>\n<p>\u0160virk\u0161t\u0173 adat\u0173 atsparumo l\u016b\u017eiui bandymai yra labai svarb\u016bs u\u017etikrinant poodini\u0173 adat\u0173 saugum\u0105 ir veiksmingum\u0105. Adatos turi atlaikyti mechaninius kr\u016bvius, su kuriais susiduriama atliekant medicinines proced\u016bras, \u012fskaitant \u012fd\u0117jim\u0105 ir i\u0161\u0117mim\u0105. Naudojimo metu sul\u016b\u017eusi adata gali sukelti rimt\u0105 pavoj\u0173 sveikatai, pavyzd\u017eiui, su\u017eeidim\u0105 ar u\u017eter\u0161im\u0105, tod\u0117l atsparumo adatos l\u016b\u017eiui testavimas yra labai svarbi kokyb\u0117s kontrol\u0117s proceso dalis.<\/p>\n<p>Vienas i\u0161 pla\u010diausiai pripa\u017eint\u0173 \u0161virk\u0161t\u0173 adat\u0173 testavimo standart\u0173 yra <a href=\"https:\/\/www.qualitester.com\/lt\/standards\/iso-9626\/\" target=\"_blank\" rel=\"noopener\"><strong>ISO 9626<\/strong><\/a>. \u0160iame tarptautiniame standarte pateikiami reikalavimai, keliami poodini\u0173 adat\u0173 med\u017eiagoms, matmenims ir mechanin\u0117ms savyb\u0117ms, \u012fskaitant konkre\u010dius bandym\u0173 metodus, skirtus j\u0173 atsparumui l\u016b\u017eimui \u012fvertinti. Laikydamiesi ISO 9626 standarto, gamintojai u\u017etikrina, kad j\u0173 adatos atitinka saugos standartus ir yra tinkamos naudoti medicinoje.<\/p>\n<h2><strong>ISO 9626 ir \u0161virk\u0161to adatos bandymo supratimas<\/strong><\/h2>\n<h3><strong>ISO 9626 ap\u017evalga<\/strong><\/h3>\n<p><strong>ISO 9626:2016<\/strong> yra tarptautinis standartas, kuriame pateikiamos poodini\u0173 adat\u0173 matmen\u0173, med\u017eiag\u0173 ir eksploatacini\u0173 savybi\u0173 specifikacijos. Standartas u\u017etikrina, kad adatos b\u016bt\u0173 gaminamos laikantis tiksli\u0173 leistin\u0173 nuokrypi\u0173, naudojant med\u017eiagas, kurios gali atlaikyti j\u0117gas, atsirandan\u010dias atliekant tipines medicinines proced\u016bras.<\/p>\n<p>Vis\u0173 pirma, <strong>ISO 9626<\/strong> nurodyti adat\u0173 atsparumo l\u016b\u017eimui bandymo metodai, kurie yra labai svarb\u016bs siekiant u\u017etikrinti adat\u0173 ilgaam\u017ei\u0161kum\u0105 \u012fprastomis eksploatavimo s\u0105lygomis. \u0160ie bandymai padeda nustatyti bet kokius strukt\u016brinius tr\u016bkumus, d\u0117l kuri\u0173 adata gali sugesti, taip u\u017ekertant keli\u0105 galimiems su\u017ealojimams ar komplikacijoms naudojimo metu.<\/p>\n<h3><strong>ISO 9626: C priedas (Atsparumo l\u016b\u017eiui bandymo metodas)<\/strong><\/h3>\n<p>Svetain\u0117 <strong>atsparumo l\u016b\u017eimui bandymo metodas<\/strong> apra\u0161yta <strong>C priedas<\/strong> ISO 9626 standarto tikslas - imituoti mechanin\u012f poveik\u012f, kur\u012f patiria poodin\u0117s adatos medicinini\u0173 proced\u016br\u0173 metu. Atliekant \u0161\u012f bandym\u0105 adatos vamzdelis lenkiamas nustatytais kampais, kad b\u016bt\u0173 nustatytas jo atsparumas l\u016b\u017eimui, esant daugkartiniams \u012ftempi\u0173 ciklams.<\/p>\n<h4><strong>Bandymo principas<\/strong><\/h4>\n<p>Bandymas pradedamas vien\u0105 adatos vamzdelio gal\u0105 pritvirtinant ir tam tikru atstumu lenkimo j\u0117ga veikiant prie\u0161ing\u0105 gal\u0105. D\u0117l j\u0117gos adatos vamzdelis lenkiamas kampu viena arba abiem kryptimis, vamzdelis lenkiamas kelis kartus. Bandymas padeda nustatyti, ar adata gali atlaikyti mechanin\u0119 apkrov\u0105 ir nesul\u016b\u017eti.<\/p>\n<h4><strong>Bandymo parametrai<\/strong><\/h4>\n<p>Pagrindiniai testo parametrai yra \u0161ie:<\/p>\n<ul>\n<li><strong>Lenkimo kampas<\/strong>: Adatos lenkiamos 25\u00b0 kampu \u012fprastiems vamzd\u017eiams, 20\u00b0 kampu plonasieniams vamzd\u017eiams ir 15\u00b0 kampu itin plonasieniams arba itin plonasieniams vamzd\u017eiams.<\/li>\n<li><strong>Bandymo da\u017enis<\/strong>: Lenkimo procesas kartojamas 0,5 Hz da\u017eniu, taip imituojant naudojimo metu patiriamus \u012ftempius.<\/li>\n<\/ul>\n<p>Bandymas atliekamas per 20 cikl\u0173, o bet kokie matomi gedimo po\u017eymiai u\u017eregistruojami. Tai padeda nustatyti silpn\u0105sias adatos vietas, kurios gali b\u016bti gedimo prie\u017eastimi realiose medicinin\u0117se programose.<\/p>\n<h2><strong>NTT-01 adatos kietumo testeris: Savyb\u0117s ir privalumai<\/strong><\/h2>\n<p>Svetain\u0117 <strong>NTT-01 adatos kietumo testeris<\/strong> skirtas \u0161virk\u0161t\u0173 adat\u0173 atsparumo l\u016b\u017eiui bandymams atlikti grie\u017etai laikantis <strong>ISO 9626<\/strong>. \u0160is prietaisas labai svarbus vertinant mechanin\u012f poodini\u0173 adat\u0173 patvarum\u0105 ir u\u017etikrinant, kad jos atlaikyt\u0173 lenkimo j\u0117gas, su kuriomis susiduriama jas naudojant.<\/p>\n<h3><strong>Darbo mechanizmas<\/strong><\/h3>\n<p>NTT-01 adatos kietumo testeris veikia fiksuojant vien\u0105 adatos vamzdelio gal\u0105 vietoje ir tam tikru atstumu veikiant j\u0117ga, kad vamzdelis b\u016bt\u0173 sulenktas. \u0160i j\u0117ga veikia abiem kryptimis, imituojant s\u0105lygas, su kuriomis adata susiduria \u012fd\u016brimo ir i\u0161traukimo metu. Bandymas atliekamas ciklais, siekiant \u012fvertinti adatos geb\u0117jim\u0105 atlaikyti pasikartojan\u010dius \u012ftempius ir nesul\u016b\u017eti.<\/p>\n<h3><strong>Testavimo re\u017eimai<\/strong><\/h3>\n<p>NTT-01 suteikia lankstumo atliekant bandymus, nes juo galima <strong>vienpusis<\/strong> ir <strong>dvipusis lenkimas<\/strong> re\u017eimai. Tai leid\u017eia visapusi\u0161kai \u012fvertinti adatos patvarum\u0105 \u012fvairiomis s\u0105lygomis, o tai labai svarbu siekiant atitikti ISO 9626 reikalavimus.<\/p>\n<h3><strong>Pagrindin\u0117s funkcijos<\/strong><\/h3>\n<ul>\n<li><strong>PLC valdoma sistema<\/strong>: NTT-01 turi programuojam\u0105j\u012f login\u012f valdikl\u012f (PLC) ir 7 coli\u0173 HMI jutiklin\u012f ekran\u0105, tod\u0117l j\u012f lengva valdyti ir kontroliuoti bandymo parametrus.<\/li>\n<li><strong>Kintamas bandymo greitis<\/strong>: Prietaisu galima tiksliai valdyti bandymo greit\u012f, kur\u012f galima reguliuoti pagal konkre\u010dius bandymo poreikius.<\/li>\n<li><strong>Automatinis gr\u0105\u017einimas<\/strong>: Nutr\u016bkus elektros tiekimui, sistema automati\u0161kai gr\u012f\u017eta \u012f ankstesn\u0119 pad\u0117t\u012f ir u\u017etikrina bandym\u0173 t\u0119stinum\u0105.<\/li>\n<li><strong>Atitiktis ISO 9626 standartui<\/strong>: NTT-01 atitinka ISO 9626 C priedo reikalavimus, tod\u0117l yra patikima priemon\u0117 \u0161virk\u0161t\u0173 adat\u0173 atsparumo tr\u016bkimui bandymams atlikti.<\/li>\n<\/ul>\n<h2><strong>\u0160virk\u0161to adatos atsparumo l\u016b\u017eiui testavimo privalumai<\/strong><\/h2>\n<h3><strong>Didesn\u0117 gamini\u0173 sauga<\/strong><\/h3>\n<p>Atlikdami \u0161virk\u0161t\u0173 adat\u0173 atsparumo l\u016b\u017eimui bandymus, gamintojai gali u\u017etikrinti, kad j\u0173 adatos yra pakankamai patvarios, kad atlaikyt\u0173 medicinini\u0173 proced\u016br\u0173 poveik\u012f. Taip suma\u017einama adatos l\u016b\u017eimo rizika, d\u0117l kurios gali b\u016bti su\u017ealoti pacientai ar sveikatos prie\u017ei\u016bros specialistai.<\/p>\n<h3><strong>Kokyb\u0117s u\u017etikrinimas<\/strong><\/h3>\n<p>\u0160virk\u0161t\u0173 adat\u0173 atsparumo tr\u016bkimui bandymai padeda gamintojams atitikti teis\u0117s akt\u0173 reikalavimus ir kokyb\u0117s standartus, pvz. <strong>ISO 9626<\/strong>. Laikydamiesi \u0161i\u0173 standart\u0173 gamintojai gali u\u017etikrinti, kad j\u0173 gaminiai b\u016bt\u0173 nuosekl\u016bs, patikimi ir saug\u016bs naudoti medicinos \u012fstaigose.<\/p>\n<h3><strong>I\u0161laid\u0173 taupymas<\/strong><\/h3>\n<p>Atsparumo l\u016b\u017eiui testavimas gali pad\u0117ti gamintojams i\u0161vengti brangiai kainuojan\u010di\u0173 at\u0161aukim\u0173 ar teisini\u0173 problem\u0173, nes nustatomi galimi defektai dar prie\u0161 adatoms patenkant \u012f rink\u0105. Toks aktyvus po\u017ei\u016bris ilgainiui padeda sutaupyti pinig\u0173, nes u\u017etikrina auk\u0161tos kokyb\u0117s ir patvari\u0173 gamini\u0173 i\u0161leidim\u0105.<\/p>\n<h2><strong>Pagrindiniai \u0161virk\u0161to adatos atsparumo l\u016b\u017eiui bandymo standartai<\/strong><\/h2>\n<p>Be to. <a href=\"https:\/\/www.iso.org\/standard\/60480.html\" target=\"_blank\" rel=\"noopener nofollow\"><strong>ISO 9626<\/strong><\/a>, yra ir kit\u0173 atitinkam\u0173 standart\u0173, reglamentuojan\u010di\u0173 \u0161virk\u0161t\u0173 adat\u0173 tyrimus, \u012fskaitant:<\/p>\n<ul>\n<li><strong>GB\/T 18457<\/strong>: Kinijos standartas, skirtas adat\u0173 atsparumui l\u016b\u017eimui tikrinti, kuris glaud\u017eiai susij\u0119s su <strong>ISO 9626<\/strong>.<\/li>\n<li><strong>ASTM F2922<\/strong>: Adat\u0173 mechanini\u0173 savybi\u0173, \u012fskaitant atsparum\u0105 l\u016b\u017eimui, bandymo standartas.<\/li>\n<\/ul>\n<p>\u0160ie standartai padeda nustatyti poodini\u0173 adat\u0173 eksploatacini\u0173 savybi\u0173 etalon\u0105 ir u\u017etikrinti, kad jos atitikt\u0173 reikalaujamas saugos ir patikimumo specifikacijas.<\/p>\n<h2><strong>I\u0161vada<\/strong><\/h2>\n<p>\u0160virk\u0161t\u0173 adat\u0173 atsparumo l\u016b\u017eiui bandymas yra labai svarbus procesas, u\u017etikrinantis \u0161virk\u0161t\u0173 adat\u0173 ilgaam\u017ei\u0161kum\u0105 ir saugum\u0105. Laikantis <strong>ISO 9626<\/strong> ir naudodami tokias priemones kaip <strong>NTT-01 adatos kietumo testeris<\/strong>, gamintojai gali u\u017etikrinti, kad j\u0173 adatos atitikt\u0173 auk\u0161\u010diausius saugos standartus ir patikimai veikt\u0173 medicinini\u0173 proced\u016br\u0173 metu. \u0160ie bandymai ne tik apsaugo pacientus, bet ir u\u017etikrina, kad gamintojai laikyt\u0173si pramon\u0117s taisykli\u0173.<\/p>\n<p>Daugiau informacijos apie <strong>NTT-01 adatos kietumo testeris<\/strong> ir kaip jis gali pad\u0117ti pagerinti \u0161virk\u0161t\u0173 adat\u0173 kokyb\u0119, susisiekite su mumis dar \u0161iandien.<\/p>\n<h2><strong>DUK skyrius<\/strong><\/h2>\n<ol>\n<li><strong>Kas yra \u0161virk\u0161to adatos atsparumo nutr\u016bkimui bandymas?<\/strong>\n<ul>\n<li>Atliekant \u0161virk\u0161to adatos atsparumo l\u016b\u017eimui bandymus vertinamas adatos atsparumas mechaniniam poveikiui \u012fdedant ir i\u0161traukiant, kad ji nesul\u016b\u017et\u0173.<\/li>\n<\/ul>\n<\/li>\n<li><strong>Kaip ISO 9626 susij\u0119s su \u0161virk\u0161t\u0173 adat\u0173 bandymais?<\/strong>\n<ul>\n<li>ISO 9626 nustato poodini\u0173 adat\u0173 matmen\u0173, med\u017eiag\u0173 ir mechanini\u0173 savybi\u0173 standart\u0105, \u012fskaitant atsparumo l\u016b\u017eimui bandymo metodus.<\/li>\n<\/ul>\n<\/li>\n<li><strong>Kas yra NTT-01 adatos kietumo testeris?<\/strong>\n<ul>\n<li>NTT-01 adat\u0173 atsparumo bandymas - tai aparatas, naudojamas ISO 9626 standarte numatytam lenkimo bandymui atlikti, kuriuo u\u017etikrinamas poodini\u0173 adat\u0173 atsparumas l\u016b\u017eimui.<\/li>\n<\/ul>\n<\/li>\n<li><strong>Kaip atlikti \u0161virk\u0161to adatos atsparumo l\u016b\u017eiui bandym\u0105?<\/strong>\n<ul>\n<li>Atliekant bandym\u0105 adatos vamzdelis lenkiamas tam tikru kampu ir da\u017eniu viena arba dviem kryptimis, kad b\u016bt\u0173 \u012fvertintas jo patvarumas veikiant apkrovai.<\/li>\n<\/ul>\n<\/li>\n<li><strong>Kokia yra \u0161virk\u0161t\u0173 adat\u0173 atsparumo tr\u016bkimui testavimo nauda?<\/strong>\n<ul>\n<li>Bandymas u\u017etikrina adat\u0173 saugum\u0105, padeda i\u0161vengti su\u017eeidim\u0173 ir padeda gamintojams laikytis pramon\u0117s standart\u0173 ir reguliavimo reikalavim\u0173.<\/li>\n<\/ul>\n<\/li>\n<\/ol>","protected":false},"excerpt":{"rendered":"<p>Introduction to Syringe Needle Break Resistance Testing Syringe needle break resistance testing plays a crucial role in ensuring the safety and effectiveness of hypodermic needles. Needles must withstand the mechanical stresses encountered during medical procedures, including insertion and withdrawal. A needle that breaks during use can lead to serious health risks such as injury or &hellip;<\/p>\n<p class=\"read-more\"> <a class=\"\" href=\"https:\/\/www.qualitester.com\/lt\/produktas-2\/syringe-needle-break-resistance-testing\/\"> <span class=\"screen-reader-text\">NTT-01 \u0160virk\u0161to adatos atsparumo pertraukimui bandymo \u012franga<\/span> Skaityti daugiau \"<\/a><\/p>","protected":false},"featured_media":6453,"comment_status":"closed","ping_status":"closed","template":"","meta":{"site-sidebar-layout":"default","site-content-layout":"default","ast-global-header-display":"","ast-main-header-display":"","ast-hfb-above-header-display":"","ast-hfb-below-header-display":"","ast-hfb-mobile-header-display":"","site-post-title":"","ast-breadcrumbs-content":"","ast-featured-img":"","footer-sml-layout":"","theme-transparent-header-meta":"default","adv-header-id-meta":"","stick-header-meta":"","header-above-stick-meta":"","header-main-stick-meta":"","header-below-stick-meta":""},"product_cat":[1181,1180,1179,149],"product_tag":[],"class_list":{"0":"post-6452","1":"product","2":"type-product","3":"status-publish","4":"has-post-thumbnail","6":"product_cat-gb-t-18457","7":"product_cat-iso-9626","8":"product_cat-needle-toughness-tester","9":"product_cat-pharma-and-medical-testers","10":"desktop-align-left","11":"tablet-align-left","12":"mobile-align-left","14":"first","15":"instock","16":"shipping-taxable","17":"product-type-simple"},"_links":{"self":[{"href":"https:\/\/www.qualitester.com\/lt\/wp-json\/wp\/v2\/product\/6452","targetHints":{"allow":["GET"]}}],"collection":[{"href":"https:\/\/www.qualitester.com\/lt\/wp-json\/wp\/v2\/product"}],"about":[{"href":"https:\/\/www.qualitester.com\/lt\/wp-json\/wp\/v2\/types\/product"}],"replies":[{"embeddable":true,"href":"https:\/\/www.qualitester.com\/lt\/wp-json\/wp\/v2\/comments?post=6452"}],"version-history":[{"count":0,"href":"https:\/\/www.qualitester.com\/lt\/wp-json\/wp\/v2\/product\/6452\/revisions"}],"wp:featuredmedia":[{"embeddable":true,"href":"https:\/\/www.qualitester.com\/lt\/wp-json\/wp\/v2\/media\/6453"}],"wp:attachment":[{"href":"https:\/\/www.qualitester.com\/lt\/wp-json\/wp\/v2\/media?parent=6452"}],"wp:term":[{"taxonomy":"product_cat","embeddable":true,"href":"https:\/\/www.qualitester.com\/lt\/wp-json\/wp\/v2\/product_cat?post=6452"},{"taxonomy":"product_tag","embeddable":true,"href":"https:\/\/www.qualitester.com\/lt\/wp-json\/wp\/v2\/product_tag?post=6452"}],"curies":[{"name":"wp","href":"https:\/\/api.w.org\/{rel}","templated":true}]}}