{"id":6425,"date":"2025-01-10T11:09:00","date_gmt":"2025-01-10T03:09:00","guid":{"rendered":"https:\/\/www.qualitester.com\/?post_type=product&#038;p=6425"},"modified":"2025-01-10T11:23:17","modified_gmt":"2025-01-10T03:23:17","slug":"iso-7864-needle-penetration-force-measurement-instrument","status":"publish","type":"product","link":"https:\/\/www.qualitester.com\/lt\/produktas-2\/iso-7864-needle-penetration-force-measurement-instrument\/","title":{"rendered":"NPD-01 Adatos \u012fsiskverbimo ir vilkimo j\u0117gos testeris"},"content":{"rendered":"<p>Svetain\u0117 <strong>NPD-01 Adatos \u012fsiskverbimo ir vilkimo j\u0117gos testeris<\/strong> yra pa\u017eangiausias prietaisas, skirtas tiksliai matuoti poodini\u0173 adat\u0173 \u012fsiskverbimo j\u0117g\u0105. Jis u\u017etikrina atitikt\u012f tarptautiniams bandym\u0173 standartams, pvz. <a href=\"https:\/\/www.qualitester.com\/lt\/produkto-kategorija-2\/iso\/iso-7864\/\" target=\"_blank\" rel=\"noopener\"><strong>ISO 7864<\/strong><\/a> ir <strong>GB 15811<\/strong>, si\u016blanti patikim\u0105 sprendim\u0105 adat\u0173 veikimui \u012fvairiose medicinos srityse, \u012fskaitant injekcinius prietaisus, bandom\u0105sias adatas ir kitus biomedicinos gaminius, tikrinti.<\/p>\n<h2>\u012esiskverbimo ir vilkimo j\u0117gos bandymo taikymas<\/h2>\n<p>Svetain\u0117 <strong>Adatos \u012fsiskverbimo j\u0117gos matavimo prietaisas<\/strong> yra labai svarbus testuojant adatas, naudojamas \u012fvairiose medicinos, farmacijos ir mokslini\u0173 tyrim\u0173 srityse. Pagrindin\u0117s taikymo sritys:<\/p>\n<ul>\n<li><strong>Medicinos prietaisai ir vaistai<\/strong>: U\u017etikrinti, kad poodin\u0117s adatos, lancetai ir kiti a\u0161tr\u016bs medicinos prietaisai b\u016bt\u0173 \u012fki\u0161ami skland\u017eiai, ma\u017einant skausm\u0105 ir i\u0161laikant patikimum\u0105 klinikin\u0117je aplinkoje.<\/li>\n<li><strong>Adat\u0173 gamintojai<\/strong>: Kokyb\u0117s u\u017etikrinimas poodini\u0173 adat\u0173, \u0161virk\u0161t\u0173 ir kit\u0173 adatini\u0173 instrument\u0173 gamybos linijose.<\/li>\n<li><strong>Medicininiai tyrimai<\/strong>: Nauj\u0173 adat\u0173 konstrukcij\u0173 ir formuli\u0173 bandymai siekiant geresni\u0173 klinikini\u0173 rezultat\u0173.<\/li>\n<li><strong>Pakuot\u0117<\/strong>: U\u017etikrinti, kad medicinin\u0117 adat\u0173 ir \u0161virk\u0161t\u0173 pakuot\u0117 b\u016bt\u0173 tinkamai suprojektuota taip, kad atlaikyt\u0173 j\u0117gas, atsirandan\u010dias \u012fduriant adatas ir naudojant vaist\u0173 tiekimo sistemas.<\/li>\n<\/ul>\n<h2>Adatinio \u012fsiskverbimo testavimo b\u016btinyb\u0117<\/h2>\n<p>Suprasti <strong>adatos \u012fsiskverbimo bandymo metodas<\/strong> yra labai svarbus u\u017etikrinant medicinini\u0173 adatini\u0173 prietais\u0173 saug\u0105 ir veiksmingum\u0105. Bandymai <strong>skverbimosi j\u0117ga<\/strong> ir <strong>pasiprie\u0161inimo j\u0117ga<\/strong> turi dvejop\u0105 paskirt\u012f:<\/p>\n<ol>\n<li><strong>Paciento komfortas<\/strong>: Per didel\u0117 j\u0117ga ar trintis gali sukelti skausm\u0105, nerim\u0105 ir komplikacijas injekcijos metu. \u012evertin\u0119 j\u0117g\u0105, reikaling\u0105 injekcijai ir jud\u0117jimui, gamintojai gali sukurti adatas, kurios suma\u017eina diskomfort\u0105.<\/li>\n<li><strong>Klinikinis veiksmingumas<\/strong>: Klinikin\u0117je praktikoje labai svarbu efektyviai \u012fvesti adat\u0105. Adatos turi lengvai prasiskverbti pro od\u0105 ar audinius, ta\u010diau nepa\u017eeisti audini\u0173 ir nepakenkti vaist\u0173 tiekimo kokybei.<\/li>\n<li><strong>Atitiktis teis\u0117s aktams<\/strong>: Tarptautiniai standartai, pvz. <strong>ISO 7864<\/strong> ir <strong>GB 15811<\/strong> reikalauja, kad adatos atitikt\u0173 konkre\u010dius na\u0161umo kriterijus. . <strong>NPD-01 testeris<\/strong> garantuoja \u0161i\u0173 taisykli\u0173 laikym\u0105si ir suma\u017eina rizik\u0105, kad bus nesilaikoma teis\u0117s akt\u0173 reikalavim\u0173.<\/li>\n<\/ol>\n<p>Be tiksli\u0173 bandym\u0173 adatiniai gaminiai gali b\u016bti nes\u0117kmingi tokiose svarbiose srityse kaip <strong>sterilumas<\/strong>, <strong>\u012fpur\u0161kimo sklandumas<\/strong>, ir <strong>naudotojo patirtis<\/strong>, d\u0117l to gali kilti klinikini\u0173 komplikacij\u0173 ir pacientas gali patirti nepatogum\u0173. Tod\u0117l <strong>adatos \u012fsiskverbimo testas<\/strong> tai ne tik technin\u0117 smulkmena, bet ir b\u016btinyb\u0117 sveikatos prie\u017ei\u016bros sistemos vientisumui u\u017etikrinti.<\/p>\n<h2>Adatos \u012fsiskverbimo bandymo metodas<\/h2>\n<p>Svetain\u0117 <strong>NPD-01 Adatos \u012fsiskverbimo j\u0117gos matavimo prietaisas<\/strong> veikia sud\u0117tingu, ta\u010diau patogiu naudoti principu:<\/p>\n<ol>\n<li><strong>S\u0105ranka<\/strong>: Testuojama adata pritvirtinama naudojant vyri\u0161k\u0105j\u012f luer k\u016bg\u012f, kuris jungiamas prie \u0161virk\u0161to. <strong>apkrovos elementas<\/strong>.<\/li>\n<li><strong>Substrato \u012fterpimas<\/strong>: Adata kontroliuojamu grei\u010diu judinama link tam tikro pagrindo (pvz., \u012f od\u0105 pana\u0161ios med\u017eiagos ar sintetini\u0173 audini\u0173).<\/li>\n<li><strong>J\u0117gos matavimas<\/strong>: \u012eki\u0161imo metu <strong>apkrovos elementas<\/strong> nuolat matuoja j\u0117g\u0105, kuria adata skverbiasi \u012f med\u017eiag\u0105. \u0160i j\u0117ga registruojama skirtingais \u012fvedimo proceso etapais.<\/li>\n<li><strong>Vilkimo j\u0117gos \u012fvertinimas<\/strong>: Po pirminio \u012fsiskverbimo <strong>pasiprie\u0161inimo j\u0117ga<\/strong> arba i\u0161matuojama trinties j\u0117ga, reikalinga adatai jud\u0117ti per med\u017eiag\u0105. Tai labai svarbus rodiklis, rodantis, kaip adata veikia faktinio naudojimo metu.<\/li>\n<li><strong>Duomen\u0173 i\u0161vestis<\/strong>: Sistema i\u0161veda duomenis per intuityv\u0173 <strong>HMI jutiklinis ekranas<\/strong> ir spausdina rezultatus naudodamas integruot\u0105 <b>mikrospausdintuvas<\/b>.<\/li>\n<\/ol>\n<p>Atlikus bandym\u0105 gauti j\u0117gos rodmenys i\u0161samiai parodo tiek <strong>pradin\u0117 did\u017eiausia \u012fsiskverbimo j\u0117ga<\/strong> ir <strong>trinties j\u0117gos<\/strong>, tod\u0117l tai vertinga kokyb\u0117s kontrol\u0117s, mokslini\u0173 tyrim\u0173 ir pl\u0117tros bei atitikties teis\u0117s akt\u0173 reikalavimams priemon\u0117.<\/p>\n<h2>Technin\u0117 adatos tempimo j\u0117gos testerio specifikacija<\/h2>\n<p>\u010cia yra <strong>pagrindin\u0117s technin\u0117s savyb\u0117s<\/strong> i\u0161 <strong>NPD-01 Adatos \u012fsiskverbimo ir vilkimo j\u0117gos testeris<\/strong>:<\/p>\n<table>\n<tbody>\n<tr>\n<td width=\"144\">Apkrovos elementas<\/td>\n<td width=\"276\">50N (arba pagal poreik\u012f)<\/td>\n<\/tr>\n<tr>\n<td width=\"144\">Bandymo greitis<\/td>\n<td width=\"276\">1 ~ 500 mm\/min<\/td>\n<\/tr>\n<tr>\n<td width=\"144\">J\u0117gos tikslumas<\/td>\n<td width=\"276\">0,5% F.S.<\/td>\n<\/tr>\n<tr>\n<td width=\"144\">Tikslumas<\/td>\n<td width=\"276\">0,01 mm<\/td>\n<\/tr>\n<tr>\n<td width=\"144\">Maitinimas<\/td>\n<td width=\"276\">110~220V<\/td>\n<\/tr>\n<\/tbody>\n<\/table>\n<h2>Technin\u0117 adatos \u012fsiskverbimo j\u0117gos testerio savyb\u0117<\/h2>\n<ol>\n<li><strong>Tikslumas ir patikimumas<\/strong>: 0,01 mm tikslumo ir 0,5% j\u0117gos matavimo tikslumo.<\/li>\n<li><strong>Universalumas<\/strong>: Prietaisas pritaikytas \u012fvairi\u0173 dyd\u017ei\u0173 ir tip\u0173 adatoms, tod\u0117l juo galima atlikti i\u0161samius \u012fvairi\u0173 medicinos prietais\u0173 bandymus.<\/li>\n<li><strong>Naudojimo paprastumas<\/strong>: PLC valdoma sistema ir intuityvi <strong>HMI jutiklinis ekranas<\/strong> palengvina operatoriams nustatyti, steb\u0117ti ir interpretuoti testus.<\/li>\n<li><strong>Pritaikymas<\/strong>: Reguliuojamas greitis ir \u012fsiskverbimo gylis u\u017etikrina, kad prietais\u0105 b\u016bt\u0173 galima pritaikyti konkretiems bandym\u0173 reikalavimams.<\/li>\n<li><strong>Standart\u0173 laikymasis<\/strong>: Visi\u0161kai atitinka tarptautinius standartus, pvz. <strong>ISO 7864<\/strong> ir <strong>GB 15811<\/strong>, tod\u0117l jis tinkamas bandymams \u012fvairiuose regionuose.<\/li>\n<\/ol>\n<h2>Adatos \u012fsiskverbimo bandymo standartas<\/h2>\n<p>Svetain\u0117 <strong>NPD-01 Adatos \u012fsiskverbimo j\u0117gos matavimo prietaisas<\/strong> atitinka \u012fvairius tarptautinius standartus, tod\u0117l tinka medicininiams ir farmaciniams bandymams visame pasaulyje:<\/p>\n<h3><strong><a href=\"https:\/\/www.iso.org\/standard\/60481.html\" target=\"_blank\" rel=\"nofollow noopener\">ISO 7864<\/a> D priedas<\/strong><\/h3>\n<ul>\n<li>Nurodomas bandymo metodas, taikomas matuojant <strong>skverbimosi j\u0117ga<\/strong> ir <strong>pasiprie\u0161inimo j\u0117ga<\/strong> adat\u0173, kurios yra svarbiausios u\u017etikrinant j\u0173 veikim\u0105 naudojimo metu.<\/li>\n<\/ul>\n<h3><strong>GB 15811<\/strong><\/h3>\n<ul>\n<li>\u0160iame Kinijos standarte apra\u0161omi konkret\u016bs metodai, kaip <strong>adatos \u012fsiskverbimo testas<\/strong>, kurio laikomasi NPD-01.<\/li>\n<\/ul>\n<p>Naudojant \u0161i\u0105 priemon\u0119 u\u017etikrinama, kad j\u016bs\u0173 gaminiai atitikt\u0173 auk\u0161\u010diausius pramon\u0117s standartus ir b\u016bt\u0173 tinkami tvirtinti \u012fvairiose rinkose.<\/p>\n<h2>Parama ir mokymas<\/h2>\n<p>\"Cell Instruments\" teikia <strong>visapusi\u0161ka parama ir mokymas<\/strong> pad\u0117ti naudotojams kuo geriau i\u0161naudoti <strong>NPD-01 Adatos \u012fsiskverbimo j\u0117gos matavimo prietaisas<\/strong>:<\/p>\n<ul>\n<li><strong>Naudotoj\u0173 mokymas<\/strong>: M\u016bs\u0173 mokymo programos yra pritaikytos taip, kad pad\u0117t\u0173 suprasti prietaiso veikim\u0105 ir principus. <strong>adat\u0173 testavimas<\/strong>.<\/li>\n<li><strong>Techninis palaikymas<\/strong>: Si\u016blome nuolatin\u0119 technin\u0119 pagalb\u0105 trik\u010di\u0173 \u0161alinimo, technin\u0117s prie\u017ei\u016bros ir kalibravimo klausimais.<\/li>\n<li><strong>Kalibravimo paslaugos<\/strong>: Siekdami u\u017etikrinti nuolatin\u012f tikslum\u0105, kasmet teikiame profesionalias kalibravimo paslaugas.<\/li>\n<\/ul>\n<h2>Da\u017enai u\u017eduodami klausimai (DUK)<\/h2>\n<p><strong>1 klausimas: Kokia yra adatos pasiprie\u0161inimo j\u0117gos bandymo nauda?<br \/>\n<\/strong>A1: Tikrinant pasiprie\u0161inimo j\u0117g\u0105 u\u017etikrinama, kad adata skland\u017eiai jud\u0117t\u0173 per audinius, suma\u017e\u0117t\u0173 diskomfortas ir pager\u0117t\u0173 klinikinis veiksmingumas. Jis taip pat padeda numatyti adat\u0173 veikim\u0105 \u012fvairiomis s\u0105lygomis.<\/p>\n<p><strong>2 klausimas: Ar \u0161\u012f tester\u012f galima naudoti \u012fvairi\u0173 tip\u0173 adatoms testuoti?<\/strong><br \/>\nA2: Taip. <strong>NPD-01<\/strong> yra universalus ir juo galima tirti \u012fvairias adatas, \u012fskaitant \u0161virk\u0161tus, lancetus ir poodines adatas. Jame yra daugyb\u0117 \u012fvairi\u0173 dyd\u017ei\u0173 adat\u0173 tvirtinimo \u012ftais\u0173.<\/p>\n<p><strong>3 klausimas: Ar NPD-01 atitinka tarptautinius bandym\u0173 standartus?<\/strong><br \/>\nA3: Taip. <strong>NPD-01<\/strong> laikosi <strong>ISO 7864<\/strong> ir <strong>GB 15811<\/strong>, u\u017etikrinant, kad jis atitikt\u0173 pasaulinius medicinos prietais\u0173 bandym\u0173 standartus.<\/p>\n<p><strong>4 klausimas: Kokius duomenis pateikia NPD-01?<\/strong><br \/>\nA4: NPD-01 realiuoju laiku matuoja j\u0117g\u0105 ir skverbties gyl\u012f, o rezultatus galima gauti per <strong>HMI jutiklinis ekranas<\/strong> ir integruota <strong>Mikroprinteris<\/strong>.<\/p>","protected":false},"excerpt":{"rendered":"<p>NPD-01 adatos \u012fsiskverbimo j\u0117gos matavimo prietaisu galima atlikti tikslius ir patikimus adatos \u012fsiskverbimo j\u0117gos ir pasiprie\u0161inimo bandymus, labai svarbius medicinos ir farmacijos pramon\u0117je. Su\u017einokite daugiau apie jo taikym\u0105, veikimo principus ir technines savybes.<\/p>","protected":false},"featured_media":0,"comment_status":"closed","ping_status":"closed","template":"","meta":{"site-sidebar-layout":"default","site-content-layout":"default","ast-global-header-display":"","ast-main-header-display":"","ast-hfb-above-header-display":"","ast-hfb-below-header-display":"","ast-hfb-mobile-header-display":"","site-post-title":"","ast-breadcrumbs-content":"","ast-featured-img":"","footer-sml-layout":"","theme-transparent-header-meta":"default","adv-header-id-meta":"","stick-header-meta":"","header-above-stick-meta":"","header-main-stick-meta":"","header-below-stick-meta":""},"product_cat":[953,956,955,845,1178,1177,934,954,957,958,952,959,149,95],"product_tag":[],"class_list":{"0":"post-6425","1":"product","2":"type-product","3":"status-publish","5":"product_cat-bursting-tester","6":"product_cat-cobb-tester","7":"product_cat-crush-tester","8":"product_cat-customization","9":"product_cat-gb-15811","10":"product_cat-iso-7864","11":"product_cat-medical-packaging-tester","12":"product_cat-paper-tear-tester","13":"product_cat-plybond-tester","14":"product_cat-puncture-tester","15":"product_cat-rub-tester","16":"product_cat-stiffness-tester","17":"product_cat-pharma-and-medical-testers","18":"product_cat-products","19":"desktop-align-left","20":"tablet-align-left","21":"mobile-align-left","23":"first","24":"instock","25":"shipping-taxable","26":"product-type-simple"},"_links":{"self":[{"href":"https:\/\/www.qualitester.com\/lt\/wp-json\/wp\/v2\/product\/6425","targetHints":{"allow":["GET"]}}],"collection":[{"href":"https:\/\/www.qualitester.com\/lt\/wp-json\/wp\/v2\/product"}],"about":[{"href":"https:\/\/www.qualitester.com\/lt\/wp-json\/wp\/v2\/types\/product"}],"replies":[{"embeddable":true,"href":"https:\/\/www.qualitester.com\/lt\/wp-json\/wp\/v2\/comments?post=6425"}],"version-history":[{"count":0,"href":"https:\/\/www.qualitester.com\/lt\/wp-json\/wp\/v2\/product\/6425\/revisions"}],"wp:attachment":[{"href":"https:\/\/www.qualitester.com\/lt\/wp-json\/wp\/v2\/media?parent=6425"}],"wp:term":[{"taxonomy":"product_cat","embeddable":true,"href":"https:\/\/www.qualitester.com\/lt\/wp-json\/wp\/v2\/product_cat?post=6425"},{"taxonomy":"product_tag","embeddable":true,"href":"https:\/\/www.qualitester.com\/lt\/wp-json\/wp\/v2\/product_tag?post=6425"}],"curies":[{"name":"wp","href":"https:\/\/api.w.org\/{rel}","templated":true}]}}