{"id":5418,"date":"2024-11-19T11:08:52","date_gmt":"2024-11-19T03:08:52","guid":{"rendered":"https:\/\/www.qualitester.com\/?post_type=product&#038;p=5418"},"modified":"2024-12-05T15:47:38","modified_gmt":"2024-12-05T07:47:38","slug":"sale-melt-flow-index-tester","status":"publish","type":"product","link":"https:\/\/www.qualitester.com\/lt\/produktas-2\/sale-melt-flow-index-tester\/","title":{"rendered":"Lydymosi srauto indekso testeris"},"content":{"rendered":"<h2><strong>\u012evadas \u012f lydymosi indekso tester\u012f<\/strong><\/h2>\n<p>Svetain\u0117 <strong>Lydymosi srauto indekso testeris<\/strong> tai labai tikslus prietaisas, skirtas termoplastini\u0173 med\u017eiag\u0173 lydymosi charakteristikoms matuoti kontroliuojamomis s\u0105lygomis. Nustatydamas lydalo mas\u0117s tek\u0117jimo greit\u012f (MFR) ir lydalo t\u016brio tek\u0117jimo greit\u012f (MVR), \u0161is testeris suteikia vertingos informacijos apie polimer\u0173 perdirbamum\u0105, kuri yra labai svarbi kokyb\u0117s kontrolei, med\u017eiag\u0173 parinkimui ir gamybos optimizavimui. Nesvarbu, ar naudojamas automobili\u0173, farmacijos, maisto pakavimo ar elektronikos pramon\u0117je, lydymosi indekso testeris u\u017etikrina, kad med\u017eiagos atitikt\u0173 tam tikras srauto savybes, kad b\u016bt\u0173 galima patikimai apdoroti.<\/p>\n<h2><strong>Lydymosi indekso testerio taikymas<\/strong><\/h2>\n<p>Lydymosi indekso testeris pla\u010diai naudojamas pramon\u0117s \u0161akose, kuriose reikalingas tikslus polimerini\u0173 med\u017eiag\u0173 bandymas. Jis ypa\u010d tinka bandymams <strong>in\u017eineriniai plastikai<\/strong> kuri\u0173 lydymosi temperat\u016bra yra auk\u0161ta, pvz. <strong>poliarilsulfonas, nailonas, fluoroplastikas<\/strong>, ir <strong>polietilenas<\/strong>, taip pat plastmas\u0117s, kuri\u0173 lydymosi temperat\u016bra yra \u017eemesn\u0117, pvz. <strong>polipropilenas<\/strong>, <strong>ABS<\/strong>, <strong>polistirenas<\/strong>, ir <strong>polioksimetileno<\/strong>. Tiksliai matuodami \u0161i\u0173 med\u017eiag\u0173 srauto greit\u012f, gamintojai gali u\u017etikrinti, kad j\u0173 plastmas\u0117s perdirbimo metu elgsis nusp\u0117jamai ir atitiks gaminio specifikacijas.<\/p>\n<h3><strong>Pramon\u0117s \u0161akos<\/strong>:<\/h3>\n<ul>\n<li><strong>Pakuot\u0117<\/strong>: U\u017etikrina nuosekl\u0173 pakavimo pl\u0117veli\u0173 ir talpykl\u0173 med\u017eiag\u0173 sraut\u0105.<\/li>\n<li><strong>Automobiliai<\/strong>: Tikrina transporto priemoni\u0173 sudedamosiose dalyse naudojam\u0173 plastik\u0173 patikimum\u0105.<\/li>\n<li><strong>Farmacijos produktai<\/strong>: Patvirtina vaist\u0173 tiekimo sistem\u0173 gamybos nuoseklum\u0105.<\/li>\n<li><strong>Elektronika<\/strong>: Tiriamos elektronini\u0173 komponent\u0173 med\u017eiag\u0173 srauto charakteristikos.<\/li>\n<li><strong>Medicinos<\/strong>: \u012evertina medicinos prietais\u0173 med\u017eiag\u0173 apdirbamum\u0105.<\/li>\n<\/ul>\n<h2><strong>Bandymo principas<\/strong><\/h2>\n<p>Lydymosi indekso testeris nustato <strong>Lydalo mas\u0117s srauto greitis (MFR)<\/strong> ir <strong>Lydymosi t\u016brio ir srauto greitis (MVR)<\/strong> ekstruzijos b\u016bdu, kai i\u0161 \u012fkaitinto cilindro pro nustatyto ilgio ir skersmens \u0161tamp\u0105, esant nustatytoms temperat\u016bros ir apkrovos s\u0105lygoms, i\u0161spaud\u017eiama i\u0161lydyta med\u017eiaga.<\/p>\n<ul>\n<li><strong>MFR (A proced\u016bra)<\/strong>: \u0160iuo metodu ekstruzijos greitis apskai\u010diuojamas matuojant ekstruzijos med\u017eiagos svor\u012f per nustatyt\u0105 laikotarp\u012f (paprastai 10 minu\u010di\u0173) gramais per 10 minu\u010di\u0173 (g\/10 min.).<\/li>\n<li><strong>MVR (B proced\u016bra)<\/strong>: Taikant \u0161\u012f metod\u0105 matuojamas st\u016bmoklio poslinkis per tam tikr\u0105 laik\u0105 arba atstum\u0105, tod\u0117l gaunamas ekstruzijos greitis kubiniais centimetrais per 10 minu\u010di\u0173 (cm\u00b3\/10 min).<\/li>\n<\/ul>\n<p>MVR galima konvertuoti \u012f MFR arba atvirk\u0161\u010diai, jei <strong>lydalo tankis<\/strong> med\u017eiagos bandym\u0173 temperat\u016broje yra \u017einomas.<\/p>\n<h2><strong>ISO 1133 ir ASTM D1238 standartai<\/strong><\/h2>\n<p>Lydymosi indekso testeris atitinka tarptautiniu mastu pripa\u017eintus standartus <strong>ISO 1133<\/strong> ir <strong>ASTM D1238<\/strong>u\u017etikrinant tikslius ir atkuriamus rezultatus matuojant termoplastik\u0173 tek\u0117jimo savybes.<\/p>\n<ul>\n<li><a href=\"https:\/\/www.iso.org\/standard\/83905.html\" target=\"_blank\" rel=\"noopener nofollow\"><strong>ISO 1133-1<\/strong><\/a> ir <a href=\"https:\/\/www.iso.org\/standard\/44274.html\" target=\"_blank\" rel=\"noopener nofollow\"><strong>ISO 1133-2<\/strong><\/a> nurodyti bandym\u0173 metodus <strong>MFR<\/strong> ir <strong>MVR<\/strong> nustatymas.<\/li>\n<li><a href=\"https:\/\/www.astm.org\/d1238-10.html\" target=\"_blank\" rel=\"noopener nofollow\"><strong>ASTM D1238<\/strong><\/a> pateikiamos rekomendacijos, kaip matuoti termoplastini\u0173 med\u017eiag\u0173 lydymosi greit\u012f kontroliuojamomis temperat\u016bros, apkrovos ir \u0161tampavimo s\u0105lygomis.<\/li>\n<\/ul>\n<p>\u0160ie standartai labai svarb\u016bs siekiant u\u017etikrinti nuoseklum\u0105 skirtingose laboratorijose, gamintoj\u0173 ir pramon\u0117s \u0161akose.<\/p>\n<h2><strong>MFR ir MVR bandym\u0173 metodai<\/strong><\/h2>\n<ul>\n<li><strong>Mas\u0117s matavimo metodas (MFR)<\/strong>: Atliekant \u0161\u012f bandym\u0105 pasveriamas ekstrudatas, susidar\u0119s per tam tikr\u0105 laiko tarp\u0105, ir pagal \u0161iuos duomenis apskai\u010diuojamas lydalo srautas gramais per 10 minu\u010di\u0173.<\/li>\n<li><strong>Poslinkio matavimo metodas (MVR)<\/strong>: Matuoja st\u016bmoklio jud\u0117jim\u0105 ir apskai\u010diuoja i\u0161spaudimo greit\u012f kubiniais centimetrais per 10 minu\u010di\u0173.<\/li>\n<\/ul>\n<p><strong>Apkrovos ir temperat\u016bros kontrol\u0117<\/strong> yra labai svarb\u016bs siekiant u\u017etikrinti nuoseklius rezultatus. Lydymosi srauto indekso testeris gali b\u016bti pritaikytas \u012fvairioms apkrovos parinktims, nuo <strong>0,325 kg<\/strong> \u012f <strong>21,6 kg<\/strong> priklausomai nuo bandomos med\u017eiagos, o temperat\u016bra tiksliai kontroliuojama, kad atitikt\u0173 bandym\u0173 standartus.<\/p>\n<h2><strong>Lydymosi srauto indeksas (MFR) ir lydymosi t\u016brio ir srauto greitis (MVR)<\/strong><\/h2>\n<ul>\n<li><strong>MFR (lydymosi mas\u0117s srauto greitis)<\/strong>: MFR - tai greitis, kuriuo polimerin\u0117 med\u017eiaga i\u0161spaud\u017eiama per pres\u0105 esant tam tikroms apkrovos, temperat\u016bros ir pres\u0173 matmen\u0173 s\u0105lygoms. MFR nurodomas <strong>gram\u0173 per 10 minu\u010di\u0173<\/strong> (g\/10 min) arba <strong>decigram\u0173 per minut\u0119<\/strong> (dg\/min).<\/li>\n<li><strong>MVR (lydymosi t\u016brio ir srauto greitis)<\/strong>: MVR matuoja i\u0161spaustos med\u017eiagos t\u016br\u012f per laiko vienet\u0105 (kubiniai centimetrai per 10 minu\u010di\u0173) ir yra ypa\u010d naudingas, kai dirbama su med\u017eiagomis, kuri\u0173 lydymosi tankis n\u0117ra pastovus.<\/li>\n<\/ul>\n<p>\u0160ie matavimai yra labai svarb\u016bs gamintojams, siekiant nustatyti, kaip lengvai galima apdoroti plastik\u0105, o tai turi \u012ftakos jo naudojimui \u012fvairiose srityse - nuo \u012fpur\u0161kimo liejimo iki i\u0161spaudimo.<\/p>\n<h2><strong>Apkrova atliekant MFR ir MVR bandymus<\/strong><\/h2>\n<p>Svetain\u0117 <strong>\u012fkelti<\/strong> MFR ir MVR bandymuose rei\u0161kia bendr\u0105 st\u016bmoklio ir prid\u0117tini\u0173 svori\u0173 j\u0117g\u0105. \u0160i j\u0117ga yra labai svarbi nustatant med\u017eiagos i\u0161spaudimo greit\u012f konkre\u010diomis s\u0105lygomis. . <strong>vardin\u0117s apkrovos<\/strong> bandymams paprastai naudojami <strong>0,325 kg, 1,200 kg, 2,160 kg, 3,800 kg, 5,000 kg, 10,000 kg<\/strong>, ir <strong>21 600 kg<\/strong>. Tinkama apkrova parenkama atsi\u017evelgiant \u012f med\u017eiagos klampum\u0105 ir norimas bandymo s\u0105lygas.<\/p>\n<h2><strong>Pagrindin\u0117s lydymosi indekso testerio savyb\u0117s<\/strong><\/h2>\n<ul>\n<li><strong>Tiksli temperat\u016bros kontrol\u0117<\/strong>: Reguliuojami kaitinimo elementai u\u017etikrina tiksli\u0105 ir pastovi\u0105 temperat\u016bros kontrol\u0119, kad b\u016bt\u0173 galima patikimai i\u0161bandyti \u012fvairius termoplastikus.<\/li>\n<li><strong>Lanks\u010dios apkrovos parinktys<\/strong>: Galima rinktis i\u0161 \u012fvairi\u0173 vardini\u0173 svori\u0173, tinkan\u010di\u0173 skirtingoms med\u017eiagoms ir bandymo s\u0105lygoms.<\/li>\n<li><strong>Patogi vartotojui s\u0105saja<\/strong>: D\u0117l paprasto valdymo lydymosi indekso testeriu lengva naudotis, tod\u0117l j\u012f galima greitai nustatyti ir atlikti tikslius bandymus.<\/li>\n<li><strong>Duomen\u0173 registravimas ir ataskait\u0173 teikimas<\/strong>: Pateikiamos tikslios MFR ir MVR vert\u0117s, kurias galima registruoti ir saugoti v\u0117lesnei analizei ar kokyb\u0117s u\u017etikrinimui.<\/li>\n<\/ul>\n<h2><strong>Kod\u0117l verta rinktis \"Cell Instruments\" lydymosi indekso tester\u012f?<\/strong><\/h2>\n<p>\"Cell Instruments\" lydymosi srauto indekso testeris sukurtas taip, kad u\u017etikrint\u0173 auk\u0161\u010diausio lygio tikslum\u0105 ir nuoseklum\u0105 matuojant MFR ir MVR pagal ISO 1133 ir ASTM D1238 standartus. M\u016bs\u0173 testeriai sukurti atsi\u017evelgiant \u012f ilgaam\u017ei\u0161kum\u0105 ir paprast\u0105 naudojim\u0105, pasi\u017eymi tvirta konstrukcija ir intuityviu valdymu.<\/p>\n<h2><strong>Privalumai<\/strong>:<\/h2>\n<ul>\n<li><strong>Tiksl\u016bs rezultatai<\/strong>: Atitinka tarptautinius standartus, u\u017etikrinan\u010dius tikslius srauto matavimus.<\/li>\n<li><strong>Pritaikomos parinktys<\/strong>: Galima konfig\u016bruoti \u012fvairiems polimerams ir bandym\u0173 reikalavimams.<\/li>\n<li><strong>Patikimumas<\/strong>: Sukurtas nuolatiniam naudojimui pramon\u0117je ir moksliniuose tyrimuose.<\/li>\n<li><strong>Atitiktis pramon\u0117s standartams<\/strong>: Atitinka <strong>ISO 1133<\/strong> ir <strong>ASTM D1238<\/strong>u\u017etikrinant patikim\u0105 ir pakartojam\u0105 bandym\u0105.<\/li>\n<\/ul>\n<p>Lydalo tek\u0117jimo indekso testeris yra labai svarbi priemon\u0117 termoplastik\u0173 tek\u0117jimo savyb\u0117ms \u012fvertinti, u\u017etikrinanti, kad med\u017eiagos atitikt\u0173 j\u0173 apdorojimo reikalavimus. Nesvarbu, ar tai b\u016bt\u0173 kokyb\u0117s kontrol\u0117, med\u017eiag\u0173 tyrimai, ar gamybos optimizavimas, \u0161is testeris pateikia patikimus ir tikslius rezultatus, atitinkan\u010dius <strong>ISO 1133<\/strong> ir <strong>ASTM D1238<\/strong> standartus. \"Cell Instruments\" lydymosi indekso testeris su pritaikomomis parinktimis ir patogiu valdymu yra idealus pasirinkimas bet kuriai laboratorijai ar gamybinei aplinkai.<\/p>","protected":false},"excerpt":{"rendered":"<p>Svetain\u0117 <strong>Lydymosi srauto indekso testeris<\/strong> tai labai tikslus prietaisas, skirtas termoplastini\u0173 med\u017eiag\u0173 lydymosi charakteristikoms matuoti kontroliuojamomis s\u0105lygomis. Nustatydamas lydalo mas\u0117s tek\u0117jimo greit\u012f (MFR) ir lydalo t\u016brio tek\u0117jimo greit\u012f (MVR), \u0161is testeris suteikia vertingos informacijos apie polimer\u0173 perdirbamum\u0105, kuri yra labai svarbi kokyb\u0117s kontrolei, med\u017eiag\u0173 parinkimui ir gamybos optimizavimui. Nesvarbu, ar naudojamas automobili\u0173, farmacijos, maisto pakavimo ar elektronikos pramon\u0117je, lydymosi indekso testeris u\u017etikrina, kad med\u017eiagos atitikt\u0173 tam tikras srauto savybes, kad b\u016bt\u0173 galima patikimai apdoroti.<\/p>","protected":false},"featured_media":6307,"comment_status":"closed","ping_status":"closed","template":"","meta":{"site-sidebar-layout":"default","site-content-layout":"default","ast-global-header-display":"","ast-main-header-display":"","ast-hfb-above-header-display":"","ast-hfb-below-header-display":"","ast-hfb-mobile-header-display":"","site-post-title":"","ast-breadcrumbs-content":"","ast-featured-img":"","footer-sml-layout":"","theme-transparent-header-meta":"default","adv-header-id-meta":"","stick-header-meta":"","header-above-stick-meta":"","header-main-stick-meta":"","header-below-stick-meta":""},"product_cat":[1127,845,1126,1125,16,95],"product_tag":[],"class_list":{"0":"post-5418","1":"product","2":"type-product","3":"status-publish","4":"has-post-thumbnail","6":"product_cat-astm-d1238","7":"product_cat-customization","8":"product_cat-iso-1133-1","9":"product_cat-iso-1133-2","10":"product_cat-plastic-packaging-testers","11":"product_cat-products","12":"desktop-align-left","13":"tablet-align-left","14":"mobile-align-left","16":"first","17":"instock","18":"shipping-taxable","19":"product-type-simple"},"_links":{"self":[{"href":"https:\/\/www.qualitester.com\/lt\/wp-json\/wp\/v2\/product\/5418","targetHints":{"allow":["GET"]}}],"collection":[{"href":"https:\/\/www.qualitester.com\/lt\/wp-json\/wp\/v2\/product"}],"about":[{"href":"https:\/\/www.qualitester.com\/lt\/wp-json\/wp\/v2\/types\/product"}],"replies":[{"embeddable":true,"href":"https:\/\/www.qualitester.com\/lt\/wp-json\/wp\/v2\/comments?post=5418"}],"version-history":[{"count":0,"href":"https:\/\/www.qualitester.com\/lt\/wp-json\/wp\/v2\/product\/5418\/revisions"}],"wp:featuredmedia":[{"embeddable":true,"href":"https:\/\/www.qualitester.com\/lt\/wp-json\/wp\/v2\/media\/6307"}],"wp:attachment":[{"href":"https:\/\/www.qualitester.com\/lt\/wp-json\/wp\/v2\/media?parent=5418"}],"wp:term":[{"taxonomy":"product_cat","embeddable":true,"href":"https:\/\/www.qualitester.com\/lt\/wp-json\/wp\/v2\/product_cat?post=5418"},{"taxonomy":"product_tag","embeddable":true,"href":"https:\/\/www.qualitester.com\/lt\/wp-json\/wp\/v2\/product_tag?post=5418"}],"curies":[{"name":"wp","href":"https:\/\/api.w.org\/{rel}","templated":true}]}}