{"id":5406,"date":"2024-11-18T11:18:43","date_gmt":"2024-11-18T03:18:43","guid":{"rendered":"https:\/\/www.qualitester.com\/?post_type=product&#038;p=5406"},"modified":"2024-12-05T15:42:31","modified_gmt":"2024-12-05T07:42:31","slug":"sale-charpy-and-izod-impact-tester","status":"publish","type":"product","link":"https:\/\/www.qualitester.com\/lt\/produktas-2\/sale-charpy-and-izod-impact-tester\/","title":{"rendered":"ClT-01 Charpy ir lzod poveikio testeris"},"content":{"rendered":"<h2><strong>\u012evadas<\/strong><\/h2>\n<p>CIT-01 \"Charpy\" ir \"Izod\" sm\u016bgini\u0173 bandym\u0173 testeris yra pa\u017eangus sm\u016bgini\u0173 bandym\u0173 aparatas, skirtas matuoti nemetalini\u0173 med\u017eiag\u0173, toki\u0173 kaip kietasis plastikas, stiklo pluo\u0161tas, keramika, akmuo ir elektros izoliacijos med\u017eiagos, kietum\u0105. Viename \u012frenginyje sujungtos \u0160arpio ir Izodo bandym\u0173 galimyb\u0117s, tod\u0117l jis idealiai tinka tokioms pramon\u0117s \u0161akoms kaip chemijos produkt\u0173 gamyba, kokyb\u0117s tikrinimas ir moksliniai tyrimai. \u0160is universalus testeris atitinka tarptautinius standartus, \u012fskaitant ISO 179-1 ir ISO 180, tod\u0117l u\u017etikrina tikslius ir patikimus rezultatus.<\/p>\n<h2><strong>Kas yra poveikio testavimas?<\/strong><\/h2>\n<p>Atliekant sm\u016bginius bandymus vertinamas med\u017eiagos atsparumas staigiai apkrovai arba sm\u016bgio j\u0117gai. Jis labai svarbus siekiant suprasti med\u017eiagos tvirtum\u0105 ir atsparum\u0105 l\u016b\u017eiams. \u0160arpio ir Izodo bandymai yra du pla\u010diai naudojami metodai, kuri\u0173 kiekvienas suteikia unikali\u0173 \u012f\u017evalg\u0173 apie med\u017eiagos elgsen\u0105.<\/p>\n<h2><strong>Supratimas apie Charpy ir Izod sm\u016bgi\u0173 bandymus<\/strong><\/h2>\n<ul>\n<li><strong>\u0160arpio sm\u016bgio bandymas<\/strong><br \/>\nAtliekant \u0160arpio bandym\u0105 bandinys yra horizontalioje pad\u0117tyje, o \u012fpjova nukreipta \u012f \u0161vytuokl\u0119. \u0160vytuokl\u0117 sm\u016bgiuoja \u012f bandinio centr\u0105 ir taip nustato med\u017eiagos geb\u0117jim\u0105 sugerti energij\u0105 iki gedimo. \u0160is bandymas da\u017eniausiai naudojamas metalams, plastikams ir kompozitams.<\/li>\n<li><strong>Izod sm\u016bgio testas<\/strong><br \/>\nAtliekant Izodo bandym\u0105 bandinys statomas vertikaliai, o \u012fpjova nukreipta \u012f \u0161vytuokl\u0119. Sm\u016bgiuojama \u012f vir\u0161utin\u012f bandinio gal\u0105 ir matuojama, kiek energijos sugeriama iki l\u016b\u017eio. \u0160is bandymas idealiai tinka plastikams ir kai kuriems metalams.<\/li>\n<\/ul>\n<h2><strong>Pagrindiniai skirtumai<\/strong><\/h2>\n<table>\n<thead>\n<tr>\n<th>Funkcija<\/th>\n<th>\u0160arpio sm\u016bgio bandymas<\/th>\n<th>Izod sm\u016bgio testas<\/th>\n<\/tr>\n<\/thead>\n<tbody>\n<tr>\n<td><strong>I\u0161bandytos med\u017eiagos<\/strong><\/td>\n<td>Metalai, plastikai, kompozitai<\/td>\n<td>Plastmas\u0117s, kai kurie metalai<\/td>\n<\/tr>\n<tr>\n<td><strong>\u012epjov\u0173 tipai<\/strong><\/td>\n<td>U formos i\u0161pjova, V formos i\u0161pjova<\/td>\n<td>Tik V formos \u012fpjova<\/td>\n<\/tr>\n<tr>\n<td><strong>Pavyzd\u017eio pad\u0117tis<\/strong><\/td>\n<td>Horizontalus<\/td>\n<td>Vertikalus<\/td>\n<\/tr>\n<tr>\n<td><strong>\u012esp\u016bdingas ta\u0161kas<\/strong><\/td>\n<td>Centras<\/td>\n<td>Vir\u0161utinis galiukas<\/td>\n<\/tr>\n<tr>\n<td><strong>Pavyzd\u017eio matmenys<\/strong><\/td>\n<td>55 \u00d7 10 \u00d7 10 mm<\/td>\n<td>64 \u00d7 12,7 \u00d7 3,2 mm (plastikai) arba 127 \u00d7 11,43 mm (metalai)<\/td>\n<\/tr>\n<\/tbody>\n<\/table>\n<h2><strong>Atitiktis ISO standartams<\/strong><\/h2>\n<ul>\n<li><strong>ISO 179-1<\/strong>: Pagrindinis d\u0117mesys skiriamas plastik\u0173 sm\u016bgini\u0173 savybi\u0173 nustatymui pagal Charpy'\u0173, apima bandymo metodus, bandini\u0173 paruo\u0161im\u0105 ir energijos skai\u010diavimus.<\/li>\n<li><strong>ISO 180<\/strong>: Nurodomas Izodo sm\u016bgini\u0173 plastik\u0173 savybi\u0173 matavimo metodas, detaliai apra\u0161omos bandini\u0173 konfig\u016bracijos ir bandym\u0173 proced\u016bros.<\/li>\n<\/ul>\n<p>\u0160iuose standartuose pateikiamos patikimos med\u017eiag\u0173 atsparumo \u012fvertinimo metodikos ir u\u017etikrinama, kad rezultatai b\u016bt\u0173 palyginami visame pasaulyje.<\/p>\n<h2><strong>CIT-01 sm\u016bginio testerio savyb\u0117s<\/strong><\/h2>\n<ul>\n<li>Viename prietaise sujungiami Charpy ir Izod bandymai.<\/li>\n<li>Patogus PLC valdymas ir jutiklinio ekrano valdymas.<\/li>\n<li>Daugiakalb\u0117 s\u0105saja (kin\u0173 ir angl\u0173 kalbomis).<\/li>\n<li>Saugo ir apskai\u010diuoja penki\u0173 m\u0117gini\u0173 duomenis su vidutin\u0117s energijos apskai\u010diavimu.<\/li>\n<li>Tvirta konstrukcija u\u017etikrina stabil\u0173 ir pakartojam\u0105 veikim\u0105.<\/li>\n<\/ul>\n<h2><strong>Technin\u0117s specifikacijos<\/strong><\/h2>\n<table>\n<thead>\n<tr>\n<th>Parametras<\/th>\n<th>\u0160arpio bandymas<\/th>\n<th>Izodo testas<\/th>\n<\/tr>\n<\/thead>\n<tbody>\n<tr>\n<td><strong>Sm\u016bgio greitis<\/strong><\/td>\n<td>3,8 m\/s<\/td>\n<td>3,5 m\/s<\/td>\n<\/tr>\n<tr>\n<td><strong>Poveikio energijos parinktys<\/strong><\/td>\n<td>7.5, 15, 25, 50 J<\/td>\n<td>1, 2.75, 5.5, 11, 22 J<\/td>\n<\/tr>\n<tr>\n<td><strong>Smogtuvo antgalio kampas<\/strong><\/td>\n<td>30\u00b0 \u00b1 1\u00b0<\/td>\n<td>75\u00b0 \u00b1 1\u00b0<\/td>\n<\/tr>\n<tr>\n<td><strong>Atstumas tarp atram\u0173<\/strong><\/td>\n<td>40, 62, 70, 95 mm<\/td>\n<td>\u017dandikaulio pavaduotojas<\/td>\n<\/tr>\n<tr>\n<td><strong>Matmenys<\/strong><\/td>\n<td>550 \u00d7 350 \u00d7 850 mm<\/td>\n<td>Tas pats<\/td>\n<\/tr>\n<\/tbody>\n<\/table>\n<h2><strong>Parai\u0161kos<\/strong><\/h2>\n<p>CIT-01 pla\u010diai naudojamas:<\/p>\n<ul>\n<li>Pakuo\u010di\u0173 med\u017eiag\u0173 bandymai.<\/li>\n<li>Plastiko ir kompozitini\u0173 med\u017eiag\u0173 tyrimai.<\/li>\n<li>Kokyb\u0117s u\u017etikrinimas chemijos ir pramon\u0117s sektoriuose.<\/li>\n<li>Akademin\u0117s mokslini\u0173 tyrim\u0173 ir mokymo laboratorijos.<\/li>\n<\/ul>\n<h2><strong>Kod\u0117l verta rinktis CIT-01?<\/strong><\/h2>\n<ul>\n<li><strong>Dviguba funkcija<\/strong>: Atlikite ir \u0160arpio, ir Izodo bandymus nenaudodami atskir\u0173 prietais\u0173.<\/li>\n<li><strong>Tikslus ir patikimas<\/strong>: Atitinka ISO 179-1 ir ISO 180 standartus, kad rezultatai b\u016bt\u0173 nuosekl\u016bs.<\/li>\n<li><strong>Patogus naudoti<\/strong>: Jutiklinio ekrano s\u0105saja ir daugiakalbis palaikymas palengvina darb\u0105.<\/li>\n<li><strong>Ekonomi\u0161kas<\/strong>: Sujungiami du bandym\u0173 metodai, tod\u0117l sutaupoma l\u0117\u0161\u0173 investicijoms \u012f \u012frang\u0105.<\/li>\n<\/ul>\n<h2><strong>Da\u017enai u\u017eduodami klausimai (DUK)<\/strong><\/h2>\n<ol>\n<li><strong>Kam pirmiausia naudojamas CIT-01?<\/strong><br \/>\nJuo matuojamas toki\u0173 med\u017eiag\u0173 kaip plastikas, stiklo pluo\u0161tas ir keramika atsparumas sm\u016bgiams.<\/li>\n<li><strong>Ar jis atitinka ISO standartus?<\/strong><br \/>\nTaip, CIT-01 atitinka ISO 179-1 standarto reikalavimus \u0160arpio bandymams ir ISO 180 standarto reikalavimus Izodo bandymams.<\/li>\n<li><strong>Kokioms pramon\u0117s \u0161akoms naudinga naudoti \u0161\u012f tester\u012f?<\/strong><br \/>\nTokiose pramon\u0117s \u0161akose kaip pakavimo, automobili\u0173 pramon\u0117 ir kokyb\u0117s tikrinimo agent\u016bros ji naudojama med\u017eiag\u0173 eksploatacin\u0117ms savyb\u0117ms u\u017etikrinti.<\/li>\n<li><strong>Kuo CIT-01 skiriasi nuo kit\u0173 sm\u016bgio testeri\u0173?<\/strong><br \/>\nJis i\u0161siskiria dvejopomis funkcijomis, patogiu dizainu ir tarptautini\u0173 standart\u0173 atitiktimi.<\/li>\n<li><strong>Koks yra \u0160arpio ir Izodo bandym\u0173 energijos diapazonas?<\/strong><br \/>\n\u0160arpio bandymo stiprumas svyruoja nuo 7,5 iki 50 J, o Izodo bandymo stiprumas svyruoja nuo 1 iki 22 J.<\/li>\n<\/ol>","protected":false},"excerpt":{"rendered":"<p>CIT-01 \"Charpy\" ir \"Izod\" sm\u016bgini\u0173 bandym\u0173 testeris yra pa\u017eangus sm\u016bgini\u0173 bandym\u0173 aparatas, skirtas matuoti nemetalini\u0173 med\u017eiag\u0173, toki\u0173 kaip kietasis plastikas, stiklo pluo\u0161tas, keramika, akmuo ir elektros izoliacijos med\u017eiagos, kietum\u0105. Viename \u012frenginyje sujungtos \u0160arpio ir Izodo bandym\u0173 galimyb\u0117s, tod\u0117l jis idealiai tinka tokioms pramon\u0117s \u0161akoms kaip chemijos produkt\u0173 gamyba, kokyb\u0117s tikrinimas ir moksliniai tyrimai. \u0160is universalus testeris atitinka tarptautinius standartus, \u012fskaitant ISO 179-1 ir ISO 180, tod\u0117l u\u017etikrina tikslius ir patikimus rezultatus.<\/p>","protected":false},"featured_media":6304,"comment_status":"closed","ping_status":"closed","template":"","meta":{"site-sidebar-layout":"default","site-content-layout":"default","ast-global-header-display":"","ast-main-header-display":"","ast-hfb-above-header-display":"","ast-hfb-below-header-display":"","ast-hfb-mobile-header-display":"","site-post-title":"","ast-breadcrumbs-content":"","ast-featured-img":"","footer-sml-layout":"","theme-transparent-header-meta":"default","adv-header-id-meta":"","stick-header-meta":"","header-above-stick-meta":"","header-main-stick-meta":"","header-below-stick-meta":""},"product_cat":[845,1118,1119,938,684,44,16,95],"product_tag":[],"class_list":{"0":"post-5406","1":"product","2":"type-product","3":"status-publish","4":"has-post-thumbnail","6":"product_cat-customization","7":"product_cat-iso-179-1","8":"product_cat-iso-180","9":"product_cat-textile-tester","10":"product_cat-impact-tester","11":"product_cat-paper-and-board-testers","12":"product_cat-plastic-packaging-testers","13":"product_cat-products","14":"desktop-align-left","15":"tablet-align-left","16":"mobile-align-left","18":"first","19":"instock","20":"shipping-taxable","21":"product-type-simple"},"_links":{"self":[{"href":"https:\/\/www.qualitester.com\/lt\/wp-json\/wp\/v2\/product\/5406","targetHints":{"allow":["GET"]}}],"collection":[{"href":"https:\/\/www.qualitester.com\/lt\/wp-json\/wp\/v2\/product"}],"about":[{"href":"https:\/\/www.qualitester.com\/lt\/wp-json\/wp\/v2\/types\/product"}],"replies":[{"embeddable":true,"href":"https:\/\/www.qualitester.com\/lt\/wp-json\/wp\/v2\/comments?post=5406"}],"version-history":[{"count":0,"href":"https:\/\/www.qualitester.com\/lt\/wp-json\/wp\/v2\/product\/5406\/revisions"}],"wp:featuredmedia":[{"embeddable":true,"href":"https:\/\/www.qualitester.com\/lt\/wp-json\/wp\/v2\/media\/6304"}],"wp:attachment":[{"href":"https:\/\/www.qualitester.com\/lt\/wp-json\/wp\/v2\/media?parent=5406"}],"wp:term":[{"taxonomy":"product_cat","embeddable":true,"href":"https:\/\/www.qualitester.com\/lt\/wp-json\/wp\/v2\/product_cat?post=5406"},{"taxonomy":"product_tag","embeddable":true,"href":"https:\/\/www.qualitester.com\/lt\/wp-json\/wp\/v2\/product_tag?post=5406"}],"curies":[{"name":"wp","href":"https:\/\/api.w.org\/{rel}","templated":true}]}}