{"id":5401,"date":"2024-11-18T11:06:12","date_gmt":"2024-11-18T03:06:12","guid":{"rendered":"https:\/\/www.qualitester.com\/?post_type=product&#038;p=5401"},"modified":"2024-12-05T15:37:27","modified_gmt":"2024-12-05T07:37:27","slug":"sale-fabric-thickness-tester-gauge","status":"publish","type":"product","link":"https:\/\/www.qualitester.com\/lt\/produktas-2\/sale-fabric-thickness-tester-gauge\/","title":{"rendered":"FTT-02 audinio storio testeris"},"content":{"rendered":"<p>Svetain\u0117 <strong>FTT-02 audinio storio testeris<\/strong> tai labai tikslus prietaisas, skirtas \u012fvairi\u0173 audini\u0173 storiui matuoti, \u012fskaitant neaustinius, i\u0161lydytus, suvirintus, SMS (suvirintus\/i\u0161lydytus\/suvirintus\/suvirintus), verpiamus, adatinius, austus ir megztus audinius. \u0160is prietaisas, sukurtas siekiant u\u017etikrinti patikimum\u0105 ir tikslum\u0105, u\u017etikrina atitikt\u012f pasauliniams bandym\u0173 standartams, tod\u0117l jis yra labai svarbus \u012frankis tokiose pramon\u0117s \u0161akose kaip tekstil\u0117s, medicinos prietais\u0173, pakuo\u010di\u0173 ir kokyb\u0117s tikrinimo.<\/p>\n<h2><strong>FTT-02 audini\u0173 storio testerio taikymo sritys<\/strong><\/h2>\n<p>FTT-02 yra universalus ir idealiai tinka \u012fvairioms med\u017eiagoms, \u012fskaitant:<\/p>\n<ul>\n<li>Lydomosios ir verpiamosios neaustin\u0117s med\u017eiagos.<\/li>\n<li>SMS neaustin\u0117s med\u017eiagos, skirtos medicinos ir higienos gaminiams.<\/li>\n<li>Verpstiniai ir adatiniai audiniai, naudojami apmu\u0161alams ir pramon\u0117je.<\/li>\n<li>Audiniai ir trikota\u017eas drabu\u017eiams ir techniniams audiniams.<\/li>\n<\/ul>\n<p>Tod\u0117l \u0161is prietaisas yra labai svarbus tokiose pramon\u0117s \u0161akose kaip pakavimo, medicinos, farmacijos, tekstil\u0117s ir kokyb\u0117s u\u017etikrinimo agent\u016bros.<\/p>\n<h2><strong>Funkcijos ir privalumai<\/strong><\/h2>\n<h3><strong>Tiksl\u016bs matavimai<\/strong><\/h3>\n<ul>\n<li>Matavimo diapazonas: <strong>0,001-25 mm<\/strong> kuri\u0173 skiriamoji geba yra <strong>0,001 mm<\/strong>, u\u017etikrinant itin tikslius rezultatus svarbiausioms programoms.<\/li>\n<\/ul>\n<h3><strong>Testavimo lankstumas<\/strong><\/h3>\n<ul>\n<li>Galimyb\u0117s <strong>vienas<\/strong> arba <strong>nuolatinis testavimas<\/strong> pritaikyti \u012fvairiems veiklos poreikiams.<\/li>\n<\/ul>\n<h3><strong>Pritaikomi svoriai ir nustatymai<\/strong><\/h3>\n<ul>\n<li>Reguliuojami prispaudimo kojel\u0117s dyd\u017eiai: <strong>11,28 mm, 50,48 mm, 56,42 mm ir 112,84 mm<\/strong>.<\/li>\n<li>Keli\u0173 dyd\u017ei\u0173 kontakt\u0173 plotas: <strong>\u03c6100, \u03c62000, \u03c62500, \u03c610000mm\u00b2<\/strong>.<\/li>\n<li>Svorio parinktys nuo <strong>5cN<\/strong> \u012f <strong>500cN<\/strong> ir paspauskite laiko nustatymus <strong>10s<\/strong> ir <strong>30s<\/strong> pritaikytam testavimui.<\/li>\n<\/ul>\n<h3><strong>Naudotojui patogus dizainas<\/strong><\/h3>\n<ul>\n<li>Kompakti\u0161ki matmenys (<strong>410 \u00d7 160 \u00d7 395 mm<\/strong>) ir nedidelio svorio (<strong>35 kg<\/strong>) u\u017etikrina paprast\u0105 s\u0105rank\u0105 ir veikim\u0105.<\/li>\n<li>Veikia standartiniu <strong>220 V, 50 Hz<\/strong> maitinimo \u0161altinis.<\/li>\n<\/ul>\n<h2><strong>Standart\u0173 laikymasis<\/strong><\/h2>\n<p>Svetain\u0117 <strong>FTT-02 audinio storio testeris<\/strong> sukurtas taip, kad atitikt\u0173 ir vir\u0161yt\u0173 \u0161i\u0173 pasaulini\u0173 standart\u0173 reikalavimus:<\/p>\n<ul>\n<li><a href=\"https:\/\/www.iso.org\/standard\/23348.html\" target=\"_blank\" rel=\"noopener nofollow\"><strong>ISO 5084<\/strong><\/a>: Standartas, skirtas matuoti tekstil\u0117s stor\u012f, veikiant specifiniam sl\u0117giui.<\/li>\n<li><a href=\"https:\/\/www.iso.org\/standard\/16652.html\" target=\"_blank\" rel=\"noopener nofollow\"><strong>ISO 9073-2<\/strong><\/a>: Neaustini\u0173 med\u017eiag\u0173 storio nustatymas.<\/li>\n<li><a href=\"https:\/\/www.iso.org\/standard\/59641.html\" target=\"_blank\" rel=\"noopener nofollow\"><strong>ISO 9863<\/strong><\/a>: Geosintetini\u0173 med\u017eiag\u0173 storio matavimo gair\u0117s.<\/li>\n<li><a href=\"https:\/\/www.astm.org\/d1777-96r19.html\" target=\"_blank\" rel=\"noopener nofollow\"><strong>ASTM D1777<\/strong><\/a>: Tekstil\u0117s med\u017eiag\u0173 storio matavimo metodai.<\/li>\n<li><strong>GB\/T 24218.2 IR GB\/T 3820<\/strong>: Kinijos audini\u0173 storio bandymo standartai.<\/li>\n<li><strong>FZ\/T 01003 IR FZ\/T 60004<\/strong>: Kinijos rinkai skirt\u0173 konkre\u010di\u0173 tekstil\u0117s gamini\u0173 standartai.<\/li>\n<\/ul>\n<p>\u0160ie sertifikatai u\u017etikrina, kad testeris tinka naudoti tiek \u0161alies, tiek tarptautiniu mastu.<\/p>\n<h2><strong>Technin\u0117s specifikacijos<\/strong><\/h2>\n<table>\n<thead>\n<tr>\n<th><strong>Parametras<\/strong><\/th>\n<th><strong>I\u0161sami informacija<\/strong><\/th>\n<\/tr>\n<\/thead>\n<tbody>\n<tr>\n<td style=\"text-align: center;\">Matavimo diapazonas<\/td>\n<td style=\"text-align: center;\">0,001-25 mm<\/td>\n<\/tr>\n<tr>\n<td style=\"text-align: center;\">Rezoliucija<\/td>\n<td style=\"text-align: center;\">0,001 mm<\/td>\n<\/tr>\n<tr>\n<td style=\"text-align: center;\">Prispaudimo kojel\u0117 (mm)<\/td>\n<td style=\"text-align: center;\">11.28, 50.48, 56.42, 112.84<\/td>\n<\/tr>\n<tr>\n<td style=\"text-align: center;\">Kontakt\u0173 plotas (mm\u00b2)<\/td>\n<td style=\"text-align: center;\">\u03c6100, \u03c62000, \u03c62500, \u03c610000<\/td>\n<\/tr>\n<tr>\n<td style=\"text-align: center;\">Svorio parinktys (cN)<\/td>\n<td style=\"text-align: center;\">5, 10, 50, 100, 200, 500<\/td>\n<\/tr>\n<tr>\n<td style=\"text-align: center;\">Paspauskite Laiko nustatymai<\/td>\n<td style=\"text-align: center;\">10s, 30s<\/td>\n<\/tr>\n<tr>\n<td style=\"text-align: center;\">Matmenys (mm)<\/td>\n<td style=\"text-align: center;\">410 \u00d7 160 \u00d7 395<\/td>\n<\/tr>\n<tr>\n<td style=\"text-align: center;\">Svoris (kg)<\/td>\n<td style=\"text-align: center;\">35<\/td>\n<\/tr>\n<tr>\n<td style=\"text-align: center;\">Maitinimo \u0161altinis<\/td>\n<td style=\"text-align: center;\">220 V, 50 Hz<\/td>\n<\/tr>\n<\/tbody>\n<\/table>\n<h2><strong>Kaip veikia audinio storio testeris<\/strong><\/h2>\n<ol>\n<li><strong>M\u0117ginio paruo\u0161imas<\/strong>: Tvirtai pad\u0117kite audinio pavyzd\u012f ant bandymo platformos.<\/li>\n<li><strong>Presavimo kojel\u0117s reguliavimas<\/strong>: Pasirinkite med\u017eiagai tinkamo dyd\u017eio prispaud\u017eiam\u0105j\u0105 kojel\u0119 ir kontaktin\u012f plot\u0105.<\/li>\n<li><strong>Svoris ir spaudimo laikas<\/strong>: Nustatykite norim\u0105 svor\u012f ir nustatykite spaudimo laik\u0105 (10 s arba 30 s).<\/li>\n<li><strong>Matavimas<\/strong>: Prietaisas matuoja stor\u012f pagal nurodytus nustatymus, tod\u0117l gaunami tiksl\u016bs rezultatai, kurie yra labai svarb\u016bs kokyb\u0117s u\u017etikrinimui.<\/li>\n<\/ol>\n<h2><strong>Privalumai \u012fvairiose pramon\u0117s \u0161akose<\/strong><\/h2>\n<ul>\n<li><strong>Tekstil\u0117s pramon\u0117<\/strong>: U\u017etikrinamas pastovus audinio storis, pagerinama gaminio kokyb\u0117 ir ilgaam\u017ei\u0161kumas.<\/li>\n<li><strong>Medicinos prietaisai<\/strong>: Tikrina neaustini\u0173 med\u017eiag\u0173, naudojam\u0173 chirurgin\u0117ms kauk\u0117ms ir chalatams gaminti, vienodum\u0105.<\/li>\n<li><strong>Pakavimo med\u017eiagos<\/strong>: U\u017etikrina optimal\u0173 med\u017eiagos stor\u012f, kad b\u016bt\u0173 u\u017etikrintas patikimas veikimas pakuo\u010di\u0173 gamyboje.<\/li>\n<li><strong>Moksliniai tyrimai ir pl\u0117tra<\/strong>: Remia naujovi\u0161k\u0173 med\u017eiag\u0173 ir produkt\u0173 k\u016brim\u0105.<\/li>\n<\/ul>\n<h2><strong>Pritaikymo ir automatizavimo paslaugos<\/strong><\/h2>\n<p>\"Cell Instruments\" teikia pritaikymo galimybes, kad atitikt\u0173 unikalius bandym\u0173 reikalavimus, pvz., pritaikytus svorius, spaudimo laik\u0105 ir automatizavimo transformavimo paslaugas didelio na\u0161umo aplinkoje.<\/p>\n<p>Svetain\u0117 <strong>FTT-02 audinio storio testeris<\/strong> yra universalus ir nepakei\u010diamas audini\u0173 storio matavimo \u012frankis, u\u017etikrinantis tarptautini\u0173 standart\u0173 laikym\u0105si ir atitinkantis grie\u017etus \u012fvairi\u0173 pramon\u0117s \u0161ak\u0173 reikalavimus. D\u0117l savo tikslumo, lankstumo ir tvirtos konstrukcijos jis leid\u017eia \u012fmon\u0117ms pasiekti auk\u0161\u010diausi\u0105 gamini\u0173 kokyb\u0119 ir patikimum\u0105.<\/p>\n<h2><strong>DUK skyrius<\/strong><\/h2>\n<ol>\n<li><strong>Kokias med\u017eiagas gali tikrinti FTT-02?<\/strong><br \/>\nJuo matuojamas austini\u0173, trikota\u017eini\u0173 ir neaustini\u0173 audini\u0173, \u012fskaitant SMS, verpal\u0173 ir adatinius audinius, storis.<\/li>\n<li><strong>Kokius standartus atitinka FTT-02?<\/strong><br \/>\nJis atitinka ISO 5084, ISO 9073-2, ASTM D1777 ir kelet\u0105 kit\u0173 pasaulini\u0173 ir regionini\u0173 standart\u0173.<\/li>\n<li><strong>Ar testeris tinkamas naudoti medicinoje?<\/strong><br \/>\nTaip, jis pla\u010diai naudojamas neaustiniams audiniams, naudojamiems chirurgin\u0117ms kauk\u0117ms, chalatams ir kitoms medicinin\u0117ms med\u017eiagoms, bandyti.<\/li>\n<li><strong>Ar prietais\u0105 galima pritaikyti konkretiems poreikiams?<\/strong><br \/>\nTaip, \"Cell Instruments\" si\u016blo svori\u0173, nustatym\u0173 ir net automatizavimo funkcij\u0173 pritaikymo parinktis.<\/li>\n<li><strong>Kod\u0117l svarbu atlikti audinio storio bandymus?<\/strong><br \/>\nTaip u\u017etikrinamas med\u017eiag\u0173 nuoseklumas, pagerinamos gaminio eksploatacin\u0117s savyb\u0117s ir garantuojama atitiktis pramon\u0117s standartams.<\/li>\n<\/ol>","protected":false},"excerpt":{"rendered":"<p>Svetain\u0117 <strong>FTT-02 audinio storio testeris<\/strong> tai labai tikslus prietaisas, skirtas \u012fvairi\u0173 audini\u0173 storiui matuoti, \u012fskaitant neaustinius, i\u0161lydytus, suvirintus, SMS (suvirintus\/i\u0161lydytus\/suvirintus\/suvirintus), verpiamus, adatinius, austus ir megztus audinius. \u0160is prietaisas, sukurtas siekiant u\u017etikrinti patikimum\u0105 ir tikslum\u0105, u\u017etikrina atitikt\u012f pasauliniams bandym\u0173 standartams, tod\u0117l jis yra labai svarbus \u012frankis tokiose pramon\u0117s \u0161akose kaip tekstil\u0117s, medicinos prietais\u0173, pakuo\u010di\u0173 ir kokyb\u0117s tikrinimo.<\/p>","protected":false},"featured_media":6302,"comment_status":"closed","ping_status":"closed","template":"","meta":{"site-sidebar-layout":"default","site-content-layout":"default","ast-global-header-display":"","ast-main-header-display":"","ast-hfb-above-header-display":"","ast-hfb-below-header-display":"","ast-hfb-mobile-header-display":"","site-post-title":"","ast-breadcrumbs-content":"","ast-featured-img":"","footer-sml-layout":"","theme-transparent-header-meta":"default","adv-header-id-meta":"","stick-header-meta":"","header-above-stick-meta":"","header-main-stick-meta":"","header-below-stick-meta":""},"product_cat":[95,953,956,955,845,1117,954,957,958,952,959,938,962,685,120,163,172],"product_tag":[],"class_list":{"0":"post-5401","1":"product","2":"type-product","3":"status-publish","4":"has-post-thumbnail","6":"product_cat-products","7":"product_cat-bursting-tester","8":"product_cat-cobb-tester","9":"product_cat-crush-tester","10":"product_cat-customization","11":"product_cat-iso-9863","12":"product_cat-paper-tear-tester","13":"product_cat-plybond-tester","14":"product_cat-puncture-tester","15":"product_cat-rub-tester","16":"product_cat-stiffness-tester","17":"product_cat-textile-tester","18":"product_cat-thickness-gauges","19":"product_cat-thickness-tester","20":"product_cat-astm-d1777","21":"product_cat-iso-5084","22":"product_cat-iso-9073-2","23":"desktop-align-left","24":"tablet-align-left","25":"mobile-align-left","27":"first","28":"instock","29":"shipping-taxable","30":"product-type-simple"},"_links":{"self":[{"href":"https:\/\/www.qualitester.com\/lt\/wp-json\/wp\/v2\/product\/5401","targetHints":{"allow":["GET"]}}],"collection":[{"href":"https:\/\/www.qualitester.com\/lt\/wp-json\/wp\/v2\/product"}],"about":[{"href":"https:\/\/www.qualitester.com\/lt\/wp-json\/wp\/v2\/types\/product"}],"replies":[{"embeddable":true,"href":"https:\/\/www.qualitester.com\/lt\/wp-json\/wp\/v2\/comments?post=5401"}],"version-history":[{"count":0,"href":"https:\/\/www.qualitester.com\/lt\/wp-json\/wp\/v2\/product\/5401\/revisions"}],"wp:featuredmedia":[{"embeddable":true,"href":"https:\/\/www.qualitester.com\/lt\/wp-json\/wp\/v2\/media\/6302"}],"wp:attachment":[{"href":"https:\/\/www.qualitester.com\/lt\/wp-json\/wp\/v2\/media?parent=5401"}],"wp:term":[{"taxonomy":"product_cat","embeddable":true,"href":"https:\/\/www.qualitester.com\/lt\/wp-json\/wp\/v2\/product_cat?post=5401"},{"taxonomy":"product_tag","embeddable":true,"href":"https:\/\/www.qualitester.com\/lt\/wp-json\/wp\/v2\/product_tag?post=5401"}],"curies":[{"name":"wp","href":"https:\/\/api.w.org\/{rel}","templated":true}]}}