{"id":5394,"date":"2024-11-18T10:48:02","date_gmt":"2024-11-18T02:48:02","guid":{"rendered":"https:\/\/www.qualitester.com\/?post_type=product&#038;p=5394"},"modified":"2024-11-18T10:48:04","modified_gmt":"2024-11-18T02:48:04","slug":"sale-rolling-ball-tack-tester","status":"publish","type":"product","link":"https:\/\/www.qualitester.com\/lt\/produktas-2\/sale-rolling-ball-tack-tester\/","title":{"rendered":"BTT ritininio kamuoliuko testeris"},"content":{"rendered":"<h2><strong>\u012evadas \u012f ritininio kamuoliuko tester\u012f<\/strong><\/h2>\n<p>Svetain\u0117 <strong>Ritininis kamuoliuk\u0173 testeris<\/strong> yra labai svarbi priemon\u0117 sl\u0117giui jautri\u0173 klij\u0173 (PSA) lipnumui \u012fvertinti. Juo matuojamas klij\u0173 geb\u0117jimas greitai sukibti su pavir\u0161iumi taikant paprast\u0105 ir pakartojam\u0105 bandymo metod\u0105. \u0160is testeris pla\u010diai naudojamas tokiose pramon\u0117s \u0161akose kaip pakavimo, medicinos prietais\u0173, elektronikos ir klij\u0173 gamyba, kur labai svarbu u\u017etikrinti pastov\u0173 klij\u0173 veikim\u0105. Kokyb\u0117s kontrolei skirtas riedan\u010dio kamuoliuko lipnumo bandymas u\u017etikrina tiksl\u0173 atskir\u0173 partij\u0173 skirtum\u0173 nustatym\u0105, tod\u0117l yra nepakei\u010diamas siekiant i\u0161laikyti auk\u0161tus produkt\u0173 standartus.<\/p>\n<h2><strong>Pagrindin\u0117s ritininio kamuoliuko testerio savyb\u0117s<\/strong><\/h2>\n<ul>\n<li><strong>Tiksl\u016bs ir atkuriami rezultatai:<\/strong> Sukurtas naudoti laboratorijoje, patikimai nustatant klij\u0173 poky\u010dius.<\/li>\n<li><strong>Du patikimi modeliai:<\/strong>\n<ul>\n<li><strong>BTT-01 Tvirtas tipas:<\/strong> Turi pasvirus\u012f lovel\u012f ir atlaisvinimo svirt\u012f, kad 7\/16 colio (11,1 mm) plieninis rutuliukas gal\u0117t\u0173 ried\u0117ti per klijus.<\/li>\n<li><strong>BTT-02 Nuo\u017eulnus tipas:<\/strong> Komplektuojamas su reguliuojamomis pasvirusiomis plok\u0161tel\u0117mis (20\u00b0, 30\u00b0 arba 40\u00b0), kad b\u016bt\u0173 galima lanks\u010diai atlikti bandymus ir padidinti universalum\u0105.<\/li>\n<\/ul>\n<\/li>\n<li><strong>Lengva naudoti:<\/strong> Reikia tik minimalaus mokymo, tod\u0117l idealiai tinka greitai ir ekonomi\u0161kai efektyviai kokyb\u0117s kontrolei.<\/li>\n<\/ul>\n<h3>Pagrindinis parametras<\/h3>\n<h4>BTT-01<\/h4>\n<table>\n<tbody>\n<tr>\n<td width=\"167\">Lovio ilgis<\/td>\n<td width=\"167\">6,5 colio<\/td>\n<\/tr>\n<tr>\n<td width=\"167\">Nuolyd\u017eio kampas<\/td>\n<td width=\"167\">21.3\u00b0<\/td>\n<\/tr>\n<tr>\n<td width=\"167\">Riedantis kamuolys<\/td>\n<td width=\"167\">7\/16 colio (Nr. 14)<\/td>\n<\/tr>\n<tr>\n<td width=\"167\">Matmenys<\/td>\n<td width=\"167\">210 * 50 * 80 mm LWH<\/td>\n<\/tr>\n<tr>\n<td width=\"167\">Svoris<\/td>\n<td width=\"167\">0,5 kg<\/td>\n<\/tr>\n<\/tbody>\n<\/table>\n<h4>BTT-02<\/h4>\n<table>\n<tbody>\n<tr>\n<td width=\"167\">Pasvir\u0119s kampas<\/td>\n<td width=\"167\">0~60\u00b0<\/td>\n<\/tr>\n<tr>\n<td width=\"167\">Bandymo srities plotis<\/td>\n<td width=\"167\">120 mm<\/td>\n<\/tr>\n<tr>\n<td width=\"167\">Riedantis kamuolys<\/td>\n<td width=\"167\">1\/32 ~ 1 colis<\/td>\n<\/tr>\n<tr>\n<td width=\"167\">Matmenys<\/td>\n<td width=\"167\">320*140*180 mm LWH<\/td>\n<\/tr>\n<tr>\n<td width=\"167\">Svoris<\/td>\n<td width=\"167\">6 kg<\/td>\n<\/tr>\n<\/tbody>\n<\/table>\n<h2><strong>Rutuliuk\u0173 sukibimo testerio taikymo sritys<\/strong><\/h2>\n<p>\u0160is testeris pla\u010diai naudojamas \u012fvairiose pramon\u0117s \u0161akose, \u012fskaitant:<\/p>\n<ul>\n<li><strong>Pakuot\u0117:<\/strong> U\u017etikrina, kad etiket\u0117s ir plombos b\u016bt\u0173 nuosekliai priklijuotos.<\/li>\n<li><strong>Klij\u0173 gamyba:<\/strong> Patvirtina sl\u0117giui jautri\u0173 lipni\u0173 juost\u0173 ir pl\u0117veli\u0173 savybes.<\/li>\n<li><strong>Elektronika:<\/strong> \u012evertina prietais\u0173 surinkimui skirtus klijus.<\/li>\n<li><strong>Medicinos prietaisai:<\/strong> Patikrinamas klij\u0173 patikimumas, kad b\u016bt\u0173 u\u017etikrintas saugus klijavimas.<\/li>\n<\/ul>\n<h2><strong>Atitinkami ritininio kamuolio sukibimo bandymo standartai<\/strong><\/h2>\n<p>Svetain\u0117 <strong>Ritininis kamuoliuk\u0173 testeris<\/strong> atitinka \u0161iuos pagrindinius standartus:<\/p>\n<ul>\n<li><strong><a href=\"https:\/\/pstc.org\/resources\/test-methods\/\" target=\"_blank\" rel=\"noopener nofollow\">PSTC-6<\/a>:<\/strong> Daugiausia d\u0117mesio skiriama klij\u0173 lyginamajam lipnumo matavimui, pateikiamos ai\u0161kios kokyb\u0117s kontrol\u0117s taikymo gair\u0117s.<\/li>\n<li><strong><a href=\"https:\/\/www.astm.org\/d3121-17.html\" target=\"_blank\" rel=\"noopener nofollow\">ASTM D3121<\/a>:<\/strong> Nurodomas riedan\u010dio rutuliuko metodas lipnumui nustatyti, u\u017etikrinantis klij\u0173 vertinimo atkuriamum\u0105 ir tikslum\u0105.<\/li>\n<li><strong>JIS Z0237:<\/strong> Japonijos pramoninis standartas, skirtas klij\u0173 sukibimo bandymams, kuriame pabr\u0117\u017eiamas bandym\u0173 rezultat\u0173 vienodumas ir tikslumas.<br \/>\n\u0160ie standartai sukuria tvirt\u0105 sistem\u0105, tod\u0117l testeris yra patikima klij\u0173 kokyb\u0117s u\u017etikrinimo priemon\u0117 visame pasaulyje.<\/li>\n<\/ul>\n<h2><strong>Bandym\u0173 metodika<\/strong><\/h2>\n<ol>\n<li><strong>Paruo\u0161kite klij\u0173 pavyzd\u012f:<\/strong> Pritvirtinkite lipni\u0105 pl\u0117vel\u0119 arba pagrind\u0105 prie bandomojo pavir\u0161iaus.<\/li>\n<li><strong>Nustatykite polinkio kamp\u0105:<\/strong> Sureguliuokite pasvirusi\u0105 plok\u0161t\u0119 norimu kampu (20\u00b0, 30\u00b0 arba 40\u00b0 BTT-02 atveju).<\/li>\n<li><strong>I\u0161leiskite kamuol\u012f:<\/strong> \u012estatykite plienin\u012f rutuliuk\u0105 \u012f nuolyd\u017eio vir\u0161\u016bn\u0119 ir atleiskite j\u012f svirtimi arba plok\u0161tele.<\/li>\n<li><strong>\u012evertinkite dant\u0173 kraiko savybes:<\/strong> Steb\u0117kite, kok\u012f atstum\u0105 rutuliukas \u012fveikia prie\u0161 sustodamas, ir tai rodo klij\u0173 lipnum\u0105.<\/li>\n<\/ol>\n<p>\u0160is paprastas, bet veiksmingas metodas u\u017etikrina nuoseklius ir atkuriamus rezultatus, tod\u0117l idealiai tinka \u012fprastiniams kokyb\u0117s patikrinimams.<\/p>\n<h2><strong>Riedan\u010dio kamuoliuko testerio privalumai<\/strong><\/h2>\n<ul>\n<li><strong>Greitas ir ekonomi\u0161kas:<\/strong> Greitas metodas, kuriam reikia minimali\u0173 investicij\u0173 \u012f \u012frang\u0105.<\/li>\n<li><strong>Patikima kokyb\u0117s kontrol\u0117:<\/strong> Efektyviai aptinka klij\u0173 neatitikimus ir u\u017etikrina partijos kokyb\u0119.<\/li>\n<li><strong>Lengvas valdymas:<\/strong> Nesud\u0117tingas testavimo procesas, tinkamas bet kokio lygio operatoriams.<\/li>\n<li><strong>Atitinka standartus:<\/strong> Atitinka pasaulines bandym\u0173 normas, tokias kaip PSTC-6, ASTM D3121 ir JIS Z0237.<\/li>\n<\/ul>\n<h2><strong>Kod\u0117l verta rinktis \"Cell Instruments\" rutuliuk\u0173 sukibimo bandymams?<\/strong><\/h2>\n<p>\"Cell Instruments\", pirmaujanti med\u017eiag\u0173 tyrimo prietais\u0173 gamintoja, si\u016blo auk\u0161\u010diausios kokyb\u0117s sprendimus, pritaikytus j\u016bs\u0173 poreikiams. M\u016bs\u0173 <strong>BTT-01<\/strong> ir <strong>BTT-02 ritininiai rutuliuk\u0173 testeriai<\/strong> sukurtos taip, kad u\u017etikrint\u0173 tikslius rezultatus ir atitikt\u0173 tarptautinius standartus. Tur\u0117dami patirties pritaikymo ir automatizavimo srityje, u\u017etikriname, kad m\u016bs\u0173 gaminiai atitikt\u0173 j\u016bs\u0173 konkre\u010dius bandym\u0173 reikalavimus. Pasitik\u0117kite mumis, kad pad\u0117tume jums i\u0161laikyti auk\u0161tus klij\u0173 veikimo ir kokyb\u0117s u\u017etikrinimo standartus.<\/p>\n<h2><strong>Da\u017eniausiai u\u017eduodami klausimai apie ritininio kamuoliuko sukibimo bandym\u0105<\/strong><\/h2>\n<ol>\n<li><strong>Kas yra \u2018lipnumas\u2019 klij\u0173 pramon\u0117je?<\/strong>\n<ul>\n<li>Lipnumas - tai klij\u0173 savyb\u0117 i\u0161 karto po s\u0105ly\u010dio su klijais, esant minimaliam spaudimui, suformuoti i\u0161matuojamo stiprumo jungt\u012f.<\/li>\n<\/ul>\n<\/li>\n<li><strong>Kuo skiriasi riedan\u010dio kamuoliuko lipnumo testas nuo kit\u0173 lipnumo test\u0173?<\/strong>\n<ul>\n<li>Tai lyginamasis metodas, kuriuo lipnumas vertinamas stebint, kaip toli riedantis rutuliukas nuva\u017eiuoja ant klij\u0173.<\/li>\n<\/ul>\n<\/li>\n<li><strong>Kurioms pramon\u0117s \u0161akoms \u0161is testas naudingiausias?<\/strong>\n<ul>\n<li>Tokiose pramon\u0117s \u0161akose kaip pakavimo, medicinos prietais\u0173, klij\u0173 gamybos ir elektronikos pramon\u0117 \u0161is bandymas naudojamas kokyb\u0117s kontrolei.<\/li>\n<\/ul>\n<\/li>\n<li><strong>Kokius klijus galima i\u0161bandyti?<\/strong>\n<ul>\n<li>\u0160iuo metodu galima \u012fvertinti daugum\u0105 sl\u0117giui jautri\u0173 klij\u0173 (PSA), \u012fskaitant juostas ir pl\u0117veles.<\/li>\n<\/ul>\n<\/li>\n<li><strong>Kaip PSTC-6, ASTM D3121 ir JIS Z0237 u\u017etikrina bandym\u0173 tikslum\u0105?<\/strong>\n<ul>\n<li>\u0160iuose standartuose pateikiamos grie\u017etos bandym\u0173 rengimo, atlikimo ir rezultat\u0173 interpretavimo gair\u0117s, u\u017etikrinan\u010dios patikimus ir atkuriamus matavimus.<\/li>\n<\/ul>\n<\/li>\n<\/ol>\n<div id=\"gtx-anchor\" style=\"position: absolute; visibility: hidden; left: 77.5156px; top: 1422.97px; width: 54.8594px; height: 19px;\"><\/div>\n<div class=\"jfk-bubble gtx-bubble\" style=\"visibility: visible; left: 90px; top: 1255px; opacity: 1;\" role=\"alertdialog\" aria-describedby=\"bubble-6\">\n<div id=\"bubble-6\" class=\"jfk-bubble-content-id\">\n<div id=\"gtx-host\" style=\"min-width: 200px; max-width: 400px;\"><\/div>\n<\/div>\n<div class=\"jfk-bubble-closebtn-id jfk-bubble-closebtn\" tabindex=\"0\" role=\"button\" aria-label=\"U\u017edaryti\"><\/div>\n<div class=\"jfk-bubble-arrow-id jfk-bubble-arrow jfk-bubble-arrowdown\" style=\"left: 105.016px;\">\n<div class=\"jfk-bubble-arrowimplbefore\"><\/div>\n<div class=\"jfk-bubble-arrowimplafter\"><\/div>\n<\/div>\n<\/div>","protected":false},"excerpt":{"rendered":"<p>Svetain\u0117 <strong>Ritininis kamuoliuk\u0173 testeris<\/strong> yra labai svarbi priemon\u0117 sl\u0117giui jautri\u0173 klij\u0173 (PSA) lipnumui \u012fvertinti. Juo matuojamas klij\u0173 geb\u0117jimas greitai sukibti su pavir\u0161iumi taikant paprast\u0105 ir pakartojam\u0105 bandymo metod\u0105. \u0160is testeris pla\u010diai naudojamas tokiose pramon\u0117s \u0161akose kaip pakavimo, medicinos prietais\u0173, elektronikos ir klij\u0173 gamyba, kur labai svarbu u\u017etikrinti pastov\u0173 klij\u0173 veikim\u0105. Kokyb\u0117s kontrolei skirtas riedan\u010dio kamuoliuko lipnumo bandymas u\u017etikrina tiksl\u0173 atskir\u0173 partij\u0173 skirtum\u0173 nustatym\u0105, tod\u0117l yra nepakei\u010diamas siekiant i\u0161laikyti auk\u0161tus produkt\u0173 standartus.<\/p>","protected":false},"featured_media":5395,"comment_status":"closed","ping_status":"closed","template":"","meta":{"site-sidebar-layout":"default","site-content-layout":"default","ast-global-header-display":"","ast-main-header-display":"","ast-hfb-above-header-display":"","ast-hfb-below-header-display":"","ast-hfb-mobile-header-display":"","site-post-title":"","ast-breadcrumbs-content":"","ast-featured-img":"","footer-sml-layout":"","theme-transparent-header-meta":"default","adv-header-id-meta":"","stick-header-meta":"","header-above-stick-meta":"","header-main-stick-meta":"","header-below-stick-meta":""},"product_cat":[1115,943,1114,673],"product_tag":[],"class_list":{"0":"post-5394","1":"product","2":"type-product","3":"status-publish","4":"has-post-thumbnail","6":"product_cat-astm-d3121","7":"product_cat-ball-tack-tester","8":"product_cat-pstc-6","9":"product_cat-adhesive-tester","10":"desktop-align-left","11":"tablet-align-left","12":"mobile-align-left","14":"first","15":"instock","16":"shipping-taxable","17":"product-type-simple"},"_links":{"self":[{"href":"https:\/\/www.qualitester.com\/lt\/wp-json\/wp\/v2\/product\/5394","targetHints":{"allow":["GET"]}}],"collection":[{"href":"https:\/\/www.qualitester.com\/lt\/wp-json\/wp\/v2\/product"}],"about":[{"href":"https:\/\/www.qualitester.com\/lt\/wp-json\/wp\/v2\/types\/product"}],"replies":[{"embeddable":true,"href":"https:\/\/www.qualitester.com\/lt\/wp-json\/wp\/v2\/comments?post=5394"}],"version-history":[{"count":0,"href":"https:\/\/www.qualitester.com\/lt\/wp-json\/wp\/v2\/product\/5394\/revisions"}],"wp:featuredmedia":[{"embeddable":true,"href":"https:\/\/www.qualitester.com\/lt\/wp-json\/wp\/v2\/media\/5395"}],"wp:attachment":[{"href":"https:\/\/www.qualitester.com\/lt\/wp-json\/wp\/v2\/media?parent=5394"}],"wp:term":[{"taxonomy":"product_cat","embeddable":true,"href":"https:\/\/www.qualitester.com\/lt\/wp-json\/wp\/v2\/product_cat?post=5394"},{"taxonomy":"product_tag","embeddable":true,"href":"https:\/\/www.qualitester.com\/lt\/wp-json\/wp\/v2\/product_tag?post=5394"}],"curies":[{"name":"wp","href":"https:\/\/api.w.org\/{rel}","templated":true}]}}