{"id":5382,"date":"2024-11-15T11:14:56","date_gmt":"2024-11-15T03:14:56","guid":{"rendered":"https:\/\/www.qualitester.com\/?post_type=product&#038;p=5382"},"modified":"2024-12-05T14:22:11","modified_gmt":"2024-12-05T06:22:11","slug":"sale-packaging-vibration-testing-machine","status":"publish","type":"product","link":"https:\/\/www.qualitester.com\/lt\/produktas-2\/sale-packaging-vibration-testing-machine\/","title":{"rendered":"VTM-01 pakuo\u010di\u0173 vibracijos bandymo ma\u0161ina"},"content":{"rendered":"<h3>\u012evadas \u012f pakuo\u010di\u0173 vibracijos bandymo ma\u0161in\u0105<\/h3>\n<p>Svetain\u0117 <strong>Pakuo\u010di\u0173 vibracijos bandymo ma\u0161ina<\/strong> yra patikima ir labai svarbi priemon\u0117 pramon\u0117s \u0161akoms, siekian\u010dioms u\u017etikrinti pakuo\u010di\u0173 ilgaam\u017ei\u0161kum\u0105 ir patikimum\u0105 realiomis s\u0105lygomis. \u0160is \u012frenginys, skirtas testuoti visas transportavimo pakuotes arba pripildytas vienetines pakuotes, padeda imituoti pakuo\u010di\u0173 apkrovas, patiriamas jas tvarkant, siun\u010diant ir sand\u0117liuojant. \u0160is aparatas pla\u010diai taikomas tokiuose sektoriuose kaip pakavimo, maisto, farmacijos, elektronikos ir kokyb\u0117s tikrinimo, tod\u0117l yra ne\u012fkainojamas tikrinant, ar pakuot\u0117s tinkamai apsaugo savo turin\u012f.<\/p>\n<h2>Pagrindin\u0117s pakuo\u010di\u0173 vibracijos testavimo ma\u0161inos programos<\/h2>\n<p>M\u016bs\u0173 pakuo\u010di\u0173 vibracijos bandym\u0173 ma\u0161ina u\u017etikrina kontroliuojam\u0105 aplink\u0105, kurioje galima \u012fvertinti, kaip gerai pakuot\u0117 atlaiko \u017eemo da\u017enio vibracij\u0105. Jis idealiai tinka:<\/p>\n<ul>\n<li>Transporto pakuo\u010di\u0173 strukt\u016brinio vientisumo vertinimas ir apsaugini\u0173 savybi\u0173 u\u017etikrinimas.<\/li>\n<li>bandyti pripildytus vienetinius krovinius, kad b\u016bt\u0173 i\u0161vengta galim\u0173 produkto pa\u017eeidim\u0173 platinimo metu.<\/li>\n<li>\u012evairiose pramon\u0117s \u0161akose naudojam\u0173 pakuo\u010di\u0173 ilgaam\u017ei\u0161kumo vertinimas, u\u017etikrinant, kad turinys b\u016bt\u0173 apsaugotas nuo sm\u016bgi\u0173, vibracijos ir grubaus tvarkymo.<\/li>\n<\/ul>\n<h2>Pakuo\u010di\u0173 vibracijos bandymo ma\u0161inos veikimo principas<\/h2>\n<p>\u0160i ma\u0161ina veikia naudojant sinusin\u012f \u017eadinim\u0105 fiksuotu ma\u017eu da\u017eniu. Bandiniai dedami ant vibracinio stalo, kur kontroliuojamomis s\u0105lygomis juos veikia vibracijos j\u0117gos, imituojan\u010dios transportavimo aplink\u0105. Tokios s\u0105lygos, kaip atmosferos parametrai, vibracijos da\u017enis, trukm\u0117 ir suvar\u017eymo metodas, nustatomos i\u0161 anksto, kad b\u016bt\u0173 u\u017etikrintas tikslumas. Naudojant automatizuotus elektroninius matavimo metodus, \u0161i vibracini\u0173 bandym\u0173 ma\u0161ina supaprastina bandymus, kad jie b\u016bt\u0173 greitesni ir tikslesni, padeda suma\u017einti \u017emogi\u0161k\u0105sias klaidas ir gauti pakartojamus rezultatus.<\/p>\n<h2>Pakuo\u010di\u0173 vibracijos testavimo ma\u0161inos naudojimo privalumai<\/h2>\n<ul>\n<li><strong>Didelis tikslumas<\/strong>: Automatiniai ir elektroniniai matavimai padidina tikslum\u0105 ir nuoseklum\u0105 atliekant \u012fvairius bandymus, tod\u0117l nebelieka subjektyvumo.<\/li>\n<li><strong>Naudojimo paprastumas<\/strong>: Norint prad\u0117ti bandymus, pakuot\u0119 tereikia u\u017ed\u0117ti ant platformos, kad j\u0105 gal\u0117t\u0173 naudoti net ir minimal\u0173 i\u0161silavinim\u0105 turintys operatoriai.<\/li>\n<li><strong>Efektyvus testavimas<\/strong>: Automatinio gr\u012f\u017eimo funkcija leid\u017eia atlikti nuolatin\u012f, supaprastint\u0105 bandym\u0105 be rankinio atstatymo, taupant laik\u0105 ir darb\u0105.<\/li>\n<\/ul>\n<p>\u0160i ma\u0161ina yra labai svarbi priemon\u0117 \u012fmon\u0117ms, siekian\u010dioms patikimos kokyb\u0117s kontrol\u0117s pakavimo ir platinimo srityje.<\/p>\n<h2>Atitiktis pagrindiniams standartams<\/h2>\n<h3>ASTM D999: Vibracijos bandymo standartas<\/h3>\n<p><a href=\"https:\/\/www.astm.org\/d0999-08r15.html\" target=\"_blank\" rel=\"noopener nofollow\">ASTM D999<\/a> yra autoritetingas \u017eemo da\u017enio vibracijos bandym\u0173 standartas, specialiai sukurtas pakuo\u010di\u0173 atsparumui vibracijai, imituojan\u010diai gabenimo s\u0105lygas, \u012fvertinti. \u0160iame standarte apra\u0161yti bandym\u0173 metodai, skirti tiksliai \u012fvertinti pakuot\u0117s eksploatacines savybes, padedantys u\u017etikrinti gamini\u0173 saug\u0105 ir suma\u017einti j\u0173 pa\u017eeidimus ve\u017eimo metu. Suderinus su <a href=\"https:\/\/www.qualitester.com\/lt\/produkto-kategorija-2\/astm\/astm-d999\/\" target=\"_blank\" rel=\"noopener\">ASTM D999<\/a>, m\u016bs\u0173 ma\u0161ina si\u016blo patikimus ir standartizuotus vibracijos bandymus, atitinkan\u010dius geriausi\u0105 pramon\u0117s praktik\u0105.<\/p>\n<h3>ISO 2247: Pakuot\u0117s ir platinimo reikalavimai<\/h3>\n<p><a href=\"https:\/\/www.iso.org\/standard\/32412.html\" target=\"_blank\" rel=\"noopener nofollow\">ISO 2247<\/a> i\u0161samiai apra\u0161omi vibracijos bandym\u0173 reikalavimai, b\u016btini pakuot\u0117ms, skirtoms platinti visame pasaulyje. Laikydamasis ISO 2247 standarto, pakuo\u010di\u0173 vibracijos testavimo aparatas u\u017etikrina, kad pakuot\u0117s atitikt\u0173 tarptautiniuose standartuose nustatytus patvarumo ir saugos reikalavimus. \u0160is suderinimas su ISO 2247 standartu suteikia \u012fmon\u0117ms papildomo pasitik\u0117jimo, kad j\u0173 pakuo\u010di\u0173 sprendimai atitinka pasaulinius transportavimo reikalavimus.<\/p>\n<h3>Pakuo\u010di\u0173 vibracijos bandymo ma\u0161inos technin\u0117s specifikacijos<\/h3>\n<ul>\n<li><strong>Da\u017eni\u0173 diapazonas<\/strong>: Nustatyta taip, kad atitikt\u0173 tipinius \u017eemo da\u017enio reikalavimus, taikomus modeliuojant transport\u0105.<\/li>\n<li><strong>Apkrovos talpa<\/strong>: Sukurta \u012fvairi\u0173 dyd\u017ei\u0173 ir svorio pakuot\u0117ms.<\/li>\n<li><strong>Stalo matmenys<\/strong>: Pakankamai didelis, kad b\u016bt\u0173 galima sutalpinti \u012fvairius bandinius, tod\u0117l galima lanks\u010diai naudoti \u012fvairi\u0173 tip\u0173 gaminius.<\/li>\n<li><strong>Testavimo re\u017eimai<\/strong>: Palaikomas fiksuoto da\u017enio vibracijos ir pasikartojan\u010di\u0173 sm\u016bgi\u0173 modeliavimas, kad b\u016bt\u0173 patenkinti \u012fvair\u016bs bandym\u0173 poreikiai.<\/li>\n<\/ul>\n<h2>Kaip pakuo\u010di\u0173 vibracijos testavimo ma\u0161ina u\u017etikrina produkt\u0173 saug\u0105<\/h2>\n<p>Naudodami pakuo\u010di\u0173 vibracijos testavimo \u012frengin\u012f gamintojai ir siunt\u0117jai gali numatyti ir suma\u017einti rizik\u0105, su kuria gali susidurti gaminiai gabenimo metu. Imituodama realias s\u0105lygas, \u0161i ma\u0161ina leid\u017eia anksti nustatyti pakuo\u010di\u0173 tr\u016bkumus, suma\u017einti gamini\u0173 gr\u0105\u017einim\u0105 ir padidinti klient\u0173 pasitenkinim\u0105. \u0160is aparatas yra b\u016btinas kokyb\u0117s kontrol\u0117s skyriams, kurie daugiausia d\u0117mesio skiria gabenimo stabilumui ir galutinei produkto apsaugai.<\/p>\n<h2>Papildoma atitiktis standartams (ISTA serija, GB 4857.7)<\/h2>\n<p>Be ASTM D999 ir ISO 2247 standart\u0173, m\u016bs\u0173 pakuo\u010di\u0173 vibracijos bandymo ma\u0161ina taip pat atitinka ISTA serijos ir GB 4857.7 standartus. \u0160ie papildomi standartai leid\u017eia \u012frengin\u012f suderinti su \u012fvairiais tarptautiniais bandym\u0173 protokolais, dar labiau sustiprindami jo universalum\u0105 ir patikimum\u0105 pasaulinio pakuo\u010di\u0173 kokyb\u0117s u\u017etikrinimo srityje.<\/p>\n<p>Pakuo\u010di\u0173 vibracijos testavimo ma\u0161ina yra idealus sprendimas \u012fmon\u0117ms, kurios teikia pirmenyb\u0119 pakuo\u010di\u0173 kokybei, patikimumui ir atitik\u010diai tarptautiniams standartams. Naudodamos \u0161\u012f aparat\u0105 \u012fmon\u0117s gali pagerinti savo kokyb\u0117s kontrol\u0117s procesus atlikdamos didelio tikslumo, standartizuotus vibracijos bandymus, atitinkan\u010dius ASTM D999 ir ISO 2247 standartus. D\u0117l patogios konstrukcijos, automatizuot\u0173 funkcij\u0173 ir patikimo veikimo m\u016bs\u0173 vibracini\u0173 bandym\u0173 ma\u0161ina yra vertinga investicija \u012f gamini\u0173 kokyb\u0119 ir klient\u0173 pasitenkinim\u0105.<\/p>","protected":false},"excerpt":{"rendered":"<p>Svetain\u0117 <strong>Pakuo\u010di\u0173 vibracijos bandymo ma\u0161ina<\/strong> yra patikima ir labai svarbi priemon\u0117 pramon\u0117s \u0161akoms, siekian\u010dioms u\u017etikrinti pakuo\u010di\u0173 ilgaam\u017ei\u0161kum\u0105 ir patikimum\u0105 realiomis s\u0105lygomis. \u0160is \u012frenginys, skirtas testuoti visas transportavimo pakuotes arba pripildytas vienetines pakuotes, padeda imituoti pakuo\u010di\u0173 apkrovas, patiriamas jas tvarkant, siun\u010diant ir sand\u0117liuojant. \u0160is aparatas pla\u010diai taikomas tokiuose sektoriuose kaip pakavimo, maisto, farmacijos, elektronikos ir kokyb\u0117s tikrinimo, tod\u0117l yra ne\u012fkainojamas tikrinant, ar pakuot\u0117s tinkamai apsaugo savo turin\u012f.<\/p>","protected":false},"featured_media":6256,"comment_status":"closed","ping_status":"closed","template":"","meta":{"site-sidebar-layout":"default","site-content-layout":"default","ast-global-header-display":"","ast-main-header-display":"","ast-hfb-above-header-display":"","ast-hfb-below-header-display":"","ast-hfb-mobile-header-display":"","site-post-title":"","ast-breadcrumbs-content":"","ast-featured-img":"","footer-sml-layout":"","theme-transparent-header-meta":"default","adv-header-id-meta":"","stick-header-meta":"","header-above-stick-meta":"","header-main-stick-meta":"","header-below-stick-meta":""},"product_cat":[845,1112,1161,17,95],"product_tag":[],"class_list":{"0":"post-5382","1":"product","2":"type-product","3":"status-publish","4":"has-post-thumbnail","6":"product_cat-customization","7":"product_cat-astm-d999","8":"product_cat-iso-2247","9":"product_cat-package-container-testers","10":"product_cat-products","11":"desktop-align-left","12":"tablet-align-left","13":"mobile-align-left","15":"first","16":"instock","17":"shipping-taxable","18":"product-type-simple"},"_links":{"self":[{"href":"https:\/\/www.qualitester.com\/lt\/wp-json\/wp\/v2\/product\/5382","targetHints":{"allow":["GET"]}}],"collection":[{"href":"https:\/\/www.qualitester.com\/lt\/wp-json\/wp\/v2\/product"}],"about":[{"href":"https:\/\/www.qualitester.com\/lt\/wp-json\/wp\/v2\/types\/product"}],"replies":[{"embeddable":true,"href":"https:\/\/www.qualitester.com\/lt\/wp-json\/wp\/v2\/comments?post=5382"}],"version-history":[{"count":0,"href":"https:\/\/www.qualitester.com\/lt\/wp-json\/wp\/v2\/product\/5382\/revisions"}],"wp:featuredmedia":[{"embeddable":true,"href":"https:\/\/www.qualitester.com\/lt\/wp-json\/wp\/v2\/media\/6256"}],"wp:attachment":[{"href":"https:\/\/www.qualitester.com\/lt\/wp-json\/wp\/v2\/media?parent=5382"}],"wp:term":[{"taxonomy":"product_cat","embeddable":true,"href":"https:\/\/www.qualitester.com\/lt\/wp-json\/wp\/v2\/product_cat?post=5382"},{"taxonomy":"product_tag","embeddable":true,"href":"https:\/\/www.qualitester.com\/lt\/wp-json\/wp\/v2\/product_tag?post=5382"}],"curies":[{"name":"wp","href":"https:\/\/api.w.org\/{rel}","templated":true}]}}