{"id":5377,"date":"2024-11-15T11:08:36","date_gmt":"2024-11-15T03:08:36","guid":{"rendered":"https:\/\/www.qualitester.com\/?post_type=product&#038;p=5377"},"modified":"2024-12-05T14:18:23","modified_gmt":"2024-12-05T06:18:23","slug":"sale-bottle-crush-testing-machine","status":"publish","type":"product","link":"https:\/\/www.qualitester.com\/lt\/produktas-2\/sale-bottle-crush-testing-machine\/","title":{"rendered":"TLT-02 buteli\u0173 sutrai\u0161kymo bandymo ma\u0161ina"},"content":{"rendered":"<h2>\u012evadas \u012f buteli\u0173 sutrai\u0161kymo bandymo ma\u0161in\u0105<\/h2>\n<p>Svetain\u0117 <strong>Buteli\u0173 sutrai\u0161kymo bandymo ma\u0161ina<\/strong> tai specializuotas prietaisas, skirtas buteli\u0173 ir talpykl\u0173, \u012fskaitant plastikines, stiklines ir kompozicines med\u017eiagas, strukt\u016briniam vientisumui ir gniu\u017edymo stipriui \u012fvertinti. Imituodamas vir\u0161utin\u0117s apkrovos sl\u0117g\u012f, pana\u0161\u0173 \u012f t\u0105, kuris susidaro kraunant, ve\u017eant ir sand\u0117liuojant, \u0161is aparatas padeda u\u017etikrinti, kad talpyklos atlaikyt\u0173 platinimo \u012ftempius ir nesugri\u016bt\u0173 ar nesideformuot\u0173. Tokiose pramon\u0117s \u0161akose, kaip antai pakuo\u010di\u0173, maisto, g\u0117rim\u0173 ir vaist\u0173, buteli\u0173 gniu\u017edymo bandymai yra labai svarb\u016bs siekiant u\u017etikrinti produkt\u0173 saug\u0105 ir suma\u017einti galimus nuostolius d\u0117l taros gedimo.<\/p>\n<h2>Pagrindin\u0117s buteli\u0173 sutrai\u0161kymo bandym\u0173 programos<\/h2>\n<p>\u0160i ma\u0161ina atlieka svarb\u0173 vaidmen\u012f \u012fvairiose pramon\u0117s \u0161akose, \u012fskaitant:<\/p>\n<ul>\n<li><strong>Pakuot\u0117<\/strong>: U\u017etikrina pakuot\u0117s patvarum\u0105 sand\u0117liavimo ir transportavimo metu.<\/li>\n<li><strong>Maistas ir g\u0117rimai<\/strong>: Patikrinus talpyklos tvirtum\u0105, i\u0161vengiama nuot\u0117kio ir u\u017eter\u0161imo.<\/li>\n<li><strong>Farmacijos produktai<\/strong>: Apsaugo trapius ir jautrius gaminius juos tvarkant.<\/li>\n<li><strong>Kasdieniai chemikalai ir kosmetika<\/strong>: Palaiko prek\u0117s \u017eenklo reputacij\u0105, patvirtindami pakuot\u0117s kokyb\u0119.<\/li>\n<\/ul>\n<p>Buteli\u0173 trupinimo bandym\u0173 ma\u0161ina, tinkama \u012fvairi\u0173 tip\u0173 talpykloms bandyti, yra labai universali ir gali apdoroti butelius, stiklainius, kartonines d\u0117\u017ees, statines ir kt.<\/p>\n<h2>Technin\u0117s buteli\u0173 sutrai\u0161kymo bandymo ma\u0161inos savyb\u0117s<\/h2>\n<p>M\u016bs\u0173 buteli\u0173 trupinimo bandym\u0173 aparatas turi pa\u017eangias funkcijas, kurios u\u017etikrina patikimus ir tikslius rezultatus:<\/p>\n<ul>\n<li><strong>PLC valdymas su HMI jutikliniu ekranu<\/strong>: PLC valdymo sistema u\u017etikrina stabil\u0173 veikim\u0105, o 7 coli\u0173 HMI jutiklinis ekranas leid\u017eia intuityviai ir patogiai atlikti bandymus.<\/li>\n<li><strong>Tikslus rutulinis \u0161vino sraigto mechanizmas<\/strong>: \u0160is mechanizmas u\u017etikrina vienod\u0105 bandymo greit\u012f ir tiksli\u0105 poslinkio kontrol\u0119, taip padidindamas kiekvieno bandymo patikimum\u0105.<\/li>\n<li><strong>Keli pritaikomi testavimo re\u017eimai<\/strong>:\n<ul>\n<li><em>Piko re\u017eimas<\/em>: Matuoja did\u017eiausi\u0105 gniu\u017edymo apkrov\u0105.<\/li>\n<li><em>Fiksuotas deformacijos re\u017eimas<\/em>: Matuoja apkrov\u0105 esant nustatytai deformacijai.<\/li>\n<li><em>Fiksuotos apkrovos re\u017eimas<\/em>: Stebi deformacij\u0105 esant pastoviai apkrovai.<\/li>\n<li><em>Vienkartinis suspaudimas<\/em>: Analizei suspaudimas taikomas vien\u0105 kart\u0105.<\/li>\n<li><em>Ciklo suspaudimas<\/em>: Pakartoja suspaudim\u0105 ciklais, kad \u012fvertint\u0173 atsparum\u0105.<\/li>\n<\/ul>\n<\/li>\n<li><strong>Saugos funkcijos<\/strong>: \u012erengta apsauga nuo perkrovos, automatinio gr\u012f\u017eimo funkcija ir suderinamumas su keli\u0173 dyd\u017ei\u0173 plok\u0161t\u0117mis, kad b\u016bt\u0173 galima pritaikyti \u012fvairi\u0173 form\u0173 ir matmen\u0173 talpyklas.<\/li>\n<li><strong>Duomen\u0173 valdymo parinktys<\/strong>: Duomen\u0173 i\u0161vedimui yra mikroprinteris ir RS232 prievadas, skirtas skland\u017eiam duomen\u0173 perdavimui, o i\u0161orin\u0117 analiz\u0117 atliekama integruojant pasirinktin\u0119 programin\u0119 \u012frang\u0105.<\/li>\n<\/ul>\n<h2>Plastikini\u0173 buteli\u0173 vir\u0161utin\u0117s apkrovos bandymo supratimas<\/h2>\n<p>Svetain\u0117 <strong>Plastikini\u0173 buteli\u0173 vir\u0161utin\u0117s apkrovos bandymas<\/strong> labai svarbus vertinant butelio tvirtum\u0105, kai j\u012f spaud\u017eia vertikalus spaudimas i\u0161 vir\u0161aus. \u0160iuo bandymu, ypa\u010d aktualiu plastikiniams buteliams, \u012fvertinama, koki\u0105 apkrov\u0105 gali i\u0161laikyti butelis, nesideformuodamas ir nesugri\u016bdamas. Kiekybi\u0161kai \u012fvertin\u0119 atsparum\u0105 vir\u0161utinei apkrovai, gamintojai gali optimizuoti med\u017eiag\u0173 naudojim\u0105 ir kartu u\u017etikrinti, kad talpyklos i\u0161likt\u0173 pakankamai tvirtos, kad gal\u0117t\u0173 b\u016bti naudojamos didel\u0117s apkrovos s\u0105lygomis, pavyzd\u017eiui, sand\u0117lio krovimo ir transporto logistikos srityse.<\/p>\n<h2>Standartai ir atitiktis: ASTM D2659 paai\u0161kinimas<\/h2>\n<p><a href=\"https:\/\/www.astm.org\/standards\/d2659.htm\" target=\"_blank\" rel=\"noopener nofollow\"><strong>ASTM D2659<\/strong><\/a> yra standartinis bandymo metodas, skirtas plastikini\u0173 talpykl\u0173 atsparumui gniu\u017edymui nustatyti, ypa\u010d matuojant j\u0173 geb\u0117jim\u0105 atlaikyti vir\u0161utin\u0117s apkrovos sl\u0117g\u012f be pa\u017eeidim\u0173. Pagal ASTM D2659 standart\u0105 m\u016bs\u0173 buteli\u0173 gniu\u017edymo bandym\u0173 ma\u0161ina vertinamas taros ilgaam\u017ei\u0161kumas veikiant gniu\u017edymo j\u0117gai i\u0161 vir\u0161aus, kol pastebima strukt\u016brin\u0117 deformacija arba suirimas.<\/p>\n<p>\u0160i ma\u0161ina taip pat suderinama su kitais pramon\u0117s standartais, o tai padidina jos universalum\u0105:<\/p>\n<ul>\n<li><a href=\"https:\/\/www.astm.org\/d4577-19.html\" target=\"_blank\" rel=\"noopener nofollow\"><strong>ASTM D4577<\/strong><\/a>: \u012evertinamas konteinerio veikimas statin\u0117s apkrovos s\u0105lygomis.<\/li>\n<li><a href=\"https:\/\/www.astm.org\/d0642-20.html\" target=\"_blank\" rel=\"noopener nofollow\"><strong>ASTM D642<\/strong><\/a>: Matuoja j\u016brini\u0173 konteineri\u0173 ir d\u0117\u017ei\u0173 atsparum\u0105 gniu\u017edymui.<\/li>\n<li><a href=\"https:\/\/www.iso.org\/standard\/35617.html\" target=\"_blank\" rel=\"noopener nofollow\"><strong>ISO 8113<\/strong><\/a>: Pakuo\u010di\u0173 mechaninio stabilumo bandymai.<\/li>\n<li><a href=\"https:\/\/www.astm.org\/d4169-22.html\" target=\"_blank\" rel=\"noopener nofollow\"><strong>ASTM D4169<\/strong><\/a>: Imituojamos platinimo aplinkos s\u0105lygos, kad b\u016bt\u0173 galima i\u0161bandyti pakuot\u0117s veikim\u0105.<\/li>\n<\/ul>\n<h2>Buteli\u0173 smulkinimo bandymo ma\u0161inos veikimo principas<\/h2>\n<p>Buteli\u0173 gniu\u017edymo bandymo ma\u0161ina veikia pastatant talpykl\u0105 ant bandym\u0173 platformos ir palaipsniui naudojant vir\u0161utin\u0117s apkrovos sl\u0117g\u012f, kol talpykla deformuojasi arba sud\u016b\u017eta. \u012erenginys fiksuoja did\u017eiausios j\u0117gos duomenis, kurie analizuojami siekiant \u012fvertinti konstrukcijos stiprum\u0105 pagal tokius standartus kaip ASTM D2659. \u0160is aparatas u\u017etikrina tikslius ir pakartojamus rezultatus, tod\u0117l gamintojai gali patvirtinti pakuot\u0117s vientisum\u0105, kai ji naudojama realiomis s\u0105lygomis.<\/p>\n<h2>Pagrindiniai buteli\u0173 trupinimo bandymo ma\u0161inos parametrai<\/h2>\n<p>\u0160i\u0105 ma\u0161in\u0105 galima lengvai konfig\u016bruoti, kad ji atitikt\u0173 \u012fvairius bandym\u0173 reikalavimus:<\/p>\n<ul>\n<li><strong>Apkrovos diapazonas<\/strong>: Didelis apkrovos diapazonas ir tikslumas tinka \u012fvairi\u0173 tip\u0173 konteineriams.<\/li>\n<li><strong>Reguliuojamas greitis<\/strong>: Leid\u017eia reguliuoti greit\u012f, kad jis atitikt\u0173 konkre\u010dius bandym\u0173 protokolus.<\/li>\n<li><strong>Suspaudimo plok\u0161teli\u0173 suderinamumas<\/strong>: Kei\u010diamos plok\u0161t\u0117s, kad b\u016bt\u0173 galima naudoti skirting\u0173 dyd\u017ei\u0173 ir form\u0173 talpyklas.<\/li>\n<li><strong>Duomen\u0173 eksportavimo parinktys<\/strong>: Mikrospausdintuvas ir RS232 jungtis - efektyvus duomen\u0173 tvarkymas.<\/li>\n<\/ul>\n<h2>Buteli\u0173 sutrai\u0161kymo bandymo ma\u0161inos privalumai<\/h2>\n<ul>\n<li><strong>I\u0161laid\u0173 taupymas ir efektyvumas<\/strong>: Minimizuoja pakavimo med\u017eiag\u0173 \u0161vaistym\u0105, nes patvirtina reikiam\u0105 stiprum\u0105, suma\u017eina i\u0161laidas, susijusias su gamini\u0173 gr\u0105\u017einimu ir pakeitimu.<\/li>\n<li><strong>Patikimumas ir prek\u0117s \u017eenklo apsauga<\/strong>: Tiksl\u016bs bandymai padidina gaminio patikimum\u0105, padeda apsaugoti prek\u0117s \u017eenklo reputacij\u0105 ir u\u017etikrinti vartotoj\u0173 pasitenkinim\u0105.<\/li>\n<\/ul>\n<h2>DUK apie buteli\u0173 sutrai\u0161kymo bandymo ma\u0161inas<\/h2>\n<ol>\n<li><strong>Kas yra butelio sutrai\u0161kymo testas ir kod\u0117l jis svarbus?<\/strong>\n<ul>\n<li>Atliekant buteli\u0173 gniu\u017edymo bandym\u0105 sl\u0117gis vir\u0161uje naudojamas siekiant \u012fvertinti taros patvarum\u0105 ir u\u017etikrinti, kad butelis atlaikyt\u0173 krovimo apkrovas nesudu\u017edamas ar nesideformuodamas.<\/li>\n<\/ul>\n<\/li>\n<li><strong>Kaip ASTM D2659 taikomas buteli\u0173 gniu\u017edymo bandymams?<\/strong>\n<ul>\n<li>ASTM D2659 apra\u0161o plastikini\u0173 talpykl\u0173 gniu\u017edymo stiprio vertinimo proced\u016bras, u\u017etikrinan\u010dias pramon\u0117s ilgaam\u017ei\u0161kumo standart\u0173 laikym\u0105si.<\/li>\n<\/ul>\n<\/li>\n<li><strong>Kokius buteli\u0173 tipus gali patikrinti \u0161is aparatas?<\/strong>\n<ul>\n<li>\u0160is aparatas yra universalus, juo galima naudoti \u012fvairi\u0173 tip\u0173 butelius ir talpyklas, \u012fskaitant plastikinius, stiklinius ir kompozicinius butelius.<\/li>\n<\/ul>\n<\/li>\n<li><strong>Kaip ma\u0161ina u\u017etikrina bandym\u0173 rezultat\u0173 tikslum\u0105?<\/strong>\n<ul>\n<li>D\u0117l PLC valdymo, tiksli\u0173 \u0161vinini\u0173 var\u017et\u0173 ir keli\u0173 bandymo re\u017eim\u0173 \u012frenginys u\u017etikrina nuoseklius ir pakartojamus rezultatus, kad b\u016bt\u0173 galima patikimai \u012fvertinti na\u0161um\u0105.<\/li>\n<\/ul>\n<\/li>\n<li><strong>Kokios yra pagrindin\u0117s savyb\u0117s, d\u0117l kuri\u0173 \u0161i ma\u0161ina yra patikima?<\/strong>\n<ul>\n<li>Pa\u017eangus PLC valdymas, pritaikomos bandym\u0173 parinktys, saugos mechanizmai ir pla\u010dios duomen\u0173 valdymo galimyb\u0117s u\u017etikrina tikslum\u0105, efektyvum\u0105 ir paprast\u0105 naudojim\u0105.<\/li>\n<\/ul>\n<\/li>\n<\/ol>","protected":false},"excerpt":{"rendered":"<p>Svetain\u0117 <strong>Buteli\u0173 sutrai\u0161kymo bandymo ma\u0161ina<\/strong> tai specializuotas prietaisas, skirtas buteli\u0173 ir talpykl\u0173, \u012fskaitant plastikines, stiklines ir kompozicines med\u017eiagas, strukt\u016briniam vientisumui ir gniu\u017edymo stipriui \u012fvertinti. Imituodamas vir\u0161utin\u0117s apkrovos sl\u0117g\u012f, pana\u0161\u0173 \u012f t\u0105, kuris susidaro kraunant, ve\u017eant ir sand\u0117liuojant, \u0161is aparatas padeda u\u017etikrinti, kad talpyklos atlaikyt\u0173 platinimo \u012ftempius ir nesugri\u016bt\u0173 ar nesideformuot\u0173. Tokiose pramon\u0117s \u0161akose, kaip antai pakuo\u010di\u0173, maisto, g\u0117rim\u0173 ir vaist\u0173, buteli\u0173 gniu\u017edymo bandymai yra labai svarb\u016bs siekiant u\u017etikrinti produkt\u0173 saug\u0105 ir suma\u017einti galimus nuostolius d\u0117l taros gedimo.<\/p>","protected":false},"featured_media":6253,"comment_status":"closed","ping_status":"closed","template":"","meta":{"site-sidebar-layout":"default","site-content-layout":"default","ast-global-header-display":"","ast-main-header-display":"","ast-hfb-above-header-display":"","ast-hfb-below-header-display":"","ast-hfb-mobile-header-display":"","site-post-title":"","ast-breadcrumbs-content":"","ast-featured-img":"","footer-sml-layout":"","theme-transparent-header-meta":"default","adv-header-id-meta":"","stick-header-meta":"","header-above-stick-meta":"","header-main-stick-meta":"","header-below-stick-meta":""},"product_cat":[845,1071,1069,1072,1068,1073,1113,17,16,95],"product_tag":[],"class_list":{"0":"post-5377","1":"product","2":"type-product","3":"status-publish","4":"has-post-thumbnail","6":"product_cat-customization","7":"product_cat-astm-d2659","8":"product_cat-astm-d4169","9":"product_cat-astm-d4577","10":"product_cat-astm-d642","11":"product_cat-iso-8113","12":"product_cat-top-load-tester","13":"product_cat-package-container-testers","14":"product_cat-plastic-packaging-testers","15":"product_cat-products","16":"desktop-align-left","17":"tablet-align-left","18":"mobile-align-left","20":"first","21":"instock","22":"shipping-taxable","23":"product-type-simple"},"_links":{"self":[{"href":"https:\/\/www.qualitester.com\/lt\/wp-json\/wp\/v2\/product\/5377","targetHints":{"allow":["GET"]}}],"collection":[{"href":"https:\/\/www.qualitester.com\/lt\/wp-json\/wp\/v2\/product"}],"about":[{"href":"https:\/\/www.qualitester.com\/lt\/wp-json\/wp\/v2\/types\/product"}],"replies":[{"embeddable":true,"href":"https:\/\/www.qualitester.com\/lt\/wp-json\/wp\/v2\/comments?post=5377"}],"version-history":[{"count":0,"href":"https:\/\/www.qualitester.com\/lt\/wp-json\/wp\/v2\/product\/5377\/revisions"}],"wp:featuredmedia":[{"embeddable":true,"href":"https:\/\/www.qualitester.com\/lt\/wp-json\/wp\/v2\/media\/6253"}],"wp:attachment":[{"href":"https:\/\/www.qualitester.com\/lt\/wp-json\/wp\/v2\/media?parent=5377"}],"wp:term":[{"taxonomy":"product_cat","embeddable":true,"href":"https:\/\/www.qualitester.com\/lt\/wp-json\/wp\/v2\/product_cat?post=5377"},{"taxonomy":"product_tag","embeddable":true,"href":"https:\/\/www.qualitester.com\/lt\/wp-json\/wp\/v2\/product_tag?post=5377"}],"curies":[{"name":"wp","href":"https:\/\/api.w.org\/{rel}","templated":true}]}}