{"id":5335,"date":"2024-11-13T11:57:32","date_gmt":"2024-11-13T03:57:32","guid":{"rendered":"https:\/\/www.qualitester.com\/?post_type=product&#038;p=5335"},"modified":"2024-12-05T15:11:48","modified_gmt":"2024-12-05T07:11:48","slug":"sale-paper-vertical-tensile-tester","status":"publish","type":"product","link":"https:\/\/www.qualitester.com\/lt\/produktas-2\/sale-paper-vertical-tensile-tester\/","title":{"rendered":"Vertikalusis tempimo testeris TST-V"},"content":{"rendered":"<h2><strong>\u012evadas \u012f vertikal\u0173j\u012f popieriaus tempimo bandym\u0105<\/strong><\/h2>\n<p>Svetain\u0117 <strong>Vertikalus popieriaus tempimo testeris<\/strong> (TST-V) yra labai specializuotas bandymo prietaisas, skirtas popieriaus med\u017eiag\u0173, \u012fskaitant karton\u0105, servetin\u012f popieri\u0173 ir kitus popieriaus gaminius, mechanin\u0117ms savyb\u0117ms vertinti. Jis atlieka svarb\u0173 vaidmen\u012f popieriaus ir pakuo\u010di\u0173 pramon\u0117je, nes juo matuojamos tokios pagrindin\u0117s savyb\u0117s kaip tempimo stipris, pailg\u0117jimas esant did\u017eiausiai j\u0117gai, tempimo energijos sugertis ir tempimo standumas. Nustatydami \u0161ias savybes gamintojai gali u\u017etikrinti, kad j\u0173 gaminiai atitikt\u0173 grie\u017etus na\u0161umo ir kokyb\u0117s standartus, ypa\u010d pakuo\u010di\u0173, medicinos ir maisto produkt\u0173 srityse.<\/p>\n<h2><strong>Vertikalaus popieriaus tempimo testerio bandymo principas<\/strong><\/h2>\n<p>TST-V veikia tempdamas bandin\u012f pastoviu tempimo grei\u010diu tol, kol jis nutr\u016bksta. \u0160io proceso metu prietaisas nuolat matuoja ir registruoja tempimo j\u0117g\u0105, susijusi\u0105 su bandinio pailg\u0117jimu. I\u0161 \u0161i\u0173 duomen\u0173 <strong>atsparumas tempimui<\/strong>, <strong>pailg\u0117jimas, esant maksimaliai j\u0117gai<\/strong>, ir <strong>tempimo energijos sug\u0117rimas<\/strong> galima apskai\u010diuoti. \u0160ios vert\u0117s yra labai svarbios vertinant med\u017eiagos veikim\u0105 realiomis s\u0105lygomis, pavyzd\u017eiui, pakuo\u010di\u0173 patvarum\u0105, tamprum\u0105 ir bendr\u0105 stiprum\u0105.<\/p>\n<hr \/>\n<h2><strong>ISO 1924 ir jo reik\u0161m\u0117 popieriaus bandymams<\/strong><\/h2>\n<h3><strong>ISO 1924 standart\u0173 ap\u017evalga<\/strong><\/h3>\n<p>ISO 1924 - tai tarptautiniu mastu pripa\u017eint\u0173 standart\u0173 rinkinys, kuriame pateikiamos popieriaus ir kartono tempimo savybi\u0173 bandymo gair\u0117s. \u0160i\u0173 standart\u0173 laikymasis u\u017etikrina nuoseklius ir patikimus rezultatus, o tai labai svarbu siekiant u\u017etikrinti popieriaus gamybos kokyb\u0117s kontrol\u0119. ISO 1924 standart\u0105 sudaro \u0161ios pagrindin\u0117s dalys:<\/p>\n<ul>\n<li><a href=\"https:\/\/www.iso.org\/standard\/6616.html\" target=\"_blank\" rel=\"noopener nofollow\"><strong>ISO 1924-1<\/strong><\/a>: Bendrieji popieriaus tempimo bandym\u0173 principai ir apibr\u0117\u017eimai.<\/li>\n<li><a href=\"https:\/\/www.iso.org\/standard\/41397.html\" target=\"_blank\" rel=\"noopener nofollow\"><strong>ISO 1924-2<\/strong><\/a>: Popieriaus tempimo stiprio ir pailg\u0117jimo nustatymo metodai.<\/li>\n<li><a href=\"https:\/\/www.iso.org\/standard\/32206.html\" rel=\"nofollow noopener\" target=\"_blank\"><strong>ISO 1924-3<\/strong><\/a>: Tempimo indekso ir energijos sugerties indekso apskai\u010diavimo gair\u0117s.<\/li>\n<\/ul>\n<p>\u0160ie standartai yra labai svarb\u016bs gamintojams siekiant u\u017etikrinti, kad j\u0173 popieriaus gaminiai atitikt\u0173 pramon\u0117s kokyb\u0117s ir eksploatacini\u0173 savybi\u0173 standartus. Vadovaujantis \u0161iomis gair\u0117mis, bandym\u0173 rezultatai tampa visuotinai standartizuoti, tod\u0117l \u012fmon\u0117s gali gaminti med\u017eiagas, kuri\u0173 kokyb\u0117 ir ilgaam\u017ei\u0161kumas yra vienodi.<\/p>\n<h3><strong>Kaip TST-V modelis atitinka ISO 1924 standarto reikalavimus<\/strong><\/h3>\n<p>Svetain\u0117 <strong>TST-V Vertikalus popieriaus tempimo testeris<\/strong> visi\u0161kai atitinka <strong>ISO 1924<\/strong> ir u\u017etikrina tikslius, pakartojamus matavimus pagal tarptautinius bandym\u0173 protokolus. D\u0117l to jis yra idealus pasirinkimas popieriaus ir pakavimo pramon\u0117s \u012fmon\u0117ms, kurioms reikia laikytis pasaulini\u0173 kokyb\u0117s standart\u0173. Nesvarbu, ar bandote tempimo stipr\u012f, pailg\u0117jim\u0105 tr\u016bkimo metu, ar energijos sug\u0117rim\u0105, TST-V u\u017etikrina, kad j\u016bs\u0173 rezultatai atitikt\u0173 ISO standartus, taikomus popieriaus bandymams.<\/p>\n<hr \/>\n<h2><strong>Pagrindin\u0117s vertikalaus popieriaus tempimo testerio TST-V savyb\u0117s<\/strong><\/h2>\n<ul>\n<li><strong>Tikslaus testavimo galimyb\u0117s<\/strong>: TST-V turi <strong>tikslaus rutulinio sraigto mechanizmas<\/strong>, u\u017etikrinant, kad pailg\u0117jimo greitis ir poslinkis b\u016bt\u0173 valdomi labai tiksliai.<\/li>\n<li><strong>Patogus valdymas<\/strong>: Prietaisas turi <strong>7 coli\u0173 HMI jutiklinis ekranas<\/strong>, si\u016bloma intuityvi ir paprasta naudoti s\u0105saja, u\u017etikrinanti skland\u0173 veikim\u0105 net ir minimali\u0105 patirt\u012f turintiems naudotojams.<\/li>\n<li><strong>Reguliuojamas bandymo greitis<\/strong>: Bandymo greit\u012f galima reguliuoti nuo <strong>nuo 1 mm\/min iki 500 mm\/min<\/strong>, tod\u0117l galite pritaikyti bandym\u0173 proces\u0105 pagal med\u017eiagos savybes.<\/li>\n<li><strong>\u012evairiapusis \u0161viestuv\u0173 suderinamumas<\/strong>: TST-V yra suderinamas su \u012fvairiais laikikliais, tod\u0117l juo galima apdoroti \u012fvairius popieriaus pavyzd\u017eius - nuo plono servetinio popieriaus iki storesnio kartono.<\/li>\n<li><strong>Didelis stabilumas<\/strong>: Sistema veikia su <strong>PLC valdymas<\/strong>, u\u017etikrinant stabil\u0173 ir patikim\u0105 veikim\u0105 ir suma\u017einant klaid\u0173 skai\u010di\u0173 bandym\u0173 metu.<\/li>\n<li><strong>Automatin\u0117s funkcijos<\/strong>: Testeryje yra ribotuvas ir automatinio gr\u012f\u017eimo funkcija, tod\u0117l bandym\u0173 metu u\u017etikrinamas didesnis saugumas ir patogumas.<\/li>\n<li><strong>Papildomi priedai<\/strong>: Papildomi priedai, tokie kaip mikrotpausdintuvas ir RS232 prievadas su profesionalia programine \u012franga (pasirinktinai), suteikia daugiau lankstumo duomen\u0173 analizei ir ataskait\u0173 rengimui.<\/li>\n<\/ul>\n<hr \/>\n<h2><strong>Vertikalaus popieriaus tempimo testerio taikymas<\/strong><\/h2>\n<p>Svetain\u0117 <strong>TST-V Vertikalus popieriaus tempimo testeris<\/strong> idealiai tinka naudoti pramon\u0117s \u0161akose, kuriose popieriaus savyb\u0117s yra labai svarbios gamini\u0173 eksploatacin\u0117ms savyb\u0117ms. Taikoma:<\/p>\n<ul>\n<li><strong>Pakuo\u010di\u0173 pramon\u0117<\/strong>: B\u016btina norint patikrinti pakavimo med\u017eiag\u0173 patvarum\u0105 ir stiprum\u0105, kad b\u016bt\u0173 u\u017etikrinta, jog jos atlaikys gabenimo ir tvarkymo metu patiriam\u0105 apkrov\u0105.<\/li>\n<li><strong>Audini\u0173 popieriaus gamyba<\/strong>: Naudojamas audini\u0173 gamini\u0173 tempimo stiprumui ir lankstumui, kurie yra labai svarb\u016bs u\u017etikrinant kokyb\u0119 ir vartotoj\u0173 pasitenkinim\u0105, tikrinti.<\/li>\n<li><strong>Kartono gamyba<\/strong>: Padeda \u012fvertinti kartono, kuris naudojamas pakuo\u010di\u0173 ir taros gamyboje, stiprum\u0105 ir pailg\u0117jim\u0105.<\/li>\n<li><strong>Moksliniai tyrimai ir pl\u0117tra<\/strong>: Idealiai tinka mokslini\u0173 tyrim\u0173 ir pl\u0117tros skyriams, norintiems kurti naujus popieriaus gaminius arba pagerinti esam\u0173 med\u017eiag\u0173 savybes.<\/li>\n<\/ul>\n<hr \/>\n<h2><strong>Technin\u0117s specifikacijos<\/strong><\/h2>\n<table>\n<tbody>\n<tr>\n<td style=\"text-align: center;\" colspan=\"2\" rowspan=\"1\" width=\"381\"><strong>Vertikalusis tempimo testeris TST-V<\/strong><\/td>\n<\/tr>\n<tr>\n<td style=\"text-align: center;\" width=\"209\">Matavimo diapazonas<\/td>\n<td style=\"text-align: center;\" width=\"172\">500N arba pagal poreik\u012f<\/td>\n<\/tr>\n<tr>\n<td style=\"text-align: center;\" width=\"209\">Pailg\u0117jimo diapazonas<\/td>\n<td style=\"text-align: center;\" width=\"172\">800 mm<\/td>\n<\/tr>\n<tr>\n<td style=\"text-align: center;\" width=\"209\">Tempimo greitis<\/td>\n<td style=\"text-align: center;\" width=\"172\">1 ~ 500 mm\/min<\/td>\n<\/tr>\n<tr>\n<td style=\"text-align: center;\" width=\"209\">Bandymo grei\u010dio tikslumas<\/td>\n<td style=\"text-align: center;\" width=\"172\">\u00b10,1 mm\/min<\/td>\n<\/tr>\n<tr>\n<td style=\"text-align: center;\" width=\"209\">J\u0117gos tikslumas<\/td>\n<td style=\"text-align: center;\" width=\"172\">0,5% F.S.<\/td>\n<\/tr>\n<tr>\n<td style=\"text-align: center;\" width=\"209\">J\u0117gos tikslumas<\/td>\n<td style=\"text-align: center;\" width=\"172\">\u00b10,1% (20~100%FS)<\/td>\n<\/tr>\n<tr>\n<td style=\"text-align: center;\" width=\"209\">Deformacijos skiriamoji geba<\/td>\n<td style=\"text-align: center;\" width=\"172\">\u22640,01 mm<\/td>\n<\/tr>\n<tr>\n<td style=\"text-align: center;\" width=\"209\">M\u0117ginio prispaudimas<\/td>\n<td style=\"text-align: center;\" width=\"172\">Rankinis<\/td>\n<\/tr>\n<tr>\n<td style=\"text-align: center;\" width=\"209\">Imties dydis<\/td>\n<td style=\"text-align: center;\" width=\"172\">1-25 mm<\/td>\n<\/tr>\n<tr>\n<td style=\"text-align: center;\" width=\"209\">\u017dmogaus ir ma\u0161inos s\u0105saja<\/td>\n<td style=\"text-align: center;\" width=\"172\">7 jutiklinis ekranas<\/td>\n<\/tr>\n<tr>\n<td style=\"text-align: center;\" width=\"209\">Maitinimas<\/td>\n<td style=\"text-align: center;\" width=\"172\">110~220 V kintamosios srov\u0117s 50\/60 Hz<\/td>\n<\/tr>\n<tr>\n<td style=\"text-align: center;\" colspan=\"2\" rowspan=\"1\" width=\"381\"><strong>M\u0117gini\u0173 pjaustytuvas (pasirinktinai)<\/strong><\/td>\n<\/tr>\n<tr>\n<td style=\"text-align: center;\" width=\"209\">Imties dydis<\/td>\n<td style=\"text-align: center;\" width=\"172\">15*300 mm<\/td>\n<\/tr>\n<tr>\n<td style=\"text-align: center;\" width=\"209\">M\u0117ginio storis<\/td>\n<td style=\"text-align: center;\" width=\"172\">0,1 ~ 1 mm<\/td>\n<\/tr>\n<tr>\n<td style=\"text-align: center;\" width=\"209\">\u0160on\u0173 lygiagretumas<\/td>\n<td style=\"text-align: center;\" width=\"172\">\uff1c0,03 mm<\/td>\n<\/tr>\n<\/tbody>\n<\/table>\n<hr \/>\n<h2><strong>Pagrindiniai standartai, kuri\u0173 laikomasi<\/strong><\/h2>\n<p>Svetain\u0117 <strong>TST-V Vertikalus popieriaus tempimo testeris<\/strong> laikosi daugelio tarptautini\u0173 standart\u0173, taip u\u017etikrindamas atitikt\u012f pramon\u0117s normoms ir padidindamas bandym\u0173 rezultat\u0173 patikimum\u0105. \u0160ie standartai apima:<\/p>\n<ul>\n<li><strong>ISO 1924-1<\/strong>, <strong>ISO 1924-2<\/strong>, <strong>ISO 1924-3<\/strong> (popieriaus ir kartono tempimo bandymams)<\/li>\n<li><strong>ISO 12625-4<\/strong>, <strong>ISO 12625-5<\/strong> (bandymams su servet\u0117li\u0173 popieriumi)<\/li>\n<li><strong>TAPPI T494<\/strong> (JAV popieriaus bandym\u0173 standartas)<\/li>\n<li><strong>GB\/T 12914<\/strong>, <strong>GB\/T 24328<\/strong> (\u012fvairios dalys) (Kinijos popieriaus bandym\u0173 standartai)<\/li>\n<\/ul>\n<hr \/>\n<h2><strong>Kod\u0117l verta rinktis vertikal\u0173j\u012f popieriaus tempimo tester\u012f TST-V?<\/strong><\/h2>\n<ul>\n<li><strong>Tikslumas ir patikimumas<\/strong>: TST-V u\u017etikrina labai tikslius tempimo savybi\u0173 matavimus, b\u016btinus kokyb\u0117s kontrolei ir gamini\u0173 k\u016brimui.<\/li>\n<li><strong>Atitinka ISO 1924<\/strong>: Jis visi\u0161kai atitinka <strong>ISO 1924<\/strong>, u\u017etikrinant, kad j\u016bs\u0173 bandymai atitikt\u0173 pasaulinius popieriaus bandym\u0173 pramon\u0117s standartus.<\/li>\n<li><strong>Patogi vartotojui s\u0105saja<\/strong>: Intuityviame 7 coli\u0173 jutikliniame ekrane lengva valdyti ir tvarkyti testus.<\/li>\n<li><strong>Pritaikomas ir universalus<\/strong>: Reguliuojamas bandymo greitis, \u012fvair\u016bs bandini\u0173 tvirtinimo \u012ftaisai ir papildomos duomen\u0173 rinkimo parinktys - TST-V yra pakankamai universalus, kad gal\u0117t\u0173 apdoroti \u012fvairius popieriaus gaminius.<\/li>\n<\/ul>\n<hr \/>\n<h2><strong>DUK: Vertikalus popieriaus tempimo testeris<\/strong><\/h2>\n<ol>\n<li><strong>Kokia yra pagrindin\u0117 vertikalaus popieriaus tempimo testerio paskirtis?<\/strong><br \/>\nTST-V matuoja popieriaus, kartono ir audini\u0173 mechanines savybes, tempimo stipr\u012f, pailg\u0117jim\u0105, kai naudojama did\u017eiausia j\u0117ga, ir energijos sug\u0117rim\u0105.<\/li>\n<li><strong>Kaip ISO 1924 susij\u0119s su popieriaus bandymais?<\/strong><br \/>\nISO 1924 nustato tarptautinius popieriaus ir kartono tempimo savybi\u0173 bandymo standartus, u\u017etikrinan\u010dius, kad rezultatai b\u016bt\u0173 nuosekl\u016bs, patikimi ir palyginami \u012fvairiose pramon\u0117s \u0161akose.<\/li>\n<li><strong>Koki\u0173 tip\u0173 med\u017eiagas galima tirti naudojant TST-V?<\/strong><br \/>\nSu TST-V galima tikrinti \u012fvairi\u0173 popieriaus med\u017eiag\u0173, \u012fskaitant karton\u0105, servetin\u012f popieri\u0173 ir kitus popieriaus gaminius, atsparum\u0105 tempimui ir lankstum\u0105.<\/li>\n<li><strong>Kokios yra pagrindin\u0117s TST-V modelio savyb\u0117s?<\/strong><br \/>\nTST-V turi PLC valdym\u0105, 7 coli\u0173 jutiklin\u012f ekran\u0105, tiksl\u0173 rutulin\u012f \u0161vaistiklio mechanizm\u0105, reguliuojam\u0105 bandymo greit\u012f ir suderinamum\u0105 su \u012fvairiais prietaisais.<\/li>\n<li><strong>Kokius standartus atitinka TST-V?<\/strong><br \/>\nTST-V atitinka <strong>ISO 1924<\/strong>, <strong>ISO 12625<\/strong>, <strong>TAPPI T494<\/strong>, ir kitus tarptautinius popieriaus bandym\u0173 standartus.<\/li>\n<\/ol>","protected":false},"excerpt":{"rendered":"<p>Svetain\u0117 <strong>Vertikalus popieriaus tempimo testeris<\/strong> (TST-V) yra labai specializuotas bandymo prietaisas, skirtas popieriaus med\u017eiag\u0173, \u012fskaitant karton\u0105, servetin\u012f popieri\u0173 ir kitus popieriaus gaminius, mechanin\u0117ms savyb\u0117ms vertinti. Jis atlieka svarb\u0173 vaidmen\u012f popieriaus ir pakuo\u010di\u0173 pramon\u0117je, nes juo matuojamos tokios pagrindin\u0117s savyb\u0117s kaip tempimo stipris, pailg\u0117jimas esant did\u017eiausiai j\u0117gai, tempimo energijos sugertis ir tempimo standumas. Nustatydami \u0161ias savybes gamintojai gali u\u017etikrinti, kad j\u0173 gaminiai atitikt\u0173 grie\u017etus na\u0161umo ir kokyb\u0117s standartus, ypa\u010d pakuo\u010di\u0173, medicinos ir maisto produkt\u0173 srityse.<\/p>","protected":false},"featured_media":6283,"comment_status":"closed","ping_status":"closed","template":"","meta":{"site-sidebar-layout":"default","site-content-layout":"default","ast-global-header-display":"","ast-main-header-display":"","ast-hfb-above-header-display":"","ast-hfb-below-header-display":"","ast-hfb-mobile-header-display":"","site-post-title":"","ast-breadcrumbs-content":"","ast-featured-img":"","footer-sml-layout":"","theme-transparent-header-meta":"default","adv-header-id-meta":"","stick-header-meta":"","header-above-stick-meta":"","header-main-stick-meta":"","header-below-stick-meta":""},"product_cat":[845,953,956,955,1166,1167,1090,1163,1164,1165,954,957,958,952,959,1168,679,44,95],"product_tag":[],"class_list":{"0":"post-5335","1":"product","2":"type-product","3":"status-publish","4":"has-post-thumbnail","6":"product_cat-customization","7":"product_cat-bursting-tester","8":"product_cat-cobb-tester","9":"product_cat-crush-tester","10":"product_cat-iso-12625-4","11":"product_cat-iso-12625-5","12":"product_cat-iso-1924","13":"product_cat-iso-1924-1","14":"product_cat-iso-1924-2","15":"product_cat-iso-1924-3","16":"product_cat-paper-tear-tester","17":"product_cat-plybond-tester","18":"product_cat-puncture-tester","19":"product_cat-rub-tester","20":"product_cat-stiffness-tester","21":"product_cat-tappi-t494","22":"product_cat-tensile-tester","23":"product_cat-paper-and-board-testers","24":"product_cat-products","25":"desktop-align-left","26":"tablet-align-left","27":"mobile-align-left","29":"first","30":"instock","31":"shipping-taxable","32":"product-type-simple"},"_links":{"self":[{"href":"https:\/\/www.qualitester.com\/lt\/wp-json\/wp\/v2\/product\/5335","targetHints":{"allow":["GET"]}}],"collection":[{"href":"https:\/\/www.qualitester.com\/lt\/wp-json\/wp\/v2\/product"}],"about":[{"href":"https:\/\/www.qualitester.com\/lt\/wp-json\/wp\/v2\/types\/product"}],"replies":[{"embeddable":true,"href":"https:\/\/www.qualitester.com\/lt\/wp-json\/wp\/v2\/comments?post=5335"}],"version-history":[{"count":0,"href":"https:\/\/www.qualitester.com\/lt\/wp-json\/wp\/v2\/product\/5335\/revisions"}],"wp:featuredmedia":[{"embeddable":true,"href":"https:\/\/www.qualitester.com\/lt\/wp-json\/wp\/v2\/media\/6283"}],"wp:attachment":[{"href":"https:\/\/www.qualitester.com\/lt\/wp-json\/wp\/v2\/media?parent=5335"}],"wp:term":[{"taxonomy":"product_cat","embeddable":true,"href":"https:\/\/www.qualitester.com\/lt\/wp-json\/wp\/v2\/product_cat?post=5335"},{"taxonomy":"product_tag","embeddable":true,"href":"https:\/\/www.qualitester.com\/lt\/wp-json\/wp\/v2\/product_tag?post=5335"}],"curies":[{"name":"wp","href":"https:\/\/api.w.org\/{rel}","templated":true}]}}