{"id":5329,"date":"2024-11-13T11:44:25","date_gmt":"2024-11-13T03:44:25","guid":{"rendered":"https:\/\/www.qualitester.com\/?post_type=product&#038;p=5329"},"modified":"2024-12-05T11:27:13","modified_gmt":"2024-12-05T03:27:13","slug":"sale-paper-air-permeance-tester","status":"publish","type":"product","link":"https:\/\/www.qualitester.com\/lt\/produktas-2\/sale-paper-air-permeance-tester\/","title":{"rendered":"TQD-01 oro pralaidumo testeris"},"content":{"rendered":"<h2><strong>\u012evadas \u012f popieriaus oro pralaidumo tester\u012f<\/strong><\/h2>\n<p>Svetain\u0117 <strong>Popieriaus oro pralaidumo testeris<\/strong> yra labai svarbi priemon\u0117 popieriaus ir kartono med\u017eiag\u0173 oro pralaidumui nustatyti, tod\u0117l ji labai svarbi tokiose pramon\u0117s \u0161akose kaip pakuot\u0117s, popieriaus gamyba ir tekstil\u0117. \u0160is testeris oro srautui per med\u017eiagas matuoti naudoja \u0160opperio metod\u0105, tod\u0117l pateikia tikslius ir patikimus popieriaus ir kartono, kuri\u0173 oro pralaidumo vert\u0117s svyruoja nuo 1\u00d710^-2 iki 1\u00d710\u00b2 \u00b5m\/(Pa-s), rezultatus. . <strong>popieriaus oro pralaidumo testeris<\/strong> sukurta pagal tarptautinius bandym\u0173 standartus, u\u017etikrinan\u010dius, kad med\u017eiagos atitikt\u0173 konkre\u010dius oro pralaidumo reikalavimus, kurie yra labai svarb\u016bs j\u0173 veikimui pakuo\u010di\u0173, filtravimo ir kitose srityse.<\/p>\n<p>Testeris idealiai tinka naudoti su \u012fvairi\u0173 r\u016b\u0161i\u0173 popieriumi, \u012fskaitant kopijavimo popieri\u0173, cemento mai\u0161\u0173 popieri\u0173, pramonin\u012f filtr\u0173 popieri\u0173 ir popierinius mai\u0161us. Ta\u010diau jis netinka \u0161iurk\u0161taus pavir\u0161iaus med\u017eiagoms, pavyzd\u017eiui, krepiniam ar gofruotam popieriui, kurio negalima patikimai u\u017espausti, kad b\u016bt\u0173 i\u0161vengta nuot\u0117kio.<\/p>\n<h2><strong>Pagrindin\u0117s funkcijos<\/strong><\/h2>\n<ul>\n<li><strong>Tikslus matavimas<\/strong>: Tiksliai matuoja popieriaus ir kartono med\u017eiag\u0173 oro pralaidum\u0105.<\/li>\n<li><strong>Schopperio metodas<\/strong>: Naudojamas standartizuotas Schopperio metodas, kad rezultatai b\u016bt\u0173 nuosekl\u016bs ir pakartojami.<\/li>\n<li><strong>Platus med\u017eiag\u0173 suderinamumas<\/strong>: Tinka \u012fvairi\u0173 r\u016b\u0161i\u0173 popieriui, \u012fskaitant pramonin\u012f filtr\u0173 popieri\u0173, cemento mai\u0161us ir kopijavimo popieri\u0173, bandyti.<\/li>\n<li><strong>Standart\u0173 laikymasis<\/strong>: Atitinka daugyb\u0119 tarptautini\u0173 ir pramonini\u0173 oro pralaidumo bandym\u0173 standart\u0173.<\/li>\n<li><strong>Naudojimo paprastumas<\/strong>: Paprastas ir intuityvus valdymas, kad b\u016bt\u0173 galima greitai atlikti bandymus ir rinkti duomenis.<\/li>\n<\/ul>\n<h2><strong>Kaip veikia popieriaus oro pralaidumo testeris<\/strong><\/h2>\n<p>Svetain\u0117 <strong>popieriaus oro pralaidumo testeris<\/strong> veikia u\u017espaud\u017eiant popieriaus ar kartono m\u0117gin\u012f tarp dviej\u0173 sandari\u0173 apskrit\u0173 tarpikli\u0173. Vien\u0105 bandinio pus\u0119 veikia atmosferos sl\u0117gis, o visoje bandymo srityje palaikomas nedidelis kontroliuojamas sl\u0117gio skirtumas. Bandymo prietaisas matuoja oro sraut\u0105 per bandin\u012f tokiomis s\u0105lygomis ir pagal oro srauto greit\u012f ir sl\u0117gio skirtum\u0105 apskai\u010diuoja oro pralaidum\u0105.<\/p>\n<h3><strong>Bandymo metodas<\/strong><\/h3>\n<ol>\n<li><strong>M\u0117ginio paruo\u0161imas<\/strong>: Popieriaus m\u0117ginys tvirtai u\u017espaud\u017eiamas tarp dviej\u0173 tarpikli\u0173, kad b\u016bt\u0173 i\u0161vengta nuot\u0117kio.<\/li>\n<li><strong>Sl\u0117gio valdymas<\/strong>: Siekiant imituoti realias s\u0105lygas, bandinys veikiamas nedideliu, bet pastoviu sl\u0117gio skirtumu.<\/li>\n<li><strong>Matavimas<\/strong>: Testeris matuoja per nustatyt\u0105 laik\u0105 per popieriaus m\u0117gin\u012f pratekan\u010dio oro kiek\u012f ir apskai\u010diuoja oro pralaidum\u0105 mikrometrais per paskal sekund\u0119 (\u00b5m\/(Pa-s)).<\/li>\n<\/ol>\n<p>Taikant \u0161\u012f metod\u0105 u\u017etikrinama, kad rezultatai b\u016bt\u0173 patikimi ir atspind\u0117t\u0173 tikr\u0105j\u012f popieriaus pralaidum\u0105 orui. <strong>popieriaus oro pralaidumo testeris<\/strong> esmin\u0117 med\u017eiag\u0173 eksploatacini\u0173 savybi\u0173 vertinimo priemon\u0117.<\/p>\n<h2><strong>Popieriaus oro pralaidumo testeriui taikomi standartai<\/strong><\/h2>\n<p>Svetain\u0117 <strong>popieriaus oro pralaidumo testeris<\/strong> laikosi keleto pagrindini\u0173 tarptautini\u0173 ir pramon\u0117s standart\u0173, taip u\u017etikrindama, kad j\u016bs\u0173 testavimo procesas b\u016bt\u0173 tikslus ir atitikt\u0173 geriausi\u0105 pasaulin\u0119 praktik\u0105:<\/p>\n<ul>\n<li><a href=\"https:\/\/www.iso.org\/standard\/11719.html\" target=\"_blank\" rel=\"noopener nofollow\"><strong>ISO 5636-2<\/strong><\/a>: Oro pralaidumo popieriuje ir kartone matavimo Schopperio metodu standartas.<\/li>\n<li><a href=\"https:\/\/www.iso.org\/standard\/52431.html\" target=\"_blank\" rel=\"noopener nofollow\"><strong>ISO 5636-3<\/strong><\/a>: Nurodomi oro pralaidumo matavimo metodai \u012fvairiose popieriaus ir kartono med\u017eiagose.<\/li>\n<li><a href=\"https:\/\/www.iso.org\/standard\/53062.html\" target=\"_blank\" rel=\"noopener nofollow\"><strong>ISO 5636-5<\/strong><\/a>: Papildomos gair\u0117s oro pralaidumo bandymams \u012fvairiomis aplinkos s\u0105lygomis.<\/li>\n<li><strong>GB\/T 458<\/strong>: Kinijos nacionalinis standartas oro pralaidumui popieriuje ir kartone nustatyti.<\/li>\n<li><strong>QB\/1667<\/strong>: Konkretus pramon\u0117s standartas, skirtas pakuo\u010di\u0173 med\u017eiag\u0173 oro pralaidumo bandymams.<\/li>\n<\/ul>\n<h3><strong>Standart\u0173 laikymosi svarba<\/strong><\/h3>\n<p>Laikydamasi \u0161i\u0173 standart\u0173 <strong>popieriaus oro pralaidumo testeris<\/strong> u\u017etikrina, kad j\u016bs\u0173 rezultatai b\u016bt\u0173 nuosekl\u016bs ir pripa\u017einti visame pasaulyje. Tai labai svarbu pramon\u0117s \u0161akoms, kuriose labai svarbu laikytis teis\u0117s akt\u0173 reikalavim\u0173 ir vykdyti kokyb\u0117s kontrol\u0119, pavyzd\u017eiui, maisto ir farmacijos sektoriuose naudojamoms pakavimo med\u017eiagoms.<\/p>\n<h2><strong>Pagrindiniai parametrai<\/strong><\/h2>\n<table>\n<tbody>\n<tr>\n<td style=\"text-align: center;\" width=\"224\">Bandym\u0173 diapazonas<\/td>\n<td style=\"text-align: center;\" width=\"267\">1\uff5e1000\uff09ml\/min arba 0~17um\/(Pa.s)<\/td>\n<\/tr>\n<tr>\n<td style=\"text-align: center;\" width=\"224\">Bandym\u0173 sritis<\/td>\n<td style=\"text-align: center;\" width=\"267\">10\u00b10,2 cm\u00b2<\/td>\n<\/tr>\n<tr>\n<td style=\"text-align: center;\" width=\"224\">Bandymo zonos sl\u0117gio skirtumas<\/td>\n<td style=\"text-align: center;\" width=\"267\">1\u00b10,01 kpa<\/td>\n<\/tr>\n<tr>\n<td style=\"text-align: center;\" colspan=\"1\" rowspan=\"2\" width=\"224\">Tikslumas<\/td>\n<td style=\"text-align: center;\" width=\"267\">&lt;100ml t\u016brio paklaida 1ml<\/td>\n<\/tr>\n<tr>\n<td style=\"text-align: center;\" width=\"267\">&gt;100ml t\u016brio paklaida 5ml<\/td>\n<\/tr>\n<tr>\n<td style=\"text-align: center;\" width=\"224\">Spaustuko \u017eiedo vidinis skersmuo<\/td>\n<td style=\"text-align: center;\" width=\"267\">35,68\u00b10,05 mm<\/td>\n<\/tr>\n<tr>\n<td style=\"text-align: center;\" width=\"224\">U\u017espaudimo \u017eiedai Centras Koa\u0161i\u0161kumas<\/td>\n<td style=\"text-align: center;\" width=\"267\">&lt;0,05 mm<\/td>\n<\/tr>\n<tr>\n<td style=\"text-align: center;\" width=\"224\">Matmenys<\/td>\n<td style=\"text-align: center;\" width=\"267\">400*300*1200 mm<\/td>\n<\/tr>\n<\/tbody>\n<\/table>\n<h2><strong>Popieriaus oro pralaidumo testerio taikymas<\/strong><\/h2>\n<p>Svetain\u0117 <strong>popieriaus oro pralaidumo testeris<\/strong> turi plat\u0173 pritaikymo spektr\u0105 \u012fvairiose pramon\u0117s \u0161akose, kuriose reikia tiksliai i\u0161matuoti oro pralaidum\u0105 popieriaus gaminiuose:<\/p>\n<ul>\n<li><strong>Pakuot\u0117<\/strong>: Skirta tokioms med\u017eiagoms kaip popieriniai mai\u0161eliai, cemento mai\u0161eliai ir pramoninis filtravimo popierius i\u0161bandyti, siekiant u\u017etikrinti j\u0173 tinkamum\u0105 pakavimo reikm\u0117ms.<\/li>\n<li><strong>Tekstil\u0117<\/strong>: Oro pralaidumo matavimas popierin\u0117se med\u017eiagose, naudojamose tekstil\u0117je, pavyzd\u017eiui, popieriniuose filtruose.<\/li>\n<li><strong>Maisto produktai ir vaistai<\/strong>: U\u017etikrinti tinkam\u0105 maisto ir farmacijos pramon\u0117je naudojam\u0173 popierini\u0173 pakavimo med\u017eiag\u0173 oro pralaidum\u0105, kad b\u016bt\u0173 u\u017etikrinta produkt\u0173 apsauga ir kokyb\u0117.<\/li>\n<li><strong>Kokyb\u0117s kontrol\u0117<\/strong>: U\u017etikrinti, kad visi popieriaus gaminiai atitikt\u0173 tam tikrus oro pralaidumo standartus, taikomus numatytai paskir\u010diai.<\/li>\n<\/ul>\n<h2><strong>Popieriaus oro pralaidumo testerio privalumai<\/strong><\/h2>\n<ul>\n<li><strong>Tikslumas ir tikslumas<\/strong>: Svetain\u0117 <strong>popieriaus oro pralaidumo testeris<\/strong> teikia patikimus, pakartojamus rezultatus, padedan\u010dius gamintojams u\u017etikrinti gamini\u0173 kokyb\u0119 ir atitikt\u012f reikalavimams.<\/li>\n<li><strong>Platus pritaikymo spektras<\/strong>: Galima naudoti \u012fvairi\u0173 r\u016b\u0161i\u0173 popieriui - nuo pramoninio filtr\u0173 popieriaus iki pakavimo med\u017eiag\u0173 - i\u0161bandyti.<\/li>\n<li><strong>Standart\u0173 laikymasis<\/strong>: Atitinka tarptautinius oro pralaidumo bandym\u0173 standartus, tod\u0117l u\u017etikrina nuoseklum\u0105 ir patikimum\u0105.<\/li>\n<li><strong>Lengvas valdymas<\/strong>: Paprasta ir patogi vartotojo s\u0105saja, skirta greitam ir veiksmingam testavimui bet kurioje laboratorijoje ar gamybos aplinkoje.<\/li>\n<\/ul>\n<p>Svetain\u0117 <strong>Popieriaus oro pralaidumo testeris<\/strong> yra nepakei\u010diamas \u012frankis gamintojams, kokyb\u0117s kontrol\u0117s laboratorijoms ir mokslini\u0173 tyrim\u0173 \u012fstaigoms, kurioms reikia i\u0161matuoti popieriaus ir kartono med\u017eiag\u0173 oro pralaidum\u0105. Naudojant Schopperio metod\u0105, u\u017etikrinami tiksl\u016bs ir nuosekl\u016bs rezultatai, atitinkantys tarptautinius bandym\u0173 standartus. Nesvarbu, ar dirbate pakuo\u010di\u0173, tekstil\u0117s, maisto ar farmacijos srityje, \u0161is prietaisas <strong>popieriaus oro pralaidumo testeris<\/strong> pateikiami svarbiausi eksploataciniai duomenys, u\u017etikrinantys j\u016bs\u0173 popieriaus gamini\u0173 kokyb\u0119 ir patikimum\u0105.<\/p>\n<p>\u0160is testeris yra paprastas naudoti, universalus ir tikslus, tod\u0117l jis yra vertingas bet kurios laboratorijos ar kokyb\u0117s kontrol\u0117s proceso priedas, u\u017etikrinantis, kad j\u016bs\u0173 med\u017eiagos realiomis s\u0105lygomis veikt\u0173 taip, kaip tikimasi.<\/p>","protected":false},"excerpt":{"rendered":"<p>Svetain\u0117 <strong>Popieriaus oro pralaidumo testeris<\/strong> yra labai svarbi priemon\u0117 popieriaus ir kartono med\u017eiag\u0173 oro pralaidumui nustatyti, tod\u0117l ji labai svarbi tokiose pramon\u0117s \u0161akose kaip pakuot\u0117s, popieriaus gamyba ir tekstil\u0117. \u0160is testeris oro srautui per med\u017eiagas matuoti naudoja \u0160opperio metod\u0105, tod\u0117l pateikia tikslius ir patikimus popieriaus ir kartono, kuri\u0173 oro pralaidumo vert\u0117s svyruoja nuo 1\u00d710^-2 iki 1\u00d710\u00b2 \u00b5m\/(Pa-s), rezultatus. . <strong>popieriaus oro pralaidumo testeris<\/strong> sukurta pagal tarptautinius bandym\u0173 standartus, u\u017etikrinan\u010dius, kad med\u017eiagos atitikt\u0173 konkre\u010dius oro pralaidumo reikalavimus, kurie yra labai svarb\u016bs j\u0173 veikimui pakuo\u010di\u0173, filtravimo ir kitose srityse.<\/p>","protected":false},"featured_media":6203,"comment_status":"closed","ping_status":"closed","template":"","meta":{"site-sidebar-layout":"default","site-content-layout":"default","ast-global-header-display":"","ast-main-header-display":"","ast-hfb-above-header-display":"","ast-hfb-below-header-display":"","ast-hfb-mobile-header-display":"","site-post-title":"","ast-breadcrumbs-content":"","ast-featured-img":"","footer-sml-layout":"","theme-transparent-header-meta":"default","adv-header-id-meta":"","stick-header-meta":"","header-above-stick-meta":"","header-main-stick-meta":"","header-below-stick-meta":""},"product_cat":[845,953,956,955,1155,1156,1157,954,957,958,952,959,962,685,44,95],"product_tag":[],"class_list":{"0":"post-5329","1":"product","2":"type-product","3":"status-publish","4":"has-post-thumbnail","6":"product_cat-customization","7":"product_cat-bursting-tester","8":"product_cat-cobb-tester","9":"product_cat-crush-tester","10":"product_cat-iso-5636-2","11":"product_cat-iso-5636-3","12":"product_cat-iso-5636-5","13":"product_cat-paper-tear-tester","14":"product_cat-plybond-tester","15":"product_cat-puncture-tester","16":"product_cat-rub-tester","17":"product_cat-stiffness-tester","18":"product_cat-thickness-gauges","19":"product_cat-thickness-tester","20":"product_cat-paper-and-board-testers","21":"product_cat-products","22":"desktop-align-left","23":"tablet-align-left","24":"mobile-align-left","26":"first","27":"instock","28":"shipping-taxable","29":"product-type-simple"},"_links":{"self":[{"href":"https:\/\/www.qualitester.com\/lt\/wp-json\/wp\/v2\/product\/5329","targetHints":{"allow":["GET"]}}],"collection":[{"href":"https:\/\/www.qualitester.com\/lt\/wp-json\/wp\/v2\/product"}],"about":[{"href":"https:\/\/www.qualitester.com\/lt\/wp-json\/wp\/v2\/types\/product"}],"replies":[{"embeddable":true,"href":"https:\/\/www.qualitester.com\/lt\/wp-json\/wp\/v2\/comments?post=5329"}],"version-history":[{"count":0,"href":"https:\/\/www.qualitester.com\/lt\/wp-json\/wp\/v2\/product\/5329\/revisions"}],"wp:featuredmedia":[{"embeddable":true,"href":"https:\/\/www.qualitester.com\/lt\/wp-json\/wp\/v2\/media\/6203"}],"wp:attachment":[{"href":"https:\/\/www.qualitester.com\/lt\/wp-json\/wp\/v2\/media?parent=5329"}],"wp:term":[{"taxonomy":"product_cat","embeddable":true,"href":"https:\/\/www.qualitester.com\/lt\/wp-json\/wp\/v2\/product_cat?post=5329"},{"taxonomy":"product_tag","embeddable":true,"href":"https:\/\/www.qualitester.com\/lt\/wp-json\/wp\/v2\/product_tag?post=5329"}],"curies":[{"name":"wp","href":"https:\/\/api.w.org\/{rel}","templated":true}]}}