{"id":5320,"date":"2024-11-13T09:47:30","date_gmt":"2024-11-13T01:47:30","guid":{"rendered":"https:\/\/www.qualitester.com\/?post_type=product&#038;p=5320"},"modified":"2024-12-05T09:41:36","modified_gmt":"2024-12-05T01:41:36","slug":"sale-tensile-and-compression-testing-machine","status":"publish","type":"product","link":"https:\/\/www.qualitester.com\/lt\/produktas-2\/sale-tensile-and-compression-testing-machine\/","title":{"rendered":"TCT-01 tempimo testeris"},"content":{"rendered":"<p>Svetain\u0117 <strong>TCT-01 tempimo ir suspaudimo bandymo ma\u0161ina<\/strong> tai na\u0161us, universalus prietaisas, skirtas \u012fvairiems med\u017eiag\u0173 bandymams \u012fvairiose pramon\u0117s \u0161akose. Sukurtas pagal tiksli\u0105 in\u017einerij\u0105, jis idealiai tinka <strong>tempimo, gniu\u017edymo ir lenkimo bandymai<\/strong>, tod\u0117l galima gauti tiksli\u0173 ir patikim\u0173 \u012f\u017evalg\u0173 apie med\u017eiag\u0173 savybes, tokias kaip stipris, pailg\u0117jimas ir did\u017eiausia j\u0117ga. D\u0117l pritaikomos TCT-01 konstrukcijos ir funkcionalumo j\u012f renkasi pakavimo, medicinos, farmacijos, tekstil\u0117s, elektronikos ir kokyb\u0117s tikrinimo sri\u010di\u0173 specialistai.<\/p>\n<h2>Pagrindin\u0117s TCT-01 tempimo ir gniu\u017edymo bandymo ma\u0161inos taikymo sritys<\/h2>\n<p>TCT-01 yra pritaikytas grie\u017etiems med\u017eiag\u0173 bandym\u0173 reikalavimams tiek <strong>lanks\u010dios ir stand\u017eios med\u017eiagos<\/strong>, \u012fskaitant kompozitus, si\u016blus, audinius ir nemetalines med\u017eiagas. \u0160io aparato precizi\u0161ka in\u017einerija ir lanksti konfig\u016bracija u\u017etikrina i\u0161samius mechanini\u0173 savybi\u0173 analiz\u0117s bandym\u0173 sprendimus, tod\u0117l \u0161is aparatas tinkamas naudoti, kai reikia <strong>med\u017eiag\u0173 tempimo bandymai<\/strong> ir gniu\u017edymo j\u0117gos \u012fvertinimas.<\/p>\n<h2>Pagrindin\u0117s technin\u0117s TCT-01 tempimo ir gniu\u017edymo bandymo ma\u0161inos savyb\u0117s<\/h2>\n<ul>\n<li><strong>Pa\u017eangus skaitmeninis valdymas ir ekranas<\/strong>: TCT-01 turi skaitmenin\u012f ekran\u0105, kuriame nuolat rodoma naudojama bandymo j\u0117ga, tod\u0117l vartotojai gali reguliuoti bandymo greit\u012f, kad jis atitikt\u0173 konkretaus bandinio reikalavimus. Automatin\u0117 valdymo sistema leid\u017eia efektyviai rinkti duomenis, u\u017etikrina steb\u0117sen\u0105 realiuoju laiku ir skland\u0173 bandym\u0173 proces\u0105.<\/li>\n<li><strong>Automatinis sustabdymas ir did\u017eiausios vert\u0117s i\u0161laikymas<\/strong>: L\u016b\u017eus bandiniui, aparatas automati\u0161kai sustoja ir u\u017efiksuoja did\u017eiausi\u0105 vert\u0119, tod\u0117l naudotojai gali lengvai per\u017ei\u016br\u0117ti ir u\u017era\u0161yti rezultatus. \u0160i funkcija suma\u017eina klaid\u0173 skai\u010di\u0173 ir u\u017etikrina tiksl\u0173 duomen\u0173 fiksavim\u0105, tod\u0117l operatoriai gali greitai \u012fvertinti med\u017eiagos elgsen\u0105 veikiant \u012ftempiams.<\/li>\n<li><strong>Apsauga nuo va\u017eiavimo ribos ir dvigubo bandymo judesi\u0173<\/strong>: Suprojektuotas atsi\u017evelgiant \u012f saugum\u0105, TCT-01 yra apsaugotas nuo va\u017eiavimo ribos ir palaiko tiek tempimo, tiek suspaudimo judesius, tod\u0117l u\u017etikrina saug\u0173 ir \u012fvairiapus\u012f bandym\u0105.<\/li>\n<li><strong>Auk\u0161to tikslumo komponentai<\/strong>: \u012erengtas <strong>tiksliojo \u0161vininio sraigto<\/strong> ir <strong>skaitmenin\u0117 grei\u010dio reguliavimo sistema<\/strong>, TCT-01 u\u017etikrina, kad kiekvieno bandymo rezultatai b\u016bt\u0173 tiksl\u016bs ir nuosekl\u016bs, tod\u0117l yra labai patikimas pasirinkimas nuodugniai med\u017eiag\u0173 analizei atlikti.<\/li>\n<\/ul>\n<h2>TCT-01 tempimo ir gniu\u017edymo bandymo ma\u0161inos specifikacijos ir galimyb\u0117s<\/h2>\n<table>\n<thead>\n<tr>\n<th>Funkcija<\/th>\n<th>Specifikacija<\/th>\n<\/tr>\n<\/thead>\n<tbody>\n<tr>\n<td style=\"text-align: center;\"><strong>Maksimali bandymo j\u0117ga<\/strong><\/td>\n<td style=\"text-align: center;\">5000N (arba kitos konfig\u016bracijos)<\/td>\n<\/tr>\n<tr>\n<td style=\"text-align: center;\"><strong>J\u0117gos tikslumas<\/strong><\/td>\n<td style=\"text-align: center;\">Geriau nei \u00b11%<\/td>\n<\/tr>\n<tr>\n<td style=\"text-align: center;\"><strong>Poslinkio skiriamoji geba<\/strong><\/td>\n<td style=\"text-align: center;\">0,01 mm<\/td>\n<\/tr>\n<tr>\n<td style=\"text-align: center;\"><strong>I\u0161st\u016bmimo tikslumas<\/strong><\/td>\n<td style=\"text-align: center;\">Geriau nei \u00b11%<\/td>\n<\/tr>\n<tr>\n<td style=\"text-align: center;\"><strong>Tempimo taktas<\/strong><\/td>\n<td style=\"text-align: center;\">600\/1000 mm<\/td>\n<\/tr>\n<tr>\n<td style=\"text-align: center;\"><strong>Suspaudimo taktas<\/strong><\/td>\n<td style=\"text-align: center;\">600\/1000 mm<\/td>\n<\/tr>\n<tr>\n<td style=\"text-align: center;\"><strong>Grei\u010dio diapazonas<\/strong><\/td>\n<td style=\"text-align: center;\">1 ~ 500 mm\/min<\/td>\n<\/tr>\n<tr>\n<td style=\"text-align: center;\"><strong>Bendras tikslumas<\/strong><\/td>\n<td style=\"text-align: center;\">Geriau nei 1 klas\u0117s<\/td>\n<\/tr>\n<tr>\n<td style=\"text-align: center;\"><strong>Tempimo spaustukas<\/strong><\/td>\n<td style=\"text-align: center;\">50 mm plo\u010dio<\/td>\n<\/tr>\n<tr>\n<td style=\"text-align: center;\"><strong>Suspaudimo plok\u0161t\u0117s<\/strong><\/td>\n<td style=\"text-align: center;\">\u03c6100 mm<\/td>\n<\/tr>\n<tr>\n<td style=\"text-align: center;\"><strong>Maitinimas<\/strong><\/td>\n<td style=\"text-align: center;\">220 V, 50 Hz<\/td>\n<\/tr>\n<\/tbody>\n<\/table>\n<p>\u0160iomis specifikacijomis remiamasi atliekant \u012fvairius bandymus ir u\u017etikrinamas pritaikomumas, reikalingas \u012fvairiems bandym\u0173 standartams ir reikalavimams \u012fvykdyti.<\/p>\n<h2>Med\u017eiag\u0173 tempimo bandym\u0173 metod\u0173 supratimas<\/h2>\n<p>Svetain\u0117 <strong>med\u017eiagos tempimo bandymas<\/strong> yra pagrindinis metodas, kuriuo vertinamas med\u017eiagos atsparumas traukos j\u0117goms. Atliekant \u0161\u012f bandym\u0105 nustatomos tokios svarbios savyb\u0117s kaip ribinis tempimo stipris, pailg\u0117jimas ir gedimo ta\u0161kai, kurios yra labai svarbios kokyb\u0117s kontrolei ir gamini\u0173 k\u016brimui. TCT-01 sukurtas pagal pramon\u0117s standartus, \u012fskaitant ASTM specifikacijas, tod\u0117l rezultatai yra tiksl\u016bs ir patikimi siekiant u\u017etikrinti atitikt\u012f teis\u0117s akt\u0173 reikalavimams ir med\u017eiag\u0173 analiz\u0119.<\/p>\n<h2>TCT-01 tempimo ir gniu\u017edymo bandymo ma\u0161inos konfig\u016bracija ir priedai<\/h2>\n<p>TCT-01 sukonfig\u016bruotas su \u0161iais komponentais:<\/p>\n<ul>\n<li><strong>Pagrindin\u0117 ma\u0161ina ir valdymo blokas<\/strong>: Skland\u017eiai integruota, kad b\u016bt\u0173 galima intuityviai atlikti bandym\u0173 proced\u016bras ir valdyti.<\/li>\n<li><strong>\u012etraukti \u0161viestuvai<\/strong>: \u012erengti tempimo gnybtai (50 mm plo\u010dio) ir suspaudimo plok\u0161tel\u0117s (100 mm plo\u010dio), taip pat \u012franki\u0173 rinkinys ir kalibravimo sertifikatas, u\u017etikrinantys skland\u0173 bandym\u0173 atlikim\u0105 ir tiksl\u0173 veikim\u0105.<\/li>\n<\/ul>\n<h2>TCT-01 naudojimo privalumai atliekant med\u017eiag\u0173 bandymus<\/h2>\n<p>TCT-01 tempimo ir gniu\u017edymo bandym\u0173 ma\u0161ina turi kelet\u0105 akivaizd\u017ei\u0173 privalum\u0173:<\/p>\n<ul>\n<li><strong>Efektyvumas ir tikslumas<\/strong>: Pa\u017eangi automatinio valdymo ir duomen\u0173 kaupimo sistema taupo laik\u0105, o rezultatai yra tiksl\u016bs ir pakartojami. TCT-01 suprojektuotas taip, kad u\u017etikrint\u0173 optimal\u0173 efektyvum\u0105 ir skland\u0173 bei patikim\u0105 bandym\u0173 proces\u0105.<\/li>\n<li><strong>Naudojimo paprastumas ir saugos funkcijos<\/strong>: D\u0117l patogios vartotojo s\u0105sajos ir supaprastinto m\u0117ginio \u012fkrovimo proceso, kartu su va\u017eiavimo ribos apsauga, \u0161\u012f aparat\u0105 lengva valdyti, o prioritetas teikiamas vartotojo saugai.<\/li>\n<li><strong>Universalumas \u012fvairiose pramon\u0117s \u0161akose<\/strong>: Nesvarbu, ar tai b\u016bt\u0173 pakuo\u010di\u0173, elektronikos, ar vaist\u0173 med\u017eiag\u0173 bandymai, TCT-01 yra lankstus ir pritaikytas \u012fvairiems specifini\u0173 pramon\u0117s \u0161ak\u0173 bandym\u0173 poreikiams.<\/li>\n<\/ul>\n<h2>Kod\u0117l verta rinktis TCT-01 testavimui?<\/h2>\n<p>Pasirinkti TCT-01 tempimo ir gniu\u017edymo bandymo ma\u0161in\u0105 rei\u0161kia pasirinkti ma\u0161in\u0105, kurioje dera kokyb\u0117, patikimumas ir pritaikomumas. Bandym\u0173 specialistams jis si\u016blo pa\u017eangias funkcijas ir pritaikymo galimybes, kad atitikt\u0173 konkre\u010dius bandym\u0173 reikalavimus, tod\u0117l yra vertingas laboratorij\u0173 ir kokyb\u0117s u\u017etikrinimo komand\u0173 turtas.<\/p>\n<h2>DUK apie TCT-01 tempimo ir gniu\u017edymo bandymo ma\u0161in\u0105<\/h2>\n<ol>\n<li><strong>Koki\u0173 tip\u0173 med\u017eiagas galima tikrinti TCT-01?<\/strong>\n<ul>\n<li>TCT-01 tinka lanks\u010dioms, stand\u017eioms, kompozitin\u0117ms med\u017eiagoms, si\u016blams, audiniams ir \u012fvairioms nemetalin\u0117ms med\u017eiagoms, tod\u0117l idealiai tinka visapusi\u0161kam med\u017eiag\u0173 bandymui.<\/li>\n<\/ul>\n<\/li>\n<li><strong>Kaip tiksliai TCT-01 atlieka med\u017eiag\u0173 tempimo bandymus?<\/strong>\n<ul>\n<li>TCT-01 pasi\u017eymi dideliu tikslumu: j\u0117gos tikslumas \u00b11%, o poslinkio tikslumas \u00b11%, tod\u0117l rezultatai yra patikimi ir nuosekl\u016bs.<\/li>\n<\/ul>\n<\/li>\n<li><strong>Kokie yra pagrindiniai skaitmenin\u0117s grei\u010dio reguliavimo sistemos privalumai?<\/strong>\n<ul>\n<li>Skaitmenin\u0117 grei\u010dio reguliavimo sistema leid\u017eia reguliuoti bandymo greit\u012f, tod\u0117l operatoriai gali optimizuoti nustatymus skirtingoms med\u017eiag\u0173 savyb\u0117ms, o tai u\u017etikrina tiksli\u0105 kontrol\u0119 ir duomen\u0173 tikslum\u0105.<\/li>\n<\/ul>\n<\/li>\n<li><strong>Ar TCT-01 atitinka ASTM ir kitus tarptautinius bandym\u0173 standartus?<\/strong>\n<ul>\n<li>Taip, TCT-01 tempimo ir gniu\u017edymo bandym\u0173 ma\u0161ina sukurta taip, kad atitikt\u0173 pramon\u0117s standartus, pavyzd\u017eiui, ASTM, tod\u0117l jos rezultatai yra patikimi ir atitinka standartus.<\/li>\n<\/ul>\n<\/li>\n<li><strong>Ar TCT-01 galima pritaikyti konkretiems bandym\u0173 reikalavimams?<\/strong>\n<ul>\n<li>Absoliu\u010diai. TCT-01 tempimo ir gniu\u017edymo bandymo aparat\u0105 galima pritaikyti konkre\u010dioms bandym\u0173 konfig\u016bracijoms, o \"Cell Instruments\" si\u016blo pritaikymo paslaugas, kad b\u016bt\u0173 patenkinti unikal\u016bs bandym\u0173 poreikiai.<\/li>\n<\/ul>\n<\/li>\n<\/ol>","protected":false},"excerpt":{"rendered":"<p>Svetain\u0117 <strong>TCT-01 tempimo ir suspaudimo bandymo ma\u0161ina<\/strong> tai na\u0161us, universalus prietaisas, skirtas \u012fvairiems med\u017eiag\u0173 bandymams \u012fvairiose pramon\u0117s \u0161akose. Sukurtas pagal tiksli\u0105 in\u017einerij\u0105, jis idealiai tinka <strong>tempimo, gniu\u017edymo ir lenkimo bandymai<\/strong>, tod\u0117l galima gauti tiksli\u0173 ir patikim\u0173 \u012f\u017evalg\u0173 apie med\u017eiag\u0173 savybes, tokias kaip stipris, pailg\u0117jimas ir did\u017eiausia j\u0117ga. D\u0117l pritaikomos TCT-01 konstrukcijos ir funkcionalumo j\u012f renkasi pakavimo, medicinos, farmacijos, tekstil\u0117s, elektronikos ir kokyb\u0117s tikrinimo sri\u010di\u0173 specialistai.<\/p>","protected":false},"featured_media":6161,"comment_status":"closed","ping_status":"closed","template":"","meta":{"site-sidebar-layout":"default","site-content-layout":"default","ast-global-header-display":"","ast-main-header-display":"","ast-hfb-above-header-display":"","ast-hfb-below-header-display":"","ast-hfb-mobile-header-display":"","site-post-title":"","ast-breadcrumbs-content":"","ast-featured-img":"","footer-sml-layout":"","theme-transparent-header-meta":"default","adv-header-id-meta":"","stick-header-meta":"","header-above-stick-meta":"","header-main-stick-meta":"","header-below-stick-meta":""},"product_cat":[845,953,956,955,965,954,957,958,952,959,679,95],"product_tag":[],"class_list":{"0":"post-5320","1":"product","2":"type-product","3":"status-publish","4":"has-post-thumbnail","6":"product_cat-customization","7":"product_cat-bursting-tester","8":"product_cat-cobb-tester","9":"product_cat-crush-tester","10":"product_cat-package-compression-tester","11":"product_cat-paper-tear-tester","12":"product_cat-plybond-tester","13":"product_cat-puncture-tester","14":"product_cat-rub-tester","15":"product_cat-stiffness-tester","16":"product_cat-tensile-tester","17":"product_cat-products","18":"desktop-align-left","19":"tablet-align-left","20":"mobile-align-left","22":"first","23":"instock","24":"shipping-taxable","25":"product-type-simple"},"_links":{"self":[{"href":"https:\/\/www.qualitester.com\/lt\/wp-json\/wp\/v2\/product\/5320","targetHints":{"allow":["GET"]}}],"collection":[{"href":"https:\/\/www.qualitester.com\/lt\/wp-json\/wp\/v2\/product"}],"about":[{"href":"https:\/\/www.qualitester.com\/lt\/wp-json\/wp\/v2\/types\/product"}],"replies":[{"embeddable":true,"href":"https:\/\/www.qualitester.com\/lt\/wp-json\/wp\/v2\/comments?post=5320"}],"version-history":[{"count":0,"href":"https:\/\/www.qualitester.com\/lt\/wp-json\/wp\/v2\/product\/5320\/revisions"}],"wp:featuredmedia":[{"embeddable":true,"href":"https:\/\/www.qualitester.com\/lt\/wp-json\/wp\/v2\/media\/6161"}],"wp:attachment":[{"href":"https:\/\/www.qualitester.com\/lt\/wp-json\/wp\/v2\/media?parent=5320"}],"wp:term":[{"taxonomy":"product_cat","embeddable":true,"href":"https:\/\/www.qualitester.com\/lt\/wp-json\/wp\/v2\/product_cat?post=5320"},{"taxonomy":"product_tag","embeddable":true,"href":"https:\/\/www.qualitester.com\/lt\/wp-json\/wp\/v2\/product_tag?post=5320"}],"curies":[{"name":"wp","href":"https:\/\/api.w.org\/{rel}","templated":true}]}}