{"id":5301,"date":"2024-11-12T16:58:37","date_gmt":"2024-11-12T08:58:37","guid":{"rendered":"https:\/\/www.qualitester.com\/?post_type=product&#038;p=5301"},"modified":"2024-12-05T11:16:30","modified_gmt":"2024-12-05T03:16:30","slug":"sale-paper-tearing-tester-manufacturer","status":"publish","type":"product","link":"https:\/\/www.qualitester.com\/lt\/produktas-2\/sale-paper-tearing-tester-manufacturer\/","title":{"rendered":"SLD-02 ply\u0161imo testeris"},"content":{"rendered":"<h2><strong>Popieriaus pl\u0117\u0161ymo testerio pristatymas<\/strong><\/h2>\n<p>Svetain\u0117 <strong>SLD-02 popieriaus pl\u0117\u0161ymo testeris<\/strong> \"Cell Instruments\" sukurtas tiksliems ir patikimiems \u012fvairi\u0173 med\u017eiag\u0173, \u012fskaitant popieri\u0173, karton\u0105, tekstil\u0119, od\u0105 ir plastikines pl\u0117veles, ply\u0161imo stiprumo matavimams. Sukurtas su pa\u017eangiomis funkcijomis ir atitinka pagrindinius pramon\u0117s standartus, pvz. <strong>ASTM D689<\/strong>, \u0161is testeris yra b\u016btinas pramon\u0117s \u0161akoms, kuriose pirmenyb\u0117 teikiama kokyb\u0117s kontrolei - nuo pakavimo ir spausdinimo iki medicinos prietais\u0173 ir plataus vartojimo preki\u0173. Naudodami \u0161\u012f \u012frank\u012f galite u\u017etikrinti, kad j\u016bs\u0173 med\u017eiagos atitikt\u0173 grie\u017etus atsparumo ply\u0161imui reikalavimus, taip pad\u0117dami i\u0161laikyti gamini\u0173 ilgaam\u017ei\u0161kum\u0105 ir kokyb\u0119.<\/p>\n<h2><strong>Pagrindin\u0117s SLD-02 popieriaus pl\u0117\u0161ymo testerio savyb\u0117s<\/strong><\/h2>\n<ul>\n<li><strong>Platus taikymas<\/strong>: SLD-02 popieriaus ply\u0161imo testeris neapsiriboja tik popieriaus ir kartono bandymais, juo galima atlikti lak\u0161tini\u0173 med\u017eiag\u0173, toki\u0173 kaip tekstil\u0117, oda, plastikin\u0117s pl\u0117vel\u0117s ir net metalin\u0117s pl\u0117vel\u0117s, ply\u0161imo stiprumo bandymus, tod\u0117l jis idealiai tinka \u012fvairioms kokyb\u0117s kontrol\u0117s reikm\u0117ms.<\/li>\n<li><strong>Inovatyvus dizainas<\/strong>: SLD-02 yra suprojektuotas taip, kad b\u016bt\u0173 u\u017etikrintas tikslumas, jame naudojamas \u0161vytuoklinis mechanizmas ir pneumatin\u0117 prispaudimo sistema, u\u017etikrinanti nuoseklius ir pakartojamus rezultatus.<\/li>\n<li><strong>Technin\u0117s specifikacijos<\/strong>: \u0160is prietaisas pasi\u017eymi \u012fvairiomis funkcijomis, kurios padidina jo patikimum\u0105 ir palengvina naudojim\u0105:\n<ul>\n<li><strong>\u017dandikaulio plotis<\/strong>: 74,8 mm, tinka 63 \u00d7 76 mm arba 63 \u00d7 50 mm dyd\u017eio m\u0117giniams.<\/li>\n<li><strong>Automatinis atstatymas<\/strong>: Po kiekvieno bandymo \u0161vytuokl\u0117 automati\u0161kai i\u0161 naujo nustatomas, tod\u0117l bandym\u0173 procesas tampa paprastesnis.<\/li>\n<li><strong>Patogi vartotojui s\u0105saja<\/strong>: 5 coli\u0173 spalvotas jutiklinis ekranas si\u016blo paprast\u0105, intuityvi\u0105 s\u0105saj\u0105, kad valdymas b\u016bt\u0173 sklandus.<\/li>\n<li><strong>Pneumatinis m\u0117ginio u\u017espaudimas<\/strong>: Suma\u017e\u0117ja \u017emogi\u0161k\u0173j\u0173 klaid\u0173, u\u017etikrinama nuosekli m\u0117ginio pad\u0117tis.<\/li>\n<li><strong>Keli\u0173 \u0161vytuokli\u0173 talpa<\/strong>: \u012evairios talpos leid\u017eia atlikti \u012fvairius bandymus, pritaikytus \u012fvairi\u0173 tip\u0173 ir stiprumo med\u017eiagoms.<\/li>\n<li><strong>Oro filtras \/ reguliatorius<\/strong>: Filtruojant oro priemai\u0161as, i\u0161saugomas komponent\u0173 vientisumas ir pailginamas testerio tarnavimo laikas.<\/li>\n<\/ul>\n<\/li>\n<\/ul>\n<h2><strong>Kaip veikia popieriaus pl\u0117\u0161ymo testeris<\/strong><\/h2>\n<ul>\n<li><strong>Testavimo procesas<\/strong>: SLD-02 popieriaus pl\u0117\u0161ymo testeris veikia su tiksliu mechanizmu, kuris u\u017etikrina standartin\u012f pl\u0117\u0161ymo test\u0105:\n<ol>\n<li>Pjovimo peiliu nuo tolimojo bandinio kra\u0161to i\u0161pjaunamas 43 mm ply\u0161ys.<\/li>\n<li>Atlaisvintas \u0161vytuokl\u0117s mechanizmas, pasinaudodamas gravitacija, platina ply\u0161\u012f ir per likus\u012f ilg\u012f supl\u0117\u0161o m\u0117gin\u012f.<\/li>\n<li>\u0160io proceso metu prarandama energija matuojama ir naudojama vidutinei bandinio ply\u0161imo j\u0117gai apskai\u010diuoti, taip gaunama patikima atsparumo ply\u0161imui vert\u0117.<\/li>\n<\/ol>\n<\/li>\n<\/ul>\n<h2><strong>Atitiktis pagrindiniams standartams (\u012fskaitant ASTM D689)<\/strong><\/h2>\n<ul>\n<li><strong>Standart\u0173 ap\u017evalga<\/strong>: SLD-02 ply\u0161imo testeris atitinka daugyb\u0119 tarptautini\u0173 standart\u0173, tod\u0117l jis atitinka grie\u017etus bandym\u0173 reikalavimus:\n<ul>\n<li><a href=\"https:\/\/www.astm.org\/d1922-15r20.html\" target=\"_blank\" rel=\"noopener nofollow\"><strong>ASTM D1922<\/strong><\/a>: Plastik\u0173 atsparumo ply\u0161imui bandymai.<\/li>\n<li><a href=\"https:\/\/www.astm.org\/d1424-09r19.html\" target=\"_blank\" rel=\"noopener nofollow\"><strong>ASTM D1424<\/strong><\/a>: Tekstil\u0117s atsparumo ply\u0161imui matavimo standartas.<\/li>\n<li><a href=\"https:\/\/www.astm.org\/d0689-17.html\" target=\"_blank\" rel=\"noopener nofollow\"><strong>ASTM D689<\/strong><\/a>: Specialus standartas, skirtas popieriaus ir kartono atsparumui ply\u0161imui matuoti, b\u016btinas pakuo\u010di\u0173 kokyb\u0117s kontrolei.<\/li>\n<li><strong>ISO 6383 IR ISO 1974<\/strong>: Tarptautiniai atsparumo ply\u0161imui standartai.<\/li>\n<li><strong>TAPPI T414<\/strong>: Popieriaus atsparumo ply\u0161imui bandymo standartas, pla\u010diai naudojamas popieriaus pramon\u0117je.<\/li>\n<\/ul>\n<\/li>\n<li><strong>D\u0117mesys ASTM D689 standartui<\/strong>: ASTM D689 yra pagrindinis standartas, taikomas matuojant popieriaus ir kartono med\u017eiag\u0173 atsparum\u0105 ply\u0161imui ir u\u017etikrinantis, kad tokie produktai kaip pakuot\u0117s atitikt\u0173 kokyb\u0117s reikalavimus. \u0160iame standarte apra\u0161yti konkret\u016bs atsparumo ply\u0161imui bandymo metodai, didinantys tikslum\u0105 ir patikimum\u0105, ypa\u010d kokyb\u0117s kontrol\u0117s atvejais. SLD-02 atitinka ASTM D689 standart\u0105, tod\u0117l SLD-02 pateikia rezultatus, kuriais galima pasitik\u0117ti, ir padeda laikytis pramon\u0117s norm\u0173.<\/li>\n<\/ul>\n<h2><strong>Techniniai popieriaus pl\u0117\u0161ymo testerio parametrai<\/strong><\/h2>\n<table>\n<tbody>\n<tr>\n<td style=\"text-align: center;\" width=\"167\">Bandymo diapazonas (mN)<\/td>\n<td style=\"text-align: center;\" width=\"167\">10~8000,8000~16000<\/td>\n<\/tr>\n<tr>\n<td style=\"text-align: center;\" width=\"167\">Duj\u0173 \u0161altinis<\/td>\n<td style=\"text-align: center;\" width=\"167\">0,6 MPa<\/td>\n<\/tr>\n<tr>\n<td style=\"text-align: center;\" width=\"167\">A\u0161arojanti ranka<\/td>\n<td style=\"text-align: center;\" width=\"167\">104\u00b11 mm<\/td>\n<\/tr>\n<tr>\n<td style=\"text-align: center;\" width=\"167\">Pradinis ply\u0161imo kampas<\/td>\n<td style=\"text-align: center;\" width=\"167\">27.5 \u00b10.5\u00b0<\/td>\n<\/tr>\n<tr>\n<td style=\"text-align: center;\" width=\"167\">Tikslumas<\/td>\n<td style=\"text-align: center;\" width=\"167\">0,01 mN<\/td>\n<\/tr>\n<tr>\n<td style=\"text-align: center;\" width=\"167\">Pjovimo ply\u0161ys<\/td>\n<td style=\"text-align: center;\" width=\"167\">20 mm<\/td>\n<\/tr>\n<tr>\n<td style=\"text-align: center;\" width=\"167\">Spaustuko pavir\u0161ius<\/td>\n<td style=\"text-align: center;\" width=\"167\">\u226525 * 15 mm<\/td>\n<\/tr>\n<tr>\n<td style=\"text-align: center;\" width=\"167\">Imties dydis<\/td>\n<td style=\"text-align: center;\" width=\"167\">63*50 mm<\/td>\n<\/tr>\n<tr>\n<td style=\"text-align: center;\" width=\"167\">Spaustuko storis<\/td>\n<td style=\"text-align: center;\" width=\"167\">2,8\u00b10,3 mm<\/td>\n<\/tr>\n<tr>\n<td style=\"text-align: center;\" width=\"167\">Maitinimas<\/td>\n<td style=\"text-align: center;\" width=\"167\">220 V 50 Hz<\/td>\n<\/tr>\n<\/tbody>\n<\/table>\n<h2><strong>SLD-02 popieriaus pl\u0117\u0161ymo testerio privalumai<\/strong><\/h2>\n<ul>\n<li><strong>Didesnis patikimumas<\/strong>: Pneumatin\u0117 prispaudimo sistema suma\u017eina rankinio darbo klaidas, tod\u0117l rezultatai yra nuosekl\u016bs ir tiksl\u016bs.<\/li>\n<li><strong>Naudotojui patogus dizainas<\/strong>: 5 coli\u0173 jutiklinis ekranas supaprastina valdym\u0105 ir suteikia intuityvi\u0105 naudotojo patirt\u012f, kuri padeda atlikti veiksmingus bandymus.<\/li>\n<li><strong>Lanks\u010dios testavimo parinktys<\/strong>: Keli\u0173 \u0161vytuokli\u0173 talpa leid\u017eia i\u0161bandyti \u012fvairias med\u017eiagas - nuo lengvo popieriaus iki tvirtos tekstil\u0117s ir pl\u0117vel\u0117s.<\/li>\n<li><strong>Ilgaam\u017ei\u0161kumas ir prie\u017ei\u016bra<\/strong>: Integruotas oro filtras ir reguliatorius prailgina pneumatini\u0173 komponent\u0173 tarnavimo laik\u0105, suma\u017eina prastovas ir technin\u0117s prie\u017ei\u016bros i\u0161laidas.<\/li>\n<\/ul>\n<h2><strong>Popieriaus pl\u0117\u0161ymo testerio taikymas<\/strong><\/h2>\n<p>SLD-02 popieriaus ply\u0161imo testeris naudojamas \u012fvairiose pramon\u0117s \u0161akose, kuriose ply\u0161imo stiprumas yra labai svarbus kokyb\u0117s veiksnys:<\/p>\n<ul>\n<li><strong>Pakuot\u0117<\/strong>: U\u017etikrina, kad popieriaus ir kartono pakavimo med\u017eiagos b\u016bt\u0173 pakankamai patvarios transportuoti ir tvarkyti.<\/li>\n<li><strong>Medicina ir farmacija<\/strong>: Palaiko auk\u0161tus pakavimo med\u017eiag\u0173 standartus, kad b\u016bt\u0173 u\u017etikrintas produkto vientisumas.<\/li>\n<li><strong>Tekstil\u0117 ir plastikai<\/strong>: Tikrina tekstil\u0117s, odos ir plastikini\u0173 pl\u0117veli\u0173 atsparum\u0105 ply\u0161imui, palaiko kokyb\u0117s standartus visuose gamybos procesuose.<\/li>\n<li><strong>Kokyb\u0117s tikrinimo agent\u016bros<\/strong>: Atliekami tiksl\u016bs ply\u0161imo matavimai, padedantys organizacijoms laikytis normini\u0173 med\u017eiag\u0173 stiprumo ir patikimumo standart\u0173.<\/li>\n<\/ul>\n<h2><strong>DUK apie popieriaus pl\u0117\u0161ymo tester\u012f ir ASTM D689<\/strong><\/h2>\n<ol>\n<li><strong>Kas tai yra ASTM D689 ir kod\u0117l jis svarbus atliekant a\u0161arojimo bandymus?<\/strong><br \/>\n<a href=\"https:\/\/www.qualitester.com\/lt\/produkto-kategorija-2\/astm\/astm-d689\/\">ASTM D689<\/a> tai standartas, kuriame apibr\u0117\u017eti popieriaus ir kartono atsparumo ply\u0161imui matavimo metodai. Juo u\u017etikrinama, kad bandym\u0173 rezultatai b\u016bt\u0173 nuosekl\u016bs ir patikimi, o tai labai svarbu kokyb\u0117s kontrolei pramon\u0117s \u0161akose, kuriose naudojamos ply\u0161imui atsparios pakuot\u0117s.<\/li>\n<li><strong>Kaip pneumatin\u0117 prispaudimo sistema pagerina bandym\u0173 tikslum\u0105?<\/strong><br \/>\nPneumatiniu b\u016bdu tvirtinant m\u0117ginius, SLD-02 suma\u017eina \u017emogaus elgesio su m\u0117giniais nepastovum\u0105, u\u017etikrina stabil\u0173 laikym\u0105, apsaugant\u012f nuo pasislinkimo ir u\u017etikrinant\u012f nuoseklius bei tikslius tyrim\u0173 rezultatus.<\/li>\n<li><strong>Ar SLD-02 gali tikrinti ne tik popieri\u0173, bet ir kitas med\u017eiagas?<\/strong><br \/>\nTaip, SLD-02 yra pakankamai universalus, kad juo b\u016bt\u0173 galima bandyti \u012fvairias lak\u0161tines med\u017eiagas, \u012fskaitant tekstil\u0119, od\u0105 ir plastikines pl\u0117veles, ir taip patenkinti \u012fvairius kokyb\u0117s kontrol\u0117s poreikius.<\/li>\n<li><strong>Kokia yra keli\u0173 \u0161vytuokli\u0173 paj\u0117gum\u0173 reik\u0161m\u0117?<\/strong><br \/>\nSkirtingos \u0161vytuokl\u0117s talpos SLD-02 leid\u017eia apdoroti skirtingo atsparumo ply\u0161imui med\u017eiagas, tod\u0117l galima lanks\u010diai i\u0161bandyti tiek lengvas, tiek sunkias med\u017eiagas.<\/li>\n<li><strong>Kaip SLD-02 atitinka ne tik ASTM D689, bet ir kitus standartus?<\/strong><br \/>\nBe ASTM D689 standarto, jis atitinka ASTM D1922 plastikams, ASTM D1424 tekstil\u0117s gaminiams, ISO standartus ir TAPPI T414, tod\u0117l yra tinkamas naudoti tarptautin\u0117je kokyb\u0117s kontrol\u0117je.<\/li>\n<\/ol>","protected":false},"excerpt":{"rendered":"<p>Svetain\u0117 <strong>SLD-02 popieriaus pl\u0117\u0161ymo testeris<\/strong> \"Cell Instruments\" sukurtas tiksliems ir patikimiems \u012fvairi\u0173 med\u017eiag\u0173, \u012fskaitant popieri\u0173, karton\u0105, tekstil\u0119, od\u0105 ir plastikines pl\u0117veles, ply\u0161imo stiprumo matavimams. Sukurtas su pa\u017eangiomis funkcijomis ir atitinka pagrindinius pramon\u0117s standartus, pvz. <strong>ASTM D689<\/strong>, \u0161is testeris yra b\u016btinas pramon\u0117s \u0161akoms, kuriose pirmenyb\u0117 teikiama kokyb\u0117s kontrolei - nuo pakavimo ir spausdinimo iki medicinos prietais\u0173 ir plataus vartojimo preki\u0173. Naudodami \u0161\u012f \u012frank\u012f galite u\u017etikrinti, kad j\u016bs\u0173 med\u017eiagos atitikt\u0173 grie\u017etus atsparumo ply\u0161imui reikalavimus, taip pad\u0117dami i\u0161laikyti gamini\u0173 ilgaam\u017ei\u0161kum\u0105 ir kokyb\u0119.<\/p>","protected":false},"featured_media":6197,"comment_status":"closed","ping_status":"closed","template":"","meta":{"site-sidebar-layout":"default","site-content-layout":"default","ast-global-header-display":"","ast-main-header-display":"","ast-hfb-above-header-display":"","ast-hfb-below-header-display":"","ast-hfb-mobile-header-display":"","site-post-title":"","ast-breadcrumbs-content":"","ast-featured-img":"","footer-sml-layout":"","theme-transparent-header-meta":"default","adv-header-id-meta":"","stick-header-meta":"","header-above-stick-meta":"","header-main-stick-meta":"","header-below-stick-meta":""},"product_cat":[845,953,956,955,954,957,958,952,959,1154,680,44,16,119,121,137,159,165,95],"product_tag":[],"class_list":{"0":"post-5301","1":"product","2":"type-product","3":"status-publish","4":"has-post-thumbnail","6":"product_cat-customization","7":"product_cat-bursting-tester","8":"product_cat-cobb-tester","9":"product_cat-crush-tester","10":"product_cat-paper-tear-tester","11":"product_cat-plybond-tester","12":"product_cat-puncture-tester","13":"product_cat-rub-tester","14":"product_cat-stiffness-tester","15":"product_cat-tappi-t414","16":"product_cat-tear-tester","17":"product_cat-paper-and-board-testers","18":"product_cat-plastic-packaging-testers","19":"product_cat-astm-d1424","20":"product_cat-astm-d1922","21":"product_cat-astm-d689","22":"product_cat-iso-1974","23":"product_cat-iso-6383","24":"product_cat-products","25":"desktop-align-left","26":"tablet-align-left","27":"mobile-align-left","29":"first","30":"instock","31":"shipping-taxable","32":"product-type-simple"},"_links":{"self":[{"href":"https:\/\/www.qualitester.com\/lt\/wp-json\/wp\/v2\/product\/5301","targetHints":{"allow":["GET"]}}],"collection":[{"href":"https:\/\/www.qualitester.com\/lt\/wp-json\/wp\/v2\/product"}],"about":[{"href":"https:\/\/www.qualitester.com\/lt\/wp-json\/wp\/v2\/types\/product"}],"replies":[{"embeddable":true,"href":"https:\/\/www.qualitester.com\/lt\/wp-json\/wp\/v2\/comments?post=5301"}],"version-history":[{"count":0,"href":"https:\/\/www.qualitester.com\/lt\/wp-json\/wp\/v2\/product\/5301\/revisions"}],"wp:featuredmedia":[{"embeddable":true,"href":"https:\/\/www.qualitester.com\/lt\/wp-json\/wp\/v2\/media\/6197"}],"wp:attachment":[{"href":"https:\/\/www.qualitester.com\/lt\/wp-json\/wp\/v2\/media?parent=5301"}],"wp:term":[{"taxonomy":"product_cat","embeddable":true,"href":"https:\/\/www.qualitester.com\/lt\/wp-json\/wp\/v2\/product_cat?post=5301"},{"taxonomy":"product_tag","embeddable":true,"href":"https:\/\/www.qualitester.com\/lt\/wp-json\/wp\/v2\/product_tag?post=5301"}],"curies":[{"name":"wp","href":"https:\/\/api.w.org\/{rel}","templated":true}]}}