{"id":5286,"date":"2024-11-08T10:17:35","date_gmt":"2024-11-08T02:17:35","guid":{"rendered":"https:\/\/www.qualitester.com\/?post_type=product&#038;p=5286"},"modified":"2024-12-05T10:34:20","modified_gmt":"2024-12-05T02:34:20","slug":"sale-puncture-resistance-testing-equipment","status":"publish","type":"product","link":"https:\/\/www.qualitester.com\/lt\/produktas-2\/sale-puncture-resistance-testing-equipment\/","title":{"rendered":"PST-01 atsparumo prad\u016brimui bandymo \u012franga"},"content":{"rendered":"<h2><strong>\u012evadas \u012f atsparumo prad\u016brimams bandymo \u012frang\u0105<\/strong><\/h2>\n<p>PST-01 atsparumo prad\u016brimams bandymo \u012franga yra pa\u017eangus prietaisas, skirtas taros kartono ir gofruoto kartono med\u017eiag\u0173 ilgaam\u017ei\u0161kumui ir atsparumui prad\u016brimams \u012fvertinti. \u0160iuo bandym\u0173 \u012frankiu matuojama energija, kurios reikia bandiniui pradurti, ir tiksliai \u012fvertinama energija, kurios reikia med\u017eiagai perpl\u0117\u0161ti ir sulenkti. PST-01 padeda u\u017etikrinti, kad pakuot\u0117s ir kitos med\u017eiagos atitikt\u0173 grie\u017etus kokyb\u0117s ir tvirtumo standartus, tod\u0117l idealiai tinka \u012fvairioms pramon\u0117s \u0161akoms, kuriose med\u017eiag\u0173 vientisumas yra labai svarbus.<\/p>\n<h2><strong>PST-01 atsparumo prad\u016brimams bandymo \u012frangos pritaikymas<\/strong><\/h2>\n<p>PST-01 pla\u010diai taikomas \u012fvairiose pramon\u0117s \u0161akose, \u012fskaitant pakavimo, elektronikos, medicinos prietais\u0173, vaist\u0173 ir kt. Jis paprastai naudojamas konteineri\u0173 plok\u0161\u010di\u0173 tvirtumui, kuris yra labai svarbus ve\u017eimo ilgaam\u017ei\u0161kumo veiksnys, tikrinti arba trapi\u0173 daikt\u0173 pakavimo med\u017eiag\u0173 atsparumui patikrinti. \u0160is universalus testeris taip pat atitinka pramon\u0117s \u0161ak\u0173, kurioms reikia nuoseklaus pakuo\u010di\u0173 veikimo, pavyzd\u017eiui, maisto ir g\u0117rim\u0173 gamybos, kasdieni\u0173 chemijos preki\u0173 ir tekstil\u0117s, poreikius.<\/p>\n<h2><strong>PST-01 atsparumo prad\u016brimams bandymo \u012frangos ypatyb\u0117s<\/strong><\/h2>\n<p>PST-01 atsparumo prad\u016brimui bandymo \u012franga turi kelet\u0105 pa\u017eangi\u0173 funkcij\u0173, tod\u0117l j\u0105 paprasta naudoti ir labai veiksminga bandant atsparum\u0105 prad\u016brimui:<\/p>\n<ul>\n<li><strong>LCD ekranas ir patogi vartotojui s\u0105saja<\/strong>: Testeris turi lengvai \u012fskaitom\u0105 LCD ekran\u0105 ir PVC valdymo skydel\u012f, kad b\u016bt\u0173 galima greitai ir intuityviai reguliuoti ir atlikti bandymus.<\/li>\n<li><strong>Mikrokompiuterio valdymas<\/strong>: PST-01 turi mikrokompiuter\u012f patikimam duomen\u0173 valdymui, tod\u0117l gali rinkti, saugoti ir spausdinti bandym\u0173 rezultatus, u\u017etikrindamas supaprastint\u0105 darbo eig\u0105 ir tikslius \u012fra\u0161us.<\/li>\n<li><strong>Automatinis matavimas ir protingas vertinimas<\/strong>: Testeris realiuoju laiku parodo bandymo rezultatus ir i\u0161 karto atlieka analiz\u0119, tod\u0117l suma\u017e\u0117ja poreikis atlikti skai\u010diavimus rankiniu b\u016bdu ir padid\u0117ja bandymo efektyvumas.<\/li>\n<li><strong>Keturios reguliuojamos pavaros<\/strong>: PST-01 yra keturios reguliuojamos pavaros, tod\u0117l vartotojai gali pasirinkti optimal\u0173 diapazon\u0105 skirtingo stiprumo med\u017eiagoms ir u\u017etikrinti tikslius matavimus.<\/li>\n<li><strong>Saugumas ir patvarumas<\/strong>: PST-01 sukurtas siekiant u\u017etikrinti stabilum\u0105 ir pastov\u0173 veikim\u0105, jame integruotos saugos funkcijos, kad b\u016bt\u0173 apsaugoti naudotojai ir u\u017etikrintas patikimas veikimas ilg\u0105 laik\u0105.<\/li>\n<\/ul>\n<h2><strong>ISO 3036 ir jo bandym\u0173 metod\u0173 supratimas<\/strong><\/h2>\n<p><a href=\"https:\/\/www.iso.org\/standard\/8122.html\" target=\"_blank\" rel=\"noopener nofollow\"><strong>ISO 3036<\/strong><\/a> yra tarptautinis standartas, kuriame apibr\u0117\u017eiami gofruotojo kartono atsparumo prad\u016brimui nustatymo metodai. Jame apra\u0161ytos konkre\u010dios proced\u016bros ir parametrai, u\u017etikrinantys tikslius ir nuoseklius matavimus visoje pramon\u0117je. PST-01 laikosi <a href=\"https:\/\/www.qualitester.com\/lt\/produkto-kategorija-2\/iso\/iso-3036\/\" target=\"_blank\" rel=\"noopener\">ISO 3036<\/a> naudojant ner\u016bdijan\u010dio plieno sta\u010diakamp\u0119 trikamp\u0119 piramid\u0119, pritvirtint\u0105 prie \u0161vytuoklin\u0117s rankenos, kuri svyruoja \u012f u\u017espaust\u0105 bandin\u012f, imituojant realias prad\u016brimo s\u0105lygas. Prietaisas matuoja vis\u0105 energij\u0105, reikaling\u0105 med\u017eiagai pradurti, ir leid\u017eia patikimai \u012fvertinti med\u017eiagos atsparum\u0105 ir atsparum\u0105 prad\u016brimui. Pramon\u0117s \u0161akoms, siekian\u010dioms atitikti ISO 3036 standarto reikalavimus, PST-01 u\u017etikrina reikiam\u0105 tikslum\u0105 ir precizi\u0161kum\u0105.<\/p>\n<h2><strong>Papildomi standartai, kuriuos atitinka PST-01<\/strong><\/h2>\n<p>Be ISO 3036 standarto, PST-01 atsparumo prad\u016brimui bandymo \u012franga sukurta taip, kad atitikt\u0173 daugel\u012f kit\u0173 tarptautini\u0173 standart\u0173:<\/p>\n<ul>\n<li><strong>TAPPI T803<\/strong>: Nustatomos popieriaus ir pakavimo pramon\u0117je da\u017eniausiai naudojamo konteinerinio kartono atsparumo prad\u016brimui bandymo gair\u0117s.<\/li>\n<li><strong>DIN 53142<\/strong>: Apibr\u0117\u017eiamos atsparumo skverbimuisi bandymo proced\u016bros, ypa\u010d taikomos popierin\u0117ms med\u017eiagoms.<\/li>\n<li><strong>GB\/T 2679<\/strong>: Kinijos nacionalinis pakuo\u010di\u0173 med\u017eiag\u0173 atsparumo prad\u016brimui bandymo standartas.<\/li>\n<li><strong>QB\/T 1664<\/strong> ir <strong>SN T0262<\/strong>: Papildomi etalonai, kurie dar kart\u0105 \u012frodo PST-01 galimybes atitikti pasaulinius bandym\u0173 standartus.<\/li>\n<\/ul>\n<h2><strong>Technin\u0117s PST-01 specifikacijos<\/strong><\/h2>\n<p>Su PST-01 galima tiksliai ir patogiai atlikti atsparumo prad\u016brimui bandymus, o \u012fvair\u016bs nustatymai pritaikyti \u012fvairioms med\u017eiagoms:<\/p>\n<table>\n<tbody>\n<tr>\n<td width=\"192\">Bandym\u0173 diapazonas<\/td>\n<td width=\"406\">(1~48) J<\/td>\n<\/tr>\n<tr>\n<td width=\"192\">Keturios pavaros<\/td>\n<td width=\"406\">A \uff1c6J; B\uff1c12J; C\uff1c24J; D\uff1c48J<\/td>\n<\/tr>\n<tr>\n<td width=\"192\">Rezoliucija<\/td>\n<td width=\"406\">0.001J<\/td>\n<\/tr>\n<tr>\n<td width=\"192\">Imties dydis<\/td>\n<td width=\"406\">175*175 mm<\/td>\n<\/tr>\n<tr>\n<td width=\"192\">Sl\u0117gio galvut\u0117<\/td>\n<td width=\"406\">(100\u00b12) Kpa<\/td>\n<\/tr>\n<tr>\n<td width=\"192\">Trinties rankov\u0117s pasiprie\u0161inimas<\/td>\n<td width=\"406\">\uff1c0.25J<\/td>\n<\/tr>\n<tr>\n<td width=\"192\">Piramid\u0117s formos galvut\u0117<\/td>\n<td width=\"406\">Kra\u0161t\u0173 ilgis 60 mm \u00d7 60 mm \u00d7 60 mm auk\u0161tis 25 \u00b1 0,7 mm<\/td>\n<\/tr>\n<tr>\n<td width=\"192\">Matmenys<\/td>\n<td width=\"406\">900*410*800 mm<\/td>\n<\/tr>\n<tr>\n<td width=\"192\">Maitinimas<\/td>\n<td width=\"406\">AC 220V 50Hz<\/td>\n<\/tr>\n<tr>\n<td width=\"192\">Svoris<\/td>\n<td width=\"406\">110 kg<\/td>\n<\/tr>\n<\/tbody>\n<\/table>\n<h3><strong>PST-01 naudojimo med\u017eiag\u0173 bandymams privalumai<\/strong><\/h3>\n<p>PST-01 atsparumo prad\u016brimams bandymo \u012franga suteikia akivaizd\u017ei\u0173 privalum\u0173 \u012fmon\u0117ms, siekian\u010dioms u\u017etikrinti gamini\u0173 ilgaam\u017ei\u0161kum\u0105 ir atitikti pramon\u0117s standartus:<\/p>\n<ul>\n<li><strong>Didesnis tikslumas<\/strong>: D\u0117l mikrokompiuterinio valdymo ir didel\u0117s skiriamosios gebos PST-01 yra itin tikslus, tod\u0117l suma\u017e\u0117ja \u017emogi\u0161k\u0173j\u0173 klaid\u0173 ir u\u017etikrinami pastov\u016bs rezultatai.<\/li>\n<li><strong>Didesnis na\u0161umas<\/strong>: \u0160is prietaisas su automatiniu matavimu ir rezultat\u0173 rodymu realiuoju laiku pagreitina bandym\u0173 proces\u0105 ir padeda \u012fmon\u0117ms grei\u010diau kontroliuoti kokyb\u0119, nesuma\u017einant tikslumo.<\/li>\n<li><strong>ISO ir tarptautini\u0173 standart\u0173 laikymasis<\/strong>: PST-01 atitinka ISO 3036, TAPPI T803 ir kitus standartus, tod\u0117l u\u017etikrina, kad j\u016bs\u0173 gaminiai atitinka grie\u017etus tarptautinius standartus, o tai didina pasitik\u0117jim\u0105 med\u017eiag\u0173 kokybe.<\/li>\n<\/ul>\n<h3><strong>Kod\u0117l verta rinktis PST-01 atsparumo prad\u016brimams bandymo \u012frang\u0105 ISO 3036 atitik\u010diai u\u017etikrinti<\/strong><\/h3>\n<p>PST-01 yra idealus pasirinkimas \u012fmon\u0117ms, siekian\u010dioms laikytis ISO 3036 standart\u0173, tod\u0117l jis yra pagrindin\u0117 pakuo\u010di\u0173, med\u017eiag\u0173 bandym\u0173 ir produkt\u0173 kokyb\u0117s u\u017etikrinimo priemon\u0117. Pateikdamas tikslius ir nuoseklius atsparumo prad\u016brimui bandym\u0173 rezultatus, PST-01 padeda i\u0161laikyti auk\u0161tus standartus visuose gamybos ir kokyb\u0117s kontrol\u0117s procesuose. D\u0117l savo patvarumo, universalumo ir ISO 3036 standart\u0173 laikymosi jis yra svarbi investicija pramon\u0117s \u0161akose, kuriose daug d\u0117mesio skiriama produkt\u0173 vientisumui.<\/p>\n<h4><strong>Da\u017enai u\u017eduodami klausimai (DUK)<\/strong><\/h4>\n<ol>\n<li><strong>Kokia yra ISO 3036 standarto paskirtis atliekant atsparumo prad\u016brimui bandymus?<\/strong>\n<ul>\n<li>ISO 3036 standarte nurodyti atsparumo prad\u016brimui matavimo metodai, skirti u\u017etikrinti, kad med\u017eiagos atitikt\u0173 ilgaam\u017ei\u0161kumo standartus, b\u016btinus auk\u0161tos kokyb\u0117s pakuot\u0117ms.<\/li>\n<\/ul>\n<\/li>\n<li><strong>Ar PST-01 galima naudoti ne pakavimo med\u017eiagoms?<\/strong>\n<ul>\n<li>Taip, nors PST-01 pirmiausia naudojamas pakuot\u0117ms, juo galima bandyti \u012fvairias med\u017eiagas tokiose srityse kaip medicinos prietaisai, tekstil\u0117 ir elektronika.<\/li>\n<\/ul>\n<\/li>\n<li><strong>Kaip veikia keturi\u0173 pavar\u0173 reguliavimas?<\/strong>\n<ul>\n<li>PST-01 turi keturias pagal med\u017eiagos stiprum\u0105 pasirenkamas pavaras, tod\u0117l galima reguliuoti bandymo diapazon\u0105 nuo ma\u017eesni\u0173 iki didesni\u0173 j\u0117g\u0173, kad rezultatai b\u016bt\u0173 optimal\u016bs.<\/li>\n<\/ul>\n<\/li>\n<li><strong>Koki\u0105 did\u017eiausi\u0105 j\u0117g\u0105 gali i\u0161matuoti PST-01?<\/strong>\n<ul>\n<li>PST-01 gali i\u0161matuoti iki 48 J, tod\u0117l tinka med\u017eiagoms, pasi\u017eymin\u010dioms dideliu atsparumu prad\u016brimui.<\/li>\n<\/ul>\n<\/li>\n<li><strong>Ar PST-01 galima saugoti skaitmeninius duomenis?<\/strong>\n<ul>\n<li>Taip, joje yra duomen\u0173 saugojimo ir spausdinimo galimyb\u0117s, tod\u0117l lengva saugoti tikslius bandym\u0173 \u012fra\u0161us ir analizuoti duomenis laikui b\u0117gant.<\/li>\n<\/ul>\n<\/li>\n<\/ol>","protected":false},"excerpt":{"rendered":"<p>PST-01 atsparumo prad\u016brimams bandymo \u012franga yra pa\u017eangus prietaisas, skirtas taros kartono ir gofruoto kartono med\u017eiag\u0173 ilgaam\u017ei\u0161kumui ir atsparumui prad\u016brimams \u012fvertinti. \u0160iuo bandym\u0173 \u012frankiu matuojama energija, kurios reikia bandiniui pradurti, ir tiksliai \u012fvertinama energija, kurios reikia med\u017eiagai perpl\u0117\u0161ti ir sulenkti. PST-01 padeda u\u017etikrinti, kad pakuot\u0117s ir kitos med\u017eiagos atitikt\u0173 grie\u017etus kokyb\u0117s ir tvirtumo standartus, tod\u0117l idealiai tinka \u012fvairioms pramon\u0117s \u0161akoms, kuriose med\u017eiag\u0173 vientisumas yra labai svarbus.<\/p>","protected":false},"featured_media":6187,"comment_status":"closed","ping_status":"closed","template":"","meta":{"site-sidebar-layout":"default","site-content-layout":"default","ast-global-header-display":"","ast-main-header-display":"","ast-hfb-above-header-display":"","ast-hfb-below-header-display":"","ast-hfb-mobile-header-display":"","site-post-title":"","ast-breadcrumbs-content":"","ast-featured-img":"","footer-sml-layout":"","theme-transparent-header-meta":"default","adv-header-id-meta":"","stick-header-meta":"","header-above-stick-meta":"","header-main-stick-meta":"","header-below-stick-meta":""},"product_cat":[845,1086,958,1087,44,95],"product_tag":[],"class_list":{"0":"post-5286","1":"product","2":"type-product","3":"status-publish","4":"has-post-thumbnail","6":"product_cat-customization","7":"product_cat-iso-3036","8":"product_cat-puncture-tester","9":"product_cat-tappi-t803","10":"product_cat-paper-and-board-testers","11":"product_cat-products","12":"desktop-align-left","13":"tablet-align-left","14":"mobile-align-left","16":"first","17":"instock","18":"shipping-taxable","19":"product-type-simple"},"_links":{"self":[{"href":"https:\/\/www.qualitester.com\/lt\/wp-json\/wp\/v2\/product\/5286","targetHints":{"allow":["GET"]}}],"collection":[{"href":"https:\/\/www.qualitester.com\/lt\/wp-json\/wp\/v2\/product"}],"about":[{"href":"https:\/\/www.qualitester.com\/lt\/wp-json\/wp\/v2\/types\/product"}],"replies":[{"embeddable":true,"href":"https:\/\/www.qualitester.com\/lt\/wp-json\/wp\/v2\/comments?post=5286"}],"version-history":[{"count":0,"href":"https:\/\/www.qualitester.com\/lt\/wp-json\/wp\/v2\/product\/5286\/revisions"}],"wp:featuredmedia":[{"embeddable":true,"href":"https:\/\/www.qualitester.com\/lt\/wp-json\/wp\/v2\/media\/6187"}],"wp:attachment":[{"href":"https:\/\/www.qualitester.com\/lt\/wp-json\/wp\/v2\/media?parent=5286"}],"wp:term":[{"taxonomy":"product_cat","embeddable":true,"href":"https:\/\/www.qualitester.com\/lt\/wp-json\/wp\/v2\/product_cat?post=5286"},{"taxonomy":"product_tag","embeddable":true,"href":"https:\/\/www.qualitester.com\/lt\/wp-json\/wp\/v2\/product_tag?post=5286"}],"curies":[{"name":"wp","href":"https:\/\/api.w.org\/{rel}","templated":true}]}}