{"id":5281,"date":"2024-11-08T10:06:22","date_gmt":"2024-11-08T02:06:22","guid":{"rendered":"https:\/\/www.qualitester.com\/?post_type=product&#038;p=5281"},"modified":"2024-12-05T10:26:34","modified_gmt":"2024-12-05T02:26:34","slug":"sale-paper-board-thickness-tester","status":"publish","type":"product","link":"https:\/\/www.qualitester.com\/lt\/produktas-2\/sale-paper-board-thickness-tester\/","title":{"rendered":"PBT-01 Popieriaus kartono storio testeris"},"content":{"rendered":"<h2><strong>Popieriaus kartono storio testeris \u012evadas<\/strong><\/h2>\n<p>Svetain\u0117 <strong>PBT-01 Popieriaus kartono storio testeris<\/strong> yra pa\u017eangus, labai tikslus prietaisas, specialiai sukurtas atskir\u0173 gofruoto kartono lak\u0161t\u0173 storiui matuoti. \u0160is prietaisas atlieka svarb\u0173 vaidmen\u012f atliekant pakavimo med\u017eiag\u0173 kokyb\u0117s kontrol\u0119, nes tiksl\u016bs storio matavimai yra labai svarb\u016bs nustatant pakavimo d\u0117\u017ei\u0173 ir kit\u0173 pakavimo sprendim\u0173 gamybai naudojamo plau\u0161\u0173 pluo\u0161to ilgaam\u017ei\u0161kum\u0105 ir tvirtum\u0105. PBT-01 tinka vis\u0173 tip\u0173 gofruotojo kartono med\u017eiagoms, tod\u0117l u\u017etikrina, kad pakavimo med\u017eiagos atitikt\u0173 grie\u017etus apsaugos ir patikimumo kokyb\u0117s standartus.<\/p>\n<h2><strong>Tikslaus storio matavimo pakuot\u0117se svarba<\/strong><\/h2>\n<p>Tikslus storio matavimas yra labai svarbus pakavimo pramon\u0117je, kur kartono storio pastovumas turi \u012ftakos galutinio gaminio apsaugin\u0117ms savyb\u0117ms ir strukt\u016briniam vientisumui. . <strong>PBT-01 popieriaus kartono storio testeris<\/strong> padeda gamintojams ir kokyb\u0117s kontrol\u0117s specialistams patikrinti, ar kiekvienas lak\u0161tas atitinka tikslius storio reikalavimus, optimizuoja med\u017eiagos savybes ir padeda i\u0161laikyti gaminio kokyb\u0119 gabenimo metu. Patikimas storio matavimas u\u017ekerta keli\u0105 med\u017eiag\u0173 \u0161vaistymui, sustiprina pakuot\u0117s stabilum\u0105 ir u\u017etikrina pakuo\u010di\u0173 kokyb\u0117s atitikt\u012f teis\u0117s akt\u0173 reikalavimams.<\/p>\n<h2><strong>Popieriaus kartono storio testerio bandymo principas ir metodika<\/strong><\/h2>\n<ul>\n<li><strong>Storio matavimo principas<\/strong> PBT-01 matuoja gofruoto kartono stor\u012f, kai kartono m\u0117ginys, veikiamas tam tikros statin\u0117s apkrovos, dedamas tarp dviej\u0173 lygiagre\u010di\u0173 apskrit\u0173 spaudimo pavir\u0161i\u0173. Atliekant \u0161\u012f itin tiksl\u0173 bandym\u0105 taikomas reikiamas sl\u0117gis, kad kartono storis b\u016bt\u0173 u\u017efiksuotas neprilygstamu tikslumu.<\/li>\n<li><strong>I\u0161st\u016bmimo storio bandymo metodas<\/strong> Naudojant storio matavimo metod\u0105, PBT-01 naudojamas vienas fiksuotas pavir\u0161ius (priekalas) ir judantis pavir\u0161ius, kuris matuojant stor\u012f veikia vienod\u0105 sl\u0117g\u012f. Judamasis pavir\u0161ius veikia pastoviu 20 kPa \u00b1 0,5 kPa sl\u0117giu, tod\u0117l rezultatai yra tiksl\u016bs ir atkuriami. Prietaisu galima matuoti 0-20 mm stor\u012f, jo skiriamoji geba - 0,001 mm, tod\u0117l jis patikimai tinka tiek standartiniams, tiek specializuotiems bandymams.<\/li>\n<\/ul>\n<h2><strong>Priemon\u0117s strukt\u016bra ir technin\u0117s specifikacijos<\/strong><\/h2>\n<ul>\n<li><strong>Spaudimo pavir\u0161iai ir s\u0105ly\u010dio plotas<\/strong> PBT-01 du apval\u016bs sl\u0117gio pavir\u0161iai yra suprojektuoti taip, kad b\u016bt\u0173 u\u017etikrintas optimalus tikslumas. Ankovija nejuda, o antrasis pavir\u0161ius juda statmenai, kad sl\u0117gis b\u016bt\u0173 daromas tolygiai nuo 2 mm\/s iki 3 mm\/s grei\u010diu. Apskrit\u0173 spaudimo pavir\u0161i\u0173 skersmuo yra 35,7 mm \u00b1 0,3 mm, o kontaktinis plotas - 1000 mm\u00b2 \u00b1 20 mm\u00b2. Tokia konfig\u016bracija u\u017etikrina, kad bandomasis sl\u0117gis pasiskirsto tolygiai, tod\u0117l storio rodmenys yra tiksl\u016bs.<\/li>\n<li><strong>Technin\u0117s savyb\u0117s<\/strong> PBT-01 popieriaus kartono storio testeris turi svarbiausias technines savybes:<br \/>\n<table>\n<tbody>\n<tr>\n<td width=\"220\">Bandym\u0173 diapazonas<\/td>\n<td width=\"110\">0\uff5e20 mm<\/td>\n<\/tr>\n<tr>\n<td width=\"220\">Rezoliucija<\/td>\n<td width=\"110\">0,001 mm<\/td>\n<\/tr>\n<tr>\n<td width=\"220\">Kontaktin\u0117 sritis<\/td>\n<td width=\"110\">1000\u00b120 mm\u00b2<\/td>\n<\/tr>\n<tr>\n<td width=\"220\">Kontaktinis sl\u0117gis<\/td>\n<td width=\"110\">20\u00b12kPa<\/td>\n<\/tr>\n<tr>\n<td width=\"220\">Pavir\u0161iaus lygiagretumo matavimas<\/td>\n<td width=\"110\">\u22640,035 mm<\/td>\n<\/tr>\n<tr>\n<td width=\"220\">Ekrano klaida<\/td>\n<td width=\"110\">\u00b10.05\uff05<\/td>\n<\/tr>\n<\/tbody>\n<\/table>\n<\/li>\n<\/ul>\n<h2><strong>Atitiktis pramon\u0117s standartams<\/strong><\/h2>\n<p>Popieriaus kartono storio testeris PBT-01 sukurtas pagal pramon\u0117s standartus, taikomus gofruotojo kartono ir pakavimo med\u017eiag\u0173 bandymams, tod\u0117l jis atitinka techninio tikslumo reikalavimus, nustatytus \u0161iose rekomendacijose. \u0160i\u0173 standart\u0173 laikymasis yra b\u016btinas norint atlikti patikimus ir nuoseklius matavimus profesionaliose pakuo\u010di\u0173 srityse, o tai sustiprina testerio vaidmen\u012f u\u017etikrinant kokyb\u0117s kontrol\u0119 ir atitikt\u012f \u012fvairiose pramon\u0117s \u0161akose.<\/p>\n<h2><strong>PBT-01 popieriaus kartono storio testerio privalumai<\/strong><\/h2>\n<p>PBT-01 pasi\u017eymi unikaliais privalumais, kurie j\u012f i\u0161skiria med\u017eiag\u0173 bandym\u0173 srityje:<\/p>\n<ul>\n<li><strong>Didelis tikslumas:<\/strong> D\u0117l 0,001 mm skiriamosios gebos PBT-01 u\u017etikrina labai tikslius matavimus ir patikim\u0105 kokyb\u0117s kontrol\u0119.<\/li>\n<li><strong>\u012evairiapusi\u0161kas pritaikymas:<\/strong> Tinka vis\u0173 tip\u0173 gofruotam kartono pluo\u0161tui, tod\u0117l yra universalus pasirinkimas \u012fvairi\u0173 tip\u0173 pakuot\u0117ms.<\/li>\n<li><strong>Patogus dizainas:<\/strong> Tokios funkcijos, kaip nulin\u0117s reik\u0161m\u0117s atstatymo funkcija ir paprastas maitinimo valdymas, palengvina naudojim\u0105.<\/li>\n<li><strong>Patobulinta kokyb\u0117s kontrol\u0117:<\/strong> U\u017etikrinamas nuoseklus storio matavimas, kad pakuot\u0117 b\u016bt\u0173 patvaresn\u0117 ir b\u016bt\u0173 taupomos med\u017eiagos.<\/li>\n<\/ul>\n<h2><strong>Taikymas \u012fvairiose pramon\u0117s \u0161akose<\/strong><\/h2>\n<p>Popieriaus kartono storio testeris PBT-01 pla\u010diai taikomas \u012fvairiose pramon\u0117s \u0161akose, \u012fskaitant pakavimo, maisto, farmacijos ir kokyb\u0117s tikrinimo agent\u016bras. D\u0117l tiksli\u0173 ir nuosekli\u0173 matavim\u0173 PBT-01 storio matuoklis leid\u017eia bendrov\u0117ms grie\u017etai kontroliuoti pakavimo med\u017eiag\u0173 kokyb\u0119 ir padeda kurti patvarius ir patikimus pakavimo sprendimus \u012fvairiuose sektoriuose.<\/p>\n<h2><strong>Da\u017enai u\u017eduodami klausimai (DUK)<\/strong><\/h2>\n<ol>\n<li><strong>Kas yra gofruotasis kartonas?<\/strong>\n<ul>\n<li>Gofruotasis plau\u0161o kartonas sudarytas i\u0161 vieno ar daugiau lak\u0161t\u0173 gofruoto popieriaus, priklijuoto prie plok\u0161\u010dio kartono lak\u0161to arba tarp keli\u0173 lak\u0161t\u0173. Tai populiari pakavimo med\u017eiaga d\u0117l savo tvirtumo ir sm\u016bgius sugerian\u010di\u0173 savybi\u0173.<\/li>\n<\/ul>\n<\/li>\n<li><strong>K\u0105 rei\u0161kia \u201cgofruoto kartono vieno lak\u0161to storis\u201d?<\/strong>\n<ul>\n<li>Vieno lak\u0161to storis - tai atstumas tarp vieno gofruotojo kartono lak\u0161to pavir\u0161iaus ir prie\u0161ingo pavir\u0161iaus, i\u0161matuotas veikiant tam tikrai statinei apkrovai.<\/li>\n<\/ul>\n<\/li>\n<li><strong>Kaip tiksliai PBT-01 matuoja stor\u012f?<\/strong>\n<ul>\n<li>PBT-01 pasi\u017eymi dideliu tikslumu - jo skiriamoji geba yra 0,001 mm, o tikslumas - \u00b10,05%, tod\u0117l jis yra patikimas pasirinkimas nuosekliems ir atkuriamiems matavimams atlikti.<\/li>\n<\/ul>\n<\/li>\n<li><strong>Kod\u0117l atliekant storio bandymus svarbus kontaktinis sl\u0117gis?<\/strong>\n<ul>\n<li>Testavimo metu taikant vienod\u0105 kontaktin\u012f sl\u0117g\u012f u\u017etikrinama, kad matavimas tiksliai atspind\u0117t\u0173 plok\u0161t\u0117s stor\u012f be suspaudimo svyravim\u0173, tod\u0117l rezultatai yra pakartojami ir patikimi.<\/li>\n<\/ul>\n<\/li>\n<li><strong>Kokioms pramon\u0117s \u0161akoms naudinga naudoti PBT-01 storio tester\u012f?<\/strong>\n<ul>\n<li>PBT-01 yra labai svarbus pakavimo, maisto, farmacijos ir kitoms pramon\u0117s \u0161akoms, kuriose med\u017eiag\u0173 kokyb\u0117 ir pakuot\u0117s patikimumas yra labai svarb\u016bs produkt\u0173 apsaugai ir saugai.<\/li>\n<\/ul>\n<\/li>\n<\/ol>","protected":false},"excerpt":{"rendered":"<p>Svetain\u0117 <strong>PBT-01 Popieriaus kartono storio testeris<\/strong> yra pa\u017eangus, labai tikslus prietaisas, specialiai sukurtas atskir\u0173 gofruoto kartono lak\u0161t\u0173 storiui matuoti. \u0160is prietaisas atlieka svarb\u0173 vaidmen\u012f atliekant pakavimo med\u017eiag\u0173 kokyb\u0117s kontrol\u0119, nes tiksl\u016bs storio matavimai yra labai svarb\u016bs nustatant pakavimo d\u0117\u017ei\u0173 ir kit\u0173 pakavimo sprendim\u0173 gamybai naudojamo plau\u0161\u0173 pluo\u0161to ilgaam\u017ei\u0161kum\u0105 ir tvirtum\u0105. PBT-01 tinka vis\u0173 tip\u0173 gofruotojo kartono med\u017eiagoms, tod\u0117l u\u017etikrina, kad pakavimo med\u017eiagos atitikt\u0173 grie\u017etus apsaugos ir patikimumo kokyb\u0117s standartus.<\/p>","protected":false},"featured_media":6184,"comment_status":"closed","ping_status":"closed","template":"","meta":{"site-sidebar-layout":"default","site-content-layout":"default","ast-global-header-display":"","ast-main-header-display":"","ast-hfb-above-header-display":"","ast-hfb-below-header-display":"","ast-hfb-mobile-header-display":"","site-post-title":"","ast-breadcrumbs-content":"","ast-featured-img":"","footer-sml-layout":"","theme-transparent-header-meta":"default","adv-header-id-meta":"","stick-header-meta":"","header-above-stick-meta":"","header-main-stick-meta":"","header-below-stick-meta":""},"product_cat":[685,845,1149,962,44,160,95],"product_tag":[],"class_list":{"0":"post-5281","1":"product","2":"type-product","3":"status-publish","4":"has-post-thumbnail","6":"product_cat-thickness-tester","7":"product_cat-customization","8":"product_cat-tappi-t437","9":"product_cat-thickness-gauges","10":"product_cat-paper-and-board-testers","11":"product_cat-iso-3034","12":"product_cat-products","13":"desktop-align-left","14":"tablet-align-left","15":"mobile-align-left","17":"first","18":"instock","19":"shipping-taxable","20":"product-type-simple"},"_links":{"self":[{"href":"https:\/\/www.qualitester.com\/lt\/wp-json\/wp\/v2\/product\/5281","targetHints":{"allow":["GET"]}}],"collection":[{"href":"https:\/\/www.qualitester.com\/lt\/wp-json\/wp\/v2\/product"}],"about":[{"href":"https:\/\/www.qualitester.com\/lt\/wp-json\/wp\/v2\/types\/product"}],"replies":[{"embeddable":true,"href":"https:\/\/www.qualitester.com\/lt\/wp-json\/wp\/v2\/comments?post=5281"}],"version-history":[{"count":0,"href":"https:\/\/www.qualitester.com\/lt\/wp-json\/wp\/v2\/product\/5281\/revisions"}],"wp:featuredmedia":[{"embeddable":true,"href":"https:\/\/www.qualitester.com\/lt\/wp-json\/wp\/v2\/media\/6184"}],"wp:attachment":[{"href":"https:\/\/www.qualitester.com\/lt\/wp-json\/wp\/v2\/media?parent=5281"}],"wp:term":[{"taxonomy":"product_cat","embeddable":true,"href":"https:\/\/www.qualitester.com\/lt\/wp-json\/wp\/v2\/product_cat?post=5281"},{"taxonomy":"product_tag","embeddable":true,"href":"https:\/\/www.qualitester.com\/lt\/wp-json\/wp\/v2\/product_tag?post=5281"}],"curies":[{"name":"wp","href":"https:\/\/api.w.org\/{rel}","templated":true}]}}