{"id":5275,"date":"2024-11-08T09:59:06","date_gmt":"2024-11-08T01:59:06","guid":{"rendered":"https:\/\/www.qualitester.com\/?post_type=product&#038;p=5275"},"modified":"2024-12-05T10:22:46","modified_gmt":"2024-12-05T02:22:46","slug":"sale-mit-folding-endurance-tester","status":"publish","type":"product","link":"https:\/\/www.qualitester.com\/lt\/produktas-2\/sale-mit-folding-endurance-tester\/","title":{"rendered":"NZD-01 MIT sulankstomas i\u0161tverm\u0117s testeris"},"content":{"rendered":"<h2>\u012evadas \u012f MIT sulankstom\u0105 i\u0161tverm\u0117s tester\u012f<\/h2>\n<p>\"MIT\" lankstymo patvarumo testeris, konkre\u010diai NZD-01 modelis, yra patikimas ir tikslus prietaisas, skirtas iki 1,25 mm storio lak\u0161tini\u0173 med\u017eiag\u0173, \u012fskaitant popieri\u0173, karton\u0105 ir tabako lak\u0161tus, lankstymo patvarumui \u012fvertinti. Lankstymo patvarumo bandymas yra labai svarbus pramon\u0117s \u0161akose, kuriose med\u017eiagos da\u017enai lenkiamos ir lankstomos, tod\u0117l jis yra labai svarbus kokyb\u0117s kontrol\u0117s \u012frankis pakuo\u010di\u0173, popieriaus ir net tekstil\u0117s bei tabako gamyboje. D\u0117l pa\u017eangi\u0173 NZD-01 MIT lankstymo patvarumo testerio funkcij\u0173 ir tarptautini\u0173 standart\u0173 laikymosi jis yra idealus pasirinkimas gamintojams ir mokslininkams, kurie daugiausia d\u0117mesio skiria med\u017eiag\u0173 patvarumui.<\/p>\n<h2>Kod\u0117l MIT lankstymo i\u0161tverm\u0117s testavimas yra svarbus kokyb\u0117s u\u017etikrinimo srityje<\/h2>\n<p>Lenkimo ilgaam\u017ei\u0161kumas yra esminis rodiklis, rodantis med\u017eiagos geb\u0117jim\u0105 atlaikyti daugkartin\u012f lenkim\u0105 nesuply\u0161tant ir nesusilpn\u0117jant. MIT lankstymo patvarumo testeris rodo tikslias lankstymo patvarumo vertes, atspindin\u010dias med\u017eiagos ilgaam\u017ei\u0161kum\u0105. Med\u017eiagos, kuri\u0173 lankstymo patvarumo vert\u0117s yra didesn\u0117s, yra atsparesn\u0117s lankstymo poveikiui, o tai gali tur\u0117ti didel\u0117s \u012ftakos galutini\u0173 gamini\u0173 eksploatacin\u0117ms savyb\u0117ms ir ilgaam\u017ei\u0161kumui. Naudodami MIT sulenkimo patvarumo tester\u012f, gamintojai gali priimti duomenimis pagr\u012fstus sprendimus rinkdamiesi med\u017eiagas, kurios gerai veiks realiomis s\u0105lygomis.<\/p>\n<h2>ISO 5626 standarto ap\u017evalga: Lankstymo bandym\u0173 nuoseklumo u\u017etikrinimas<\/h2>\n<p>MIT sulankstomasis i\u0161tverm\u0117s testeris atitinka <a href=\"https:\/\/www.iso.org\/standard\/11700.html\" target=\"_blank\" rel=\"noopener nofollow\"><strong>ISO 5626<\/strong><\/a>, Standartas, kuriame apra\u0161ytas popieriaus ir susijusi\u0173 med\u017eiag\u0173 lankstymo patvarumo nustatymo metodas. \u0160is tarptautinis standartas u\u017etikrina bandym\u0173 proced\u016br\u0173 nuoseklum\u0105 \u012fvairiose pramon\u0117s \u0161akose, nustatydamas gaires, kaip paruo\u0161ti bandinius, taikyti lankstymo \u012ftempim\u0105 ir matuoti lankstymo patvarum\u0105. Pagal <a href=\"https:\/\/www.qualitester.com\/lt\/produkto-kategorija-2\/iso\/iso-5626\/\" target=\"_blank\" rel=\"noopener\">ISO 5626<\/a>, bandiniai dukart sulankstomi, kol pasiekia l\u016b\u017eio ta\u0161k\u0105, o rezultatai parodo med\u017eiagos atsparum\u0105 lankstymui. ISO 5626 standartus atitinkantis MIT atsparumo lankstymui testeris MIT Folding Endurance Tester padeda \u012fmon\u0117ms laikytis pasaulini\u0173 bandym\u0173 protokol\u0173 ir i\u0161laikyti auk\u0161tos kokyb\u0117s med\u017eiag\u0173 etalonus.<\/p>\n<h2>MIT sulankstomo i\u0161tverm\u0117s testerio bandymo principai ir veikimas<\/h2>\n<p>Bandymo proced\u016bra pradedama nuo kruop\u0161taus bandinio u\u017espaudimo \u012f sulankstom\u0105sias prietaiso \u017enyples. Bandinys tvirtai laikomas vienoje plok\u0161tumoje ir \u012ftempiamas, paprastai apie 9,81 N j\u0117ga, kuri imituoja realiai med\u017eiag\u0105 veikian\u010dias j\u0117gas. Lankstymo galvut\u0117 juda pirmyn ir atgal, dukart sulenkdama, kol bandinys l\u016b\u017eta. Baigus bandym\u0105, skaitiklis automati\u0161kai sustoja ir u\u017efiksuoja dvigub\u0173 sulenkim\u0173 skai\u010di\u0173, kurio reikia, kad med\u017eiaga l\u016b\u017et\u0173. \u0160is skai\u010dius parodo bandinio atsparum\u0105 sulenkimui ir suteikia svarbi\u0105 informacij\u0105 apie jo patvarum\u0105 veikiant lenkimo \u012ftempiams.<\/p>\n<h2>Pagrindin\u0117s technin\u0117s MIT sulankstomo i\u0161tverm\u0117s testerio savyb\u0117s<\/h2>\n<ul>\n<li><strong>Reguliuojamas sulankstymo greitis:<\/strong> Naudotojai gali nustatyti lankstymo greit\u012f nuo 20 iki 200 dvigub\u0173 lankstym\u0173 per minut\u0119, kad b\u016bt\u0173 galima pritaikyti \u012fvairias med\u017eiagas ir bandymo s\u0105lygas.<\/li>\n<li><strong>Spalvotas jutiklinis ekranas ir mikrospausdintuvas:<\/strong> Jutiklinis ekranas suteikia intuityvi\u0105 naudotojo s\u0105saj\u0105, o integruotas terminis spausdintuvas i\u0161 karto atspausdina bandym\u0173 rezultatus, kad juos b\u016bt\u0173 galima lengvai registruoti.<\/li>\n<li><strong>\u012evairios sulankstomosios galvut\u0117s:<\/strong> Testeris turi kei\u010diam\u0105 sulankstom\u0105j\u0105 galvut\u0119, tod\u0117l yra pakankamai universalus, kad gal\u0117t\u0173 dirbti su \u012fvairiomis skirtingo storio ir savybi\u0173 med\u017eiagomis.<\/li>\n<li><strong>Papildomos specifikacijos:<\/strong> Kiti svarb\u016bs parametrai: 135\u00b0 sulankstymo kampas, sulankstymo ilgaam\u017ei\u0161kumo diapazonas iki 99 999 sulankstym\u0173 ir reguliuojama m\u0117ginio \u012ftempimo j\u0117ga nuo 4,91 N iki 14,72 N, u\u017etikrinanti tikslius ir pakartojamus rezultatus.<\/li>\n<\/ul>\n<h2>Atitiktis papildomiems standartams<\/h2>\n<p>Be ISO 5626 standarto, MIT sulankstomojo atsparumo testeris atitinka \u0161iuos standartus:<\/p>\n<ul>\n<li><strong>TAPPI T511:<\/strong> JAV standartas, skirtas popieriaus ir kartono med\u017eiag\u0173 atsparumui lankstymui \u012fvertinti.<\/li>\n<li><strong>GB\/T 457:<\/strong> Kinijos nacionalinis standartas popieriaus lankstymo atsparumui nustatyti.<\/li>\n<li><strong>QB\/T 1049:<\/strong> Papildomas regioninis standartas, naudojamas med\u017eiag\u0173 bandymams, kai reikia speciali\u0173 kokyb\u0117s u\u017etikrinimo protokol\u0173.<\/li>\n<\/ul>\n<h2>MIT sulankstomo i\u0161tverm\u0117s testerio taikymas<\/h2>\n<ul>\n<li><strong>Pakuo\u010di\u0173 ir popieriaus pramon\u0117:<\/strong> \u0160is testeris pla\u010diai naudojamas pakuo\u010di\u0173 ir popieriaus gamini\u0173 med\u017eiag\u0173 ilgaam\u017ei\u0161kumui vertinti, siekiant u\u017etikrinti, kad jos atitikt\u0173 pramoninius lankstymo patvarumo standartus.<\/li>\n<li><strong>Tabakas ir tekstil\u0117:<\/strong> \u0160is testeris padeda \u012fvertinti plon\u0173, specializuot\u0173 med\u017eiag\u0173, pavyzd\u017eiui, tabako lak\u0161t\u0173 ir tekstil\u0117s gamini\u0173, patvarum\u0105 ir u\u017etikrinti, kad med\u017eiagos i\u0161likt\u0173 vientisos, kai su jomis da\u017enai dirbama.<\/li>\n<li><strong>Mokslini\u0173 tyrim\u0173 ir pl\u0117tros laboratorijos:<\/strong> Mokslini\u0173 tyrim\u0173 ir pl\u0117tros srityje testeris padeda \u012fvertinti med\u017eiagas imituojamomis naudojimo s\u0105lygomis, padeda gamintojams pagerinti gamini\u0173 eksploatacines savybes ir parinkti tinkamiausias med\u017eiagas.<\/li>\n<\/ul>\n<h2>Papildomos konfig\u016bracijos ir priedai<\/h2>\n<p>MIT sulankstomasis i\u0161tverm\u0117s testeris gali b\u016bti pritaikytas su papildomais priedais, kad atitikt\u0173 konkre\u010dius bandym\u0173 reikalavimus:<\/p>\n<ul>\n<li><strong>Nestandartiniai \u017eandikauliai:<\/strong> \u0160ie pritaikomi \u017eandikauliai tinka unikali\u0173 matmen\u0173 ir form\u0173 med\u017eiagoms.<\/li>\n<li><strong>Kalibravimo ir technin\u0117s prie\u017ei\u016bros priemon\u0117s:<\/strong> Svarbiausi priedai, skirti palaikyti geriausi\u0105 prietaiso darbin\u0119 b\u016bkl\u0119 ir u\u017etikrinti nuolatin\u012f bandym\u0173 tikslum\u0105.<\/li>\n<\/ul>\n<h2>MIT sulankstomo i\u0161tverm\u0117s testerio (NZD-01 modelis) technin\u0117s specifikacijos<\/h2>\n<table>\n<tbody>\n<tr>\n<td width=\"349\">Matavimo diapazonas<\/td>\n<td width=\"456\">\u00a01\uff5e99999 kart\u0173<\/td>\n<\/tr>\n<tr>\n<td width=\"349\">Lankstymo i\u0161tverm\u0117 (logaritmas)<\/td>\n<td width=\"456\">\u00a00\uff5e4.99<\/td>\n<\/tr>\n<tr>\n<td width=\"349\">Sulankstymo kampas<\/td>\n<td width=\"456\">\uff08135 \u00b1 2\uff09\u00b0<\/td>\n<\/tr>\n<tr>\n<td width=\"349\">Sulankstymo greitis<\/td>\n<td width=\"456\">\uff08175\u00b110\uff09\u6b21\/\u5206\u949f<\/td>\n<\/tr>\n<tr>\n<td width=\"349\">M\u0117ginio plotis<\/td>\n<td width=\"456\">\uff0815 \u00b1 0,1\uff09Mm<\/td>\n<\/tr>\n<tr>\n<td width=\"349\">\u012etempimo j\u0117ga<\/td>\n<td width=\"456\">\uff084.91\uff5e14.72\uff09N<\/td>\n<\/tr>\n<tr>\n<td width=\"349\">Atlenkimo atidarymo atstumas<\/td>\n<td width=\"456\">0.25mm\/0.50mm\/0.75mm\/1.00mm\/1.25mm\uff08Choose One\uff09<\/td>\n<\/tr>\n<tr>\n<td width=\"349\">Sulenkimo lanko spindulys<\/td>\n<td width=\"456\">\uff080,38\u00b10,02\uff09Mm<\/td>\n<\/tr>\n<tr>\n<td width=\"349\">Ekranas<\/td>\n<td width=\"456\">5 coli\u0173 jutiklinis ekranas<\/td>\n<\/tr>\n<tr>\n<td width=\"349\">Spausdintuvas<\/td>\n<td width=\"456\">Modulinis integruotas terminis spausdintuvas<\/td>\n<\/tr>\n<tr>\n<td width=\"349\">Aplinka<\/td>\n<td width=\"456\">Aplinka\uff0820 \u00b1 10\uff09\u00b0C\uff1bRh \uff1c 85\uff05<\/td>\n<\/tr>\n<tr>\n<td width=\"349\">Maitinimas<\/td>\n<td width=\"456\">AC220v, 50 Hz<\/td>\n<\/tr>\n<\/tbody>\n<\/table>\n<h2>DUK skyrius<\/h2>\n<ol>\n<li><strong>Su kokiomis med\u017eiagomis gali dirbti MIT sulankstomasis i\u0161tverm\u0117s testeris?<\/strong><br \/>\nTesteris tinka plon\u0173 lak\u0161t\u0173 med\u017eiagoms, pavyzd\u017eiui, popieriaus, kartono ir tabako lak\u0161tams, kuri\u0173 storis nevir\u0161ija 1,25 mm.<\/li>\n<li><strong>Kaip prietaisas matuoja lankstymo i\u0161tverm\u0119?<\/strong><br \/>\nBandymo aparatas atlieka dvigub\u0105 sulenkim\u0105, kol bandinys l\u016b\u017eta, ir fiksuoja sulenkim\u0173 skai\u010di\u0173, kuris yra sulenkimo patvarumo rodiklis.<\/li>\n<li><strong>Kaip ISO 5626 yra susij\u0119s su bandymu?<\/strong><br \/>\nISO 5626 nustato standartizuot\u0105 i\u0161tverm\u0117s bandym\u0173 metod\u0105, u\u017etikrinant\u012f nuoseklius ir palyginamus rezultatus \u012fvairiose pramon\u0117s \u0161akose.<\/li>\n<li><strong>Kokioms pramon\u0117s \u0161akoms naudinga naudoti \u0161\u012f tester\u012f?<\/strong><br \/>\nTokiose pramon\u0117s \u0161akose kaip pakavimo, popieriaus gamybos, tekstil\u0117s ir tabako pramon\u0117 \u0161is prietaisas vertingas kokyb\u0117s kontrolei ir med\u017eiag\u0173 bandymams.<\/li>\n<li><strong>Ar galiu pritaikyti sulankstom\u0105j\u0105 galvut\u0119 unikalioms med\u017eiagoms?<\/strong><br \/>\nTaip, galima \u012fsigyti nestandartini\u0173 \u017eiaun\u0173 ir kit\u0173 nestandartini\u0173 konfig\u016bracij\u0173, kad b\u016bt\u0173 galima patenkinti konkre\u010di\u0173 med\u017eiag\u0173 bandym\u0173 poreikius.<\/li>\n<\/ol>","protected":false},"excerpt":{"rendered":"<p>\"MIT\" lankstymo patvarumo testeris, konkre\u010diai NZD-01 modelis, yra patikimas ir tikslus prietaisas, skirtas iki 1,25 mm storio lak\u0161tini\u0173 med\u017eiag\u0173, \u012fskaitant popieri\u0173, karton\u0105 ir tabako lak\u0161tus, lankstymo patvarumui \u012fvertinti. Lankstymo patvarumo bandymas yra labai svarbus pramon\u0117s \u0161akose, kuriose med\u017eiagos da\u017enai lenkiamos ir lankstomos, tod\u0117l jis yra labai svarbus kokyb\u0117s kontrol\u0117s \u012frankis pakuo\u010di\u0173, popieriaus ir net tekstil\u0117s bei tabako gamyboje. D\u0117l pa\u017eangi\u0173 NZD-01 MIT lankstymo patvarumo testerio funkcij\u0173 ir tarptautini\u0173 standart\u0173 laikymosi jis yra idealus pasirinkimas gamintojams ir mokslininkams, kurie daugiausia d\u0117mesio skiria med\u017eiag\u0173 patvarumui.<\/p>","protected":false},"featured_media":6182,"comment_status":"closed","ping_status":"closed","template":"","meta":{"site-sidebar-layout":"default","site-content-layout":"default","ast-global-header-display":"","ast-main-header-display":"","ast-hfb-above-header-display":"","ast-hfb-below-header-display":"","ast-hfb-mobile-header-display":"","site-post-title":"","ast-breadcrumbs-content":"","ast-featured-img":"","footer-sml-layout":"","theme-transparent-header-meta":"default","adv-header-id-meta":"","stick-header-meta":"","header-above-stick-meta":"","header-main-stick-meta":"","header-below-stick-meta":""},"product_cat":[953,956,955,845,1083,1084,1085,44,95],"product_tag":[],"class_list":{"0":"post-5275","1":"product","2":"type-product","3":"status-publish","4":"has-post-thumbnail","6":"product_cat-bursting-tester","7":"product_cat-cobb-tester","8":"product_cat-crush-tester","9":"product_cat-customization","10":"product_cat-iso-5626","11":"product_cat-mit-folding-endurance-tester","12":"product_cat-tappi-t511","13":"product_cat-paper-and-board-testers","14":"product_cat-products","15":"desktop-align-left","16":"tablet-align-left","17":"mobile-align-left","19":"first","20":"instock","21":"shipping-taxable","22":"product-type-simple"},"_links":{"self":[{"href":"https:\/\/www.qualitester.com\/lt\/wp-json\/wp\/v2\/product\/5275","targetHints":{"allow":["GET"]}}],"collection":[{"href":"https:\/\/www.qualitester.com\/lt\/wp-json\/wp\/v2\/product"}],"about":[{"href":"https:\/\/www.qualitester.com\/lt\/wp-json\/wp\/v2\/types\/product"}],"replies":[{"embeddable":true,"href":"https:\/\/www.qualitester.com\/lt\/wp-json\/wp\/v2\/comments?post=5275"}],"version-history":[{"count":0,"href":"https:\/\/www.qualitester.com\/lt\/wp-json\/wp\/v2\/product\/5275\/revisions"}],"wp:featuredmedia":[{"embeddable":true,"href":"https:\/\/www.qualitester.com\/lt\/wp-json\/wp\/v2\/media\/6182"}],"wp:attachment":[{"href":"https:\/\/www.qualitester.com\/lt\/wp-json\/wp\/v2\/media?parent=5275"}],"wp:term":[{"taxonomy":"product_cat","embeddable":true,"href":"https:\/\/www.qualitester.com\/lt\/wp-json\/wp\/v2\/product_cat?post=5275"},{"taxonomy":"product_tag","embeddable":true,"href":"https:\/\/www.qualitester.com\/lt\/wp-json\/wp\/v2\/product_tag?post=5275"}],"curies":[{"name":"wp","href":"https:\/\/api.w.org\/{rel}","templated":true}]}}