{"id":5264,"date":"2024-11-07T10:34:56","date_gmt":"2024-11-07T02:34:56","guid":{"rendered":"https:\/\/www.qualitester.com\/?post_type=product&#038;p=5264"},"modified":"2024-12-05T10:12:50","modified_gmt":"2024-12-05T02:12:50","slug":"sale-paper-core-compression-tester","status":"publish","type":"product","link":"https:\/\/www.qualitester.com\/lt\/produktas-2\/sale-paper-core-compression-tester\/","title":{"rendered":"CST-PC popieriaus \u0161erdies suspaudimo testeris"},"content":{"rendered":"<h2>\u012evadas \u012f popieriaus \u0161erdies suspaudimo tester\u012f<\/h2>\n<p>Svetain\u0117 <strong>Popieriaus \u0161erdies suspaudimo testeris<\/strong> (CST-PC) yra specializuotas prietaisas, skirtas \u012fvairi\u0173 popieriaus gamini\u0173, toki\u0173 kaip popieriniai vamzdeliai, \u0161erdys, kartonin\u0117s d\u0117\u017eut\u0117s, spalvotos d\u0117\u017eut\u0117s ir pad\u0117klai, gniu\u017edymo ir krovimo stiprumui matuoti. \u0160is bandym\u0173 prietaisas yra labai svarbus pramon\u0117s \u0161akose, kuriose reikalingi patvar\u016bs ir patikimi pakavimo sprendimai, nes padeda u\u017etikrinti, kad popieriaus gaminiai atitikt\u0173 auk\u0161tus kokyb\u0117s ir eksploatacini\u0173 savybi\u0173 spaudimo s\u0105lygomis standartus.<\/p>\n<p>Nesvarbu, ar dirbate pakavimo, maisto, medicinos ar farmacijos sektoriuose, naudodami popieriaus \u0161erdies suspaudimo tester\u012f galite patikrinti, ar popieriaus vamzdeliai ar \u0161erdys nesusilankstys veikiant apkrovai, taip apsaugodami viduje esan\u010dius produktus. Be to, bandym\u0173 rezultatai suteikia gamintojams svarbi\u0173 duomen\u0173, leid\u017eian\u010di\u0173 optimizuoti gamini\u0173 dizain\u0105 ir patobulinti gamybos procesus, o tai padeda rasti kokybi\u0161kesnius ir ekonomi\u0161kesnius sprendimus.<\/p>\n<h2>Popieriaus \u0161erdies suspaudimo testerio taikymas<\/h2>\n<p>\u0160is universalus testeris idealiai tinka \u012fvairi\u0173 popieriaus gamini\u0173, \u012fskaitant:<\/p>\n<ul>\n<li><strong>Stiprumo gniu\u017edant bandymas<\/strong>: U\u017etikrina, kad popieriniai vamzdeliai, \u0161erdys ir pana\u0161\u016bs pakavimo komponentai atlaikyt\u0173 reikiam\u0105 sl\u0117gio apkrov\u0105 ir nesideformuot\u0173.<\/li>\n<li><strong>Stov\u0117jimo stiprumo bandymas<\/strong>: Patikrina, ar popieriniai gaminiai, pavyzd\u017eiui, ma\u017eos kartonin\u0117s d\u0117\u017eut\u0117s ir pad\u0117klai, sukrauti \u012f kr\u016bv\u0105 i\u0161laiko vientisum\u0105, kad sand\u0117liuojant ir gabenant nesugri\u016bt\u0173 ar neb\u016bt\u0173 pa\u017eeisti.<\/li>\n<\/ul>\n<p>Atlikdamas \u0161iuos bandymus, popieriaus \u0161erdies suspaudimo testeris padeda gamintojams tobulinti pakuo\u010di\u0173 produktus ir atitikti grie\u017etus pramon\u0117s standartus, ypa\u010d maisto, medicinos ir plataus vartojimo preki\u0173 sektoriuose, kur pakuot\u0117s vientisumas yra gyvybi\u0161kai svarbus.<\/p>\n<h2>Pagrindiniai popieriaus \u0161erdies suspaudimo testerio privalumai ir savyb\u0117s<\/h2>\n<p>CST-PC popieriaus \u0161erdies suspaudimo testeris pasi\u017eymi daugybe funkcij\u0173, sukurt\u0173 siekiant supaprastinti testavimo procesus ir u\u017etikrinti tikslum\u0105 bei patikimum\u0105:<\/p>\n<ul>\n<li><strong>Naudotojui patogus jutiklinio ekrano valdymas<\/strong>: Ai\u0161ki s\u0105saja supaprastina testavim\u0105.<\/li>\n<li><strong>I\u0161pl\u0117stinis mikrokompiuterinis apdorojimas<\/strong>: U\u017etikrinamas automatinis matavimas, rezultat\u0173 interpretavimas ir savigr\u0105\u017eos funkcija, tod\u0117l duomen\u0173 rinkimas ir analiz\u0117 vyksta skland\u017eiai.<\/li>\n<li><strong>Didelio tikslumo jutikliai<\/strong>: I\u0161skirtiniu tikslumu fiksuoja suspaudimo j\u0117g\u0105 ir deformacij\u0105 realiuoju laiku.<\/li>\n<li><strong>Duomen\u0173 valdymas<\/strong>: Prietaise yra \u012fmontuotas terminis mikrospausdintuvas, kuriuo galima gauti momentinius rezultatus ir realiuoju laiku rodyti, sekti ir eksportuoti duomenis.<\/li>\n<li><strong>Patvari konstrukcija su sinchroniniu varikliu<\/strong>: Turi patikim\u0105 pavaros sistem\u0105 su sinchroniniu varikliu ir auk\u0161tos kokyb\u0117s sriegimo sraigtu, tod\u0117l yra ilgaam\u017ei\u0161kesn\u0117 ir i\u0161laiko pastov\u0173 bandymo greit\u012f.<\/li>\n<\/ul>\n<p>D\u0117l \u0161i\u0173 savybi\u0173 popieriaus \u0161erdies suspaudimo testeris yra patikimas ir universalus kokyb\u0117s kontrol\u0117s \u012frankis, tinkamas da\u017enai ir labai tiksliai atlikti bandymus pramonin\u0117je aplinkoje.<\/p>\n<h2>Bandymo principas ir metodika<\/h2>\n<p>Siekiant u\u017etikrinti tikslius ir pakartojamus rezultatus, bandym\u0173 procesas vykdomas pagal nuosekli\u0105 metodik\u0105:<\/p>\n<ul>\n<li><strong>M\u0117ginio paruo\u0161imas<\/strong>: Kiekvienas popierinis vamzdelis ar \u0161erdis kruop\u0161\u010diai paruo\u0161iami ir dedami ant testerio, kad b\u016bt\u0173 u\u017etikrintas stabilumas ir tolygus sl\u0117gio pasiskirstymas, atitinkantis pramon\u0117s standartus.<\/li>\n<li><strong>Testavimo proced\u016bra<\/strong>: Vir\u0161utin\u0117 testerio plok\u0161tel\u0117 pastoviu grei\u010diu veikia popieriaus vamzdel\u012f kontroliuojama vertikalia j\u0117ga. Testeris, kuriame \u012frengtas didelio tikslumo jutiklis, fiksuoja ir \u012fra\u0161o suspaudimo duomenis, atskleid\u017eian\u010dius mechanin\u0119 bandinio reakcij\u0105 \u012f sl\u0117g\u012f. \u0160ie duomenys suteikia patikim\u0105 pagrind\u0105 gniu\u017edymo stiprumui nustatyti ir gaminio ilgaam\u017ei\u0161kumui \u012fvertinti.<\/li>\n<\/ul>\n<h2>Atitiktis ISO standartams: ISO 12048, ISO 2872, ISO 2874<\/h2>\n<p>Norint u\u017etikrinti, kad pakavimo med\u017eiagos atitikt\u0173 pasaulinius kokyb\u0117s standartus, labai svarbu laikytis ISO standart\u0173. Popieriaus \u0161erdies suspaudimo testeris atitinka kelis pagrindinius ISO standartus, tod\u0117l naudotojai gali b\u016bti tikri, kad jo bandymai bus patikimi:<\/p>\n<ul>\n<li><a href=\"https:\/\/www.iso.org\/standard\/20810.html\" target=\"_blank\" rel=\"noopener nofollow\"><strong>ISO 12048<\/strong><\/a>: \u0160is standartas nustato transportini\u0173 pakuo\u010di\u0173 gniu\u017edymo ir krovimo bandym\u0173 metodus, kuriais \u012fvertinamos j\u0173 konstrukcin\u0117s savyb\u0117s, siekiant u\u017etikrinti produkt\u0173 saug\u0105.<\/li>\n<li><a href=\"https:\/\/www.iso.org\/standard\/7890.html\" target=\"_blank\" rel=\"noopener nofollow\"><strong>ISO 2872<\/strong><\/a>: \u0160iame standarte, skirtame kartono ir popieriaus pakuot\u0117ms, apibr\u0117\u017eiamos gniu\u017edymo bandym\u0173 proced\u016bros, skirtos pakuot\u0117s stiprumui sand\u0117liavimo metu nustatyti.<\/li>\n<li><a href=\"https:\/\/www.iso.org\/standard\/7894.html\" target=\"_blank\" rel=\"noopener nofollow\"><strong>ISO 2874<\/strong><\/a>: \u0160iame standarte apra\u0161omi visi\u0161kai supakuot\u0173 transporto pakuo\u010di\u0173 krovimo bandym\u0173 reikalavimai, kurie yra b\u016btini norint patvirtinti, kad produktai gali atlaikyti krovinius, sud\u0117tus vienas ant kito platinimo metu.<\/li>\n<\/ul>\n<p>\u0160iuose standartuose nustatyti vienodi bandym\u0173 kriterijai, u\u017etikrinantys, kad popieriaus \u0161erdies suspaudimo testerio duomenys b\u016bt\u0173 tiksl\u016bs, pakartojami ir atitikt\u0173 geriausi\u0105 tarptautin\u0119 pakuo\u010di\u0173 kokyb\u0117s praktik\u0105.<\/p>\n<h2>Kod\u0117l ISO standartai svarb\u016bs atliekant suspaudimo bandymus<\/h2>\n<p>ISO standart\u0173 laikymasis, pvz. <a href=\"https:\/\/www.qualitester.com\/lt\/produkto-kategorija-2\/iso\/iso-12048\/\" target=\"_blank\" rel=\"noopener\">ISO 12048<\/a>, <a href=\"https:\/\/www.qualitester.com\/lt\/produkto-kategorija-2\/iso\/iso-2872\/\" target=\"_blank\" rel=\"noopener\">ISO 2872<\/a>, ir <a href=\"https:\/\/www.qualitester.com\/lt\/produkto-kategorija-2\/iso\/iso-2874\/\" target=\"_blank\" rel=\"noopener\">ISO 2874<\/a> yra labai svarbus siekiant u\u017etikrinti pakuo\u010di\u0173 kokyb\u0119 ir saug\u0105. Laikydamiesi \u0161i\u0173 standart\u0173, gamintojai ir kokyb\u0117s kontrol\u0117s specialistai u\u017etikrina, kad pakavimo produktai atlaikyt\u0173 sand\u0117liavimo ir gabenimo sunkumus ir nepakenkt\u0173 turinio saugai. Popieriaus \u0161erdies suspaudimo testerio atitikimas \u0161iems standartams leid\u017eia gamintojams patenkinti tiek teis\u0117s akt\u0173 reikalavimus, tiek klient\u0173 l\u016bkes\u010dius d\u0117l patikim\u0173 pakuo\u010di\u0173 savybi\u0173.<\/p>\n<h2>Popieriaus \u0161erdies suspaudimo testerio technin\u0117s specifikacijos<\/h2>\n<p>CST-PC si\u016blo tikslius ir patikimus bandymus d\u0117l pa\u017eangi\u0173 technini\u0173 specifikacij\u0173:<\/p>\n<ul>\n<li><strong>Suspaudimo j\u0117gos diapazonas<\/strong>: Gali dirbti su \u012fvairiomis j\u0117gos lygiais, kad b\u016bt\u0173 galima pritaikyti skirtingo stiprumo med\u017eiagoms.<\/li>\n<li><strong>Did\u017eiausias apkrovos paj\u0117gumas<\/strong>: U\u017etikrinamas pakankamas paj\u0117gumas, kad b\u016bt\u0173 galima atlikti patikimus \u012fvairi\u0173 popieriaus gamini\u0173 bandymus.<\/li>\n<li><strong>Didelio tikslumo lygiai<\/strong>: Atliekami tiksl\u016bs j\u0117gos matavimai, suma\u017einama paklaida ir padidinamas bandym\u0173 patikimumas.<\/li>\n<li><strong>Matavimo vienetai ir grei\u010dio valdymas<\/strong>: Suteikiama lanks\u010di\u0173 galimybi\u0173 valdyti bandymo greit\u012f ir matavimo vienetus, kad jie atitikt\u0173 konkre\u010dius standartus ir med\u017eiagas.<\/li>\n<\/ul>\n<p>\u0160ios specifikacijos prisideda prie bendro prietaiso tikslumo, ilgaam\u017ei\u0161kumo ir patogumo naudoti, tod\u0117l jis yra labai svarbus kokyb\u0117s u\u017etikrinimo \u012frankis atliekant pakavimo med\u017eiag\u0173 bandymus.<\/p>\n<h2>Da\u017enai u\u017eduodami klausimai (DUK)<\/h2>\n<ol>\n<li><strong>Kokius gaminius galima i\u0161bandyti naudojant popieriaus \u0161erdies suspaudimo tester\u012f?<\/strong>\n<ul>\n<li>\u0160is testeris tinka \u012fvairiems popieriaus gaminiams, \u012fskaitant popierinius vamzd\u017eius, pad\u0117klus, kartonines d\u0117\u017ees ir kitas pakavimo med\u017eiagas, kurioms reikia atlikti gniu\u017edymo ir krovimo stiprumo bandymus.<\/li>\n<\/ul>\n<\/li>\n<li><strong>Kaip popieriaus \u0161erdies suspaudimo testeris u\u017etikrina tikslum\u0105?<\/strong>\n<ul>\n<li>Prietaise \u012frengti didelio tikslumo jutikliai ir sinchroninis variklis, kuris u\u017etikrina nuosekl\u0173 sl\u0117gio veikim\u0105, tod\u0117l gaunami patikimi duomenys, reikalingi tiksliam veikimo \u012fvertinimui.<\/li>\n<\/ul>\n<\/li>\n<li><strong>Kod\u0117l ISO 12048, ISO 2872 ir ISO 2874 standartai yra svarb\u016bs?<\/strong>\n<ul>\n<li>\u0160iuose standartuose apibr\u0117\u017eiami suspaudimo ir krovimo bandym\u0173 metodai, padedantys gamintojams patvirtinti, kad j\u0173 pakuot\u0117s atitinka pramon\u0117je pripa\u017eintus kokyb\u0117s ir saugos standartus.<\/li>\n<\/ul>\n<\/li>\n<li><strong>Ar galima pritaikyti popieriaus \u0161erdies suspaudimo tester\u012f unikaliems bandym\u0173 poreikiams?<\/strong>\n<ul>\n<li>Taip, si\u016blome pritaikymo galimybes, kad atitiktume konkre\u010dius bandym\u0173 reikalavimus ir unikalius pritaikymus \u012fvairiose pramon\u0117s \u0161akose.<\/li>\n<\/ul>\n<\/li>\n<li><strong>Kaip renkami ir saugomi duomenys bandym\u0173 metu?<\/strong>\n<ul>\n<li>Testerio mikrokompiuterin\u0117 sistema duomenis fiksuoja realiuoju laiku, yra galimyb\u0117 juos i\u0161 karto atspausdinti integruotu terminiu spausdintuvu, taip pat eksportuoti ir sekti rezultatus, kad juos b\u016bt\u0173 galima lengvai analizuoti ir dokumentuoti.<\/li>\n<\/ul>\n<\/li>\n<\/ol>","protected":false},"excerpt":{"rendered":"<p>Svetain\u0117 <strong>Popieriaus \u0161erdies suspaudimo testeris<\/strong> (CST-PC) yra specializuotas prietaisas, skirtas \u012fvairi\u0173 popieriaus gamini\u0173, toki\u0173 kaip popieriniai vamzdeliai, \u0161erdys, kartonin\u0117s d\u0117\u017eut\u0117s, spalvotos d\u0117\u017eut\u0117s ir pad\u0117klai, gniu\u017edymo ir krovimo stiprumui matuoti. \u0160is bandym\u0173 prietaisas yra labai svarbus pramon\u0117s \u0161akose, kuriose reikalingi patvar\u016bs ir patikimi pakavimo sprendimai, nes padeda u\u017etikrinti, kad popieriaus gaminiai atitikt\u0173 auk\u0161tus kokyb\u0117s ir eksploatacini\u0173 savybi\u0173 spaudimo s\u0105lygomis standartus.<\/p>","protected":false},"featured_media":6178,"comment_status":"closed","ping_status":"closed","template":"","meta":{"site-sidebar-layout":"default","site-content-layout":"default","ast-global-header-display":"","ast-main-header-display":"","ast-hfb-above-header-display":"","ast-hfb-below-header-display":"","ast-hfb-mobile-header-display":"","site-post-title":"","ast-breadcrumbs-content":"","ast-featured-img":"","footer-sml-layout":"","theme-transparent-header-meta":"default","adv-header-id-meta":"","stick-header-meta":"","header-above-stick-meta":"","header-main-stick-meta":"","header-below-stick-meta":""},"product_cat":[845,953,956,955,1065,1067,1066,965,954,957,958,952,959,44,95],"product_tag":[],"class_list":{"0":"post-5264","1":"product","2":"type-product","3":"status-publish","4":"has-post-thumbnail","6":"product_cat-customization","7":"product_cat-bursting-tester","8":"product_cat-cobb-tester","9":"product_cat-crush-tester","10":"product_cat-iso-12048","11":"product_cat-iso-2872","12":"product_cat-iso-2874","13":"product_cat-package-compression-tester","14":"product_cat-paper-tear-tester","15":"product_cat-plybond-tester","16":"product_cat-puncture-tester","17":"product_cat-rub-tester","18":"product_cat-stiffness-tester","19":"product_cat-paper-and-board-testers","20":"product_cat-products","21":"desktop-align-left","22":"tablet-align-left","23":"mobile-align-left","25":"first","26":"instock","27":"shipping-taxable","28":"product-type-simple"},"_links":{"self":[{"href":"https:\/\/www.qualitester.com\/lt\/wp-json\/wp\/v2\/product\/5264","targetHints":{"allow":["GET"]}}],"collection":[{"href":"https:\/\/www.qualitester.com\/lt\/wp-json\/wp\/v2\/product"}],"about":[{"href":"https:\/\/www.qualitester.com\/lt\/wp-json\/wp\/v2\/types\/product"}],"replies":[{"embeddable":true,"href":"https:\/\/www.qualitester.com\/lt\/wp-json\/wp\/v2\/comments?post=5264"}],"version-history":[{"count":0,"href":"https:\/\/www.qualitester.com\/lt\/wp-json\/wp\/v2\/product\/5264\/revisions"}],"wp:featuredmedia":[{"embeddable":true,"href":"https:\/\/www.qualitester.com\/lt\/wp-json\/wp\/v2\/media\/6178"}],"wp:attachment":[{"href":"https:\/\/www.qualitester.com\/lt\/wp-json\/wp\/v2\/media?parent=5264"}],"wp:term":[{"taxonomy":"product_cat","embeddable":true,"href":"https:\/\/www.qualitester.com\/lt\/wp-json\/wp\/v2\/product_cat?post=5264"},{"taxonomy":"product_tag","embeddable":true,"href":"https:\/\/www.qualitester.com\/lt\/wp-json\/wp\/v2\/product_tag?post=5264"}],"curies":[{"name":"wp","href":"https:\/\/api.w.org\/{rel}","templated":true}]}}