{"id":5254,"date":"2024-11-07T09:31:49","date_gmt":"2024-11-07T01:31:49","guid":{"rendered":"https:\/\/www.qualitester.com\/?post_type=product&#038;p=5254"},"modified":"2024-12-05T10:01:46","modified_gmt":"2024-12-05T02:01:46","slug":"sale-bursting-strength-tester","status":"publish","type":"product","link":"https:\/\/www.qualitester.com\/lt\/produktas-2\/sale-bursting-strength-tester\/","title":{"rendered":"Ply\u0161imo stiprumo testeris"},"content":{"rendered":"<p>Svetain\u0117 <strong>Ply\u0161imo stiprumo testeris<\/strong> yra labai svarbi priemon\u0117 popieriaus ir kartono med\u017eiag\u0173 strukt\u016briniam vientisumui ir ilgaam\u017ei\u0161kumui \u012fvertinti. \u0160is testeris, skirtas \u012fvertinti did\u017eiausi\u0105 j\u0117g\u0105, kuri\u0105 \u0161ios med\u017eiagos gali atlaikyti prie\u0161 \u012ftr\u016bkim\u0105, pla\u010diai naudojamas pakavimo, gamybos ir kokyb\u0117s kontrol\u0117s srityse. \u0160\u012f prietais\u0105 galima naudoti nuo lengvo popieriaus iki sunkaus kartono. <strong>Ply\u0161imo stiprumo testeris<\/strong> u\u017etikrina, kad med\u017eiagos atitikt\u0173 grie\u017etus eksploatacini\u0173 savybi\u0173, patiriam\u0173 veikiant apkrovai, standartus, tod\u0117l yra nepakei\u010diamas pramon\u0117s \u0161akose, kuriose svarbiausia tvirtumas ir ilgaam\u017ei\u0161kumas.<\/p>\n<h3>Ply\u0161imo stiprumo testerio taikymo sritys<\/h3>\n<p>Atliekant atsparumo tr\u016bkimui bandymus matuojamas med\u017eiagos geb\u0117jimas atlaikyti tr\u016bkim\u0105 arba ply\u0161im\u0105 veikiant i\u0161orin\u0117ms j\u0117goms. \u0160i savyb\u0117 labai svarbi <strong>popierius, kartonas ir pakavimo med\u017eiagos.<\/strong>, ypa\u010d atsi\u017evelgiant \u012f <strong>gabenimas ir saugojimas<\/strong>. Nustatydamos silpn\u0105sias vietas prie\u0161 prad\u0117damos naudoti med\u017eiagas, \u012fmon\u0117s gali i\u0161vengti brangiai kainuojan\u010di\u0173 pa\u017eeidim\u0173 ir u\u017etikrinti saug\u0173 produkt\u0173 gabenim\u0105. Gamintojams \u0161is bandymas suteikia informacijos apie med\u017eiag\u0173 kokyb\u0119 ir padeda projektuoti pakuotes, tod\u0117l padid\u0117ja j\u0173 ilgaam\u017ei\u0161kumas ir suma\u017e\u0117ja pa\u017eeidim\u0173 ve\u017eant rizika.<\/p>\n<h3>Pagrindin\u0117s tr\u016bkimo stiprumo testerio savyb\u0117s<\/h3>\n<ul>\n<li><strong>Hidraulinio sl\u0117gio bandymas:<\/strong> Bandymo \u012frenginys naudoja hidraulin\u012f sl\u0117g\u012f, kad bandin\u012f veikt\u0173 j\u0117ga, tod\u0117l galima labai tiksliai i\u0161matuoti atsparum\u0105 ply\u0161imui.<\/li>\n<li><strong>Platus bandym\u0173 diapazonas:<\/strong> Juo galima i\u0161bandyti plat\u0173 spektr\u0105 med\u017eiag\u0173 - nuo lengvo popieriaus iki kiet\u0173 plau\u0161o plok\u0161\u010di\u0173, kuri\u0173 ply\u0161imo stipris svyruoja nuo <strong>nuo 70 kPa iki 5500 kPa<\/strong>.<\/li>\n<li><strong>Tikslumas ir patikimumas:<\/strong> Pa\u017eangiais sl\u0117gio jutikliais apr\u016bpintas tr\u016bkimo stiprumo testeris u\u017etikrina patikimus ir pakartojamus rezultatus, tod\u0117l kokyb\u0117s kontrol\u0117 yra labai tiksli.<\/li>\n<\/ul>\n<h3>Plok\u0161t\u0117s tr\u016bkimo testeris: Lent\u0173 strukt\u016brinio stiprumo u\u017etikrinimas<\/h3>\n<p>Svetain\u0117 <strong>BNP-01 Plok\u0161t\u0117s tr\u016bkimo testeris<\/strong> yra specialiai sukurta lent\u0173 med\u017eiagoms, pvz. <strong>gofruotas ir kietas plau\u0161o kartonas<\/strong>. Gali matuoti med\u017eiagas, kuri\u0173 ply\u0161imo stipris yra nuo <strong>Nuo 350 kPa iki 5500 kPa<\/strong>, \u0161is testeris atitinka reiklius pakavimo ir transportavimo sektori\u0173 poreikius. \u012evertin\u0119s med\u017eiagos atsparum\u0105, jis leid\u017eia gamintojams garantuoti, kad j\u0173 pakavimo med\u017eiagos atlaikys spaudim\u0105, su kuriuo susiduriama jas tvarkant ir gabenant. \u0160is testeris atitinka pagrindinius pramon\u0117s standartus, \u012fskaitant:<\/p>\n<ul>\n<li><strong><a href=\"https:\/\/www.iso.org\/standard\/61488.html\" target=\"_blank\" rel=\"noopener nofollow\">ISO 2759<\/a>:<\/strong> Tarptautiniu mastu pripa\u017eintame ISO 2759 standarte, skirtame plok\u0161\u010di\u0173 stiprumui \u012fvertinti, nustatytos plok\u0161t\u0117s med\u017eiag\u0173 atsparumo ply\u0161imui vertinimo gair\u0117s, u\u017etikrinan\u010dios visuotin\u0119 kokyb\u0117s atitikt\u012f.<\/li>\n<li><strong>TAPPI T810 ir TAPPI T807:<\/strong> \u0160ie standartai apima pluo\u0161tinio ir gofruotojo kartono ply\u0161imo bandymus, kurie leid\u017eia u\u017etikrinti nuosekli\u0105 kokyb\u0119 visose partijose ir pakuo\u010di\u0173 med\u017eiag\u0173 saugum\u0105 gabenant.<\/li>\n<\/ul>\n<h3>Popieriaus ply\u0161imo testeris: Optimizuotas lengvoms med\u017eiagoms<\/h3>\n<p>Popierin\u0117ms parai\u0161koms <strong>ZNP-01 popieriaus ply\u0161imo testeris<\/strong> yra idealus pasirinkimas, nes juo galima i\u0161bandyti med\u017eiagas, kuri\u0173 tr\u016bkimo stipris svyruoja nuo <strong>nuo 70 kPa iki 1400 kPa<\/strong>. \u0160is testeris tinka lengvesn\u0117ms med\u017eiagoms, pvz., popieriui ir plonam kartonui, tod\u0117l yra naudingas tais atvejais, kai labai svarbus med\u017eiagos lankstumas. ZNP-01 atitinka tokius standartus kaip:<\/p>\n<ul>\n<li><strong><a href=\"https:\/\/www.qualitester.com\/lt\/produkto-kategorija-2\/iso\/iso-5627\/\" target=\"_blank\" rel=\"noopener\">ISO 2758<\/a>:<\/strong> \u0160is standartas reglamentuoja popierini\u0173 med\u017eiag\u0173 atsparumo tr\u016bkimui bandymus ir u\u017etikrina, kad rezultatai atitikt\u0173 tarptautinius standartus.<\/li>\n<li><strong>TAPPI T403 ir ASTM D774:<\/strong> Abiejuose standartuose pateikiami popieriaus stiprumo vertinimo metodai, o ASTM D774 standarte daugiausia d\u0117mesio skiriama lengvam, didelio atsparumo popieriui.<\/li>\n<\/ul>\n<p>\u0160iais standartais u\u017etikrinama, kad pakuot\u0117ms ir spaudai naudojamos med\u017eiagos atitikt\u0173 produkt\u0173 saugai ir kokybei u\u017etikrinti reikaling\u0105 patvarum\u0105.<\/p>\n<h3>Bandymo principas<\/h3>\n<p>Atliekant tr\u016bkimo stiprumo bandym\u0105 bandinys u\u017ededamas ant apvalios elastingos diafragmos, kurios kra\u0161tai stand\u017eiai u\u017espaud\u017eiami, o centras laisvai i\u0161sipu\u010dia. Kaip <strong>hidraulinis skystis pumpuojamas pastoviu grei\u010diu.<\/strong>, diafragma pu\u010diama tol, kol bandinys ply\u0161ta. Bandymo prietaisas fiksuoja did\u017eiausi\u0105 sl\u0117g\u012f, pasiekt\u0105 ply\u0161imo metu, kuris parodo med\u017eiagos <strong>sprogimo j\u0117ga<\/strong>. \u0160is bandymo metodas yra labai tikslus, tod\u0117l gamintojai gali nuosekliai \u012fvertinti \u012fvairi\u0173 med\u017eiag\u0173 stiprum\u0105 ir kokyb\u0119.<\/p>\n<h3>Ply\u0161imo stiprumo testerio naudojimo privalumai<\/h3>\n<ul>\n<li><strong>Pakuo\u010di\u0173 kokyb\u0117s u\u017etikrinimas:<\/strong> Testeriu u\u017etikrinama, kad pakavimo med\u017eiagos atlaikyt\u0173 gabenimo ir tvarkymo \u012ftempius ir suma\u017e\u0117t\u0173 pa\u017eeidim\u0173 rizika.<\/li>\n<li><strong>Nuosekl\u016bs gamybos standartai:<\/strong> Reguliariai atlikdami bandymus gamintojai gali palaikyti vienod\u0105 kokyb\u0119 ir greitai spr\u0119sti bet kokias su med\u017eiagos veikimu susijusias problemas.<\/li>\n<li><strong>Pritaikomumas \u012fvairiose pramon\u0117s \u0161akose:<\/strong> \u0160is testeris tinka \u012fvairiems sektoriams, pvz. <strong>medicinos prietaisai, elektronika, tekstil\u0117, pakuot\u0117s ir maistas.<\/strong>, kai ilgaam\u017e\u0117ms med\u017eiagoms keliamas itin svarbus reikalavimas.<\/li>\n<\/ul>\n<h3>Da\u017enai u\u017eduodami klausimai (DUK)<\/h3>\n<ul>\n<li><strong>Koks yra tr\u016bkimo stiprio bandymo tikslas?<\/strong><br \/>\n\u0160iuo bandymu \u012fvertinamas popieriaus ir kartono med\u017eiag\u0173 patvarumas, nustatant did\u017eiausi\u0105 j\u0117g\u0105, kuri\u0105 jos gali atlaikyti prie\u0161 l\u016b\u017edamos. Jis labai svarbus pakuo\u010di\u0173 ir med\u017eiag\u0173 gamybos kokyb\u0117s kontrolei.<\/li>\n<li><strong>Kaip ply\u0161imo stiprumo testeris matuoja med\u017eiagos stiprum\u0105?<\/strong><br \/>\nBandymo \u012frenginys bandin\u012f veikia hidrauliniu sl\u0117giu tol, kol jis ply\u0161ta, o did\u017eiausias sl\u0117gis u\u017eregistruojamas kaip med\u017eiagos ply\u0161imo stipris.<\/li>\n<li><strong>Koki\u0173 tip\u0173 med\u017eiagas galima bandyti?<\/strong><br \/>\n\u0160iuo testeriu galima \u012fvertinti \u012fvairias med\u017eiagas, \u012fskaitant lengv\u0105 popieri\u0173, stor\u0105 karton\u0105, gofruot\u0105j\u012f karton\u0105 ir plau\u0161o plok\u0161t\u0119.<\/li>\n<li><strong>Kod\u0117l ISO 2759 yra svarbus atliekant atsparumo tr\u016bkimui bandymus?<\/strong><br \/>\nISO 2759 yra pasaulinis standartas, kuriuo u\u017etikrinama, kad med\u017eiagos atitikt\u0173 nuoseklius kokyb\u0117s standartus, o tai labai svarbu tarptautiniams gamintojams ir tiek\u0117jams.<\/li>\n<li><strong>Kaip da\u017enai reik\u0117t\u0173 atlikti pakavimo med\u017eiag\u0173 atsparumo tr\u016bkimui bandymus?<\/strong><br \/>\nSiekiant i\u0161laikyti patikimus kokyb\u0117s standartus, rekomenduojama reguliariai atlikti bandymus, ypa\u010d kai kei\u010diasi med\u017eiag\u0173 \u0161altiniai arba gamybos procesai.<\/li>\n<\/ul>","protected":false},"excerpt":{"rendered":"<p>Svetain\u0117 <strong>Ply\u0161imo stiprumo testeris<\/strong> yra labai svarbi priemon\u0117 popieriaus ir kartono med\u017eiag\u0173 strukt\u016briniam vientisumui ir ilgaam\u017ei\u0161kumui \u012fvertinti. \u0160is testeris, skirtas \u012fvertinti did\u017eiausi\u0105 j\u0117g\u0105, kuri\u0105 \u0161ios med\u017eiagos gali atlaikyti prie\u0161 \u012ftr\u016bkim\u0105, pla\u010diai naudojamas pakavimo, gamybos ir kokyb\u0117s kontrol\u0117s srityse. \u0160\u012f prietais\u0105 galima naudoti nuo lengvo popieriaus iki sunkaus kartono. <strong>Ply\u0161imo stiprumo testeris<\/strong> u\u017etikrina, kad med\u017eiagos atitikt\u0173 grie\u017etus eksploatacini\u0173 savybi\u0173, patiriam\u0173 veikiant apkrovai, standartus, tod\u0117l yra nepakei\u010diamas pramon\u0117s \u0161akose, kuriose svarbiausia tvirtumas ir ilgaam\u017ei\u0161kumas.<\/p>","protected":false},"featured_media":6172,"comment_status":"closed","ping_status":"closed","template":"","meta":{"site-sidebar-layout":"default","site-content-layout":"default","ast-global-header-display":"","ast-main-header-display":"","ast-hfb-above-header-display":"","ast-hfb-below-header-display":"","ast-hfb-mobile-header-display":"","site-post-title":"","ast-breadcrumbs-content":"","ast-featured-img":"","footer-sml-layout":"","theme-transparent-header-meta":"default","adv-header-id-meta":"","stick-header-meta":"","header-above-stick-meta":"","header-main-stick-meta":"","header-below-stick-meta":""},"product_cat":[44,1146,953,956,955,1142,1141,954,957,958,952,959,1145,1144,1143,95],"product_tag":[],"class_list":{"0":"post-5254","1":"product","2":"type-product","3":"status-publish","4":"has-post-thumbnail","6":"product_cat-paper-and-board-testers","7":"product_cat-astm-d774","8":"product_cat-bursting-tester","9":"product_cat-cobb-tester","10":"product_cat-crush-tester","11":"product_cat-iso-2758","12":"product_cat-iso-2759","13":"product_cat-paper-tear-tester","14":"product_cat-plybond-tester","15":"product_cat-puncture-tester","16":"product_cat-rub-tester","17":"product_cat-stiffness-tester","18":"product_cat-tappi-t403","19":"product_cat-tappi-t807","20":"product_cat-tappi-t810","21":"product_cat-products","22":"desktop-align-left","23":"tablet-align-left","24":"mobile-align-left","26":"first","27":"instock","28":"shipping-taxable","29":"product-type-simple"},"_links":{"self":[{"href":"https:\/\/www.qualitester.com\/lt\/wp-json\/wp\/v2\/product\/5254","targetHints":{"allow":["GET"]}}],"collection":[{"href":"https:\/\/www.qualitester.com\/lt\/wp-json\/wp\/v2\/product"}],"about":[{"href":"https:\/\/www.qualitester.com\/lt\/wp-json\/wp\/v2\/types\/product"}],"replies":[{"embeddable":true,"href":"https:\/\/www.qualitester.com\/lt\/wp-json\/wp\/v2\/comments?post=5254"}],"version-history":[{"count":0,"href":"https:\/\/www.qualitester.com\/lt\/wp-json\/wp\/v2\/product\/5254\/revisions"}],"wp:featuredmedia":[{"embeddable":true,"href":"https:\/\/www.qualitester.com\/lt\/wp-json\/wp\/v2\/media\/6172"}],"wp:attachment":[{"href":"https:\/\/www.qualitester.com\/lt\/wp-json\/wp\/v2\/media?parent=5254"}],"wp:term":[{"taxonomy":"product_cat","embeddable":true,"href":"https:\/\/www.qualitester.com\/lt\/wp-json\/wp\/v2\/product_cat?post=5254"},{"taxonomy":"product_tag","embeddable":true,"href":"https:\/\/www.qualitester.com\/lt\/wp-json\/wp\/v2\/product_tag?post=5254"}],"curies":[{"name":"wp","href":"https:\/\/api.w.org\/{rel}","templated":true}]}}