{"id":5251,"date":"2024-11-06T13:33:51","date_gmt":"2024-11-06T05:33:51","guid":{"rendered":"https:\/\/www.qualitester.com\/?post_type=product&#038;p=5251"},"modified":"2024-12-05T14:34:45","modified_gmt":"2024-12-05T06:34:45","slug":"sale-cleaning-efficacy-tester-textile","status":"publish","type":"product","link":"https:\/\/www.qualitester.com\/lt\/produktas-2\/sale-cleaning-efficacy-tester-textile\/","title":{"rendered":"CLEAN-EFF01 \u0160luost\u0117s valymo geb\u0117jim\u0173 testas"},"content":{"rendered":"<h3><strong>\u012evadas \u012f valymo efektyvumo tester\u012f<\/strong><\/h3>\n<p>Svetain\u0117 <strong>CLEAN-EFF01 Valymo efektyvumo testeris<\/strong> yra pa\u017eangiausias sprendimas, skirtas \u012fvairi\u0173 valymo med\u017eiag\u0173, \u012fskaitant \u0161luostes, grind\u0173 \u0161luostes, \u0161luostymo skudurus ir kt., valomosioms savyb\u0117ms \u012fvertinti. \u0160i pa\u017eangi priemon\u0117 imituoja realias valymo s\u0105lygas ir suteikia verting\u0173 \u017eini\u0173 apie valymo priemoni\u0173, naudojam\u0173 \u012fvairiems pavir\u0161iams, pavyzd\u017eiui, plytel\u0117ms, medin\u0117ms grindims ir stiklui, valyti, veiksmingum\u0105. Nesvarbu, ar bandote vartotojams skirtas valymo \u0161luostes, ar pramonines \u0161luostymo sistemas, CLEAN-EFF01 si\u016blo i\u0161sam\u0173 ir patikim\u0105 valymo efektyvumo vertinimo metod\u0105.<\/p>\n<h3><strong>Valymo efektyvumo testerio taikymas<\/strong><\/h3>\n<h4><strong>Valymo med\u017eiag\u0173 bandymai<\/strong><\/h4>\n<p>\"CLEAN-EFF01\" valymo efektyvumo testeris yra b\u016btinas gamintojams ir kokyb\u0117s kontrol\u0117s specialistams, dirbantiems tokiose pramon\u0117s \u0161akose kaip nam\u0173 valymas, vie\u0161bu\u010diai, sveikatos prie\u017ei\u016bra ir pramon\u0117. Jis puikiai tinka \u012fvairioms valymo med\u017eiagoms, \u012fskaitant mikropluo\u0161to \u0161luostes, grind\u0173 \u0161luostes ir kitus audini\u0173 pagrindu pagamintus valymo produktus, i\u0161bandyti. Testeris leid\u017eia imituoti tipinius valymo veiksmus, u\u017etikrinant, kad j\u016bs\u0173 valymo produktai efektyviai veikt\u0173 \u012fvairiose aplinkose.<\/p>\n<h4><strong>Pavir\u0161iaus bandymai<\/strong><\/h4>\n<p>\u0160iuo universaliu testeriu galima imituoti \u012fvairi\u0173 pavir\u0161i\u0173 valym\u0105. Jis atkartoja realaus pasaulio pavir\u0161i\u0173, toki\u0173 kaip plytel\u0117s, stiklas ir medis, valymo rezultatus. \u012erenginys leid\u017eia naudotojams i\u0161bandyti valymo med\u017eiagas \u012fvairiomis s\u0105lygomis, u\u017etikrinant, kad jos atitikt\u0173 kokyb\u0117s ir veiksmingumo standartus, reikalingus skirtingiems pavir\u0161iams.<\/p>\n<h4><strong>Pramon\u0117s aktualumas<\/strong><\/h4>\n<p>CLEAN-EFF01 tinka pramon\u0117s \u0161akoms, kuriose valymo efektyvumas yra itin svarbus, pavyzd\u017eiui, svetingumo, maisto gamybos, farmacijos ir sveikatos prie\u017ei\u016bros sektoriuose. Jis idealiai tinka \u012fmon\u0117ms, kurios prie\u0161 platindamos med\u017eiagas turi \u012fvertinti j\u0173 valom\u0105j\u0105 gali\u0105, taip u\u017etikrindamos nuoseklum\u0105 ir patikimum\u0105 galutiniams naudotojams.<\/p>\n<h3><strong>Valymo efektyvumo testerio reik\u0161m\u0117<\/strong><\/h3>\n<h4><strong>Kokyb\u0117s kontrol\u0117s svarba<\/strong><\/h4>\n<p>CLEAN-EFF01 valymo efektyvumo testeris atlieka labai svarb\u0173 vaidmen\u012f kokyb\u0117s kontrol\u0117s procese. Imituodamas real\u0173 valymo med\u017eiag\u0173 naudojim\u0105, jis leid\u017eia gamintojams tiksliai \u012fvertinti savo produkt\u0173 valymo veiksmingum\u0105. \u0160is procesas padeda gerinti valymo med\u017eiag\u0173 kokyb\u0119, u\u017etikrinant, kad jos atitikt\u0173 pramon\u0117s standartus d\u0117l veiksmingumo ir ilgaam\u017ei\u0161kumo.<\/p>\n<h4><strong>Gamybos ir pl\u0117tros gerinimas<\/strong><\/h4>\n<p>Naudodami CLEAN-EFF01, gamintojai gali tobulinti produkt\u0173 k\u016brim\u0105, nes gauna verting\u0173 \u017eini\u0173 apie tai, kaip \u012fvairios valymo med\u017eiagos veikia standartizuotomis bandymo s\u0105lygomis. \u0160i gr\u012f\u017etamoji informacija padeda optimizuoti produkt\u0173 formules, tobulinti dizain\u0105 ir tobulinti valymo procesus. Be to, testeris padeda suma\u017einti darbo s\u0105naudas, nes automatizuoja testavimo proces\u0105 ir u\u017etikrina nuoseklius, pakartojamus rezultatus.<\/p>\n<h3><strong>Bandym\u0173 metodai su CLEAN-EFF01 valymo efektyvumo testeriu<\/strong><\/h3>\n<p>\"CLEAN-EFF01\" naudojama paprasta, bet veiksminga testavimo metodika.<\/p>\n<ol>\n<li><strong>Bandym\u0173 s\u0105ranka<\/strong>: M\u0117ginio valymo \u0161luost\u0117 arba \u0161luost\u0117 yra patikimai pritvirtinta prie aliuminio arba plastiko r\u0117mo. \u0160is r\u0117mas vertikaliai u\u017ededamas ant judriosios testerio rankos.<\/li>\n<li><strong>Valymo veiksm\u0173 imitavimas<\/strong>: Bandinys i\u0161lyginamas, kad jo pavir\u0161ius visi\u0161kai susiliest\u0173 su tiksliniu pavir\u0161iumi, kuris gali b\u016bti i\u0161 toki\u0173 med\u017eiag\u0173 kaip plytel\u0117s, stiklas ar mediena. Operatorius gali rankiniu b\u016bdu reguliuoti taikom\u0105 sl\u0117g\u012f, reguliuoti jud\u0117jimo greit\u012f ir valdyti cikl\u0173 skai\u010di\u0173, kad imituot\u0173 \u012fvairias valymo s\u0105lygas.<\/li>\n<li><strong>Bandym\u0173 ciklai<\/strong>: Atlikus nustatyt\u0105 valymo cikl\u0173 skai\u010di\u0173, m\u0117ginys analizuojamas pagal \u012fvairius veikimo parametrus, pavyzd\u017eiui, pavir\u0161iaus \u0161varum\u0105, nusid\u0117v\u0117jim\u0105 ir veiksmingum\u0105.<\/li>\n<\/ol>\n<h3><strong>Technin\u0117s valymo efektyvumo testerio savyb\u0117s<\/strong><\/h3>\n<ul>\n<li><strong>Valdymo sistema<\/strong>: CLEAN-EFF01 valdomas naudojant pa\u017eang\u0173 PLC (programuojam\u0105j\u012f login\u012f valdikl\u012f) ir patog\u0173 HMI (\u017emogaus ir ma\u0161inos s\u0105sajos) ekran\u0105, tod\u0117l operatoriams lengva nustatyti ir steb\u0117ti bandymus.<\/li>\n<li><strong>Tikslumas ir ilgaam\u017ei\u0161kumas<\/strong>: \"CLEAN-EFF01\" sukurtas taip, kad atlaikyt\u0173 pramonin\u012f naudojim\u0105, turi tvirt\u0105 konstrukcij\u0105, u\u017etikrinan\u010di\u0105 ilgalaik\u012f veikim\u0105. Sistemos konstrukcija u\u017etikrina stabilum\u0105 ilg\u0173 bandym\u0173 cikl\u0173 metu, tod\u0117l kiekvien\u0105 kart\u0105 gaunami labai tiksl\u016bs rezultatai.<\/li>\n<li><strong>Didel\u0117s spartos veikimas<\/strong>: \u012erengtas greitaeigis linijinis kreipiklis, tod\u0117l testeris u\u017etikrina greit\u0105 jud\u0117jim\u0105 ir tiksl\u0173 tikslum\u0105, tod\u0117l per trump\u0105 laik\u0105 gaunami patikimi rezultatai.<\/li>\n<li><strong>Reguliuojami bandymo parametrai<\/strong>:\n<ul>\n<li><strong>Grei\u010dio diapazonas<\/strong>: 1 ~ 27 000 mm\/min (reguliuojama), kad b\u016bt\u0173 galima atlikti \u012fvairius bandymus.<\/li>\n<li><strong>Grei\u010dio tikslumas<\/strong>: 1 mm\/min, kad b\u016bt\u0173 galima labai tiksliai kontroliuoti jud\u0117jim\u0105 ir bandymo s\u0105lygas.<\/li>\n<li><strong>Bandym\u0173 ciklai<\/strong>: Galima atlikti iki 20 000 cikl\u0173 bandymus, kad b\u016bt\u0173 galima \u012fvertinti ilgalaik\u012f valymo med\u017eiag\u0173 veikim\u0105 ir ilgaam\u017ei\u0161kum\u0105.<\/li>\n<li><strong>Perk\u0117limo atstumas<\/strong>: 600 mm u\u017etikrina suderinamum\u0105 su \u012fvairiomis med\u017eiagomis ir bandym\u0173 konfig\u016bracijomis.<\/li>\n<\/ul>\n<\/li>\n<li><strong>Maitinimo \u0161altinis<\/strong>: Testeris veikia su standartiniu 110~220 V maitinimo \u0161altiniu, tod\u0117l j\u012f galima naudoti \u012fvairiuose regionuose ir skirtingose aplinkose.<\/li>\n<\/ul>\n<h3><strong>Pagrindin\u0117s specifikacijos<\/strong><\/h3>\n<table>\n<thead>\n<tr>\n<th><strong>Parametras<\/strong><\/th>\n<th><strong>Vert\u0117<\/strong><\/th>\n<\/tr>\n<\/thead>\n<tbody>\n<tr>\n<td><strong>Greitis<\/strong><\/td>\n<td>1 ~ 27 000 mm\/min (reguliuojamas)<\/td>\n<\/tr>\n<tr>\n<td><strong>Grei\u010dio tikslumas<\/strong><\/td>\n<td>1 mm\/min<\/td>\n<\/tr>\n<tr>\n<td><strong>Bandym\u0173 ciklai<\/strong><\/td>\n<td>1 ~ 20 000 cikl\u0173<\/td>\n<\/tr>\n<tr>\n<td><strong>Perk\u0117limo atstumas<\/strong><\/td>\n<td>600 mm<\/td>\n<\/tr>\n<tr>\n<td><strong>Maitinimo \u012fvestis<\/strong><\/td>\n<td>110~220V<\/td>\n<\/tr>\n<\/tbody>\n<\/table>\n<h3><strong>Kod\u0117l verta rinktis CLEAN-EFF01 valymo efektyvumo tester\u012f?<\/strong><\/h3>\n<p>Svetain\u0117 <strong>CLEAN-EFF01 Valymo efektyvumo testeris<\/strong> sukurtas taip, kad b\u016bt\u0173 galima gauti patikimiausius ir pakartojamus valymo na\u0161umo testavimo rezultatus. D\u0117l savo tikslumo, lankstumo ir ilgaam\u017ei\u0161kumo derinio \u0161is prietaisas yra idealus sprendimas \u012fvairiausioms valymo med\u017eiagoms i\u0161bandyti ir u\u017etikrinti, kad jos atitikt\u0173 b\u016btinus kokyb\u0117s standartus. Patogi vartotojui s\u0105saja, greitaeigis veikimas ir reguliuojami parametrai leid\u017eia atlikti specialiai pritaikytus bandymus, tod\u0117l \u0161is prietaisas tinka \u012fvairioms pramon\u0117s \u0161akoms - nuo vie\u0161bu\u010di\u0173 iki sveikatos prie\u017ei\u016bros ir kit\u0173.<\/p>\n<h3><strong>Pritaikymas pramon\u0117s \u0161akose<\/strong><\/h3>\n<ul>\n<li><strong>Pakuot\u0117<\/strong>: U\u017etikrina, kad pakuot\u0117ms naudojamos valymo med\u017eiagos atitikt\u0173 higienos ir veiksmingumo standartus.<\/li>\n<li><strong>Maistas ir g\u0117rimai<\/strong>: Idealiai tinka valomosioms med\u017eiagoms, naudojamoms maisto perdirbimo ir pakavimo aplinkoje, i\u0161bandyti.<\/li>\n<li><strong>Tekstil\u0117<\/strong>: Vertinamas \u012fvairiose pramon\u0117s \u0161akose naudojam\u0173 tekstil\u0117s pagrindu pagamint\u0173 valymo med\u017eiag\u0173 valymo veiksmingumas.<\/li>\n<li><strong>Vaistai ir sveikatos prie\u017ei\u016bra<\/strong>: Tiria \u0161vari\u0173 patalp\u0173 ir medicinos \u012fstaig\u0173 valymo med\u017eiag\u0173 veiksmingum\u0105.<\/li>\n<\/ul>\n<p>Svetain\u0117 <strong>CLEAN-EFF01 Valymo efektyvumo testeris<\/strong> yra esminis \u012frankis gamintojams ir kokyb\u0117s u\u017etikrinimo komandoms, siekian\u010dioms u\u017etikrinti, kad j\u0173 valymo produktai atitikt\u0173 auk\u0161\u010diausius standartus. Atkartodamas realias valymo s\u0105lygas, testeris pateikia tikslius, pakartojamus rezultatus, kurie padeda gerinti produkt\u0173 kokyb\u0119, ma\u017einti darbo s\u0105naudas ir optimizuoti produkt\u0173 k\u016brim\u0105. Susisiekite su \"Cell Instruments\" ir su\u017einokite daugiau apie tai, kaip CLEAN-EFF01 gali pagerinti j\u016bs\u0173 valymo med\u017eiag\u0173 bandym\u0173 proces\u0105.<\/p>","protected":false},"excerpt":{"rendered":"<p>Svetain\u0117 <strong>CLEAN-EFF01 Valymo efektyvumo testeris<\/strong> yra pa\u017eangiausias sprendimas, skirtas \u012fvairi\u0173 valymo med\u017eiag\u0173, \u012fskaitant \u0161luostes, grind\u0173 \u0161luostes, \u0161luostymo skudurus ir kt., valomosioms savyb\u0117ms \u012fvertinti. \u0160i pa\u017eangi priemon\u0117 imituoja realias valymo s\u0105lygas ir suteikia verting\u0173 \u017eini\u0173 apie valymo priemoni\u0173, naudojam\u0173 \u012fvairiems pavir\u0161iams, pavyzd\u017eiui, plytel\u0117ms, medin\u0117ms grindims ir stiklui, valyti, veiksmingum\u0105. Nesvarbu, ar bandote vartotojams skirtas valymo \u0161luostes, ar pramonines \u0161luostymo sistemas, CLEAN-EFF01 si\u016blo i\u0161sam\u0173 ir patikim\u0105 valymo efektyvumo vertinimo metod\u0105.<\/p>","protected":false},"featured_media":6263,"comment_status":"closed","ping_status":"closed","template":"","meta":{"site-sidebar-layout":"default","site-content-layout":"default","ast-global-header-display":"","ast-main-header-display":"","ast-hfb-above-header-display":"","ast-hfb-below-header-display":"","ast-hfb-mobile-header-display":"","site-post-title":"","ast-breadcrumbs-content":"","ast-featured-img":"","footer-sml-layout":"","theme-transparent-header-meta":"default","adv-header-id-meta":"","stick-header-meta":"","header-above-stick-meta":"","header-main-stick-meta":"","header-below-stick-meta":""},"product_cat":[845,938,683,95],"product_tag":[],"class_list":{"0":"post-5251","1":"product","2":"type-product","3":"status-publish","4":"has-post-thumbnail","6":"product_cat-customization","7":"product_cat-textile-tester","8":"product_cat-coefficient-of-friction-tester","9":"product_cat-products","10":"desktop-align-left","11":"tablet-align-left","12":"mobile-align-left","14":"first","15":"instock","16":"shipping-taxable","17":"product-type-simple"},"_links":{"self":[{"href":"https:\/\/www.qualitester.com\/lt\/wp-json\/wp\/v2\/product\/5251","targetHints":{"allow":["GET"]}}],"collection":[{"href":"https:\/\/www.qualitester.com\/lt\/wp-json\/wp\/v2\/product"}],"about":[{"href":"https:\/\/www.qualitester.com\/lt\/wp-json\/wp\/v2\/types\/product"}],"replies":[{"embeddable":true,"href":"https:\/\/www.qualitester.com\/lt\/wp-json\/wp\/v2\/comments?post=5251"}],"version-history":[{"count":0,"href":"https:\/\/www.qualitester.com\/lt\/wp-json\/wp\/v2\/product\/5251\/revisions"}],"wp:featuredmedia":[{"embeddable":true,"href":"https:\/\/www.qualitester.com\/lt\/wp-json\/wp\/v2\/media\/6263"}],"wp:attachment":[{"href":"https:\/\/www.qualitester.com\/lt\/wp-json\/wp\/v2\/media?parent=5251"}],"wp:term":[{"taxonomy":"product_cat","embeddable":true,"href":"https:\/\/www.qualitester.com\/lt\/wp-json\/wp\/v2\/product_cat?post=5251"},{"taxonomy":"product_tag","embeddable":true,"href":"https:\/\/www.qualitester.com\/lt\/wp-json\/wp\/v2\/product_tag?post=5251"}],"curies":[{"name":"wp","href":"https:\/\/api.w.org\/{rel}","templated":true}]}}