{"id":5218,"date":"2024-11-05T11:57:50","date_gmt":"2024-11-05T03:57:50","guid":{"rendered":"https:\/\/www.qualitester.com\/?post_type=product&#038;p=5218"},"modified":"2025-02-27T14:50:00","modified_gmt":"2025-02-27T06:50:00","slug":"sale-tape-loop-tack-testing-machine","status":"publish","type":"product","link":"https:\/\/www.qualitester.com\/lt\/produktas-2\/sale-tape-loop-tack-testing-machine\/","title":{"rendered":"LTT-01 kilp\u0173 testeris"},"content":{"rendered":"<p data-start=\"157\" data-end=\"663\">Svetain\u0117 <strong data-start=\"161\" data-end=\"188\">LTT-01 kilp\u0173 testeris<\/strong> yra labai svarbus \u012frankis klij\u0173, juost\u0173, etike\u010di\u0173 ir kit\u0173 sl\u0117giui jautri\u0173 med\u017eiag\u0173 lipnumo j\u0117gai matuoti. LTT-01 sukurtas siekiant tikslumo ir patikimumo, jis padeda u\u017etikrinti, kad klijai \u012fvairiomis s\u0105lygomis veikt\u0173 taip, kaip tikimasi. Jis atitinka pripa\u017eintus standartus, pvz. <strong data-start=\"474\" data-end=\"509\">FINAT bandymo metodas Nr. 9 (FTM-9)<\/strong>, <strong data-start=\"511\" data-end=\"532\">PSTC-16 Kilpa Tack<\/strong>, ir <strong data-start=\"538\" data-end=\"552\">ASTM D6195<\/strong>, tod\u0117l jis yra nepakei\u010diamas \u012fvairiose pramon\u0117s \u0161akose - nuo pakavimo ir medicinos prietais\u0173 iki maisto ir vaist\u0173.<\/p>\n<h2>Kilpos testerio bandymo principas<\/h2>\n<p data-start=\"718\" data-end=\"979\">Svetain\u0117 <strong data-start=\"722\" data-end=\"740\">kilpos sukibimo bandymas<\/strong> matuojama j\u0117ga, kurios reikia, kad kilpinis klij\u0173 bandinys atsiskirt\u0173 nuo adherento (paprastai stiklo plok\u0161tel\u0117s) i\u0161 karto po kontakto. \u0160is bandymas labai svarbus norint suprasti, kaip greitai ir stipriai klijai sukimba po pirmojo kontakto.<\/p>\n<p data-start=\"981\" data-end=\"1383\">Naudojant LTT-01, paprastai 25 mm plo\u010dio ir 125 mm ilgio klij\u0173 juostel\u0117 suformuojama \u012f kilp\u0105 ir 300 mm\/min. grei\u010diu dedama ant stiklo plok\u0161tel\u0117s. Kai klijai prisilie\u010dia prie stiklo, tokiu pat grei\u010diu jie i\u0161traukiami ir matuojama did\u017eiausia j\u0117ga, kurios reikia klijams i\u0161traukti. \u0160i j\u0117ga yra \u201ckilpos lipnumas\u201d, kuris yra esminis klij\u0173 tiesioginio sukibimo stiprumo rodiklis.<\/p>\n<h2 data-start=\"4338\" data-end=\"4371\"><strong data-start=\"4342\" data-end=\"4371\">Bandymo metodas ir proced\u016bra<\/strong><\/h2>\n<p data-start=\"4373\" data-end=\"4454\">Svetain\u0117 <strong data-start=\"4377\" data-end=\"4404\">LTT-01 kilp\u0173 testeris<\/strong> taikoma paprasta, ta\u010diau veiksminga testavimo proced\u016bra:<\/p>\n<ol data-start=\"4455\" data-end=\"4816\">\n<li data-start=\"4455\" data-end=\"4545\">25 mm plo\u010dio ir 175 mm ilgio lipnios juostos arba med\u017eiagos pavyzdys suformuojamas \u012f kilp\u0105.<\/li>\n<li data-start=\"4546\" data-end=\"4626\">Kilpa spaud\u017eiama prie stiklo plok\u0161tel\u0117s kontroliuojamu 300 mm\/min grei\u010diu.<\/li>\n<li data-start=\"4627\" data-end=\"4697\">Po kontakto kilpa i\u0161 karto i\u0161traukiama tuo pa\u010diu grei\u010diu.<\/li>\n<li data-start=\"4698\" data-end=\"4816\">Registruojama did\u017eiausia j\u0117ga, reikalinga kilpai nuo stiklo plok\u0161tel\u0117s atskirti, kuri yra <strong data-start=\"4796\" data-end=\"4809\">kilpinis priri\u0161imas<\/strong> vert\u0117.<\/li>\n<\/ol>\n<h3 data-start=\"4818\" data-end=\"4967\">Pagrindinis parametras<\/h3>\n<table>\n<tbody>\n<tr>\n<td style=\"text-align: center;\" width=\"194\">Bandym\u0173 diapazonas<\/td>\n<td style=\"text-align: center;\" width=\"178\">200N (arba kt.)<\/td>\n<\/tr>\n<tr>\n<td style=\"text-align: center;\" width=\"194\">Grei\u010dio diapazonas<\/td>\n<td style=\"text-align: center;\" width=\"178\">1-500 mm\/m<\/td>\n<\/tr>\n<tr>\n<td style=\"text-align: center;\" width=\"194\">Insultas<\/td>\n<td style=\"text-align: center;\" width=\"178\">200 mm<\/td>\n<\/tr>\n<tr>\n<td style=\"text-align: center;\" width=\"194\">Imties dydis<\/td>\n<td style=\"text-align: center;\" width=\"178\">125 mm * 25 mm<\/td>\n<\/tr>\n<tr>\n<td style=\"text-align: center;\" width=\"194\">Maitinimas<\/td>\n<td style=\"text-align: center;\" width=\"178\">KINTAMOSIOS SROV\u0116S 110~220 V, 50\/60 HZ<\/td>\n<\/tr>\n<\/tbody>\n<\/table>\n<h2 data-start=\"1390\" data-end=\"1429\"><strong data-start=\"1394\" data-end=\"1429\">Kilpos sukibimo bandymo standartai<\/strong><\/h2>\n<ol>\n<li data-start=\"1431\" data-end=\"1471\"><strong data-start=\"1436\" data-end=\"1471\">FINAT bandym\u0173 metodas Nr. 9 (FTM-9) Kilpos sukibimo matavimas<br \/>\n<\/strong>Svetain\u0117 <strong data-start=\"1477\" data-end=\"1512\">FINAT bandymo metodas Nr. 9 (FTM-9)<\/strong> yra vienas pla\u010diausiai pripa\u017eint\u0173 standart\u0173 etike\u010di\u0173 ir klij\u0173 pramon\u0117je. Juo vertinamas sl\u0117giui jautri\u0173 klij\u0173, pvz., naudojam\u0173 etiket\u0117ms ir juostoms, kilpinis lipnumas. FTM-9 u\u017etikrina, kad klijai atitikt\u0173 b\u016btinus eksploatacinius kriterijus, u\u017etikrinan\u010dius greit\u0105 klijavim\u0105 ir lengv\u0105 naudojim\u0105.<\/li>\n<li data-start=\"1431\" data-end=\"1471\"><strong style=\"font-size: 16px;\" data-start=\"1814\" data-end=\"1835\">PSTC-16 Sl\u0117giui jautrios juostos kilpos bandymas<br \/>\n<\/strong><a href=\"https:\/\/www.qualitester.com\/lt\/produkto-kategorija-2\/pstc\/pstc-16\/\" target=\"_blank\" rel=\"noopener\"><strong style=\"font-size: 16px;\" data-start=\"1837\" data-end=\"1848\">PSTC-16<\/strong><\/a><span style=\"font-size: 16px;\"> yra spaudimui jautri\u0173 juost\u0173 tarybos (PSTC) parengtas standartas, skirtas sl\u0117giui jautri\u0173 klij\u0173 kilpos lipnumo savyb\u0117ms \u012fvertinti. Jis paprastai naudojamas bandant juostas, etiketes ir pana\u0161ius klij\u0173 gaminius.<\/span><\/li>\n<li data-start=\"1431\" data-end=\"1471\"><strong style=\"font-size: 16px;\" data-start=\"2234\" data-end=\"2248\">ASTM D6195 Standartiniai kilpos sukibimo bandymo metodai<br \/>\n<\/strong><a href=\"https:\/\/www.qualitester.com\/lt\/produkto-kategorija-2\/astm\/astm-d6195\/\" target=\"_blank\" rel=\"noopener\"><strong style=\"font-size: 16px;\" data-start=\"2250\" data-end=\"2264\">ASTM D6195<\/strong><\/a><span style=\"font-size: 16px;\"> pateikiamos gair\u0117s, kaip matuoti sl\u0117giui jautri\u0173 klij\u0173 lipnum\u0105. \u0160is standartas pla\u010diai taikomas \u012fvairiose pramon\u0117s \u0161akose, \u012fskaitant pakavimo, medicinos prietais\u0173 ir vaist\u0173 pramon\u0119, siekiant patikrinti, ar klijai atitinka reikalaujam\u0105 sukibimo stiprum\u0105.<\/span><\/li>\n<\/ol>\n<h2>Funkcijos ir technin\u0117s specifikacijos<\/h2>\n<p>Svetain\u0117 <strong>Juostos kilpos sukibimo bandymo ma\u0161ina<\/strong> turi pa\u017eangias funkcijas, leid\u017eian\u010dias atlikti tikslius ir patikimus lipnumo bandymus.<\/p>\n<ul>\n<li><strong>Naudotojui patogus ekranas<\/strong>: A <strong>7 coli\u0173 HMI jutiklinis ekranas<\/strong> s\u0105saja leid\u017eia lengvai nustatyti, steb\u0117ti ir valdyti, taip supaprastinant bandym\u0173 proces\u0105.<\/li>\n<li><strong>PLC valdymas<\/strong>: \u012erengta <strong>Programuojamas loginis valdymas (PLC)<\/strong> d\u0117l didelio tikslumo ir automatinio testavimo galimybi\u0173.<\/li>\n<li><strong>Platus bandym\u0173 diapazonas<\/strong>: Priemon\u0117 apima <strong>bandym\u0173 diapazonas iki 200 N<\/strong>, tod\u0117l galima lanks\u010diai naudoti skirtingo stiprumo klijus.<\/li>\n<li><strong>Reguliuojamas grei\u010dio diapazonas<\/strong>: Grei\u010dio parinktys nuo <strong>1-500 mm\/min<\/strong> palaikyti \u012fvairius testavimo reikalavimus.<\/li>\n<li><strong>Tikslioji mechanika<\/strong>: A <strong>precizinis rutulinis sraigtas<\/strong> sistema u\u017etikrina skland\u0173 ir nuosekl\u0173 jud\u0117jim\u0105 bei tiksl\u0173 grei\u010dio ir poslinkio matavim\u0105, i\u0161laikant auk\u0161t\u0105 bandym\u0173 tikslum\u0105.<\/li>\n<li><strong>Pritaikomi parametrai<\/strong>: Operatoriai gali reguliuoti greit\u012f, eig\u0105 ir veikimo laik\u0105, kad atitikt\u0173 konkre\u010dius bandym\u0173 poreikius.<\/li>\n<li><strong>Didesnis saugumas<\/strong>: Saugos mechanizmai apima <strong>automatinio gr\u012f\u017eimo funkcija<\/strong> ir ribotuvas, u\u017etikrinantis operatoriaus saug\u0105 bandym\u0173 metu.<\/li>\n<li><strong>Integruotas mikroprinteris<\/strong>: \u012emontuotas <strong>ta\u0161kinis mikrotinklinis spausdintuvas<\/strong> galima i\u0161 karto i\u0161vesti bandym\u0173 rezultatus dokumentavimo ir ataskait\u0173 rengimo tikslais.<\/li>\n<li><strong>Standartinius reikalavimus atitinkanti stiklo plok\u0161t\u0117<\/strong>: \u012e komplekt\u0105 \u012feina standart\u0105 atitinkantis <strong>flotacinio stiklo plok\u0161t\u0117<\/strong>, u\u017etikrinant tikslius lipnumo matavimus ir nuoseklias bandymo s\u0105lygas.<\/li>\n<\/ul>\n<h2>Konfig\u016bracija ir priedai<\/h2>\n<p>Svetain\u0117 <strong>Juostos kilpos sukibimo bandymo ma\u0161ina<\/strong> turi standartinius ir papildomus komponentus, kurie padidina jo universalum\u0105 ir naudotojo patogum\u0105.<\/p>\n<ul>\n<li>\n<h3><strong>Standartin\u0117 konfig\u016bracija<\/strong>:<\/h3>\n<ul>\n<li><strong>LTT-01 kilp\u0173 testeris<\/strong> vienetas<\/li>\n<li>Priedai: Stiklo skydelis, vir\u0161utin\u0117 \u017eandikaulio dalis, apatinis \u012ftaisas, saugikliai, vartotojo vadovas, kalibravimo sertifikatas ir maitinimo laidas.<\/li>\n<\/ul>\n<\/li>\n<li>\n<h3><strong>Pasirinktin\u0117 konfig\u016bracija<\/strong>:<\/h3>\n<ul>\n<li><strong>Ner\u016bdijan\u010dio plieno skydas<\/strong> didesnio patvarumo<\/li>\n<li><strong>RS232 prievadas<\/strong> duomen\u0173 perdavimui ir perdavimui.<\/li>\n<li><strong>COM linija<\/strong> ir specializuota programin\u0117 \u012franga, skirta pa\u017eangiai duomen\u0173 analizei ir ataskait\u0173 teikimui.<\/li>\n<\/ul>\n<\/li>\n<\/ul>\n<h2>Juostos kilpos sukibimo bandymo ma\u0161inos pritaikymas<\/h2>\n<p>\u0160is prietaisas idealiai tinka \u012fvairioms pramon\u0117s \u0161akoms, kuriose labai svarbus klij\u0173 patikimumas, pvz:<\/p>\n<ul>\n<li><strong>Pakavimas ir \u017eenklinimas<\/strong> - U\u017etikrinti, kad juostos, lipdukai ir etiket\u0117s i\u0161kart po u\u017eklijavimo i\u0161likt\u0173 suri\u0161tos.<\/li>\n<li><strong>Medicina ir farmacija<\/strong> - Lipni\u0173 juost\u0173 ir tvars\u010di\u0173 testavimas, siekiant u\u017etikrinti nuosekl\u0173 veikim\u0105.<\/li>\n<li><strong>Maistas ir g\u0117rimai<\/strong> - pakuo\u010di\u0173 plomb\u0173 ir lipni\u0173 u\u017edarymo \u012ftais\u0173 kokyb\u0117s u\u017etikrinimas.<\/li>\n<li><strong>Elektronika ir kasdien\u0117s chemin\u0117s med\u017eiagos<\/strong> - Patikrinkite klij\u0173 komponent\u0173 lipnum\u0105, kad juos b\u016bt\u0173 galima saugiai ir patikimai naudoti.<\/li>\n<\/ul>\n<p>Svetain\u0117 <strong>Juostos kilpos sukibimo bandymo ma\u0161ina<\/strong> yra patikimas sprendimas gamintojams, kokyb\u0117s kontrol\u0117s skyriams ir bandym\u0173 laboratorijoms, ie\u0161kan\u010dioms nuoseklaus ir patikimo <strong>klij\u0173 eksploatacini\u0173 savybi\u0173 vertinimas<\/strong>. \u0160is prietaisas atitinka ASTM D6195 ir kitus tarptautinius standartus, turi pritaikomus nustatymus ir saugos funkcijas, tod\u0117l yra geriausias pasirinkimas atliekant labai tikslius kilp\u0173 lipnumo bandymus.<\/p>","protected":false},"excerpt":{"rendered":"<p>Svetain\u0117 <strong>Juostos kilpos sukibimo bandymo ma\u0161ina<\/strong> yra patikimas sprendimas gamintojams, kokyb\u0117s kontrol\u0117s skyriams ir bandym\u0173 laboratorijoms, ie\u0161kan\u010dioms nuoseklaus ir patikimo <strong>klij\u0173 eksploatacini\u0173 savybi\u0173 vertinimas<\/strong>. \u0160is prietaisas atitinka ASTM D6195 ir kitus tarptautinius standartus, turi pritaikomus nustatymus ir saugos funkcijas, tod\u0117l yra geriausias pasirinkimas atliekant labai tikslius kilp\u0173 lipnumo bandymus.<\/p>","protected":false},"featured_media":6259,"comment_status":"closed","ping_status":"closed","template":"","meta":{"site-sidebar-layout":"default","site-content-layout":"default","ast-global-header-display":"","ast-main-header-display":"","ast-hfb-above-header-display":"","ast-hfb-below-header-display":"","ast-hfb-mobile-header-display":"","site-post-title":"","ast-breadcrumbs-content":"","ast-featured-img":"","footer-sml-layout":"","theme-transparent-header-meta":"default","adv-header-id-meta":"","stick-header-meta":"","header-above-stick-meta":"","header-main-stick-meta":"","header-below-stick-meta":""},"product_cat":[845,1075,1074,1162,672,673,95],"product_tag":[],"class_list":{"0":"post-5218","1":"product","2":"type-product","3":"status-publish","4":"has-post-thumbnail","6":"product_cat-customization","7":"product_cat-astm-d6195","8":"product_cat-loop-tack-tester","9":"product_cat-pstc-16","10":"product_cat-applied-materials","11":"product_cat-adhesive-tester","12":"product_cat-products","13":"desktop-align-left","14":"tablet-align-left","15":"mobile-align-left","17":"first","18":"instock","19":"shipping-taxable","20":"product-type-simple"},"_links":{"self":[{"href":"https:\/\/www.qualitester.com\/lt\/wp-json\/wp\/v2\/product\/5218","targetHints":{"allow":["GET"]}}],"collection":[{"href":"https:\/\/www.qualitester.com\/lt\/wp-json\/wp\/v2\/product"}],"about":[{"href":"https:\/\/www.qualitester.com\/lt\/wp-json\/wp\/v2\/types\/product"}],"replies":[{"embeddable":true,"href":"https:\/\/www.qualitester.com\/lt\/wp-json\/wp\/v2\/comments?post=5218"}],"version-history":[{"count":0,"href":"https:\/\/www.qualitester.com\/lt\/wp-json\/wp\/v2\/product\/5218\/revisions"}],"wp:featuredmedia":[{"embeddable":true,"href":"https:\/\/www.qualitester.com\/lt\/wp-json\/wp\/v2\/media\/6259"}],"wp:attachment":[{"href":"https:\/\/www.qualitester.com\/lt\/wp-json\/wp\/v2\/media?parent=5218"}],"wp:term":[{"taxonomy":"product_cat","embeddable":true,"href":"https:\/\/www.qualitester.com\/lt\/wp-json\/wp\/v2\/product_cat?post=5218"},{"taxonomy":"product_tag","embeddable":true,"href":"https:\/\/www.qualitester.com\/lt\/wp-json\/wp\/v2\/product_tag?post=5218"}],"curies":[{"name":"wp","href":"https:\/\/api.w.org\/{rel}","templated":true}]}}