{"id":5213,"date":"2024-11-05T11:49:02","date_gmt":"2024-11-05T03:49:02","guid":{"rendered":"https:\/\/www.qualitester.com\/?post_type=product&#038;p=5213"},"modified":"2024-12-05T14:44:15","modified_gmt":"2024-12-05T06:44:15","slug":"sale-floor-wiper-friction-testing-instrument","status":"publish","type":"product","link":"https:\/\/www.qualitester.com\/lt\/produktas-2\/sale-floor-wiper-friction-testing-instrument\/","title":{"rendered":"\"MopFric-01\" grind\u0173 valytuv\u0173 trinties bandymo prietaisas"},"content":{"rendered":"<h2>\u012evadas \u012f grind\u0173 valytuv\u0173 trinties bandymo priemon\u0119<\/h2>\n<p>Svetain\u0117 <strong>Grind\u0173 valytuv\u0173 trinties bandymo prietaisas<\/strong> yra pa\u017eangus \u012frankis, skirtas tiksliai i\u0161matuoti grind\u0173 valytuv\u0173 trinties savybes realiomis s\u0105lygomis. Trintis yra labai svarbus valytuv\u0173 veikimo veiksnys, turintis \u012ftakos valymo efektyvumui, naudojimo patogumui ir bendrai naudotojo patir\u010diai. Subalansuotas trinties lygis u\u017etikrina, kad valytuvai skland\u017eiai slyst\u0173, i\u0161laikydami optimal\u0173 s\u0105lyt\u012f su pavir\u0161iumi, didindami valymo efektyvum\u0105 ir ma\u017eindami naudotojo nuovarg\u012f.<\/p>\n<p>\u0160is bandym\u0173 prietaisas suteikia gamintojams svarbi\u0173 duomen\u0173 apie valytuv\u0173 trinties savybes, tod\u0117l jie gali tobulinti med\u017eiagas, gerinti dizain\u0105 ir tiekti auk\u0161\u010diausius kokyb\u0117s standartus atitinkan\u010dius gaminius.<\/p>\n<h2>COF bandym\u0173 svarba grind\u0173 valytuv\u0173 veikimui<\/h2>\n<p><strong>Trinties koeficiento (COF) bandymas<\/strong> yra esminis parametras vertinant grind\u0173 valytuv\u0173 veikim\u0105. Matuodami COF, gamintojai \u012fgyja informacijos apie \u012fvairi\u0173 valytuv\u0173 gamyboje naudojam\u0173 med\u017eiag\u0173 statin\u0117s ir kinetin\u0117s trinties savybes. \u0160ie duomenys padeda optimizuoti trinties lyg\u012f ir u\u017etikrinti, kad valytuvai pasiekt\u0173 pageidaujam\u0105 valymo efektyvum\u0105, ilgaam\u017ei\u0161kum\u0105 ir patogum\u0105 \u012fvairiose srityse.<\/p>\n<h2>ISO 8295 ir ASTM D1894 standartai<\/h2>\n<p>M\u016bs\u0173 grind\u0173 valytuv\u0173 trinties bandymo priemon\u0117 atitinka pagrindinius COF bandymo pramon\u0117s standartus, \u012fskaitant <strong>ISO 8295<\/strong> ir <strong>ASTM D1894<\/strong>, u\u017etikrinant patikimus ir pakartojamus tyrim\u0173 rezultatus.<\/p>\n<ul>\n<li><strong>ISO 8295<\/strong>: \u0160is tarptautinis standartas nustato plastikini\u0173 pl\u0117veli\u0173 ir lak\u0161t\u0173 statinio ir kinetinio COF nustatymo metod\u0105, kuris yra labai svarbus vertinant i\u0161 sintetini\u0173 med\u017eiag\u0173 pagamint\u0173 valytuv\u0173 trinties savybes. Atliekant bandymus pagal ISO 8295 standart\u0105, galima taikyti nuosekl\u0173, standartizuot\u0105 trinties, kuri\u0105 patiria valytuvai naudojimo metu, matavimo metod\u0105.<\/li>\n<li><strong>ASTM D1894<\/strong>: \u0160iame pla\u010diai pripa\u017eintame standarte i\u0161samiai apra\u0161ytas plastikini\u0173 pl\u0117veli\u0173 ir lak\u0161t\u0173 statinio ir kinetinio COF bandymo metodas, taikomas valytuvams su plastikiniais arba dengtais pavir\u0161iais. Laikantis ASTM D1894 standarto, m\u016bs\u0173 bandym\u0173 priemon\u0117 u\u017etikrina \u012fvairi\u0173 med\u017eiag\u0173 palyginamum\u0105 ir nuoseklum\u0105, tod\u0117l gamintojai gali \u012fvertinti ir palyginti savo gaminius su pramon\u0117s standartais.<\/li>\n<\/ul>\n<h2>Grind\u0173 valytuv\u0173 trinties bandymo prietaiso bandymo principas ir veikimas<\/h2>\n<p>Svetain\u0117 <strong>Grind\u0173 valytuv\u0173 trinties bandymo prietaisas<\/strong> naudojamas valdomas mechanizmas, imituojantis real\u0173 valytuv\u0173 naudojim\u0105, kai jie gr\u012f\u017etamai (pirmyn ir atgal) juda \u012fvairiomis apkrovos s\u0105lygomis. Jis matuoja valytuv\u0173 dvikrypt\u0119 trinties j\u0117g\u0105 per vien\u0105 bandymo cikl\u0105 ir pateikia i\u0161samius trinties duomenis apie judesius pirmyn ir atgal. \u0160is prietaisas, turintis didelio tikslumo apkrovos element\u0105, fiksuoja ir rodo trinties j\u0117gos vertes realiuoju laiku, tod\u0117l pateikia tikslius ir patikimus duomenis, b\u016btinus kokyb\u0117s kontrolei ir gamini\u0173 k\u016brimui.<\/p>\n<ul>\n<li><strong>Pavyzd\u017eio s\u0105ranka<\/strong>: Prietaisas pritaikytas \u012fvairaus dyd\u017eio m\u0117giniams ir leid\u017eia reguliuoti prispaudimo kamp\u0105 (nuo 45\u00b0 iki 60\u00b0), kad b\u016bt\u0173 galima atkartoti realias naudojimo s\u0105lygas.<\/li>\n<li><strong>Universalios bandymo s\u0105lygos<\/strong>: Reguliuojamo grei\u010dio diapazone nuo 1 iki 60 000 mm\/min prietaisas gali imituoti \u012fvairias valymo s\u0105lygas ir med\u017eiag\u0173 tipus, tod\u0117l galima lanks\u010diai i\u0161bandyti \u012fvairias grind\u0173 valytuv\u0173 konstrukcijas.<\/li>\n<\/ul>\n<h2>Pagrindin\u0117s technin\u0117s savyb\u0117s ir privalumai<\/h2>\n<ol>\n<li><strong>Naudotojui patogi valdymo s\u0105saja<\/strong>: 7 coli\u0173 jutiklinio ekrano s\u0105saja u\u017etikrina intuityv\u0173 valdym\u0105 ir lengv\u0105 steb\u0117sen\u0105, supaprastindama bandym\u0173 proces\u0105 vis\u0173 lygi\u0173 naudotojams.<\/li>\n<li><strong>I\u0161pl\u0117stin\u0117 PLC pramoninio valdymo sistema<\/strong>: U\u017etikrinamas stabilumas ir nuoseklumas viso bandymo proceso metu, tod\u0117l rezultatai yra tikslesni ir patikimesni.<\/li>\n<li><strong>Didelio tikslumo apkrovos l\u0105stel\u0117<\/strong>: Matuoja trinties j\u0117g\u0105 0,5% FS tikslumu, u\u017etikrindamas, kad bandymo rezultatai tiksliai atspind\u0117t\u0173 gaminio veikim\u0105.<\/li>\n<li><strong>Pritaikomi testavimo parametrai<\/strong>: Reguliuojami nustatymai leid\u017eia gamintojams i\u0161bandyti \u012fvairius parametrus, pvz., greit\u012f, apkrov\u0105 ir prispaudimo kamp\u0105, kad b\u016bt\u0173 patenkinti konkret\u016bs bandym\u0173 poreikiai.<\/li>\n<li><strong>Realaus laiko duomen\u0173 rodymas<\/strong>: Rodo trinties j\u0117gos matavimus j\u0173 metu, tod\u0117l naudotojai gali i\u0161 karto su\u017einoti savo gamini\u0173 trinties charakteristikas.<\/li>\n<li><strong>Perne\u0161amumas lanks\u010dioms testavimo vietoms<\/strong>: Prietaisas turi ratukus, tod\u0117l j\u012f lengva perkelti ir prireikus atlikti bandymus \u012fvairiose vietose.<\/li>\n<\/ol>\n<h2>Technin\u0117s specifikacijos<\/h2>\n<table>\n<tbody>\n<tr>\n<td width=\"194\">Matavimo diapazonas<\/td>\n<td width=\"286\">200N (galima \u012fsigyti ir kit\u0173)<\/td>\n<\/tr>\n<tr>\n<td width=\"194\">Testavimo tikslumas<\/td>\n<td width=\"286\">0.5%FS<\/td>\n<\/tr>\n<tr>\n<td width=\"194\">Reguliuojamas greitis<\/td>\n<td width=\"286\">1 ~ 60000 mm\/min<\/td>\n<\/tr>\n<tr>\n<td width=\"194\">Tikslumas<\/td>\n<td width=\"286\">1 mm\/min<\/td>\n<\/tr>\n<tr>\n<td width=\"194\">Krovinys<\/td>\n<td width=\"286\">Did\u017eiausia apkrova 10 kg<\/td>\n<\/tr>\n<tr>\n<td width=\"194\">Auk\u0161tis<\/td>\n<td width=\"286\">Tinka 1000~1500 mm ilgio bandiniams<\/td>\n<\/tr>\n<tr>\n<td width=\"194\">M\u0117ginio prispaudimo kampas<\/td>\n<td width=\"286\">\u00a045\u00b0~60\u00b0<\/td>\n<\/tr>\n<tr>\n<td width=\"194\">Bazinis judesio sm\u016bgis<\/td>\n<td width=\"286\">1000 mm<\/td>\n<\/tr>\n<tr>\n<td width=\"194\">Bandomasis re\u017eimas<\/td>\n<td width=\"286\">St\u016bmoklin\u0117s trinties bandymai<\/td>\n<\/tr>\n<tr>\n<td width=\"194\">Bandymo rezultatas<\/td>\n<td width=\"286\">Dviej\u0173 kryp\u010di\u0173 trinties j\u0117ga<\/td>\n<\/tr>\n<tr>\n<td width=\"194\">Maitinimas<\/td>\n<td width=\"286\">110~220V<\/td>\n<\/tr>\n<\/tbody>\n<\/table>\n<h2>Grind\u0173 valytuv\u0173 trinties bandymo prietaiso taikymas<\/h2>\n<p>Svetain\u0117 <strong>Grind\u0173 valytuv\u0173 trinties bandymo prietaisas<\/strong> idealiai tinka valymo, pakavimo, buitini\u0173 produkt\u0173 ir kasdieni\u0173 chemini\u0173 med\u017eiag\u0173 sektoriaus gamintojams, taip pat kokyb\u0117s tikrinimo agent\u016broms. Jo universalumas leid\u017eia \u012fvertinti valytuv\u0173 veikim\u0105 \u012fvairiose srityse, u\u017etikrinant, kad kiekvienas gaminys u\u017etikrint\u0173 patikimus ir veiksmingus rezultatus \u012fvairiose valymo aplinkose.<\/p>\n<p>Grind\u0173 valytuv\u0173 trinties testavimo prietaisas yra ne\u012fkainojama priemon\u0117 gamintojams, siekiantiems optimizuoti gamini\u0173 kokyb\u0119 ir na\u0161um\u0105, nes pateikia tikslius ir nuoseklius trinties duomenis. Atlikus standartizuotus COF bandymus pagal ISO 8295 ir ASTM D1894 standartus, \u0161is prietaisas padeda u\u017etikrinti, kad grind\u0173 valytuvai atitikt\u0173 pramon\u0117s standartus ir pranokt\u0173 klient\u0173 l\u016bkes\u010dius, o galiausiai padidint\u0173 funkcionalum\u0105 ir naudotoj\u0173 pasitenkinim\u0105.<\/p>","protected":false},"excerpt":{"rendered":"<p>Svetain\u0117 <strong>Grind\u0173 valytuv\u0173 trinties bandymo prietaisas<\/strong> yra pa\u017eangus \u012frankis, skirtas tiksliai i\u0161matuoti grind\u0173 valytuv\u0173 trinties savybes realiomis s\u0105lygomis. Trintis yra labai svarbus valytuv\u0173 veikimo veiksnys, turintis \u012ftakos valymo efektyvumui, naudojimo patogumui ir bendrai naudotojo patir\u010diai. Subalansuotas trinties lygis u\u017etikrina, kad valytuvai skland\u017eiai slyst\u0173, i\u0161laikydami optimal\u0173 s\u0105lyt\u012f su pavir\u0161iumi, didindami valymo efektyvum\u0105 ir ma\u017eindami naudotojo nuovarg\u012f.<\/p>","protected":false},"featured_media":6271,"comment_status":"closed","ping_status":"closed","template":"","meta":{"site-sidebar-layout":"default","site-content-layout":"default","ast-global-header-display":"","ast-main-header-display":"","ast-hfb-above-header-display":"","ast-hfb-below-header-display":"","ast-hfb-mobile-header-display":"","site-post-title":"","ast-breadcrumbs-content":"","ast-featured-img":"","footer-sml-layout":"","theme-transparent-header-meta":"default","adv-header-id-meta":"","stick-header-meta":"","header-above-stick-meta":"","header-main-stick-meta":"","header-below-stick-meta":""},"product_cat":[845,938,683,95],"product_tag":[],"class_list":{"0":"post-5213","1":"product","2":"type-product","3":"status-publish","4":"has-post-thumbnail","6":"product_cat-customization","7":"product_cat-textile-tester","8":"product_cat-coefficient-of-friction-tester","9":"product_cat-products","10":"desktop-align-left","11":"tablet-align-left","12":"mobile-align-left","14":"first","15":"instock","16":"shipping-taxable","17":"product-type-simple"},"_links":{"self":[{"href":"https:\/\/www.qualitester.com\/lt\/wp-json\/wp\/v2\/product\/5213","targetHints":{"allow":["GET"]}}],"collection":[{"href":"https:\/\/www.qualitester.com\/lt\/wp-json\/wp\/v2\/product"}],"about":[{"href":"https:\/\/www.qualitester.com\/lt\/wp-json\/wp\/v2\/types\/product"}],"replies":[{"embeddable":true,"href":"https:\/\/www.qualitester.com\/lt\/wp-json\/wp\/v2\/comments?post=5213"}],"version-history":[{"count":0,"href":"https:\/\/www.qualitester.com\/lt\/wp-json\/wp\/v2\/product\/5213\/revisions"}],"wp:featuredmedia":[{"embeddable":true,"href":"https:\/\/www.qualitester.com\/lt\/wp-json\/wp\/v2\/media\/6271"}],"wp:attachment":[{"href":"https:\/\/www.qualitester.com\/lt\/wp-json\/wp\/v2\/media?parent=5213"}],"wp:term":[{"taxonomy":"product_cat","embeddable":true,"href":"https:\/\/www.qualitester.com\/lt\/wp-json\/wp\/v2\/product_cat?post=5213"},{"taxonomy":"product_tag","embeddable":true,"href":"https:\/\/www.qualitester.com\/lt\/wp-json\/wp\/v2\/product_tag?post=5213"}],"curies":[{"name":"wp","href":"https:\/\/api.w.org\/{rel}","templated":true}]}}