{"id":5197,"date":"2024-11-05T11:16:04","date_gmt":"2024-11-05T03:16:04","guid":{"rendered":"https:\/\/www.qualitester.com\/?post_type=product&#038;p=5197"},"modified":"2024-12-05T14:15:40","modified_gmt":"2024-12-05T06:15:40","slug":"sale-container-top-load-testing-machine-astm-d2659","status":"publish","type":"product","link":"https:\/\/www.qualitester.com\/lt\/produktas-2\/sale-container-top-load-testing-machine-astm-d2659\/","title":{"rendered":"TLT-01 vir\u0161utin\u0117s apkrovos testeris"},"content":{"rendered":"<p><strong>Konteinerio vir\u0161utin\u0117s apkrovos bandymo ma\u0161ina<\/strong> yra pa\u017eangus sprendimas, skirtas \u012fvairi\u0173 pakuo\u010di\u0173 konteineri\u0173 strukt\u016briniam vientisumui ir gniu\u017edymo stipriui \u012fvertinti. \u0160is aparatas, tiksliai matuodamas toki\u0173 talpykl\u0173 kaip buteliai, stiklainiai, kartonin\u0117s d\u0117\u017e\u0117s ir d\u0117\u017eut\u0117s laikom\u0105j\u0105 gali\u0105, padeda gamintojams u\u017etikrinti, kad j\u0173 gaminiai atlaikyt\u0173 krovimo, gabenimo ir sand\u0117liavimo apkrovas, nesideformuot\u0173 ir nesugri\u016bt\u0173. \u0160iuo aparatu \"Cell Instruments\" si\u016blo auk\u0161\u010diausio lygio sprendim\u0105 tokioms pramon\u0117s \u0161akoms, kaip maisto, farmacijos ir vartojimo preki\u0173 pramon\u0117, kuriose pakuo\u010di\u0173 patvarumas yra labai svarbus produkt\u0173 saugai ir kokybei.<\/p>\n<h2><strong>Auk\u0161\u010diausios apkrovos testavimo svarba pakuot\u0117je<\/strong><\/h2>\n<p>\u0160iuolaikin\u0117se pakuot\u0117se labai svarbu u\u017etikrinti taros tvirtum\u0105 ir patikimum\u0105. Did\u017eiausios apkrovos bandymais patikrinama, ar talpyklos gali atlaikyti suspaudimo j\u0117gas, atsirandan\u010dias kraunant ir transportuojant, apsaugant viduje esant\u012f produkt\u0105 ir i\u0161vengiant brangiai kainuojan\u010di\u0173 pa\u017eeidim\u0173, gr\u0105\u017einimo ir pakeitimo. Be to, \u0161ie bandymai padeda gamintojams optimizuoti pakuot\u0117s dizain\u0105 ir med\u017eiag\u0173 naudojim\u0105, taip skatinant ekonomi\u0161kum\u0105 ir tvarum\u0105, kartu i\u0161laikant kokyb\u0119 ir prek\u0117s \u017eenklo reputacij\u0105.<\/p>\n<h2><strong>ASTM D2659 standartas<\/strong><\/h2>\n<p><strong>ASTM D2659<\/strong> yra pagrindinis stand\u017ei\u0173 plastikini\u0173 talpykl\u0173 gniu\u017edymo stiprio vertinimo standartas. Jame pateikiami standartizuoti metodai, skirti \u012fvertinti, kaip \u0161ie konteineriai atlaiko i\u0161 vir\u0161aus \u012f apa\u010di\u0105 nukreiptas apkrovas, o tai yra esmin\u0117 priemon\u0117, u\u017etikrinanti konstrukcijos vientisum\u0105 ir eksploatacines savybes.<\/p>\n<ul>\n<li><strong>ASTM D2659 bandymo metodai:<\/strong> Pagal ASTM D2659 rekomendacijas atliekant vir\u0161utin\u0117s apkrovos bandym\u0105 konteinerio vir\u0161us veikiamas kontroliuojama gniu\u017edymo j\u0117ga, kuri palaipsniui didinama, kol atsiranda deformacija arba gedimas. Taikant \u0161\u012f metod\u0105 gaunami svarb\u016bs duomenys apie did\u017eiausi\u0105 leistin\u0105 apkrov\u0105, padedantys u\u017etikrinti, kad konteineriai atitikt\u0173 pramon\u0117s saugos ir eksploatacini\u0173 savybi\u0173 standartus.<\/li>\n<li><strong>Atitikties privalumai:<\/strong> ASTM D2659 standarto laikymasis padidina patikimum\u0105 ir atitikt\u012f teis\u0117s akt\u0173 reikalavimams, o gamintojams ir vartotojams suteikia pasitik\u0117jimo pakuo\u010di\u0173 ilgaam\u017ei\u0161kumu.<\/li>\n<\/ul>\n<h2><strong>Pagrindin\u0117s technin\u0117s konteineri\u0173 vir\u0161utin\u0117s apkrovos bandymo ma\u0161inos savyb\u0117s<\/strong><\/h2>\n<p>Konteineri\u0173 vir\u0161utin\u0117s apkrovos bandymo ma\u0161ina, sukurta siekiant tikslumo, patogumo ir pritaikomumo, turi pa\u017eangias funkcijas, kad atitikt\u0173 \u012fvairius bandym\u0173 reikalavimus.<\/p>\n<ul>\n<li><strong>I\u0161pl\u0117stinis valdymas ir rodymas:<\/strong>\n<ul>\n<li>Ma\u0161inoje \u012frengtas 7 coli\u0173 jutiklinis HMI ekranas, u\u017etikrinantis skland\u017ei\u0105 naudotojo s\u0105veik\u0105 ir paprast\u0105 valdym\u0105.<\/li>\n<li>Jis veikia pagal PLC valdymo sistem\u0105, kuri u\u017etikrina pramoninio lygio stabilum\u0105 ir efektyvum\u0105.<\/li>\n<\/ul>\n<\/li>\n<li><strong>Tikslumas ir lankstumas:<\/strong>\n<ul>\n<li>D\u0117l tikslaus rutulinio \u0161vytavimo sraigto ma\u0161ina tiksliai kontroliuoja greit\u012f ir poslink\u012f, tod\u0117l rezultatai yra patikimi ir pakartojami.<\/li>\n<li>Reguliuojamas bandymo greitis leid\u017eia naudotojams pritaikyti bandymo s\u0105lygas konkre\u010dioms med\u017eiagoms ir standartams.<\/li>\n<li>Keli\u0173 suderinam\u0173 suspaudimo plok\u0161teli\u0173 form\u0173 ir dyd\u017ei\u0173 d\u0117ka galima pritaikyti \u012fvairi\u0173 tip\u0173 ir matmen\u0173 talpyklas.<\/li>\n<\/ul>\n<\/li>\n<li><strong>Saugos ir patogumo funkcijos:<\/strong>\n<ul>\n<li>\u012emontuota apsauga nuo perkrovos ir automatinio gr\u012f\u017eimo funkcijos u\u017etikrina darbo saugum\u0105 ir paprast\u0105 naudojim\u0105.<\/li>\n<li>Pasirenkamas mikroprinteris ir RS232 duomen\u0173 i\u0161vesties prievadas leid\u017eia efektyviai registruoti duomenis ir teikti ataskaitas, o profesionali programin\u0117 \u012franga skirta i\u0161samiai duomen\u0173 analizei.<\/li>\n<\/ul>\n<\/li>\n<\/ul>\n<h2><strong>Unikalios testavimo programos i\u0161samiai analizei atlikti<\/strong><\/h2>\n<p>Konteineri\u0173 vir\u0161utin\u0117s apkrovos bandymo ma\u0161inoje yra specializuotos bandym\u0173 programos, kuri\u0173 kiekviena skirta skirtingiems analiz\u0117s reikalavimams:<\/p>\n<ul>\n<li><strong>Did\u017eiausios apkrovos testavimas:<\/strong> Matuojama did\u017eiausia gniu\u017edymo j\u0117ga, kuri\u0105 gali atlaikyti talpykla.<\/li>\n<li><strong>Fiksuotos deformacijos apkrovos bandymas:<\/strong> \u012evertinamas apkrovos paj\u0117gumas, kai konteineris pasiekia tam tikr\u0105 deformacijos lyg\u012f.<\/li>\n<li><strong>Fiksuotos apkrovos testavimas:<\/strong> Matuojamas konteinerio deformacijos mastas esant pastoviai apkrovai.<\/li>\n<li><strong>Vienkartinis ir ciklinis suspaudimo bandymas:<\/strong> Galima atlikti vienkartin\u0119 gniu\u017edymo analiz\u0119 arba pakartotinius gniu\u017edymo ciklus, kad b\u016bt\u0173 galima nuodugniai i\u0161bandyti konstrukcijos atsparum\u0105.<\/li>\n<\/ul>\n<h2><strong>Technin\u0117s specifikacijos<\/strong><\/h2>\n<table>\n<tbody>\n<tr>\n<td width=\"248\">Bandym\u0173 diapazonas<\/td>\n<td width=\"374\">0-1000N (arba pagal poreik\u012f)<\/td>\n<\/tr>\n<tr>\n<td width=\"248\">Pavyzd\u017eio auk\u0161tis<\/td>\n<td width=\"374\">700 mm<\/td>\n<\/tr>\n<tr>\n<td width=\"248\">M\u0117ginio skersmuo<\/td>\n<td width=\"374\">Ne daugiau kaip 120 mm<\/td>\n<\/tr>\n<tr>\n<td width=\"248\">Bandymo greitis<\/td>\n<td width=\"374\">1 ~ 500 mm\/min<\/td>\n<\/tr>\n<tr>\n<td width=\"248\">I\u0161st\u016bmimo tikslumas<\/td>\n<td width=\"374\">0,01 mm<\/td>\n<\/tr>\n<tr>\n<td width=\"248\">J\u0117gos tikslumas<\/td>\n<td width=\"374\">0,5% Pilnas skal\u0117<\/td>\n<\/tr>\n<tr>\n<td width=\"248\">Valdymas<\/td>\n<td width=\"374\">PLC ir HMI ekranas<\/td>\n<\/tr>\n<tr>\n<td width=\"248\">Duomen\u0173 i\u0161vestis<\/td>\n<td width=\"374\">ekranas, mikroprinteris (pasirinktinai), RS232 (pasirinktinai)<\/td>\n<\/tr>\n<tr>\n<td width=\"248\">Maitinimas<\/td>\n<td width=\"374\">110~ 220 V, 50\/60 Hz<\/td>\n<\/tr>\n<\/tbody>\n<\/table>\n<h2><strong>Atitiktis papildomiems standartams<\/strong><\/h2>\n<p>Be ASTM D2659 standarto, konteineri\u0173 vir\u0161utin\u0117s apkrovos bandym\u0173 ma\u0161ina palaiko bandymus, atitinkan\u010dius kelet\u0105 kit\u0173 standart\u0173, kad b\u016bt\u0173 patenkinti \u012fvair\u016bs pramon\u0117s poreikiai:<\/p>\n<ul>\n<li><strong><a href=\"https:\/\/www.astm.org\/d4577-19.html\" target=\"_blank\" rel=\"noopener nofollow\">ASTM D4577<\/a>:<\/strong> Pakuo\u010di\u0173 talpykl\u0173 atsparumo gniu\u017edymui vertinimo gair\u0117s.<\/li>\n<li><strong><a href=\"https:\/\/www.astm.org\/d0642-20.html\" target=\"_blank\" rel=\"noopener nofollow\">ASTM D642<\/a>:<\/strong> Pakavimo med\u017eiag\u0173 atsparumo gniu\u017edymui vertinimo metodai.<\/li>\n<li><strong><a href=\"https:\/\/www.iso.org\/standard\/35617.html\" target=\"_blank\" rel=\"noopener nofollow\">ISO 8113<\/a>:<\/strong> Nurodomas stand\u017ei\u0173j\u0173 talpykl\u0173 vir\u0161utin\u0117s apkrovos stiprumo gniu\u017edant bandymas.<\/li>\n<li><strong><a href=\"https:\/\/www.astm.org\/d4169-22.html\" target=\"_blank\" rel=\"noopener nofollow\">ASTM D4169<\/a>:<\/strong> Pateikiamos gabenimo konteineri\u0173 ir pakavimo sistem\u0173 eksploatacini\u0173 savybi\u0173 bandymo proced\u016bros.<\/li>\n<\/ul>\n<h2><strong>Da\u017enai u\u017eduodami klausimai (DUK)<\/strong><\/h2>\n<ol>\n<li><strong>Koki\u0173 tip\u0173 talpyklas galima i\u0161bandyti \u0161iuo aparatu?<\/strong><br \/>\n\u0160iuo aparatu galima bandyti \u012fvairias talpyklas, pavyzd\u017eiui, butelius, stiklainius, kartonines d\u0117\u017ees ir d\u0117\u017eutes, pagamintas i\u0161 plastiko, stiklo ar kit\u0173 kiet\u0173 med\u017eiag\u0173, kuri\u0173 skersmuo nevir\u0161ija 120 mm, o auk\u0161tis - 700 mm.<\/li>\n<li><strong>Kaip \u0161i ma\u0161ina u\u017etikrina atitikt\u012f ASTM D2659 standartui?<\/strong><br \/>\n\u012erenginys suprojektuotas taip, kad atitikt\u0173 ASTM D2659 bandym\u0173 metodus, taikant kontroliuojamas, laipsni\u0161kas gniu\u017edymo j\u0117gas ir fiksuojant did\u017eiausi\u0105 apkrovos gali\u0105 bei deformacij\u0105, taip u\u017etikrinant standarto laikymosi tikslum\u0105.<\/li>\n<li><strong>Ar galima koreguoti testavimo parametrus?<\/strong><br \/>\nTaip, bandym\u0173 parametrus, \u012fskaitant bandymo greit\u012f ir bandinio auk\u0161t\u012f, galima reguliuoti, kad b\u016bt\u0173 galima pritaikyti prie \u012fvairi\u0173 talpykl\u0173 dyd\u017ei\u0173 ir bandym\u0173 reikalavim\u0173.<\/li>\n<li><strong>Ar \u012fmanoma \u0161i\u0105 ma\u0161in\u0105 integruoti su duomen\u0173 valdymo programine \u012franga?<\/strong><br \/>\nTaip, aparatas turi RS232 duomen\u0173 prievad\u0105, kad b\u016bt\u0173 galima skland\u017eiai integruoti su programin\u0117s \u012frangos sistemomis ir i\u0161pl\u0117sti duomen\u0173 \u012fra\u0161ymo ir analiz\u0117s galimybes.<\/li>\n<li><strong>Kaip da\u017enai reik\u0117t\u0173 kalibruoti ma\u0161in\u0105?<\/strong><br \/>\nSiekiant i\u0161laikyti optimal\u0173 tikslum\u0105 ir atitikt\u012f, rekomenduojama reguliariai kalibruoti, atsi\u017evelgiant \u012f naudojimo da\u017enum\u0105, paprastai kart\u0105 per metus.<\/li>\n<\/ol>\n<p>\u2019Cell Instruments\u2019 <strong>Konteinerio vir\u0161utin\u0117s apkrovos bandymo ma\u0161ina<\/strong> sukurtas taip, kad u\u017etikrint\u0173 tikslum\u0105, patikimum\u0105 ir lankstum\u0105, kad atitikt\u0173 \u012fvairius bandym\u0173 poreikius. Naudojant pritaikymo parinktis, jis lengvai pritaikomas prie unikali\u0173 kliento reikalavim\u0173, \u012fskaitant specialius testavimo poreikius ir automatizavimo transformacij\u0105. Naudotojai gali naudotis ekspert\u0173 rekomendacijomis d\u0117l s\u0105rankos, atitikties ASTM standartams ir duomen\u0173 interpretavimo, taip u\u017etikrinant veiksming\u0105 integracij\u0105 \u012f kokyb\u0117s u\u017etikrinimo darbo eig\u0105.<\/p>","protected":false},"excerpt":{"rendered":"<p><strong>Konteinerio vir\u0161utin\u0117s apkrovos bandymo ma\u0161ina<\/strong> yra pa\u017eangus sprendimas, skirtas \u012fvairi\u0173 pakuo\u010di\u0173 konteineri\u0173 strukt\u016briniam vientisumui ir gniu\u017edymo stipriui \u012fvertinti. \u0160is aparatas, tiksliai matuodamas toki\u0173 talpykl\u0173 kaip buteliai, stiklainiai, kartonin\u0117s d\u0117\u017e\u0117s ir d\u0117\u017eut\u0117s laikom\u0105j\u0105 gali\u0105, padeda gamintojams u\u017etikrinti, kad j\u0173 gaminiai atlaikyt\u0173 krovimo, gabenimo ir sand\u0117liavimo apkrovas, nesideformuot\u0173 ir nesugri\u016bt\u0173. \u0160iuo aparatu \"Cell Instruments\" si\u016blo auk\u0161\u010diausio lygio sprendim\u0105 tokioms pramon\u0117s \u0161akoms, kaip maisto, farmacijos ir vartojimo preki\u0173 pramon\u0117, kuriose pakuo\u010di\u0173 patvarumas yra labai svarbus produkt\u0173 saugai ir kokybei.<\/p>","protected":false},"featured_media":6248,"comment_status":"closed","ping_status":"closed","template":"","meta":{"site-sidebar-layout":"default","site-content-layout":"default","ast-global-header-display":"","ast-main-header-display":"","ast-hfb-above-header-display":"","ast-hfb-below-header-display":"","ast-hfb-mobile-header-display":"","site-post-title":"","ast-breadcrumbs-content":"","ast-featured-img":"","footer-sml-layout":"","theme-transparent-header-meta":"default","adv-header-id-meta":"","stick-header-meta":"","header-above-stick-meta":"","header-main-stick-meta":"","header-below-stick-meta":""},"product_cat":[845,1071,1069,1072,1068,1073,1113,95],"product_tag":[],"class_list":{"0":"post-5197","1":"product","2":"type-product","3":"status-publish","4":"has-post-thumbnail","6":"product_cat-customization","7":"product_cat-astm-d2659","8":"product_cat-astm-d4169","9":"product_cat-astm-d4577","10":"product_cat-astm-d642","11":"product_cat-iso-8113","12":"product_cat-top-load-tester","13":"product_cat-products","14":"desktop-align-left","15":"tablet-align-left","16":"mobile-align-left","18":"first","19":"instock","20":"shipping-taxable","21":"product-type-simple"},"_links":{"self":[{"href":"https:\/\/www.qualitester.com\/lt\/wp-json\/wp\/v2\/product\/5197","targetHints":{"allow":["GET"]}}],"collection":[{"href":"https:\/\/www.qualitester.com\/lt\/wp-json\/wp\/v2\/product"}],"about":[{"href":"https:\/\/www.qualitester.com\/lt\/wp-json\/wp\/v2\/types\/product"}],"replies":[{"embeddable":true,"href":"https:\/\/www.qualitester.com\/lt\/wp-json\/wp\/v2\/comments?post=5197"}],"version-history":[{"count":0,"href":"https:\/\/www.qualitester.com\/lt\/wp-json\/wp\/v2\/product\/5197\/revisions"}],"wp:featuredmedia":[{"embeddable":true,"href":"https:\/\/www.qualitester.com\/lt\/wp-json\/wp\/v2\/media\/6248"}],"wp:attachment":[{"href":"https:\/\/www.qualitester.com\/lt\/wp-json\/wp\/v2\/media?parent=5197"}],"wp:term":[{"taxonomy":"product_cat","embeddable":true,"href":"https:\/\/www.qualitester.com\/lt\/wp-json\/wp\/v2\/product_cat?post=5197"},{"taxonomy":"product_tag","embeddable":true,"href":"https:\/\/www.qualitester.com\/lt\/wp-json\/wp\/v2\/product_tag?post=5197"}],"curies":[{"name":"wp","href":"https:\/\/api.w.org\/{rel}","templated":true}]}}