{"id":5175,"date":"2024-11-01T14:02:28","date_gmt":"2024-11-01T06:02:28","guid":{"rendered":"https:\/\/www.qualitester.com\/?post_type=product&#038;p=5175"},"modified":"2024-12-05T14:48:45","modified_gmt":"2024-12-05T06:48:45","slug":"sale-smart-pen-coefficient-of-friction-tester","status":"publish","type":"product","link":"https:\/\/www.qualitester.com\/lt\/produktas-2\/sale-smart-pen-coefficient-of-friction-tester\/","title":{"rendered":"TSTP-01 ra\u0161iklio slydimo ir COF testeris"},"content":{"rendered":"<h2><strong>\u012evadas \u012f \"Smart Pen\" trinties koeficiento tester\u012f<\/strong><\/h2>\n<p>\"Smart Pen\" trinties koeficiento testeris yra specializuotas prietaisas, skirtas \u012fvertinti ir optimizuoti plunksnako\u010di\u0173 veikim\u0105 atliekant tikslius trinties ir ilgaam\u017ei\u0161kumo bandymus. \u0160is modernus testeris b\u016btinas gamintojams ir mokslini\u0173 tyrim\u0173 ir pl\u0117tros laboratorijoms, siekian\u010dioms pagerinti plunksnako\u010di\u0173 gamini\u0173 naudojimo patirt\u012f, tikslum\u0105 ir ilgaam\u017ei\u0161kum\u0105. Suteikdamas i\u0161samias \u012f\u017evalgas apie trinties savybes ir atsparum\u0105 d\u0117v\u0117jimuisi, \"Smart Pen\" trinties koeficiento testeris leid\u017eia patobulinti gamin\u012f, u\u017etikrinant, kad plunksnako\u010diai atitikt\u0173 auk\u0161\u010diausius kokyb\u0117s ir ilgaam\u017ei\u0161kumo standartus.<\/p>\n<h2><strong>Pagrindin\u0117s \"Smart Pen\" trinties koeficiento testerio savyb\u0117s<\/strong><\/h2>\n<ul>\n<li>\n<h3><strong>Du testavimo re\u017eimai i\u0161samiai analizei atlikti<\/strong><\/h3>\n<ul>\n<li><strong>Slenkamasis bandymo re\u017eimas<\/strong>: Imituojami daugkartiniai linijiniai judesiai pirmyn ir atgal, kad b\u016bt\u0173 galima i\u0161matuoti ra\u0161ikli\u0173 atsparum\u0105 nusid\u0117v\u0117jimui ir i\u0161samiai i\u0161analizuoti j\u0173 ilgaam\u017ei\u0161kum\u0105. \u0160is re\u017eimas labai svarbus vertinant ra\u0161iklio tarnavimo laik\u0105 ir patvarum\u0105 \u012fprastomis s\u0105lygomis.<\/li>\n<li><strong>Trinties koeficiento (COF) re\u017eimas<\/strong>: Tiksliai matuoja ra\u0161iklio galiuko trinties charakteristikas, kai jis s\u0105veikauja su \u012fvairiais ekrano pavir\u0161iais. \u0160is \u012fvertinimas labai svarbus siekiant u\u017etikrinti, kad ra\u0161iklis u\u017etikrint\u0173 tinkam\u0105 trinties ir tikslumo pusiausvyr\u0105, leid\u017eian\u010di\u0105 atlikti skland\u017eius, kontroliuojamus judesius be pernelyg didelio slydimo ar pasiprie\u0161inimo.<\/li>\n<\/ul>\n<\/li>\n<li>\n<h3><strong>Patogus ir tikslus valdymas<\/strong><\/h3>\n<ul>\n<li>Testeryje \u012frengtas PLC (programuojamasis loginis valdiklis) valdymas ir intuityvus HMI (\u017emogaus ir ma\u0161inos s\u0105sajos) ekranas, kad b\u016bt\u0173 galima supaprastinti pramoninio lygio valdym\u0105. \u0160ios funkcijos u\u017etikrina, kad prietais\u0105 b\u016bt\u0173 lengva valdyti net ir didelio na\u0161umo laboratorijose.<\/li>\n<li>Didelio grei\u010dio linijinio judesio kreipian\u010dioji ir specialiai sukurta plunksn\u0173 laikymo konstrukcija u\u017etikrina stabilum\u0105 ir tikslum\u0105, tod\u0117l gaunami nuosekl\u016bs ir patikimi rezultatai kokyb\u0117s kontrolei ir produkt\u0173 k\u016brimui.<\/li>\n<\/ul>\n<\/li>\n<\/ul>\n<h2><strong>Styluso ra\u0161iklio trinties testo supratimas<\/strong><\/h2>\n<p>Gaminant plunksnako\u010dius, optimalus trinties lygis yra labai svarbus, kad naudotojas b\u016bt\u0173 patenkintas, b\u016bt\u0173 u\u017etikrintas tikslumas ir ilgaam\u017eis veikimas. . <strong>Ra\u0161iklio trinties bandymas<\/strong> (antrinis raktinis \u017eodis), atliktas naudojant \"Smart Pen\" trinties koeficiento tester\u012f, suteikia verting\u0173 \u012f\u017evalg\u0173 apie \u0161ias savybes. \u0160iuo bandymu matuojama, kaip ra\u0161iklio galiukas s\u0105veikauja su jutikliniais ekranais, tod\u0117l gamintojai gali tiksliau derinti med\u017eiagas ir dizain\u0105, kad b\u016bt\u0173 u\u017etikrintas geresnis valdymas ir naudotojo patogumas. Jis u\u017etikrina, kad trintis b\u016bt\u0173 idealaus lygio, tod\u0117l ra\u0161iklis skland\u017eiai slysta ekranu ir kartu u\u017etikrina tiksl\u0173 spaudimo jautrum\u0105, kad valdymas b\u016bt\u0173 tikslus.<\/p>\n<h3><strong>Ra\u0161iklio trinties bandym\u0173 metodai<\/strong><\/h3>\n<ul>\n<li><strong>Trinties bandymo s\u0105ranka<\/strong>: Ra\u0161iklis kartu su tam tikru svoriu pritvirtinamas prie testerio ir vertikaliai pastatomas vir\u0161 ekrano arba jutiklinio skydelio. \u0160i s\u0105ranka veikia gravitacine j\u0117ga, derinant ra\u0161iklio svor\u012f ir papildom\u0105 svor\u012f, kad b\u016bt\u0173 u\u017etikrintos tikrovi\u0161kos bandymo s\u0105lygos.<\/li>\n<li><strong>Proced\u016br\u0173 ap\u017evalga<\/strong>:\n<ul>\n<li>Vartotojai gali nustatyti konkre\u010dius grei\u010dius ir pasirinkti bandym\u0173 re\u017eimus pagal reikalavimus, pritaikydami bandym\u0105 skirtingoms plunksn\u0173 med\u017eiagoms ir konstrukciniams aspektams.<\/li>\n<li><strong>Trinties koeficiento matavimas<\/strong>: \u0160i vert\u0117 yra kiekybinis rodiklis, kuriuo remiantis galima \u012fvertinti ir patobulinti plunksn\u0173 antgali\u0173 med\u017eiagas, u\u017etikrinant, kad jos atitikt\u0173 pageidaujam\u0105 trinties lyg\u012f.<\/li>\n<li><strong>Stumdomas bandymas d\u0117l patvarumo<\/strong>: Atlikus pakartotinius ciklus, slydimo bandymu nustatomas nusid\u0117v\u0117jimas ir parodoma, kaip plunksnos antgalis atlaiko ilgalaik\u012f naudojim\u0105. \u0160ie rezultatai leid\u017eia gamintojams \u012fvertinti med\u017eiagos ilgaam\u017ei\u0161kum\u0105 ir prireikus atlikti patobulinimus.<\/li>\n<\/ul>\n<\/li>\n<\/ul>\n<h2><strong>Pramon\u0117s standartai ir atitiktis<\/strong><\/h2>\n<p>\"Smart Pen\" trinties koeficiento testeris atitinka pramon\u0117s standartus, \u012fskaitant <strong>ASTM D1894<\/strong> ir <strong>ISO 8295<\/strong>, u\u017etikrinant atitikt\u012f visame pasaulyje pripa\u017eintoms trinties bandym\u0173 gair\u0117ms. Atitiktis \u0161iems standartams padidina bandym\u0173 rezultat\u0173 patikimum\u0105, tod\u0117l jie tinka tarptautinei kokyb\u0117s kontrolei ir gamini\u0173 sertifikavimui.<\/p>\n<h2><strong>I\u0161maniojo ra\u0161iklio trinties koeficiento testerio technin\u0117s specifikacijos<\/strong><\/h2>\n<ul>\n<li><strong>J\u0117gos diapazonas<\/strong>: 5N su 0,5%FS tikslumu, kuris idealiai tinka realioms ra\u0161iklio naudojimo s\u0105lygoms atkartoti.<\/li>\n<li><strong>Grei\u010dio valdymas<\/strong>: Reguliuojama nuo 1 iki 12 000 mm\/min 0,1 mm\/min tikslumu, kad b\u016bt\u0173 patenkinti \u012fvair\u016bs bandym\u0173 reikalavimai.<\/li>\n<li><strong>Spaudimo svoris<\/strong>: 150 g, imituojanti svor\u012f, kuris paprastai naudojamas standartinio plunksnos veikimo metu.<\/li>\n<li><strong>Sm\u016bgio ilgis<\/strong>: 350 mm, tod\u0117l galima atlikti ilgesnius bandym\u0173 ciklus, kad b\u016bt\u0173 \u012fvertintas ilgaam\u017ei\u0161kumas.<\/li>\n<li><strong>Maitinimo \u0161altinis<\/strong>: 110-220 V, suderinamas su daugeliu laboratorini\u0173 ir pramonini\u0173 maitinimo standart\u0173, kad b\u016bt\u0173 galima universaliai naudoti.<\/li>\n<\/ul>\n<h2><strong>I\u0161maniojo ra\u0161iklio trinties koeficiento matuoklio taikymas<\/strong><\/h2>\n<p>\u0160is testeris yra labai svarbus <strong>Mokslini\u0173 tyrim\u0173 ir pl\u0117tros laboratorijos<\/strong>, <strong>gamintojai<\/strong>, ir <strong>kokyb\u0117s kontrol\u0117s skyriai<\/strong> elektronikos pried\u0173, mokymo priemoni\u0173 ir k\u016brybini\u0173 prietais\u0173, kuriuose ra\u0161iklio veikimas yra labai svarbus, pramon\u0117s \u0161akose. Pateikdamas patikimus duomenis apie trint\u012f ir ilgaam\u017ei\u0161kum\u0105, jis leid\u017eia \u012fmon\u0117ms kurti auk\u0161tos kokyb\u0117s, patogius ra\u0161iklius, pritaikytus klient\u0173 poreikiams tokiuose sektoriuose kaip <strong>elektronika<\/strong>, <strong>vartotoj\u0173 technologijos<\/strong>, <strong>\u0161vietimas<\/strong>, ir <strong>pramogos<\/strong>.<\/p>\n<h2><strong>DUK apie i\u0161maniojo ra\u0161iklio trinties koeficiento bandymus<\/strong><\/h2>\n<ul>\n<li><strong>Koks yra ra\u0161iklio trinties testo tikslas?<\/strong><br \/>\nAtliekant trinties bandym\u0105 \u012fvertinama ra\u0161iklio antgalio ir ekrano pavir\u0161iaus s\u0105veika ir gaunami duomenys apie ra\u0161iklio pasiprie\u0161inim\u0105 arba lygum\u0105, o tai labai svarbu valdymui ir tikslumui.<\/li>\n<li><strong>Kaip slankiojo re\u017eimo bandymas padeda \u012fvertinti plunksn\u0173 patvarum\u0105?<\/strong><br \/>\nSlydimo re\u017eimu matuojamas ra\u0161iklio antgalio nusid\u0117v\u0117jimas per daugyb\u0119 cikl\u0173, tod\u0117l galima su\u017einoti, kaip ra\u0161iklis veiks po ilgo naudojimo - tai labai svarbus ilgaam\u017ei\u0161kumo veiksnys.<\/li>\n<li><strong>Kokie yra trinties bandym\u0173 pramon\u0117s standartai?<\/strong><br \/>\nASTM D1894 ir ISO 8295 yra pagrindiniai trinties bandym\u0173 standartai, taikomi vertinant plunksnomis ir kitomis med\u017eiagomis, kuriuose pateikiamos bandymo s\u0105lyg\u0173 ir tikslumo gair\u0117s.<\/li>\n<li><strong>Kaip trintis veikia ra\u0161iklio tikslum\u0105?<\/strong><br \/>\nTinkamas trinties lygis u\u017etikrina, kad plunksna tiksliai reaguot\u0173 \u012f naudotojo \u012fvestus duomenis, tod\u0117l galima atlikti skland\u017eius ir tikslius judesius, kurie pagerina naudotojo valdym\u0105 ir pasitenkinim\u0105.<\/li>\n<li><strong>Kokius ekran\u0173 tipus galima i\u0161bandyti naudojant \u0161i\u0105 \u012frang\u0105?<\/strong><br \/>\n\u0160iuo testeriu galima \u012fvertinti trinties s\u0105veik\u0105 tarp ra\u0161iklio galiuk\u0173 ir \u012fvairi\u0173 tip\u0173 ekran\u0173, tod\u0117l j\u012f galima naudoti \u012fvairiems prietaisams ir med\u017eiagoms testuoti.<\/li>\n<\/ul>\n<p>\"Smart Pen\" trinties koeficiento testeris yra galingas \u012frankis ra\u0161ikli\u0173 gamintojams, siekiantiems pagerinti gamini\u0173 kokyb\u0119 ir vartotoj\u0173 pasitenkinim\u0105. Atlikdamas tikslius trinties ir nusid\u0117v\u0117jimo matavimus, \u0161is prietaisas leid\u017eia kurti ra\u0161iklius, pasi\u017eymin\u010dius idealiu trinties lygiu, ilgaam\u017ei\u0161kumu ir tikslumu. D\u0117l dviej\u0173 testavimo re\u017eim\u0173 ir itin tikslaus veikimo \u0161is prietaisas yra puikus pasirinkimas kokyb\u0117s kontrol\u0117s laboratorijoms ir gamini\u0173 k\u016br\u0117jams, siekiantiems u\u017etikrinti auk\u0161\u010diausios kokyb\u0117s plunksnako\u010dius.<\/p>","protected":false},"excerpt":{"rendered":"<p>\"Smart Pen\" trinties koeficiento testeris yra specializuotas prietaisas, skirtas \u012fvertinti ir optimizuoti plunksnako\u010di\u0173 veikim\u0105 atliekant tikslius trinties ir ilgaam\u017ei\u0161kumo bandymus. \u0160is modernus testeris b\u016btinas gamintojams ir mokslini\u0173 tyrim\u0173 ir pl\u0117tros laboratorijoms, siekian\u010dioms pagerinti plunksnako\u010di\u0173 gamini\u0173 naudojimo patirt\u012f, tikslum\u0105 ir ilgaam\u017ei\u0161kum\u0105. Suteikdamas i\u0161samias \u012f\u017evalgas apie trinties savybes ir atsparum\u0105 d\u0117v\u0117jimuisi, \"Smart Pen\" trinties koeficiento testeris leid\u017eia patobulinti gamin\u012f, u\u017etikrinant, kad plunksnako\u010diai atitikt\u0173 auk\u0161\u010diausius kokyb\u0117s ir ilgaam\u017ei\u0161kumo standartus.<\/p>","protected":false},"featured_media":6272,"comment_status":"closed","ping_status":"closed","template":"","meta":{"site-sidebar-layout":"default","site-content-layout":"default","ast-global-header-display":"","ast-main-header-display":"","ast-hfb-above-header-display":"","ast-hfb-below-header-display":"","ast-hfb-mobile-header-display":"","site-post-title":"","ast-breadcrumbs-content":"","ast-featured-img":"","footer-sml-layout":"","theme-transparent-header-meta":"default","adv-header-id-meta":"","stick-header-meta":"","header-above-stick-meta":"","header-main-stick-meta":"","header-below-stick-meta":""},"product_cat":[937,953,956,955,954,957,958,952,959,683,95],"product_tag":[],"class_list":{"0":"post-5175","1":"product","2":"type-product","3":"status-publish","4":"has-post-thumbnail","6":"product_cat-electronic-product-tester","7":"product_cat-bursting-tester","8":"product_cat-cobb-tester","9":"product_cat-crush-tester","10":"product_cat-paper-tear-tester","11":"product_cat-plybond-tester","12":"product_cat-puncture-tester","13":"product_cat-rub-tester","14":"product_cat-stiffness-tester","15":"product_cat-coefficient-of-friction-tester","16":"product_cat-products","17":"desktop-align-left","18":"tablet-align-left","19":"mobile-align-left","21":"first","22":"instock","23":"shipping-taxable","24":"product-type-simple"},"_links":{"self":[{"href":"https:\/\/www.qualitester.com\/lt\/wp-json\/wp\/v2\/product\/5175","targetHints":{"allow":["GET"]}}],"collection":[{"href":"https:\/\/www.qualitester.com\/lt\/wp-json\/wp\/v2\/product"}],"about":[{"href":"https:\/\/www.qualitester.com\/lt\/wp-json\/wp\/v2\/types\/product"}],"replies":[{"embeddable":true,"href":"https:\/\/www.qualitester.com\/lt\/wp-json\/wp\/v2\/comments?post=5175"}],"version-history":[{"count":0,"href":"https:\/\/www.qualitester.com\/lt\/wp-json\/wp\/v2\/product\/5175\/revisions"}],"wp:featuredmedia":[{"embeddable":true,"href":"https:\/\/www.qualitester.com\/lt\/wp-json\/wp\/v2\/media\/6272"}],"wp:attachment":[{"href":"https:\/\/www.qualitester.com\/lt\/wp-json\/wp\/v2\/media?parent=5175"}],"wp:term":[{"taxonomy":"product_cat","embeddable":true,"href":"https:\/\/www.qualitester.com\/lt\/wp-json\/wp\/v2\/product_cat?post=5175"},{"taxonomy":"product_tag","embeddable":true,"href":"https:\/\/www.qualitester.com\/lt\/wp-json\/wp\/v2\/product_tag?post=5175"}],"curies":[{"name":"wp","href":"https:\/\/api.w.org\/{rel}","templated":true}]}}