{"id":5167,"date":"2024-10-31T13:16:34","date_gmt":"2024-10-31T05:16:34","guid":{"rendered":"https:\/\/www.qualitester.com\/?post_type=product&#038;p=5167"},"modified":"2024-12-05T09:33:56","modified_gmt":"2024-12-05T01:33:56","slug":"sale-non-destructive-leak-testing-equipment","status":"publish","type":"product","link":"https:\/\/www.qualitester.com\/lt\/produktas-2\/sale-non-destructive-leak-testing-equipment\/","title":{"rendered":"MLT-01 mikro nuot\u0117kio testeris"},"content":{"rendered":"<h2>\u012evadas<\/h2>\n<p>\u0160iuolaikin\u0117je konkurencingoje rinkoje pakuo\u010di\u0173 vientisumo u\u017etikrinimas yra labai svarbus siekiant i\u0161laikyti produkt\u0173 kokyb\u0119 ir vartotoj\u0173 saug\u0105. Neardomojo sandarumo tikrinimo \u012franga atlieka svarb\u0173 vaidmen\u012f siekiant \u0161io tikslo. Mikro nuot\u0117kio testeris MLT-01 sukurtas taip, kad u\u017etikrint\u0173 tiksl\u0173 ir patikim\u0105 nepor\u0117t\u0173, stand\u017ei\u0173 ar lanks\u010di\u0173 pakuo\u010di\u0173 nuot\u0117kio aptikim\u0105, tod\u0117l jis yra labai svarbus \u012frankis \u012fvairiose pramon\u0117s \u0161akose, \u012fskaitant farmacijos, maisto produkt\u0173 ir medicinos prietais\u0173 pakuotes.<\/p>\n<h2>ASTM F2338 standarto supratimas<\/h2>\n<h3>Kas yra <a href=\"https:\/\/www.astm.org\/f2338-09r20.html\" target=\"_blank\" rel=\"noopener nofollow\">ASTM F2338<\/a>?<\/h3>\n<p><a href=\"https:\/\/www.qualitester.com\/lt\/produkto-kategorija-2\/astm\/astm-d2338\/\">ASTM F2338<\/a> yra labai svarbus standartas, kuriame apra\u0161yti bandym\u0173 metodai, skirti sandari\u0173 pakuo\u010di\u0173 vientisumui \u012fvertinti atliekant neardomuosius sandarumo bandymus. \u0160is standartas u\u017etikrina, kad gaminiai atitikt\u0173 grie\u017etus kokyb\u0117s ir saugos kriterijus, ypa\u010d reguliuojamose pramon\u0117s \u0161akose. ASTM F2338 apibr\u0117\u017eti metodai yra labai svarb\u016bs nustatant galim\u0105 nuot\u0117k\u012f, kuris gali pakenkti produkto vientisumui ir sukelti dideli\u0173 finansini\u0173 nuostoli\u0173.<\/p>\n<h3>ASTM F2338 apibr\u0117\u017eti bandym\u0173 metodai<\/h3>\n<p>ASTM F2338 standarte pateikiami keli nuot\u0117kio nustatymo metodai, daugiausia d\u0117mesio skiriama vakuuminio irimo metodui. Taikant \u0161\u012f metod\u0105 bandomoji pakuot\u0117 veikiama neigiamu sl\u0117giu ir stebimas bet koks sl\u0117gio padid\u0117jimas, rodantis nuot\u0117k\u012f. Palyginti su kitais nuot\u0117kio bandymo metodais, vakuumo ma\u017e\u0117jimo metodas yra labai jautrus ir veiksmingas, tod\u0117l tinka \u012fvairioms reikm\u0117ms.<\/p>\n<h2>MLT-01 mikro nuot\u0117kio testeris<\/h2>\n<h3>Sistemos apra\u0161ymas<\/h3>\n<p>MLT-01 mikro nuot\u0117kio testeryje naudojama sud\u0117tinga konstrukcija, kuri\u0105 sudaro kanal\u0173 ir vo\u017etuv\u0173 tinklas, jungiantis bandymo kamer\u0105 su didel\u0117s skiriamosios gebos sl\u0117gio jutikliu ir i\u0161oriniu vakuumo \u0161altiniu. Sistemoje \u012frengtas PLC valdymo blokas ir HMI jutiklinis ekranas, tod\u0117l j\u0105 galima valdyti intuityviai. I\u0161orinis duj\u0173 srauto matuoklis u\u017etikrina optimal\u0173 sistemos veikim\u0105, o specialiai suprojektuotoje bandymo kameroje saugiai u\u017edarytas bandym\u0173 paketas, \u012f j\u0105 galima \u012fmontuoti \u012frankius, kad prireikus b\u016bt\u0173 apribotas jud\u0117jimas ar i\u0161sipl\u0117timas.<\/p>\n<h3>Testavimo procesas<\/h3>\n<p>MLT-01 mikrotesto testeriu atliekamo bandymo proces\u0105 sudaro keturi pagrindiniai etapai:<\/p>\n<ol>\n<li><strong>U\u017epildymo etapas<\/strong>: U\u017efiksuokite m\u0117gin\u012f kameroje ir sukurkite neigiam\u0105 sl\u0117g\u012f, kad b\u016bt\u0173 sukurta kontroliuojama aplinka.<\/li>\n<li><strong>SETTLE etapas<\/strong>: Leiskite sistemai prisitaikyti prie bet kokio sudedamosios dalies i\u0161tempimo ar sulenkimo, kuris gali atsirasti esant neigiamam sl\u0117giui.<\/li>\n<li><strong>TEST etapas<\/strong>: I\u0161matuokite bet kok\u012f sl\u0117gio padid\u0117jim\u0105 \u0161io etapo metu. Didelis pokytis rodo, kad yra nuot\u0117kis.<\/li>\n<li><strong>Ventiliacijos etapas<\/strong>: I\u0161leiskite likus\u012f neigiam\u0105 sl\u0117g\u012f \u012f atmosfer\u0105 ir \u012fvertinkite rezultatus. Jei m\u0117ginys nevir\u0161ija nurodyto intervalo, jis TIKSLINAS, prie\u0161ingu atveju - NEGERAS.<\/li>\n<\/ol>\n<h3>Technin\u0117s savyb\u0117s<\/h3>\n<ul>\n<li><strong>PLC sistemos veikimas<\/strong>: Siekiant didesnio patikimumo, sistema valdoma programuojamuoju loginiu valdikliu (PLC).<\/li>\n<li><strong>Pritaikomi kamer\u0173 dyd\u017eiai<\/strong>: Galimi individual\u016bs dyd\u017eiai, pritaikyti \u012fvairiems pakuo\u010di\u0173 matmenims.<\/li>\n<li><strong>Didelis jautrumas<\/strong>: MLT-01 pasi\u017eymi i\u0161skirtiniu jautrumu, juo galima aptikti nedidelius 1-3 \u03bcm nuot\u0117kius.<\/li>\n<li><strong>Efektyvaus nuot\u0117kio koeficiento apskai\u010diavimas<\/strong>: Testeris tiksliai apskai\u010diuoja nuot\u0117kio greit\u012f ir pateikia svarbius duomenis, reikalingus kokybei u\u017etikrinti.<\/li>\n<li><strong>Efektyvus bandym\u0173 metodas<\/strong>: MLT-01 supaprastina bandym\u0173 proces\u0105, tod\u0117l nuot\u0117kio aptikimo metodas yra paprastas.<\/li>\n<\/ul>\n<h2>Programos ir nauda<\/h2>\n<p>MLT-01 mikrotesto testeris idealiai tinka \u012fvairioms pramon\u0117s \u0161akoms, \u012fskaitant farmacijos, maisto ir g\u0117rim\u0173, medicinos prietais\u0173 ir pakuo\u010di\u0173 pramon\u0119. Jo neardom\u0173j\u0173 bandym\u0173 galimyb\u0117s u\u017etikrina, kad produktas i\u0161likt\u0173 vientisas viso gamybos proceso metu. Naudodamos \u0161i\u0105 pa\u017eangi\u0105 nuot\u0117kio testavimo \u012frang\u0105, \u012fmon\u0117s gali i\u0161vengti brangiai kainuojan\u010di\u0173 at\u0161aukim\u0173, padidinti produkt\u0173 saug\u0105 ir laikytis teis\u0117s akt\u0173 reikalavim\u0173.<\/p>\n<p>Neardomoji sandarumo tikrinimo \u012franga, tokia kaip MLT-01 Micro Leak Tester, yra labai svarbi siekiant i\u0161laikyti gamini\u0173 kokyb\u0119 ir u\u017etikrinti vartotoj\u0173 saug\u0105. MLT-01 atitinka ASTM F2338 standartus ir yra naujovi\u0161kos konstrukcijos, tod\u0117l gamintojams suteikia patikim\u0105 sprendim\u0105 nuot\u0117kiui aptikti. Investuokite \u012f MLT-01 jau \u0161iandien, kad pagerintum\u0117te kokyb\u0117s u\u017etikrinimo procesus ir apsaugotum\u0117te savo gaminius.<\/p>\n<h2>DUK skyrius<\/h2>\n<ol>\n<li><strong>Kokia yra tipin\u0117 MLT-01 mikro nuot\u0117kio testerio MLT-01 testavimo trukm\u0117?<\/strong>\n<ul>\n<li>Testavimo trukm\u0117 skiriasi, paprastai ji svyruoja nuo keli\u0173 sekund\u017ei\u0173 iki keli\u0173 minu\u010di\u0173, priklausomai nuo pakuot\u0117s dyd\u017eio ir reikiamo jautrumo nuot\u0117kiui.<\/li>\n<\/ul>\n<\/li>\n<li><strong>Kaip jautriai MLT-01 aptinka nuot\u0117kius?<\/strong>\n<ul>\n<li>MLT-01 gali aptikti nedidelius, 1-3 \u03bcm dyd\u017eio nuot\u0117kius, tod\u0117l yra labai veiksmingas kokyb\u0117s u\u017etikrinimui.<\/li>\n<\/ul>\n<\/li>\n<li><strong>Ar galima pritaikyti MLT-01 kameros dyd\u012f?<\/strong>\n<ul>\n<li>Taip, MLT-01 galima pritaikyti kameros dyd\u012f, kad ji atitikt\u0173 \u012fvairius pakuo\u010di\u0173 matmenis ir bandym\u0173 reikalavimus.<\/li>\n<\/ul>\n<\/li>\n<li><strong>Kokio maitinimo \u0161altinio reikia MLT-01?<\/strong>\n<ul>\n<li>MLT-01 veikia naudojant 110-220 V kintamosios srov\u0117s maitinimo \u0161altin\u012f 50 Hz da\u017eniu.<\/li>\n<\/ul>\n<\/li>\n<li><strong>Kaip vakuuminio irimo metodas lyginamas su kitais nuot\u0117kio tikrinimo metodais?<\/strong>\n<ul>\n<li>Vakuuminio irimo metodas paprastai yra jautresnis ir efektyvesnis nei kiti metodai, tod\u0117l idealiai tinka nuot\u0117kiui aptikti neporingose pakuot\u0117se j\u0173 nepa\u017eeid\u017eiant.<\/li>\n<\/ul>\n<\/li>\n<\/ol>","protected":false},"excerpt":{"rendered":"<p>Neardomoji sandarumo tikrinimo \u012franga, tokia kaip MLT-01 Micro Leak Tester, yra labai svarbi siekiant i\u0161laikyti gamini\u0173 kokyb\u0119 ir u\u017etikrinti vartotoj\u0173 saug\u0105. MLT-01 atitinka ASTM F2338 standartus ir yra naujovi\u0161kos konstrukcijos, tod\u0117l gamintojams suteikia patikim\u0105 sprendim\u0105 nuot\u0117kiui aptikti. Investuokite \u012f MLT-01 jau \u0161iandien, kad pagerintum\u0117te kokyb\u0117s u\u017etikrinimo procesus ir apsaugotum\u0117te savo gaminius.<\/p>","protected":false},"featured_media":6153,"comment_status":"closed","ping_status":"closed","template":"","meta":{"site-sidebar-layout":"default","site-content-layout":"default","ast-global-header-display":"","ast-main-header-display":"","ast-hfb-above-header-display":"","ast-hfb-below-header-display":"","ast-hfb-mobile-header-display":"","site-post-title":"","ast-breadcrumbs-content":"","ast-featured-img":"","footer-sml-layout":"","theme-transparent-header-meta":"default","adv-header-id-meta":"","stick-header-meta":"","header-above-stick-meta":"","header-main-stick-meta":"","header-below-stick-meta":""},"product_cat":[845,953,956,955,954,957,958,952,959,144,95],"product_tag":[],"class_list":{"0":"post-5167","1":"product","2":"type-product","3":"status-publish","4":"has-post-thumbnail","6":"product_cat-customization","7":"product_cat-bursting-tester","8":"product_cat-cobb-tester","9":"product_cat-crush-tester","10":"product_cat-paper-tear-tester","11":"product_cat-plybond-tester","12":"product_cat-puncture-tester","13":"product_cat-rub-tester","14":"product_cat-stiffness-tester","15":"product_cat-astm-f2338","16":"product_cat-products","17":"desktop-align-left","18":"tablet-align-left","19":"mobile-align-left","21":"first","22":"instock","23":"shipping-taxable","24":"product-type-simple"},"_links":{"self":[{"href":"https:\/\/www.qualitester.com\/lt\/wp-json\/wp\/v2\/product\/5167","targetHints":{"allow":["GET"]}}],"collection":[{"href":"https:\/\/www.qualitester.com\/lt\/wp-json\/wp\/v2\/product"}],"about":[{"href":"https:\/\/www.qualitester.com\/lt\/wp-json\/wp\/v2\/types\/product"}],"replies":[{"embeddable":true,"href":"https:\/\/www.qualitester.com\/lt\/wp-json\/wp\/v2\/comments?post=5167"}],"version-history":[{"count":0,"href":"https:\/\/www.qualitester.com\/lt\/wp-json\/wp\/v2\/product\/5167\/revisions"}],"wp:featuredmedia":[{"embeddable":true,"href":"https:\/\/www.qualitester.com\/lt\/wp-json\/wp\/v2\/media\/6153"}],"wp:attachment":[{"href":"https:\/\/www.qualitester.com\/lt\/wp-json\/wp\/v2\/media?parent=5167"}],"wp:term":[{"taxonomy":"product_cat","embeddable":true,"href":"https:\/\/www.qualitester.com\/lt\/wp-json\/wp\/v2\/product_cat?post=5167"},{"taxonomy":"product_tag","embeddable":true,"href":"https:\/\/www.qualitester.com\/lt\/wp-json\/wp\/v2\/product_tag?post=5167"}],"curies":[{"name":"wp","href":"https:\/\/api.w.org\/{rel}","templated":true}]}}