{"id":5132,"date":"2024-10-30T17:07:18","date_gmt":"2024-10-30T09:07:18","guid":{"rendered":"https:\/\/www.qualitester.com\/?post_type=product&#038;p=5132"},"modified":"2024-12-05T11:37:45","modified_gmt":"2024-12-05T03:37:45","slug":"sale-glass-grains-sampler-for-hydrolytic-resistance","status":"publish","type":"product","link":"https:\/\/www.qualitester.com\/lt\/produktas-2\/sale-glass-grains-sampler-for-hydrolytic-resistance\/","title":{"rendered":"GHR-01A Stiklinis gr\u016bd\u0173 m\u0117gintuv\u0117lis"},"content":{"rendered":"<h2><strong>\u012evadas \u012f GHR-01A stiklo gr\u016bd\u0173 m\u0117gini\u0173 \u0117mikl\u012f atsparumui hidrolizei nustatyti<\/strong><\/h2>\n<p>Svetain\u0117 <strong>GHR-01A Stiklo gr\u016bd\u0173 m\u0117gini\u0173 \u0117miklis atsparumui hidrolizei<\/strong>\u00a0yra pa\u017eangus prietaisas, skirtas stiklo med\u017eiag\u0173 cheminiam atsparumui vandeniui \u012fvertinti. \u0160is itin svarbus kokyb\u0117s kontrol\u0117s tyrimas yra gyvybi\u0161kai svarbus farmacijos pramon\u0117je, nes juo nustatoma, kaip pakavimo med\u017eiagos, pavyzd\u017eiui, stikliniai buteliai ir ampul\u0117s, s\u0105veikauja su juose esan\u010diais vaistais, o tai turi tiesiogin\u0117s \u012ftakos \u0161i\u0173 produkt\u0173 stabilumui ir saugumui.<\/p>\n<h3><strong>Hidrolizinio atsparumo bandym\u0173 supratimas<\/strong><\/h3>\n<p>Atliekant atsparumo hidroliz\u0117s poveikiui bandymus \u012fvertinamas stiklo med\u017eiag\u0173 polinkis suirti, kai jos lie\u010diasi su vandeniu. D\u0117l \u0161io skilimo gali i\u0161siskirti jonai, kurie gali pakenkti vaist\u0173 veiksmingumui. Norint i\u0161laikyti vaist\u0173 vientisum\u0105 ir i\u0161vengti nepageidaujam\u0173 reakcij\u0173, labai svarbu u\u017etikrinti, kad stiklo pakuot\u0117s pasi\u017eym\u0117t\u0173 dideliu atsparumu hidroliz\u0117s poveikiui.<\/p>\n<h3><strong>Hidrolizinio atsparumo bandymo standartai<\/strong><\/h3>\n<ul>\n<li><strong><a href=\"https:\/\/www.iso.org\/standard\/77843.html\" target=\"_blank\" rel=\"noopener nofollow\">ISO 719<\/a>: Stiklas - Stiklo gr\u016bdeli\u0173 atsparumas hidrolizei esant 98 \u2103<\/strong><br \/>\n\u0160iame standarte apra\u0161ytas bandymo metodas ir klasifikacija, skirti stiklo gr\u016bdeli\u0173 atsparumui hidrolizei 98 \u2103 temperat\u016broje \u012fvertinti. Jame pateikiamos gair\u0117s, kaip paruo\u0161ti bandinius ir \u012fvertinti j\u0173 atsparum\u0105 vandeniui, kuris yra labai svarbus siekiant u\u017etikrinti, kad stiklo pakuot\u0117s i\u0161laikyt\u0173 savo vientisum\u0105 \u012fprastomis laikymo s\u0105lygomis.<\/li>\n<li><strong><a href=\"https:\/\/www.iso.org\/standard\/77844.html\" target=\"_blank\" rel=\"noopener nofollow\">ISO 720<\/a>: Stiklas - Stiklo gr\u016bdeli\u0173 atsparumas hidrolizei 121 \u2103 temperat\u016broje<\/strong><br \/>\nPana\u0161us \u012f <a href=\"https:\/\/www.qualitester.com\/lt\/produkto-kategorija-2\/iso\/iso-719\/\" target=\"_blank\" rel=\"noopener\">ISO 719<\/a>, \u0161iame standarte daugiausia d\u0117mesio skiriama stiklo gr\u016bdeli\u0173 bandymams padidintoje 121 \u2103 temperat\u016broje. Jame pateikiama grie\u017eta metodika, skirta \u012fvertinti, kaip stiklo med\u017eiagos veikia ekstremalesn\u0117mis s\u0105lygomis, o tai ypa\u010d aktualu sterilizacijos procesams.<\/li>\n<\/ul>\n<h3><strong>Bandym\u0173 metodika<\/strong><\/h3>\n<p>Atliekant bandym\u0105 stiklo m\u0117ginys \u012fdedamas \u012f skiedikl\u012f, kuriame automatinis gr\u016bstuvas sutrupina stikl\u0105 \u012f gabal\u0117lius. Tuomet prietaisas vibruoja daugyb\u0119 siet\u0173, kurie atskiria tinkamus m\u0117ginius nuo stiklo granuli\u0173 atliek\u0173. \u0160is automatizuotas metodas u\u017etikrina, kad m\u0117giniai b\u016bt\u0173 ruo\u0161iami tiksliai ir efektyviai, laikantis ISO 719 ir ISO 720 standart\u0173.<\/p>\n<h2><strong>GHR-01A testerio savyb\u0117s ir privalumai<\/strong><\/h2>\n<ol>\n<li><strong>I\u0161manioji automatika<\/strong>: GHR-01A sujungia smulkinim\u0105 ir vibracin\u012f sijojim\u0105 \u012f vien\u0105 \u012frengin\u012f, taip palengvindamas skland\u0173 m\u0117gini\u0173 paruo\u0161im\u0105 ir u\u017etikrindamas standartinius m\u0117gini\u0173 dyd\u017eius.<\/li>\n<li><strong>Patogi vartotojui s\u0105saja<\/strong>: HMI ekrano operacijos u\u017etikrina paprast\u0105 \u017emogaus ir ma\u0161inos s\u0105veik\u0105, tod\u0117l operatoriams lengva valdyti bandym\u0173 proces\u0105.<\/li>\n<li><strong>Saugos funkcijos<\/strong>: Ma\u017eesnis rank\u0173 darbo kiekis padidina darbuotoj\u0173 saugum\u0105, o \u012fmontuoti apsauginiai \u012ftaisai apsaugo nuo stiklo \u0161uki\u0173 ir i\u0161laiko bandymo vientisum\u0105.<\/li>\n<li><strong>Ekologi\u0161kas dizainas<\/strong>: \u012erenginyje yra specialus stiklo atliek\u0173 surinkimas, kad b\u016bt\u0173 suma\u017eintas poveikis aplinkai.<\/li>\n<li><strong>Tiksl\u016bs bandymai<\/strong>: Automatizuotas sijojimas padidina tikslum\u0105 ir leid\u017eia gauti patikimus rezultatus.<\/li>\n<li><strong>Ribinio jungiklio funkcija<\/strong>: Papildomos saugos priemon\u0117s u\u017ekerta keli\u0105 darbiniams pavojams.<\/li>\n<li><strong>Optimizuotas dizainas<\/strong>: Vertikalus i\u0161d\u0117stymas suma\u017eina gravitacin\u012f poveik\u012f didesniems m\u0117giniams ir u\u017etikrina nuoseklius bandymo rezultatus.<\/li>\n<\/ol>\n<h3><strong>Pagrindiniai parametrai<\/strong><\/h3>\n<table>\n<tbody>\n<tr>\n<td style=\"text-align: center;\" width=\"202\">Skiedinio \/ sviedinio matmenys<\/td>\n<td style=\"text-align: center;\" width=\"151\">\u03a650\/\u03a648 mm<\/td>\n<\/tr>\n<tr>\n<td style=\"text-align: center;\" width=\"202\">A sieto diafragma<\/td>\n<td style=\"text-align: center;\" width=\"151\">425 \u03bcm<\/td>\n<\/tr>\n<tr>\n<td style=\"text-align: center;\" width=\"202\">Sieto B diafragma<\/td>\n<td style=\"text-align: center;\" width=\"151\">300 \u03bcm<\/td>\n<\/tr>\n<tr>\n<td style=\"text-align: center;\" width=\"202\">Sieto O diafragma<\/td>\n<td style=\"text-align: center;\" width=\"151\">600 \u03bcm\u03bcm\u03bcm<\/td>\n<\/tr>\n<tr>\n<td style=\"text-align: center;\" width=\"202\">Siet\u0173 kratymo trukm\u0117<\/td>\n<td style=\"text-align: center;\" width=\"151\">5 min.<\/td>\n<\/tr>\n<tr>\n<td style=\"text-align: center;\" width=\"202\">Duj\u0173 sl\u0117gis<\/td>\n<td style=\"text-align: center;\" width=\"151\">0,5 Mpa<\/td>\n<\/tr>\n<tr>\n<td style=\"text-align: center;\" width=\"202\">Duj\u0173 angos dydis<\/td>\n<td style=\"text-align: center;\" width=\"151\">\u04246 mm<\/td>\n<\/tr>\n<tr>\n<td style=\"text-align: center;\" width=\"202\">Maitinimas<\/td>\n<td style=\"text-align: center;\" width=\"151\">110~220V 50Hz kintamosios srov\u0117s \u012ftampa<\/td>\n<\/tr>\n<\/tbody>\n<\/table>\n<h2><strong>GHR-01A testerio taikymo sritys<\/strong><\/h2>\n<p>GHR-01A yra labai svarbus \u012fvairiems taikymams, ypa\u010d farmacijos ir medicinos prietais\u0173 pramon\u0117je. Jis idealiai tinka \u012fvairi\u0173 medicininio stiklo gamini\u0173, \u012fskaitant infuzinius buteliukus, injekcinius buteliukus, ampules ir buteliukus su geriamaisiais skys\u010diais, hidrolitinio atsparumo m\u0117giniams ruo\u0161ti.<\/p>\n<p>Apibendrinant galima teigti, kad <strong>GHR-01A Stiklo gr\u016bd\u0173 hidrolitinio atsparumo testeris<\/strong> yra sud\u0117tingas sprendimas, u\u017etikrinantis vaist\u0173 stiklini\u0173 pakuo\u010di\u0173 kokyb\u0119 ir saugum\u0105. \u0160is prietaisas atitinka ISO standartus, tod\u0117l pateikia patikimus rezultatus, kurie yra labai svarb\u016bs siekiant i\u0161laikyti farmacini\u0173 produkt\u0173 vientisum\u0105. Pasirinkite GHR-01A savo tyrim\u0173 poreikiams, kad u\u017etikrintum\u0117te auk\u0161\u010diausius kokyb\u0117s kontrol\u0117s standartus.<\/p>\n<h2><strong>DUK<\/strong><\/h2>\n<ol>\n<li><strong>Kas yra atsparumas hidroliz\u0117ms?<\/strong> Atsparumas hidrolizei - tai stiklo med\u017eiag\u0173 atsparumas irimui veikiant vandeniui, kuris yra labai svarbus farmaciniam stabilumui i\u0161laikyti.<\/li>\n<li><strong>Kaip veikia GHR-01A testeris?<\/strong> Testeris automati\u0161kai susmulkina stiklo m\u0117ginius ir vibruoja sietus, kad atskirt\u0173 reikalavimus atitinkan\u010dias granules nuo atliek\u0173, taip supaprastindamas testavimo proces\u0105.<\/li>\n<li><strong>Kokius standartus atitinka GHR-01A?<\/strong> GHR-01A atitinka ISO 719 ir ISO 720 standartus, taikomus stiklo gr\u016bdeli\u0173 atsparumo hidroliz\u0117s poveikiui bandymams.<\/li>\n<li><strong>Kokius gaminius galima i\u0161bandyti?<\/strong> GHR-01A tinka infuzini\u0173 buteliuk\u0173, injekcini\u0173 buteliuk\u0173, ampuli\u0173 ir geriam\u0173j\u0173 skys\u010di\u0173 talpykl\u0173 stiklui tikrinti.<\/li>\n<li><strong>Ar bandym\u0173 procesas yra saugus?<\/strong> Taip, GHR-01A suprojektuotas su daugybe saugos funkcij\u0173, kad b\u016bt\u0173 apsaugotas personalas ir i\u0161laikytas bandym\u0173 vientisumas.<\/li>\n<\/ol>","protected":false},"excerpt":{"rendered":"<p>Svetain\u0117 <strong>GHR-01A Stiklo gr\u016bd\u0173 m\u0117gini\u0173 \u0117miklis atsparumui hidrolizei<\/strong>\u00a0yra pa\u017eangus prietaisas, skirtas stiklo med\u017eiag\u0173 cheminiam atsparumui vandeniui \u012fvertinti. \u0160is itin svarbus kokyb\u0117s kontrol\u0117s tyrimas yra gyvybi\u0161kai svarbus farmacijos pramon\u0117je, nes juo nustatoma, kaip pakavimo med\u017eiagos, pavyzd\u017eiui, stikliniai buteliai ir ampul\u0117s, s\u0105veikauja su juose esan\u010diais vaistais, o tai turi tiesiogin\u0117s \u012ftakos \u0161i\u0173 produkt\u0173 stabilumui ir saugumui.<\/p>","protected":false},"featured_media":6209,"comment_status":"closed","ping_status":"closed","template":"","meta":{"site-sidebar-layout":"default","site-content-layout":"default","ast-global-header-display":"","ast-main-header-display":"","ast-hfb-above-header-display":"","ast-hfb-below-header-display":"","ast-hfb-mobile-header-display":"","site-post-title":"","ast-breadcrumbs-content":"","ast-featured-img":"","footer-sml-layout":"","theme-transparent-header-meta":"default","adv-header-id-meta":"","stick-header-meta":"","header-above-stick-meta":"","header-main-stick-meta":"","header-below-stick-meta":""},"product_cat":[845,149,167,168,95],"product_tag":[],"class_list":{"0":"post-5132","1":"product","2":"type-product","3":"status-publish","4":"has-post-thumbnail","6":"product_cat-customization","7":"product_cat-pharma-and-medical-testers","8":"product_cat-iso-719","9":"product_cat-iso-720","10":"product_cat-products","11":"desktop-align-left","12":"tablet-align-left","13":"mobile-align-left","15":"first","16":"instock","17":"shipping-taxable","18":"product-type-simple"},"_links":{"self":[{"href":"https:\/\/www.qualitester.com\/lt\/wp-json\/wp\/v2\/product\/5132","targetHints":{"allow":["GET"]}}],"collection":[{"href":"https:\/\/www.qualitester.com\/lt\/wp-json\/wp\/v2\/product"}],"about":[{"href":"https:\/\/www.qualitester.com\/lt\/wp-json\/wp\/v2\/types\/product"}],"replies":[{"embeddable":true,"href":"https:\/\/www.qualitester.com\/lt\/wp-json\/wp\/v2\/comments?post=5132"}],"version-history":[{"count":0,"href":"https:\/\/www.qualitester.com\/lt\/wp-json\/wp\/v2\/product\/5132\/revisions"}],"wp:featuredmedia":[{"embeddable":true,"href":"https:\/\/www.qualitester.com\/lt\/wp-json\/wp\/v2\/media\/6209"}],"wp:attachment":[{"href":"https:\/\/www.qualitester.com\/lt\/wp-json\/wp\/v2\/media?parent=5132"}],"wp:term":[{"taxonomy":"product_cat","embeddable":true,"href":"https:\/\/www.qualitester.com\/lt\/wp-json\/wp\/v2\/product_cat?post=5132"},{"taxonomy":"product_tag","embeddable":true,"href":"https:\/\/www.qualitester.com\/lt\/wp-json\/wp\/v2\/product_tag?post=5132"}],"curies":[{"name":"wp","href":"https:\/\/api.w.org\/{rel}","templated":true}]}}