{"id":5127,"date":"2024-10-29T17:00:41","date_gmt":"2024-10-29T09:00:41","guid":{"rendered":"https:\/\/www.qualitester.com\/?post_type=product&#038;p=5127"},"modified":"2024-12-05T11:54:55","modified_gmt":"2024-12-05T03:54:55","slug":"sale-hardness-test-apparatus-for-tablet","status":"publish","type":"product","link":"https:\/\/www.qualitester.com\/lt\/produktas-2\/sale-hardness-test-apparatus-for-tablet\/","title":{"rendered":"MPT-02 table\u010di\u0173 suspaudimo testeris"},"content":{"rendered":"<p><strong>Table\u010di\u0173 kietumo bandymo aparatas<\/strong> yra pa\u017eangus prietaisas, skirtas tiksliam ir patikimam table\u010di\u0173 kietumo tyrimui, kuris yra labai svarbus procesas farmacijos pramon\u0117je. \u012evertinant table\u010di\u0173 gniu\u017edymo stiprum\u0105, \u0161iuo aparatu u\u017etikrinama, kad gaminant, laikant ir vartojant tablet\u0117s i\u0161laikyt\u0173 savo fizin\u012f vientisum\u0105, taip apsaugant vaist\u0173 veiksmingum\u0105 ir pacient\u0173 saugum\u0105. Farmacijos gamintojai remiasi table\u010di\u0173 kietumo bandymais ne tik siekdami laikytis grie\u017et\u0173 reguliavimo standart\u0173, bet ir nor\u0117dami pagerinti produkt\u0173 kokyb\u0119 ir konkurencingum\u0105 rinkoje.<\/p>\n<h2>Table\u010di\u0173 kietumo bandymo svarba farmacijos gamyboje<\/h2>\n<p><strong>Table\u010di\u0173 kietumo bandymas<\/strong> atlieka labai svarb\u0173 vaidmen\u012f u\u017etikrinant bendr\u0105 farmacini\u0173 table\u010di\u0173 kokyb\u0119 ir saug\u0105. Table\u010di\u0173 kietumo tyrimas padeda:<\/p>\n<ul>\n<li><strong>U\u017etikrinkite plan\u0161etini\u0173 kompiuteri\u0173 kokyb\u0119<\/strong>: Ma\u017eo kietumo tablet\u0117s gali l\u016b\u017eti transportuojant ar tvarkant, o per didelis kietumas gali apsunkinti table\u010di\u0173 skaidym\u0105si ir neigiamai paveikti vaisto i\u0161siskyrim\u0105 bei biologin\u012f prieinamum\u0105. Optimalus kietumo intervalas u\u017etikrina, kad tablet\u0117s b\u016bt\u0173 atsparios tvarkymui, nesuma\u017einant terapinio veiksmingumo.<\/li>\n<li><strong>Gamybos proces\u0173 optimizavimas<\/strong>: \u012eprastiniai kietumo tyrimai padeda nustatyti gamybos neatitikimus, pavyzd\u017eiui, netinkam\u0105 suspaudimo j\u0117g\u0105 ar sud\u0117ties problemas, tod\u0117l gamintojai gali greitai koreguoti procesus ir pagerinti table\u010di\u0173 vienodum\u0105.<\/li>\n<li><strong>Produkto dizaino vadovas<\/strong>: Kietumo duomenys padeda kurti naujus preparatus, atitinkan\u010dius konkre\u010dius kietumo ir skilimo reikalavimus, kurie yra labai svarb\u016bs kuriant veiksmingas, saugias ir patogias vartoti tabletes.<\/li>\n<\/ul>\n<h2>Table\u010di\u0173 kietumo bandymo principai<\/h2>\n<p><strong>Table\u010di\u0173 kietumo bandymas<\/strong> tablet\u0117 padedama ant kietumo matuoklio matavimo platformos, kurioje vir\u0161utiniu perforatoriumi veikiama kontroliuojama j\u0117ga. Testeris matuoja tablet\u0117s deformacij\u0105 arba j\u0117g\u0105, kurios reikia jai sulau\u017eyti, ir taip nustato jos kietum\u0105. Pagrindiniai matavimo metodai:<\/p>\n<ul>\n<li><strong>\u012edubimo gylio metodas<\/strong>: \u0160iuo metodu kietumas matuojamas fiksuojant \u012fdubimo gyl\u012f, susidarius\u012f esant nustatytam sl\u0117giui. Ma\u017eesni \u012fdubimai rodo, kad tablet\u0117 yra kietesn\u0117, tod\u0117l \u0161is metodas yra veiksmingas tikrinant nuoseklum\u0105.<\/li>\n<li><strong>Gniu\u017edymo stiprumo metodas<\/strong>: \u0160iuo metodu matuojama j\u0117ga, kurios reikia tabletei sutrai\u0161kyti. Didesn\u0117 j\u0117ga rei\u0161kia, kad tablet\u0117 yra kietesn\u0117, ir tai yra labai svarb\u016bs duomenys kokyb\u0117s kontrolei ir atitik\u010diai.<\/li>\n<\/ul>\n<h2>Pagrindin\u0117s kietumo bandymo aparato savyb\u0117s<\/h2>\n<p>\u0160is <strong>kietumo bandymo aparatas<\/strong> sukurtas su pa\u017eangiomis funkcijomis, u\u017etikrinan\u010diomis tikslum\u0105, ilgaam\u017ei\u0161kum\u0105 ir paprast\u0105 naudojim\u0105 farmacijos aplinkoje:<\/p>\n<ul>\n<li><strong>Patogi vartotojui s\u0105saja<\/strong>: \u012erengtas 7 coli\u0173 HMI jutiklinis ekranas, kad b\u016bt\u0173 galima intuityviai valdyti ir lengvai nar\u0161yti.<\/li>\n<li><strong>Pramonin\u0117s klas\u0117s stabilumas<\/strong>: Sukurtas didelio na\u0161umo PLC valdymo blokas, u\u017etikrinantis patikimus ir nuoseklius bandym\u0173 rezultatus.<\/li>\n<li><strong>Didelio tikslumo komponentai<\/strong>:\n<ul>\n<li><strong>Apkrovos elementas<\/strong>: Atliekami tiksl\u016bs j\u0117gos matavimai, labai svarb\u016bs siekiant u\u017etikrinti atitikt\u012f teis\u0117s akt\u0173 reikalavimams ir kokyb\u0119.<\/li>\n<li><strong>Rutulinio sraigto sistema<\/strong>: U\u017etikrina tiksl\u0173 j\u0117gos panaudojim\u0105, suma\u017eindamas bandym\u0173 rezultat\u0173 kintamum\u0105.<\/li>\n<\/ul>\n<\/li>\n<li><strong>Reguliuojamas bandymo greitis<\/strong>: Operatoriai gali keisti bandym\u0173 greit\u012f pagal konkre\u010dius bandym\u0173 reikalavimus, taip padidindami \u012fvairi\u0173 bandym\u0173 scenarij\u0173 universalum\u0105.<\/li>\n<li><strong>Realaus laiko duomen\u0173 rodymas<\/strong>: Testavimo metu realiuoju laiku rodomi j\u0117gos duomenys, tod\u0117l i\u0161 karto gaunamas gr\u012f\u017etamasis ry\u0161ys ir vykdoma veiksminga kokyb\u0117s kontrol\u0117.<\/li>\n<li><strong>Lengvas kalibravimas<\/strong>: Supaprastintas kalibravimo procesas taupo laik\u0105 ir u\u017etikrina pramon\u0117s standartus atitinkant\u012f tikslum\u0105.<\/li>\n<li><strong>Universalios testavimo galimyb\u0117s<\/strong>: Prietaisas turi kelis tvirtinimo \u012ftaisus, kad b\u016bt\u0173 galima pritaikyti \u012fvairioms bandym\u0173 konfig\u016bracijoms, tod\u0117l j\u012f galima pritaikyti \u012fvairi\u0173 dyd\u017ei\u0173 ir sud\u0117ties tablet\u0117ms.<\/li>\n<li><strong>Papildomos funkcijos<\/strong>:\n<ul>\n<li>Yra pad\u0117ties ribotuvas ir automatinio gr\u012f\u017eimo funkcija, kad b\u016bt\u0173 galima efektyviai dirbti.<\/li>\n<li>Pasirenkamas mikrospausdintuvo i\u0161vesties ir programin\u0117s \u012frangos integravimas duomen\u0173 valdymui ir atsekamumui u\u017etikrinti.<\/li>\n<\/ul>\n<\/li>\n<\/ul>\n<h2>Pagrindiniai table\u010di\u0173 kietumo testerio parametrai<\/h2>\n<p>\u0160is aparatas sukurtas taip, kad atitikt\u0173 auk\u0161tus farmacijos bandym\u0173 standartus. Pagrindin\u0117s specifikacijos:<\/p>\n<ul>\n<li><strong>Apkrovos diapazonas<\/strong>: Platus diapazonas, kad b\u016bt\u0173 galima pritaikyti \u012fvairaus kietumo tabletes.<\/li>\n<li><strong>Tikslumas ir skiriamoji geba<\/strong>: Didelis tikslumas, kad rezultatai b\u016bt\u0173 nuosekl\u016bs ir atkuriami.<\/li>\n<li><strong>Bandymo grei\u010dio diapazonas<\/strong>: Reguliuojamas bandymo greitis, kad atitikt\u0173 konkre\u010dius bandymo poreikius.<\/li>\n<li><strong>Matmenys<\/strong>: Kompakti\u0161kas dizainas, tinkamas naudoti laboratorijoje arba gamybos aplinkoje.<\/li>\n<\/ul>\n<h2>Table\u010di\u0173 kietumo bandymo aparato taikymas pramon\u0117je<\/h2>\n<p>Svetain\u0117 <strong>tablet\u0117s kietumo bandymo aparatas<\/strong> pla\u010diai taikomas farmacijos gamyboje ir moksliniuose tyrimuose:<\/p>\n<ul>\n<li><strong>Vaist\u0173 gamyba<\/strong>: Masin\u0117s gamybos metu u\u017etikrina table\u010di\u0173 kokyb\u0119, vienodum\u0105 ir atitikt\u012f teis\u0117s akt\u0173 reikalavimams.<\/li>\n<li><strong>Moksliniai tyrimai ir pl\u0117tra<\/strong>: Pateikiami esminiai duomenys, reikalingi vaist\u0173 preparatams kurti ir tobulinti, padedantys kurti veiksmingus ir saugius vaistus.<\/li>\n<li><strong>Kokyb\u0117s kontrol\u0117<\/strong>: \u012eprastiniai kietumo bandymai gamybos linijose ir kokyb\u0117s tikrinimas u\u017etikrina farmacijos produkt\u0173 nuoseklum\u0105 ir patikimum\u0105, atitinkant\u012f teis\u0117s akt\u0173 nustatytus standartus ir pacient\u0173 poreikius.<\/li>\n<\/ul>\n<h2>Kietumo bandymo aparato naudojimo nauda table\u010di\u0173 kokyb\u0117s kontrolei<\/h2>\n<p>D\u0117l pa\u017eangi\u0173 funkcij\u0173 ir lanks\u010di\u0173 funkcij\u0173 \u0161is <strong>tablet\u0117s kietumo bandymo aparatas<\/strong> gamintojams teikia daug naudos:<\/p>\n<ul>\n<li><strong>Didesnis produkto nuoseklumas<\/strong>: U\u017etikrinama patikima kokyb\u0117s kontrol\u0117, pagerinama bendra farmacini\u0173 table\u010di\u0173 kokyb\u0117.<\/li>\n<li><strong>Supaprastintas duomen\u0173 valdymas<\/strong>: Realiuoju laiku gaunami rezultatai ir pasirenkamas duomen\u0173 i\u0161vedimas leid\u017eia lengvai sekti, didinti efektyvum\u0105 ir atsekamum\u0105.<\/li>\n<li><strong>Atitiktis teis\u0117s aktams<\/strong>: Supaprastina grie\u017et\u0173 kokyb\u0117s standart\u0173 laikym\u0105si ir u\u017etikrina, kad tablet\u0117s atitikt\u0173 reikalaujamas specifikacijas i\u0161leidimui \u012f rink\u0105.<\/li>\n<\/ul>","protected":false},"excerpt":{"rendered":"<p><strong>Table\u010di\u0173 kietumo bandymo aparatas<\/strong> yra pa\u017eangus prietaisas, skirtas tiksliam ir patikimam table\u010di\u0173 kietumo tyrimui, kuris yra labai svarbus procesas farmacijos pramon\u0117je. \u012evertinant table\u010di\u0173 gniu\u017edymo stiprum\u0105, \u0161iuo aparatu u\u017etikrinama, kad gaminant, laikant ir vartojant tablet\u0117s i\u0161laikyt\u0173 savo fizin\u012f vientisum\u0105, taip apsaugant vaist\u0173 veiksmingum\u0105 ir pacient\u0173 saugum\u0105. Farmacijos gamintojai remiasi table\u010di\u0173 kietumo bandymais ne tik siekdami laikytis grie\u017et\u0173 reguliavimo standart\u0173, bet ir nor\u0117dami pagerinti produkt\u0173 kokyb\u0119 ir konkurencingum\u0105 rinkoje.<\/p>","protected":false},"featured_media":6217,"comment_status":"closed","ping_status":"closed","template":"","meta":{"site-sidebar-layout":"default","site-content-layout":"default","ast-global-header-display":"","ast-main-header-display":"","ast-hfb-above-header-display":"","ast-hfb-below-header-display":"","ast-hfb-mobile-header-display":"","site-post-title":"","ast-breadcrumbs-content":"","ast-featured-img":"","footer-sml-layout":"","theme-transparent-header-meta":"default","adv-header-id-meta":"","stick-header-meta":"","header-above-stick-meta":"","header-main-stick-meta":"","header-below-stick-meta":""},"product_cat":[1054,845,149,95],"product_tag":[],"class_list":{"0":"post-5127","1":"product","2":"type-product","3":"status-publish","4":"has-post-thumbnail","6":"product_cat-hardness-tester","7":"product_cat-customization","8":"product_cat-pharma-and-medical-testers","9":"product_cat-products","10":"desktop-align-left","11":"tablet-align-left","12":"mobile-align-left","14":"first","15":"instock","16":"shipping-taxable","17":"product-type-simple"},"_links":{"self":[{"href":"https:\/\/www.qualitester.com\/lt\/wp-json\/wp\/v2\/product\/5127","targetHints":{"allow":["GET"]}}],"collection":[{"href":"https:\/\/www.qualitester.com\/lt\/wp-json\/wp\/v2\/product"}],"about":[{"href":"https:\/\/www.qualitester.com\/lt\/wp-json\/wp\/v2\/types\/product"}],"replies":[{"embeddable":true,"href":"https:\/\/www.qualitester.com\/lt\/wp-json\/wp\/v2\/comments?post=5127"}],"version-history":[{"count":0,"href":"https:\/\/www.qualitester.com\/lt\/wp-json\/wp\/v2\/product\/5127\/revisions"}],"wp:featuredmedia":[{"embeddable":true,"href":"https:\/\/www.qualitester.com\/lt\/wp-json\/wp\/v2\/media\/6217"}],"wp:attachment":[{"href":"https:\/\/www.qualitester.com\/lt\/wp-json\/wp\/v2\/media?parent=5127"}],"wp:term":[{"taxonomy":"product_cat","embeddable":true,"href":"https:\/\/www.qualitester.com\/lt\/wp-json\/wp\/v2\/product_cat?post=5127"},{"taxonomy":"product_tag","embeddable":true,"href":"https:\/\/www.qualitester.com\/lt\/wp-json\/wp\/v2\/product_tag?post=5127"}],"curies":[{"name":"wp","href":"https:\/\/api.w.org\/{rel}","templated":true}]}}