{"id":5124,"date":"2024-10-29T16:56:05","date_gmt":"2024-10-29T08:56:05","guid":{"rendered":"https:\/\/www.qualitester.com\/?post_type=product&#038;p=5124"},"modified":"2024-12-05T12:00:24","modified_gmt":"2024-12-05T04:00:24","slug":"sale-syringe-plunger-glide-force-tester","status":"publish","type":"product","link":"https:\/\/www.qualitester.com\/lt\/produktas-2\/sale-syringe-plunger-glide-force-tester\/","title":{"rendered":"MST-01 Medicinini\u0173 \u0161virk\u0161t\u0173 testeris"},"content":{"rendered":"<p>Svetain\u0117 <strong>\u0160virk\u0161to st\u016bmoklio slydimo j\u0117gos testeris<\/strong> yra specializuotas prietaisas, skirtas matuoti j\u0117gai, reikalingai poodini\u0173 \u0161virk\u0161t\u0173 st\u016bmokliui veikti, u\u017etikrinti pacient\u0173 prie\u017ei\u016brai naudojam\u0173 medicinos prietais\u0173 kokyb\u0119 ir saug\u0105. \u0160is testeris, kuriame daugiausia d\u0117mesio skiriama tikslumui ir pramon\u0117s standart\u0173 laikymuisi, yra nepakei\u010diamas atliekant medicinini\u0173 pakuo\u010di\u0173 ir farmacijos bandymus, nes juo galima tiksliai \u012fvertinti \u0161virk\u0161t\u0173 veikim\u0105. Nustatydamas pagrindinius rodiklius, tokius kaip st\u016bmoklio slydimo j\u0117ga ir st\u016bmoklio slydimo j\u0117ga, \u0161is prietaisas yra b\u016btinas gamintojams, siekiantiems atitikti teis\u0117s akt\u0173 reikalavimus ir tiekti saugius produktus galutiniams vartotojams.<\/p>\n<h2>ISO 7886-1 atitiktis ir jos svarba<\/h2>\n<p>\u0160virk\u0161to st\u016bmoklio slydimo j\u0117gos testeris visi\u0161kai atitinka <a href=\"https:\/\/www.iso.org\/standard\/64790.html\" target=\"_blank\" rel=\"noopener nofollow\"><strong>ISO 7886-1<\/strong><\/a>, tarptautinis standartas, reglamentuojantis sterili\u0173 vienkartini\u0173 poodini\u0173 \u0161virk\u0161t\u0173 projektavim\u0105 ir bandymus. <a href=\"https:\/\/www.qualitester.com\/lt\/produkto-kategorija-2\/iso\/iso-7886-1\/\" target=\"_blank\" rel=\"noopener\">ISO 7886-1<\/a> nurodomi \u0161virk\u0161to funkcionalumo vertinimo metodai, \u012fskaitant slydimo j\u0117gos matavim\u0105, kad b\u016bt\u0173 u\u017etikrintas \u0161virk\u0161to tinkamumas naudoti ir veikimas \u012fvairiomis s\u0105lygomis. Bandymai pagal ISO 7886-1 ne tik padeda u\u017etikrinti naudotoj\u0173 saugum\u0105, bet ir padeda gamintojams laikytis reguliavimo standart\u0173, kurie yra b\u016btini norint gauti leidim\u0105 prekiauti.<\/p>\n<h2>Universal\u016bs bandym\u0173 metodai<\/h2>\n<p>\u0160is <strong>\u0160virk\u0161to st\u016bmoklio slydimo j\u0117gos testeris<\/strong> si\u016blomi \u012fvair\u016bs bandym\u0173 metodai, kuriais galima \u012fvertinti \u012fvairius \u0161virk\u0161t\u0173 veikimo aspektus, \u012fskaitant, bet neapsiribojant:<\/p>\n<ul>\n<li><strong>St\u016bmoklio slydimo j\u0117gos matavimas<\/strong>: Tiksliai matuoja j\u0117g\u0105, kurios reikia \u0161virk\u0161to st\u016bmokliui valdyti, o tai labai svarbu siekiant u\u017etikrinti skland\u0173 ir tolyg\u0173 slydim\u0105.<\/li>\n<li><strong>\u0160virk\u0161to pasiprie\u0161inimo slydimui bandymas<\/strong>: \u012evertina pasiprie\u0161inim\u0105 judant st\u016bmokliui, kad \u012fvertint\u0173 trinties lyg\u012f ir u\u017etikrint\u0173 optimal\u0173 veikim\u0105.<\/li>\n<li><strong>Skys\u010dio nuot\u0117kio bandymas<\/strong>: Atliekant suspaudimo bandym\u0105 nustatomas bet koks nesandarumas st\u016bmoklio kam\u0161\u010dio vietoje ir patikrinamas \u0161virk\u0161to vientisumas veikiant sl\u0117giui.<\/li>\n<li><strong>Adatos \u012fsiskverbimo bandymas<\/strong>: Nustatoma j\u0117ga, kurios reikia, kad adata \u012fsiskverbt\u0173 \u012f \u0161virk\u0161t\u0105, ir taip u\u017etikrinamas saugus ir veiksmingas \u0161virk\u0161to naudojimas.<\/li>\n<li><strong>St\u016bmoklio i\u0161traukimo bandymas<\/strong>: I\u0161matuojama j\u0117ga, kurios reikia st\u016bmokliui i\u0161traukti, ir taip patikrinamas \u0161virk\u0161to konstrukcijos atsparumas ir naudotojo saugumas.<\/li>\n<\/ul>\n<p>\u0160ie bandymai leid\u017eia visapusi\u0161kai suprasti \u0161virk\u0161to mechanines savybes, u\u017etikrinant jo patikimum\u0105 ir saugum\u0105 galutinio naudojimo metu.<\/p>\n<h2>Platus pritaikymas \u012fvairiose pramon\u0117s \u0161akose<\/h2>\n<p>Svetain\u0117 <strong>\u0160virk\u0161to st\u016bmoklio slydimo j\u0117gos testeris<\/strong> pla\u010diai naudojamas \u012fvairiose pramon\u0117s \u0161akose, pvz:<\/p>\n<ul>\n<li><strong>Medicinin\u0117 pakuot\u0117<\/strong>: U\u017etikrina, kad \u0161virk\u0161tai atitikt\u0173 reikiamus mechaninius standartus.<\/li>\n<li><strong>Farmacijos tyrimai<\/strong>: Patvirtina \u0161virk\u0161t\u0173 veikim\u0105, padeda farmacijos \u012fmon\u0117ms u\u017etikrinti produkt\u0173 kokyb\u0119.<\/li>\n<li><strong>Kokyb\u0117s tikrinimo agent\u016bros<\/strong>: U\u017etikrinama, kad medicininiai \u0161virk\u0161tai atitinka saugos standartus.<\/li>\n<\/ul>\n<p>Naudodamasis \u0161iomis programomis, testeris padeda vykdyti kokyb\u0117s kontrol\u0119, tod\u0117l gamintojai ir reguliavimo institucijos gali b\u016bti tikri d\u0117l \u0161virk\u0161t\u0173 funkcionalumo ir saugos.<\/p>\n<h2>Pagrindiniai privalumai<\/h2>\n<ul>\n<li><strong>Daugiafunkcinis testavimas<\/strong>: \u0160is \u012frenginys, kuriame \u012fdiegtos kelios bandym\u0173 programos viename aparate, yra ekonomi\u0161kas ir universalus \u012fvairioms kokyb\u0117s u\u017etikrinimo u\u017eduotims atlikti.<\/li>\n<li><strong>Vartotojo apibr\u0117\u017etas programos dizainas<\/strong>: Siekiant patenkinti konkre\u010dius naudotoj\u0173 reikalavimus, galima pritaikyti individualias bandym\u0173 programas, pritaikytas \u012fvairi\u0173 tip\u0173 ir dyd\u017ei\u0173 \u0161virk\u0161tams.<\/li>\n<li><strong>Standart\u0105 atitinkantys procesai<\/strong>: Bandym\u0173 procesai grie\u017etai atitinka ISO standartus, tod\u0117l j\u0173 rezultatai yra patikimi ir nuosekl\u016bs visose partijose.<\/li>\n<li><strong>Lankstumas \u012fvairioms medicinin\u0117ms med\u017eiagoms<\/strong>: Pritaikytas unikaliems medicinini\u0173 bandym\u0173 poreikiams, tod\u0117l j\u012f galima naudoti \u012fvairioms medicinin\u0117ms reikm\u0117ms.<\/li>\n<\/ul>\n<h2>I\u0161pl\u0117stin\u0117s technin\u0117s funkcijos<\/h2>\n<p>\u0160virk\u0161to st\u016bmoklio slydimo j\u0117gos testeryje integruotos moderniausios technin\u0117s savyb\u0117s, u\u017etikrinan\u010dios tikslum\u0105 ir paprast\u0105 naudojim\u0105:<\/p>\n<ul>\n<li><strong>PLC valdymo blokas<\/strong>: U\u017etikrinama tiksli vis\u0173 bandymo parametr\u0173 kontrol\u0117 ir steb\u0117sena, tod\u0117l galima gauti patikimus ir pakartojamus bandymo rezultatus.<\/li>\n<li><strong>7 coli\u0173 HMI jutiklinis ekranas<\/strong>: Tai patogi vartotojo s\u0105saja, leid\u017eianti operatoriams lengvai nustatyti ir steb\u0117ti bandymus.<\/li>\n<li><strong>Tikslus rutulinio sraigto mechanizmas<\/strong>: Padidina greit\u012f ir poslinkio tikslum\u0105, kad b\u016bt\u0173 u\u017etikrintos patikimos bandymo s\u0105lygos.<\/li>\n<li><strong>Kintamas bandymo greitis<\/strong>: Reguliuojama nuo 1 iki 500 mm\/min, tod\u0117l galima pritaikyti individual\u0173 metod\u0105, atsi\u017evelgiant \u012f bandymo reikalavimus.<\/li>\n<li><strong>Saugos funkcijos<\/strong>: \u012erengti pad\u0117ties ribotuvai, apsauga nuo perkrovos ir automatinio gr\u012f\u017eimo funkcija, kad b\u016bt\u0173 i\u0161vengta pa\u017eeidim\u0173 ir u\u017etikrinta operatoriaus sauga.<\/li>\n<\/ul>\n<h2>Pritaikomi spaustuvai specializuotiems bandymams<\/h2>\n<p>\u0160virk\u0161to st\u016bmoklio slydimo j\u0117gos testeryje yra pagal u\u017esakym\u0105 gaminami pritaikomi spaustuvai, tinkantys \u012fvairi\u0173 konstrukcij\u0173 \u0161virk\u0161tams. \u0160is lankstumas leid\u017eia naudotojams pritaikyti prietais\u0105 \u012fvairioms konfig\u016bracijoms, u\u017etikrinant, kad kiekvienas bandymas b\u016bt\u0173 tikslus, tinkamas ir patikimas.<\/p>\n<h2>Pagrindiniai parametrai<\/h2>\n<table>\n<thead>\n<tr>\n<th>Parametras<\/th>\n<th>Specifikacija<\/th>\n<\/tr>\n<\/thead>\n<tbody>\n<tr>\n<td style=\"text-align: center;\"><strong>Bandym\u0173 diapazonas<\/strong><\/td>\n<td style=\"text-align: center;\">50N (galima pritaikyti pagal poreik\u012f)<\/td>\n<\/tr>\n<tr>\n<td style=\"text-align: center;\"><strong>Insultas<\/strong><\/td>\n<td style=\"text-align: center;\">200 mm (be spaustuko)<\/td>\n<\/tr>\n<tr>\n<td style=\"text-align: center;\"><strong>Bandymo greitis<\/strong><\/td>\n<td style=\"text-align: center;\">1 ~ 500 mm\/min<\/td>\n<\/tr>\n<tr>\n<td style=\"text-align: center;\"><strong>I\u0161st\u016bmimo tikslumas<\/strong><\/td>\n<td style=\"text-align: center;\">0,01 mm<\/td>\n<\/tr>\n<tr>\n<td style=\"text-align: center;\"><strong>Bendras tikslumas<\/strong><\/td>\n<td style=\"text-align: center;\">0,5% F.S.<\/td>\n<\/tr>\n<tr>\n<td style=\"text-align: center;\"><strong>I\u0161vesties parinktys<\/strong><\/td>\n<td style=\"text-align: center;\">Ekranas, mikroprinteris, RS232 (pasirinktinai)<\/td>\n<\/tr>\n<tr>\n<td style=\"text-align: center;\"><strong>Maitinimo \u0161altinis<\/strong><\/td>\n<td style=\"text-align: center;\">110~220V<\/td>\n<\/tr>\n<\/tbody>\n<\/table>\n<h2>DUK<\/h2>\n<ol>\n<li><strong>Koks yra \u0161virk\u0161to st\u016bmoklio slydimo j\u0117gos testerio tikslas?<\/strong>\n<ul>\n<li>Jis matuoja j\u0117g\u0105, kurios reikia \u0161virk\u0161to st\u016bmokliui judinti, ir u\u017etikrina, kad jis atitikt\u0173 kokyb\u0117s standartus, u\u017etikrinan\u010dius skland\u0173 veikim\u0105 ir pacient\u0173 saug\u0105.<\/li>\n<\/ul>\n<\/li>\n<li><strong>Kaip \u0161is testeris atitinka ISO 7886-1 standarto reikalavimus?<\/strong>\n<ul>\n<li>\u0160is testeris atitinka ISO 7886-1 reikalavimus, tod\u0117l si\u016blo standartizuotus bandym\u0173 metodus \u0161virk\u0161t\u0173 veikimui ir tinkamumui naudoti patikrinti.<\/li>\n<\/ul>\n<\/li>\n<li><strong>Ar testeris gali b\u016bti pritaikytas skirting\u0173 konstrukcij\u0173 \u0161virk\u0161tams?<\/strong>\n<ul>\n<li>Taip, testeryje yra pritaikomi spaustukai, kurie pritaikomi prie \u012fvairi\u0173 \u0161virk\u0161t\u0173 konstrukcij\u0173, tod\u0117l galima atlikti lanks\u010dius bandymus.<\/li>\n<\/ul>\n<\/li>\n<li><strong>Kokius tyrimus galima atlikti \u0161iuo prietaisu?<\/strong>\n<ul>\n<li>Bandymai apima st\u016bmoklio slydimo j\u0117g\u0105, \u0161virk\u0161to slydimo pasiprie\u0161inim\u0105, skys\u010dio nutek\u0117jim\u0105, adatos \u012fsiskverbim\u0105 ir st\u016bmoklio i\u0161traukim\u0105.<\/li>\n<\/ul>\n<\/li>\n<li><strong>Kaip valdomas duomen\u0173 i\u0161vedimas?<\/strong>\n<ul>\n<li>Duomenys gali b\u016bti i\u0161vedami \u012f ekran\u0105, mikrospausdintuv\u0105 arba RS232 s\u0105saj\u0105, tod\u0117l yra daugyb\u0117 b\u016bd\u0173 rezultatams \u012fra\u0161yti ir analizuoti.<\/li>\n<\/ul>\n<\/li>\n<\/ol>","protected":false},"excerpt":{"rendered":"<p>Svetain\u0117 <strong>\u0160virk\u0161to st\u016bmoklio slydimo j\u0117gos testeris<\/strong> yra specializuotas prietaisas, skirtas matuoti j\u0117gai, reikalingai poodini\u0173 \u0161virk\u0161t\u0173 st\u016bmokliui veikti, u\u017etikrinti pacient\u0173 prie\u017ei\u016brai naudojam\u0173 medicinos prietais\u0173 kokyb\u0119 ir saug\u0105. \u0160is testeris, kuriame daugiausia d\u0117mesio skiriama tikslumui ir pramon\u0117s standart\u0173 laikymuisi, yra nepakei\u010diamas atliekant medicinini\u0173 pakuo\u010di\u0173 ir farmacijos bandymus, nes juo galima tiksliai \u012fvertinti \u0161virk\u0161t\u0173 veikim\u0105. Nustatydamas pagrindinius rodiklius, tokius kaip st\u016bmoklio slydimo j\u0117ga ir st\u016bmoklio slydimo j\u0117ga, \u0161is prietaisas yra b\u016btinas gamintojams, siekiantiems atitikti teis\u0117s akt\u0173 reikalavimus ir tiekti saugius produktus galutiniams vartotojams.<\/p>","protected":false},"featured_media":6220,"comment_status":"closed","ping_status":"closed","template":"","meta":{"site-sidebar-layout":"default","site-content-layout":"default","ast-global-header-display":"","ast-main-header-display":"","ast-hfb-above-header-display":"","ast-hfb-below-header-display":"","ast-hfb-mobile-header-display":"","site-post-title":"","ast-breadcrumbs-content":"","ast-featured-img":"","footer-sml-layout":"","theme-transparent-header-meta":"default","adv-header-id-meta":"","stick-header-meta":"","header-above-stick-meta":"","header-main-stick-meta":"","header-below-stick-meta":""},"product_cat":[679,845,1121,1122,1053,1120,1123,1124,149,95],"product_tag":[],"class_list":{"0":"post-5124","1":"product","2":"type-product","3":"status-publish","4":"has-post-thumbnail","6":"product_cat-tensile-tester","7":"product_cat-customization","8":"product_cat-iso-11040-4","9":"product_cat-iso-11608-5","10":"product_cat-iso-7886-1","11":"product_cat-iso-8537","12":"product_cat-usp","13":"product_cat-usp-382","14":"product_cat-pharma-and-medical-testers","15":"product_cat-products","16":"desktop-align-left","17":"tablet-align-left","18":"mobile-align-left","20":"first","21":"instock","22":"shipping-taxable","23":"product-type-simple"},"_links":{"self":[{"href":"https:\/\/www.qualitester.com\/lt\/wp-json\/wp\/v2\/product\/5124","targetHints":{"allow":["GET"]}}],"collection":[{"href":"https:\/\/www.qualitester.com\/lt\/wp-json\/wp\/v2\/product"}],"about":[{"href":"https:\/\/www.qualitester.com\/lt\/wp-json\/wp\/v2\/types\/product"}],"replies":[{"embeddable":true,"href":"https:\/\/www.qualitester.com\/lt\/wp-json\/wp\/v2\/comments?post=5124"}],"version-history":[{"count":0,"href":"https:\/\/www.qualitester.com\/lt\/wp-json\/wp\/v2\/product\/5124\/revisions"}],"wp:featuredmedia":[{"embeddable":true,"href":"https:\/\/www.qualitester.com\/lt\/wp-json\/wp\/v2\/media\/6220"}],"wp:attachment":[{"href":"https:\/\/www.qualitester.com\/lt\/wp-json\/wp\/v2\/media?parent=5124"}],"wp:term":[{"taxonomy":"product_cat","embeddable":true,"href":"https:\/\/www.qualitester.com\/lt\/wp-json\/wp\/v2\/product_cat?post=5124"},{"taxonomy":"product_tag","embeddable":true,"href":"https:\/\/www.qualitester.com\/lt\/wp-json\/wp\/v2\/product_tag?post=5124"}],"curies":[{"name":"wp","href":"https:\/\/api.w.org\/{rel}","templated":true}]}}