{"id":5110,"date":"2024-10-29T16:23:12","date_gmt":"2024-10-29T08:23:12","guid":{"rendered":"https:\/\/www.qualitester.com\/?post_type=product&#038;p=5110"},"modified":"2024-12-05T11:31:23","modified_gmt":"2024-12-05T03:31:23","slug":"sale-soft-gel-capsule-hardness-tester","status":"publish","type":"product","link":"https:\/\/www.qualitester.com\/lt\/produktas-2\/sale-soft-gel-capsule-hardness-tester\/","title":{"rendered":"CHT-01 mink\u0161t\u0173j\u0173 gelio kapsuli\u0173 kietumo testeris"},"content":{"rendered":"<h2><strong>\u012evadas \u012f mink\u0161t\u0173j\u0173 gelio kapsuli\u0173 kietumo tester\u012f<\/strong><\/h2>\n<p>Farmacijos ir maisto produkt\u0173 pramon\u0117je kokyb\u0117s kontrol\u0117 yra labai svarbi. Labai svarbu u\u017etikrinti, kad mink\u0161tosios gelio kapsul\u0117s i\u0161laikyt\u0173 savo strukt\u016brin\u012f vientisum\u0105 pakavimo, sand\u0117liavimo ir platinimo proces\u0173 metu. . <strong>Mink\u0161to gelio kapsuli\u0173 kietumo testeris<\/strong>, konkre\u010diai <strong>CHT-01 kapsuli\u0173 ir mink\u0161t\u0173j\u0173 geli\u0173 kietumo testeris<\/strong>, yra labai tikslus prietaisas, skirtas kapsul\u0117s tvirtumui, elastingumui ir bendram stiprumui matuoti. \u0160is testeris, \u012fvertindamas pagrindinius veiksnius, tokius kaip kietumas, deformacija ir sandarumo stiprumas, padeda gamintojams u\u017etikrinti, kad j\u0173 produktai b\u016bt\u0173 saug\u016bs, veiksmingi ir kokybi\u0161ki.<\/p>\n<h2><strong>Kod\u0117l verta tikrinti mink\u0161t\u0173j\u0173 gelio kapsuli\u0173 kietum\u0105 ir kietum\u0105?<\/strong><\/h2>\n<p>Mink\u0161tos \u017eelatinin\u0117s kapsul\u0117s pla\u010diai naudojamos vitaminams, mineralin\u0117ms med\u017eiagoms ir vaistams stabiliame ir apsauginiame \u017eelatinos apvalkale tiekti. Tokioms kapsul\u0117ms labai svarbu i\u0161laikyti ideal\u0173 kietumo lyg\u012f - ne tik siekiant apsaugoti viduje esan\u010dias veikli\u0105sias med\u017eiagas, bet ir u\u017etikrinant kontroliuojam\u0105 turinio i\u0161siskyrim\u0105 jas nurijus. Kietumo bandymas atskleid\u017eia, kaip kapsul\u0117 veiks \u012fvairiomis s\u0105lygomis - nuo pakavimo ir transportavimo iki vartotojo patirties. . <strong>Mink\u0161to gelio kapsuli\u0173 kietumo testeris<\/strong> labai svarbu nustatyti bet kokius kapsuli\u0173 sieneli\u0173 ar sandarikli\u0173 tr\u016bkumus ir u\u017ekirsti keli\u0105 problemoms, kol jos dar nepateko \u012f rink\u0105.<\/p>\n<h2><strong>Pagrindin\u0117s mink\u0161t\u0173j\u0173 gelio kapsuli\u0173 kietumo testerio savyb\u0117s<\/strong><\/h2>\n<ul>\n<li><strong>Didelio tikslumo bandym\u0173 galimyb\u0117s<\/strong><br \/>\n\u0160is testeris, kuriame \u012fdiegtos pa\u017eangios technologijos, pavyzd\u017eiui, PLC valdymo blokas, tikslus rutulinis sraigtas ir \u017eingsninis variklis, u\u017etikrina patikimus ir tikslius rezultatus, atitinkan\u010dius grie\u017etus kokyb\u0117s standartus.<\/li>\n<li><strong>Universalios bandym\u0173 programos<\/strong><br \/>\nKeli\u0173 standartini\u0173 program\u0173 si\u016blymas.<strong>J\u0117ga<\/strong> (tam tikros j\u0117gos veikimas ir atstumo matavimas), <strong>Pikas<\/strong> (matuojant did\u017eiausi\u0105 kapsul\u0117s ply\u0161imo j\u0117g\u0105) ir <strong>Atstumas<\/strong> (matuojant j\u0117g\u0105 fiksuotu atstumu) - mink\u0161t\u0173j\u0173 gelio kapsuli\u0173 kietumo testeris leid\u017eia atlikti i\u0161samius bandymus, kad b\u016bt\u0173 galima suprasti kiekvien\u0105 kapsul\u0117s vientisumo aspekt\u0105.<\/li>\n<li><strong>Patogi vartotojui s\u0105saja ir valdymas<\/strong><br \/>\n7 coli\u0173 jutikliniame HMI ekrane naudotojai gali lengvai konfig\u016bruoti nustatymus, valdyti bandym\u0173 programas ir vizualizuoti rezultatus. \u0160is intuityvus dizainas pagerina darbo eig\u0105 ir palengvina greit\u0105 koregavim\u0105 pagal bandymo reikalavimus.<\/li>\n<li><strong>Patobulintos efektyvumo ir saugos funkcijos<\/strong><br \/>\nPasukamas stalas, automatin\u0117 duomen\u0173 rinkimo statika ir apsauga nuo perkrovos didina efektyvum\u0105 ir saugum\u0105. \u0160ios funkcijos supaprastina bandymus ir apsaugo prietais\u0105 nuo per didelio naudojimo, taip padidindamos jo tarnavimo laik\u0105 ir patikimum\u0105.<\/li>\n<\/ul>\n<h2><strong>I\u0161sam\u016bs mink\u0161t\u0173j\u0173 gelio kapsuli\u0173 kietumo ir kietumo bandymo metodai<\/strong><\/h2>\n<ul>\n<li><strong>Suspaudimo bandymas<\/strong><br \/>\nAtliekant suspaudimo bandym\u0105 10 mm skersmens arba 10 mm\u00b2 ploto cilindro zondas spaud\u017eia kapsul\u0119 tol, kol ji deformuojasi arba ply\u0161ta. Taip imituojamas fizinis kr\u016bvis, su kuriuo kapsul\u0117 gali susidurti realiomis s\u0105lygomis, pavyzd\u017eiui, pakuojant ir transportuojant. Atlikdami suspaudimo bandymus, gamintojai gauna informacijos apie kapsul\u0117s ilgaam\u017ei\u0161kum\u0105 ir atsparum\u0105 pa\u017eeidimams.<\/li>\n<li><strong>Tvirtumo ir sandarumo bandymai<\/strong><br \/>\nAtliekant kietumo bandymus \u012fvertinama, kiek kapsul\u0117 deformuojasi veikiama tam tikros gniu\u017edymo apkrovos, ir taip su\u017einoma apie jos elastingum\u0105 ir atsparum\u0105. Be to, sandarumo bandymu matuojama j\u0117ga, kurios reikia kapsul\u0117s sandarumui nutraukti, taip u\u017etikrinant, kad kapsul\u0117 nesutr\u016bkt\u0173 per anksti ir i\u0161leist\u0173 turin\u012f tik numatytomis s\u0105lygomis.<\/li>\n<\/ul>\n<h2><strong>Technin\u0117s specifikacijos ir parametrai<\/strong><\/h2>\n<table>\n<tbody>\n<tr>\n<td width=\"184\">Bandym\u0173 diapazonas<\/td>\n<td width=\"289\">0 ~ 200 N (arba pagal poreik\u012f)<\/td>\n<\/tr>\n<tr>\n<td width=\"184\">Insultas<\/td>\n<td width=\"289\">200 mm (be spaustuko)<\/td>\n<\/tr>\n<tr>\n<td width=\"184\">Greitis<\/td>\n<td width=\"289\">1 ~ 300 mm\/min (arba pagal poreik\u012f)<\/td>\n<\/tr>\n<tr>\n<td width=\"184\">I\u0161st\u016bmimo tikslumas<\/td>\n<td width=\"289\">0,01 mm<\/td>\n<\/tr>\n<tr>\n<td width=\"184\">Tikslumas<\/td>\n<td width=\"289\">0,5% F.S.<\/td>\n<\/tr>\n<tr>\n<td width=\"184\">I\u0161\u0117jimas<\/td>\n<td width=\"289\">Ekranas, mikroprinteris, RS232 (pasirinktinai)<\/td>\n<\/tr>\n<tr>\n<td width=\"184\">Maitinimas<\/td>\n<td width=\"289\">110~ 220 V 50\/60 Hz<\/td>\n<\/tr>\n<\/tbody>\n<\/table>\n<h2><strong>Mink\u0161to gelio kapsuli\u0173 kietumo testerio privalumai<\/strong><\/h2>\n<ul>\n<li><strong>I\u0161samus kokyb\u0117s u\u017etikrinimo testavimas<\/strong><br \/>\n\u0160is testeris, kuriame galima atlikti daugyb\u0119 bandym\u0173, leid\u017eia gamintojams \u012fvertinti kapsuli\u0173 ilgaam\u017ei\u0161kum\u0105, vienodum\u0105 ir strukt\u016bros tvirtum\u0105. Taip pagerinama gamini\u0173 kokyb\u0117 ir klient\u0173 pasitenkinimas.<\/li>\n<li><strong>Pritaikomos laikikli\u0173 parinktys universaliems bandymams<\/strong><br \/>\n\u012evairi\u0173 tvirtinimo detali\u0173 ir \u012ftais\u0173 d\u0117ka testeris pritaikytas \u012fvairi\u0173 dyd\u017ei\u0173 ir form\u0173 kapsul\u0117ms, tod\u0117l j\u012f galima naudoti \u012fvairiose mink\u0161tojo gelio srityse.<\/li>\n<li><strong>Sukurtas ilgalaikiam patvarumui u\u017etikrinti<\/strong><br \/>\n\u0160is testeris pagamintas i\u0161 tvirt\u0173 komponent\u0173 ir pa\u017eangi\u0173 mechanizm\u0173, tod\u0117l jis u\u017etikrina ilg\u0105 tarnavimo laik\u0105, maksimaliai padidina investicij\u0173 gr\u0105\u017e\u0105 ir suma\u017eina prastov\u0173 bei technin\u0117s prie\u017ei\u016bros trukm\u0119.<\/li>\n<\/ul>\n<h2><strong>Mink\u0161to gelio kapsuli\u0173 kietumo testerio taikymas<\/strong><\/h2>\n<p>\u0160is prietaisas labai svarbus farmacijos ir maisto produkt\u0173 gamybos aplinkoje, kur mink\u0161t\u0173j\u0173 gelio kapsuli\u0173 su vitaminais, mineralais ir kitais skystais vaistais kokyb\u0117 turi b\u016bti grie\u017etai kontroliuojama. Mink\u0161t\u0173j\u0173 gelio kapsuli\u0173 kietumo testeris atlieka svarb\u0173 vaidmen\u012f u\u017etikrinant gamybos, pakavimo ir tvarkymo kokyb\u0119, u\u017etikrinant, kad kapsul\u0117s i\u0161likt\u0173 vientisos ir veiksmingos, kol pasieks vartotoj\u0105.<\/p>\n<hr \/>\n<h2><strong>DUK skyrius<\/strong><\/h2>\n<ul>\n<li><strong>Q1<\/strong>: <em>Koki\u0173 tip\u0173 kapsules galima i\u0161bandyti \u0161iuo prietaisu?<\/em><br \/>\n<strong>A<\/strong>: Mink\u0161t\u0173j\u0173 gelio kapsuli\u0173 kietumo testeris idealiai tinka mink\u0161tosioms gelio kapsul\u0117ms, naudojamoms farmacijos ir mitybos produktuose, \u012fskaitant kapsules su vitaminais ir skystaisiais vaistais, tikrinti.<\/li>\n<li><strong>Q2<\/strong>: <em>Koki\u0105 reik\u0161m\u0119 turi tvirtumo testas?<\/em><br \/>\n<strong>A<\/strong>: Atliekant kietumo bandym\u0105 \u012fvertinamas kapsul\u0117s sieneli\u0173 tvirtumas ir lankstumas, taip u\u017etikrinant, kad kapsul\u0117s nesutr\u016bkt\u0173 \u012fprastai jas tvarkant, laikant ar pakuojant.<\/li>\n<li><strong>Q3<\/strong>: <em>Ar \u0161is testeris gali matuoti elastingum\u0105?<\/em><br \/>\n<strong>A<\/strong>: Taip, jis nustato kapsul\u0117s elastingum\u0105 matuodamas sieneli\u0173 deformacij\u0105, veikiant nustatytai gniu\u017edymo apkrovai, ir taip u\u017etikrina, kad kapsul\u0117s b\u016bt\u0173 lanks\u010dios, bet patvarios.<\/li>\n<li><strong>Q4<\/strong>: <em>Ar CHT-01 galima pritaikyti tam tikr\u0173 tip\u0173 kapsul\u0117ms?<\/em><br \/>\n<strong>A<\/strong>: Taip, tester\u012f galima pritaikyti su \u012fvairiais tvirtinimo elementais ir \u012ftaisais, kad b\u016bt\u0173 galima pritaikyti \u012fvairi\u0173 form\u0173 ir dyd\u017ei\u0173 kapsules, tod\u0117l jis tinka \u012fvairiems bandym\u0173 poreikiams.<\/li>\n<li><strong>Q5<\/strong>: <em>Kokias i\u0161vesties parinktis galima naudoti duomen\u0173 \u012fra\u0161ymui?<\/em><br \/>\n<strong>A<\/strong>: Testeris rodo duomenis ekrane, leid\u017eia spausdinti mikrospausdintuvu ir turi papildom\u0105 RS232 jungt\u012f skaitmeniniams duomenims eksportuoti.<\/li>\n<\/ul>","protected":false},"excerpt":{"rendered":"<p>Farmacijos ir maisto produkt\u0173 pramon\u0117je kokyb\u0117s kontrol\u0117 yra labai svarbi. Labai svarbu u\u017etikrinti, kad mink\u0161tosios gelio kapsul\u0117s i\u0161laikyt\u0173 savo strukt\u016brin\u012f vientisum\u0105 pakavimo, sand\u0117liavimo ir platinimo proces\u0173 metu. . <strong>Mink\u0161to gelio kapsuli\u0173 kietumo testeris<\/strong>, konkre\u010diai <strong>CHT-01 kapsuli\u0173 ir mink\u0161t\u0173j\u0173 geli\u0173 kietumo testeris<\/strong>, yra labai tikslus prietaisas, skirtas kapsul\u0117s tvirtumui, elastingumui ir bendram stiprumui matuoti. \u0160is testeris, \u012fvertindamas pagrindinius veiksnius, tokius kaip kietumas, deformacija ir sandarumo stiprumas, padeda gamintojams u\u017etikrinti, kad j\u0173 produktai b\u016bt\u0173 saug\u016bs, veiksmingi ir kokybi\u0161ki.<\/p>","protected":false},"featured_media":6205,"comment_status":"closed","ping_status":"closed","template":"","meta":{"site-sidebar-layout":"default","site-content-layout":"default","ast-global-header-display":"","ast-main-header-display":"","ast-hfb-above-header-display":"","ast-hfb-below-header-display":"","ast-hfb-mobile-header-display":"","site-post-title":"","ast-breadcrumbs-content":"","ast-featured-img":"","footer-sml-layout":"","theme-transparent-header-meta":"default","adv-header-id-meta":"","stick-header-meta":"","header-above-stick-meta":"","header-main-stick-meta":"","header-below-stick-meta":""},"product_cat":[845,953,956,955,1054,954,957,958,952,959,149,95],"product_tag":[],"class_list":{"0":"post-5110","1":"product","2":"type-product","3":"status-publish","4":"has-post-thumbnail","6":"product_cat-customization","7":"product_cat-bursting-tester","8":"product_cat-cobb-tester","9":"product_cat-crush-tester","10":"product_cat-hardness-tester","11":"product_cat-paper-tear-tester","12":"product_cat-plybond-tester","13":"product_cat-puncture-tester","14":"product_cat-rub-tester","15":"product_cat-stiffness-tester","16":"product_cat-pharma-and-medical-testers","17":"product_cat-products","18":"desktop-align-left","19":"tablet-align-left","20":"mobile-align-left","22":"first","23":"instock","24":"shipping-taxable","25":"product-type-simple"},"_links":{"self":[{"href":"https:\/\/www.qualitester.com\/lt\/wp-json\/wp\/v2\/product\/5110","targetHints":{"allow":["GET"]}}],"collection":[{"href":"https:\/\/www.qualitester.com\/lt\/wp-json\/wp\/v2\/product"}],"about":[{"href":"https:\/\/www.qualitester.com\/lt\/wp-json\/wp\/v2\/types\/product"}],"replies":[{"embeddable":true,"href":"https:\/\/www.qualitester.com\/lt\/wp-json\/wp\/v2\/comments?post=5110"}],"version-history":[{"count":0,"href":"https:\/\/www.qualitester.com\/lt\/wp-json\/wp\/v2\/product\/5110\/revisions"}],"wp:featuredmedia":[{"embeddable":true,"href":"https:\/\/www.qualitester.com\/lt\/wp-json\/wp\/v2\/media\/6205"}],"wp:attachment":[{"href":"https:\/\/www.qualitester.com\/lt\/wp-json\/wp\/v2\/media?parent=5110"}],"wp:term":[{"taxonomy":"product_cat","embeddable":true,"href":"https:\/\/www.qualitester.com\/lt\/wp-json\/wp\/v2\/product_cat?post=5110"},{"taxonomy":"product_tag","embeddable":true,"href":"https:\/\/www.qualitester.com\/lt\/wp-json\/wp\/v2\/product_tag?post=5110"}],"curies":[{"name":"wp","href":"https:\/\/api.w.org\/{rel}","templated":true}]}}