{"id":4677,"date":"2024-09-09T13:40:04","date_gmt":"2024-09-09T05:40:04","guid":{"rendered":"https:\/\/www.qualitester.com\/?post_type=product&#038;p=4677"},"modified":"2024-12-05T15:53:20","modified_gmt":"2024-12-05T07:53:20","slug":"tensile-strength-testing-machine","status":"publish","type":"product","link":"https:\/\/www.qualitester.com\/lt\/produktas-2\/tensile-strength-testing-machine\/","title":{"rendered":"ASTM D882 plastiko lak\u0161t\u0173 tempimo stiprumo bandymo ma\u0161ina"},"content":{"rendered":"<h2>1. <strong>Tempimo stiprumo bandymo ma\u0161inos pristatymas<\/strong><\/h2>\n<p>Svetain\u0117 <strong>ASTM D882 tempimo stiprumo bandymo ma\u0161ina<\/strong> yra specializuotas prietaisas, skirtas plon\u0173 plastikini\u0173 pl\u0117veli\u0173 ir lak\u0161t\u0173 tempimo savyb\u0117ms matuoti. Jis atlieka svarb\u0173 vaidmen\u012f u\u017etikrinant gamini\u0173 kokyb\u0119 ir patikimum\u0105 \u012fvairiose pramon\u0117s \u0161akose, \u012fskaitant pakuotes, plastik\u0105 ir medicinos prietaisus. \u0160is <a href=\"https:\/\/www.qualitester.com\/lt\/produkto-kategorija-2\/test-items\/tensile-tester\/\" target=\"_blank\" rel=\"noopener\"><strong>tempimo testeris<\/strong><\/a> yra specialiai sukurtas med\u017eiag\u0173 stiprumui ir pailg\u0117jimui \u012fvertinti, tod\u0117l jis yra nepakei\u010diamas \u012frankis gamintojams, siekiantiems pagerinti gamini\u0173 patvarum\u0105 ir eksploatacines savybes.<\/p>\n<p>Laikantis ASTM D882 standarto, \u0161is aparatas pateikia tikslius ir patikimus duomenis apie med\u017eiagos tempimo stipr\u012f, takumo rib\u0105, pailg\u0117jim\u0105 tr\u016bkimo metu ir tamprumo modul\u012f. \u0160ie parametrai labai svarb\u016bs pramon\u0117s \u0161akoms, kuri\u0173 gaminiai gaminami i\u0161 lanks\u010di\u0173 plastikini\u0173 pl\u0117veli\u0173 ir lak\u0161t\u0173.<\/p>\n<h3>Pagrindinis parametras<\/h3>\n<table width=\"475\">\n<tbody>\n<tr>\n<td width=\"179\">Bandym\u0173 diapazonas<\/td>\n<td width=\"296\">0-500N (arba 50N, 100N, 200N ir t. t.)<\/td>\n<\/tr>\n<tr>\n<td>Insultas<\/td>\n<td>800 mm (galima pritaikyti kitiems \u0117jimams)<\/td>\n<\/tr>\n<tr>\n<td>Bandymo greitis<\/td>\n<td>1 ~ 500 mm\/min<\/td>\n<\/tr>\n<tr>\n<td>I\u0161st\u016bmimo tikslumas<\/td>\n<td>0,01 mm<\/td>\n<\/tr>\n<tr>\n<td>Tikslumas<\/td>\n<td>0,5% Pilnas skal\u0117<\/td>\n<\/tr>\n<tr>\n<td>M\u0117ginio plotis<\/td>\n<td>27 mm (galima pasirinkti plot\u012f)<\/td>\n<\/tr>\n<tr>\n<td>Valdymas<\/td>\n<td>PLC ir HMI ekranas<\/td>\n<\/tr>\n<tr>\n<td>Duomen\u0173 i\u0161vestis<\/td>\n<td>Mikroprinteris (pasirinktinai), RS232 (pasirinktinai)<\/td>\n<\/tr>\n<\/tbody>\n<\/table>\n<h3><strong>Gamintojas ir specializacija<\/strong><\/h3>\n<p>\"Cell Instruments\" yra pirmaujanti med\u017eiag\u0173 tyrimo prietais\u0173 gamintoja, \u017einoma d\u0117l savo atsidavimo auk\u0161tos kokyb\u0117s ir tikslios \u012frangos gamybai. Specializuojasi <strong>pritaikymo ir automatizavimo transformacija<\/strong>, ,,Cell Instruments\" aptarnauja \u012fvairias pramon\u0117s \u0161akas, \u012fskaitant pakavimo, medicinos, tekstil\u0117s, plastiko ir elektronikos. Skirdami daug d\u0117mesio bandym\u0173 sprendimams, u\u017etikriname, kad m\u016bs\u0173 ma\u0161inos ne tik atitikt\u0173 pramon\u0117s standartus, bet ir suteikt\u0173 pa\u017eangias funkcijas, atitinkan\u010dias besikei\u010dian\u010dius gamintoj\u0173 poreikius.<\/p>\n<p><img fetchpriority=\"high\" decoding=\"async\" class=\"aligncenter size-full wp-image-3943\" src=\"https:\/\/www.qualitester.com\/wp-content\/uploads\/2023\/04\/TST-01-Tensile-Tester-06.jpg\" alt=\"ASTM D882 plastiko lak\u0161t\u0173 tempimo stiprumo bandymo ma\u0161ina\" width=\"750\" height=\"750\" srcset=\"https:\/\/www.qualitester.com\/wp-content\/uploads\/2023\/04\/TST-01-Tensile-Tester-06.jpg 750w, https:\/\/www.qualitester.com\/wp-content\/uploads\/2023\/04\/TST-01-Tensile-Tester-06-300x300.jpg 300w, https:\/\/www.qualitester.com\/wp-content\/uploads\/2023\/04\/TST-01-Tensile-Tester-06-150x150.jpg 150w, https:\/\/www.qualitester.com\/wp-content\/uploads\/2023\/04\/TST-01-Tensile-Tester-06-600x600.jpg 600w, https:\/\/www.qualitester.com\/wp-content\/uploads\/2023\/04\/TST-01-Tensile-Tester-06-100x100.jpg 100w\" sizes=\"(max-width: 750px) 100vw, 750px\" \/><\/p>\n<h2>2. <strong>Kas yra ASTM D882?<\/strong><\/h2>\n<h3><strong>Apibr\u0117\u017eimas ir tikslas<\/strong><\/h3>\n<p><a href=\"https:\/\/www.astm.org\/standards\/d882\" target=\"_blank\" rel=\"noopener nofollow\"><strong>ASTM D882<\/strong><\/a> tai standartinis bandymo metodas, taikomas plon\u0173 plastikini\u0173 pl\u0117veli\u0173 ir lak\u0161t\u0173, kuri\u0173 storis ma\u017eesnis nei 1,0 mm, tempimo savyb\u0117ms nustatyti. \u0160is bandymas labai svarbus vertinant plastikini\u0173 med\u017eiag\u0173, pla\u010diai naudojam\u0173 pakuot\u0117ms, medicinoje ir klijams, stiprum\u0105, lankstum\u0105 ir patvarum\u0105.<\/p>\n<p>Svetain\u0117 <strong>atsparumas tempimui<\/strong> bandymu matuojama, koki\u0105 apkrov\u0105 gali atlaikyti med\u017eiaga, kol ji sul\u016b\u0161, o <strong>pailg\u0117jimas nutr\u016bkus<\/strong> parametras parodo, kiek med\u017eiaga i\u0161sitempia, kol sugenda. . <strong>tamprumo modulis<\/strong> rodo med\u017eiagos standum\u0105. \u0160ie matavimai yra labai svarb\u016bs kokyb\u0117s kontrolei ir gamini\u0173 k\u016brimui, siekiant u\u017etikrinti, kad med\u017eiagos atitikt\u0173 eksploatacini\u0173 savybi\u0173 l\u016bkes\u010dius.<\/p>\n<h3><strong>Taikymo sritis<\/strong><\/h3>\n<p>ASTM D882 standartas pla\u010diai taikomas pramon\u0117s \u0161akose, kuriose naudojamos lanks\u010dios plastikin\u0117s pl\u0117vel\u0117s ir lak\u0161tai, \u012fskaitant:<\/p>\n<ul>\n<li><strong>Pakuot\u0117<\/strong>: U\u017etikrinti, kad pl\u0117vel\u0117s atlaikyt\u0173 ve\u017eimo ir tvarkymo metu patiriam\u0105 \u012ftamp\u0105.<\/li>\n<li><strong>Medicinos<\/strong>: Medicinin\u0117se pakuot\u0117se naudojam\u0173 pl\u0117veli\u0173 vertinimas siekiant u\u017etikrinti sterilum\u0105 ir ilgaam\u017ei\u0161kum\u0105.<\/li>\n<li><strong>Klijai<\/strong>: Lent\u0173 ir laminat\u0173 tempimo savybi\u0173 matavimas.<\/li>\n<li><strong>Plastmas\u0117s ir maisto pramon\u0117<\/strong>: Produkto vientisumo u\u017etikrinimas pakuojant ir sand\u0117liuojant.<\/li>\n<\/ul>\n<h2>3. <strong>Pagrindin\u0117s ASTM D882 tempimo stiprumo bandymo ma\u0161inos savyb\u0117s<\/strong><\/h2>\n<p>Tempimo stiprumo bandymo ma\u0161ina turi daugyb\u0119 funkcij\u0173, kurios padidina jos naudojimo patogum\u0105 ir tikslum\u0105:<\/p>\n<ul>\n<li><strong>7 coli\u0173 HMI jutiklinis ekranas<\/strong>: Intuityvi s\u0105saja leid\u017eia lengvai valdyti ir tiksliai kontroliuoti bandymo parametrus.<\/li>\n<li><strong>PLC valdymo sistema<\/strong>: U\u017etikrina veiksmingas, stabilias ir patikimas bandym\u0173 operacijas.<\/li>\n<li><strong>Tikslusis rutulinis \u0161vino sraigtas<\/strong>: U\u017etikrina tikslius ir nuoseklius tempimo stiprumo bandymo rezultatus.<\/li>\n<li><strong>Reguliuojamas bandymo greitis<\/strong>: Naudotojai gali pritaikyti bandymo greit\u012f, kad atitikt\u0173 konkre\u010dios med\u017eiagos reikalavimus.<\/li>\n<li><strong>Suderinamumas su keliais \u0161viestuvais<\/strong>: Prie ma\u0161inos galima pritvirtinti skirtingus griebtuvus ir tvirtinimo \u012ftaisus, tod\u0117l j\u0105 galima naudoti \u012fvairioms med\u017eiagoms.<\/li>\n<li><strong>Apribojimo \u012ftaisas ir automatinio gr\u012f\u017eimo funkcija<\/strong>: \u0160ios funkcijos padeda apsaugoti bandin\u012f ir ma\u0161in\u0105 bandym\u0173 metu, taip pat supaprastina darb\u0105.<\/li>\n<li><strong>Pasirenkamas \"Microprinter<\/strong>: Vartotojai gali pasirinkti mikrospausdintuv\u0105, kad b\u016bt\u0173 galima i\u0161 karto spausdinti test\u0173 rezultatus.<\/li>\n<\/ul>\n<p>D\u0117l \u0161i\u0173 savybi\u0173 \u0161is aparatas yra idealus pasirinkimas gamintojams, norintiems atlikti nuoseklius ir patikimus tempimo stiprumo bandymus.<\/p>\n<h2>4. <strong>ASTM D882 bandymo metodai<\/strong><\/h2>\n<div class=\"ast-oembed-container\" style=\"height: 100%;\"><iframe title=\"ASTM D882 lanks\u010di\u0173 med\u017eiag\u0173 tempimo testeris, modelis TST-01 Lupimo pailg\u0117jimo stiprumo bandymas\" width=\"500\" height=\"281\" src=\"https:\/\/www.youtube.com\/embed\/DVxj_f6DNmI?feature=oembed\" frameborder=\"0\" allow=\"accelerometer; autoplay; clipboard-write; encrypted-media; gyroscope; picture-in-picture; web-share\" referrerpolicy=\"strict-origin-when-cross-origin\" allowfullscreen><\/iframe><\/div>\n<h3><strong>Bandymo proced\u016bros ap\u017evalga<\/strong><\/h3>\n<p>ASTM D882 tempimo stiprumo bandymas atliekamas pagal standartin\u0119 proced\u016br\u0105, kad rezultatai b\u016bt\u0173 nuosekl\u016bs. Pateikiame pagrindini\u0173 etap\u0173 apra\u0161ym\u0105:<\/p>\n<ol>\n<li><strong>Bandini\u0173 paruo\u0161imas<\/strong>: Plonos plastikin\u0117s pl\u0117vel\u0117s supjaustomos iki tam tikro dyd\u017eio pagal ASTM D882 standartus. Paprastai bandinys yra 25 mm plo\u010dio ir pakankamai ilgas, kad b\u016bt\u0173 galima atlikti tikslius matavimus.<\/li>\n<li><strong>Bandinio tvirtinimas<\/strong>: Paruo\u0161tas bandinys tvirtinamas tarp dviej\u0173 tempimo testerio ranken\u0173, kuri\u0173 viena yra fiksuota, o kita juda kontroliuojamu grei\u010diu.<\/li>\n<li><strong>J\u0117gos taikymas<\/strong>: \u012erenginys veikia viena\u0161\u0119 tempimo j\u0117g\u0105 tol, kol bandinys sugenda. \u0160io proceso metu registruojamas tempimo stipris, pailg\u0117jimas, takumo riba ir tamprumo modulis.<\/li>\n<\/ol>\n<h3><strong>Matavimo parametrai<\/strong><\/h3>\n<ul>\n<li><strong>Tempimo j\u0117ga<\/strong>: Did\u017eiausias \u012ftempis, kur\u012f med\u017eiaga gali atlaikyti, kol sugenda.<\/li>\n<li><strong>Derlingumo stipris<\/strong>: \u012etampa, kuriai esant med\u017eiaga pradeda plasti\u0161kai deformuotis.<\/li>\n<li><strong>Pailg\u0117jimas pertr\u016bkio metu<\/strong>: Deformacijos (tempimo) dydis, kur\u012f med\u017eiaga patiria prie\u0161 nutr\u016bkdama.<\/li>\n<li><strong>Tamprumo modulis<\/strong>: \u0160i vert\u0117 rodo med\u017eiagos standum\u0105, apskai\u010diuojam\u0105 \u012ftempius dalijant i\u0161 deformacijos \u012ftempi\u0173 ir deformacij\u0173 kreiv\u0117s tamprumo srityje.<\/li>\n<\/ul>\n<h2>5. <strong>Plastiko tempimo stiprumo bandymo pagal ASTM D882 apra\u0161as<\/strong><\/h2>\n<h3><strong>Plastiko tempimo bandymo tikslas<\/strong><\/h3>\n<p>Tempimo stiprumo bandymai yra labai svarb\u016bs <strong>plastikin\u0117s med\u017eiagos<\/strong> nes jis leid\u017eia suprasti, kaip med\u017eiaga veiks veikiama apkrovos. Tokiose pramon\u0117s \u0161akose kaip pakuot\u0117s, kuriose plastikin\u0117s pl\u0117vel\u0117s naudojamos produktams apsaugoti, tempimo savybi\u0173 supratimas padeda gamintojams u\u017etikrinti, kad med\u017eiaga nesugest\u0173 naudojimo metu.<\/p>\n<h3><strong>ASTM D882 standarto reik\u0161m\u0117 kokyb\u0117s kontrolei<\/strong><\/h3>\n<p>ASTM D882 standartu u\u017etikrinama, kad med\u017eiagos atitikt\u0173 tam tikrus stiprumo ir ilgaam\u017ei\u0161kumo reikalavimus. \u0160is standartas labai svarbus gamintojams, siekiantiems gaminti patikimus ir auk\u0161tos kokyb\u0117s gaminius. Pavyzd\u017eiui:<\/p>\n<ul>\n<li><strong>Maisto produkt\u0173 pakuot\u0117se<\/strong>, tempimo bandymas padeda patvirtinti, kad plastikin\u0117 pl\u0117vel\u0117 gali atlaikyti sunkumus ve\u017eant, nesuply\u0161dama ir neprarasdama vientisumo.<\/li>\n<li><strong>Medicinos prietaisuose<\/strong>, tempimo stiprumo bandymas u\u017etikrina, kad pakuot\u0117s med\u017eiagos apsaugot\u0173 steril\u0173 turin\u012f gabenimo ir sand\u0117liavimo metu.<\/li>\n<\/ul>\n<h3><strong>ASTM D882 tempimo stiprumo bandymo ma\u0161inos naudojimo privalumai<\/strong><\/h3>\n<ul>\n<li><strong>Atitiktis tarptautiniams standartams<\/strong>: Naudojant \u0161\u012f tempimo tester\u012f u\u017etikrinama, kad gamintojai atitikt\u0173 ASTM D882 reikalavimus, tod\u0117l j\u0173 gaminiai tampa patikimesni ir priimtinesni pasaulin\u0117se rinkose.<\/li>\n<li><strong>Patobulintas gaminio dizainas<\/strong>: Suprasdami med\u017eiag\u0173 ribas, gamintojai gali koreguoti recept\u016bras, kad pagerint\u0173 savo gamini\u0173 eksploatacines savybes ir ilgaam\u017ei\u0161kum\u0105.<\/li>\n<li><strong>Didesnis efektyvumas<\/strong>: Automatizuotos ma\u0161inos funkcijos suma\u017eina rankinio darbo laik\u0105 ir pagerina vis\u0105 bandym\u0173 proces\u0105.<\/li>\n<\/ul>\n<h2><strong>6. Kod\u0117l verta rinktis \"Cell Instruments\" tempimo stiprumo bandymo ma\u0161in\u0105 D882?<\/strong><\/h2>\n<p>\"Cell Instruments\" si\u016blo patikim\u0105 <strong>ASTM D882 tempimo stiprumo bandymo ma\u0161ina<\/strong> sukurtas taip, kad atitikt\u0173 auk\u0161\u010diausius pramon\u0117s standartus. D\u0117l tiksli\u0173 matavimo galimybi\u0173, pritaikymo galimybi\u0173 ir paprasto naudojimo \u0161is tempimo testeris yra puikus sprendimas gamintojams, norintiems patobulinti med\u017eiag\u0173 bandym\u0173 procesus.<\/p>\n<p>Nor\u0117dami su\u017einoti daugiau apie tai, kaip m\u016bs\u0173 ASTM D882 tempimo stiprumo bandymo ma\u0161ina gali pad\u0117ti j\u016bs\u0173 gamybos procesui, arba nor\u0117dami su\u017einoti apie pritaikymo galimybes, susisiekite su mumis dar \u0161iandien.<\/p>\n<h3><strong>DUK<\/strong><\/h3>\n<ol>\n<li><strong>Koki\u0173 tip\u0173 med\u017eiagas galima i\u0161bandyti tempimo stiprumo bandymo ma\u0161ina?<\/strong><br \/>\n\u012erenginys skirtas plonoms plastikin\u0117ms pl\u0117vel\u0117ms ir lak\u0161tams, kuri\u0173 storis paprastai b\u016bna ma\u017eesnis nei 1,0 mm, bandyti.<\/li>\n<li><strong>Kuo ASTM D882 skiriasi nuo kit\u0173 tempimo stiprio standart\u0173?<\/strong><br \/>\nASTM D882 taikomas b\u016btent plonoms plastikin\u0117ms pl\u0117vel\u0117ms, o kiti standartai gali b\u016bti taikomi \u012fvairi\u0173 tip\u0173 med\u017eiagoms, pavyzd\u017eiui, metalams ar storesniems plastikams.<\/li>\n<li><strong>Kod\u0117l pakuo\u010di\u0173 med\u017eiagoms svarbu atlikti tempimo stiprumo bandymus?<\/strong><br \/>\nTempimo stiprumo bandymais u\u017etikrinama, kad pakavimo med\u017eiagos atlaikyt\u0173 gabenimo ir tvarkymo metu patiriam\u0105 \u012ftamp\u0105 ir nesul\u016b\u017et\u0173.<\/li>\n<li><strong>Ar ma\u0161ina gali b\u016bti pritaikyta konkretiems bandym\u0173 reikalavimams?<\/strong><br \/>\nTaip, \"Cell Instruments\" si\u016blo pritaikymo galimybes, kad atitikt\u0173 unikalius \u012fvairi\u0173 pramon\u0117s \u0161ak\u0173 bandym\u0173 poreikius.<\/li>\n<li><strong>Koki\u0173 papildom\u0173 funkcij\u0173 galima \u012fsigyti su \u0161ia ma\u0161ina?<\/strong><br \/>\nPapildomos funkcijos: mikrospausdintuvas, leid\u017eiantis i\u0161 karto spausdinti rezultatus, ir suderinamumas su keliais prietaisais, kad b\u016bt\u0173 galima atlikti \u012fvairius bandymus.<\/li>\n<\/ol>\n<h2>Susij\u0119 straipsniai<\/h2>\n<p>&nbsp;<\/p>","protected":false},"excerpt":{"rendered":"<p>Svetain\u0117 <strong>ASTM D882 tempimo stiprumo bandymo ma\u0161ina<\/strong> yra specializuotas prietaisas, skirtas plon\u0173 plastikini\u0173 pl\u0117veli\u0173 ir lak\u0161t\u0173 tempimo savyb\u0117ms matuoti.<\/p>","protected":false},"featured_media":0,"comment_status":"closed","ping_status":"closed","template":"","meta":{"site-sidebar-layout":"default","site-content-layout":"default","ast-global-header-display":"","ast-main-header-display":"","ast-hfb-above-header-display":"","ast-hfb-below-header-display":"","ast-hfb-mobile-header-display":"","site-post-title":"","ast-breadcrumbs-content":"","ast-featured-img":"","footer-sml-layout":"","theme-transparent-header-meta":"default","adv-header-id-meta":"","stick-header-meta":"","header-above-stick-meta":"","header-main-stick-meta":"","header-below-stick-meta":""},"product_cat":[845,679,672,16,99,110,95],"product_tag":[],"class_list":{"0":"post-4677","1":"product","2":"type-product","3":"status-publish","5":"product_cat-customization","6":"product_cat-tensile-tester","7":"product_cat-applied-materials","8":"product_cat-plastic-packaging-testers","9":"product_cat-astm","10":"product_cat-astm-d882","11":"product_cat-products","12":"desktop-align-left","13":"tablet-align-left","14":"mobile-align-left","16":"first","17":"instock","18":"shipping-taxable","19":"product-type-simple"},"_links":{"self":[{"href":"https:\/\/www.qualitester.com\/lt\/wp-json\/wp\/v2\/product\/4677","targetHints":{"allow":["GET"]}}],"collection":[{"href":"https:\/\/www.qualitester.com\/lt\/wp-json\/wp\/v2\/product"}],"about":[{"href":"https:\/\/www.qualitester.com\/lt\/wp-json\/wp\/v2\/types\/product"}],"replies":[{"embeddable":true,"href":"https:\/\/www.qualitester.com\/lt\/wp-json\/wp\/v2\/comments?post=4677"}],"version-history":[{"count":0,"href":"https:\/\/www.qualitester.com\/lt\/wp-json\/wp\/v2\/product\/4677\/revisions"}],"wp:attachment":[{"href":"https:\/\/www.qualitester.com\/lt\/wp-json\/wp\/v2\/media?parent=4677"}],"wp:term":[{"taxonomy":"product_cat","embeddable":true,"href":"https:\/\/www.qualitester.com\/lt\/wp-json\/wp\/v2\/product_cat?post=4677"},{"taxonomy":"product_tag","embeddable":true,"href":"https:\/\/www.qualitester.com\/lt\/wp-json\/wp\/v2\/product_tag?post=4677"}],"curies":[{"name":"wp","href":"https:\/\/api.w.org\/{rel}","templated":true}]}}