{"id":4401,"date":"2024-07-23T11:40:39","date_gmt":"2024-07-23T03:40:39","guid":{"rendered":"https:\/\/www.qualitester.com\/?post_type=product&#038;p=4401"},"modified":"2024-12-27T14:18:45","modified_gmt":"2024-12-27T06:18:45","slug":"best-balloon-burst-tester-for-sale","status":"publish","type":"product","link":"https:\/\/www.qualitester.com\/lt\/produktas-2\/best-balloon-burst-tester-for-sale\/","title":{"rendered":"LSST-01 nuot\u0117kio ir sandarumo testeris"},"content":{"rendered":"<p>Svetain\u0117 <strong>Balion\u0173 sprogimo testeris<\/strong> yra universali, j\u0105 galima naudoti \u012fvairiuose sektoriuose, pakuo\u010di\u0173 med\u017eiagose, \u012fskaitant plastikines pl\u0117veles ir laminatus, medicinos prietais\u0173 pakuotes, farmacijos pakuotes, maisto ir g\u0117rim\u0173 pakuotes, plataus vartojimo preki\u0173 pakuotes.<\/p>\n<h2>I\u0161samus \u012fvadas \u012f balion\u0117lio sprogimo tester\u012f<\/h2>\n<p>Svetain\u0117 <strong>Balion\u0173 sprogimo testeris<\/strong> sukurtas taip, kad u\u017etikrint\u0173 tiksli\u0105 ir patikim\u0105 <em><span style=\"text-decoration: underline;\">\u012fvairi\u0173 pakavimo med\u017eiag\u0173 tr\u016bkimo bandymai.<\/span><\/em>s. Tai PLC valdomas \u012frenginys, pasi\u017eymintis pramoninio lygio stabilumu, kur\u012f papildo patogus vartotojui HMI jutiklinis ekranas, kad b\u016bt\u0173 lengva valdyti. Testeryje \u012fdiegta automatin\u0117 testavimo rezultat\u0173 statistikos ir saugojimo sistema, didinanti efektyvum\u0105 ir duomen\u0173 valdym\u0105.<\/p>\n<p><a href=\"https:\/\/www.qualitester.com\/lt\/produkto-kategorija-2\/test-items\/bursting-tester\/\"><img fetchpriority=\"high\" decoding=\"async\" class=\"wp-image-4402 size-full aligncenter\" src=\"https:\/\/www.qualitester.com\/wp-content\/uploads\/2024\/07\/astm-f1440-Balloon-Burst-Tester-astm-f2054.jpg\" alt=\"astm f1440 Balion\u0173 ply\u0161imo testeris astm f2054\" width=\"600\" height=\"600\" srcset=\"https:\/\/www.qualitester.com\/wp-content\/uploads\/2024\/07\/astm-f1440-Balloon-Burst-Tester-astm-f2054.jpg 600w, https:\/\/www.qualitester.com\/wp-content\/uploads\/2024\/07\/astm-f1440-Balloon-Burst-Tester-astm-f2054-300x300.jpg 300w, https:\/\/www.qualitester.com\/wp-content\/uploads\/2024\/07\/astm-f1440-Balloon-Burst-Tester-astm-f2054-150x150.jpg 150w, https:\/\/www.qualitester.com\/wp-content\/uploads\/2024\/07\/astm-f1440-Balloon-Burst-Tester-astm-f2054-100x100.jpg 100w\" sizes=\"(max-width: 600px) 100vw, 600px\" \/><\/a><\/p>\n<h2>Technin\u0117s specifikacijos<\/h2>\n<ul>\n<li><strong>PLC valdomas \u012frenginys<\/strong>: U\u017etikrinamas pramoninio lygio stabilumas ir tikslus valdymas.<\/li>\n<li><strong>Patogus vartotojui HMI jutiklinis ekranas<\/strong>: Supaprastina valdym\u0105 ir sutrumpina mokymo laik\u0105.<\/li>\n<li><strong>Automatin\u0117 test\u0173 rezultat\u0173 statistika ir saugojimas<\/strong>: palengvina veiksming\u0105 duomen\u0173 valdym\u0105 ir analiz\u0119.<\/li>\n<li><strong>Suderinamumas su \u012fvairiais \u0161viestuvais<\/strong>: Galima i\u0161bandyti \u012fvairi\u0173 form\u0173 pakuotes, \u012fskaitant pakuotes su trimis \u0161oniniais sandarikliais, u\u017edaras pakuotes, pakuotes su \u012fpakavimu, vamzdelius, sandarius pad\u0117klus ir puodelius.<\/li>\n<li><strong>Trys testavimo re\u017eimai<\/strong>: Ply\u0161imo, \u0161liau\u017eimo ir \u0161liau\u017eimo iki gedimo bandymai, atitinkantys \u012fvairius bandym\u0173 reikalavimus.<\/li>\n<li><strong>Asmeniniai jautrumo ir slenks\u010dio nustatymai<\/strong>: Leid\u017eia pritaikyti konkretiems testavimo poreikiams.<\/li>\n<li><strong>Sl\u0117gio diapazonas iki 600 KPa<\/strong>: Pritaikoma pagal unikalias bandym\u0173 specifikacijas.<\/li>\n<li><strong>Pritaikomas programavimas<\/strong>: Lankstumas, leid\u017eiantis prisitaikyti prie konkre\u010di\u0173 bandym\u0173 protokol\u0173.<\/li>\n<\/ul>\n<h2>Bandym\u0173 metodai<\/h2>\n<h3>Pakuot\u0117s tr\u016bkimo bandymo principas<\/h3>\n<p><em><span style=\"text-decoration: underline;\">Atliekant balion\u0117lio ply\u0161imo bandym\u0105, pakuot\u0117 pripu\u010diama tol, kol ply\u0161ta, ir matuojamas sl\u0117gis ir t\u016bris, kuriam esant balion\u0117lis ply\u0161ta.<\/span> <\/em>\u0160is bandymas labai svarbus vertinant pakavimo med\u017eiag\u0173 atsparum\u0105 ply\u0161imui ir u\u017etikrinant, kad jos atlaikyt\u0173 vidin\u012f sl\u0117g\u012f perve\u017eimo ir sand\u0117liavimo metu.<\/p>\n<div class=\"ast-oembed-container\" style=\"height: 100%;\"><iframe title=\"Doy pakuot\u0117s ir snapelio pakuot\u0117s sandarumo testeris Doy pakuot\u0117s kokyb\u0117s tikrinimas\" width=\"500\" height=\"281\" src=\"https:\/\/www.youtube.com\/embed\/abNWfwlLaVQ?feature=oembed\" frameborder=\"0\" allow=\"accelerometer; autoplay; clipboard-write; encrypted-media; gyroscope; picture-in-picture; web-share\" referrerpolicy=\"strict-origin-when-cross-origin\" allowfullscreen><\/iframe><\/div>\n<h3>Standartin\u0117s bandym\u0173 proced\u016bros<\/h3>\n<ol>\n<li><strong>M\u0117ginio paruo\u0161imas ir kondicionavimas<\/strong>: M\u0117giniai paruo\u0161iami pagal nustatytus standartus ir prie\u0161 bandym\u0105 paruo\u0161iami tinkamoje aplinkoje.<\/li>\n<li><strong>Bandymo s\u0105ranka ir parametr\u0173 konfig\u016bracija<\/strong>: Balion\u0117lio ply\u0161imo testeris sukonfig\u016bruojamas su atitinkamais \u012ftaisais, o bandymo parametrai nustatomi atsi\u017evelgiant \u012f bandinio tip\u0105 ir bandymo reikalavimus.<\/li>\n<li><strong>Bandym\u0173 ir matavim\u0173 registravimo vykdymas<\/strong>: Pakuot\u0117 pripu\u010diama, kol ply\u0161ta, o testeris fiksuoja ply\u0161imo sl\u0117g\u012f ir t\u016br\u012f.<\/li>\n<li><strong>Rezultat\u0173 ai\u0161kinimas<\/strong>: Siekiant \u012fvertinti med\u017eiagos stiprum\u0105 ir eksploatacines savybes, analizuojamas ply\u0161imo sl\u0117gis ir t\u016bris, tod\u0117l lengviau kontroliuoti kokyb\u0119 ir palyginti med\u017eiagas.<\/li>\n<\/ol>\n<h2>Pakuot\u0117s tr\u016bkimo bandymas pagal ASTM standart\u0105<\/h2>\n<h3><a href=\"https:\/\/www.qualitester.com\/lt\/produkto-kategorija-2\/astm\/astm-f1140\/\">ASTM F1140<\/a><\/h3>\n<p style=\"padding-left: 40px;\">-Standartiniai bandym\u0173 metodai, skirti nesuvar\u017eyt\u0173 pakuo\u010di\u0173 atsparumui vidiniam sl\u0117giui<\/p>\n<ul>\n<li><strong>Ap\u017evalga <a href=\"https:\/\/www.astm.org\/f1140_f1140m-13r20e01.html\" target=\"_blank\" rel=\"noopener nofollow\">ASTM F1140<\/a><\/strong>: \u0160iame standarte apra\u0161yti metodai, taikomi bandant nesuvar\u017eyt\u0173 pakuo\u010di\u0173 atsparum\u0105 vidiniam sl\u0117giui.<\/li>\n<li><strong>I\u0161sami bandymo proced\u016bra pagal ASTM F1140<\/strong>: Pakuot\u0117 pripumpuojama, kol ply\u0161ta, ir u\u017era\u0161omas ply\u0161imo sl\u0117gis bei t\u016bris.<\/li>\n<li><strong>Atitikties ASTM F1140 standartui svarba<\/strong>: U\u017etikrina pakuot\u0117s vientisum\u0105 ir patikimum\u0105, kurie yra labai svarb\u016bs produkto saugai ir veikimui.<\/li>\n<\/ul>\n<h4><a href=\"https:\/\/www.qualitester.com\/lt\/produkto-kategorija-2\/astm\/astm-f2054\/\">ASTM F2054<\/a><\/h4>\n<p style=\"padding-left: 40px;\">-Standartinis bandym\u0173 metodas, skirtas lanks\u010di\u0173 pakuo\u010di\u0173 sandarikli\u0173 tr\u016bkimo bandymams naudojant vidin\u012f oro sl\u0117g\u012f ribojan\u010diose plok\u0161tel\u0117se<\/p>\n<ul>\n<li><strong>Ap\u017evalga <a href=\"https:\/\/www.astm.org\/f2054_f2054m-13r20.html\" target=\"_blank\" rel=\"noopener nofollow\">ASTM F2054<\/a><\/strong>: \u0160is standartas nustato lanks\u010di\u0173 pakuo\u010di\u0173 sandarikli\u0173 tr\u016bkimo bandymo metod\u0105, naudojant vidin\u012f oro sl\u0117g\u012f suvar\u017ean\u010diose plok\u0161t\u0117se.<\/li>\n<li><strong>I\u0161sami bandymo proced\u016bra pagal ASTM F2054<\/strong>: Pakuot\u0117 \u012fdedama \u012f suvar\u017eymo plok\u0161tes, i\u0161pu\u010diama ir u\u017eregistruojamas ply\u0161imo sl\u0117gis bei t\u016bris.<\/li>\n<li><strong>ASTM F2054 reik\u0161m\u0117<\/strong>: B\u016btina \u012fvertinti sandarumo stiprum\u0105 ir u\u017etikrinti pakuot\u0117s vientisum\u0105, ypa\u010d lanks\u010dioms pakuot\u0117ms.<\/li>\n<\/ul>\n<h2>M\u016bs\u0173 balion\u0173 ply\u0161imo testerio naudojimo privalumai<\/h2>\n<p><strong>1. Tikslumas ir patikimumas<\/strong><\/p>\n<ul>\n<li><strong>Didelis matavim\u0173 tikslumas<\/strong>: U\u017etikrina tikslius ir patikimus sprogimo stiprumo duomenis.<\/li>\n<li><strong>Nuosekl\u016bs ir pasikartojantys rezultatai<\/strong>: U\u017etikrina patikimus bandym\u0173 rezultatus ir med\u017eiag\u0173 eksploatacini\u0173 savybi\u0173 vertinim\u0105.<\/li>\n<\/ul>\n<p><strong>2. Universalumas<\/strong><\/p>\n<ul>\n<li><em><span style=\"text-decoration: underline;\"><strong>Tinka \u012fvairioms med\u017eiagoms ir pakuo\u010di\u0173 tipams<\/strong>: Atitinka \u012fvairius bandym\u0173 reikalavimus \u012fvairiose pramon\u0117s \u0161akose.<\/span><\/em><\/li>\n<li><em><span style=\"text-decoration: underline;\"><strong>Reguliuojami bandymo parametrai, atitinkantys skirtingus bandymo reikalavimus<\/strong>: Lankstumas bandant \u012fvairias med\u017eiagas ir pakuotes.<\/span><\/em><\/li>\n<\/ul>\n<p><strong>3. Naudojimo paprastumas<\/strong><\/p>\n<ul>\n<li><strong>Intuityvi programin\u0117s \u012frangos s\u0105saja<\/strong>: Supaprastina valdym\u0105 ir suma\u017eina mokymosi kreiv\u0119.<\/li>\n<li><strong>Minimalus operatori\u0173 apmokymas<\/strong>: Padidina naudojimo patogum\u0105 ir efektyvum\u0105.<\/li>\n<\/ul>\n<p><strong>4. Atitiktis<\/strong><\/p>\n<ul>\n<li><strong>Atitinka ASTM F1140 ir ASTM F2054 standartus<\/strong>: U\u017etikrina pramon\u0117s standart\u0173 ir taisykli\u0173 laikym\u0105si.<\/li>\n<li><strong>U\u017etikrinama atitiktis pramon\u0117s reglamentams ir kokyb\u0117s standartams<\/strong>: Garantuoja bandym\u0173 rezultat\u0173 patikimum\u0105 ir vientisum\u0105.<\/li>\n<\/ul>\n<h3>DUK<\/h3>\n<h4>Koks yra baliono ply\u0161imo bandymo tikslas?<\/h4>\n<p>Baliono ply\u0161imo bandymas naudojamas pakuot\u0117s ply\u0161imo bandymui nustatyti, u\u017etikrinant, kad ji atlaikyt\u0173 vidin\u012f sl\u0117g\u012f j\u0105 tvarkant, sand\u0117liuojant ir transportuojant.<\/p>\n<h4>Kaip baliono ply\u0161imo testeris matuoja ply\u0161imo stiprum\u0105?<\/h4>\n<p>Bandymo \u012frenginys i\u0161pu\u010dia pakuot\u0119, kol ji ply\u0161ta, ir registruoja ply\u0161imo sl\u0117g\u012f bei t\u016br\u012f, kad b\u016bt\u0173 galima \u012fvertinti med\u017eiagos stiprum\u0105 ir eksploatacines savybes.<\/p>\n<h4>Koki\u0173 tip\u0173 med\u017eiagas galima i\u0161bandyti naudojant baliono ply\u0161imo tester\u012f?<\/h4>\n<p>\u0160iuo testeriu galima \u012fvertinti \u012fvairias med\u017eiagas, \u012fskaitant plastikines pl\u0117veles, laminatus, medicinos prietais\u0173 pakuotes, vaist\u0173 pakuotes, maisto ir g\u0117rim\u0173 pakuotes bei plataus vartojimo preki\u0173 pakuotes.<!--more--><\/p>\n<h2>Susij\u0119 produktai<\/h2>\n<figure id=\"attachment_4059\" aria-describedby=\"caption-attachment-4059\" style=\"width: 300px\" class=\"wp-caption alignleft\"><a href=\"https:\/\/www.qualitester.com\/lt\/produktas-2\/lt-01-leak-tester\/\"><img decoding=\"async\" class=\"wp-image-4059 size-medium\" src=\"https:\/\/www.qualitester.com\/wp-content\/uploads\/2023\/07\/LT-01-Leak-Tester-2-300x300.jpg\" alt=\"ASTM D3078 nuot\u0117kio testeris\" width=\"300\" height=\"300\" srcset=\"https:\/\/www.qualitester.com\/wp-content\/uploads\/2023\/07\/LT-01-Leak-Tester-2-300x300.jpg 300w, https:\/\/www.qualitester.com\/wp-content\/uploads\/2023\/07\/LT-01-Leak-Tester-2-150x150.jpg 150w, https:\/\/www.qualitester.com\/wp-content\/uploads\/2023\/07\/LT-01-Leak-Tester-2-600x600.jpg 600w, https:\/\/www.qualitester.com\/wp-content\/uploads\/2023\/07\/LT-01-Leak-Tester-2-100x100.jpg 100w, https:\/\/www.qualitester.com\/wp-content\/uploads\/2023\/07\/LT-01-Leak-Tester-2.jpg 750w\" sizes=\"(max-width: 300px) 100vw, 300px\" \/><\/a><figcaption id=\"caption-attachment-4059\" class=\"wp-caption-text\"><strong><a href=\"https:\/\/www.qualitester.com\/lt\/produktas-2\/lt-01-leak-tester\/\" target=\"_blank\" rel=\"noopener\">LT-01 nuot\u0117kio testeris<\/a><\/strong><\/figcaption><\/figure>\n<figure id=\"attachment_3905\" aria-describedby=\"caption-attachment-3905\" style=\"width: 300px\" class=\"wp-caption alignleft\"><a href=\"https:\/\/www.qualitester.com\/lt\/produktas-2\/leak-tester-lt-02\/\"><img decoding=\"async\" class=\"wp-image-3905 size-medium\" src=\"https:\/\/www.qualitester.com\/wp-content\/uploads\/2023\/04\/LT-02-Leak-Tester-01-300x300.jpg\" alt=\"ASTM D3078 nuot\u0117kio testeris\" width=\"300\" height=\"300\" srcset=\"https:\/\/www.qualitester.com\/wp-content\/uploads\/2023\/04\/LT-02-Leak-Tester-01-300x300.jpg 300w, https:\/\/www.qualitester.com\/wp-content\/uploads\/2023\/04\/LT-02-Leak-Tester-01-150x150.jpg 150w, https:\/\/www.qualitester.com\/wp-content\/uploads\/2023\/04\/LT-02-Leak-Tester-01-600x600.jpg 600w, https:\/\/www.qualitester.com\/wp-content\/uploads\/2023\/04\/LT-02-Leak-Tester-01-100x100.jpg 100w, https:\/\/www.qualitester.com\/wp-content\/uploads\/2023\/04\/LT-02-Leak-Tester-01.jpg 750w\" sizes=\"(max-width: 300px) 100vw, 300px\" \/><\/a><figcaption id=\"caption-attachment-3905\" class=\"wp-caption-text\"><strong><a href=\"https:\/\/www.qualitester.com\/lt\/produktas-2\/leak-tester-lt-02\/\" target=\"_blank\" rel=\"noopener\">LT-02 nuot\u0117kio testeris<\/a><\/strong><\/figcaption><\/figure>\n<figure id=\"attachment_3694\" aria-describedby=\"caption-attachment-3694\" style=\"width: 300px\" class=\"wp-caption alignleft\"><a href=\"https:\/\/www.qualitester.com\/lt\/produktas-2\/lt-03-seal-strength-testing-machine\/\"><img loading=\"lazy\" decoding=\"async\" class=\"wp-image-3694 size-medium\" src=\"https:\/\/www.qualitester.com\/wp-content\/uploads\/2023\/04\/LT-03-Leak-Tester-04-300x300.jpg\" alt=\"ASTM D3078 nuot\u0117kio testeris\" width=\"300\" height=\"300\" srcset=\"https:\/\/www.qualitester.com\/wp-content\/uploads\/2023\/04\/LT-03-Leak-Tester-04-300x300.jpg 300w, https:\/\/www.qualitester.com\/wp-content\/uploads\/2023\/04\/LT-03-Leak-Tester-04-150x150.jpg 150w, https:\/\/www.qualitester.com\/wp-content\/uploads\/2023\/04\/LT-03-Leak-Tester-04-600x600.jpg 600w, https:\/\/www.qualitester.com\/wp-content\/uploads\/2023\/04\/LT-03-Leak-Tester-04-100x100.jpg 100w, https:\/\/www.qualitester.com\/wp-content\/uploads\/2023\/04\/LT-03-Leak-Tester-04.jpg 750w\" sizes=\"(max-width: 300px) 100vw, 300px\" \/><\/a><figcaption id=\"caption-attachment-3694\" class=\"wp-caption-text\"><strong><a href=\"https:\/\/www.qualitester.com\/lt\/produktas-2\/lt-03-seal-strength-testing-machine\/\" target=\"_blank\" rel=\"noopener\">LT-03 nuot\u0117kio testeris<\/a><\/strong><\/figcaption><\/figure>","protected":false},"excerpt":{"rendered":"<p><strong>Balion\u0173 sprogimo testeris<\/strong> yra labai svarbi med\u017eiag\u0173 ir pakuo\u010di\u0173 bandym\u0173 priemon\u0117, skirta \u012fvairi\u0173 pakuo\u010di\u0173 med\u017eiag\u0173 ply\u0161imo stiprumui matuoti. \u0160i pa\u017eangi \u012franga yra labai svarbi u\u017etikrinant pakuo\u010di\u0173 ilgaam\u017ei\u0161kum\u0105 ir patikimum\u0105, ypa\u010d tokiose pramon\u0117s \u0161akose kaip farmacijos, maisto ir g\u0117rim\u0173, medicinos prietais\u0173 ir plataus vartojimo preki\u0173 pramon\u0117. Balion\u0117li\u0173 ply\u0161imo testeris i\u0161siskiria tikslumu, universalumu ir atitiktimi pramon\u0117s standartams, tod\u0117l jis yra nepakei\u010diama kokyb\u0117s u\u017etikrinimo priemon\u0117.<\/p>","protected":false},"featured_media":6136,"comment_status":"closed","ping_status":"closed","template":"","meta":{"site-sidebar-layout":"default","site-content-layout":"default","ast-global-header-display":"","ast-main-header-display":"","ast-hfb-above-header-display":"","ast-hfb-below-header-display":"","ast-hfb-mobile-header-display":"","site-post-title":"","ast-breadcrumbs-content":"","ast-featured-img":"","footer-sml-layout":"","theme-transparent-header-meta":"default","adv-header-id-meta":"","stick-header-meta":"","header-above-stick-meta":"","header-main-stick-meta":"","header-below-stick-meta":""},"product_cat":[845,953,676,675,17,149,16,108,109,95],"product_tag":[994],"class_list":{"0":"post-4401","1":"product","2":"type-product","3":"status-publish","4":"has-post-thumbnail","6":"product_cat-customization","7":"product_cat-bursting-tester","8":"product_cat-seal-strength-tester","9":"product_cat-leak-tester","10":"product_cat-package-container-testers","11":"product_cat-pharma-and-medical-testers","12":"product_cat-plastic-packaging-testers","13":"product_cat-astm-f1140","14":"product_cat-astm-f2054","15":"product_cat-products","16":"product_tag-leak-and-seal-strength-tester","17":"desktop-align-left","18":"tablet-align-left","19":"mobile-align-left","21":"first","22":"instock","23":"shipping-taxable","24":"product-type-simple"},"_links":{"self":[{"href":"https:\/\/www.qualitester.com\/lt\/wp-json\/wp\/v2\/product\/4401","targetHints":{"allow":["GET"]}}],"collection":[{"href":"https:\/\/www.qualitester.com\/lt\/wp-json\/wp\/v2\/product"}],"about":[{"href":"https:\/\/www.qualitester.com\/lt\/wp-json\/wp\/v2\/types\/product"}],"replies":[{"embeddable":true,"href":"https:\/\/www.qualitester.com\/lt\/wp-json\/wp\/v2\/comments?post=4401"}],"version-history":[{"count":0,"href":"https:\/\/www.qualitester.com\/lt\/wp-json\/wp\/v2\/product\/4401\/revisions"}],"wp:featuredmedia":[{"embeddable":true,"href":"https:\/\/www.qualitester.com\/lt\/wp-json\/wp\/v2\/media\/6136"}],"wp:attachment":[{"href":"https:\/\/www.qualitester.com\/lt\/wp-json\/wp\/v2\/media?parent=4401"}],"wp:term":[{"taxonomy":"product_cat","embeddable":true,"href":"https:\/\/www.qualitester.com\/lt\/wp-json\/wp\/v2\/product_cat?post=4401"},{"taxonomy":"product_tag","embeddable":true,"href":"https:\/\/www.qualitester.com\/lt\/wp-json\/wp\/v2\/product_tag?post=4401"}],"curies":[{"name":"wp","href":"https:\/\/api.w.org\/{rel}","templated":true}]}}