{"id":3282,"date":"2023-08-14T08:33:30","date_gmt":"2023-08-14T00:33:30","guid":{"rendered":"https:\/\/www.qualitester.com\/?post_type=product&#038;p=3282"},"modified":"2024-11-27T16:59:18","modified_gmt":"2024-11-27T08:59:18","slug":"heat-seal-data-testing-3-5-point","status":"publish","type":"product","link":"https:\/\/www.qualitester.com\/lt\/produktas-2\/heat-seal-data-testing-3-5-point\/","title":{"rendered":"GHS-02 Gradientinio kar\u0161\u010dio sandarinimo testeris"},"content":{"rendered":"<h2><strong>\u012evadas \u012f terminio sandarinimo bandymo ma\u0161inas<\/strong><\/h2>\n<p>A <strong>\u0160iluminio sandarinimo bandymo ma\u0161ina<\/strong> yra labai svarbus prietaisas, naudojamas pakavimo pramon\u0117je \u012fvairi\u0173 med\u017eiag\u0173 sandarinimo \u0161iluma savyb\u0117ms \u012fvertinti. \u0160ios med\u017eiagos gali b\u016bti pl\u0117vel\u0117s, laminatai ir kiti lankst\u016bs barjeriniai komponentai. \u0160iluminio sandarinimo stiprumas ir vientisumas yra labai svarb\u016bs siekiant u\u017etikrinti, kad pakuot\u0117s patikimai apsaugot\u0173 tokius produktus, kaip maistas, vaistai, elektronika ir kt. Netikslus arba silpnas sandarinimas gali pakenkti produkto kokybei, saugai ir galiojimo laikui, tod\u0117l terminio sandarinimo testeris atlieka labai svarb\u0173 vaidmen\u012f u\u017etikrinant kokyb\u0119.<\/p>\n<p>\u012erenginys veikia imituodamas s\u0105lygas, kuriomis pakuot\u0117s proceso metu formuojamos \u0161ilumin\u0117s plombos. Taikydami kontroliuojam\u0105 kar\u0161\u010dio, sl\u0117gio ir laiko derin\u012f, gamintojai gali nustatyti optimalias s\u0105lygas tvirtoms ir patvarioms plomboms gauti. \u0160is procesas padeda tiksliai sureguliuoti sandarinimo parametrus, u\u017etikrinant, kad pakuot\u0117 b\u016bt\u0173 nuosekli ir patikima.<\/p>\n<h2><strong>Suprasti ASTM F2029-16 (2021): Standartin\u0117 laboratorini\u0173 termini\u0173 sandarikli\u0173 gamybos praktika<\/strong><\/h2>\n<p><strong><a href=\"https:\/\/www.astm.org\/f2029-16r21.html\" target=\"_blank\" rel=\"noopener nofollow\">ASTM F2029<\/a>-16 (2021)<\/strong>, pavadinimu <em>Standartin\u0117 laboratorini\u0173 termini\u0173 plomb\u0173 gamybos praktika, skirta nustatyti lanks\u010di\u0173 barjerini\u0173 med\u017eiag\u0173 sandarum\u0105, matuojam\u0105 sandarumo stiprumu<\/em>, yra pagrindinis kar\u0161\u010dio sandarinimo bandym\u0173 standartas. \u0160is standartas apibr\u0117\u017eia laboratorines proced\u016bras, taikomas kar\u0161\u010dio plomboms kurti ir j\u0173 stiprumui vertinti. Juo u\u017etikrinama, kad \u0161ilumini\u0173 plomb\u0173 bandymai b\u016bt\u0173 atliekami tiksliomis, kontroliuojamomis s\u0105lygomis, kad b\u016bt\u0173 gauti tiksl\u016bs ir pakartojami rezultatai.<\/p>\n<p>Svetain\u0117 <strong>bandym\u0173 metodai<\/strong> nurodyta <a href=\"https:\/\/www.qualitester.com\/lt\/produkto-kategorija-2\/astm\/astm-f2029\/\" target=\"_blank\" rel=\"noopener\">ASTM F2029<\/a> daugiausia d\u0117mesio skiriama med\u017eiag\u0173 sandarumui kar\u0161\u010diu nustatyti, taikant tam tikr\u0105 temperat\u016br\u0105, sl\u0117g\u012f ir i\u0161laikymo laik\u0105. Standartas padeda gamintojams suprasti lanks\u010di\u0173 barjerini\u0173 med\u017eiag\u0173 sandarinimo savybes, \u012fskaitant j\u0173 veikim\u0105 skirtingomis sandarinimo s\u0105lygomis. Tai labai svarbu siekiant u\u017etikrinti med\u017eiagos vientisum\u0105 ir jos geb\u0117jim\u0105 apsaugoti turin\u012f nuo i\u0161orini\u0173 veiksni\u0173, toki\u0173 kaip dr\u0117gm\u0117, oras ir ter\u0161alai.<\/p>\n<h2><strong>Gradientinis \u0161iluminis sandariklis: Pa\u017eangi technologija tiksliems bandymams<\/strong><\/h2>\n<p>A <strong>Gradientinis \u0161iluminis sandariklis<\/strong> yra pa\u017eangus kar\u0161\u010dio sandarinimo bandymo aparatas, kuris suteikia galimyb\u0119 sukurti kontroliuojam\u0105 temperat\u016bros gradient\u0105 visoje sandarinimo zonoje. \u0160ia savybe ji skiriasi nuo tradicini\u0173 \u0161iluminio sandarinimo aparat\u0173, kurie paprastai veikia esant vienai temperat\u016brai. S\u0105voka \u201cgradientas\u201d rei\u0161kia ma\u0161inos geb\u0117jim\u0105 imituoti realias sandarinimo s\u0105lygas, kai visame sandarinimo pavir\u0161iuje gali atsirasti temperat\u016bros svyravim\u0173.<\/p>\n<p>Svetain\u0117 <strong>Gradientinis \u0161iluminis sandariklis<\/strong> leid\u017eia gamintojams vienu metu atlikti kelis bandymus skirtingose temperat\u016brose, tod\u0117l gerokai sutrump\u0117ja laukimo tarp bandym\u0173 laikas. \u0160is <strong>keli\u0173 sto\u010di\u0173 galimyb\u0117<\/strong> d\u0117l to \u012frenginys yra labai efektyvus, ypa\u010d bandant med\u017eiagas, kurioms keliami skirtingi kar\u0161\u010dio sandarinimo reikalavimai. Vienu metu bandydami skirtingose temperat\u016brose, gamintojai gali greitai nustatyti geriausias sandarinimo s\u0105lygas skirtingoms med\u017eiagoms ir taip padidinti bendr\u0105 na\u0161um\u0105.<\/p>\n<h4><strong>Pagrindiniai privalumai<\/strong>:<\/h4>\n<ul>\n<li><strong>Didesnis efektyvumas<\/strong>: Vienu metu atliekant bandymus skirtingose temperat\u016brose sutrump\u0117ja bendras bandym\u0173 laikas.<\/li>\n<li><strong>Patobulintas tikslumas<\/strong>: Gradiento funkcija u\u017etikrina tikslesn\u012f reali\u0173 sandarinimo s\u0105lyg\u0173 atvaizdavim\u0105 ir leid\u017eia geriau suprasti med\u017eiagos elgsen\u0105 esant \u012fvairioms sandarinimo s\u0105lygoms.<\/li>\n<li><strong>Pritaikomi nustatymai<\/strong>: \u0160\u012f aparat\u0105 galima reguliuoti taip, kad jis atitikt\u0173 \u012fvairi\u0173 tip\u0173 med\u017eiagas, temperat\u016br\u0105 ir sl\u0117g\u012f, tod\u0117l j\u012f galima pritaikyti \u012fvairioms pramon\u0117s \u0161akoms ir bandym\u0173 poreikiams.<\/li>\n<\/ul>\n<h2><strong>\u0160iluminio sandarinimo bandymo ma\u0161inos (GHS-02 Gradientinis \u0161iluminio sandarinimo testeris) technin\u0117s savyb\u0117s<\/strong><\/h2>\n<p>Svetain\u0117 <strong>GHS-02 Gradientinio kar\u0161\u010dio sandarinimo testeris<\/strong> turi kelet\u0105 pa\u017eangiausi\u0173 funkcij\u0173, u\u017etikrinan\u010di\u0173 tiksl\u0173, patikim\u0105 ir veiksming\u0105 testavim\u0105:<\/p>\n<ul>\n<li><strong>PLC valdymas ir HMI jutiklinis ekranas<\/strong>: Pa\u017eangi ma\u0161inos <strong>PLC valdymo blokas<\/strong> ir <strong>HMI jutiklinis ekranas<\/strong> s\u0105saja leid\u017eia lengvai pritaikyti nustatymus ir steb\u0117ti realiuoju laiku, u\u017etikrinant tiksli\u0105 temperat\u016bros, sl\u0117gio ir sandarinimo laiko kontrol\u0119.<\/li>\n<li><strong>Dvigubi \u0161ildymo \u017eandikauliai<\/strong>: Vir\u0161utinis ir apatinis sandarinimo \u017eandikauliai \u0161ildomi nepriklausomai, tod\u0117l i\u0161vengiama \u0161ilumos nuostoli\u0173 ir u\u017etikrinama pastovi temperat\u016bra viso sandarinimo proceso metu.<\/li>\n<li><strong>PID temperat\u016bros valdiklis<\/strong>: Svetain\u0117 <strong>PID temperat\u016bros valdiklis<\/strong> u\u017etikrina optimal\u0173 \u0161ildymo valdym\u0105, tod\u0117l temperat\u016bra bandym\u0173 metu i\u0161lieka stabili ir tiksli.<\/li>\n<li><strong>Artumo ir sl\u0117gio jutikliai<\/strong>: \u0160ie jutikliai u\u017etikrina tiksli\u0105 sandarinimo sl\u0117gio ir buvimo laiko kontrol\u0119, tod\u0117l padeda u\u017etikrinti vienod\u0105 sandarum\u0105.<\/li>\n<li><strong>Vedamas sandarinimo baras<\/strong>: A <strong>trimis kryptimis vedama sandarinimo juosta<\/strong> u\u017etikrina pastov\u0173 sandarinimo sl\u0117g\u012f, kuris labai svarbus norint u\u017etikrinti vienod\u0105 ir tvirt\u0105 sandarum\u0105.<\/li>\n<li><strong>Naudotojo saugos funkcijos<\/strong>: GHS-02 suprojektuotas atsi\u017evelgiant \u012f naudotojo apsaug\u0105, \u012fskaitant <strong>nuo ap\u0161alimo apsaugantis priekinis dangtelis<\/strong>, a <strong>rankinis kojinis jungiklis<\/strong>, ir kitos saugos priemon\u0117s, u\u017etikrinan\u010dios operatori\u0173 saugum\u0105 bandym\u0173 metu.<\/li>\n<li><strong>Pritaikymo parinktys<\/strong>: \u012erenginys si\u016blo pritaikom\u0105 <strong>sandarinimo \u017eandikauli\u0173 matmenys<\/strong>, <strong>sandarinimo pavir\u0161iaus modeliai<\/strong>, ir daugiau, kad b\u016bt\u0173 patenkinti \u012fvair\u016bs bandym\u0173 poreikiai.<\/li>\n<li><strong>Gradiento temperat\u016bros pritaikymas<\/strong>: Ma\u0161in\u0105 galima sukonfig\u016bruoti taip, kad b\u016bt\u0173 pasiekti skirtingi <strong>temperat\u016bros gradientas<\/strong>, tod\u0117l galima lanks\u010diau atlikti bandymus.<\/li>\n<li><strong>RS232 prievadas duomenims prijungti<\/strong>: Svetain\u0117 <strong>RS232 prievadas<\/strong> ir papildoma profesionali programin\u0117 \u012franga leid\u017eia skland\u017eiai perduoti duomenis, tod\u0117l lengviau analizuoti ir saugoti tyrim\u0173 rezultatus.<\/li>\n<\/ul>\n<h2><strong>Testavimo procesas ir darbo eiga<\/strong><\/h2>\n<p>Bandymo procesas naudojant <strong>\u0160iluminio sandarinimo bandymo ma\u0161ina<\/strong> yra paprastas, ta\u010diau tikslus:<\/p>\n<ol>\n<li><strong>\u012ed\u0117kite m\u0117gin\u012f<\/strong>: Tiriamos med\u017eiagos bandinys dedamas tarp dviej\u0173 lygiagre\u010di\u0173 \u012fkaitint\u0173 sandarinimo \u017eandikauli\u0173 plok\u0161\u010diais pavir\u0161iais.<\/li>\n<li><strong>Reguliuoti nustatymus<\/strong>: Naudotojas nustato norim\u0105 temperat\u016br\u0105, sl\u0117g\u012f ir sandarinimo trukm\u0119, atsi\u017evelgdamas \u012f med\u017eiag\u0105 ir numatytas sandarinimo s\u0105lygas.<\/li>\n<li><strong>U\u017eklijuokite m\u0117gin\u012f<\/strong>: Pasiekus reikiam\u0105 temperat\u016br\u0105, vir\u0161utin\u0117 sandarinimo \u017enypl\u0117, varoma duj\u0173 baliono, nuleid\u017eiama \u017eemyn, kad nustatytu laiku bandin\u012f veikt\u0173 tam tikras sl\u0117gis.<\/li>\n<li><strong>Gr\u0105\u017einimas ir \u012fvertinimas<\/strong>: Pasibaigus nustatytam sandarinimo laikui, vir\u0161utinis \u017eandikaulis gr\u012f\u017eta \u012f pradin\u0119 pad\u0117t\u012f ir m\u0117ginys i\u0161imamas vertinimui.<\/li>\n<\/ol>\n<h2><strong>Pagrindiniai terminio sandarinimo bandymo ma\u0161inos parametrai<\/strong><\/h2>\n<p>Svetain\u0117 <strong>GHS-02 Gradientinio kar\u0161\u010dio sandarinimo testeris<\/strong> turi tikslius parametrus, u\u017etikrinan\u010dius tikslius rezultatus:<\/p>\n<table>\n<tbody>\n<tr>\n<td style=\"text-align: center;\" width=\"123\">Sandarinimo temperat\u016bra.<\/td>\n<td style=\"text-align: center;\" width=\"196\">Aplinka ~ 250 \u2103<\/td>\n<\/tr>\n<tr>\n<td style=\"text-align: center;\" width=\"123\">Temperat\u016bra. Gradientas<\/td>\n<td style=\"text-align: center;\" width=\"196\">\u226420\u2103<\/td>\n<\/tr>\n<tr>\n<td style=\"text-align: center;\" width=\"123\">Nuokrypis<\/td>\n<td style=\"text-align: center;\" width=\"196\">\u00b10.2\u2103<\/td>\n<\/tr>\n<tr>\n<td style=\"text-align: center;\" width=\"123\">Sandarinimo laikas<\/td>\n<td style=\"text-align: center;\" width=\"196\">0,1S~9999H<\/td>\n<\/tr>\n<tr>\n<td style=\"text-align: center;\" width=\"123\">Sandarinimo sl\u0117gis<\/td>\n<td style=\"text-align: center;\" width=\"196\">0,15 ~ 0,7 MPa<\/td>\n<\/tr>\n<tr>\n<td style=\"text-align: center;\" width=\"123\">Sandarinimo \u017eandikauliai (mm)<\/td>\n<td style=\"text-align: center;\" width=\"196\">U:40*10 5VNT\/L:330 1VNT<\/td>\n<\/tr>\n<tr>\n<td style=\"text-align: center;\" width=\"123\">Duj\u0173 s\u0105naudos<\/td>\n<td style=\"text-align: center;\" width=\"196\">0,7 MPa su \u04246 mm vamzd\u017eiu<\/td>\n<\/tr>\n<tr>\n<td style=\"text-align: center;\" width=\"123\">Maitinimas<\/td>\n<td style=\"text-align: center;\" width=\"196\">AC 220V 50Hz<\/td>\n<\/tr>\n<\/tbody>\n<\/table>\n<h2><strong>Atitiktis standartams ir sertifikatai<\/strong><\/h2>\n<p>Svetain\u0117 <strong>\u0160iluminio sandarinimo bandymo ma\u0161ina<\/strong> visi\u0161kai atitinka <strong>ASTM F2029-16 (2021)<\/strong>, u\u017etikrinant, kad \u012frenginys atitikt\u0173 reikiamus pramon\u0117s standartus, taikomus kar\u0161\u010dio sandarinimo bandymams. \u0160is sertifikatas garantuoja, kad ma\u0161ina duoda patikimus ir tikslius rezultatus, atitinkan\u010dius pla\u010diausiai pripa\u017eintus terminio sandarinimo standartus. Gamintojai gali pasitik\u0117ti, kad GHS-02 Gradientinis \u0161iluminio sandarinimo testeris pateikia tikslius matavimus, padedan\u010dius u\u017etikrinti j\u0173 pakuo\u010di\u0173 kokyb\u0119 ir patikimum\u0105.<\/p>\n<h2><strong>Kod\u0117l verta rinktis GHS-02 gradientin\u012f \u0161iluminio sandarinimo tester\u012f<\/strong><\/h2>\n<ul>\n<li><strong>Efektyvumas<\/strong>: Vienu metu bandykite kelis m\u0117ginius skirtingose temperat\u016brose, taip sutrumpindami bendr\u0105 bandym\u0173 laik\u0105 ir padidindami na\u0161um\u0105.<\/li>\n<li><strong>Tikslumas<\/strong>: Pasiekite labai tikslius tyrim\u0173 rezultatus naudodami pritaikomus parametrus ir pa\u017eangi\u0105 temperat\u016bros kontrol\u0119.<\/li>\n<li><strong>Patikimumas<\/strong>: Atitiktis <strong>ASTM F2029<\/strong> u\u017etikrina, kad j\u016bs\u0173 bandymai atitikt\u0173 pramon\u0117s standartus, taikomus \u0161ilumos sandarinimo tvirtumui ir vientisumui.<\/li>\n<li><strong>Pritaikymas<\/strong>: Pritaikykite \u012frenginio nustatymus ir funkcijas, kad jos atitikt\u0173 j\u016bs\u0173 unikalius bandym\u0173 poreikius - nuo sandarinimo \u017eandikauli\u0173 matmen\u0173 iki sandarinimo sl\u0117gio.<\/li>\n<\/ul>\n<p>Svetain\u0117 <strong>\u0160iluminio sandarinimo bandymo ma\u0161ina<\/strong> yra labai svarbi priemon\u0117 pakuo\u010di\u0173 pramon\u0117s gamintojams, u\u017etikrinanti, kad j\u0173 gaminiai b\u016bt\u0173 u\u017eklijuoti optimaliai tvirtai ir vientisai. Nesvarbu, ar pakuojate maisto produktus, vaistus, ar elektronik\u0105, GHS-02 Gradientinis terminio sandarinimo testeris u\u017etikrina tikslum\u0105 ir efektyvum\u0105, kurio reikia norint u\u017etikrinti auk\u0161\u010diausi\u0105 sandarinimo kokyb\u0119. Naudojant pa\u017eangi\u0105 technologij\u0105, u\u017etikrinama atitiktis <strong>ASTM F2029<\/strong>, ir pritaikomi nustatymai, \u0161is aparatas yra idealus pasirinkimas \u012fmon\u0117ms, norin\u010dioms patobulinti pakuo\u010di\u0173 kokyb\u0117s kontrol\u0117s procesus.<\/p>","protected":false},"excerpt":{"rendered":"<p>A <strong>\u0160iluminio sandarinimo bandymo ma\u0161ina<\/strong> yra labai svarbus prietaisas, naudojamas pakavimo pramon\u0117je \u012fvairi\u0173 med\u017eiag\u0173 sandarinimo \u0161iluma savyb\u0117ms \u012fvertinti. \u0160ios med\u017eiagos gali b\u016bti pl\u0117vel\u0117s, laminatai ir kiti lankst\u016bs barjeriniai komponentai. \u0160iluminio sandarinimo stiprumas ir vientisumas yra labai svarb\u016bs siekiant u\u017etikrinti, kad pakuot\u0117s patikimai apsaugot\u0173 tokius produktus, kaip maistas, vaistai, elektronika ir kt.<\/p>","protected":false},"featured_media":5917,"comment_status":"closed","ping_status":"closed","template":"","meta":{"site-sidebar-layout":"default","site-content-layout":"default","ast-global-header-display":"","ast-main-header-display":"","ast-hfb-above-header-display":"","ast-hfb-below-header-display":"","ast-hfb-mobile-header-display":"","site-post-title":"","ast-breadcrumbs-content":"","ast-featured-img":"","footer-sml-layout":"","theme-transparent-header-meta":"default","adv-header-id-meta":"","stick-header-meta":"","header-above-stick-meta":"","header-main-stick-meta":"","header-below-stick-meta":""},"product_cat":[845,677,149,16,142,95],"product_tag":[64,922,504,506,505,909],"class_list":{"0":"post-3282","1":"product","2":"type-product","3":"status-publish","4":"has-post-thumbnail","6":"product_cat-customization","7":"product_cat-heat-seal-tester","8":"product_cat-pharma-and-medical-testers","9":"product_cat-plastic-packaging-testers","10":"product_cat-astm-f2029","11":"product_cat-products","12":"product_tag-astm-f2029","13":"product_tag-gradient-heat-seal-tester","14":"product_tag-heat-sealing-pressure","15":"product_tag-heat-sealing-temperature","16":"product_tag-heat-sealing-time","17":"product_tag-packaging-heat-seal-data","18":"desktop-align-left","19":"tablet-align-left","20":"mobile-align-left","22":"first","23":"instock","24":"shipping-taxable","25":"product-type-simple"},"_links":{"self":[{"href":"https:\/\/www.qualitester.com\/lt\/wp-json\/wp\/v2\/product\/3282","targetHints":{"allow":["GET"]}}],"collection":[{"href":"https:\/\/www.qualitester.com\/lt\/wp-json\/wp\/v2\/product"}],"about":[{"href":"https:\/\/www.qualitester.com\/lt\/wp-json\/wp\/v2\/types\/product"}],"replies":[{"embeddable":true,"href":"https:\/\/www.qualitester.com\/lt\/wp-json\/wp\/v2\/comments?post=3282"}],"version-history":[{"count":0,"href":"https:\/\/www.qualitester.com\/lt\/wp-json\/wp\/v2\/product\/3282\/revisions"}],"wp:featuredmedia":[{"embeddable":true,"href":"https:\/\/www.qualitester.com\/lt\/wp-json\/wp\/v2\/media\/5917"}],"wp:attachment":[{"href":"https:\/\/www.qualitester.com\/lt\/wp-json\/wp\/v2\/media?parent=3282"}],"wp:term":[{"taxonomy":"product_cat","embeddable":true,"href":"https:\/\/www.qualitester.com\/lt\/wp-json\/wp\/v2\/product_cat?post=3282"},{"taxonomy":"product_tag","embeddable":true,"href":"https:\/\/www.qualitester.com\/lt\/wp-json\/wp\/v2\/product_tag?post=3282"}],"curies":[{"name":"wp","href":"https:\/\/api.w.org\/{rel}","templated":true}]}}