{"id":3281,"date":"2023-08-14T08:28:02","date_gmt":"2023-08-14T00:28:02","guid":{"rendered":"https:\/\/www.qualitester.com\/?post_type=product&#038;p=3281"},"modified":"2024-12-05T09:19:19","modified_gmt":"2024-12-05T01:19:19","slug":"heat-seal-material-film-hot-tack-property-test","status":"publish","type":"product","link":"https:\/\/www.qualitester.com\/lt\/produktas-2\/heat-seal-material-film-hot-tack-property-test\/","title":{"rendered":"HTT-01 kar\u0161to klijavimo testeris"},"content":{"rendered":"<h2><strong>\u012evadas \u012f kar\u0161to sukibimo bandym\u0105<\/strong><\/h2>\n<p>Svetain\u0117 <strong>kar\u0161to lipnumo bandymas<\/strong> yra kritinis vertinimo metodas, kuriuo matuojamas \u0161ilumini\u0173 plomb\u0173 stiprumas i\u0161 karto po u\u017eklijavimo ir prie\u0161 plombos atv\u0117sim\u0105. \u0160is bandymas yra labai svarbus pramon\u0117s \u0161akose, kuriose reikia greito ir patikimo sandarinimo, ypa\u010d <strong>vertikalus formavimas, u\u017epildymas ir sandarinimas (VFFS)<\/strong> procesai. Stiprus kar\u0161tas lipnumas u\u017etikrina, kad sandarumas i\u0161likt\u0173 nepa\u017eeistas, kai pakuot\u0117 pripildoma produktais, tod\u0117l i\u0161vengiama i\u0161siliejimo ir i\u0161laikomas produkto vientisumas.<\/p>\n<p>Kar\u0161to lipnumo bandymai pla\u010diai naudojami tokiose pramon\u0117s \u0161akose kaip maisto produkt\u0173 pakuot\u0117s, farmacijos, klij\u0173 ir elektronikos pramon\u0117, kur pakuo\u010di\u0173 eksploatacin\u0117s savyb\u0117s turi tiesiogin\u0117s \u012ftakos produkt\u0173 saugai ir kokybei.<\/p>\n<h2><strong>\u0160iluminio sandarinimo bandym\u0173 ap\u017evalga<\/strong><\/h2>\n<p><strong>\u0160iluminio sandarinimo bandymas<\/strong> vertinamas bendras termoplastini\u0173 med\u017eiag\u0173 stiprumas, patvarumas ir lankstumas po sandarinimo. Taip u\u017etikrinama, kad plombos atlaikyt\u0173 tvarkymo, sand\u0117liavimo ir transportavimo s\u0105lygas. Pagrindiniai veiksniai, darantys \u012ftak\u0105 terminio sandarinimo savyb\u0117ms, yra \u0161ie:<\/p>\n<ul>\n<li><strong>Sandarinimo temperat\u016bra<\/strong><\/li>\n<li><strong>Sl\u0117gis<\/strong><\/li>\n<li><strong>Prastovos laikas<\/strong><\/li>\n<li><strong>Au\u0161inimo laikas<\/strong><\/li>\n<\/ul>\n<p>Tiksli \u0161i\u0173 parametr\u0173 kontrol\u0117 yra labai svarbi norint u\u017etikrinti nuosekl\u0173 ir patikim\u0105 sandarinim\u0105, tod\u0117l terminio sandarinimo bandymai yra kertinis lanks\u010di\u0173 pakuo\u010di\u0173 kokyb\u0117s u\u017etikrinimo elementas.<\/p>\n<h2><strong><a href=\"https:\/\/www.astm.org\/f1921_f1921m-12r18.html\" rel=\"nofollow noopener\" target=\"_blank\">ASTM F1921<\/a> ir <a href=\"https:\/\/www.astm.org\/f2029-16r21.html\" rel=\"nofollow noopener\" target=\"_blank\">ASTM F2029<\/a> Standartai<\/strong><\/h2>\n<ul>\n<li><a href=\"https:\/\/www.qualitester.com\/lt\/produkto-kategorija-2\/astm\/astm-f1921\/\"><strong>ASTM F1921<\/strong><\/a>:<br \/>\n\u0160iame standarte apra\u0161yti bandym\u0173 metodai, skirti nustatyti <strong>kar\u0161to sandarinimo stiprumas<\/strong> termoplastini\u0173 med\u017eiag\u0173 (kar\u0161to lipnumo). Jame pateikiamos gair\u0117s d\u0117l sandarinimo s\u0105lyg\u0173, bandym\u0173 proced\u016br\u0173 ir j\u0117gos, reikalingos sandarikliams atskirti, matavimo.<\/li>\n<li><a href=\"https:\/\/www.qualitester.com\/lt\/produkto-kategorija-2\/astm\/astm-f2029\/\"><strong>ASTM F2029<\/strong><\/a>:<br \/>\n\u0160iame standarte apra\u0161oma <strong>\u0161ilumini\u0173 plomb\u0173 gamybos praktika<\/strong> ir \u012fvertinti j\u0173 stiprum\u0105. Nustatant sandarinimo ir bandym\u0173 parametrus u\u017etikrinama, kad termi\u0161kai sandarinamos med\u017eiagos atitikt\u0173 eksploatacini\u0173 savybi\u0173 kriterijus.<\/li>\n<\/ul>\n<p>Abu standartai yra labai svarb\u016bs siekiant u\u017etikrinti kokyb\u0117s kontrol\u0119 ir pramon\u0117s taisykli\u0173 laikym\u0105si.<\/p>\n<h2><strong>HTT-01 kar\u0161to sukibimo ir tempimo testeris<\/strong><\/h2>\n<p>Svetain\u0117 <strong>HTT-01 kar\u0161to sukibimo ir tempimo testeris<\/strong> yra universalus prietaisas, skirtas vertinti ir <strong>kar\u0161tas priklijavimas<\/strong> ir apskritai <strong>sandarinimo stiprumas<\/strong> i\u0161 termoplastini\u0173 med\u017eiag\u0173. Jis suteikia patikim\u0173 duomen\u0173, reikaling\u0173 pakuo\u010di\u0173 kokybei u\u017etikrinti, ir padeda gamintojams optimizuoti sandarinimo procesus.<\/p>\n<p><strong>Pagrindin\u0117s programos:<\/strong><\/p>\n<ul>\n<li>VFFS pakuo\u010di\u0173 kar\u0161to lipnumo bandymas.<\/li>\n<li>Lanks\u010di\u0173 juost\u0173 terminio sandarinimo stiprumo vertinimas.<\/li>\n<li>Termoplastini\u0173 med\u017eiag\u0173 tempimo ir pl\u0117\u0161imo j\u0117gos bandymai.<\/li>\n<\/ul>\n<h2><strong>Bandymo principas ir procesas<\/strong><\/h2>\n<p>Atliekant kar\u0161tojo lipnumo bandym\u0105 bandinio juostel\u0117 kontroliuojamomis s\u0105lygomis u\u017eklijuojama tarp dviej\u0173 \u012fkaitint\u0173 \u017eandikauli\u0173:<\/p>\n<ol>\n<li><strong>Sandarinimo parametrai<\/strong>: Temperat\u016bra, buvimo laikas, sl\u0117gis ir au\u0161inimo laikas nustatomi pagal med\u017eiagos specifikacijas.<\/li>\n<li><strong>Atskyrimo bandymas<\/strong>: Po sandarinimo m\u0117ginys atskiriamas nustatytu grei\u010diu ir matuojama j\u0117ga, kurios reikia sandarinimui nutraukti.<\/li>\n<\/ol>\n<p>Gauta j\u0117ga rodo, kad <strong>kar\u0161to klijavimo stiprumas<\/strong>, o tai labai svarbu norint u\u017etikrinti pakuot\u0117s veikim\u0105 realiomis s\u0105lygomis.<\/p>\n<h2><strong>Pagrindin\u0117s technin\u0117s HTT-01 savyb\u0117s<\/strong><\/h2>\n<ul>\n<li><strong>I\u0161pl\u0117stinis valdymas ir s\u0105saja<\/strong>:<br \/>\nHTT-01 turi <strong>PLC valdoma sistema<\/strong> su <strong>HMI jutiklinis ekranas<\/strong> s\u0105saja, u\u017etikrinanti pramoninio lygio stabilum\u0105 ir patog\u0173 valdym\u0105.<\/li>\n<li><strong>Universalios testavimo galimyb\u0117s<\/strong>:<br \/>\nJis palaiko <strong>kar\u0161to lipnumo, tempimo ir pl\u0117\u0161imo bandymai<\/strong>, tod\u0117l tai yra daugiafunkcinis sprendimas \u012fvairioms reikm\u0117ms.<\/li>\n<li><strong>Temperat\u016bros tikslumas<\/strong>:<br \/>\nTestuotojas naudoja <strong>Delta P.I.D. temperat\u016bros reguliatorius<\/strong> ir <strong>PT100 jutiklis<\/strong> tiksli\u0105 temperat\u016bros kontrol\u0119, u\u017etikrinan\u010di\u0105 pakartojamus rezultatus.<\/li>\n<li><strong>Reguliuojami parametrai<\/strong>:<br \/>\nNaudotojai gali pritaikyti sandarinimo temperat\u016br\u0105, sl\u0117g\u012f ir buvimo laik\u0105, o bandym\u0173 greitis svyruoja nuo <strong>nuo 1 iki 2000 mm\/min<\/strong>.<\/li>\n<li><strong>Sauga ir duomen\u0173 valdymas<\/strong>:<br \/>\nHTT-01 turi tokias saugos priemones kaip <strong>automatinis nulio nustatymas<\/strong>, <strong>apsauga nuo perkrovos<\/strong>, ir <strong>Apsauga nuo per didel\u0117s eigos<\/strong>. Duomenys gali b\u016bti valdomi per <strong>RS 232 prievadas<\/strong> ir papildom\u0105 profesionali\u0105 programin\u0119 \u012frang\u0105.<\/li>\n<\/ul>\n<h2><strong>Pagrindin\u0117s technin\u0117s specifikacijos<\/strong><\/h2>\n<table>\n<tbody>\n<tr>\n<td width=\"123\">Sandarinimo temperat\u016bra.<\/td>\n<td width=\"251\">Aplinka ~ 250 \u2103<\/td>\n<\/tr>\n<tr>\n<td width=\"123\">Temperat\u016bros tikslumas<\/td>\n<td width=\"251\">\u00b10.2\u2103<\/td>\n<\/tr>\n<tr>\n<td width=\"123\">Prastovos laikas<\/td>\n<td width=\"251\">0,1 ~ 9999 s (\u0161iluminis sandarinimas)<\/td>\n<\/tr>\n<tr>\n<td width=\"123\">Prastovos laikas<\/td>\n<td width=\"251\">0,1 ~ 999999 s (kar\u0161tas priklijavimas)<\/td>\n<\/tr>\n<tr>\n<td width=\"123\">Sandarinimo sl\u0117gis<\/td>\n<td width=\"251\">0,15 MPa ~ 0,7 MPa<\/td>\n<\/tr>\n<tr>\n<td width=\"123\">Sandarinimo \u017eandikauliai<\/td>\n<td width=\"251\">50mmx10mm dengtas teflonu<\/td>\n<\/tr>\n<tr>\n<td width=\"123\">\u017dandikauli\u0173 \u0161ildymas<\/td>\n<td width=\"251\">Dvigubas \u0161ildymas<\/td>\n<\/tr>\n<tr>\n<td width=\"123\">Apkrovos l\u0105stel\u0117<\/td>\n<td width=\"251\">200N (pasirinktinai: 30N50N100N ir t. t.)<\/td>\n<\/tr>\n<tr>\n<td width=\"123\">Tikslumas<\/td>\n<td width=\"251\">0,5 F.S.<\/td>\n<\/tr>\n<tr>\n<td width=\"123\">Rezoliucija<\/td>\n<td width=\"251\">0.01N<\/td>\n<\/tr>\n<tr>\n<td width=\"123\">Maitinimas<\/td>\n<td width=\"251\">220 V, 50 HZ<\/td>\n<\/tr>\n<\/tbody>\n<\/table>\n<h2><strong>Kar\u0161to sukibimo ir kar\u0161to sandarinimo bandym\u0173 reik\u0161m\u0117<\/strong><\/h2>\n<ul>\n<li><strong>Kokyb\u0117s ir saugos u\u017etikrinimas<\/strong>:<br \/>\nKar\u0161to lipnumo ir \u0161iluminio sandarinimo bandymai yra labai svarb\u016bs u\u017etikrinant supakuot\u0173 preki\u0173 kokyb\u0119 ir saug\u0105. \u012evertin\u0119 sandarumo stiprum\u0105 \u012fvairiuose etapuose, gamintojai gali u\u017ekirsti keli\u0105 produkt\u0173 i\u0161siliejimui ir gedimams.<\/li>\n<li><strong>Pramon\u0117s atitiktis<\/strong>:<br \/>\nLaikantis <strong>ASTM F1921<\/strong> ir <strong>ASTM F2029<\/strong> u\u017etikrina, kad gaminiai atitikt\u0173 pramon\u0117s standartus ir klient\u0173 l\u016bkes\u010dius.<\/li>\n<li><strong>Proces\u0173 optimizavimas<\/strong>:<br \/>\nDuomenys, gauti atlikus kar\u0161to prilipimo ir \u0161iluminio sandarinimo bandymus, padeda optimizuoti pakavimo procesus, didinti efektyvum\u0105 ir ma\u017einti atliek\u0173 kiek\u012f.<\/li>\n<\/ul>\n<p>Svetain\u0117 <strong>HTT-01 kar\u0161to sukibimo ir tempimo testeris<\/strong> yra esmin\u0117 priemon\u0117, u\u017etikrinanti lanks\u010di\u0173 pakuo\u010di\u0173 \u0161ilumini\u0173 plomb\u0173 vientisum\u0105 ir patikimum\u0105. Laikydamiesi <strong>ASTM F1921<\/strong> ir <strong>ASTM F2029<\/strong> standart\u0173, \u0161is testeris padeda gamintojams pasiekti pastovi\u0105 kokyb\u0119 ir atitikti pramon\u0117s reikalavimus. D\u0117l pa\u017eangi\u0173 funkcij\u0173, tikslaus valdymo ir universalumo \u0161is testeris yra vertingas pakuo\u010di\u0173 kokyb\u0117s u\u017etikrinimo \u012frankis.<\/p>\n<h2><strong>DUK<\/strong><\/h2>\n<ol>\n<li><strong>Kas yra kar\u0161to lipnumo bandymas ir kod\u0117l jis svarbus?<\/strong><br \/>\nKar\u0161to lipnumo bandymu matuojamas kar\u0161to sandarinimo stiprumas i\u0161 karto po sandarinimo, kuris labai svarbus norint i\u0161laikyti pakuot\u0117s vientisum\u0105 greituose procesuose.<\/li>\n<li><strong>Kuo kar\u0161\u010dio sandarinimo bandymas skiriasi nuo kar\u0161to lipnumo bandymo?<\/strong><br \/>\nAtliekant terminio sandarinimo bandymus vertinamas bendras sandariklio stiprumas po au\u0161inimo, o atliekant kar\u0161to sukibimo bandymus - sandariklio stiprumas prie\u0161 au\u0161inim\u0105.<\/li>\n<li><strong>Kokiose pramon\u0117s \u0161akose naudojami kar\u0161to lipnumo ir \u0161iluminio sandarinimo bandymai?<\/strong><br \/>\nTokiose pramon\u0117s \u0161akose kaip maisto pakuot\u0117s, farmacijos, klijai ir elektronika \u0161ie bandymai padeda u\u017etikrinti produkt\u0173 saug\u0105 ir kokyb\u0119.<\/li>\n<li><strong>Kas yra ASTM F1921 ir ASTM F2029?<\/strong><br \/>\nASTM F1921 pateikia kar\u0161tojo lipnumo stiprumo vertinimo metodus, o ASTM F2029 apra\u0161o kar\u0161t\u0173j\u0173 plomb\u0173 gamybos ir vertinimo praktik\u0105.<\/li>\n<li><strong>Kokios yra svarbiausios HTT-01 kar\u0161to klijavimo testerio savyb\u0117s?<\/strong><br \/>\nHTT-01 pasi\u017eymi pa\u017eangiu valdymu, universaliomis bandym\u0173 galimyb\u0117mis, tikslia temperat\u016bros kontrole ir patikimomis saugos funkcijomis, tod\u0117l idealiai tinka visapusi\u0161kiems \u0161iluminio sandarinimo bandymams.<\/li>\n<\/ol>","protected":false},"excerpt":{"rendered":"<p>Svetain\u0117 <strong>kar\u0161to lipnumo bandymas<\/strong> yra kritinis vertinimo metodas, kuriuo matuojamas \u0161ilumini\u0173 plomb\u0173 stiprumas i\u0161 karto po u\u017eklijavimo ir prie\u0161 plombos atv\u0117sim\u0105. \u0160is bandymas yra labai svarbus pramon\u0117s \u0161akose, kuriose reikia greito ir patikimo sandarinimo, ypa\u010d <strong>vertikalus formavimas, u\u017epildymas ir sandarinimas (VFFS)<\/strong> procesai. Stiprus kar\u0161tas lipnumas u\u017etikrina, kad sandarumas i\u0161likt\u0173 nepa\u017eeistas, kai pakuot\u0117 pripildoma produktais, tod\u0117l i\u0161vengiama i\u0161siliejimo ir i\u0161laikomas produkto vientisumas.<\/p>","protected":false},"featured_media":5966,"comment_status":"closed","ping_status":"closed","template":"","meta":{"site-sidebar-layout":"default","site-content-layout":"default","ast-global-header-display":"","ast-main-header-display":"","ast-hfb-above-header-display":"","ast-hfb-below-header-display":"","ast-hfb-mobile-header-display":"","site-post-title":"disabled","ast-breadcrumbs-content":"","ast-featured-img":"disabled","footer-sml-layout":"","theme-transparent-header-meta":"default","adv-header-id-meta":"","stick-header-meta":"","header-above-stick-meta":"","header-main-stick-meta":"","header-below-stick-meta":""},"product_cat":[953,956,955,845,954,957,958,952,959,677,678,149,16,141,142,95],"product_tag":[],"class_list":{"0":"post-3281","1":"product","2":"type-product","3":"status-publish","4":"has-post-thumbnail","6":"product_cat-bursting-tester","7":"product_cat-cobb-tester","8":"product_cat-crush-tester","9":"product_cat-customization","10":"product_cat-paper-tear-tester","11":"product_cat-plybond-tester","12":"product_cat-puncture-tester","13":"product_cat-rub-tester","14":"product_cat-stiffness-tester","15":"product_cat-heat-seal-tester","16":"product_cat-hot-tack-tester","17":"product_cat-pharma-and-medical-testers","18":"product_cat-plastic-packaging-testers","19":"product_cat-astm-f1921","20":"product_cat-astm-f2029","21":"product_cat-products","22":"desktop-align-left","23":"tablet-align-left","24":"mobile-align-left","26":"first","27":"instock","28":"shipping-taxable","29":"product-type-simple"},"_links":{"self":[{"href":"https:\/\/www.qualitester.com\/lt\/wp-json\/wp\/v2\/product\/3281","targetHints":{"allow":["GET"]}}],"collection":[{"href":"https:\/\/www.qualitester.com\/lt\/wp-json\/wp\/v2\/product"}],"about":[{"href":"https:\/\/www.qualitester.com\/lt\/wp-json\/wp\/v2\/types\/product"}],"replies":[{"embeddable":true,"href":"https:\/\/www.qualitester.com\/lt\/wp-json\/wp\/v2\/comments?post=3281"}],"version-history":[{"count":0,"href":"https:\/\/www.qualitester.com\/lt\/wp-json\/wp\/v2\/product\/3281\/revisions"}],"wp:featuredmedia":[{"embeddable":true,"href":"https:\/\/www.qualitester.com\/lt\/wp-json\/wp\/v2\/media\/5966"}],"wp:attachment":[{"href":"https:\/\/www.qualitester.com\/lt\/wp-json\/wp\/v2\/media?parent=3281"}],"wp:term":[{"taxonomy":"product_cat","embeddable":true,"href":"https:\/\/www.qualitester.com\/lt\/wp-json\/wp\/v2\/product_cat?post=3281"},{"taxonomy":"product_tag","embeddable":true,"href":"https:\/\/www.qualitester.com\/lt\/wp-json\/wp\/v2\/product_tag?post=3281"}],"curies":[{"name":"wp","href":"https:\/\/api.w.org\/{rel}","templated":true}]}}