{"id":3012,"date":"2023-07-31T16:39:52","date_gmt":"2023-07-31T08:39:52","guid":{"rendered":"https:\/\/www.qualitester.com\/?post_type=product&#038;p=3012"},"modified":"2025-01-07T17:06:31","modified_gmt":"2025-01-07T09:06:31","slug":"gelbo-flex-tester-astm-f392","status":"publish","type":"product","link":"https:\/\/www.qualitester.com\/lt\/produktas-2\/gelbo-flex-tester-astm-f392\/","title":{"rendered":"GFT \"Gelbo Flex\" testeris"},"content":{"rendered":"<p>Svetain\u0117 <strong>\"Gelbo Flex\" testeris<\/strong> yra labai svarbi priemon\u0117 lanks\u010di\u0173 barjerini\u0173 med\u017eiag\u0173, toki\u0173 kaip pl\u0117vel\u0117s, kompozitai ir dangos, atsparumui lenkimui \u012fvertinti. \u0160iuo prietaisu tikrinamas med\u017eiagos geb\u0117jimas atlaikyti pasikartojan\u010dias apkrovas, o tai labai svarbu siekiant i\u0161vengti \u012ftr\u016bkim\u0173 ir u\u017etikrinti pakuo\u010di\u0173 vientisum\u0105 platinimo metu. Atsparumas \u012ftr\u016bkimams yra labai svarbi savyb\u0117, nes ji suma\u017eina pakuot\u0117s perforacijos rizik\u0105 ir u\u017etikrina, kad pakuot\u0117s turinys i\u0161likt\u0173 nepa\u017eeistas per vis\u0105 pakuot\u0117s gyvavimo cikl\u0105.<\/p>\n<h2>ASTM F392 - Lanks\u010di\u0173 barjerini\u0173 med\u017eiag\u0173 patvarumas<\/h2>\n<p><a href=\"https:\/\/www.astm.org\/f0392_f0392m-21.html\" target=\"_blank\" rel=\"noopener nofollow\"><strong>ASTM F392<\/strong><\/a> yra standartin\u0117 specifikacija, kurioje apra\u0161oma proced\u016bra, skirta nustatyti <strong>lankstumo patvarumas<\/strong> lanks\u010di\u0173 barjerini\u0173 med\u017eiag\u0173. \u0160is bandymo metodas specialiai sukurtas siekiant \u012fvertinti toki\u0173 med\u017eiag\u0173 kaip pl\u0117vel\u0117s ir dangos geb\u0117jim\u0105 atlaikyti daugkartin\u012f lenkim\u0105, sukim\u0105 ir lankstym\u0105 veikiant \u012ftampai, imituojan\u010diai realias s\u0105lygas ve\u017eimo ir tvarkymo metu. Atliekant bandym\u0105 bandinys veikiamas \u012fvairiais lenkimo judesiais ir nustatomas med\u017eiagos geb\u0117jimas atlaikyti \u0161iuos \u012ftempius, nepadarant skyli\u0173 ar \u012ftr\u016bkim\u0173.<\/p>\n<h2>Standartin\u0117 lanks\u010di\u0173 barjerini\u0173 med\u017eiag\u0173 kondicionavimo atliekant lankstumo bandymus proced\u016bra<\/h2>\n<p>Svetain\u0117 <strong>\"Gelbo Flex\" testeris<\/strong> laikosi testavimo proced\u016br\u0173, apra\u0161yt\u0173 <strong>ASTM F392<\/strong> svetain\u0117je <strong>Lankstumo bandymai<\/strong>. Procesas apima 200 mm x 280 mm dyd\u017eio bandinio pritvirtinim\u0105 prie bandom\u0173j\u0173 \u012ftvar\u0173. Tuomet bandinys veikiamas sukimo ir horizontalaus suspaudimo judesiais, kurie imituoja \u012ftempius, kuriuos patiria pakuot\u0117s med\u017eiagos platinimo metu. Konkre\u010diai, sistema inicijuoja 440\u00b0 sukimosi judes\u012f per pirmuosius 90 mm eigos, po kurio atliekamas 65 mm horizontalusis suspaudimas.<\/p>\n<div class=\"ast-oembed-container\" style=\"height: 100%;\"><iframe title=\"&quot;Gelbo Flex&quot; testeris ASTM F392\" width=\"500\" height=\"281\" src=\"https:\/\/www.youtube.com\/embed\/n2u7WCjVRTk?feature=oembed\" frameborder=\"0\" allow=\"accelerometer; autoplay; clipboard-write; encrypted-media; gyroscope; picture-in-picture; web-share\" referrerpolicy=\"strict-origin-when-cross-origin\" allowfullscreen><\/iframe><\/div>\n<p>Bandymas atliekamas tokiu grei\u010diu <strong>45 ciklai per minut\u0119<\/strong> su penkiais i\u0161 anksto u\u017eprogramuotais testavimo re\u017eimais:<\/p>\n<ul>\n<li><strong>A re\u017eimas<\/strong>: Visi\u0161kas lankstumas 1 valand\u0105 (2700 cikl\u0173)<\/li>\n<li><strong>B re\u017eimas<\/strong>: Visi\u0161kas lankstymas 20 minu\u010di\u0173 (900 cikl\u0173)<\/li>\n<li><strong>C re\u017eimas<\/strong>: Visi\u0161kas sulenkimas 6 minutes (270 cikl\u0173)<\/li>\n<li><strong>D re\u017eimas<\/strong>: Visi\u0161kas lankstumas 20 cikl\u0173<\/li>\n<li><strong>E re\u017eimas<\/strong>: Dalinis lankstymas 20 cikl\u0173<\/li>\n<\/ul>\n<p>\u0160is lankstus bandym\u0173 procesas leid\u017eia naudotojams imituoti \u012fvairius realaus pasaulio \u012ftempi\u0173 scenarijus, tod\u0117l galima tiksliai \u012fvertinti atsparum\u0105 \u012ftr\u016bkimams.<\/p>\n<h2>\"Gelbo Flex\" testerio technin\u0117s savyb\u0117s<\/h2>\n<ul>\n<li><strong>PLC valdymas<\/strong>: \"Gelbo Flex\" testeris turi <strong>PLC valdymas<\/strong> nuosekliam, automatizuotam testavimui.<\/li>\n<li><strong>Intuityvi HMI jutiklinio ekrano s\u0105saja<\/strong>: Naudotojui patogi s\u0105saja leid\u017eia lengvai steb\u0117ti ir valdyti bandym\u0173 parametrus.<\/li>\n<li><strong>Penki standartiniai testavimo re\u017eimai<\/strong>: Sistema pasi\u017eymi lankstumu, nes turi penkis i\u0161 anksto u\u017eprogramuotus re\u017eimus, leid\u017eian\u010dius naudotojams pasirinkti idealias bandym\u0173 s\u0105lygas savo med\u017eiagoms.<\/li>\n<li><strong>Kelios bandym\u0173 stotys<\/strong>: Testeryje yra 3-4 stotys, kuriose galima atlikti bandymus vienu metu, taip padidinant veiksmingum\u0105 bandant didelius kiekius med\u017eiag\u0173.<\/li>\n<li><strong>Greitas re\u017eimo perjungimas<\/strong>: Lengvai perjunkite ilgos ir trumpos eigos re\u017eimus, kad b\u016bt\u0173 galima pritaikyti bandymo s\u0105lygas.<\/li>\n<li><strong>Duomen\u0173 i\u0161vesties mikroprinteris<\/strong>: \u012emontuotas mikrospausdintuvas leid\u017eia patogiai spausdinti bandym\u0173 rezultatus, u\u017etikrinant duomen\u0173 tikslum\u0105 ir atsekamum\u0105.<\/li>\n<\/ul>\n<h2>Lankstaus patvarumo testerio taikymo sritys<\/h2>\n<p>Lankstaus patvarumo testeris pla\u010diai naudojamas pramon\u0117s \u0161akose, kuriose pakavimo med\u017eiagos yra veikiamos pasikartojan\u010di\u0173 \u012ftempi\u0173 transportuojant ir tvarkant. Tai apima:<\/p>\n<ul>\n<li><strong>Pakuot\u0117<\/strong>: <em><span style=\"text-decoration: underline;\"><strong>Lanks\u010dios pl\u0117vel\u0117s<\/strong><\/span><\/em> ir laminatus, naudojamus maisto produktams, g\u0117rimams, vaistams ir medicinos gaminiams.<\/li>\n<li><strong>Medicinos prietais\u0173 pakuot\u0117s<\/strong>: U\u017etikrinti ilgaam\u017ei\u0161kum\u0105 <em><span style=\"text-decoration: underline;\"><strong>pakavimo med\u017eiagos<\/strong><\/span><\/em> naudojami steriliems medicinos prietaisams.<\/li>\n<li><strong>Farmacijos produktai<\/strong>: Testavimas <em><span style=\"text-decoration: underline;\"><strong>barjerin\u0117s med\u017eiagos<\/strong><\/span><\/em> kurie apsaugo jautrius vaistus ir medikamentus.<\/li>\n<li><strong>Maistas ir g\u0117rimai<\/strong>: <strong><em><span style=\"text-decoration: underline;\">Pakavimo med\u017eiagos<\/span><\/em><\/strong> skirtas maisto produkt\u0173 \u0161vie\u017eumui ir vientisumui i\u0161laikyti.<\/li>\n<\/ul>\n<h2>Pagrindiniai \"Gelbo Flex\" testerio parametrai<\/h2>\n<table>\n<tbody>\n<tr>\n<td width=\"132\">\"Flex\" da\u017enis<\/td>\n<td width=\"228\">45 \/min.<\/td>\n<\/tr>\n<tr>\n<td width=\"132\">Lankstumo kampas<\/td>\n<td width=\"228\">440\u00b0 (90 mm) arba 400\u00b0 (80 mm)<\/td>\n<\/tr>\n<tr>\n<td width=\"132\">Talpa<\/td>\n<td width=\"228\">3,5 N.m<\/td>\n<\/tr>\n<tr>\n<td width=\"132\">Horizontalus sm\u016bgis<\/td>\n<td width=\"228\">155 mm arba 80 mm<\/td>\n<\/tr>\n<tr>\n<td width=\"132\">Stotys<\/td>\n<td width=\"228\">3\/4<\/td>\n<\/tr>\n<tr>\n<td width=\"132\">Imties dydis<\/td>\n<td width=\"228\">280 mm x 200 mm<\/td>\n<\/tr>\n<tr>\n<td width=\"132\">Maitinimas<\/td>\n<td width=\"228\">110~220V<\/td>\n<\/tr>\n<\/tbody>\n<\/table>\n<h2>Pritaikymas ir special\u016bs testavimo reikalavimai<\/h2>\n<p>\"Cell Instruments\" specializuojasi bandym\u0173 \u012frangos pritaikymo srityje, kad atitikt\u0173 konkre\u010dius med\u017eiag\u0173 bandym\u0173 poreikius. . <strong>\"Gelbo Flex\" testeris<\/strong> gali b\u016bti pritaikytas \u012fvairiems lanks\u010di\u0173 med\u017eiag\u0173 bandym\u0173 reikalavimams, si\u016blant sprendimus tiek standartin\u0117ms, tiek unikalioms bandym\u0173 s\u0105lygoms. (pvz., bandym\u0173 proced\u016bros ir bandini\u0173 tvirtinimo \u012ftaisai).<\/p>\n<h2>DUK<\/h2>\n<ol>\n<li><strong>Kokias med\u017eiagas galima i\u0161bandyti \"Gelbo Flex\" testeriu?<\/strong><br \/>\n\"Gelbo Flex\" testeris idealiai tinka lanks\u010dioms barjerin\u0117ms med\u017eiagoms, pvz., pl\u0117vel\u0117ms, kompozitams ir dengiamosioms pl\u0117vel\u0117ms, naudojamoms pakuot\u0117ms, medicinos prietaisams, maisto produktams ir kt., bandyti.<\/li>\n<li><strong>Kas yra <a href=\"https:\/\/www.qualitester.com\/lt\/produkto-kategorija-2\/astm\/astm-f392\/\">ASTM F392<\/a>, ir kod\u0117l tai svarbu atliekant bandymus?<\/strong><br \/>\nASTM F392 yra standartin\u0117 specifikacija, skirta lanks\u010di\u0173 med\u017eiag\u0173 atsparumui lenkimui tikrinti. Ji padeda u\u017etikrinti, kad pakavimo med\u017eiagos gali atlaikyti pasikartojan\u010di\u0105 apkrov\u0105 platinimo metu, taip suma\u017einant perforacijos ar gedimo rizik\u0105.<\/li>\n<li><strong>Ar \"Gelbo Flex\" testeris gali b\u016bti pritaikytas konkretiems bandym\u0173 poreikiams?<\/strong><br \/>\nTaip, \"Cell Instruments\" si\u016blo pritaikymo galimybes, kad \"Gelbo Flex Tester\" atitikt\u0173 unikalius bandym\u0173 reikalavimus \u012fvairiose pramon\u0117s \u0161akose.<\/li>\n<li><strong>Kaip \"Gelbo Flex Tester\" imituoja realias pakuo\u010di\u0173 apkrovas?<\/strong><br \/>\nTesteryje naudojami sukimo ir horizontalaus suspaudimo judesiai, kad b\u016bt\u0173 atkartoti pasikartojantys \u012ftempiai, kuriuos patiria pakavimo med\u017eiagos transportuojant ir tvarkant.<\/li>\n<\/ol>","protected":false},"excerpt":{"rendered":"<p>Svetain\u0117 <strong>\"Gelbo Flex\" testeris<\/strong> yra labai svarbi priemon\u0117 lanks\u010di\u0173 barjerini\u0173 med\u017eiag\u0173, toki\u0173 kaip pl\u0117vel\u0117s, kompozitai ir dangos, atsparumui lenkimui \u012fvertinti. \u0160iuo prietaisu tikrinamas med\u017eiagos geb\u0117jimas atlaikyti pasikartojan\u010dias apkrovas, o tai labai svarbu siekiant i\u0161vengti \u012ftr\u016bkim\u0173 ir u\u017etikrinti pakuo\u010di\u0173 vientisum\u0105 platinimo metu. Atsparumas \u012ftr\u016bkimams yra labai svarbi savyb\u0117, nes ji suma\u017eina pakuot\u0117s perforacijos rizik\u0105 ir u\u017etikrina, kad pakuot\u0117s turinys i\u0161likt\u0173 nepa\u017eeistas per vis\u0105 pakuot\u0117s gyvavimo cikl\u0105.<\/p>","protected":false},"featured_media":5873,"comment_status":"closed","ping_status":"closed","template":"","meta":{"site-sidebar-layout":"default","site-content-layout":"default","ast-global-header-display":"","ast-main-header-display":"","ast-hfb-above-header-display":"","ast-hfb-below-header-display":"","ast-hfb-mobile-header-display":"","site-post-title":"disabled","ast-breadcrumbs-content":"","ast-featured-img":"disabled","footer-sml-layout":"","theme-transparent-header-meta":"default","adv-header-id-meta":"","stick-header-meta":"","header-above-stick-meta":"","header-main-stick-meta":"","header-below-stick-meta":""},"product_cat":[845,977,149,16,107,95],"product_tag":[1174,1175],"class_list":{"0":"post-3012","1":"product","2":"type-product","3":"status-publish","4":"has-post-thumbnail","6":"product_cat-customization","7":"product_cat-gelbo-flex-tester","8":"product_cat-pharma-and-medical-testers","9":"product_cat-plastic-packaging-testers","10":"product_cat-astm-f392","11":"product_cat-products","12":"product_tag-flex-durability-tester","13":"product_tag-gelbo-flex-tester","14":"desktop-align-left","15":"tablet-align-left","16":"mobile-align-left","18":"first","19":"instock","20":"shipping-taxable","21":"product-type-simple"},"_links":{"self":[{"href":"https:\/\/www.qualitester.com\/lt\/wp-json\/wp\/v2\/product\/3012","targetHints":{"allow":["GET"]}}],"collection":[{"href":"https:\/\/www.qualitester.com\/lt\/wp-json\/wp\/v2\/product"}],"about":[{"href":"https:\/\/www.qualitester.com\/lt\/wp-json\/wp\/v2\/types\/product"}],"replies":[{"embeddable":true,"href":"https:\/\/www.qualitester.com\/lt\/wp-json\/wp\/v2\/comments?post=3012"}],"version-history":[{"count":0,"href":"https:\/\/www.qualitester.com\/lt\/wp-json\/wp\/v2\/product\/3012\/revisions"}],"wp:featuredmedia":[{"embeddable":true,"href":"https:\/\/www.qualitester.com\/lt\/wp-json\/wp\/v2\/media\/5873"}],"wp:attachment":[{"href":"https:\/\/www.qualitester.com\/lt\/wp-json\/wp\/v2\/media?parent=3012"}],"wp:term":[{"taxonomy":"product_cat","embeddable":true,"href":"https:\/\/www.qualitester.com\/lt\/wp-json\/wp\/v2\/product_cat?post=3012"},{"taxonomy":"product_tag","embeddable":true,"href":"https:\/\/www.qualitester.com\/lt\/wp-json\/wp\/v2\/product_tag?post=3012"}],"curies":[{"name":"wp","href":"https:\/\/api.w.org\/{rel}","templated":true}]}}