{"id":2900,"date":"2023-07-20T11:14:02","date_gmt":"2023-07-20T03:14:02","guid":{"rendered":"https:\/\/www.qualitester.com\/?post_type=product&#038;p=2900"},"modified":"2024-11-27T13:24:58","modified_gmt":"2024-11-27T05:24:58","slug":"how-to-determine-the-plastic-bags-heat-sealing-parameters","status":"publish","type":"product","link":"https:\/\/www.qualitester.com\/lt\/produktas-2\/how-to-determine-the-plastic-bags-heat-sealing-parameters\/","title":{"rendered":"Kaip nustatyti plastikini\u0173 mai\u0161eli\u0173 \u0161iluminio sandarinimo parametrus"},"content":{"rendered":"<div data-elementor-type=\"wp-post\" data-elementor-id=\"2900\" class=\"elementor elementor-2900\" data-elementor-post-type=\"product\">\n\t\t\t\t\t\t<section class=\"elementor-section elementor-top-section elementor-element elementor-element-67447f3 elementor-section-boxed elementor-section-height-default elementor-section-height-default\" data-id=\"67447f3\" data-element_type=\"section\">\n\t\t\t\t\t\t<div class=\"elementor-container elementor-column-gap-default\">\n\t\t\t\t\t<div class=\"elementor-column elementor-col-50 elementor-top-column elementor-element elementor-element-aa8956e\" data-id=\"aa8956e\" data-element_type=\"column\">\n\t\t\t<div class=\"elementor-widget-wrap elementor-element-populated\">\n\t\t\t\t\t\t<div class=\"elementor-element elementor-element-e051404 elementor-widget elementor-widget-image\" data-id=\"e051404\" data-element_type=\"widget\" data-widget_type=\"image.default\">\n\t\t\t\t<div class=\"elementor-widget-container\">\n\t\t\t\t\t\t\t\t\t\t\t\t\t<img fetchpriority=\"high\" decoding=\"async\" width=\"750\" height=\"750\" src=\"https:\/\/www.qualitester.com\/wp-content\/uploads\/2023\/04\/Heat-Seal-Tester-1.jpg\" class=\"attachment-large size-large wp-image-1562\" alt=\"\" srcset=\"https:\/\/www.qualitester.com\/wp-content\/uploads\/2023\/04\/Heat-Seal-Tester-1.jpg 750w, https:\/\/www.qualitester.com\/wp-content\/uploads\/2023\/04\/Heat-Seal-Tester-1-300x300.jpg 300w, https:\/\/www.qualitester.com\/wp-content\/uploads\/2023\/04\/Heat-Seal-Tester-1-100x100.jpg 100w, https:\/\/www.qualitester.com\/wp-content\/uploads\/2023\/04\/Heat-Seal-Tester-1-600x600.jpg 600w, https:\/\/www.qualitester.com\/wp-content\/uploads\/2023\/04\/Heat-Seal-Tester-1-150x150.jpg 150w\" sizes=\"(max-width: 750px) 100vw, 750px\" \/>\t\t\t\t\t\t\t\t\t\t\t\t\t<\/div>\n\t\t\t\t<\/div>\n\t\t\t\t\t<\/div>\n\t\t<\/div>\n\t\t\t\t<div class=\"elementor-column elementor-col-50 elementor-top-column elementor-element elementor-element-57d3751\" data-id=\"57d3751\" data-element_type=\"column\">\n\t\t\t<div class=\"elementor-widget-wrap elementor-element-populated\">\n\t\t\t\t\t\t<div class=\"elementor-element elementor-element-31cd7f3 elementor-widget elementor-widget-text-editor\" data-id=\"31cd7f3\" data-element_type=\"widget\" data-widget_type=\"text-editor.default\">\n\t\t\t\t<div class=\"elementor-widget-container\">\n\t\t\t\t\t\t\t<h6><strong>Parai\u0161ka<\/strong><\/h6><p><em>\u0160iluminio sandarinimo testeris naudojamas matuojant pl\u0117veli\u0173, laminat\u0173, kompozit\u0173, polimer\u0173 ir kt. pavir\u0161iaus arba sandariklio sluoksnio sandarum\u0105. Tai, kaip gerai med\u017eiaga u\u017esandarina \u0161iluma, kiekybi\u0161kai i\u0161rei\u0161kiama kaip sandarumo stiprumas, priklausantis nuo sandarinimo s\u0105lyg\u0173 - temperat\u016bros, laiko ir sl\u0117gio.<\/em><\/p><h6><strong>Standartinis<\/strong><\/h6><p><em>ASTM F2029<\/em> <\/p>\t\t\t\t\t\t<\/div>\n\t\t\t\t<\/div>\n\t\t\t\t\t<\/div>\n\t\t<\/div>\n\t\t\t\t\t<\/div>\n\t\t<\/section>\n\t\t\t\t<section class=\"elementor-section elementor-top-section elementor-element elementor-element-ed6dd23 elementor-section-boxed elementor-section-height-default elementor-section-height-default\" data-id=\"ed6dd23\" data-element_type=\"section\">\n\t\t\t\t\t\t<div class=\"elementor-container elementor-column-gap-default\">\n\t\t\t\t\t<div class=\"elementor-column elementor-col-50 elementor-top-column elementor-element elementor-element-11dcd7c\" data-id=\"11dcd7c\" data-element_type=\"column\">\n\t\t\t<div class=\"elementor-widget-wrap elementor-element-populated\">\n\t\t\t\t\t\t<div class=\"elementor-element elementor-element-3917b4d elementor-widget elementor-widget-image\" data-id=\"3917b4d\" data-element_type=\"widget\" data-widget_type=\"image.default\">\n\t\t\t\t<div class=\"elementor-widget-container\">\n\t\t\t\t\t\t\t\t\t\t\t\t\t<img decoding=\"async\" width=\"750\" height=\"750\" src=\"https:\/\/www.qualitester.com\/wp-content\/uploads\/2023\/04\/Heat-Seal-Tester-HST-01-1.jpg\" class=\"attachment-large size-large wp-image-1561\" alt=\"\" srcset=\"https:\/\/www.qualitester.com\/wp-content\/uploads\/2023\/04\/Heat-Seal-Tester-HST-01-1.jpg 750w, https:\/\/www.qualitester.com\/wp-content\/uploads\/2023\/04\/Heat-Seal-Tester-HST-01-1-300x300.jpg 300w, https:\/\/www.qualitester.com\/wp-content\/uploads\/2023\/04\/Heat-Seal-Tester-HST-01-1-100x100.jpg 100w, https:\/\/www.qualitester.com\/wp-content\/uploads\/2023\/04\/Heat-Seal-Tester-HST-01-1-600x600.jpg 600w, https:\/\/www.qualitester.com\/wp-content\/uploads\/2023\/04\/Heat-Seal-Tester-HST-01-1-150x150.jpg 150w\" sizes=\"(max-width: 750px) 100vw, 750px\" \/>\t\t\t\t\t\t\t\t\t\t\t\t\t<\/div>\n\t\t\t\t<\/div>\n\t\t\t\t\t<\/div>\n\t\t<\/div>\n\t\t\t\t<div class=\"elementor-column elementor-col-50 elementor-top-column elementor-element elementor-element-d753da4\" data-id=\"d753da4\" data-element_type=\"column\">\n\t\t\t<div class=\"elementor-widget-wrap elementor-element-populated\">\n\t\t\t\t\t\t<div class=\"elementor-element elementor-element-02968b4 elementor-widget elementor-widget-text-editor\" data-id=\"02968b4\" data-element_type=\"widget\" data-widget_type=\"text-editor.default\">\n\t\t\t\t<div class=\"elementor-widget-container\">\n\t\t\t\t\t\t\t<h6><strong>Technin\u0117 funkcija<\/strong><\/h6><ul><li>HMI jutiklinio ekrano valdymas <\/li><li>PLC ir didel\u0117s skiriamosios gebos sl\u0117gio jutiklis, u\u017etikrinantis tiksl\u0173 buvimo laik\u0105 ir sandarinimo sl\u0117g\u012f <\/li><li>PLC ir didel\u0117s skiriamosios gebos sl\u0117gio jutiklis, u\u017etikrinantis tiksl\u0173 buvimo laik\u0105 ir sandarinimo sl\u0117g\u012f <\/li><li>P.I.D. temperat\u016bros valdymas <\/li><li>Tolygus kaitinimas d\u0117l aliuminio sandarinimo \u017eandikauli\u0173 <\/li><li>Galima pritaikyti sandarinimo \u017eandikaul\u012f pagal matmenis, form\u0105, pavir\u0161i\u0173 ir t. t. <\/li><li>Parametr\u0173 skaitmeninis \u012fvedimas <\/li><li>Nepriklausomas vir\u0161utini\u0173 ir apatini\u0173 sandarinimo \u017eandikauli\u0173 \u0161ildymas <\/li><li>Rankinio ir kojinio jungiklio paleidimo bandymas, apsauga nuo nudegimo<\/li><\/ul>\t\t\t\t\t\t<\/div>\n\t\t\t\t<\/div>\n\t\t\t\t\t<\/div>\n\t\t<\/div>\n\t\t\t\t\t<\/div>\n\t\t<\/section>\n\t\t\t\t<section class=\"elementor-section elementor-top-section elementor-element elementor-element-976be9c elementor-section-boxed elementor-section-height-default elementor-section-height-default\" data-id=\"976be9c\" data-element_type=\"section\">\n\t\t\t\t\t\t<div class=\"elementor-container elementor-column-gap-default\">\n\t\t\t\t\t<div class=\"elementor-column elementor-col-50 elementor-top-column elementor-element elementor-element-14bb9b0\" data-id=\"14bb9b0\" data-element_type=\"column\">\n\t\t\t<div class=\"elementor-widget-wrap elementor-element-populated\">\n\t\t\t\t\t\t<div class=\"elementor-element elementor-element-e86cf4c elementor-widget elementor-widget-image\" data-id=\"e86cf4c\" data-element_type=\"widget\" data-widget_type=\"image.default\">\n\t\t\t\t<div class=\"elementor-widget-container\">\n\t\t\t\t\t\t\t\t\t\t\t\t\t<img decoding=\"async\" width=\"750\" height=\"750\" src=\"https:\/\/www.qualitester.com\/wp-content\/uploads\/2023\/04\/HST-01-Heat-Seal-Tester-2.jpg\" class=\"attachment-large size-large wp-image-1563\" alt=\"\" srcset=\"https:\/\/www.qualitester.com\/wp-content\/uploads\/2023\/04\/HST-01-Heat-Seal-Tester-2.jpg 750w, https:\/\/www.qualitester.com\/wp-content\/uploads\/2023\/04\/HST-01-Heat-Seal-Tester-2-300x300.jpg 300w, https:\/\/www.qualitester.com\/wp-content\/uploads\/2023\/04\/HST-01-Heat-Seal-Tester-2-100x100.jpg 100w, https:\/\/www.qualitester.com\/wp-content\/uploads\/2023\/04\/HST-01-Heat-Seal-Tester-2-600x600.jpg 600w, https:\/\/www.qualitester.com\/wp-content\/uploads\/2023\/04\/HST-01-Heat-Seal-Tester-2-150x150.jpg 150w\" sizes=\"(max-width: 750px) 100vw, 750px\" \/>\t\t\t\t\t\t\t\t\t\t\t\t\t<\/div>\n\t\t\t\t<\/div>\n\t\t\t\t\t<\/div>\n\t\t<\/div>\n\t\t\t\t<div class=\"elementor-column elementor-col-50 elementor-top-column elementor-element elementor-element-b05b152\" data-id=\"b05b152\" data-element_type=\"column\">\n\t\t\t<div class=\"elementor-widget-wrap elementor-element-populated\">\n\t\t\t\t\t\t<div class=\"elementor-element elementor-element-7d83003 elementor-widget elementor-widget-text-editor\" data-id=\"7d83003\" data-element_type=\"widget\" data-widget_type=\"text-editor.default\">\n\t\t\t\t<div class=\"elementor-widget-container\">\n\t\t\t\t\t\t\t<h6><strong>Pagrindiniai duomenys<\/strong><\/h6><p><em>Sandarinimo temperat\u016bra.                     Kambario temperat\u016bra \uff5e 300\u2103<\/em><\/p><p><em>Nuokrypis \u00b10,2 \u2103<\/em><\/p><p><em>Sandarinimo laikas 0,1 s\uff5e9999 s<\/em><\/p><p><em>Sandarinimo sl\u0117gis 0,15 MPa \uff5e 0,7 MPa<\/em><\/p><p><em>Sandarinimo \u017eandikauliai 330 mm \u00d7 10 mm (galima pritaikyti)<\/em><\/p><p><em>Duj\u0173 sl\u0117gis 0,7 MPa<\/em><\/p><p><em>Uosto dydis \u04246 mm PU \u017earna<\/em><\/p><p><em>Matmenys 455 mm (ilgis) \u00d7 320 mm (plotis) \u00d7 440 mm (auk\u0161tis)<\/em><\/p><p><em>Maitinimas AC 220V 50Hz (galima pritaikyti)<\/em><\/p>\t\t\t\t\t\t<\/div>\n\t\t\t\t<\/div>\n\t\t\t\t\t<\/div>\n\t\t<\/div>\n\t\t\t\t\t<\/div>\n\t\t<\/section>\n\t\t\t\t<section class=\"elementor-section elementor-top-section elementor-element elementor-element-32057cd elementor-section-boxed elementor-section-height-default elementor-section-height-default\" data-id=\"32057cd\" data-element_type=\"section\">\n\t\t\t\t\t\t<div class=\"elementor-container elementor-column-gap-default\">\n\t\t\t\t\t<div class=\"elementor-column elementor-col-100 elementor-top-column elementor-element elementor-element-911ccc1\" data-id=\"911ccc1\" data-element_type=\"column\">\n\t\t\t<div class=\"elementor-widget-wrap elementor-element-populated\">\n\t\t\t\t\t\t<div class=\"elementor-element elementor-element-e56b00f elementor-widget elementor-widget-wpforms\" data-id=\"e56b00f\" data-element_type=\"widget\" data-widget_type=\"wpforms.default\">\n\t\t\t\t<div class=\"elementor-widget-container\">\n\t\t\t<div class=\"wpforms-container\" id=\"wpforms-11\"><form id=\"wpforms-form-11\" class=\"wpforms-validate wpforms-form wpforms-ajax-form\" data-formid=\"11\" method=\"post\" enctype=\"multipart\/form-data\" action=\"\/lt\/wp-json\/wp\/v2\/product\/2900\" data-token=\"247af31d49a1f4f920c155648b7dd2d5\" data-trp-original-action=\"\/lt\/wp-json\/wp\/v2\/product\/2900\"><noscript class=\"wpforms-error-noscript\">Nor\u0117dami u\u017epildyti \u0161i\u0105 form\u0105, nar\u0161ykl\u0117je \u012fjunkite \"JavaScript\".<\/noscript><div class=\"wpforms-field-container\"><div id=\"wpforms-11-field_1-container\" class=\"wpforms-field wpforms-field-text\" data-field-id=\"1\"><label class=\"wpforms-field-label\" for=\"wpforms-11-field_1\">Pavadinimas <span class=\"wpforms-required-label\">*<\/span><\/label><input type=\"text\" id=\"wpforms-11-field_1\" class=\"wpforms-field-medium wpforms-field-required\" name=\"wpforms[fields][1]\" placeholder=\"Pavadinimas\" required><\/div><div id=\"wpforms-11-field_5-container\" class=\"wpforms-field wpforms-field-text\" data-field-id=\"5\"><label class=\"wpforms-field-label\" for=\"wpforms-11-field_5\">\u012emon\u0117<\/label><input type=\"text\" id=\"wpforms-11-field_5\" class=\"wpforms-field-medium\" name=\"wpforms[fields][5]\" ><\/div><div id=\"wpforms-11-field_4-container\" class=\"wpforms-field wpforms-field-number\" data-field-id=\"4\"><label class=\"wpforms-field-label\" for=\"wpforms-11-field_4\">Telefonas<\/label><input type=\"number\" pattern=\"\\d*\" id=\"wpforms-11-field_4\" class=\"wpforms-field-medium\" name=\"wpforms[fields][4]\" placeholder=\"Telefonas\" ><\/div><div id=\"wpforms-11-field_3-container\" class=\"wpforms-field wpforms-field-email\" data-field-id=\"3\"><label class=\"wpforms-field-label\" for=\"wpforms-11-field_3\">El. pa\u0161tas <span class=\"wpforms-required-label\">*<\/span><\/label><input type=\"email\" id=\"wpforms-11-field_3\" class=\"wpforms-field-medium wpforms-field-required\" name=\"wpforms[fields][3]\" placeholder=\"El. pa\u0161tas\" spellcheck=\"false\" required><\/div><div id=\"wpforms-11-field_2-container\" class=\"wpforms-field wpforms-field-textarea\" data-field-id=\"2\"><label class=\"wpforms-field-label\" for=\"wpforms-11-field_2\">\u017dinut\u0117<\/label><textarea id=\"wpforms-11-field_2\" class=\"wpforms-field-large\" name=\"wpforms[fields][2]\" ><\/textarea><\/div><\/div><!-- .wpforms-field-container --><input type=\"hidden\" name=\"wpforms[recaptcha]\" value=\"\"><div class=\"wpforms-submit-container\" ><input type=\"hidden\" name=\"wpforms[id]\" value=\"11\"><input type=\"hidden\" name=\"wpforms[author]\" value=\"4\"><button type=\"submit\" name=\"wpforms[submit]\" id=\"wpforms-submit-11\" class=\"wpforms-submit\" data-alt-text=\"Submitting\" data-submit-text=\"Submit\" aria-live=\"assertive\" value=\"wpforms-submit\">Pateikti<\/button><img loading=\"lazy\" decoding=\"async\" src=\"https:\/\/www.qualitester.com\/wp-content\/plugins\/wpforms-lite\/assets\/images\/submit-spin.svg\" class=\"wpforms-submit-spinner\" style=\"display: none;\" width=\"26\" height=\"26\" alt=\"Pakrovimas\"><\/div><input type=\"hidden\" name=\"trp-form-language\" value=\"lt\"\/><\/form><\/div>  <!-- .wpforms-container -->\t\t<\/div>\n\t\t\t\t<\/div>\n\t\t\t\t\t<\/div>\n\t\t<\/div>\n\t\t\t\t\t<\/div>\n\t\t<\/section>\n\t\t\t\t<\/div>","protected":false},"excerpt":{"rendered":"<p>HST-01 can measure the parameters of plastic bags and other heat sealable laminates regarding heat sealing time, pressure, temperature.<\/p>","protected":false},"featured_media":1562,"comment_status":"closed","ping_status":"closed","template":"","meta":{"site-sidebar-layout":"default","site-content-layout":"default","ast-global-header-display":"","ast-main-header-display":"","ast-hfb-above-header-display":"","ast-hfb-below-header-display":"","ast-hfb-mobile-header-display":"","site-post-title":"","ast-breadcrumbs-content":"","ast-featured-img":"","footer-sml-layout":"","theme-transparent-header-meta":"default","adv-header-id-meta":"","stick-header-meta":"","header-above-stick-meta":"","header-main-stick-meta":"","header-below-stick-meta":""},"product_cat":[677,149,16,142],"product_tag":[64,731,732,730,733],"class_list":{"0":"post-2900","1":"product","2":"type-product","3":"status-publish","4":"has-post-thumbnail","6":"product_cat-heat-seal-tester","7":"product_cat-pharma-and-medical-testers","8":"product_cat-plastic-packaging-testers","9":"product_cat-astm-f2029","10":"product_tag-astm-f2029","11":"product_tag-heat-seal-pressure","12":"product_tag-heat-seal-temperature","13":"product_tag-heat-seal-test","14":"product_tag-heat-seal-time","15":"desktop-align-left","16":"tablet-align-left","17":"mobile-align-left","19":"first","20":"instock","21":"shipping-taxable","22":"product-type-simple"},"_links":{"self":[{"href":"https:\/\/www.qualitester.com\/lt\/wp-json\/wp\/v2\/product\/2900","targetHints":{"allow":["GET"]}}],"collection":[{"href":"https:\/\/www.qualitester.com\/lt\/wp-json\/wp\/v2\/product"}],"about":[{"href":"https:\/\/www.qualitester.com\/lt\/wp-json\/wp\/v2\/types\/product"}],"replies":[{"embeddable":true,"href":"https:\/\/www.qualitester.com\/lt\/wp-json\/wp\/v2\/comments?post=2900"}],"version-history":[{"count":0,"href":"https:\/\/www.qualitester.com\/lt\/wp-json\/wp\/v2\/product\/2900\/revisions"}],"wp:featuredmedia":[{"embeddable":true,"href":"https:\/\/www.qualitester.com\/lt\/wp-json\/wp\/v2\/media\/1562"}],"wp:attachment":[{"href":"https:\/\/www.qualitester.com\/lt\/wp-json\/wp\/v2\/media?parent=2900"}],"wp:term":[{"taxonomy":"product_cat","embeddable":true,"href":"https:\/\/www.qualitester.com\/lt\/wp-json\/wp\/v2\/product_cat?post=2900"},{"taxonomy":"product_tag","embeddable":true,"href":"https:\/\/www.qualitester.com\/lt\/wp-json\/wp\/v2\/product_tag?post=2900"}],"curies":[{"name":"wp","href":"https:\/\/api.w.org\/{rel}","templated":true}]}}