{"id":2636,"date":"2023-06-29T09:53:14","date_gmt":"2023-06-29T01:53:14","guid":{"rendered":"https:\/\/www.qualitester.com\/?post_type=product&#038;p=2636"},"modified":"2024-12-05T09:38:10","modified_gmt":"2024-12-05T01:38:10","slug":"sld-01-elimendorf-tear-resistance-testing-machine","status":"publish","type":"product","link":"https:\/\/www.qualitester.com\/lt\/produktas-2\/sld-01-elimendorf-tear-resistance-testing-machine\/","title":{"rendered":"SLD-01 ply\u0161imo testeris"},"content":{"rendered":"<h2>\u012evadas \u012f a\u0161arojimo bandymus<\/h2>\n<p>Atsparumas ply\u0161imui, dar vadinamas atsparumu ply\u0161imui, yra labai svarbi mechanin\u0117 savyb\u0117, kuri parodo, kaip gerai med\u017eiaga gali atsispirti ply\u0161imo j\u0117goms. \u0160i savyb\u0117 labai svarbi pramon\u0117s \u0161akose, kuriose med\u017eiag\u0173 patvarumas labai svarbus, pavyzd\u017eiui, pakuo\u010di\u0173, tekstil\u0117s, medicinos prietais\u0173 pakuo\u010di\u0173 ir kt. . <strong>ply\u0161imo bandymo ma\u0161ina<\/strong> yra labai svarbus \u012frankis gamintojams vertinant \u012fvairi\u0173 med\u017eiag\u0173 atsparum\u0105 ply\u0161imui. \u0160is bandymas suteikia verting\u0173 duomen\u0173, leid\u017eian\u010di\u0173 u\u017etikrinti, kad gaminiai atitikt\u0173 eksploatacini\u0173 savybi\u0173 standartus ir atlaikyt\u0173 j\u0117gas, atsirandan\u010dias juos tvarkant, transportuojant ir naudojant.<\/p>\n<p>Svetain\u0117 <strong>SLD-01 ply\u0161imo testeris<\/strong> skirtas tiksliai ir patikimai matuoti toki\u0173 med\u017eiag\u0173, kaip popierius, plastikin\u0117s pl\u0117vel\u0117s, tekstil\u0117 ir kitos lanks\u010dios med\u017eiagos, ply\u0161imo stiprum\u0105. Tai labai svarbus prietaisas kokyb\u0117s kontrolei ir med\u017eiag\u0173 atrankai \u012fvairiose pramon\u0117s \u0161akose.<\/p>\n<h2>Kas yra a\u0161ar\u0173 stiprumo testas?<\/h2>\n<h3>Supratimas apie ply\u0161imo stiprum\u0105<\/h3>\n<p>Svetain\u0117 <strong>atsparumo ply\u0161imui bandymas<\/strong> matuoja j\u0117g\u0105, kurios reikia ply\u0161iui med\u017eiagoje paskleisti. \u0160is bandymas padeda nustatyti med\u017eiagos geb\u0117jim\u0105 atlaikyti ply\u0161imo j\u0117g\u0105 ir suteikia vertingos informacijos apie jos ilgaam\u017ei\u0161kum\u0105 ir eksploatacines savybes. Ply\u0161imo stiprumas ypa\u010d svarbus pakavimo med\u017eiagoms, tekstil\u0117s gaminiams ir medicinin\u0117ms pakuot\u0117ms, kai med\u017eiagos gedimas gali pakenkti gaminio vientisumui ar saugai.<\/p>\n<p>Atliekant \u0161\u012f bandym\u0105 bandomoji med\u017eiaga veikiama kontroliuojama j\u0117ga, kad i\u0161sipl\u0117st\u0173 ply\u0161ys, o energija, kurios reikia \u0161iam ply\u0161iui i\u0161sipl\u0117sti, naudojama ply\u0161io stiprumui nustatyti. . <strong>ply\u0161imo bandymo ma\u0161ina<\/strong> sukurta taip, kad \u0161i\u0105 j\u0117g\u0105 b\u016bt\u0173 galima i\u0161matuoti labai tiksliai, tod\u0117l gamintojai gali patikimai \u012fvertinti med\u017eiagos atsparum\u0105 ply\u0161imui.<\/p>\n<h2>Pagrindiniai ply\u0161imo bandymo ma\u0161in\u0173 standartai<\/h2>\n<p>Svetain\u0117 <strong>ply\u0161imo bandymo ma\u0161ina<\/strong> sukurtas taip, kad atitikt\u0173 kelis tarptautiniu mastu pripa\u017eintus standartus ir u\u017etikrint\u0173 bandym\u0173 rezultat\u0173 nuoseklum\u0105 ir patikimum\u0105. Toliau pateikiami keli svarbiausi atsparumo ply\u0161imui bandymo standartai:<\/p>\n<h3>ASTM D1922 - Standartinis bandym\u0173 metodas, taikomas bandymui su plintan\u010diu peiliu<\/h3>\n<p><a href=\"https:\/\/www.qualitester.com\/lt\/produkto-kategorija-2\/astm\/astm-d1922\/\" target=\"_blank\" rel=\"noopener\"><strong>ASTM D1922<\/strong><\/a> yra vienas i\u0161 da\u017eniausiai naudojam\u0173 standart\u0173 popieriaus ir plastikini\u0173 pl\u0117veli\u0173 atsparumui ply\u0161imui matuoti. \u0160iame standarte apra\u0161ytas bandymo metodas, kai \u0161vytuoklinis prietaisas naudojamas med\u017eiagai \u012fpl\u0117\u0161ti ir platinti.<\/p>\n<ul>\n<li><strong>Bandymo metodas:<\/strong> Bandinys perpjaunamas ir \u0161vytuokl\u0117 paleid\u017eiama, kad ply\u0161ys i\u0161sipl\u0117st\u0173. I\u0161matuojama energija, kurios reikia ply\u0161iui paskleisti, ir pagal j\u0105 nustatomas atsparumas ply\u0161imui.<\/li>\n<li><strong>D\u0117mesys med\u017eiagai:<\/strong> Daugiausia naudojamas popieriui ir plastikin\u0117ms pl\u0117vel\u0117ms.<\/li>\n<li><strong>Aktualumas:<\/strong> Pla\u010diai naudojamas pakavimo ir kitose pramon\u0117s \u0161akose med\u017eiag\u0173 atsparumui ply\u0161imui \u012fvertinti.<\/li>\n<\/ul>\n<h3>ASTM D1424 - Standartinis popieriaus ir kartono atsparumo ply\u0161imui bandymo metodas<\/h3>\n<p><a href=\"https:\/\/www.qualitester.com\/lt\/produkto-kategorija-2\/astm\/astm-d1424\/\" target=\"_blank\" rel=\"noopener\"><strong>ASTM D1424<\/strong><\/a> tai standartas, kuriuo matuojamas kartono med\u017eiag\u0173 atsparumas ply\u0161imui. \u0160is bandymas da\u017enai naudojamas pakuo\u010di\u0173 pramon\u0117je kartonini\u0173 d\u0117\u017ei\u0173 ir kit\u0173 popieriaus gamini\u0173 tvirtumui \u012fvertinti.<\/p>\n<ul>\n<li><strong>Bandymo metodas:<\/strong> \u0160vytuoklinis ply\u0161imo bandymas naudojamas matuoti j\u0117gai, kurios reikia ply\u0161iui med\u017eiagoje pasklisti, i\u0161matuoti.<\/li>\n<li><strong>D\u0117mesys med\u017eiagai:<\/strong> Popierius ir kartonas.<\/li>\n<li><strong>Aktualumas:<\/strong> Labai svarbus pakuo\u010di\u0173 med\u017eiag\u0173 bandymams, ypa\u010d kartonini\u0173 pakuo\u010di\u0173 gamyboje.<\/li>\n<\/ul>\n<h3>ASTM D689 - Standartinis popieriaus ir kartono ply\u0161imo bandym\u0173 metod\u0173 vadovas<\/h3>\n<p><a href=\"https:\/\/www.qualitester.com\/lt\/produkto-kategorija-2\/astm\/astm-d689\/\" target=\"_blank\" rel=\"noopener\"><strong>ASTM D689<\/strong><\/a> pateikiamos popieriaus ir kartono med\u017eiag\u0173 ply\u0161imo bandymo metod\u0173 pasirinkimo gair\u0117s. \u0160is standartas ypa\u010d naudingas, kai yra \u012fvairi\u0173 ply\u0161imo bandymo metod\u0173, ir padeda naudotojams pasirinkti tinkamiausi\u0105 bandym\u0105, atsi\u017evelgiant \u012f med\u017eiagos tip\u0105 ir paskirt\u012f.<\/p>\n<ul>\n<li><strong>Bandymo metodas:<\/strong> Pateikiamos rekomendacijos, kaip pasirinkti tinkamiausi\u0105 ply\u0161imo bandymo metod\u0105.<\/li>\n<li><strong>D\u0117mesys med\u017eiagai:<\/strong> Popierius ir kartonas.<\/li>\n<li><strong>Aktualumas:<\/strong> Padeda u\u017etikrinti, kad gamintojai pasirinkt\u0173 tinkam\u0105 med\u017eiag\u0173 bandym\u0173 metod\u0105.<\/li>\n<\/ul>\n<h3>ISO 6383 - Plastikin\u0117s pl\u0117vel\u0117s ir lak\u0161tai: Atsparumo ply\u0161imui nustatymas<\/h3>\n<p><a href=\"https:\/\/www.qualitester.com\/lt\/produkto-kategorija-2\/iso\/iso-6383\/\" target=\"_blank\" rel=\"noopener\"><strong>ISO 6383<\/strong><\/a> nurodo plastikini\u0173 pl\u0117veli\u0173 ir lak\u0161t\u0173 atsparumo ply\u0161imui matavimo metod\u0105. \u0160is standartas labai svarbus vertinant plastikini\u0173 pakavimo med\u017eiag\u0173, kurios turi atlaikyti apkrovas, patiriamas jas tvarkant ir naudojant, ilgaam\u017ei\u0161kum\u0105.<\/p>\n<ul>\n<li><strong>Bandymo metodas:<\/strong> Atliekant bandym\u0105 \u0161vytuokliniu testeriu matuojamas plastikini\u0173 pl\u0117veli\u0173 atsparumas ply\u0161imui.<\/li>\n<li><strong>D\u0117mesys med\u017eiagai:<\/strong> Plastikin\u0117s pl\u0117vel\u0117s ir lak\u0161tai.<\/li>\n<li><strong>Aktualumas:<\/strong> Labai svarbus plastikini\u0173 pakuo\u010di\u0173 atsparumui ply\u0161imui tikrinti.<\/li>\n<\/ul>\n<h3>ISO 1974 - Plastmas\u0117s: Atsparumo ply\u0161imui nustatymas \u0161vytuokl\u0117s metodu<\/h3>\n<p><a href=\"https:\/\/www.qualitester.com\/lt\/produkto-kategorija-2\/iso\/iso-1974\/\" target=\"_blank\" rel=\"noopener\"><strong>ISO 1974<\/strong><\/a> pateikiamas standartizuotas plastikini\u0173 pl\u0117veli\u0173 ir lak\u0161t\u0173 atsparumo ply\u0161imui matavimo metodas, pana\u0161us \u012f ASTM standartus, ta\u010diau taikomas visame pasaulyje. \u0160is bandymas naudojamas siekiant u\u017etikrinti, kad plastikin\u0117s pl\u0117vel\u0117s atitikt\u0173 tarptautinius atsparumo ply\u0161imui kokyb\u0117s standartus.<\/p>\n<ul>\n<li><strong>Bandymo metodas:<\/strong> \u0160vytuokliniu ply\u0161imo bandymu matuojama energija, kurios reikia ply\u0161imui plastiko pl\u0117vel\u0117je pasklisti.<\/li>\n<li><strong>D\u0117mesys med\u017eiagai:<\/strong> Daugiausia naudojamas plastikin\u0117ms pl\u0117vel\u0117ms ir lak\u0161tams.<\/li>\n<li><strong>Aktualumas:<\/strong> Svarbu plastikini\u0173 pakuo\u010di\u0173 ir pl\u0117vel\u0117s gamini\u0173 gamintojams.<\/li>\n<\/ul>\n<h2>Ply\u0161imo bandymo ma\u0161inos (SLD-01 Tear Tester) bandymo procesas<\/h2>\n<h3>Kaip veikia SLD-01 ply\u0161imo testeris<\/h3>\n<p>Svetain\u0117 <strong>SLD-01 ply\u0161imo testeris<\/strong> naudojant tiksl\u0173 \u0161vytuokl\u0117s mechanizm\u0105 nustatomas med\u017eiag\u0173 atsparumas ply\u0161imui. \u0160tai kaip veikia \u0161is procesas:<\/p>\n<ol>\n<li><strong>M\u0117ginio paruo\u0161imas:<\/strong> Med\u017eiagoje daromas ply\u0161ys, paprastai 43 mm nuo kra\u0161to.<\/li>\n<li><strong>\u0160vytuokl\u0117s i\u0161leidimas:<\/strong> \u0160vytuokl\u0117 paleid\u017eiama i\u0161 fiksuoto auk\u0161\u010dio ir skleid\u017eia ply\u0161\u012f med\u017eiagoje.<\/li>\n<li><strong>Matavimas:<\/strong> I\u0161matuojama \u0161vytuokl\u0117s prarandama energija ir pagal j\u0105 apskai\u010diuojama vidutin\u0117 j\u0117ga, kurios reikia ply\u0161iui paskleisti, taip tiksliai nustatomas med\u017eiagos ply\u0161imo stipris.<\/li>\n<\/ol>\n<p>\u0160is procesas yra visi\u0161kai automatizuotas ir valdomas PLC sistema, tod\u0117l u\u017etikrinamas kiekvieno bandymo nuoseklumas ir tikslumas.<\/p>\n<h2>Technin\u0117s SLD-01 ply\u0161imo testerio savyb\u0117s<\/h2>\n<ul>\n<li><strong>PLC valdymas ir HMI jutiklinis ekranas:<\/strong> Testeryje \u012frengtas pramoninis programuojamas loginis valdiklis (PLC) ir \u017emogaus ir ma\u0161inos s\u0105sajos (HMI) jutiklinis ekranas, u\u017etikrinantis tiksl\u0173 valdym\u0105 ir paprast\u0105 valdym\u0105.<\/li>\n<li><strong>Platus bandym\u0173 diapazonas:<\/strong> Galima naudoti \u012fvairias med\u017eiagas - nuo plon\u0173 pl\u0117veli\u0173 iki storo kartono, o skirtingoms med\u017eiagoms pritaikytus nustatymus galima keisti.<\/li>\n<li><strong>Pneumatinis bandini\u0173 u\u017espaudimas:<\/strong> U\u017etikrina saug\u0173 ir pastov\u0173 m\u0117ginio su\u0117mim\u0105, kad tyrimo rezultatai b\u016bt\u0173 patikimi.<\/li>\n<li><strong>Automatinis duomen\u0173 rinkimas:<\/strong> Automati\u0161kai renka bandym\u0173 duomenis ir i\u0161saugo rezultatus analizei.<\/li>\n<li><strong>Mikrospausdintuvas:<\/strong> Turi integruot\u0105 mikrospausdintuv\u0105, kuriuo galima i\u0161 karto atsispausdinti test\u0173 rezultatus.<\/li>\n<li><strong>RS-232 prievadas ir papildoma programin\u0117 \u012franga:<\/strong> Galima eksportuoti duomenis ir atlikti i\u0161pl\u0117stin\u0119 analiz\u0119 naudojant papildom\u0105 programin\u0119 \u012frang\u0105, skirt\u0105 i\u0161samioms ataskaitoms rengti.<\/li>\n<\/ul>\n<h2>Ply\u0161imo bandymo ma\u0161inos taikymo sritys<\/h2>\n<ul>\n<li><strong>Pakuo\u010di\u0173 pramon\u0117:<\/strong> u\u017etikrina, kad pakavimo med\u017eiagos, pavyzd\u017eiui, popierius, plastikin\u0117s pl\u0117vel\u0117s ir kartonas, atitikt\u0173 patvarumo standartus.<\/li>\n<li><strong>Medicinos prietais\u0173 pakuot\u0117s:<\/strong> \u012evertina pakuo\u010di\u0173 med\u017eiag\u0173, naudojam\u0173 medicinos reikm\u0117ms, atsparum\u0105 ply\u0161imui, kad b\u016bt\u0173 u\u017etikrinta apsauga ir sauga.<\/li>\n<li><strong>Tekstil\u0117:<\/strong> Testuoja audini\u0173 atsparum\u0105 ply\u0161imui, kad \u012fsitikint\u0173, jog jie tinkami drabu\u017eiams, apmu\u0161alams ir kitoms reikm\u0117ms.<\/li>\n<li><strong>Maistas ir g\u0117rimai:<\/strong> Patvirtintas pakuo\u010di\u0173 med\u017eiag\u0173, apsaugan\u010di\u0173 maisto ir g\u0117rim\u0173 produktus nuo u\u017eter\u0161imo ir pa\u017eeidim\u0173, atsparumas ply\u0161imui.<\/li>\n<\/ul>\n<p>Svetain\u0117 <strong>ply\u0161imo bandymo ma\u0161ina<\/strong> yra labai svarbi priemon\u0117 pramon\u0117s \u0161akose, kurios priklauso nuo med\u017eiag\u0173 patvarumo. Nesvarbu, ar bandote popieri\u0173, plastikines pl\u0117veles, ar tekstil\u0119. <strong>SLD-01 ply\u0161imo testeris<\/strong> si\u016blo tikslius ir pakartojamus rezultatus, u\u017etikrinan\u010dius, kad med\u017eiagos atitikt\u0173 b\u016btinus kokyb\u0117s standartus. Atitinka pramon\u0117s standartus, pvz. <a href=\"https:\/\/www.astm.org\/d1922-15r20.html\" target=\"_blank\" rel=\"noopener nofollow\"><strong>ASTM D1922<\/strong><\/a>, <a href=\"https:\/\/www.astm.org\/d1424-21.html\" target=\"_blank\" rel=\"noopener nofollow\"><strong>ASTM D1424<\/strong><\/a>, <a href=\"https:\/\/www.astm.org\/d0689-17.html\" target=\"_blank\" rel=\"noopener nofollow\"><strong>ASTM D689<\/strong><\/a>, <strong>ISO 6383<\/strong>, ir <strong>ISO 1974<\/strong>, \u0161is testeris idealiai tinka gamintojams, kuriems reikia patikim\u0173 duomen\u0173 apie gamini\u0173 atsparum\u0105 ply\u0161imui. U\u017etikrinkite, kad j\u016bs\u0173 med\u017eiagos atitikt\u0173 eksploatacinius standartus ir tiekt\u0173 auk\u0161tos kokyb\u0117s gaminius, naudodami SLD-01 atsparumo ply\u0161imui tester\u012f.<\/p>\n<h2>DUK<\/h2>\n<p><strong>1. Kokias med\u017eiagas galima bandyti a\u0161ar\u0173 bandymo aparatu?<\/strong><br \/>\nPl\u0117\u0161imo bandymo ma\u0161ina gali b\u016bti naudojama tokioms med\u017eiagoms kaip popierius, kartonas, plastikin\u0117s pl\u0117vel\u0117s, tekstil\u0117 ir kitos lanks\u010dios med\u017eiagos.<\/p>\n<p><strong>2. Kaip atliekamas ply\u0161imo stiprumo testas?<\/strong><br \/>\nAtliekant atsparumo ply\u0161imui bandym\u0105 med\u017eiagoje padaromas nedidelis ply\u0161ys ir \u0161vytuokliniu mechanizmu platinamas ply\u0161ys. I\u0161matuojama \u0161vytuokl\u0117s prarandama energija, kuri naudojama atsparumui ply\u0161imui apskai\u010diuoti.<\/p>\n<p><strong>3. Kas yra ASTM D1922 ir kod\u0117l jis svarbus?<\/strong><br \/>\nASTM D1922 yra standartinis bandymo metodas, skirtas popieriaus ir plastikini\u0173 pl\u0117veli\u0173 atsparumui ply\u0161imui matuoti. Juo u\u017etikrinama, kad pakavimo med\u017eiagos atitikt\u0173 reikalaujamus patvarumo standartus, taikomus realiam naudojimui.<\/p>\n<p><strong>4. Kuo SLD-01 a\u0161ar\u0173 testeris skiriasi nuo kit\u0173 a\u0161ar\u0173 testeri\u0173?<\/strong><br \/>\nSLD-01 ply\u0161imo testeris turi PLC valdymo sistem\u0105, plat\u0173 bandym\u0173 diapazon\u0105, pneumatin\u012f bandini\u0173 u\u017espaudim\u0105 ir automatin\u012f duomen\u0173 rinkim\u0105, tod\u0117l, palyginti su kitais modeliais, yra efektyvesnis ir tikslesnis.<\/p>\n<p><strong>5. Ar gali b\u016bti naudojama medicinini\u0173 pakuo\u010di\u0173 med\u017eiagoms bandyti?<\/strong><br \/>\nTaip, ply\u0161imo bandymo ma\u0161ina idealiai tinka medicinini\u0173 pakuo\u010di\u0173 med\u017eiagoms bandyti, kad b\u016bt\u0173 u\u017etikrinta, jog jos atitinka b\u016btinus medicinos gaminiams keliamus patvarumo ir saugos standartus.<\/p>","protected":false},"excerpt":{"rendered":"<p>Atsparumas ply\u0161imui, dar vadinamas atsparumu ply\u0161imui, yra labai svarbi mechanin\u0117 savyb\u0117, kuri parodo, kaip gerai med\u017eiaga gali atsispirti ply\u0161imo j\u0117goms. \u0160i savyb\u0117 labai svarbi pramon\u0117s \u0161akose, kuriose med\u017eiag\u0173 patvarumas labai svarbus, pavyzd\u017eiui, pakuo\u010di\u0173, tekstil\u0117s, medicinos prietais\u0173 pakuo\u010di\u0173 ir kt. . <strong>ply\u0161imo bandymo ma\u0161ina<\/strong> yra labai svarbus \u012frankis gamintojams vertinant \u012fvairi\u0173 med\u017eiag\u0173 atsparum\u0105 ply\u0161imui. \u0160is bandymas suteikia verting\u0173 duomen\u0173, leid\u017eian\u010di\u0173 u\u017etikrinti, kad gaminiai atitikt\u0173 eksploatacini\u0173 savybi\u0173 standartus ir atlaikyt\u0173 j\u0117gas, atsirandan\u010dias juos tvarkant, transportuojant ir naudojant.<\/p>","protected":false},"featured_media":5998,"comment_status":"closed","ping_status":"closed","template":"","meta":{"site-sidebar-layout":"default","site-content-layout":"default","ast-global-header-display":"","ast-main-header-display":"","ast-hfb-above-header-display":"","ast-hfb-below-header-display":"","ast-hfb-mobile-header-display":"","site-post-title":"disabled","ast-breadcrumbs-content":"","ast-featured-img":"disabled","footer-sml-layout":"","theme-transparent-header-meta":"default","adv-header-id-meta":"","stick-header-meta":"","header-above-stick-meta":"","header-main-stick-meta":"","header-below-stick-meta":""},"product_cat":[845,680,44,149,16,119,121,137,159,165,95],"product_tag":[],"class_list":{"0":"post-2636","1":"product","2":"type-product","3":"status-publish","4":"has-post-thumbnail","6":"product_cat-customization","7":"product_cat-tear-tester","8":"product_cat-paper-and-board-testers","9":"product_cat-pharma-and-medical-testers","10":"product_cat-plastic-packaging-testers","11":"product_cat-astm-d1424","12":"product_cat-astm-d1922","13":"product_cat-astm-d689","14":"product_cat-iso-1974","15":"product_cat-iso-6383","16":"product_cat-products","17":"desktop-align-left","18":"tablet-align-left","19":"mobile-align-left","21":"first","22":"instock","23":"featured","24":"shipping-taxable","25":"product-type-simple"},"_links":{"self":[{"href":"https:\/\/www.qualitester.com\/lt\/wp-json\/wp\/v2\/product\/2636","targetHints":{"allow":["GET"]}}],"collection":[{"href":"https:\/\/www.qualitester.com\/lt\/wp-json\/wp\/v2\/product"}],"about":[{"href":"https:\/\/www.qualitester.com\/lt\/wp-json\/wp\/v2\/types\/product"}],"replies":[{"embeddable":true,"href":"https:\/\/www.qualitester.com\/lt\/wp-json\/wp\/v2\/comments?post=2636"}],"version-history":[{"count":0,"href":"https:\/\/www.qualitester.com\/lt\/wp-json\/wp\/v2\/product\/2636\/revisions"}],"wp:featuredmedia":[{"embeddable":true,"href":"https:\/\/www.qualitester.com\/lt\/wp-json\/wp\/v2\/media\/5998"}],"wp:attachment":[{"href":"https:\/\/www.qualitester.com\/lt\/wp-json\/wp\/v2\/media?parent=2636"}],"wp:term":[{"taxonomy":"product_cat","embeddable":true,"href":"https:\/\/www.qualitester.com\/lt\/wp-json\/wp\/v2\/product_cat?post=2636"},{"taxonomy":"product_tag","embeddable":true,"href":"https:\/\/www.qualitester.com\/lt\/wp-json\/wp\/v2\/product_tag?post=2636"}],"curies":[{"name":"wp","href":"https:\/\/api.w.org\/{rel}","templated":true}]}}