{"id":2531,"date":"2023-06-21T14:54:40","date_gmt":"2023-06-21T06:54:40","guid":{"rendered":"https:\/\/www.qualitester.com\/?post_type=product&#038;p=2531"},"modified":"2024-12-04T14:40:17","modified_gmt":"2024-12-04T06:40:17","slug":"spc-01-stretch-film-peel-force-testing-machine","status":"publish","type":"product","link":"https:\/\/www.qualitester.com\/lt\/produktas-2\/spc-01-stretch-film-peel-force-testing-machine\/","title":{"rendered":"SPC-01 Stretch Film Peel Force Testing Machine"},"content":{"rendered":"<div data-elementor-type=\"wp-post\" data-elementor-id=\"2531\" class=\"elementor elementor-2531\" data-elementor-post-type=\"product\">\n\t\t\t\t<div class=\"elementor-element elementor-element-e19e79f e-flex e-con-boxed e-con e-parent\" data-id=\"e19e79f\" data-element_type=\"container\">\n\t\t\t\t\t<div class=\"e-con-inner\">\n\t\t<div class=\"elementor-element elementor-element-e683184 e-con-full e-flex e-con e-parent\" data-id=\"e683184\" data-element_type=\"container\">\n\t\t\t\t<div class=\"elementor-element elementor-element-e9e8412 elementor-widget elementor-widget-image\" data-id=\"e9e8412\" data-element_type=\"widget\" data-widget_type=\"image.default\">\n\t\t\t\t<div class=\"elementor-widget-container\">\n\t\t\t\t\t\t\t\t\t\t\t\t\t<img fetchpriority=\"high\" decoding=\"async\" width=\"750\" height=\"750\" src=\"https:\/\/www.qualitester.com\/wp-content\/uploads\/2023\/04\/Stretch-Film-Peel-Cling-Tester-1.jpg\" class=\"attachment-large size-large wp-image-1815\" alt=\"\" srcset=\"https:\/\/www.qualitester.com\/wp-content\/uploads\/2023\/04\/Stretch-Film-Peel-Cling-Tester-1.jpg 750w, https:\/\/www.qualitester.com\/wp-content\/uploads\/2023\/04\/Stretch-Film-Peel-Cling-Tester-1-300x300.jpg 300w, https:\/\/www.qualitester.com\/wp-content\/uploads\/2023\/04\/Stretch-Film-Peel-Cling-Tester-1-150x150.jpg 150w, https:\/\/www.qualitester.com\/wp-content\/uploads\/2023\/04\/Stretch-Film-Peel-Cling-Tester-1-600x600.jpg 600w, https:\/\/www.qualitester.com\/wp-content\/uploads\/2023\/04\/Stretch-Film-Peel-Cling-Tester-1-100x100.jpg 100w\" sizes=\"(max-width: 750px) 100vw, 750px\" \/>\t\t\t\t\t\t\t\t\t\t\t\t\t<\/div>\n\t\t\t\t<\/div>\n\t\t\t\t<\/div>\n\t\t<div class=\"elementor-element elementor-element-fbca1bf e-con-full e-flex e-con e-parent\" data-id=\"fbca1bf\" data-element_type=\"container\">\n\t\t\t\t<div class=\"elementor-element elementor-element-208b4b0 elementor-widget elementor-widget-text-editor\" data-id=\"208b4b0\" data-element_type=\"widget\" data-widget_type=\"text-editor.default\">\n\t\t\t\t<div class=\"elementor-widget-container\">\n\t\t\t\t\t\t\t<h6><strong>Pagrindin\u0117 informacija<\/strong><\/h6><p><em>Gerai sukibusi su tampri\u0105ja pl\u0117vele, i\u0161orinis pakavimo pl\u0117vel\u0117s sluoksnis ir preki\u0173 sluoksnis gali sukibti, tod\u0117l prek\u0117s ant granuli\u0173 tampa labai tvirtos. Tempiamosios pl\u0117vel\u0117s taikymo sritis yra labai plati, o atliekant \u017eievel\u0117s lipnumo kokyb\u0117s kontrol\u0119 galima veiksmingai pagerinti pl\u0117vel\u0117s tvirtum\u0105, elastingum\u0105 ir atramin\u0119 j\u0117g\u0105.<\/em><\/p><p><em>Norint i\u0161bandyti \u017eievel\u0117s lipnum\u0105, reikia paruo\u0161ti dviej\u0173 skirting\u0173 tip\u0173 m\u0117ginius. Pirmasis m\u0117ginys yra didesnis ir naudojamas kaip pagrindas. Antrasis bandinys yra ma\u017eesn\u0117 juostel\u0117, kuri nulupama nuo didesnio bandinio.<\/em><\/p><h6><strong>Parai\u0161ka<\/strong><\/h6><p><em>SPC-01 Peel Cling Tester matuoja sukibim\u0105 tarp dviej\u0173 pl\u0117vel\u0117s sluoksni\u0173 ir padeda nustatyti tempiamosios pl\u0117vel\u0117s med\u017eiagos geb\u0117jim\u0105 prie jos prilipti.<\/em><\/p>\t\t\t\t\t\t<\/div>\n\t\t\t\t<\/div>\n\t\t\t\t<\/div>\n\t\t\t\t\t<\/div>\n\t\t\t\t<\/div>\n\t\t<div class=\"elementor-element elementor-element-d221c6d e-flex e-con-boxed e-con e-parent\" data-id=\"d221c6d\" data-element_type=\"container\">\n\t\t\t\t\t<div class=\"e-con-inner\">\n\t\t<div class=\"elementor-element elementor-element-3d6f7c9 e-con-full e-flex e-con e-parent\" data-id=\"3d6f7c9\" data-element_type=\"container\">\n\t\t\t\t<div class=\"elementor-element elementor-element-1d3d013 elementor-widget elementor-widget-image\" data-id=\"1d3d013\" data-element_type=\"widget\" data-widget_type=\"image.default\">\n\t\t\t\t<div class=\"elementor-widget-container\">\n\t\t\t\t\t\t\t\t\t\t\t\t\t<img decoding=\"async\" width=\"750\" height=\"750\" src=\"https:\/\/www.qualitester.com\/wp-content\/uploads\/2023\/04\/Stretch-Film-Peel-Cling-Tester-SPC-01-1.jpg\" class=\"attachment-large size-large wp-image-1814\" alt=\"\" srcset=\"https:\/\/www.qualitester.com\/wp-content\/uploads\/2023\/04\/Stretch-Film-Peel-Cling-Tester-SPC-01-1.jpg 750w, https:\/\/www.qualitester.com\/wp-content\/uploads\/2023\/04\/Stretch-Film-Peel-Cling-Tester-SPC-01-1-300x300.jpg 300w, https:\/\/www.qualitester.com\/wp-content\/uploads\/2023\/04\/Stretch-Film-Peel-Cling-Tester-SPC-01-1-150x150.jpg 150w, https:\/\/www.qualitester.com\/wp-content\/uploads\/2023\/04\/Stretch-Film-Peel-Cling-Tester-SPC-01-1-600x600.jpg 600w, https:\/\/www.qualitester.com\/wp-content\/uploads\/2023\/04\/Stretch-Film-Peel-Cling-Tester-SPC-01-1-100x100.jpg 100w\" sizes=\"(max-width: 750px) 100vw, 750px\" \/>\t\t\t\t\t\t\t\t\t\t\t\t\t<\/div>\n\t\t\t\t<\/div>\n\t\t\t\t<\/div>\n\t\t<div class=\"elementor-element elementor-element-ed6e920 e-con-full e-flex e-con e-parent\" data-id=\"ed6e920\" data-element_type=\"container\">\n\t\t\t\t<div class=\"elementor-element elementor-element-0584a1f elementor-widget elementor-widget-text-editor\" data-id=\"0584a1f\" data-element_type=\"widget\" data-widget_type=\"text-editor.default\">\n\t\t\t\t<div class=\"elementor-widget-container\">\n\t\t\t\t\t\t\t<h6><strong>Technin\u0117s savyb\u0117s<\/strong><\/h6><p>Tai PLC valdomas \u012frenginys (pramoninio lygio stabilus) ir HMI jutiklinis ekranas. Precizinis rutulinio \u0161vino sraigto mechanizmas u\u017etikrina ger\u0105 ir stabil\u0173 grei\u010dio ir poslinkio valdym\u0105.<\/p><ul><li>7 coli\u0173 TFT jutiklinis ekranas (\u017emogaus ir ma\u0161inos s\u0105saja)<\/li><li>Viduje esantis PLC valdymo blokas u\u017etikrina stabil\u0173 veikim\u0105<\/li><li>Tikslus rutulinis sraigtas, u\u017etikrinantis tiksl\u0173 greit\u012f ir poslink\u012f.<\/li><li>Bandymo greitis yra reguliuojamas.<\/li><li>Skirtingas apkrovos elemento sujungimas su m\u0117giniu pa\u0161alina trukd\u017eius, kuriuos sukelia skriemulio ir stygos trintis ir sunkio j\u0117ga, kurie paprastai naudojami tradiciniu metodu.<\/li><li>Apribojimo \u012ftaisas ir automatinis gr\u012f\u017eimas.<\/li><li>Realiuoju laiku rodoma bandymo kreiv\u0117, fiksuojama did\u017eiausia vert\u0117. <\/li><li>Palaikomosios ilginimo grei\u010dio linijos 50%, 100% ir 200%. <\/li><li>Mikroprinteris<\/li><li>Galima prid\u0117ti trinties koeficiento funkcij\u0105 (pasirinktinai)<\/li><\/ul>\t\t\t\t\t\t<\/div>\n\t\t\t\t<\/div>\n\t\t\t\t<\/div>\n\t\t\t\t\t<\/div>\n\t\t\t\t<\/div>\n\t\t<div class=\"elementor-element elementor-element-a552211 e-flex e-con-boxed e-con e-parent\" data-id=\"a552211\" data-element_type=\"container\">\n\t\t\t\t\t<div class=\"e-con-inner\">\n\t\t<div class=\"elementor-element elementor-element-71dd792 e-con-full e-flex e-con e-parent\" data-id=\"71dd792\" data-element_type=\"container\">\n\t\t\t\t<div class=\"elementor-element elementor-element-ae4a7ff elementor-widget elementor-widget-image\" data-id=\"ae4a7ff\" data-element_type=\"widget\" data-widget_type=\"image.default\">\n\t\t\t\t<div class=\"elementor-widget-container\">\n\t\t\t\t\t\t\t\t\t\t\t\t\t<img fetchpriority=\"high\" decoding=\"async\" width=\"750\" height=\"750\" src=\"https:\/\/www.qualitester.com\/wp-content\/uploads\/2023\/04\/Stretch-Film-Peel-Cling-Tester-1.jpg\" class=\"attachment-large size-large wp-image-1815\" alt=\"\" srcset=\"https:\/\/www.qualitester.com\/wp-content\/uploads\/2023\/04\/Stretch-Film-Peel-Cling-Tester-1.jpg 750w, https:\/\/www.qualitester.com\/wp-content\/uploads\/2023\/04\/Stretch-Film-Peel-Cling-Tester-1-300x300.jpg 300w, https:\/\/www.qualitester.com\/wp-content\/uploads\/2023\/04\/Stretch-Film-Peel-Cling-Tester-1-150x150.jpg 150w, https:\/\/www.qualitester.com\/wp-content\/uploads\/2023\/04\/Stretch-Film-Peel-Cling-Tester-1-600x600.jpg 600w, https:\/\/www.qualitester.com\/wp-content\/uploads\/2023\/04\/Stretch-Film-Peel-Cling-Tester-1-100x100.jpg 100w\" sizes=\"(max-width: 750px) 100vw, 750px\" \/>\t\t\t\t\t\t\t\t\t\t\t\t\t<\/div>\n\t\t\t\t<\/div>\n\t\t\t\t<\/div>\n\t\t<div class=\"elementor-element elementor-element-12bdb98 e-con-full e-flex e-con e-parent\" data-id=\"12bdb98\" data-element_type=\"container\">\n\t\t\t\t<div class=\"elementor-element elementor-element-050def8 elementor-widget elementor-widget-text-editor\" data-id=\"050def8\" data-element_type=\"widget\" data-widget_type=\"text-editor.default\">\n\t\t\t\t<div class=\"elementor-widget-container\">\n\t\t\t\t\t\t\t<h6><strong>Pagrindiniai parametrai<\/strong><\/h6><p>Bandymo diapazonas 5N (standartinis)<\/p><p>St\u016bmoklio eiga 199 mm<\/p><p>Bandymo greitis 125 mm\/min<\/p><p>Poslinkio tikslumas 0,01 mm<\/p><p>J\u0117gos tikslumas 0,5% F.S.<\/p><p>Valdymo PLC ir \u017emogaus ir ma\u0161inos s\u0105saja<\/p><p>Duomen\u0173 i\u0161vesties ekranas, mikrospausdintuvas, RS232 (pasirinktinai)<\/p><p>Maitinimo \u0161altinis 110~220 V, 50\/60 Hz<\/p>\t\t\t\t\t\t<\/div>\n\t\t\t\t<\/div>\n\t\t\t\t<\/div>\n\t\t\t\t\t<\/div>\n\t\t\t\t<\/div>\n\t\t<div class=\"elementor-element elementor-element-7d63a47 e-flex e-con-boxed e-con e-parent\" data-id=\"7d63a47\" data-element_type=\"container\">\n\t\t\t\t\t<div class=\"e-con-inner\">\n\t\t\t\t<div class=\"elementor-element elementor-element-b364875 elementor-widget elementor-widget-wpforms\" data-id=\"b364875\" data-element_type=\"widget\" data-widget_type=\"wpforms.default\">\n\t\t\t\t<div class=\"elementor-widget-container\">\n\t\t\t<div class=\"wpforms-container\" id=\"wpforms-11\"><form id=\"wpforms-form-11\" class=\"wpforms-validate wpforms-form wpforms-ajax-form\" data-formid=\"11\" method=\"post\" enctype=\"multipart\/form-data\" action=\"\/lt\/wp-json\/wp\/v2\/product\/2531\" data-token=\"7c26fc00fd485ee9e5a7c61a93b70491\" data-trp-original-action=\"\/lt\/wp-json\/wp\/v2\/product\/2531\"><noscript class=\"wpforms-error-noscript\">Nor\u0117dami u\u017epildyti \u0161i\u0105 form\u0105, nar\u0161ykl\u0117je \u012fjunkite \"JavaScript\".<\/noscript><div class=\"wpforms-field-container\"><div id=\"wpforms-11-field_1-container\" class=\"wpforms-field wpforms-field-text\" data-field-id=\"1\"><label class=\"wpforms-field-label\" for=\"wpforms-11-field_1\">Pavadinimas <span class=\"wpforms-required-label\">*<\/span><\/label><input type=\"text\" id=\"wpforms-11-field_1\" class=\"wpforms-field-medium wpforms-field-required\" name=\"wpforms[fields][1]\" placeholder=\"Pavadinimas\" required><\/div><div id=\"wpforms-11-field_5-container\" class=\"wpforms-field wpforms-field-text\" data-field-id=\"5\"><label class=\"wpforms-field-label\" for=\"wpforms-11-field_5\">\u012emon\u0117<\/label><input type=\"text\" id=\"wpforms-11-field_5\" class=\"wpforms-field-medium\" name=\"wpforms[fields][5]\" ><\/div><div id=\"wpforms-11-field_4-container\" class=\"wpforms-field wpforms-field-number\" data-field-id=\"4\"><label class=\"wpforms-field-label\" for=\"wpforms-11-field_4\">Telefonas<\/label><input type=\"number\" pattern=\"\\d*\" id=\"wpforms-11-field_4\" class=\"wpforms-field-medium\" name=\"wpforms[fields][4]\" placeholder=\"Telefonas\" ><\/div><div id=\"wpforms-11-field_3-container\" class=\"wpforms-field wpforms-field-email\" data-field-id=\"3\"><label class=\"wpforms-field-label\" for=\"wpforms-11-field_3\">El. pa\u0161tas <span class=\"wpforms-required-label\">*<\/span><\/label><input type=\"email\" id=\"wpforms-11-field_3\" class=\"wpforms-field-medium wpforms-field-required\" name=\"wpforms[fields][3]\" placeholder=\"El. pa\u0161tas\" spellcheck=\"false\" required><\/div><div id=\"wpforms-11-field_2-container\" class=\"wpforms-field wpforms-field-textarea\" data-field-id=\"2\"><label class=\"wpforms-field-label\" for=\"wpforms-11-field_2\">\u017dinut\u0117<\/label><textarea id=\"wpforms-11-field_2\" class=\"wpforms-field-large\" name=\"wpforms[fields][2]\" ><\/textarea><\/div><\/div><!-- .wpforms-field-container --><input type=\"hidden\" name=\"wpforms[recaptcha]\" value=\"\"><div class=\"wpforms-submit-container\" ><input type=\"hidden\" name=\"wpforms[id]\" value=\"11\"><input type=\"hidden\" name=\"wpforms[author]\" value=\"4\"><button type=\"submit\" name=\"wpforms[submit]\" id=\"wpforms-submit-11\" class=\"wpforms-submit\" data-alt-text=\"Submitting\" data-submit-text=\"Submit\" aria-live=\"assertive\" value=\"wpforms-submit\">Pateikti<\/button><img decoding=\"async\" src=\"https:\/\/www.qualitester.com\/wp-content\/plugins\/wpforms-lite\/assets\/images\/submit-spin.svg\" class=\"wpforms-submit-spinner\" style=\"display: none;\" width=\"26\" height=\"26\" alt=\"Pakrovimas\"><\/div><input type=\"hidden\" name=\"trp-form-language\" value=\"lt\"\/><\/form><\/div>  <!-- .wpforms-container -->\t\t<\/div>\n\t\t\t\t<\/div>\n\t\t\t\t\t<\/div>\n\t\t\t\t<\/div>\n\t\t\t\t<\/div>","protected":false},"excerpt":{"rendered":"<p>SPC-01 Peel Cling Tester matuoja sukibim\u0105 tarp dviej\u0173 pl\u0117vel\u0117s sluoksni\u0173 ir padeda nustatyti tempiamosios pl\u0117vel\u0117s med\u017eiagos geb\u0117jim\u0105 prie jos prilipti.<\/p>","protected":false},"featured_media":1813,"comment_status":"closed","ping_status":"closed","template":"","meta":{"site-sidebar-layout":"default","site-content-layout":"default","ast-global-header-display":"","ast-main-header-display":"","ast-hfb-above-header-display":"","ast-hfb-below-header-display":"","ast-hfb-mobile-header-display":"","site-post-title":"disabled","ast-breadcrumbs-content":"","ast-featured-img":"disabled","footer-sml-layout":"","theme-transparent-header-meta":"default","adv-header-id-meta":"","stick-header-meta":"","header-above-stick-meta":"","header-main-stick-meta":"","header-below-stick-meta":""},"product_cat":[16,99,390,95],"product_tag":[57,391,185,486,59,410],"class_list":{"0":"post-2531","1":"product","2":"type-product","3":"status-publish","4":"has-post-thumbnail","6":"product_cat-plastic-packaging-testers","7":"product_cat-astm","8":"product_cat-astm-d5458","9":"product_cat-products","10":"product_tag-astm-d5458","11":"product_tag-bb-t-0024","12":"product_tag-peel-cling","13":"product_tag-peel-force","14":"product_tag-stretch-film","15":"product_tag-stretch-film-peel","16":"desktop-align-left","17":"tablet-align-left","18":"mobile-align-left","20":"first","21":"instock","22":"shipping-taxable","23":"product-type-simple"},"_links":{"self":[{"href":"https:\/\/www.qualitester.com\/lt\/wp-json\/wp\/v2\/product\/2531","targetHints":{"allow":["GET"]}}],"collection":[{"href":"https:\/\/www.qualitester.com\/lt\/wp-json\/wp\/v2\/product"}],"about":[{"href":"https:\/\/www.qualitester.com\/lt\/wp-json\/wp\/v2\/types\/product"}],"replies":[{"embeddable":true,"href":"https:\/\/www.qualitester.com\/lt\/wp-json\/wp\/v2\/comments?post=2531"}],"version-history":[{"count":0,"href":"https:\/\/www.qualitester.com\/lt\/wp-json\/wp\/v2\/product\/2531\/revisions"}],"wp:featuredmedia":[{"embeddable":true,"href":"https:\/\/www.qualitester.com\/lt\/wp-json\/wp\/v2\/media\/1813"}],"wp:attachment":[{"href":"https:\/\/www.qualitester.com\/lt\/wp-json\/wp\/v2\/media?parent=2531"}],"wp:term":[{"taxonomy":"product_cat","embeddable":true,"href":"https:\/\/www.qualitester.com\/lt\/wp-json\/wp\/v2\/product_cat?post=2531"},{"taxonomy":"product_tag","embeddable":true,"href":"https:\/\/www.qualitester.com\/lt\/wp-json\/wp\/v2\/product_tag?post=2531"}],"curies":[{"name":"wp","href":"https:\/\/api.w.org\/{rel}","templated":true}]}}