{"id":2525,"date":"2023-06-21T13:51:49","date_gmt":"2023-06-21T05:51:49","guid":{"rendered":"https:\/\/www.qualitester.com\/?post_type=product&#038;p=2525"},"modified":"2024-12-05T13:11:38","modified_gmt":"2024-12-05T05:11:38","slug":"per-01-glass-bottle-verticality-testing-machine","status":"publish","type":"product","link":"https:\/\/www.qualitester.com\/lt\/produktas-2\/per-01-glass-bottle-verticality-testing-machine\/","title":{"rendered":"PER-01 buteli\u0173 statmenumo testeris"},"content":{"rendered":"<h2>Buteli\u0173 statmenumo testerio produkto pristatymas<\/h2>\n<p>\"Cell Instruments\" specializuojasi tiekdama auk\u0161tos kokyb\u0117s med\u017eiag\u0173 tyrimo prietaisus \u012fvairioms pramon\u0117s \u0161akoms. M\u016bs\u0173 <strong><em><span style=\"text-decoration: underline;\">Butelio statmenumo testeris<\/span><\/em><\/strong> yra modernus prietaisas, skirtas u\u017etikrinti tiksl\u0173 buteli\u0173 statmenum\u0105, kuris labai svarbus i\u0161pilstyt\u0173 produkt\u0173 vientisumui ir kokybei i\u0161laikyti. \u0160is prietaisas b\u016btinas tokiose pramon\u0117s \u0161akose kaip pakavimo, maisto ir g\u0117rim\u0173, farmacijos ir kokyb\u0117s tikrinimo agent\u016brose. D\u0117l savo pa\u017eangi\u0173 funkcij\u0173 ir atitikties ISO 9008 standartams buteli\u0173 statmenumo testeris yra vertingas \u012frankis bet kokiame kokyb\u0117s kontrol\u0117s procese.<\/p>\n<p><img fetchpriority=\"high\" decoding=\"async\" class=\"wp-image-4283 aligncenter\" src=\"https:\/\/www.qualitester.com\/wp-content\/uploads\/2023\/06\/PER-01-Bottle-Perpendicularity-Tester-2.png\" alt=\"Butelio statmenumo testeris\" width=\"500\" height=\"540\" srcset=\"https:\/\/www.qualitester.com\/wp-content\/uploads\/2023\/06\/PER-01-Bottle-Perpendicularity-Tester-2.png 2426w, https:\/\/www.qualitester.com\/wp-content\/uploads\/2023\/06\/PER-01-Bottle-Perpendicularity-Tester-2-278x300.png 278w, https:\/\/www.qualitester.com\/wp-content\/uploads\/2023\/06\/PER-01-Bottle-Perpendicularity-Tester-2-949x1024.png 949w, https:\/\/www.qualitester.com\/wp-content\/uploads\/2023\/06\/PER-01-Bottle-Perpendicularity-Tester-2-768x829.png 768w, https:\/\/www.qualitester.com\/wp-content\/uploads\/2023\/06\/PER-01-Bottle-Perpendicularity-Tester-2-1423x1536.png 1423w, https:\/\/www.qualitester.com\/wp-content\/uploads\/2023\/06\/PER-01-Bottle-Perpendicularity-Tester-2-1898x2048.png 1898w, https:\/\/www.qualitester.com\/wp-content\/uploads\/2023\/06\/PER-01-Bottle-Perpendicularity-Tester-2-600x647.png 600w\" sizes=\"(max-width: 500px) 100vw, 500px\" \/><\/p>\n<h2><strong>Pagrindin\u0117s funkcijos<\/strong><\/h2>\n<h3>1. Patogus zondo reguliavimas<\/h3>\n<p>Butelio statmenumo testeris turi labai lengvai reguliuojam\u0105 zond\u0105, tod\u0117l j\u012f galima lengvai ir tiksliai suderinti su buteliu. \u0160i funkcija u\u017etikrina, kad matavimai b\u016bt\u0173 nuosekl\u016bs ir tiksl\u016bs, tod\u0117l suma\u017e\u0117ja klaid\u0173 tikimyb\u0117.<\/p>\n<h3>2. I\u0161skirtinis skaitymo tikslumas<\/h3>\n<p>Atliekant kokyb\u0117s kontrol\u0119 svarbiausia yra tikslumas, o m\u016bs\u0173 testeris u\u017etikrina i\u0161skirtin\u012f tikslum\u0105. Juo galima labai tiksliai i\u0161matuoti buteli\u0173 statmenum\u0105 ir u\u017etikrinti, kad kiekvienas butelis atitikt\u0173 reikalaujamas specifikacijas ir standartus.<\/p>\n<h3>3. Nuosekli m\u0117gini\u0173 rotacija<\/h3>\n<p>Siekiant u\u017etikrinti vienod\u0105 bandym\u0105, buteli\u0173 statmenumo testeris yra nuosekliai sukamas. Taip u\u017etikrinama, kad butelis matuojamas \u012fvairiuose ta\u0161kuose, tod\u0117l galima i\u0161samiai \u012fvertinti jo statmenum\u0105.<\/p>\n<h3>4. Pavyzd\u017ei\u0173 specifikacij\u0173 laikymasis<\/h3>\n<p>Testeris grie\u017etai laikosi pavyzd\u017ei\u0173 specifikacij\u0173, tod\u0117l visi matavimai atitinka pramon\u0117s standartus. Tai ypa\u010d svarbu siekiant laikytis ISO 9008 standarto, kuriame nustatyti reikalavimai pakavimo med\u017eiagoms ir talpykloms.<\/p>\n<h3>5. Neprivalomas duomen\u0173 eksportas \u012f \"Excel\" kompiuter\u012f<\/h3>\n<p>Kad b\u016bt\u0173 galima geriau tvarkyti duomenis, buteli\u0173 statmenumo testeris turi pasirinktin\u0119 duomen\u0173 eksporto funkcij\u0105. Naudotojai gali eksportuoti bandym\u0173 rezultatus tiesiai \u012f \"Excel\" kompiuter\u012f, kad b\u016bt\u0173 lengviau analizuoti duomenis ir teikti ataskaitas.<\/p>\n<h2>Bandymo metodai<\/h2>\n<h3>Veikimo principas<\/h3>\n<p>Buteli\u0173 statmenumo testeris veikia matuodamas butelio vertikalios a\u0161ies nuokryp\u012f nuo tikrosios statmenos pad\u0117ties. Tai pasiekiama naudojant tiksl\u0173 zond\u0105, kuris lie\u010diasi su buteliu tam tikruose ta\u0161kuose, ir besisukant\u012f mechanizm\u0105, u\u017etikrinant\u012f i\u0161sam\u0173 matavim\u0105.<\/p>\n<div class=\"ast-oembed-container\" style=\"height: 100%;\"><iframe title=\"PET buteli\u0173, stiklini\u0173 buteli\u0173 ir skardini\u0173 statmenumo testeris PER-01\" width=\"500\" height=\"281\" src=\"https:\/\/www.youtube.com\/embed\/MEJYiFl7Pzo?feature=oembed\" frameborder=\"0\" allow=\"accelerometer; autoplay; clipboard-write; encrypted-media; gyroscope; picture-in-picture; web-share\" referrerpolicy=\"strict-origin-when-cross-origin\" allowfullscreen><\/iframe><\/div>\n<h3>S\u0105ranka ir kalibravimas<\/h3>\n<p>Buteli\u0173 statmenumo tester\u012f nustatyti nesud\u0117tinga. Pirmiausia tester\u012f pastatykite ant stabilaus pavir\u0161iaus ir prijunkite prie maitinimo \u0161altinio. Kalibruokite prietais\u0105, nustatydami zond\u0105 pagal \u017einom\u0105 standart\u0105, taip u\u017etikrindami, kad matavimai bus tiksl\u016bs.<\/p>\n<h3>Testavimo proced\u016bra<\/h3>\n<ol>\n<li><strong>M\u0117ginio paruo\u0161imas:<\/strong> \u012esitikinkite, kad buteliukas yra \u0161varus ir jame n\u0117ra joki\u0173 kli\u016b\u010di\u0173.<\/li>\n<li><strong>Butelio pad\u0117tis:<\/strong> \u012ed\u0117kite buteliuk\u0105 \u012f nurodyt\u0105 testerio viet\u0105 ir u\u017etikrinkite, kad jis b\u016bt\u0173 patikimai pritvirtintas.<\/li>\n<li><strong>Testo atlikimas:<\/strong> \u012ejunkite tester\u012f, kad prad\u0117tum\u0117te matavimo proces\u0105. Zondas prisilies prie butelio, o besisukantis mechanizmas u\u017etikrins kelis matavimo ta\u0161kus.<\/li>\n<li><strong>Rezultat\u0173 interpretavimas:<\/strong> Testeris parodys rezultatus, nurodydamas visus nukrypimus nuo statmenumo.<\/li>\n<\/ol>\n<h2>Atitiktis ISO 9008 standartui<\/h2>\n<p>ISO 9008 yra tarptautinis standartas, kuriame nustatyti kokyb\u0117s vadybos sistem\u0173 reikalavimai, ypa\u010d skirti pakuo\u010di\u0173 ir taros pramonei. Jame i\u0161d\u0117styti kriterijai, kuriais remiantis u\u017etikrinama, kad pakavimo med\u017eiagos ir tara atitikt\u0173 tam tikrus kokyb\u0117s ir saugos standartus.<\/p>\n<h2>Parai\u0161kos<\/h2>\n<h3>1. Pakavimo pramon\u0117<\/h3>\n<p>Pakavimo pramon\u0117je buteli\u0173 statmenumo u\u017etikrinimas yra labai svarbus, kad b\u016bt\u0173 galima efektyviai pakuoti ir transportuoti. Buteli\u0173 statmenumo testeris padeda i\u0161laikyti vienod\u0105 statmenum\u0105, suma\u017eindamas pa\u017eeidim\u0173 rizik\u0105 tvarkant ir gabenant.<\/p>\n<h3>2. Maisto ir g\u0117rim\u0173 pramon\u0117<\/h3>\n<p>Maisto ir g\u0117rim\u0173 pramon\u0117je buteli\u0173 statmenumas yra labai svarbus siekiant i\u0161laikyti produkto vientisum\u0105 ir i\u0161vaizd\u0105. M\u016bs\u0173 testeriu u\u017etikrinama, kad buteliai b\u016bt\u0173 teisingai i\u0161lyginti, kad b\u016bt\u0173 i\u0161vengta nuot\u0117kio ir i\u0161siliejimo, galin\u010di\u0173 pakenkti produkto kokybei.<\/p>\n<h3>3. Farmacijos pramon\u0117<\/h3>\n<p>Farmacijos pramon\u0117je buteliuk\u0173 statmenumo tikslumas yra labai svarbus siekiant i\u0161laikyti vaist\u0173 vientisum\u0105. M\u016bs\u0173 testeris u\u017etikrina, kad buteliukai atitikt\u0173 grie\u017etus kokyb\u0117s standartus ir apsaugot\u0173 j\u0173 turinio veiksmingum\u0105.<\/p>\n<h3>4. Kokyb\u0117s tikrinimo agent\u016bros<\/h3>\n<p>Kokyb\u0117s tikrinimo agent\u016bros remiasi tiksliais matavimais, kad patvirtint\u0173 gamini\u0173 atitikt\u012f pramon\u0117s standartams. Buteli\u0173 statmenumo testeris u\u017etikrina tikslum\u0105 ir patikimum\u0105, reikaling\u0105 i\u0161samiam kokyb\u0117s vertinimui.<\/p>\n<h2>Pritaikymas<\/h2>\n<p>\"Cell Instruments\" supranta, kad skirtingose pramon\u0117s \u0161akose taikomi unikal\u016bs bandym\u0173 reikalavimai. M\u016bs\u0173 buteli\u0173 statmenumo testeris gali b\u016bti pritaikytas konkretiems poreikiams, u\u017etikrinant, kad juo bus atliekami tiksl\u016bs j\u016bs\u0173 gaminiams reikalingi matavimai.<\/p>\n<h2><strong>Privalumai<\/strong><\/h2>\n<h3>Kokyb\u0117s u\u017etikrinimas<\/h3>\n<p>U\u017etikrindamas tiksl\u0173 buteli\u0173 statmenum\u0105, m\u016bs\u0173 testeris gerina gamini\u0173 kokyb\u0119 ir vartotoj\u0173 saug\u0105. Tai labai svarbu siekiant i\u0161laikyti prek\u0117s \u017eenklo reputacij\u0105 ir klient\u0173 pasitenkinim\u0105.<\/p>\n<h3>S\u0105naud\u0173 efektyvumas<\/h3>\n<p>Tiksl\u016bs statmenumo matavimai suma\u017eina atliek\u0173 kiek\u012f ir pagerina gamybos efektyvum\u0105. Anksti nustatydamas ir i\u0161taisydamas nuokrypius, m\u016bs\u0173 testeris padeda suma\u017einti med\u017eiag\u0173 s\u0105naudas ir gamybos prastovas.<\/p>\n<h3>Atitiktis<\/h3>\n<p>Norint s\u0117kmingai vykdyti versl\u0105, b\u016btina laikytis pramon\u0117s standart\u0173 ir taisykli\u0173. M\u016bs\u0173 buteli\u0173 statmenumo testeris u\u017etikrina, kad j\u016bs\u0173 gaminiai atitikt\u0173 ISO 9008 ir kitus atitinkamus standartus, taip suma\u017einant neatitikties rizik\u0105.<\/p>\n<p><em><span style=\"text-decoration: underline;\"><strong><a href=\"https:\/\/www.qualitester.com\/lt\/produktas-2\/why-measuring-bottle-perpendicularity-is-important%ef%bc%9f\/\" target=\"_blank\" rel=\"noopener\">Kod\u0117l svarbu i\u0161matuoti butelio statmenum\u0105?<\/a><\/strong><\/span><\/em><\/p>\n<h2>DUK<\/h2>\n<ol>\n<li><strong>Kas yra butelio statmenumas?<\/strong>\n<ul>\n<li>Butelio statmenumas - tai butelio vertikaliosios a\u0161ies atitikimas tikrajai statmenai pad\u0117\u010diai. Tai labai svarbu, kad buteliai b\u016bt\u0173 stabil\u016bs ir saug\u016bs.<\/li>\n<\/ul>\n<\/li>\n<li><strong>Kaip veikia buteli\u0173 statmenumo testeris?<\/strong>\n<ul>\n<li>Testeris matuoja butelio vertikalios a\u0161ies nuokryp\u012f nuo tikrosios statmenos pad\u0117ties, naudodamas tiksl\u0173 zond\u0105 ir sukam\u0105j\u012f mechanizm\u0105, kad b\u016bt\u0173 galima atlikti i\u0161sam\u0173 \u012fvertinim\u0105.<\/li>\n<\/ul>\n<\/li>\n<li><strong>Kod\u0117l svarbus buteli\u0173 statmenumas?<\/strong>\n<ul>\n<li>U\u017etikrinti buteli\u0173 statmenum\u0105 labai svarbu, kad b\u016bt\u0173 i\u0161laikyta produkto kokyb\u0117, i\u0161vengta nuot\u0117kio ir i\u0161siliejimo bei u\u017etikrintas efektyvus pakavimas ir transportavimas.<\/li>\n<\/ul>\n<\/li>\n<li><strong>Ar galima tester\u012f pritaikyti konkretiems poreikiams?<\/strong>\n<ul>\n<li>Taip, buteli\u0173 statmenumo testeris gali b\u016bti pritaikytas konkretiems bandym\u0173 reikalavimams, kad u\u017etikrint\u0173 tikslius j\u016bs\u0173 gaminiams reikalingus matavimus.<\/li>\n<\/ul>\n<\/li>\n<li><strong>Kokioms pramon\u0117s \u0161akoms naudinga naudoti buteli\u0173 statmenumo tester\u012f?<\/strong>\n<ul>\n<li>Tokie pramon\u0117s sektoriai kaip pakavimo, maisto ir g\u0117rim\u0173, farmacijos ir kokyb\u0117s tikrinimo agent\u016bros gauna naudos naudodamos tester\u012f produkt\u0173 kokybei ir atitik\u010diai pramon\u0117s standartams u\u017etikrinti.<\/li>\n<\/ul>\n<\/li>\n<\/ol>\n<h2>Susij\u0119s straipsnis<\/h2>\n<p><a href=\"https:\/\/www.qualitester.com\/lt\/produktas-2\/why-measuring-bottle-perpendicularity-is-important%ef%bc%9f\/\" target=\"_blank\" rel=\"noopener\">Butelio statmenumas<\/a><\/p>\n<p><a href=\"https:\/\/www.qualitester.com\/lt\/beverage-bottle-perpendicularity-tester\/\" target=\"_blank\" rel=\"noopener\">Butelio statmenumo testeris<\/a><\/p>\n<p><a href=\"https:\/\/www.qualitester.com\/lt\/plastic-bottle-perpendicularity-test-iso-9008\/\" target=\"_blank\" rel=\"noopener\">Butelio statmenumo bandymas<\/a><\/p>\n<p><a href=\"https:\/\/www.qualitester.com\/lt\/important-glass-bottle-perpendicularity-test\/\" target=\"_blank\" rel=\"noopener\">Stiklinio butelio statmenumo bandymas<\/a><\/p>","protected":false},"excerpt":{"rendered":"<p><strong><em><span style=\"text-decoration: underline;\">Butelio statmenumo testeris<\/span><\/em><\/strong> yra modernus prietaisas, skirtas u\u017etikrinti tiksl\u0173 buteli\u0173 statmenum\u0105, kuris labai svarbus i\u0161pilstyt\u0173 produkt\u0173 vientisumui ir kokybei i\u0161laikyti. Pa\u017eangios funkcijos ir ISO 9008 standart\u0173 atitikimas - buteli\u0173 statmenumo testeris yra vertingas \u012frankis bet kokiame kokyb\u0117s kontrol\u0117s procese.<\/p>","protected":false},"featured_media":6233,"comment_status":"closed","ping_status":"closed","template":"","meta":{"site-sidebar-layout":"default","site-content-layout":"default","ast-global-header-display":"","ast-main-header-display":"","ast-hfb-above-header-display":"","ast-hfb-below-header-display":"","ast-hfb-mobile-header-display":"","site-post-title":"disabled","ast-breadcrumbs-content":"","ast-featured-img":"disabled","footer-sml-layout":"","theme-transparent-header-meta":"default","adv-header-id-meta":"","stick-header-meta":"","header-above-stick-meta":"","header-main-stick-meta":"","header-below-stick-meta":""},"product_cat":[845,1136,17,149,16,95],"product_tag":[],"class_list":{"0":"post-2525","1":"product","2":"type-product","3":"status-publish","4":"has-post-thumbnail","6":"product_cat-customization","7":"product_cat-iso-9008","8":"product_cat-package-container-testers","9":"product_cat-pharma-and-medical-testers","10":"product_cat-plastic-packaging-testers","11":"product_cat-products","12":"desktop-align-left","13":"tablet-align-left","14":"mobile-align-left","16":"first","17":"instock","18":"shipping-taxable","19":"product-type-simple"},"_links":{"self":[{"href":"https:\/\/www.qualitester.com\/lt\/wp-json\/wp\/v2\/product\/2525","targetHints":{"allow":["GET"]}}],"collection":[{"href":"https:\/\/www.qualitester.com\/lt\/wp-json\/wp\/v2\/product"}],"about":[{"href":"https:\/\/www.qualitester.com\/lt\/wp-json\/wp\/v2\/types\/product"}],"replies":[{"embeddable":true,"href":"https:\/\/www.qualitester.com\/lt\/wp-json\/wp\/v2\/comments?post=2525"}],"version-history":[{"count":0,"href":"https:\/\/www.qualitester.com\/lt\/wp-json\/wp\/v2\/product\/2525\/revisions"}],"wp:featuredmedia":[{"embeddable":true,"href":"https:\/\/www.qualitester.com\/lt\/wp-json\/wp\/v2\/media\/6233"}],"wp:attachment":[{"href":"https:\/\/www.qualitester.com\/lt\/wp-json\/wp\/v2\/media?parent=2525"}],"wp:term":[{"taxonomy":"product_cat","embeddable":true,"href":"https:\/\/www.qualitester.com\/lt\/wp-json\/wp\/v2\/product_cat?post=2525"},{"taxonomy":"product_tag","embeddable":true,"href":"https:\/\/www.qualitester.com\/lt\/wp-json\/wp\/v2\/product_tag?post=2525"}],"curies":[{"name":"wp","href":"https:\/\/api.w.org\/{rel}","templated":true}]}}