{"id":2475,"date":"2023-06-16T09:54:40","date_gmt":"2023-06-16T01:54:40","guid":{"rendered":"https:\/\/www.qualitester.com\/?post_type=product&#038;p=2475"},"modified":"2024-11-26T15:00:54","modified_gmt":"2024-11-26T07:00:54","slug":"ftt-01-the-paper-thickness-testing-machine","status":"publish","type":"product","link":"https:\/\/www.qualitester.com\/lt\/produktas-2\/ftt-01-the-paper-thickness-testing-machine\/","title":{"rendered":"FTT-01 storio testeris"},"content":{"rendered":"<p>Svetain\u0117 <strong>Jutiklinis storio testeris<\/strong> tai pa\u017eangus matavimo prietaisas, skirtas tiksliai ir patikimai matuoti \u012fvairi\u0173 med\u017eiag\u0173, \u012fskaitant plastikines pl\u0117veles, tekstil\u0117s gaminius, popieri\u0173, karton\u0105, pl\u0117vel\u0119 ir kitas lanks\u010dias med\u017eiagas, stor\u012f. Storis yra labai svarbus nustatant \u0161i\u0173 med\u017eiag\u0173 savybes, kokyb\u0119 ir atitikt\u012f tokiose pramon\u0117s \u0161akose kaip pakuot\u0117s, farmacijos, medicinos prietaisai, tekstil\u0117 ir kt. I\u0161laikant vienod\u0105 med\u017eiagos stor\u012f u\u017etikrinama gamini\u0173 kokyb\u0117, i\u0161vengiama defekt\u0173 ir laikomasi teis\u0117s akt\u0173 reikalavim\u0173, tod\u0117l tai yra esmin\u0117 gamybos proces\u0173 kokyb\u0117s kontrol\u0117s priemon\u0117.<\/p>\n<p>Nesvarbu, ar dirbate su plastikin\u0117mis pl\u0117vel\u0117mis pakuo\u010di\u0173 gamyboje, tekstil\u0117s gaminiais mados pramon\u0117je, ar su popieriaus gaminiais poligrafijos sektoriuje. <strong>Jutiklinis storio testeris<\/strong> padeda \u012fmon\u0117ms i\u0161laikyti vienodum\u0105, suma\u017einti atliek\u0173 kiek\u012f ir u\u017etikrinti, kad med\u017eiagos atitikt\u0173 grie\u017etus pramon\u0117s standartus.<\/p>\n<h2>Storio bandymo standartai<\/h2>\n<p>Svetain\u0117 <strong>Jutiklinis storio testeris<\/strong> sukurtas pagal \u012fvairius tarptautinius standartus, tod\u0117l u\u017etikrina tikslius ir standartizuotus matavimus \u012fvairiose med\u017eiag\u0173 r\u016b\u0161yse ir pramon\u0117s \u0161akose.<\/p>\n<h3><strong><a href=\"https:\/\/www.astm.org\/d0374-99.html\" target=\"_blank\" rel=\"noopener nofollow\">ASTM D374-99<\/a>: Standartiniai kietosios elektros izoliacijos storio bandymo metodai<\/strong><\/h3>\n<p>\u0160is standartas naudojamas elektros izoliacini\u0173 med\u017eiag\u0173 storiui matuoti. Tiksl\u016bs storio matavimai yra labai svarb\u016bs elektrotechnikos pramon\u0117je, siekiant u\u017etikrinti tinkam\u0105 izoliacij\u0105, kuri apsaugo elektros komponentus ir u\u017ekerta keli\u0105 j\u0173 pa\u017eeidimams. . <strong>Jutiklinis storio testeris<\/strong> atitinka ASTM D374 standarto reikalavimus, tod\u0117l u\u017etikrina patikimus ir nuoseklius elektros izoliacijos gamini\u0173 matavimus.<\/p>\n<h3><strong><a href=\"https:\/\/www.astm.org\/d1777-96r19.html\" target=\"_blank\" rel=\"noopener nofollow\">ASTM D1777<\/a>: Standartinis tekstil\u0117s med\u017eiag\u0173 storio bandymo metodas<\/strong><\/h3>\n<p>ASTM D1777 standartas taikomas tekstilei ir med\u017eiagoms. Tikslus storio matavimas yra labai svarbus tekstil\u0117s pramonei, kad b\u016bt\u0173 galima \u012fvertinti audinio savybes, kokyb\u0119 ir patvarum\u0105. . <strong>Jutiklinis storio testeris<\/strong> u\u017etikrina tikslius rodmenis, padedan\u010dius gamintojams laikytis pramonini\u0173 storio standart\u0173 ir u\u017etikrinan\u010dius gaminio kokyb\u0119 bei funkcionalum\u0105.<\/p>\n<h3><strong><a href=\"https:\/\/www.iso.org\/standard\/51266.html\" target=\"_blank\" rel=\"noopener nofollow\">ISO 3034:2011<\/a>: Gofruoto kartono storio nustatymas<\/strong><\/h3>\n<p>\u0160is standartas naudojamas gofruotojo kartono - pla\u010diai pakuot\u0117se naudojamos med\u017eiagos - storiui matuoti. Atitinkant ISO 3034:2011 standartus. <strong>Jutiklinis storio testeris<\/strong> padeda pakuo\u010di\u0173 gamintojams u\u017etikrinti, kad j\u0173 gaminamos medienos plau\u0161o plok\u0161t\u0117s atitikt\u0173 reikalaujamo storio specifikacijas ir u\u017etikrint\u0173 supakuot\u0173 preki\u0173 patvarum\u0105 bei apsaug\u0105.<\/p>\n<h3><strong><a href=\"https:\/\/www.iso.org\/standard\/53060.html\" target=\"_blank\" rel=\"noopener nofollow\">ISO 534-2011<\/a>: Popierius ir kartonas - storio, tankio ir savitojo t\u016brio nustatymas<\/strong><\/h3>\n<p>ISO 534-2011 naudojamas popieriaus ir kartono med\u017eiag\u0173 storiui matuoti. \u0160is standartas yra labai svarbus popieriaus pramonei, kad b\u016bt\u0173 i\u0161laikytas produkt\u0173 nuoseklumas, kontroliuojamas med\u017eiag\u0173 naudojimas ir tenkinami klient\u0173 l\u016bkes\u010diai. . <strong>Jutiklinis storio testeris<\/strong> palaiko ISO 534-2011 standart\u0105 ir u\u017etikrina tikslius popieriaus ir kartono med\u017eiag\u0173 storio matavimus, kurie labai svarb\u016bs kokyb\u0117s kontrolei ir gamybos efektyvumui.<\/p>\n<h3><strong><a href=\"https:\/\/www.iso.org\/standard\/20759.html\" target=\"_blank\" rel=\"noopener nofollow\">ISO 4593<\/a>: Plastmas\u0117s; pl\u0117vel\u0117s ir lak\u0161tai; storio nustatymas mechaniniu skenavimu<\/strong><\/h3>\n<p>ISO 4593 apibr\u0117\u017eia plastikini\u0173 pl\u0117veli\u0173 ir lak\u0161t\u0173 storio matavimo standart\u0105. Tiksl\u016bs storio matavimai yra labai svarb\u016bs plastik\u0173 gamintojams, ypa\u010d pakuo\u010di\u0173 srityje, kad b\u016bt\u0173 u\u017etikrintos gamini\u0173 eksploatacin\u0117s savyb\u0117s ir atitiktis reguliavimo standartams. . <strong>Jutiklinis storio testeris<\/strong> atitinka ISO 4593 reikalavimus, tod\u0117l u\u017etikrina patikimus \u012fvairiose pramon\u0117s \u0161akose naudojam\u0173 plastikini\u0173 pl\u0117veli\u0173 storio rodmenis.<\/p>\n<h2>Bandym\u0173 metodai ir taikymas<\/h2>\n<div class=\"ast-oembed-container\" style=\"height: 100%;\"><iframe title=\"Storio matuoklis su prispaudimo koja ir m\u0117gini\u0173 tiektuvu\" width=\"500\" height=\"281\" src=\"https:\/\/www.youtube.com\/embed\/ay_9m_wynLU?feature=oembed\" frameborder=\"0\" allow=\"accelerometer; autoplay; clipboard-write; encrypted-media; gyroscope; picture-in-picture; web-share\" referrerpolicy=\"strict-origin-when-cross-origin\" allowfullscreen><\/iframe><\/div>\n<p>Svetain\u0117 <strong>Jutiklinis storio testeris<\/strong> naudoja mechanin\u012f skenavimo metod\u0105 \u012fvairi\u0173 med\u017eiag\u0173 storiui matuoti. \u0160tai kaip veikia \u0161is procesas:<\/p>\n<ol>\n<li><strong>Pavyzd\u017ei\u0173 i\u0161d\u0117stymas:<\/strong> Med\u017eiagos m\u0117ginys dedamas ant prietaiso pagrindo, u\u017etikrinant, kad jis b\u016bt\u0173 teisingai pad\u0117tas, kad b\u016bt\u0173 galima atlikti tikslius matavimus.<\/li>\n<li><strong>Spaudyklin\u0117s kojel\u0117s mechanizmas:<\/strong> Ant med\u017eiagos \u0161velniai nuleid\u017eiama pasverta prispaud\u017eiamoji kojel\u0117. Testeris matuoja poslink\u012f arba tarp\u0105 tarp prispaud\u017eiamosios kojel\u0117s ir pagrindo, tod\u0117l tiksliai i\u0161matuojamas bandinio storis.<\/li>\n<li><strong>Med\u017eiag\u0173 tipai:<\/strong> \u0160is testeris yra universalus, juo galima matuoti toki\u0173 med\u017eiag\u0173 kaip plastikin\u0117s pl\u0117vel\u0117s, tekstil\u0117s gaminiai, popierius, folijos, audiniai ir membranos stor\u012f. Nesvarbu, ar bandote pakavimo med\u017eiagas, medicinos prietais\u0173 pakuotes, ar tekstil\u0119. <strong>Jutiklinis storio testeris<\/strong> u\u017etikrina tikslius rezultatus.<\/li>\n<\/ol>\n<p>\u0160is metodas ypa\u010d vertingas kokyb\u0117s kontrol\u0117s procesuose pramon\u0117s \u0161akose, kuriose med\u017eiag\u0173 pastovumas yra labai svarbus, pavyzd\u017eiui, pakuo\u010di\u0173, maisto ir g\u0117rim\u0173, farmacijos ir tekstil\u0117s pramon\u0117je. Atliekant tikslius ir pakartojamus matavimus <strong>Jutiklinis storio testeris<\/strong> padeda \u012fmon\u0117ms nustatyti storio skirtumus, d\u0117l kuri\u0173 gali atsirasti defekt\u0173, neatitikim\u0173 teis\u0117s akt\u0173 reikalavimams ar padid\u0117ti gamybos s\u0105naudos.<\/p>\n<h2>Technin\u0117s savyb\u0117s ir funkcionalumas<\/h2>\n<p>Svetain\u0117 <strong>Jutiklinis storio testeris<\/strong> sukurtas taip, kad j\u012f b\u016bt\u0173 lengva naudoti ir jis b\u016bt\u0173 tikslus, o kelios pa\u017eangios funkcijos u\u017etikrina veiksming\u0105 veikim\u0105 ir tikslius rezultatus:<\/p>\n<ul>\n<li><strong>PLC valdomas veikimas<\/strong>: \u012erengin\u012f valdo programuojamas loginis valdiklis (PLC), kuriame integruota intuityvi HMI jutiklinio ekrano s\u0105saja, kad j\u012f b\u016bt\u0173 lengva valdyti.<\/li>\n<li><strong>Automatinis presavimo kojel\u0117s pak\u0117limas<\/strong>: \u0160i funkcija u\u017etikrina, kad po kiekvieno matavimo prispaud\u017eiamoji kojel\u0117 automati\u0161kai pakils, tod\u0117l nereikia rankinio \u012fsiki\u0161imo ir i\u0161laikomas bandym\u0173 nuoseklumas.<\/li>\n<li><strong>Realaus laiko duomen\u0173 rodymas<\/strong>: Testeris rodo realiuoju laiku atliktus matavimus, \u012fskaitant did\u017eiausias, ma\u017eiausias, vidutines ir standartinio nuokrypio vertes, tod\u0117l naudotojai gali akimirksniu \u012fvertinti med\u017eiagos nuoseklum\u0105 ir na\u0161um\u0105.<\/li>\n<li><strong>Duomen\u0173 saugojimas ir mikrotrintas<\/strong>: Testeris gali saugoti bandym\u0173 rezultatus ir spausdinti ataskaitas, taip palengvinant atsekamum\u0105 ir kokyb\u0117s kontrol\u0117s dokumentacij\u0105, skirt\u0105 auditui ar \u012fra\u0161ams.<\/li>\n<li><strong>RS232 prievadas (pasirinktinai)<\/strong>: Prietaisas turi RS232 prievad\u0105, kur\u012f galima lengvai integruoti su duomen\u0173 analiz\u0117s programine \u012franga, taip padidinant galimyb\u0119 valdyti ir analizuoti bandym\u0173 rezultatus.<\/li>\n<li><strong>Rankinio ir automatinio m\u0117gini\u0173 padavimo parinktys (pasirinktinai)<\/strong>: Siekiant didesnio efektyvumo didel\u0117s apimties bandym\u0173 aplinkoje, galima rinktis tiek rankin\u012f, tiek automatin\u012f m\u0117gini\u0173 padavim\u0105.<\/li>\n<\/ul>\n<h2>Pagrindiniai parametrai ir specifikacijos<\/h2>\n<table>\n<tbody>\n<tr>\n<td width=\"251\">Bandym\u0173 diapazonas<\/td>\n<td width=\"247\">0 ~ 2 mm (galima pritaikyti)<\/td>\n<\/tr>\n<tr>\n<td width=\"251\">Rezoliucija<\/td>\n<td width=\"247\">0,1 \u03bcm<\/td>\n<\/tr>\n<tr>\n<td width=\"251\">Standartin\u0117 matavimo galvut\u0117<\/td>\n<td width=\"247\">Pusrutulio formos tipas<\/td>\n<\/tr>\n<tr>\n<td width=\"251\">Pasirenkama matavimo galvut\u0117 (plok\u0161\u010dia kojel\u0117)<\/td>\n<td width=\"247\">50 mm\u00b2 , 17,5\u00b11 KPa (pl\u0117velei)<br \/>\n200 mm\u00b2 , 50\u00b11 KPa (popieriui)<\/td>\n<\/tr>\n<tr>\n<td width=\"251\">Maitinimas<\/td>\n<td width=\"247\">110~220 V KINTAMOJI SROV\u0116<\/td>\n<\/tr>\n<\/tbody>\n<\/table>\n<h3>Kod\u0117l verta rinktis jutiklin\u012f storio tester\u012f?<\/h3>\n<p>Svetain\u0117 <strong>Jutiklinis storio testeris<\/strong> teikia daugyb\u0119 privalum\u0173 \u012fvairi\u0173 pramon\u0117s \u0161ak\u0173 \u012fmon\u0117ms, pavyzd\u017eiui, pakuo\u010di\u0173, tekstil\u0117s, medicinos prietais\u0173 ir kt. \u0160tai tik kelios prie\u017eastys, kod\u0117l verta rinktis \u0161i\u0105 priemon\u0119:<\/p>\n<ul>\n<li><strong>Universalumas:<\/strong> Juo galima matuoti \u012fvairi\u0173 med\u017eiag\u0173, \u012fskaitant plastikines pl\u0117veles, tekstil\u0117s gaminius, popieri\u0173 ir gofruot\u0105j\u012f karton\u0105, stor\u012f.<\/li>\n<li><strong>Atitiktis standartams:<\/strong> Jis atitinka pagrindinius pramon\u0117s standartus, tokius kaip ASTM D374, ASTM D1777, ISO 3034:2011, ISO 534-2011 ir ISO 4593, tod\u0117l matavimai yra tiksl\u016bs ir atitinka teis\u0117s akt\u0173 reikalavimus.<\/li>\n<li><strong>Efektyvumas ir tikslumas:<\/strong> D\u0117l toki\u0173 pa\u017eangi\u0173 funkcij\u0173, kaip automatinis prispaud\u017eiamosios kojel\u0117s pak\u0117limas, realaus laiko duomen\u0173 rodymas ir didel\u0117s skiriamosios gebos matavimai. <strong>Jutiklinis storio testeris<\/strong> u\u017etikrina patikimus ir pakartojamus rezultatus.<\/li>\n<li><strong>Duomen\u0173 valdymas:<\/strong> Galimyb\u0117 saugoti ir spausdinti bandym\u0173 rezultatus leid\u017eia lengvai tvarkyti kokyb\u0117s kontrol\u0117s, audito ir atsekamumo \u012fra\u0161us.<\/li>\n<\/ul>\n<h3>DUK (da\u017eniausiai u\u017eduodami klausimai)<\/h3>\n<ol>\n<li><strong>Kokias med\u017eiagas gali matuoti jutiklinis storio matuoklis?<\/strong>\n<ul>\n<li>\u0160iuo testeriu galima matuoti toki\u0173 med\u017eiag\u0173 kaip plastikin\u0117s pl\u0117vel\u0117s, tekstil\u0117s gaminiai, popierius, gofruotasis kartonas, pl\u0117vel\u0117s ir membranos stor\u012f.<\/li>\n<\/ul>\n<\/li>\n<li><strong>Koks yra jutiklinio storio matuoklio matavimo diapazonas?<\/strong>\n<ul>\n<li>Standartinis bandym\u0173 diapazonas yra nuo 0 iki 2 mm, ta\u010diau j\u012f galima pritaikyti konkre\u010di\u0173 tip\u0173 med\u017eiagoms ar taikymams.<\/li>\n<\/ul>\n<\/li>\n<li><strong>Kaip jutiklinis storio testeris u\u017etikrina tikslum\u0105?<\/strong>\n<ul>\n<li>Testeris naudoja mechanin\u012f skenavimo metod\u0105, kurio skiriamoji geba yra 0,1 \u03bcm, kad b\u016bt\u0173 u\u017etikrintas tikslus ir precizi\u0161kas \u012fvairi\u0173 med\u017eiag\u0173 storio matavimas.<\/li>\n<\/ul>\n<\/li>\n<li><strong>Ar jutiklinis storio testeris gali b\u016bti integruotas su kitomis programin\u0117s \u012frangos sistemomis?<\/strong>\n<ul>\n<li>Taip, testeryje yra RS232 prievadas, kur\u012f galima prijungti prie programin\u0117s \u012frangos, kad b\u016bt\u0173 galima pagerinti duomen\u0173 valdym\u0105 ir analiz\u0119.<\/li>\n<\/ul>\n<\/li>\n<li><strong>Kokius standartus atitinka jutiklinis storio testeris?<\/strong>\n<ul>\n<li>Testeris palaiko ASTM D374, ASTM D1777, ISO 3034:2011, ISO 534-2011 ir ISO 4593 standartus, tod\u0117l u\u017etikrina \u012fvairi\u0173 med\u017eiag\u0173 atitikt\u012f pramon\u0117s standartams.<\/li>\n<\/ul>\n<\/li>\n<\/ol>","protected":false},"excerpt":{"rendered":"<p>Svetain\u0117 <strong>Jutiklinis storio testeris<\/strong> tai pa\u017eangus matavimo prietaisas, skirtas tiksliai ir patikimai matuoti \u012fvairi\u0173 med\u017eiag\u0173, \u012fskaitant plastikines pl\u0117veles, tekstil\u0117s gaminius, popieri\u0173, karton\u0105, pl\u0117vel\u0119 ir kitas lanks\u010dias med\u017eiagas, stor\u012f. Storis yra labai svarbus nustatant \u0161i\u0173 med\u017eiag\u0173 savybes, kokyb\u0119 ir atitikt\u012f tokiose pramon\u0117s \u0161akose kaip pakuot\u0117s, farmacijos, medicinos prietaisai, tekstil\u0117 ir kt.<\/p>","protected":false},"featured_media":5612,"comment_status":"closed","ping_status":"closed","template":"","meta":{"site-sidebar-layout":"default","site-content-layout":"default","ast-global-header-display":"","ast-main-header-display":"","ast-hfb-above-header-display":"","ast-hfb-below-header-display":"","ast-hfb-mobile-header-display":"","site-post-title":"","ast-breadcrumbs-content":"","ast-featured-img":"","footer-sml-layout":"","theme-transparent-header-meta":"default","adv-header-id-meta":"","stick-header-meta":"","header-above-stick-meta":"","header-main-stick-meta":"","header-below-stick-meta":""},"product_cat":[845,938,44,149,16,120,131,160,162,164,95],"product_tag":[],"class_list":{"0":"post-2475","1":"product","2":"type-product","3":"status-publish","4":"has-post-thumbnail","6":"product_cat-customization","7":"product_cat-textile-tester","8":"product_cat-paper-and-board-testers","9":"product_cat-pharma-and-medical-testers","10":"product_cat-plastic-packaging-testers","11":"product_cat-astm-d1777","12":"product_cat-astm-d374","13":"product_cat-iso-3034","14":"product_cat-iso-4593","15":"product_cat-iso-534","16":"product_cat-products","17":"desktop-align-left","18":"tablet-align-left","19":"mobile-align-left","21":"first","22":"instock","23":"shipping-taxable","24":"product-type-simple"},"_links":{"self":[{"href":"https:\/\/www.qualitester.com\/lt\/wp-json\/wp\/v2\/product\/2475","targetHints":{"allow":["GET"]}}],"collection":[{"href":"https:\/\/www.qualitester.com\/lt\/wp-json\/wp\/v2\/product"}],"about":[{"href":"https:\/\/www.qualitester.com\/lt\/wp-json\/wp\/v2\/types\/product"}],"replies":[{"embeddable":true,"href":"https:\/\/www.qualitester.com\/lt\/wp-json\/wp\/v2\/comments?post=2475"}],"version-history":[{"count":0,"href":"https:\/\/www.qualitester.com\/lt\/wp-json\/wp\/v2\/product\/2475\/revisions"}],"wp:featuredmedia":[{"embeddable":true,"href":"https:\/\/www.qualitester.com\/lt\/wp-json\/wp\/v2\/media\/5612"}],"wp:attachment":[{"href":"https:\/\/www.qualitester.com\/lt\/wp-json\/wp\/v2\/media?parent=2475"}],"wp:term":[{"taxonomy":"product_cat","embeddable":true,"href":"https:\/\/www.qualitester.com\/lt\/wp-json\/wp\/v2\/product_cat?post=2475"},{"taxonomy":"product_tag","embeddable":true,"href":"https:\/\/www.qualitester.com\/lt\/wp-json\/wp\/v2\/product_tag?post=2475"}],"curies":[{"name":"wp","href":"https:\/\/api.w.org\/{rel}","templated":true}]}}