{"id":2401,"date":"2023-06-12T10:45:15","date_gmt":"2023-06-12T02:45:15","guid":{"rendered":"https:\/\/www.qualitester.com\/?post_type=product&#038;p=2401"},"modified":"2024-12-02T16:37:19","modified_gmt":"2024-12-02T08:37:19","slug":"lt-03-seal-strength-testing-machine","status":"publish","type":"product","link":"https:\/\/www.qualitester.com\/lt\/produktas-2\/lt-03-seal-strength-testing-machine\/","title":{"rendered":"LT-03 nuot\u0117kio testeris"},"content":{"rendered":"<h2><strong>\u012evadas<\/strong><\/h2>\n<p>Pakuo\u010di\u0173 pramon\u0117je sandarumo i\u0161laikymas yra labai svarbus siekiant u\u017etikrinti produkt\u0173 saug\u0105 ir kokyb\u0119. Plomb\u0173 tvirtumo bandymo \u012franga skirta \u012fvertinti plombos geb\u0117jim\u0105 atlaikyti aplinkos s\u0105lygas, u\u017ekirsti keli\u0105 nuot\u0117kiui ir u\u017eter\u0161imui. \u0160ie bandymai yra b\u016btini tokiose pramon\u0117s \u0161akose kaip maisto produkt\u0173, vaist\u0173, medicinos prietais\u0173, kosmetikos ir daugelyje kit\u0173, kuriose pakuot\u0117s veikimas tiesiogiai veikia produkto kokyb\u0119 ir vartotoj\u0173 saug\u0105.<\/p>\n<p>\u2019Cell Instruments\u2019 <strong>Sandarinimo stiprumo bandymo \u012franga<\/strong> Tai tikslus ir patikimas metodas, leid\u017eiantis \u012fvertinti plomb\u0173 vientisum\u0105 ir u\u017etikrinti, kad supakuoti produktai i\u0161likt\u0173 saug\u016bs, apsaugoti ir atitikt\u0173 pramon\u0117s standartus.<\/p>\n<h2><strong>Kas yra sandarinimo stiprumo bandymo \u012franga?<\/strong><\/h2>\n<p>Plomb\u0173 stiprumo bandymo \u012franga naudojama pakavimo med\u017eiag\u0173 plomb\u0173 stiprumui ir patikimumui \u012fvertinti. \u012eranga \u012fvertina, ar \u012fvairi\u0173 r\u016b\u0161i\u0173 pakuo\u010di\u0173 (plastikini\u0173, popierini\u0173, aliuminini\u0173 ir kt.) plombos yra pakankamai tvirtos, kad b\u016bt\u0173 i\u0161vengta nuot\u0117kio, galin\u010dio pakenkti produktui. \u0160is bandymas paprastai naudojamas maisto, vaist\u0173, medicinos prietais\u0173 ir plataus vartojimo preki\u0173 pakuo\u010di\u0173 med\u017eiagoms.<\/p>\n<p>Naudojant pa\u017eangi\u0105 bandymo technologij\u0105, sandarumo testeris padeda nustatyti silpnas ar nekokybi\u0161kas plombas, kol jos dar nepasiek\u0117 vartotoj\u0173, taip u\u017etikrinant auk\u0161t\u0105 gamini\u0173 kokyb\u0119 ir atitikt\u012f saugos standartams.<\/p>\n<h2><strong>ASTM D3078 standarto \"Sandarinimo vientisumo bandym\u0173 standartai\" ap\u017evalga<\/strong><\/h2>\n<h3><strong>Kas yra ASTM D3078?<\/strong><\/h3>\n<p><a href=\"https:\/\/www.qualitester.com\/lt\/produkto-kategorija-2\/astm\/astm-d3078\/\" target=\"_blank\" rel=\"noopener\"><strong>ASTM D3078<\/strong><\/a> yra ASTM International sukurtas standartinis bandymo metodas, skirtas sandari\u0173 pakuo\u010di\u0173 nesandarumui nustatyti. Taikant \u0161\u012f metod\u0105 pakuot\u0117je sukuriamas vakuumas ir stebima, ar n\u0117ra burbuliuk\u0173, rodan\u010di\u0173 nesandarum\u0105, taip u\u017etikrinant sandarumo vientisum\u0105. \u0160is bandymas ypa\u010d svarbus maisto ir farmacijos pramon\u0117je, kur pakuot\u0117s turi i\u0161likti vientisos, kad b\u016bt\u0173 i\u0161vengta u\u017eter\u0161imo ar gedimo.<\/p>\n<h3><strong>Bandymo metodas pagal ASTM D3078<\/strong><\/h3>\n<p>Svetain\u0117 <a href=\"https:\/\/www.astm.org\/d3078-02r21e01.html\" target=\"_blank\" rel=\"noopener nofollow\">ASTM D3078<\/a> standarte apra\u0161ytas procesas, kai pakuot\u0117 \u012fdedama \u012f vandens pripildyt\u0105 kamer\u0105. Kamera sandariai u\u017edaroma, o oras i\u0161siurbiamas, kol pasiekiamas nustatytas vakuumo lygis. Jei yra nuot\u0117kis, d\u0117l oro sl\u0117gio skirtumo \u012fkalintas oras i\u0161tr\u016bksta ir nuot\u0117kio vietoje susidaro matomi burbuliukai. \u0160is metodas yra veiksminga ir patikima priemon\u0117 net ma\u017eiausiems nuot\u0117kiams aptikti.<\/p>\n<h2><strong>Pagrindiniai bandym\u0173 metodai ir parametrai<\/strong><\/h2>\n<h3><strong>Testavimo procesas<\/strong><\/h3>\n<p>Sandarumo bandym\u0173 procesas atliekamas pagal ASTM D3078 standarte nurodyt\u0105 paprast\u0105 sek\u0105:<\/p>\n<ol>\n<li><strong>M\u0117ginio paruo\u0161imas:<\/strong> M\u0117ginio pakuot\u0117 \u012fdedama \u012f permatom\u0105, vandeniu pripildyt\u0105 kamer\u0105.<\/li>\n<li><strong>Vakuuminis naudojimas:<\/strong> Valdymo blokas i\u0161traukia or\u0105, kol pasiekiamas nustatytas vakuumo lygis.<\/li>\n<li><strong>Nuot\u0117kio aptikimas:<\/strong> Jei sandarumas pa\u017eeistas, nuot\u0117kio vietoje susidaro burbuliukai, rodantys, kad pakuot\u0117 sugedo.<\/li>\n<\/ol>\n<h3><strong>Pagrindiniai bandymo parametrai<\/strong><\/h3>\n<table>\n<tbody>\n<tr>\n<td style=\"text-align: center;\" width=\"122\">Bandym\u0173 diapazonas<\/td>\n<td style=\"text-align: center;\" width=\"229\">0 ~ 90 KPa<\/td>\n<\/tr>\n<tr>\n<td style=\"text-align: center;\" width=\"122\">R\u016bmai<\/td>\n<td style=\"text-align: center;\" width=\"229\">Akrilo cilindro forma<\/td>\n<\/tr>\n<tr>\n<td style=\"text-align: center;\" width=\"122\">Bandym\u0173 erdv\u0117<\/td>\n<td style=\"text-align: center;\" width=\"229\">\u03a6270*H210mm (vidin\u0117 naudojimo dalis)<\/td>\n<\/tr>\n<tr>\n<td style=\"text-align: center;\" width=\"122\">Susl\u0117gtas oras<\/td>\n<td style=\"text-align: center;\" width=\"229\">0,7 MPa (Parengta pagal naudotojo pageidavim\u0105)<\/td>\n<\/tr>\n<tr>\n<td style=\"text-align: center;\" width=\"122\">Maitinimas<\/td>\n<td style=\"text-align: center;\" width=\"229\">110 ~ 220 V 50\/60 Hz<\/td>\n<\/tr>\n<\/tbody>\n<\/table>\n<p>\u0160ie parametrai leid\u017eia naudotojui i\u0161bandyti \u012fvairias pakuo\u010di\u0173 med\u017eiagas ir dyd\u017eius, u\u017etikrinant lankstum\u0105 \u012fvairiose gamybos ir bandym\u0173 aplinkose.<\/p>\n<h2><strong>Technin\u0117s sandarinimo stiprumo bandymo \u012frangos savyb\u0117s<\/strong><\/h2>\n<h3><strong>PLC valdomas veikimas<\/strong><\/h3>\n<p>\u012erang\u0105 valdo PLC (programuojamasis loginis valdiklis), tod\u0117l u\u017etikrinami stabil\u016bs, pakartojami ir auk\u0161tos kokyb\u0117s bandym\u0173 rezultatai. Vartotojo s\u0105saja sukurta su HMI (\u017emogaus ir ma\u0161inos s\u0105saja) jutikliniu ekranu, u\u017etikrinan\u010diu intuityv\u0173 valdym\u0105 ir paprast\u0105 valdym\u0105.<\/p>\n<h3><strong>Efektyvi vakuumin\u0117 sistema<\/strong><\/h3>\n<p>Testavimo vienetas naudoja <strong>Venturi vamzdelis<\/strong> sukurti iki -90 KPa vakuum\u0105, tod\u0117l \u0161i sistema efektyviai naudoja energij\u0105. Tokio vakuumo lygio pakanka, kad b\u016bt\u0173 galima nustatyti net ir labai ma\u017eus nuot\u0117kius, tod\u0117l u\u017etikrinamas auk\u0161tos kokyb\u0117s bandymas nenaudojant papildomos \u012frangos.<\/p>\n<h3><strong>Vizualus nuot\u0117kio aptikimas<\/strong><\/h3>\n<p>Atliekant bandym\u0105 nuot\u0117kiui aptikti taikomas vizualinio steb\u0117jimo metodas. Esant nuot\u0117kiui, i\u0161 pakuot\u0117s i\u0161tekantis oras sudaro matomus burbuliukus vandens pripildytoje kameroje, tod\u0117l nuot\u0117k\u012f galima greitai nustatyti. \u012eranga pateikia kaupiamuosius rezultatus, tod\u0117l lengva \u012fvertinti kelis bandymus ir j\u0173 veiksmingum\u0105 laikui b\u0117gant.<\/p>\n<h3><strong>Parametr\u0173 i\u0161saugojimo funkcija<\/strong><\/h3>\n<p>Siekiant optimizuoti testavimo efektyvum\u0105, <strong>Sandarinimo stiprumo testeris<\/strong> yra parametr\u0173 i\u0161saugojimo funkcija, leid\u017eianti atlikti iki 5 skirting\u0173 bandym\u0173 nustatym\u0173. Tai leid\u017eia naudotojams i\u0161saugoti konkre\u010dius parametrus, pavyzd\u017eiui, vakuumo lyg\u012f ir bandymo trukm\u0119, kad b\u016bt\u0173 lengviau perjungti skirtingus m\u0117gini\u0173 tipus ir bandymo s\u0105lygas.<\/p>\n<h3><strong>Pritaikomos kameros ir papildomos funkcijos<\/strong><\/h3>\n<p>Bandymo kamera pagaminta i\u0161 auk\u0161tos kokyb\u0117s skaidraus akrilo, tod\u0117l galima ai\u0161kiai steb\u0117ti bandymo proces\u0105. Galima pasirinkti nestandartinius kameros dyd\u017eius ir formas, kad b\u016bt\u0173 galima i\u0161bandyti \u012fvairi\u0173 format\u0173 pakuotes. Prietaisas taip pat turi papildomas funkcijas, pvz:<\/p>\n<ul>\n<li><strong>Mikro spausdintuvas<\/strong> m\u0117gini\u0173 identifikavimui ir bandym\u0173 rezultat\u0173 dokumentavimui.<\/li>\n<li><strong>Kalbos pritaikymas<\/strong> tarptautin\u0117ms rinkoms, u\u017etikrinant, kad testeris b\u016bt\u0173 prieinamas \u012fvairi\u0173 region\u0173 naudotojams.<\/li>\n<li><strong>Vakuuminio siurblio integracija<\/strong> kad b\u016bt\u0173 galima pasiekti auk\u0161tesn\u012f vakuumo lyg\u012f, kai reikia atlikti sud\u0117tingesnius bandym\u0173 scenarijus.<\/li>\n<\/ul>\n<h2><strong>Sandarinimo stiprumo bandymo \u012frangos privalumai<\/strong><\/h2>\n<h3><strong>Kokyb\u0117s u\u017etikrinimas<\/strong><\/h3>\n<p>Sandarumo bandymai yra labai svarb\u016bs siekiant u\u017etikrinti, kad pakuot\u0117 atlaikyt\u0173 aplinkos poveik\u012f ir apsaugot\u0173 turin\u012f nuo pa\u017eeidim\u0173, u\u017eter\u0161imo ar sugadinimo. \u0160ie bandymai yra labai svarb\u016bs maisto, medicinos ir farmacijos pramon\u0117je, kur produkto sauga ir vientisumas yra svarbiausi.<\/p>\n<h3><strong>Pritaikymas<\/strong><\/h3>\n<p>\u012eranga gali b\u016bti pritaikyta \u012fvairi\u0173 tip\u0173 pakuot\u0117ms - nuo ma\u017e\u0173 mai\u0161eli\u0173 iki dideli\u0173 talpykl\u0173, tod\u0117l j\u0105 galima pritaikyti \u012fvairiose pramon\u0117s \u0161akose. Galimyb\u0117 i\u0161saugoti \u012fvairi\u0173 med\u017eiag\u0173 bandym\u0173 parametrus leid\u017eia \u012frang\u0105 pritaikyti \u012fvairiems bandym\u0173 scenarijams.<\/p>\n<h3><strong>Ekonomi\u0161kas ir efektyvus<\/strong><\/h3>\n<p>Lengvai naudojama s\u0105saja, automatin\u0117s funkcijos ir pritaikomi nustatymai. <strong>Sandarinimo stiprumo bandymo \u012franga<\/strong> leid\u017eia \u012fmon\u0117ms efektyviai atlikti bandymus nesuma\u017einant tikslumo. Galimyb\u0117 i\u0161saugoti bandym\u0173 nustatymus ir generuoti kaupiamuosius rezultatus optimizuoja darbo eig\u0105, suma\u017eina bandym\u0173 laik\u0105 ir s\u0105naudas.<\/p>\n<h2><strong>Atitinkami standartai: ASTM D3078 ir kiti standartai<\/strong><\/h2>\n<h3><strong>ASTM D3078<\/strong><\/h3>\n<p>\u0160is standartinis metodas pla\u010diai taikomas pramon\u0117s \u0161akose, kuriose pakuo\u010di\u0173 sandarumo vientisumas yra labai svarbus. Juo u\u017etikrinama, kad pakuot\u0117 atitikt\u0173 b\u016btinus eksploatacini\u0173 savybi\u0173 standartus, kad b\u016bt\u0173 i\u0161vengta nuot\u0117kio ir turinys b\u016bt\u0173 apsaugotas nuo i\u0161orinio u\u017eter\u0161imo.<\/p>\n<h3><strong>ASTM D4991<\/strong><\/h3>\n<p>ASTM D4991 yra kitas susij\u0119s standartas, skirtas sandari\u0173 pakuo\u010di\u0173 sandarumo bandymams naudojant kit\u0105 metod\u0105 (da\u017e\u0173 skverbimosi arba sl\u0117gio irimo). \u0160is standartas taip pat naudojamas kartu su ASTM D3078 i\u0161samiam pakuo\u010di\u0173 sandarumo bandymui.<\/p>\n<h2><strong>Kod\u0117l verta rinktis \u2019Cell Instruments\" sandarumo bandymo \u012frang\u0105?<\/strong><\/h2>\n<p>\"Cell Instruments\" yra patikimas vardas med\u017eiag\u0173 bandym\u0173 pramon\u0117je. Tur\u0117dami ilgamet\u0119 patirt\u012f pakuo\u010di\u0173 med\u017eiag\u0173 bandym\u0173 ir nestandartini\u0173 bandym\u0173 sprendim\u0173 srityje, si\u016blome didelio tikslumo \u012frang\u0105, sukurt\u0105 taip, kad atitikt\u0173 reiklius \u012fvairi\u0173 pramon\u0117s \u0161ak\u0173 poreikius. M\u016bs\u0173 <strong>Sandarinimo stiprumo bandymo \u012franga<\/strong> sukurtas taip, kad u\u017etikrint\u0173 patikimus, tikslius ir efektyvius rezultatus ir pad\u0117t\u0173 \u012fmon\u0117ms u\u017etikrinti pakuo\u010di\u0173 vientisum\u0105.<\/p>\n<p>M\u016bs\u0173 \u012franga, kuria galima lanks\u010diai i\u0161bandyti \u012fvairias pakavimo med\u017eiagas ir i\u0161saugoti kelias bandym\u0173 konfig\u016bracijas, skirta supaprastinti bandym\u0173 proces\u0105 ir pagerinti kokyb\u0117s kontrol\u0119.<\/p>\n<p>Pakuo\u010di\u0173 sandarumo u\u017etikrinimas yra labai svarbus siekiant i\u0161laikyti produkt\u0173 saug\u0105, kokyb\u0119 ir atitikt\u012f pramon\u0117s standartams. \u2019Cell Instruments\u2019 <strong>Sandarinimo stiprumo bandymo \u012franga<\/strong> si\u016blo veiksming\u0105, patikim\u0105 ir pritaikom\u0105 sprendim\u0105 \u012fmon\u0117ms, kurioms reikia didelio tikslumo nuot\u0117kio aptikimo. Nesvarbu, ar bandote maisto produkt\u0173 pakuotes, medicinos prietais\u0173 sandariklius, ar vaist\u0173 pakuotes, m\u016bs\u0173 \u012franga u\u017etikrina reikiam\u0105 tikslum\u0105 ir nuoseklum\u0105, kad j\u016bs\u0173 produktai pasiekt\u0173 rink\u0105 su auk\u0161\u010diausia kokybe.<\/p>\n<h2>DUK skyrius<\/h2>\n<ol>\n<li><strong>Koks yra ASTM D3078 sandarumo bandymo standartas?<\/strong>\n<ul>\n<li>ASTM D3078 yra standartinis bandymo metodas, skirtas sandari\u0173 pakuo\u010di\u0173 nesandarumui nustatyti taikant vakuum\u0105. Jis u\u017etikrina pakuot\u0117s vientisum\u0105, nes padeda nustatyti silpn\u0105 sandarum\u0105, d\u0117l kurio gali atsirasti tar\u0161a ar gedimas.<\/li>\n<\/ul>\n<\/li>\n<li><strong>Kaip veikia sandarumo bandymo \u012franga?<\/strong>\n<ul>\n<li>\u012eranga \u012fdeda m\u0117gin\u012f \u012f vandens pripildyt\u0105 kamer\u0105, sukuria vakuum\u0105 ir nustato nuot\u0117k\u012f steb\u0117dama, kaip kameroje susidaro burbuliukai, jei pa\u017eeistas sandarumas.<\/li>\n<\/ul>\n<\/li>\n<li><strong>Kokiose pramon\u0117s \u0161akose naudojami sandarumo bandymai?<\/strong>\n<ul>\n<li>Sandarumo bandymai yra labai svarb\u016bs tokiose pramon\u0117s \u0161akose kaip maisto produkt\u0173 pakuot\u0117s, farmacijos, medicinos prietaisai, kosmetika ir plataus vartojimo prek\u0117s, kur sandarumo vientisumas yra labai svarbus produkt\u0173 saugai.<\/li>\n<\/ul>\n<\/li>\n<li><strong>Ar \u0161ia \u012franga galima i\u0161bandyti \u012fvairias pakavimo med\u017eiagas?<\/strong>\n<ul>\n<li>Taip, \u0161i \u012franga yra universali, ja galima bandyti \u012fvairias pakavimo med\u017eiagas, \u012fskaitant plastik\u0105, popieri\u0173 ir aliumin\u012f, o kamer\u0173 dyd\u017eius ir vakuumo lygius galima keisti.<\/li>\n<\/ul>\n<\/li>\n<li><strong>Kokie yra pagrindiniai \u2019Cell Instruments\" sandarumo bandymo \u012frangos privalumai?<\/strong>\n<ul>\n<li>Pagrindiniai privalumai: didelis tikslumas, pritaikomos funkcijos, paprastas valdymas naudojant intuityvi\u0105 HMI s\u0105saj\u0105 ir galimyb\u0117 i\u0161saugoti bandym\u0173 parametrus skirtingiems pakuo\u010di\u0173 tipams.<\/li>\n<\/ul>\n<\/li>\n<\/ol>","protected":false},"excerpt":{"rendered":"<p>Pakuo\u010di\u0173 pramon\u0117je sandarumo i\u0161laikymas yra labai svarbus siekiant u\u017etikrinti produkt\u0173 saug\u0105 ir kokyb\u0119. Plomb\u0173 tvirtumo bandymo \u012franga skirta \u012fvertinti plombos geb\u0117jim\u0105 atlaikyti aplinkos s\u0105lygas, u\u017ekirsti keli\u0105 nuot\u0117kiui ir u\u017eter\u0161imui. \u0160ie bandymai yra b\u016btini tokiose pramon\u0117s \u0161akose kaip maisto produkt\u0173, vaist\u0173, medicinos prietais\u0173, kosmetikos ir daugelyje kit\u0173, kuriose pakuot\u0117s veikimas tiesiogiai veikia produkto kokyb\u0119 ir vartotoj\u0173 saug\u0105.<\/p>","protected":false},"featured_media":5988,"comment_status":"closed","ping_status":"closed","template":"","meta":{"site-sidebar-layout":"default","site-content-layout":"default","ast-global-header-display":"","ast-main-header-display":"","ast-hfb-above-header-display":"","ast-hfb-below-header-display":"","ast-hfb-mobile-header-display":"","site-post-title":"disabled","ast-breadcrumbs-content":"","ast-featured-img":"disabled","footer-sml-layout":"","theme-transparent-header-meta":"default","adv-header-id-meta":"","stick-header-meta":"","header-above-stick-meta":"","header-main-stick-meta":"","header-below-stick-meta":""},"product_cat":[845,675,17,149,16,105,135,95],"product_tag":[],"class_list":{"0":"post-2401","1":"product","2":"type-product","3":"status-publish","4":"has-post-thumbnail","6":"product_cat-customization","7":"product_cat-leak-tester","8":"product_cat-package-container-testers","9":"product_cat-pharma-and-medical-testers","10":"product_cat-plastic-packaging-testers","11":"product_cat-astm-d3078","12":"product_cat-astm-d4991","13":"product_cat-products","14":"desktop-align-left","15":"tablet-align-left","16":"mobile-align-left","18":"first","19":"instock","20":"shipping-taxable","21":"product-type-simple"},"_links":{"self":[{"href":"https:\/\/www.qualitester.com\/lt\/wp-json\/wp\/v2\/product\/2401","targetHints":{"allow":["GET"]}}],"collection":[{"href":"https:\/\/www.qualitester.com\/lt\/wp-json\/wp\/v2\/product"}],"about":[{"href":"https:\/\/www.qualitester.com\/lt\/wp-json\/wp\/v2\/types\/product"}],"replies":[{"embeddable":true,"href":"https:\/\/www.qualitester.com\/lt\/wp-json\/wp\/v2\/comments?post=2401"}],"version-history":[{"count":0,"href":"https:\/\/www.qualitester.com\/lt\/wp-json\/wp\/v2\/product\/2401\/revisions"}],"wp:featuredmedia":[{"embeddable":true,"href":"https:\/\/www.qualitester.com\/lt\/wp-json\/wp\/v2\/media\/5988"}],"wp:attachment":[{"href":"https:\/\/www.qualitester.com\/lt\/wp-json\/wp\/v2\/media?parent=2401"}],"wp:term":[{"taxonomy":"product_cat","embeddable":true,"href":"https:\/\/www.qualitester.com\/lt\/wp-json\/wp\/v2\/product_cat?post=2401"},{"taxonomy":"product_tag","embeddable":true,"href":"https:\/\/www.qualitester.com\/lt\/wp-json\/wp\/v2\/product_tag?post=2401"}],"curies":[{"name":"wp","href":"https:\/\/api.w.org\/{rel}","templated":true}]}}