{"id":2341,"date":"2023-06-01T13:41:52","date_gmt":"2023-06-01T05:41:52","guid":{"rendered":"https:\/\/www.qualitester.com\/?post_type=product&#038;p=2341"},"modified":"2024-11-20T13:13:13","modified_gmt":"2024-11-20T05:13:13","slug":"cof-01-conveyor-belt-friction-coefficient-detection-machine","status":"publish","type":"product","link":"https:\/\/www.qualitester.com\/lt\/produktas-2\/cof-01-conveyor-belt-friction-coefficient-detection-machine\/","title":{"rendered":"COF-01 konvejerio juostos trinties koeficiento nustatymo ma\u0161ina"},"content":{"rendered":"<div data-elementor-type=\"wp-post\" data-elementor-id=\"2341\" class=\"elementor elementor-2341\" data-elementor-post-type=\"product\">\n\t\t\t\t\t\t<section class=\"elementor-section elementor-top-section elementor-element elementor-element-3c6dd13 elementor-section-boxed elementor-section-height-default elementor-section-height-default\" data-id=\"3c6dd13\" data-element_type=\"section\">\n\t\t\t\t\t\t<div class=\"elementor-container elementor-column-gap-default\">\n\t\t\t\t\t<div class=\"elementor-column elementor-col-50 elementor-top-column elementor-element elementor-element-20957ab\" data-id=\"20957ab\" data-element_type=\"column\">\n\t\t\t<div class=\"elementor-widget-wrap elementor-element-populated\">\n\t\t\t\t\t\t<div class=\"elementor-element elementor-element-d9ef681 elementor-widget elementor-widget-image\" data-id=\"d9ef681\" data-element_type=\"widget\" data-widget_type=\"image.default\">\n\t\t\t\t<div class=\"elementor-widget-container\">\n\t\t\t\t\t\t\t\t\t\t\t\t\t<img fetchpriority=\"high\" decoding=\"async\" width=\"750\" height=\"750\" src=\"https:\/\/www.qualitester.com\/wp-content\/uploads\/2023\/04\/Coefficient-of-Friction-Tester-COF-01-1.jpg\" class=\"attachment-large size-large wp-image-1472\" alt=\"\" srcset=\"https:\/\/www.qualitester.com\/wp-content\/uploads\/2023\/04\/Coefficient-of-Friction-Tester-COF-01-1.jpg 750w, https:\/\/www.qualitester.com\/wp-content\/uploads\/2023\/04\/Coefficient-of-Friction-Tester-COF-01-1-300x300.jpg 300w, https:\/\/www.qualitester.com\/wp-content\/uploads\/2023\/04\/Coefficient-of-Friction-Tester-COF-01-1-100x100.jpg 100w, https:\/\/www.qualitester.com\/wp-content\/uploads\/2023\/04\/Coefficient-of-Friction-Tester-COF-01-1-600x600.jpg 600w, https:\/\/www.qualitester.com\/wp-content\/uploads\/2023\/04\/Coefficient-of-Friction-Tester-COF-01-1-150x150.jpg 150w\" sizes=\"(max-width: 750px) 100vw, 750px\" \/>\t\t\t\t\t\t\t\t\t\t\t\t\t<\/div>\n\t\t\t\t<\/div>\n\t\t\t\t\t<\/div>\n\t\t<\/div>\n\t\t\t\t<div class=\"elementor-column elementor-col-50 elementor-top-column elementor-element elementor-element-7a05e15\" data-id=\"7a05e15\" data-element_type=\"column\">\n\t\t\t<div class=\"elementor-widget-wrap elementor-element-populated\">\n\t\t\t\t\t\t<div class=\"elementor-element elementor-element-38ae7a1 elementor-widget elementor-widget-text-editor\" data-id=\"38ae7a1\" data-element_type=\"widget\" data-widget_type=\"text-editor.default\">\n\t\t\t\t<div class=\"elementor-widget-container\">\n\t\t\t\t\t\t\t<h6><strong>Pagrindin\u0117 informacija<\/strong><\/h6><p><em>Trinties koeficientas - tai trinties tarp dviej\u0173 pavir\u0161i\u0173 dydis. Ma\u017ea trinties koeficiento vert\u0117 rei\u0161kia, kad slydimui reikia ma\u017eesn\u0117s j\u0117gos. Didesn\u0117 vert\u0117 rei\u0161kia, kad reikia didesn\u0117s j\u0117gos. <\/em><br \/><em>COF skirsis priklausomai nuo med\u017eiag\u0173, kurios s\u0105veikauja tarpusavyje. Pakavimo pl\u0117vel\u0117s COF rei\u0161kia pakuot\u0117s med\u017eiagos slydimo lyg\u012f, kai ji s\u0105veikauja su skirtingomis pakavimo ma\u0161inos dalimis ar med\u017eiagomis. <\/em><br \/><em>COF kontrol\u0117 yra svarbi siekiant optimizuoti na\u0161um\u0105 ir i\u0161vengti problem\u0173 formuojant, transportuojant ir sand\u0117liuojant pakuotes. COF gali tur\u0117ti \u012ftakos keli veiksniai, \u012fskaitant antiblokavimo priedus, vainikin\u012f apdorojim\u0105, antistatus, da\u017eus, lakus, klijus.<\/em><\/p><h6><strong>Parai\u0161ka<\/strong><\/h6><p><em>Trinties koeficiento matuoklis COF-01 skirtas plastikini\u0173 pl\u0117veli\u0173, lak\u0161t\u0173, gumos, popieriaus, kartono, austini\u0173 ir neaustini\u0173 med\u017eiag\u0173, audini\u0173, metalo ir plastiko kompozit\u0173 juost\u0173, skirt\u0173 ry\u0161i\u0173 kabeliams, konvejeri\u0173 juost\u0173, medienos, dang\u0173, stabd\u017ei\u0173 trinkeli\u0173, priekinio stiklo valytuv\u0173, avalyn\u0117s med\u017eiag\u0173 ir padang\u0173 statiniams ir kinetiniams trinties koeficientams matuoti. Modifikavus j\u012f galima naudoti daugeliui kit\u0173 tip\u0173 med\u017eiag\u0173 ir bandym\u0173 standart\u0173.<\/em><\/p>\t\t\t\t\t\t<\/div>\n\t\t\t\t<\/div>\n\t\t\t\t\t<\/div>\n\t\t<\/div>\n\t\t\t\t\t<\/div>\n\t\t<\/section>\n\t\t\t\t<section class=\"elementor-section elementor-top-section elementor-element elementor-element-f2765f3 elementor-section-boxed elementor-section-height-default elementor-section-height-default\" data-id=\"f2765f3\" data-element_type=\"section\">\n\t\t\t\t\t\t<div class=\"elementor-container elementor-column-gap-default\">\n\t\t\t\t\t<div class=\"elementor-column elementor-col-50 elementor-top-column elementor-element elementor-element-61f4ef5\" data-id=\"61f4ef5\" data-element_type=\"column\">\n\t\t\t<div class=\"elementor-widget-wrap elementor-element-populated\">\n\t\t\t\t\t\t<div class=\"elementor-element elementor-element-5c727b4 elementor-widget elementor-widget-image\" data-id=\"5c727b4\" data-element_type=\"widget\" data-widget_type=\"image.default\">\n\t\t\t\t<div class=\"elementor-widget-container\">\n\t\t\t\t\t\t\t\t\t\t\t\t\t<img decoding=\"async\" width=\"750\" height=\"750\" src=\"https:\/\/www.qualitester.com\/wp-content\/uploads\/2023\/04\/COF-01-Coefficient-of-Friction-Tester.jpg\" class=\"attachment-large size-large wp-image-1474\" alt=\"\" srcset=\"https:\/\/www.qualitester.com\/wp-content\/uploads\/2023\/04\/COF-01-Coefficient-of-Friction-Tester.jpg 750w, https:\/\/www.qualitester.com\/wp-content\/uploads\/2023\/04\/COF-01-Coefficient-of-Friction-Tester-300x300.jpg 300w, https:\/\/www.qualitester.com\/wp-content\/uploads\/2023\/04\/COF-01-Coefficient-of-Friction-Tester-100x100.jpg 100w, https:\/\/www.qualitester.com\/wp-content\/uploads\/2023\/04\/COF-01-Coefficient-of-Friction-Tester-600x600.jpg 600w, https:\/\/www.qualitester.com\/wp-content\/uploads\/2023\/04\/COF-01-Coefficient-of-Friction-Tester-150x150.jpg 150w\" sizes=\"(max-width: 750px) 100vw, 750px\" \/>\t\t\t\t\t\t\t\t\t\t\t\t\t<\/div>\n\t\t\t\t<\/div>\n\t\t\t\t\t<\/div>\n\t\t<\/div>\n\t\t\t\t<div class=\"elementor-column elementor-col-50 elementor-top-column elementor-element elementor-element-f97400e\" data-id=\"f97400e\" data-element_type=\"column\">\n\t\t\t<div class=\"elementor-widget-wrap elementor-element-populated\">\n\t\t\t\t\t\t<div class=\"elementor-element elementor-element-fa99f8f elementor-widget elementor-widget-text-editor\" data-id=\"fa99f8f\" data-element_type=\"widget\" data-widget_type=\"text-editor.default\">\n\t\t\t\t<div class=\"elementor-widget-container\">\n\t\t\t\t\t\t\t<h6><strong>Technin\u0117s savyb\u0117s<\/strong><\/h6><p><em>COF-01 trinties koeficiento testeris padeda lanks\u010diajai pramonei nuo pat jo suk\u016brimo. Jame naudojamas PLC valdymas ir HMI (\u017emogaus ir ma\u0161inos s\u0105saja) jutiklinis ekranas. Pramonin\u0117s klas\u0117s konstrukcija u\u017etikrina jo stabilum\u0105 ir ilg\u0105 tarnavimo laik\u0105.<\/em><\/p><ul><li><em>Jame naudojami PLC valdymo \u012frenginiai ir HMI jutiklinis ekranas.<\/em><\/li><li><em>\u017dingsninis variklis ir tikslaus rutulinio sraigto varomasis mechanizmas.<\/em><\/li><li><em>Realiuoju laiku rodoma bandymo kreiv\u0117, maksimalus, minimalus ir vidutinis bandymo rezultat\u0173 automatinis \u012fra\u0161ymas.<\/em><\/li><li><em>I\u0161matuojamas statinis ir kinetinis trinties koeficientas.<\/em><\/li><li><em>Atitikimas keliems test\u0173 standartams.<\/em><\/li><li><em>\u012ediegtas ta\u0161kinio matricinio tipo mikrospausdintuvas.<\/em><\/li><li><em>Visas aliuminio bandomasis l\u0117ktuvas.<\/em><\/li><li><em>RS232 i\u0161vestis ir profesionali programin\u0117 \u012franga (pasirinktinai)<\/em><\/li><li><em>Palaikykite vietin\u0117s kalbos ekran\u0105<\/em><\/li><\/ul>\t\t\t\t\t\t<\/div>\n\t\t\t\t<\/div>\n\t\t\t\t\t<\/div>\n\t\t<\/div>\n\t\t\t\t\t<\/div>\n\t\t<\/section>\n\t\t\t\t<section class=\"elementor-section elementor-top-section elementor-element elementor-element-1ccdde6 elementor-section-boxed elementor-section-height-default elementor-section-height-default\" data-id=\"1ccdde6\" data-element_type=\"section\">\n\t\t\t\t\t\t<div class=\"elementor-container elementor-column-gap-default\">\n\t\t\t\t\t<div class=\"elementor-column elementor-col-50 elementor-top-column elementor-element elementor-element-649e46d\" data-id=\"649e46d\" data-element_type=\"column\">\n\t\t\t<div class=\"elementor-widget-wrap elementor-element-populated\">\n\t\t\t\t\t\t<div class=\"elementor-element elementor-element-351b82d elementor-widget elementor-widget-image\" data-id=\"351b82d\" data-element_type=\"widget\" data-widget_type=\"image.default\">\n\t\t\t\t<div class=\"elementor-widget-container\">\n\t\t\t\t\t\t\t\t\t\t\t\t\t<img decoding=\"async\" width=\"750\" height=\"750\" src=\"https:\/\/www.qualitester.com\/wp-content\/uploads\/2023\/04\/COF-01-Coefficient-of-Friction-Tester.jpg\" class=\"attachment-large size-large wp-image-1474\" alt=\"\" srcset=\"https:\/\/www.qualitester.com\/wp-content\/uploads\/2023\/04\/COF-01-Coefficient-of-Friction-Tester.jpg 750w, https:\/\/www.qualitester.com\/wp-content\/uploads\/2023\/04\/COF-01-Coefficient-of-Friction-Tester-300x300.jpg 300w, https:\/\/www.qualitester.com\/wp-content\/uploads\/2023\/04\/COF-01-Coefficient-of-Friction-Tester-100x100.jpg 100w, https:\/\/www.qualitester.com\/wp-content\/uploads\/2023\/04\/COF-01-Coefficient-of-Friction-Tester-600x600.jpg 600w, https:\/\/www.qualitester.com\/wp-content\/uploads\/2023\/04\/COF-01-Coefficient-of-Friction-Tester-150x150.jpg 150w\" sizes=\"(max-width: 750px) 100vw, 750px\" \/>\t\t\t\t\t\t\t\t\t\t\t\t\t<\/div>\n\t\t\t\t<\/div>\n\t\t\t\t\t<\/div>\n\t\t<\/div>\n\t\t\t\t<div class=\"elementor-column elementor-col-50 elementor-top-column elementor-element elementor-element-c4a7507\" data-id=\"c4a7507\" data-element_type=\"column\">\n\t\t\t<div class=\"elementor-widget-wrap elementor-element-populated\">\n\t\t\t\t\t\t<div class=\"elementor-element elementor-element-3d3b93a elementor-widget elementor-widget-text-editor\" data-id=\"3d3b93a\" data-element_type=\"widget\" data-widget_type=\"text-editor.default\">\n\t\t\t\t<div class=\"elementor-widget-container\">\n\t\t\t\t\t\t\t<h6><strong>Pagrindiniai parametrai<\/strong><\/h6><p><em>Apkrovos elementas 5 N (arba pagal poreik\u012f)<\/em><\/p><p><em>Tikslumas 0,5 F.S.<\/em><\/p><p><em>Rogut\u0117s 200 g (arba pagal poreik\u012f)<\/em><\/p><p><em>S\u0117dyni\u0173 dydis 63,5 mm * 63,5 mm (arba pagal poreik\u012f)<\/em><\/p><p><em>Bandymo greitis 100 mm\/min (ISO), 150 mm\/min (ASTM)<\/em><\/p><p><em>Dimensions 540mm(L)*380mm(W)*240mm(H)<\/em><\/p><p><em>Svoris NW 21 kg<\/em><\/p><p><em>Maitinimas 110-~220V 50\/60Hz\u00a0<\/em><\/p><h6><strong>Pagrindiniai standartai<\/strong><\/h6><p><em>ASTM D1894, ISO 8295, TAPPI T816, GB 10006 <\/em><\/p>\t\t\t\t\t\t<\/div>\n\t\t\t\t<\/div>\n\t\t\t\t\t<\/div>\n\t\t<\/div>\n\t\t\t\t\t<\/div>\n\t\t<\/section>\n\t\t\t\t<section class=\"elementor-section elementor-top-section elementor-element elementor-element-8809266 elementor-section-boxed elementor-section-height-default elementor-section-height-default\" data-id=\"8809266\" data-element_type=\"section\">\n\t\t\t\t\t\t<div class=\"elementor-container elementor-column-gap-default\">\n\t\t\t\t\t<div class=\"elementor-column elementor-col-100 elementor-top-column elementor-element elementor-element-1561530\" data-id=\"1561530\" data-element_type=\"column\">\n\t\t\t<div class=\"elementor-widget-wrap elementor-element-populated\">\n\t\t\t\t\t\t<div class=\"elementor-element elementor-element-f358ec6 elementor-widget elementor-widget-wpforms\" data-id=\"f358ec6\" data-element_type=\"widget\" data-widget_type=\"wpforms.default\">\n\t\t\t\t<div class=\"elementor-widget-container\">\n\t\t\t<div class=\"wpforms-container\" id=\"wpforms-11\"><form id=\"wpforms-form-11\" class=\"wpforms-validate wpforms-form wpforms-ajax-form\" data-formid=\"11\" method=\"post\" enctype=\"multipart\/form-data\" action=\"\/lt\/wp-json\/wp\/v2\/product\/2341\" data-token=\"e79a37c8e1278f1434d715431c5ed954\" data-trp-original-action=\"\/lt\/wp-json\/wp\/v2\/product\/2341\"><noscript class=\"wpforms-error-noscript\">Nor\u0117dami u\u017epildyti \u0161i\u0105 form\u0105, nar\u0161ykl\u0117je \u012fjunkite \"JavaScript\".<\/noscript><div class=\"wpforms-field-container\"><div id=\"wpforms-11-field_1-container\" class=\"wpforms-field wpforms-field-text\" data-field-id=\"1\"><label class=\"wpforms-field-label\" for=\"wpforms-11-field_1\">Pavadinimas <span class=\"wpforms-required-label\">*<\/span><\/label><input type=\"text\" id=\"wpforms-11-field_1\" class=\"wpforms-field-medium wpforms-field-required\" name=\"wpforms[fields][1]\" placeholder=\"Pavadinimas\" required><\/div><div id=\"wpforms-11-field_5-container\" class=\"wpforms-field wpforms-field-text\" data-field-id=\"5\"><label class=\"wpforms-field-label\" for=\"wpforms-11-field_5\">\u012emon\u0117<\/label><input type=\"text\" id=\"wpforms-11-field_5\" class=\"wpforms-field-medium\" name=\"wpforms[fields][5]\" ><\/div><div id=\"wpforms-11-field_4-container\" class=\"wpforms-field wpforms-field-number\" data-field-id=\"4\"><label class=\"wpforms-field-label\" for=\"wpforms-11-field_4\">Telefonas<\/label><input type=\"number\" pattern=\"\\d*\" id=\"wpforms-11-field_4\" class=\"wpforms-field-medium\" name=\"wpforms[fields][4]\" placeholder=\"Telefonas\" ><\/div><div id=\"wpforms-11-field_3-container\" class=\"wpforms-field wpforms-field-email\" data-field-id=\"3\"><label class=\"wpforms-field-label\" for=\"wpforms-11-field_3\">El. pa\u0161tas <span class=\"wpforms-required-label\">*<\/span><\/label><input type=\"email\" id=\"wpforms-11-field_3\" class=\"wpforms-field-medium wpforms-field-required\" name=\"wpforms[fields][3]\" placeholder=\"El. pa\u0161tas\" spellcheck=\"false\" required><\/div><div id=\"wpforms-11-field_2-container\" class=\"wpforms-field wpforms-field-textarea\" data-field-id=\"2\"><label class=\"wpforms-field-label\" for=\"wpforms-11-field_2\">\u017dinut\u0117<\/label><textarea id=\"wpforms-11-field_2\" class=\"wpforms-field-large\" name=\"wpforms[fields][2]\" ><\/textarea><\/div><\/div><!-- .wpforms-field-container --><input type=\"hidden\" name=\"wpforms[recaptcha]\" value=\"\"><div class=\"wpforms-submit-container\" ><input type=\"hidden\" name=\"wpforms[id]\" value=\"11\"><input type=\"hidden\" name=\"wpforms[author]\" value=\"3\"><button type=\"submit\" name=\"wpforms[submit]\" id=\"wpforms-submit-11\" class=\"wpforms-submit\" data-alt-text=\"Submitting\" data-submit-text=\"Submit\" aria-live=\"assertive\" value=\"wpforms-submit\">Pateikti<\/button><img decoding=\"async\" src=\"https:\/\/www.qualitester.com\/wp-content\/plugins\/wpforms-lite\/assets\/images\/submit-spin.svg\" class=\"wpforms-submit-spinner\" style=\"display: none;\" width=\"26\" height=\"26\" alt=\"Pakrovimas\"><\/div><input type=\"hidden\" name=\"trp-form-language\" value=\"lt\"\/><\/form><\/div>  <!-- .wpforms-container -->\t\t<\/div>\n\t\t\t\t<\/div>\n\t\t\t\t\t<\/div>\n\t\t<\/div>\n\t\t\t\t\t<\/div>\n\t\t<\/section>\n\t\t\t\t<\/div>","protected":false},"excerpt":{"rendered":"<p>Padidinkite pakavimo efektyvum\u0105 naudodami konvejerio juost\u0173 trinties koeficiento tester\u012f COF-01. Susipa\u017einkite su jo taikymo sritimis, technin\u0117mis savyb\u0117mis ir atitiktimi standartams, kad gal\u0117tum\u0117te atlikti tikslius med\u017eiag\u0173 bandymus. Optimizuokite procesus naudodami patikimus trinties koeficiento matavimus.<\/p>","protected":false},"featured_media":4012,"comment_status":"closed","ping_status":"closed","template":"","meta":{"site-sidebar-layout":"default","site-content-layout":"default","ast-global-header-display":"","ast-main-header-display":"","ast-hfb-above-header-display":"","ast-hfb-below-header-display":"","ast-hfb-mobile-header-display":"","site-post-title":"disabled","ast-breadcrumbs-content":"","ast-featured-img":"","footer-sml-layout":"","theme-transparent-header-meta":"default","adv-header-id-meta":"","stick-header-meta":"","header-above-stick-meta":"","header-main-stick-meta":"","header-below-stick-meta":""},"product_cat":[845,938,674,683,672,44,16,99,106,170,95],"product_tag":[37,405,1011,38,308,307,309,404],"class_list":{"0":"post-2341","1":"product","2":"type-product","3":"status-publish","4":"has-post-thumbnail","6":"product_cat-customization","7":"product_cat-textile-tester","8":"product_cat-test-items","9":"product_cat-coefficient-of-friction-tester","10":"product_cat-applied-materials","11":"product_cat-paper-and-board-testers","12":"product_cat-plastic-packaging-testers","13":"product_cat-astm","14":"product_cat-astm-d1894","15":"product_cat-iso-8295","16":"product_cat-products","17":"product_tag-coefficient-of-friction","18":"product_tag-conveyor-belt","19":"product_tag-conveyor-belt-coefficient-of-friction-coefficient-of-friction","20":"product_tag-friction","21":"product_tag-rubber","22":"product_tag-sheet","23":"product_tag-tappi-t816","24":"product_tag-transmission-belt","25":"desktop-align-left","26":"tablet-align-left","27":"mobile-align-left","29":"first","30":"instock","31":"shipping-taxable","32":"product-type-simple"},"_links":{"self":[{"href":"https:\/\/www.qualitester.com\/lt\/wp-json\/wp\/v2\/product\/2341","targetHints":{"allow":["GET"]}}],"collection":[{"href":"https:\/\/www.qualitester.com\/lt\/wp-json\/wp\/v2\/product"}],"about":[{"href":"https:\/\/www.qualitester.com\/lt\/wp-json\/wp\/v2\/types\/product"}],"replies":[{"embeddable":true,"href":"https:\/\/www.qualitester.com\/lt\/wp-json\/wp\/v2\/comments?post=2341"}],"version-history":[{"count":0,"href":"https:\/\/www.qualitester.com\/lt\/wp-json\/wp\/v2\/product\/2341\/revisions"}],"wp:featuredmedia":[{"embeddable":true,"href":"https:\/\/www.qualitester.com\/lt\/wp-json\/wp\/v2\/media\/4012"}],"wp:attachment":[{"href":"https:\/\/www.qualitester.com\/lt\/wp-json\/wp\/v2\/media?parent=2341"}],"wp:term":[{"taxonomy":"product_cat","embeddable":true,"href":"https:\/\/www.qualitester.com\/lt\/wp-json\/wp\/v2\/product_cat?post=2341"},{"taxonomy":"product_tag","embeddable":true,"href":"https:\/\/www.qualitester.com\/lt\/wp-json\/wp\/v2\/product_tag?post=2341"}],"curies":[{"name":"wp","href":"https:\/\/api.w.org\/{rel}","templated":true}]}}