{"id":2316,"date":"2023-05-31T11:09:30","date_gmt":"2023-05-31T03:09:30","guid":{"rendered":"https:\/\/www.qualitester.com\/?post_type=product&#038;p=2316"},"modified":"2024-12-05T15:56:17","modified_gmt":"2024-12-05T07:56:17","slug":"tst-01-tensile-tester","status":"publish","type":"product","link":"https:\/\/www.qualitester.com\/lt\/produktas-2\/tst-01-tensile-tester\/","title":{"rendered":"TST-01 tempimo testeris"},"content":{"rendered":"<p><img fetchpriority=\"high\" decoding=\"async\" src=\"https:\/\/www.qualitester.com\/wp-content\/uploads\/2023\/04\/Tensile-Tester-TST-01-Front-view-1.jpg\" sizes=\"(max-width: 750px) 100vw, 750px\" srcset=\"https:\/\/www.qualitester.com\/wp-content\/uploads\/2023\/04\/Tensile-Tester-TST-01-Front-view-1.jpg 750w, https:\/\/www.qualitester.com\/wp-content\/uploads\/2023\/04\/Tensile-Tester-TST-01-Front-view-1-300x300.jpg 300w, https:\/\/www.qualitester.com\/wp-content\/uploads\/2023\/04\/Tensile-Tester-TST-01-Front-view-1-150x150.jpg 150w, https:\/\/www.qualitester.com\/wp-content\/uploads\/2023\/04\/Tensile-Tester-TST-01-Front-view-1-600x600.jpg 600w, https:\/\/www.qualitester.com\/wp-content\/uploads\/2023\/04\/Tensile-Tester-TST-01-Front-view-1-100x100.jpg 100w\" alt=\"\" width=\"750\" height=\"750\" \/><\/p>\n<h6><strong>Parai\u0161ka<\/strong><\/h6>\n<p>\"TST-01Tensile Tester\" gali b\u016bti naudojamas plastikini\u0173 pl\u0117veli\u0173 (reikia skirting\u0173 spaustuv\u0173 ar laikikli\u0173), kompozicini\u0173 med\u017eiag\u0173, mink\u0161t\u0173 pakuo\u010di\u0173 med\u017eiag\u0173, plastikini\u0173 lanks\u010di\u0173 vamzdeli\u0173, klij\u0173, lipni\u0173 juost\u0173, etike\u010di\u0173 lipduk\u0173, medicinini\u0173 pleistr\u0173, atpalaiduojamojo popieriaus, apsaugini\u0173 pl\u0117veli\u0173, kombinuot\u0173 dangteli\u0173, aliuminio folijos, diafragmos, nugaros lak\u0161t\u0173, neaustini\u0173 med\u017eiag\u0173, gumos, popieriaus ir kt. tempimo, pl\u0117\u0161imo, deformacijos, pl\u0117\u0161imo, \u0161iluminio sandarinimo, klij\u0173, prad\u016brimo j\u0117gos, atidarymo j\u0117gos ir kitoms charakteristikoms matuoti.<\/p>\n<p><img decoding=\"async\" src=\"https:\/\/www.qualitester.com\/wp-content\/uploads\/2023\/04\/Tensile-Tester-TST-01-Right-view-1.jpg\" sizes=\"(max-width: 750px) 100vw, 750px\" srcset=\"https:\/\/www.qualitester.com\/wp-content\/uploads\/2023\/04\/Tensile-Tester-TST-01-Right-view-1.jpg 750w, https:\/\/www.qualitester.com\/wp-content\/uploads\/2023\/04\/Tensile-Tester-TST-01-Right-view-1-300x300.jpg 300w, https:\/\/www.qualitester.com\/wp-content\/uploads\/2023\/04\/Tensile-Tester-TST-01-Right-view-1-150x150.jpg 150w, https:\/\/www.qualitester.com\/wp-content\/uploads\/2023\/04\/Tensile-Tester-TST-01-Right-view-1-600x600.jpg 600w, https:\/\/www.qualitester.com\/wp-content\/uploads\/2023\/04\/Tensile-Tester-TST-01-Right-view-1-100x100.jpg 100w\" alt=\"\" width=\"750\" height=\"750\" \/><\/p>\n<h6><strong>Technin\u0117s savyb\u0117s<\/strong><\/h6>\n<p>Tai PLC valdomas \u012frenginys (pramoninio lygio stabilus) ir HMI jutiklinis ekranas. Precizinis rutulinio \u0161vino sraigto mechanizmas u\u017etikrina ger\u0105 ir stabil\u0173 grei\u010dio ir poslinkio valdym\u0105. Jo specialiai sukurta programa gali b\u016bti naudojama tr\u016bkimo, \u012ftempimo, pailg\u0117jimo, sandarumo, 90\u00b0 pl\u0117\u0161imo, 180\u00b0 pl\u0117\u0161imo, ply\u0161imo bandymams.<\/p>\n<ul>\n<li>7 coli\u0173 TFT jutiklinio ekrano valdymas<\/li>\n<li>PLC valdymas<\/li>\n<li>Precizinis rutulinis sraigtas<\/li>\n<li>Reguliuojamas bandymo greitis.<\/li>\n<li>Galimi keli \u012frenginiai<\/li>\n<li>Apribojimo \u012ftaisas ir automatinio gr\u012f\u017eimo funkcija<\/li>\n<li>Galimi keli testai.<\/li>\n<li>Mikroprinteris (pasirinktinai)<\/li>\n<\/ul>\n<p><img decoding=\"async\" src=\"https:\/\/www.qualitester.com\/wp-content\/uploads\/2023\/04\/Tensile-Tester-TST-01.jpg\" sizes=\"(max-width: 750px) 100vw, 750px\" srcset=\"https:\/\/www.qualitester.com\/wp-content\/uploads\/2023\/04\/Tensile-Tester-TST-01.jpg 750w, https:\/\/www.qualitester.com\/wp-content\/uploads\/2023\/04\/Tensile-Tester-TST-01-300x300.jpg 300w, https:\/\/www.qualitester.com\/wp-content\/uploads\/2023\/04\/Tensile-Tester-TST-01-150x150.jpg 150w, https:\/\/www.qualitester.com\/wp-content\/uploads\/2023\/04\/Tensile-Tester-TST-01-600x600.jpg 600w, https:\/\/www.qualitester.com\/wp-content\/uploads\/2023\/04\/Tensile-Tester-TST-01-100x100.jpg 100w\" alt=\"\" width=\"750\" height=\"750\" \/><\/p>\n<h6><strong>Pagrindiniai parametrai<\/strong><\/h6>\n<p>Bandymo diapazonas 0-500N (standartinis, 50N, 100N, 200N - pasirinktinai)<\/p>\n<p>St\u016bmimo eiga 800 mm (galima rinktis kitas eigas)<\/p>\n<p>Bandymo greitis 1 ~ 500 mm\/min<\/p>\n<p>Poslinkio tikslumas 0,01 mm<\/p>\n<p>Tikslumas 0,5% F.S.<\/p>\n<p>M\u0117ginio plotis 27 mm (kiti neprivalomi)<\/p>\n<p>Valdymo PLC ir \u017emogaus ir ma\u0161inos s\u0105saja<\/p>\n<p>Duomen\u0173 i\u0161vesties ekranas, mikroprinteris (pasirinktinai), RS232 (pasirinktinai)<\/p>\n<h6><strong>Pagrindiniai standartai<\/strong><\/h6>\n<p>ISO 37, ASTM D882, ASTM E4, ASTM D3330, ASTM F904, ASTM F88, ASTM D1938, JIS P8113<\/p>","protected":false},"excerpt":{"rendered":"<p>TST-01 gali b\u016bti naudojamas \u012fvairioms med\u017eiag\u0173 fizin\u0117ms ir mechanin\u0117ms savyb\u0117ms matuoti.<\/p>","protected":false},"featured_media":6313,"comment_status":"closed","ping_status":"closed","template":"","meta":{"site-sidebar-layout":"default","site-content-layout":"default","ast-global-header-display":"","ast-main-header-display":"","ast-hfb-above-header-display":"","ast-hfb-below-header-display":"","ast-hfb-mobile-header-display":"","site-post-title":"disabled","ast-breadcrumbs-content":"","ast-featured-img":"disabled","footer-sml-layout":"","theme-transparent-header-meta":"default","adv-header-id-meta":"","stick-header-meta":"","header-above-stick-meta":"","header-main-stick-meta":"","header-below-stick-meta":""},"product_cat":[945,944,933,845,934,965,954,958,938,674,681,682,680,679,672,673,17,44,149,16,99,122,126,110,139,145,146,100,161,95],"product_tag":[],"class_list":{"0":"post-2316","1":"product","2":"type-product","3":"status-publish","4":"has-post-thumbnail","6":"product_cat-180-peeling-tester","7":"product_cat-90-peeling-tester","8":"product_cat-ampoule-breaking-tester","9":"product_cat-customization","10":"product_cat-medical-packaging-tester","11":"product_cat-package-compression-tester","12":"product_cat-paper-tear-tester","13":"product_cat-puncture-tester","14":"product_cat-textile-tester","15":"product_cat-test-items","16":"product_cat-peel-tester","17":"product_cat-protrusion-tester","18":"product_cat-tear-tester","19":"product_cat-tensile-tester","20":"product_cat-applied-materials","21":"product_cat-adhesive-tester","22":"product_cat-package-container-testers","23":"product_cat-paper-and-board-testers","24":"product_cat-pharma-and-medical-testers","25":"product_cat-plastic-packaging-testers","26":"product_cat-astm","27":"product_cat-astm-d1938","28":"product_cat-astm-d3330","29":"product_cat-astm-d882","30":"product_cat-astm-e4","31":"product_cat-astm-f88","32":"product_cat-astm-f904","33":"product_cat-iso","34":"product_cat-iso-37","35":"product_cat-products","36":"desktop-align-left","37":"tablet-align-left","38":"mobile-align-left","40":"first","41":"instock","42":"shipping-taxable","43":"product-type-simple"},"_links":{"self":[{"href":"https:\/\/www.qualitester.com\/lt\/wp-json\/wp\/v2\/product\/2316","targetHints":{"allow":["GET"]}}],"collection":[{"href":"https:\/\/www.qualitester.com\/lt\/wp-json\/wp\/v2\/product"}],"about":[{"href":"https:\/\/www.qualitester.com\/lt\/wp-json\/wp\/v2\/types\/product"}],"replies":[{"embeddable":true,"href":"https:\/\/www.qualitester.com\/lt\/wp-json\/wp\/v2\/comments?post=2316"}],"version-history":[{"count":0,"href":"https:\/\/www.qualitester.com\/lt\/wp-json\/wp\/v2\/product\/2316\/revisions"}],"wp:featuredmedia":[{"embeddable":true,"href":"https:\/\/www.qualitester.com\/lt\/wp-json\/wp\/v2\/media\/6313"}],"wp:attachment":[{"href":"https:\/\/www.qualitester.com\/lt\/wp-json\/wp\/v2\/media?parent=2316"}],"wp:term":[{"taxonomy":"product_cat","embeddable":true,"href":"https:\/\/www.qualitester.com\/lt\/wp-json\/wp\/v2\/product_cat?post=2316"},{"taxonomy":"product_tag","embeddable":true,"href":"https:\/\/www.qualitester.com\/lt\/wp-json\/wp\/v2\/product_tag?post=2316"}],"curies":[{"name":"wp","href":"https:\/\/api.w.org\/{rel}","templated":true}]}}