{"id":2268,"date":"2023-05-18T10:57:00","date_gmt":"2023-05-18T02:57:00","guid":{"rendered":"https:\/\/www.qualitester.com\/?post_type=product&#038;p=2268"},"modified":"2025-04-08T16:16:55","modified_gmt":"2025-04-08T08:16:55","slug":"lt-01-leak-tester","status":"publish","type":"product","link":"https:\/\/www.qualitester.com\/lt\/produktas-2\/lt-01-leak-tester\/","title":{"rendered":"LT-01 nuot\u0117kio testeris"},"content":{"rendered":"<h2 data-start=\"1173\" data-end=\"1228\"><strong data-start=\"1173\" data-end=\"1228\">Supratimas apie pakuo\u010di\u0173 vakuuminio nuot\u0117kio tester\u012f\u00a0<\/strong><\/h2>\n<p class=\"\" data-start=\"1230\" data-end=\"1607\">Svetain\u0117 <strong data-start=\"1234\" data-end=\"1271\">vakuuminis pakuo\u010di\u0173 sandarumo testeris <\/strong>skirtas sandari\u0173 lanks\u010di\u0173 pakuo\u010di\u0173 nesandarumui aptikti, stebint oro ar duj\u0173 i\u0161siskyrim\u0105, kai sukuriamas vakuumas. \u0160is metodas remiasi <strong data-start=\"1410\" data-end=\"1435\">sl\u0117gi\u0173 skirtumas<\/strong>, kai sl\u0117gis pakuot\u0117s viduje skiriasi nuo vakuumin\u0117s aplinkos kameroje. Jei yra nuot\u0117kis, oras arba produkto garai i\u0161siskiria kaip matomas burbuliuk\u0173 srautas.<\/p>\n<p class=\"\" data-start=\"1609\" data-end=\"1973\">\u2019Cell Instruments\u2019 <strong data-start=\"1627\" data-end=\"1648\">LT-01 nuot\u0117kio testeris<\/strong> si\u016blo patikim\u0105 ir ekonomi\u0161k\u0105 \u0161ios proced\u016bros atlikimo b\u016bd\u0105. Jis naudoja <strong data-start=\"1728\" data-end=\"1744\">Venturi vamzdelis<\/strong> sukurti iki -90 kPa vakuum\u0105, tod\u0117l galima u\u017etikrinti stabilias ir reguliuojamas vakuumo s\u0105lygas be elektros energijos \u0161altinio. Jis taip pat u\u017etikrina <strong data-start=\"1897\" data-end=\"1929\">pritaikoma akrilo kamera<\/strong> kad tikt\u0173 \u012fvairi\u0173 dyd\u017ei\u0173 ir form\u0173 pakuot\u0117ms.<\/p>\n<div class=\"ast-oembed-container\" style=\"height: 100%;\"><iframe title=\"Trij\u0173 modeli\u0173 &quot;Cell INSTRUMENTS&quot; vakuuminis sandarumo testeris\" width=\"500\" height=\"281\" src=\"https:\/\/www.youtube.com\/embed\/UcL0JjOEm04?feature=oembed\" frameborder=\"0\" allow=\"accelerometer; autoplay; clipboard-write; encrypted-media; gyroscope; picture-in-picture; web-share\" referrerpolicy=\"strict-origin-when-cross-origin\" allowfullscreen><\/iframe><\/div>\n<hr class=\"\" data-start=\"1975\" data-end=\"1978\" \/>\n<h2 data-start=\"1980\" data-end=\"2027\"><strong data-start=\"1980\" data-end=\"2027\">ASTM vakuuminio nuot\u0117kio bandymo metodas ir atitiktis<\/strong><\/h2>\n<p class=\"\" data-start=\"2029\" data-end=\"2304\">Siekiant u\u017etikrinti nuoseklius ir tikslius rezultatus, vakuuminis sandarumo testeris tur\u0117t\u0173 atitikti <strong data-start=\"2118\" data-end=\"2143\">ASTM vakuuminio nuot\u0117kio bandymas<\/strong> metod\u0105, apra\u0161yt\u0105 <a href=\"https:\/\/www.qualitester.com\/lt\/standards\/astm-d3078\/\" target=\"_blank\" rel=\"noopener\"><strong data-start=\"2163\" data-end=\"2177\">ASTM D3078<\/strong><\/a>. \u0160iame tarptautiniame standarte apibr\u0117\u017eiama, kaip atlikti nuot\u0117kio aptikim\u0105 naudojant <strong data-start=\"2253\" data-end=\"2280\">burbul\u0173 emisijos bandymas<\/strong> lanks\u010dioms pakuot\u0117ms.<\/p>\n<p class=\"\" data-start=\"2306\" data-end=\"2364\">Pagal <strong data-start=\"2319\" data-end=\"2333\">ASTM D3078<\/strong>, \u0161tai kaip vyksta \u0161is procesas:<\/p>\n<ul data-start=\"2366\" data-end=\"2855\">\n<li class=\"\" data-start=\"2366\" data-end=\"2442\">\n<p class=\"\" data-start=\"2368\" data-end=\"2442\">Pakuot\u0117 panardinama \u012f vanden\u012f viduje <strong data-start=\"2411\" data-end=\"2441\">skaidri vakuumin\u0117 kamera<\/strong>.<\/p>\n<\/li>\n<li class=\"\" data-start=\"2443\" data-end=\"2547\">\n<p class=\"\" data-start=\"2445\" data-end=\"2547\">\u012erengiamas vakuumas, kuris paprastai didinamas 1 in Hg\/sek, kol pasiekiamas norimas lygis.<\/p>\n<\/li>\n<li class=\"\" data-start=\"2548\" data-end=\"2630\">\n<p class=\"\" data-start=\"2550\" data-end=\"2630\">Ma\u017e\u0117jant sl\u0117giui, <strong data-start=\"2573\" data-end=\"2629\">bet koks nuot\u0117kis pasirei\u0161kia nuolatiniu burbuliuk\u0173 srautu.<\/strong>.<\/p>\n<\/li>\n<li class=\"\" data-start=\"2631\" data-end=\"2755\">\n<p class=\"\" data-start=\"2633\" data-end=\"2755\">Vakuumas palaikomas tam tikr\u0105 laik\u0105 (paprastai 30 sekund\u017ei\u0173), o po to patikrinama, ar \u012f pakuot\u0119 nepateko bandomojo skys\u010dio.<\/p>\n<\/li>\n<li class=\"\" data-start=\"2756\" data-end=\"2855\">\n<p class=\"\" data-start=\"2758\" data-end=\"2855\">Pakuot\u0117s, i\u0161 kuri\u0173 i\u0161siskiria burbuliukai arba yra vidinio skys\u010dio u\u017eter\u0161tumo po\u017eymi\u0173, laikomos sugedusiomis.<\/p>\n<\/li>\n<\/ul>\n<p class=\"\" data-start=\"2857\" data-end=\"3010\">\u0160is metodas veiksmingas nustatant kiaurymes, silpnus sandariklius ar netinkamus u\u017edarymus, d\u0117l kuri\u0173 \u012f pakuot\u0119 gali patekti oro, dr\u0117gm\u0117s ar ter\u0161al\u0173.<\/p>\n<hr class=\"\" data-start=\"3012\" data-end=\"3015\" \/>\n<h2 data-start=\"3017\" data-end=\"3061\"><strong data-start=\"3017\" data-end=\"3061\">Pagrindin\u0117s LT-01 vakuuminio nuot\u0117kio testerio savyb\u0117s<\/strong><\/h2>\n<p class=\"\" data-start=\"3063\" data-end=\"3232\">Svetain\u0117 <strong data-start=\"3067\" data-end=\"3088\">LT-01 nuot\u0117kio testeris<\/strong> \"Cell Instruments\" sukurtas taip, kad supaprastint\u0173 nuot\u0117kio aptikim\u0105 ir kartu u\u017etikrint\u0173 <strong data-start=\"3166\" data-end=\"3194\">tikslumas ir ilgaam\u017ei\u0161kumas<\/strong>. Toliau pateikiamos kelios pagrindin\u0117s funkcijos:<\/p>\n<ul data-start=\"3234\" data-end=\"3668\">\n<li class=\"\" data-start=\"3234\" data-end=\"3310\">\n<p class=\"\" data-start=\"3236\" data-end=\"3310\"><strong data-start=\"3236\" data-end=\"3252\">Rankinis modelis<\/strong>: Sukurtas paprastoms ir pigioms bandym\u0173 operacijoms.<\/p>\n<\/li>\n<li class=\"\" data-start=\"3311\" data-end=\"3374\">\n<p class=\"\" data-start=\"3313\" data-end=\"3374\"><strong data-start=\"3313\" data-end=\"3329\">Vakuumo diapazonas<\/strong>: 0-90 kPa, reguliuojama oro reguliatoriumi.<\/p>\n<\/li>\n<li class=\"\" data-start=\"3375\" data-end=\"3470\">\n<p class=\"\" data-start=\"3377\" data-end=\"3470\"><strong data-start=\"3377\" data-end=\"3410\">Vakuumo k\u016brimas Venturi metodu<\/strong>: Nereikia elektros energijos, naudojamas suspaustas oras.<\/p>\n<\/li>\n<li class=\"\" data-start=\"3471\" data-end=\"3553\">\n<p class=\"\" data-start=\"3473\" data-end=\"3553\"><strong data-start=\"3473\" data-end=\"3503\">Stipri skaidri kamera<\/strong>: Lengva vizualin\u0117 steb\u0117sena ir patvari konstrukcija.<\/p>\n<\/li>\n<li class=\"\" data-start=\"3554\" data-end=\"3668\">\n<p class=\"\" data-start=\"3556\" data-end=\"3668\"><strong data-start=\"3556\" data-end=\"3580\">Individual\u016bs kamer\u0173 dyd\u017eiai<\/strong>: Galima rinktis cilindro arba kubo formos, kad tilpt\u0173 \u012fvairi\u0173 tip\u0173 pakuot\u0117s.<\/p>\n<\/li>\n<\/ul>\n<p class=\"\" data-start=\"3670\" data-end=\"3829\">Be to, LT-01 galima patobulinti <strong data-start=\"3713\" data-end=\"3728\">vakuuminis siurblys<\/strong> kad atitikt\u0173 grie\u017etesnius bandym\u0173 metodus, pvz. <strong data-start=\"3770\" data-end=\"3784\">ASTM D4991<\/strong>, dar labiau i\u0161pl\u0117t\u0117 savo bandym\u0173 galimybes.<\/p>\n<hr class=\"\" data-start=\"4580\" data-end=\"4583\" \/>\n<h2 data-start=\"4585\" data-end=\"4637\"><strong data-start=\"4585\" data-end=\"4637\">Vakuuminio nuot\u0117kio testerio taikymas <\/strong><strong data-start=\"1173\" data-end=\"1228\">Konteineriai<\/strong><\/h2>\n<p class=\"\" data-start=\"4639\" data-end=\"4730\">Svetain\u0117 <strong data-start=\"4643\" data-end=\"4679\">c vakuuminis nuot\u0117kio testeris<\/strong><strong data-start=\"1173\" data-end=\"1228\">nterjeros <\/strong>pla\u010diai naudojamas \u012fvairiose pramon\u0117s \u0161akose, pvz:<\/p>\n<ul data-start=\"4732\" data-end=\"5065\">\n<li class=\"\" data-start=\"4732\" data-end=\"4823\">\n<p class=\"\" data-start=\"4734\" data-end=\"4823\"><strong data-start=\"4734\" data-end=\"4753\">Maistas ir g\u0117rimai<\/strong>: Patikrinti, ar sandariai u\u017edaryti mai\u0161eliai, paketai ir lanks\u010dios pl\u0117vel\u0117s.<\/p>\n<\/li>\n<li class=\"\" data-start=\"4824\" data-end=\"4902\">\n<p class=\"\" data-start=\"4826\" data-end=\"4902\"><strong data-start=\"4826\" data-end=\"4845\">Farmacijos produktai<\/strong>: U\u017etikrinti, kad sterilios barjerin\u0117s sistemos i\u0161likt\u0173 nepa\u017eeistos.<\/p>\n<\/li>\n<li class=\"\" data-start=\"4903\" data-end=\"4983\">\n<p class=\"\" data-start=\"4905\" data-end=\"4983\"><strong data-start=\"4905\" data-end=\"4924\">Medicinos prietaisai<\/strong>: Aptikti nuot\u0117kius steriliose pakuot\u0117se ir komponent\u0173 pakuot\u0117se.<\/p>\n<\/li>\n<li class=\"\" data-start=\"4984\" data-end=\"5065\">\n<p class=\"\" data-start=\"4986\" data-end=\"5065\"><strong data-start=\"4986\" data-end=\"5013\">Elektronika ir chemikalai<\/strong>: Dr\u0117gm\u0117s ir gar\u0173 barjero savyb\u0117ms palaikyti.<\/p>\n<\/li>\n<\/ul>\n<p class=\"\" data-start=\"5067\" data-end=\"5190\">Patikimas nuot\u0117kio aptikimas yra labai svarbus <strong data-start=\"5108\" data-end=\"5154\">produkt\u0173 at\u0161aukimo prevencija, atliek\u0173 ma\u017einimas.<\/strong>, ir stiprinti <strong data-start=\"5170\" data-end=\"5189\">vartotoj\u0173 sauga<\/strong>.<\/p>\n<hr class=\"\" data-start=\"3831\" data-end=\"3834\" \/>\n<h2 data-start=\"3836\" data-end=\"3896\"><strong data-start=\"3836\" data-end=\"3896\">Kod\u0117l verta rinktis \"Cell Instruments\" vakuuminio nuot\u0117kio tester\u012f<\/strong><\/h2>\n<p class=\"\" data-start=\"3898\" data-end=\"4002\">Pasirinkti <strong data-start=\"3909\" data-end=\"3934\">vakuuminio nuot\u0117kio testeris<\/strong> i\u0161 \"Cell Instruments\" suteikia daugiau privalum\u0173 nei standartinis atitikimas:<\/p>\n<ul data-start=\"4004\" data-end=\"4429\">\n<li class=\"\" data-start=\"4004\" data-end=\"4093\">\n<p class=\"\" data-start=\"4006\" data-end=\"4093\"><strong data-start=\"4006\" data-end=\"4032\">Pritaikomi sprendimai<\/strong>: \u012evairiems pakavimo formatams pritaikytos kameros ir s\u0105rankos.<\/p>\n<\/li>\n<li class=\"\" data-start=\"4094\" data-end=\"4204\">\n<p class=\"\" data-start=\"4096\" data-end=\"4204\"><strong data-start=\"4096\" data-end=\"4130\">Keli\u0173 standart\u0173 palaikymas<\/strong>: Be to. <a href=\"https:\/\/www.astm.org\/d3078-02r21e01.html\" target=\"_blank\" rel=\"noopener nofollow\">ASTM D3078<\/a>, \u012frenginius galima pritaikyti <a href=\"https:\/\/www.astm.org\/d4991-07r15.html\" target=\"_blank\" rel=\"noopener nofollow\">ASTM D4991<\/a> ir dar daugiau.<\/p>\n<\/li>\n<li class=\"\" data-start=\"4205\" data-end=\"4330\">\n<p class=\"\" data-start=\"4207\" data-end=\"4330\"><strong data-start=\"4207\" data-end=\"4229\">Pramon\u0117s patirtis<\/strong>: \u012erodyta patirtis <strong data-start=\"4252\" data-end=\"4329\">medicinini\u0173, maisto, farmacijos, klij\u0173 ir elektronini\u0173 pakuo\u010di\u0173 bandymai.<\/strong>.<\/p>\n<\/li>\n<li class=\"\" data-start=\"4331\" data-end=\"4429\">\n<p class=\"\" data-start=\"4333\" data-end=\"4429\"><strong data-start=\"4333\" data-end=\"4360\">Nereikia elektros energijos<\/strong>: Aplinkosauginiu po\u017ei\u016briu s\u0105moningas ir saugesnis \u012fvairiose gamybos srityse.<\/p>\n<\/li>\n<\/ul>\n<p class=\"\" data-start=\"4431\" data-end=\"4578\">D\u0117l \u0161i\u0173 privalum\u0173 LT-01 yra puikus pasirinkimas \u012fmon\u0117ms, norin\u010dioms pagerinti <strong data-start=\"4514\" data-end=\"4543\">pakuo\u010di\u0173 kokyb\u0117s u\u017etikrinimas<\/strong> ir susitikti <strong data-start=\"4553\" data-end=\"4577\">reguliavimo standartai<\/strong>.<\/p>","protected":false},"excerpt":{"rendered":"<p class=\"\" data-start=\"473\" data-end=\"983\">Pakuo\u010di\u0173 vientisumo u\u017etikrinimas yra labai svarbus siekiant i\u0161laikyti produkt\u0173 saug\u0105, prailginti j\u0173 galiojimo laik\u0105 ir laikytis tarptautini\u0173 standart\u0173. Viena i\u0161 veiksmingiausi\u0173 ir pla\u010diausiai taikom\u0173 priemoni\u0173 \u0161iam tikslui yra <strong data-start=\"694\" data-end=\"730\">vakuuminis pakuo\u010di\u0173 sandarumo testeris<\/strong>. Naudojamas tokiose pramon\u0117s \u0161akose kaip maisto, medicinos, farmacijos, elektronikos ir kokyb\u0117s kontrol\u0117s, \u0161is bandymo prietaisas \u012fvertina lanks\u010di\u0173 pakuo\u010di\u0173 sandarum\u0105 ir sandarum\u0105, kad b\u016bt\u0173 galima aptikti bet kokius galimus nuot\u0117kius, galin\u010dius pakenkti produkto kokybei.<\/p>\n<p class=\"\" data-start=\"985\" data-end=\"1166\">Panagrin\u0117kime, kaip \u0161i priemon\u0117 veikia, kaip ji susijusi su pasauliniais standartais, pvz. <strong data-start=\"1068\" data-end=\"1082\">ASTM D3078<\/strong>, ir kod\u0117l \u2019Cell Instruments\" LT-01 modelis yra idealus sprendimas j\u016bs\u0173 bandym\u0173 poreikiams.<\/p>","protected":false},"featured_media":5980,"comment_status":"closed","ping_status":"closed","template":"","meta":{"site-sidebar-layout":"default","site-content-layout":"default","ast-global-header-display":"","ast-main-header-display":"","ast-hfb-above-header-display":"","ast-hfb-below-header-display":"","ast-hfb-mobile-header-display":"","site-post-title":"disabled","ast-breadcrumbs-content":"","ast-featured-img":"disabled","footer-sml-layout":"","theme-transparent-header-meta":"default","adv-header-id-meta":"","stick-header-meta":"","header-above-stick-meta":"","header-main-stick-meta":"","header-below-stick-meta":""},"product_cat":[845,675,17,149,16,105,135,95],"product_tag":[],"class_list":{"0":"post-2268","1":"product","2":"type-product","3":"status-publish","4":"has-post-thumbnail","6":"product_cat-customization","7":"product_cat-leak-tester","8":"product_cat-package-container-testers","9":"product_cat-pharma-and-medical-testers","10":"product_cat-plastic-packaging-testers","11":"product_cat-astm-d3078","12":"product_cat-astm-d4991","13":"product_cat-products","14":"desktop-align-left","15":"tablet-align-left","16":"mobile-align-left","18":"first","19":"instock","20":"shipping-taxable","21":"product-type-simple"},"_links":{"self":[{"href":"https:\/\/www.qualitester.com\/lt\/wp-json\/wp\/v2\/product\/2268","targetHints":{"allow":["GET"]}}],"collection":[{"href":"https:\/\/www.qualitester.com\/lt\/wp-json\/wp\/v2\/product"}],"about":[{"href":"https:\/\/www.qualitester.com\/lt\/wp-json\/wp\/v2\/types\/product"}],"replies":[{"embeddable":true,"href":"https:\/\/www.qualitester.com\/lt\/wp-json\/wp\/v2\/comments?post=2268"}],"version-history":[{"count":0,"href":"https:\/\/www.qualitester.com\/lt\/wp-json\/wp\/v2\/product\/2268\/revisions"}],"wp:featuredmedia":[{"embeddable":true,"href":"https:\/\/www.qualitester.com\/lt\/wp-json\/wp\/v2\/media\/5980"}],"wp:attachment":[{"href":"https:\/\/www.qualitester.com\/lt\/wp-json\/wp\/v2\/media?parent=2268"}],"wp:term":[{"taxonomy":"product_cat","embeddable":true,"href":"https:\/\/www.qualitester.com\/lt\/wp-json\/wp\/v2\/product_cat?post=2268"},{"taxonomy":"product_tag","embeddable":true,"href":"https:\/\/www.qualitester.com\/lt\/wp-json\/wp\/v2\/product_tag?post=2268"}],"curies":[{"name":"wp","href":"https:\/\/api.w.org\/{rel}","templated":true}]}}