{"id":1827,"date":"2023-04-27T09:11:59","date_gmt":"2023-04-27T01:11:59","guid":{"rendered":"https:\/\/www.qualitester.com\/?post_type=product&#038;p=1827"},"modified":"2024-12-04T11:43:39","modified_gmt":"2024-12-04T03:43:39","slug":"torque-tester-tt-01","status":"publish","type":"product","link":"https:\/\/www.qualitester.com\/lt\/produktas-2\/torque-tester-tt-01\/","title":{"rendered":"TT-01 sukimo momento testeris"},"content":{"rendered":"<h2>\u012evadas \u012f dangtelio sukimo momento bandym\u0105<\/h2>\n<p>Dangteli\u0173 sukimo momento bandymas yra labai svarbus siekiant u\u017etikrinti, kad buteli\u0173, talpykl\u0173 ir kit\u0173 pakuo\u010di\u0173 dangteliai b\u016bt\u0173 tinkamai suprojektuoti saugiam ir veiksmingam naudojimui. Nesvarbu, ar tai farmacijos, maisto, g\u0117rim\u0173, ar plataus vartojimo preki\u0173 pakuot\u0117, dangteliams atidaryti ir u\u017edaryti reikalingas sukimo momentas turi tiesiogin\u0117s \u012ftakos vartotoj\u0173 patogumui ir produkt\u0173 saugai. . <strong>Dangtelio sukimo momento testeris<\/strong> suteikia gamintojams tikslius matavimus, b\u016btinus norint laikytis reguliavimo standart\u0173 ir pagerinti pakuo\u010di\u0173 funkcionalum\u0105.<\/p>\n<h2>Pagrindiniai standartai: ASTM D2063, ASTM D3198, ASTM D3474<\/h2>\n<h3><a href=\"https:\/\/www.astm.org\/d2063_d2063m-10r18.html\" target=\"_blank\" rel=\"noopener nofollow\">ASTM D2063<\/a>: Standartinis bandymo metodas, taikomas sukimo momentui, reikalingam vaikams atsparioms pakuot\u0117ms atidaryti ir u\u017edaryti, nustatyti<\/h3>\n<p><a href=\"https:\/\/www.qualitester.com\/lt\/produkto-kategorija-2\/astm\/astm-d2063\/\" target=\"_blank\" rel=\"noopener\"><strong>ASTM D2063<\/strong><\/a> apra\u0161omas bandymo metodas, skirtas nustatyti sukimo momentui, reikalingam vaikams atsparioms pakuot\u0117ms atidaryti ir u\u017edaryti, siekiant u\u017etikrinti vaist\u0173 ir chemini\u0173 med\u017eiag\u0173 pakuo\u010di\u0173 saugum\u0105. \u0160is standartas ypa\u010d svarbus pakuot\u0117ms, kurios turi b\u016bti apsaugotos nuo nety\u010dinio vaik\u0173 patekimo. . <strong>Dangtelio sukimo momento testeris<\/strong> matuoja ir atidarymo, ir u\u017edarymo sukimo moment\u0105, tod\u0117l gamintojams labai svarbu laikytis vaikams atsparios pakuot\u0117s taisykli\u0173.<\/p>\n<h3><a href=\"https:\/\/www.astm.org\/d3198-97r02.html\" target=\"_blank\" rel=\"noopener nofollow\">ASTM D3198<\/a>: Standartinis bandymo metodas, taikomas sukimo momentui, reikalingam stiklini\u0173 talpykl\u0173 u\u017edarymui ir atidarymui, nustatyti<\/h3>\n<p><a href=\"https:\/\/www.qualitester.com\/lt\/produkto-kategorija-2\/astm\/astm-d3198\/\" target=\"_blank\" rel=\"noopener\"><strong>ASTM D3198<\/strong><\/a> apibr\u0117\u017eia sukimo momento matavim\u0105, reikaling\u0105 stiklini\u0173 talpykl\u0173 u\u017edarymo \u012ftaisams atidaryti ir u\u017edaryti. Kadangi stiklas teb\u0117ra \u012fprasta pakavimo med\u017eiaga, ypa\u010d maisto ir g\u0117rim\u0173 sektoriuose, tinkamas u\u017edarymo momentas yra labai svarbus siekiant u\u017etikrinti produkto vientisum\u0105 j\u012f tvarkant, transportuojant ir vartojant. . <strong>Dangtelio sukimo momento testeris<\/strong> pagal ASTM D3198 standart\u0105 tiksliai nuskaito sukimo moment\u0105 ir u\u017etikrina, kad stiklin\u0117s talpyklos atitikt\u0173 reikalaujamus eksploatacini\u0173 savybi\u0173 standartus.<\/p>\n<h3><a href=\"https:\/\/www.astm.org\/d3474-90r18.html\" target=\"_blank\" rel=\"noopener nofollow\">ASTM D3474<\/a>: Standartinis bandymo metodas, kuriuo nustatomas u\u017erakt\u0173 atidarymo momentas ir j\u0117ga<\/h3>\n<p><a href=\"https:\/\/www.qualitester.com\/lt\/produkto-kategorija-2\/astm\/astm-d3474\/\" target=\"_blank\" rel=\"noopener\"><strong>ASTM D3474<\/strong><\/a> nurodoma u\u017edarymo momentui ir j\u0117gai, reikalingai u\u017edarymo \u012ftaisams atidaryti, ypa\u010d skys\u010di\u0173 talpykloms, matuoti reikalinga proced\u016bra. \u0160is standartas svarbus siekiant u\u017etikrinti, kad pakuot\u0119 b\u016bt\u0173 ne tik lengva atidaryti, bet ir ji b\u016bt\u0173 pakankamai saugi, kad apsaugot\u0173 joje esant\u012f produkt\u0105. . <strong>Dangtelio sukimo momento testeris<\/strong> yra \u012frengta atlikti ir sukimo momento, ir j\u0117gos matavimus pagal ASTM D3474 standart\u0105, tod\u0117l teikia svarbius duomenis, reikalingus pakuo\u010di\u0173 kokyb\u0117s kontrolei.<\/p>\n<h2>Pagrindin\u0117s dangtelio sukimo momento matuoklio savyb\u0117s<\/h2>\n<ul>\n<li><strong>Tikslus matavimas<\/strong>: \u0160is testeris u\u017etikrina tiksl\u0173 atidarymo ir fiksavimo j\u0117g\u0173 matavim\u0105, kuris yra labai svarbus nustatant buteli\u0173 kam\u0161teli\u0173 ir u\u017edarymo \u012ftais\u0173 eksploatacines savybes.<\/li>\n<li><strong>Stabilus ir patikimas<\/strong>: Dangteli\u0173 sukimo momento testeris, \u017einomas d\u0117l savo pramoninio lygio stabilumo, u\u017etikrina pasikartojan\u010dius ir patikimus bandym\u0173 rezultatus, net ir esant skirtingiems dangteli\u0173 dyd\u017eiams.<\/li>\n<li><strong>Keli matavimo vienetai<\/strong>: Rodykite sukimo momento rezultatus \u012fvairiais vienetais, \u012fskaitant Kgf.cm, N.cm, daN.cm, Inch.lbs ir N.m, kad atitikt\u0173 tarptautinius bandym\u0173 standartus ir pageidavimus.<\/li>\n<li><strong>Patogi vartotojui s\u0105saja<\/strong>: D\u0117l intuityvios HMI jutiklinio ekrano s\u0105sajos valdymas yra paprastas ir efektyvus, o pasirenkamas mikrospausdintuvas leid\u017eia lengvai registruoti duomenis ir rengti dokumentus.<\/li>\n<li><strong>Apsauga nuo perkrovos<\/strong>: Testeryje \u012frengta apsauga nuo perkrovos, kuri apsaugo \u012frang\u0105 ir operatori\u0173 nuo per didel\u0117s j\u0117gos bandymo metu.<\/li>\n<li><strong>I\u0161pl\u0117stas gnybt\u0173 diapazonas<\/strong>: Galima naudoti \u012fvairi\u0173 dyd\u017ei\u0173 pakuotes, kuri\u0173 spaustuk\u0173 diapazonas yra nuo \u03a65 mm iki \u03a6170 mm, tod\u0117l j\u012f galima pritaikyti \u012fvairi\u0173 tip\u0173 buteliams.<\/li>\n<li><strong>RS232 ir programin\u0117s \u012frangos integracija<\/strong>: \u012erengtas RS232 prievadas duomenims perduoti ir pasirinktinai integruota profesionali programin\u0117 \u012franga pa\u017eangiai analizei ir ataskait\u0173 rengimui.<\/li>\n<\/ul>\n<h2>Bandymo procesas: Kaip veikia dangtelio sukimo momento testeris<\/h2>\n<ol>\n<li><strong>Pavyzd\u017eio s\u0105ranka<\/strong>: Buteliuko dangtel\u012f \u012fstatykite \u012f fiksuot\u0105 testerio spaustuk\u0105.<\/li>\n<li><strong>Rankinis valdymas<\/strong>: Naudotojas rankiniu b\u016bdu atidaro arba u\u017erakina dangtel\u012f, naudodamas j\u0117g\u0105 matuoja sukimo momento vertes.<\/li>\n<li><strong>Sukimo momento matavimas<\/strong>: Prie spaustuvo prijungtas jutiklis fiksuoja sukimo moment\u0105 ir matuoja j\u0117g\u0105, reikaling\u0105 dangteliui atidaryti ir u\u017edaryti.<\/li>\n<li><strong>Duomen\u0173 \u012fra\u0161ymas<\/strong>: Testeris automati\u0161kai i\u0161saugo did\u017eiausias vertes ir rodo jas jutikliniame ekrane, kad b\u016bt\u0173 lengva jas interpretuoti ir analizuoti.<\/li>\n<\/ol>\n<h2>Kod\u0117l verta rinktis dangtelio sukimo momento tester\u012f?<\/h2>\n<ol>\n<li><strong>Tikslumas ir precizi\u0161kumas<\/strong>: U\u017etikrina labai tikslius rodmenis, kurie b\u016btini dangteli\u0173 konstrukcij\u0173 kokyb\u0117s kontrolei ir veikimo patvirtinimui.<\/li>\n<li><strong>Atitiktis pagrindiniams pramon\u0117s standartams<\/strong>: Atitinka pagrindinius bandym\u0173 standartus, tokius kaip ASTM D2063, ASTM D3198 ir ASTM D3474, u\u017etikrinan\u010dius atitikt\u012f teis\u0117s akt\u0173 reikalavimams tokiose pramon\u0117s \u0161akose kaip farmacija ir maisto produkt\u0173 pakavimas.<\/li>\n<li><strong>Universalus \u012fvairi\u0173 tip\u0173 pakuo\u010di\u0173 naudojimas<\/strong>: Idealiai tinka \u012fvairiems u\u017edarymo \u012ftaisams, \u012fskaitant PET butelius, vaist\u0173 buteliukus, mai\u0161elius su snapeliu ir lanks\u010di\u0173 vamzdeli\u0173 pakuotes, bandyti.<\/li>\n<li><strong>Efektyvus ir patvarus<\/strong>: Sukurtas didelio na\u0161umo bandymams su integruota apsauga nuo perkrovos, duomen\u0173 i\u0161saugojimu ir intuityvia naudotojo s\u0105saja, kuri pagerina bandym\u0173 efektyvum\u0105.<\/li>\n<\/ol>\n<p>Svetain\u0117 <strong>Dangtelio sukimo momento testeris<\/strong> yra labai svarbi priemon\u0117 \u012fvairi\u0173 pramon\u0117s \u0161ak\u0173 gamintojams, \u012fskaitant farmacijos, maisto ir g\u0117rim\u0173 bei plataus vartojimo preki\u0173 gamyb\u0105. Atliekant tikslius sukimo momento matavimus ir u\u017etikrinant atitikt\u012f pagrindiniams standartams, pvz. <strong>ASTM D2063<\/strong>, <strong>ASTM D3198<\/strong>, ir <strong>ASTM D3474<\/strong>, \u0161is testeris u\u017etikrina pakuo\u010di\u0173 saugum\u0105, funkcionalum\u0105 ir patogum\u0105 naudoti. D\u0117l savo universalios konstrukcijos, patikimumo ir didelio tikslumo dangteli\u0173 sukimo momento testeris padeda gamintojams optimizuoti gamybos procesus, pagerinti kokyb\u0117s kontrol\u0119 ir atitikti auk\u0161\u010diausius pramon\u0117s standartus.<\/p>","protected":false},"excerpt":{"rendered":"<p>Dangteli\u0173 sukimo momento bandymas yra labai svarbus siekiant u\u017etikrinti, kad buteli\u0173, talpykl\u0173 ir kit\u0173 pakuo\u010di\u0173 dangteliai b\u016bt\u0173 tinkamai suprojektuoti saugiam ir veiksmingam naudojimui. Nesvarbu, ar tai farmacijos, maisto, g\u0117rim\u0173, ar plataus vartojimo preki\u0173 pakuot\u0117, dangteliams atidaryti ir u\u017edaryti reikalingas sukimo momentas turi tiesiogin\u0117s \u012ftakos vartotoj\u0173 patogumui ir produkt\u0173 saugai. . <strong>Dangtelio sukimo momento testeris<\/strong> suteikia gamintojams tikslius matavimus, b\u016btinus norint laikytis reguliavimo standart\u0173 ir pagerinti pakuo\u010di\u0173 funkcionalum\u0105.<\/p>","protected":false},"featured_media":6027,"comment_status":"closed","ping_status":"closed","template":"","meta":{"site-sidebar-layout":"default","site-content-layout":"default","ast-global-header-display":"","ast-main-header-display":"","ast-hfb-above-header-display":"","ast-hfb-below-header-display":"","ast-hfb-mobile-header-display":"","site-post-title":"disabled","ast-breadcrumbs-content":"","ast-featured-img":"disabled","footer-sml-layout":"","theme-transparent-header-meta":"default","adv-header-id-meta":"","stick-header-meta":"","header-above-stick-meta":"","header-main-stick-meta":"","header-below-stick-meta":""},"product_cat":[845,687,17,124,125,128,95],"product_tag":[],"class_list":{"0":"post-1827","1":"product","2":"type-product","3":"status-publish","4":"has-post-thumbnail","6":"product_cat-customization","7":"product_cat-torque-tester","8":"product_cat-package-container-testers","9":"product_cat-astm-d2063","10":"product_cat-astm-d3198","11":"product_cat-astm-d3474","12":"product_cat-products","13":"desktop-align-left","14":"tablet-align-left","15":"mobile-align-left","17":"first","18":"instock","19":"shipping-taxable","20":"product-type-simple"},"_links":{"self":[{"href":"https:\/\/www.qualitester.com\/lt\/wp-json\/wp\/v2\/product\/1827","targetHints":{"allow":["GET"]}}],"collection":[{"href":"https:\/\/www.qualitester.com\/lt\/wp-json\/wp\/v2\/product"}],"about":[{"href":"https:\/\/www.qualitester.com\/lt\/wp-json\/wp\/v2\/types\/product"}],"replies":[{"embeddable":true,"href":"https:\/\/www.qualitester.com\/lt\/wp-json\/wp\/v2\/comments?post=1827"}],"version-history":[{"count":0,"href":"https:\/\/www.qualitester.com\/lt\/wp-json\/wp\/v2\/product\/1827\/revisions"}],"wp:featuredmedia":[{"embeddable":true,"href":"https:\/\/www.qualitester.com\/lt\/wp-json\/wp\/v2\/media\/6027"}],"wp:attachment":[{"href":"https:\/\/www.qualitester.com\/lt\/wp-json\/wp\/v2\/media?parent=1827"}],"wp:term":[{"taxonomy":"product_cat","embeddable":true,"href":"https:\/\/www.qualitester.com\/lt\/wp-json\/wp\/v2\/product_cat?post=1827"},{"taxonomy":"product_tag","embeddable":true,"href":"https:\/\/www.qualitester.com\/lt\/wp-json\/wp\/v2\/product_tag?post=1827"}],"curies":[{"name":"wp","href":"https:\/\/api.w.org\/{rel}","templated":true}]}}